{"id":392134,"date":"2024-10-08T10:18:55","date_gmt":"2024-10-08T08:18:55","guid":{"rendered":"https:\/\/gr-100.com\/?post_type=product&#038;p=392134"},"modified":"2025-11-27T11:09:00","modified_gmt":"2025-11-27T09:09:00","slug":"specialized-chisel-ht-base","status":"publish","type":"product","link":"https:\/\/gr-100.com\/pt-pt\/producto\/specialized-chisel-ht-base\/","title":{"rendered":"Specialized Chisel HT Base"},"content":{"rendered":"<p>Na verdade, ele compartilha muitas das mesmas caracter\u00edsticas modernas de seu irm\u00e3o Epic Hardtail, mas em um pacote mais acess\u00edvel, tornando-o o hardtail de liga mais eficiente e capaz que existe.<br \/>\nO Chisel vem com o trem de for\u00e7a SRAM SX Eagle 1&#215;12 e freios a disco hidr\u00e1ulicos N\u00edvel T, um garfo RockShox Judy Silver e rodas de liga leve de 27 mm de largura interna com pneus 2.35 Fast Track Control.<br \/>\nPerguntamo-nos: &#8220;Como podemos levar o desempenho profissional a um pre\u00e7o que mais pilotos possam pagar?&#8221; A resposta \u00e9 D&#8217;Aluisio Smartweld Technology. Smartweld nos permite criar as soldas mais consistentes e fortes poss\u00edveis, aproveitando ao m\u00e1ximo os tubos de liga hidroformados e flex\u00edveis. O resultado? Um dos quadros hardtail de liga mais leve, com 1.350g, que tamb\u00e9m apresenta rigidez.<br \/>\nO Chisel tamb\u00e9m inclui todos os recursos modernos que voc\u00ea esperaria de uma moto XC, como Geometria XC Progressiva com um \u00e2ngulo de tubo de cabe\u00e7a de 68 graus e maior alcance, roteamento de cabos internos, um suporte inferior roscado, espa\u00e7amento de impulso, suporte de espig\u00e3o de assento de 30,9 mm e transmiss\u00f5es apenas de 1x.    <\/p>\n<p>Especifica\u00e7\u00f5es<\/p>\n<ul>\n<li>ABRA\u00c7O. Specialized SADDLE,<br \/>\n 34.9mm <\/li>\n<li>FRAME<br \/>\nSpecialized D&#8217;Aluisio Smartweld M5 Alloy, Tubos hidroformados, Geometria XC progressiva, roteamento de cabos internos, BSA BB, espa\u00e7amento 12x148mm, conta-gotas de 30,9mm p\u00f3s-compat\u00edvel<\/li>\n<li>RockShox Judy Silver FORK<br \/>\n, amortecedor TurnKey, Solo Air, 42mm offset, 15x110mm thru-axle, 100mm de curso (XS &#8211; 80mm de curso)<\/li>\n<li>SRAM DIANTEIRO<br \/>\n N\u00edvel T, disco hidr\u00e1ulico, rotor de linha central de 160mm\/180mm<\/li>\n<li>Freio<br \/>\n traseiro SRAM N\u00edvel T, disco hidr\u00e1ulico, rotorSRAM de linha central de 160 mm<\/li>\n<li>SRAM PG-1210 \u00c1guia CASSETTE,<br \/>\n 11-50tSRAM<\/li>\n<li>SRAM Powerspline SUPORTE<br \/>\nSRAM INFERIOR<\/li>\n<li>SRAM Eagle, DERAILLEUR<br \/>\n de 12 velocidades<\/li>\n<li>Suporte inferior<br \/>\n SRAM Eagle, Powerspline<\/li>\n<li>SRAM Eagle, gatilho, alavancas de c\u00e2mbio de<br \/>\n 12 velocidades<\/li>\n<li>SRAM CHAIN<br \/>\n, SX Eagle, 12 velocidades<\/li>\n<li>CUBO TRASEIRO<br \/>\nLiga, rolamentos de cartucho selados, eixo thru 12x148mm, 32h<\/li>\n<li>Specialized, sem gancho, pronta para tubo, largura interna de<br \/>\n 25mm<\/li>\n<li>PNEU TRASEIRO<br \/>\nSpecialized Trak, Caixa de controle, Composto T5, 29&#215;2.35<\/li>\n<li>PNEU.<br \/>\nSpecialized Trak r\u00e1pido, caixa de controle, composto T7, 29&#215;2.35<\/li>\n<li>CUBO DIANTEIRO<br \/>\n Disco de cubo dianteiroSpecialized rolamentos de mingau selados, 6 parafusos, eixo thru de 15x110mm, 32h<\/li>\n<li>raios inoxid\u00e1veis,<br \/>\n 14g<\/li>\n<li>C\u00c2MERAS<br \/>\nStandard, v\u00e1lvula Presta<\/li>\n<li>Espig\u00e3o<br \/>\n de liga leve, bra\u00e7adeira de 2 parafusos, 30,9 mm<\/li>\n<li>Body Geometry Power Sport SADDLE,<br \/>\n calhas de a\u00e7o<\/li>\n<li>\nSpecialized Alloy XC, liga de ponta dupla, varredura traseira de 8 graus, upsweep de 6 graus, eleva\u00e7\u00e3o de 10 mm, 31,8 mm<\/li>\n<li>\nSpecialized<\/li>\n<li>STEM<br \/>\nSpecialized, liga forjada em 3D, 4 parafusos, eleva\u00e7\u00e3o de 7 graus<\/li>\n<li>Peso<br \/>\nDINAMO<br \/>\n12.5kg (27 lb, 8.9 oz)<\/li>\n<\/ul>\n","protected":false},"excerpt":{"rendered":"<p>O Chisel foi projetado especificamente para enfrentar trilhas de cross-country modernas e circuitos de corrida com velocidade m\u00e1xima.<\/p>\n","protected":false},"featured_media":392173,"comment_status":"closed","ping_status":"closed","template":"","meta":{"_acf_changed":false,"_et_pb_use_builder":"","_et_pb_old_content":"","_et_gb_content_width":"","inline_featured_image":false},"product_brand":[],"product_cat":[2459,402],"product_tag":[],"class_list":{"0":"post-392134","1":"product","2":"type-product","3":"status-publish","4":"has-post-thumbnail","6":"product_cat-bicicletas-pt-pt-2","7":"product_cat-montanha","8":"product_shipping_class-bicicletas-pt-pt","10":"first","11":"outofstock","12":"taxable","13":"shipping-taxable","14":"product-type-variable","15":"wvs-archive-product-wrapper"},"acf":[],"yoast_head":"<!-- This site is optimized with the Yoast SEO Premium plugin v26.7 (Yoast SEO v26.7) - https:\/\/yoast.com\/wordpress\/plugins\/seo\/ -->\n<title>Specialized Chisel HT Base GR-100 Bicicletas<\/title>\n<meta name=\"description\" content=\"Specialized D&#039;Aluisio Smartweld M5 Alloy. RockShox Judy Silver. SRAM SX \u00c1guia 12. SRAM N\u00edvel T.\" \/>\n<meta name=\"robots\" content=\"index, follow, max-snippet:-1, max-image-preview:large, max-video-preview:-1\" \/>\n<link rel=\"canonical\" href=\"https:\/\/gr-100.com\/pt-pt\/producto\/specialized-chisel-ht-base\/\" \/>\n<meta property=\"og:locale\" content=\"pt_PT\" \/>\n<meta property=\"og:type\" content=\"article\" \/>\n<meta property=\"og:title\" content=\"Specialized Chisel HT Base\" \/>\n<meta property=\"og:description\" content=\"Specialized D&#039;Aluisio Smartweld M5 Alloy. RockShox Judy Silver. SRAM SX \u00c1guia 12. SRAM N\u00edvel T.\" \/>\n<meta property=\"og:url\" content=\"https:\/\/gr-100.com\/pt-pt\/producto\/specialized-chisel-ht-base\/\" \/>\n<meta property=\"og:site_name\" content=\"Gr-100 Tienda de ciclismo Specialized\" \/>\n<meta property=\"article:publisher\" content=\"https:\/\/www.facebook.com\/Gr100Bikes\" \/>\n<meta property=\"article:modified_time\" content=\"2025-11-27T09:09:00+00:00\" \/>\n<meta property=\"og:image\" content=\"https:\/\/gr-100.com\/wp-content\/uploads\/2024\/10\/specialized-chisel-HT-2023.jpg\" \/>\n\t<meta property=\"og:image:width\" content=\"1000\" \/>\n\t<meta property=\"og:image:height\" content=\"1000\" \/>\n\t<meta property=\"og:image:type\" content=\"image\/jpeg\" \/>\n<meta name=\"twitter:card\" content=\"summary_large_image\" \/>\n<meta name=\"twitter:label1\" content=\"Tempo estimado de leitura\" \/>\n\t<meta name=\"twitter:data1\" content=\"3 minutos\" \/>\n<script type=\"application\/ld+json\" class=\"yoast-schema-graph\">{\"@context\":\"https:\/\/schema.org\",\"@graph\":[{\"@type\":\"WebPage\",\"@id\":\"https:\/\/gr-100.com\/pt-pt\/producto\/specialized-chisel-ht-base\/\",\"url\":\"https:\/\/gr-100.com\/pt-pt\/producto\/specialized-chisel-ht-base\/\",\"name\":\"Specialized Chisel HT Base GR-100 Bicicletas\",\"isPartOf\":{\"@id\":\"https:\/\/gr-100.com\/#website\"},\"primaryImageOfPage\":{\"@id\":\"https:\/\/gr-100.com\/pt-pt\/producto\/specialized-chisel-ht-base\/#primaryimage\"},\"image\":{\"@id\":\"https:\/\/gr-100.com\/pt-pt\/producto\/specialized-chisel-ht-base\/#primaryimage\"},\"thumbnailUrl\":\"https:\/\/gr-100.com\/wp-content\/uploads\/2024\/10\/specialized-chisel-HT-2023.jpg\",\"datePublished\":\"2024-10-08T08:18:55+00:00\",\"dateModified\":\"2025-11-27T09:09:00+00:00\",\"description\":\"Specialized D'Aluisio Smartweld M5 Alloy. RockShox Judy Silver. SRAM SX \u00c1guia 12. SRAM N\u00edvel T.\",\"breadcrumb\":{\"@id\":\"https:\/\/gr-100.com\/pt-pt\/producto\/specialized-chisel-ht-base\/#breadcrumb\"},\"inLanguage\":\"pt-PT\",\"potentialAction\":[{\"@type\":\"ReadAction\",\"target\":[\"https:\/\/gr-100.com\/pt-pt\/producto\/specialized-chisel-ht-base\/\"]}]},{\"@type\":\"ImageObject\",\"inLanguage\":\"pt-PT\",\"@id\":\"https:\/\/gr-100.com\/pt-pt\/producto\/specialized-chisel-ht-base\/#primaryimage\",\"url\":\"https:\/\/gr-100.com\/wp-content\/uploads\/2024\/10\/specialized-chisel-HT-2023.jpg\",\"contentUrl\":\"https:\/\/gr-100.com\/wp-content\/uploads\/2024\/10\/specialized-chisel-HT-2023.jpg\",\"width\":1000,\"height\":1000},{\"@type\":\"BreadcrumbList\",\"@id\":\"https:\/\/gr-100.com\/pt-pt\/producto\/specialized-chisel-ht-base\/#breadcrumb\",\"itemListElement\":[{\"@type\":\"ListItem\",\"position\":1,\"name\":\"Portada\",\"item\":\"https:\/\/gr-100.com\/en\/\"},{\"@type\":\"ListItem\",\"position\":2,\"name\":\"Productos\",\"item\":\"https:\/\/gr-100.com\/?post_type=product\"},{\"@type\":\"ListItem\",\"position\":3,\"name\":\"Specialized Chisel HT Base\"}]},{\"@type\":\"WebSite\",\"@id\":\"https:\/\/gr-100.com\/#website\",\"url\":\"https:\/\/gr-100.com\/\",\"name\":\"Gr-100 Tienda de ciclismo Specialized\",\"description\":\"GR-100 tenemos todas las gamas de bicicletas Specialized al mejor precio.\",\"publisher\":{\"@id\":\"https:\/\/gr-100.com\/#organization\"},\"alternateName\":\"Gr-100 Bikes\",\"potentialAction\":[{\"@type\":\"SearchAction\",\"target\":{\"@type\":\"EntryPoint\",\"urlTemplate\":\"https:\/\/gr-100.com\/?s={search_term_string}\"},\"query-input\":{\"@type\":\"PropertyValueSpecification\",\"valueRequired\":true,\"valueName\":\"search_term_string\"}}],\"inLanguage\":\"pt-PT\"},{\"@type\":\"Organization\",\"@id\":\"https:\/\/gr-100.com\/#organization\",\"name\":\"Gr-100\",\"url\":\"https:\/\/gr-100.com\/\",\"logo\":{\"@type\":\"ImageObject\",\"inLanguage\":\"pt-PT\",\"@id\":\"https:\/\/gr-100.com\/#\/schema\/logo\/image\/\",\"url\":\"https:\/\/gr-100.com\/wp-content\/uploads\/2023\/08\/logo-gr-100-bikes.png\",\"contentUrl\":\"https:\/\/gr-100.com\/wp-content\/uploads\/2023\/08\/logo-gr-100-bikes.png\",\"width\":707,\"height\":284,\"caption\":\"Gr-100\"},\"image\":{\"@id\":\"https:\/\/gr-100.com\/#\/schema\/logo\/image\/\"},\"sameAs\":[\"https:\/\/www.facebook.com\/Gr100Bikes\",\"https:\/\/www.instagram.com\/gr100bikes\/\",\"https:\/\/www.tiktok.com\/@gr100bikes\",\"https:\/\/twitter.com\/gr100mtbteam\",\"https:\/\/www.youtube.com\/c\/GR100Specialized\"]}]}<\/script>\n<!-- \/ Yoast SEO Premium plugin. -->","yoast_head_json":{"title":"Specialized Chisel HT Base GR-100 Bicicletas","description":"Specialized D'Aluisio Smartweld M5 Alloy. RockShox Judy Silver. SRAM SX \u00c1guia 12. SRAM N\u00edvel T.","robots":{"index":"index","follow":"follow","max-snippet":"max-snippet:-1","max-image-preview":"max-image-preview:large","max-video-preview":"max-video-preview:-1"},"canonical":"https:\/\/gr-100.com\/pt-pt\/producto\/specialized-chisel-ht-base\/","og_locale":"pt_PT","og_type":"article","og_title":"Specialized Chisel HT Base","og_description":"Specialized D'Aluisio Smartweld M5 Alloy. RockShox Judy Silver. SRAM SX \u00c1guia 12. SRAM N\u00edvel T.","og_url":"https:\/\/gr-100.com\/pt-pt\/producto\/specialized-chisel-ht-base\/","og_site_name":"Gr-100 Tienda de ciclismo Specialized","article_publisher":"https:\/\/www.facebook.com\/Gr100Bikes","article_modified_time":"2025-11-27T09:09:00+00:00","og_image":[{"width":1000,"height":1000,"url":"https:\/\/gr-100.com\/wp-content\/uploads\/2024\/10\/specialized-chisel-HT-2023.jpg","type":"image\/jpeg"}],"twitter_card":"summary_large_image","twitter_misc":{"Tempo estimado de leitura":"3 minutos"},"schema":{"@context":"https:\/\/schema.org","@graph":[{"@type":"WebPage","@id":"https:\/\/gr-100.com\/pt-pt\/producto\/specialized-chisel-ht-base\/","url":"https:\/\/gr-100.com\/pt-pt\/producto\/specialized-chisel-ht-base\/","name":"Specialized Chisel HT Base GR-100 Bicicletas","isPartOf":{"@id":"https:\/\/gr-100.com\/#website"},"primaryImageOfPage":{"@id":"https:\/\/gr-100.com\/pt-pt\/producto\/specialized-chisel-ht-base\/#primaryimage"},"image":{"@id":"https:\/\/gr-100.com\/pt-pt\/producto\/specialized-chisel-ht-base\/#primaryimage"},"thumbnailUrl":"https:\/\/gr-100.com\/wp-content\/uploads\/2024\/10\/specialized-chisel-HT-2023.jpg","datePublished":"2024-10-08T08:18:55+00:00","dateModified":"2025-11-27T09:09:00+00:00","description":"Specialized D'Aluisio Smartweld M5 Alloy. RockShox Judy Silver. SRAM SX \u00c1guia 12. SRAM N\u00edvel T.","breadcrumb":{"@id":"https:\/\/gr-100.com\/pt-pt\/producto\/specialized-chisel-ht-base\/#breadcrumb"},"inLanguage":"pt-PT","potentialAction":[{"@type":"ReadAction","target":["https:\/\/gr-100.com\/pt-pt\/producto\/specialized-chisel-ht-base\/"]}]},{"@type":"ImageObject","inLanguage":"pt-PT","@id":"https:\/\/gr-100.com\/pt-pt\/producto\/specialized-chisel-ht-base\/#primaryimage","url":"https:\/\/gr-100.com\/wp-content\/uploads\/2024\/10\/specialized-chisel-HT-2023.jpg","contentUrl":"https:\/\/gr-100.com\/wp-content\/uploads\/2024\/10\/specialized-chisel-HT-2023.jpg","width":1000,"height":1000},{"@type":"BreadcrumbList","@id":"https:\/\/gr-100.com\/pt-pt\/producto\/specialized-chisel-ht-base\/#breadcrumb","itemListElement":[{"@type":"ListItem","position":1,"name":"Portada","item":"https:\/\/gr-100.com\/en\/"},{"@type":"ListItem","position":2,"name":"Productos","item":"https:\/\/gr-100.com\/?post_type=product"},{"@type":"ListItem","position":3,"name":"Specialized Chisel HT Base"}]},{"@type":"WebSite","@id":"https:\/\/gr-100.com\/#website","url":"https:\/\/gr-100.com\/","name":"Gr-100 Tienda de ciclismo Specialized","description":"GR-100 tenemos todas las gamas de bicicletas Specialized al mejor precio.","publisher":{"@id":"https:\/\/gr-100.com\/#organization"},"alternateName":"Gr-100 Bikes","potentialAction":[{"@type":"SearchAction","target":{"@type":"EntryPoint","urlTemplate":"https:\/\/gr-100.com\/?s={search_term_string}"},"query-input":{"@type":"PropertyValueSpecification","valueRequired":true,"valueName":"search_term_string"}}],"inLanguage":"pt-PT"},{"@type":"Organization","@id":"https:\/\/gr-100.com\/#organization","name":"Gr-100","url":"https:\/\/gr-100.com\/","logo":{"@type":"ImageObject","inLanguage":"pt-PT","@id":"https:\/\/gr-100.com\/#\/schema\/logo\/image\/","url":"https:\/\/gr-100.com\/wp-content\/uploads\/2023\/08\/logo-gr-100-bikes.png","contentUrl":"https:\/\/gr-100.com\/wp-content\/uploads\/2023\/08\/logo-gr-100-bikes.png","width":707,"height":284,"caption":"Gr-100"},"image":{"@id":"https:\/\/gr-100.com\/#\/schema\/logo\/image\/"},"sameAs":["https:\/\/www.facebook.com\/Gr100Bikes","https:\/\/www.instagram.com\/gr100bikes\/","https:\/\/www.tiktok.com\/@gr100bikes","https:\/\/twitter.com\/gr100mtbteam","https:\/\/www.youtube.com\/c\/GR100Specialized"]}]}},"_links":{"self":[{"href":"https:\/\/gr-100.com\/pt-pt\/wp-json\/wp\/v2\/product\/392134","targetHints":{"allow":["GET"]}}],"collection":[{"href":"https:\/\/gr-100.com\/pt-pt\/wp-json\/wp\/v2\/product"}],"about":[{"href":"https:\/\/gr-100.com\/pt-pt\/wp-json\/wp\/v2\/types\/product"}],"replies":[{"embeddable":true,"href":"https:\/\/gr-100.com\/pt-pt\/wp-json\/wp\/v2\/comments?post=392134"}],"wp:featuredmedia":[{"embeddable":true,"href":"https:\/\/gr-100.com\/pt-pt\/wp-json\/wp\/v2\/media\/392173"}],"wp:attachment":[{"href":"https:\/\/gr-100.com\/pt-pt\/wp-json\/wp\/v2\/media?parent=392134"}],"wp:term":[{"taxonomy":"product_brand","embeddable":true,"href":"https:\/\/gr-100.com\/pt-pt\/wp-json\/wp\/v2\/product_brand?post=392134"},{"taxonomy":"product_cat","embeddable":true,"href":"https:\/\/gr-100.com\/pt-pt\/wp-json\/wp\/v2\/product_cat?post=392134"},{"taxonomy":"product_tag","embeddable":true,"href":"https:\/\/gr-100.com\/pt-pt\/wp-json\/wp\/v2\/product_tag?post=392134"}],"curies":[{"name":"wp","href":"https:\/\/api.w.org\/{rel}","templated":true}]}}