{"id":393126,"date":"2024-10-22T11:45:02","date_gmt":"2024-10-22T11:45:02","guid":{"rendered":"https:\/\/gr-100.com\/?post_type=product&#038;p=393126"},"modified":"2026-04-22T10:42:17","modified_gmt":"2026-04-22T08:42:17","slug":"specialized-guantes-largos-body-geometry-sport-gel","status":"publish","type":"product","link":"https:\/\/gr-100.com\/pt-pt\/producto\/specialized-guantes-largos-body-geometry-sport-gel\/","title":{"rendered":"Specialized Guantes largos Body Geometry Sport Gel"},"content":{"rendered":"<ul>\n<li>La palma de ante sint\u00e9tico est\u00e1 hecha de una microfibra delgada para combinar durabilidad con un agarre y comodidad excepcionales.<\/li>\n<li>El acolchado Body Geometry Sport Gel utiliza acolchado de gel y espuma en \u00e1reas de contacto clave para amortiguar las vibraciones y proporcionar una comodidad excepcional.<\/li>\n<li>El pulgar Microwipe \u2122 suave y absorbente elimina el sudor con facilidad.<\/li>\n<li>El cierre de mu\u00f1eca contorneado de Velcro\u00ae aumenta la comodidad y la capacidad de ajuste, al tiempo que hace que sea m\u00e1s f\u00e1cil quitarse y ponerse los guantes.<\/li>\n<li>Contenido del tejido: PRINCIPAL: 90% poli\u00e9ster, 10% elastano &#8211; PALMA: 57% nailon, 40% PU, 3% carbono<\/li>\n<\/ul>\n","protected":false},"excerpt":{"rendered":"<p>C\u00f3modos, econ\u00f3micos y enfocados en el rendimiento, los guantes de dedos largos Body Geometry Sport son la primera opci\u00f3n para los ciclistas m\u00e1s enfocados en la comodidad y en pasar un buen rato que en establecer r\u00e9cords en cada viaje. Cuentan con almohadillas de gel estrat\u00e9gicamente ubicadas en toda la palma, con acolchado de espuma adicional en las \u00e1reas de contacto clave. Esta combinaci\u00f3n garantiza que experimentar\u00e1 una fatiga m\u00ednima de la mano debido a la vibraci\u00f3n, por lo que obtendr\u00e1 m\u00e1s comodidad y menos dolor. Y, por \u00faltimo, el uso del tel\u00e9fono no es un problema, ya que las yemas de los dedos est\u00e1n dise\u00f1adas para ser compatibles con pantallas t\u00e1ctiles.<\/p>\n","protected":false},"featured_media":393562,"comment_status":"open","ping_status":"closed","template":"","meta":{"_acf_changed":false,"_et_pb_use_builder":"","_et_pb_old_content":"","_et_gb_content_width":"","inline_featured_image":false},"product_brand":[],"product_cat":[50,52],"product_tag":[],"class_list":{"0":"post-393126","1":"product","2":"type-product","3":"status-publish","4":"has-post-thumbnail","6":"product_cat-equipaciones","7":"product_cat-guantes","9":"first","10":"instock","11":"taxable","12":"shipping-taxable","13":"purchasable","14":"product-type-variable","15":"wvs-archive-product-wrapper"},"acf":[],"yoast_head":"<!-- This site is optimized with the Yoast SEO Premium plugin v26.7 (Yoast SEO v26.7) - https:\/\/yoast.com\/wordpress\/plugins\/seo\/ -->\n<title>Specialized Guantes largos Body Geometry Sport Gel GR-100<\/title>\n<meta name=\"description\" content=\"C\u00f3modos, econ\u00f3micos enfocados en el rendimiento, los guantes largos Body Geometry Sport son la primera opci\u00f3n para ciclistas enfocados en la comodidad y en pasar un buen rato\" \/>\n<meta name=\"robots\" content=\"index, follow, max-snippet:-1, max-image-preview:large, max-video-preview:-1\" \/>\n<link rel=\"canonical\" href=\"https:\/\/gr-100.com\/producto\/specialized-guantes-largos-body-geometry-sport-gel\/\" \/>\n<meta property=\"og:locale\" content=\"pt_PT\" \/>\n<meta property=\"og:type\" content=\"article\" \/>\n<meta property=\"og:title\" content=\"Specialized Guantes largos Body Geometry Sport Gel\" \/>\n<meta property=\"og:description\" content=\"C\u00f3modos, econ\u00f3micos enfocados en el rendimiento, los guantes largos Body Geometry Sport son la primera opci\u00f3n para ciclistas enfocados en la comodidad y en pasar un buen rato\" \/>\n<meta property=\"og:url\" content=\"https:\/\/gr-100.com\/producto\/specialized-guantes-largos-body-geometry-sport-gel\/\" \/>\n<meta property=\"og:site_name\" content=\"Gr-100 Tienda de ciclismo Specialized\" \/>\n<meta property=\"article:publisher\" content=\"https:\/\/www.facebook.com\/Gr100Bikes\" \/>\n<meta property=\"article:modified_time\" content=\"2026-04-22T08:42:17+00:00\" \/>\n<meta property=\"og:image\" content=\"https:\/\/gr-100.com\/wp-content\/uploads\/2024\/10\/Screenshot-of-Guantes-de-de.jpg\" \/>\n\t<meta property=\"og:image:width\" content=\"1000\" \/>\n\t<meta property=\"og:image:height\" content=\"1000\" \/>\n\t<meta property=\"og:image:type\" content=\"image\/jpeg\" \/>\n<meta name=\"twitter:card\" content=\"summary_large_image\" \/>\n<meta name=\"twitter:label1\" content=\"Tempo estimado de leitura\" \/>\n\t<meta name=\"twitter:data1\" content=\"1 minuto\" \/>\n<script type=\"application\/ld+json\" class=\"yoast-schema-graph\">{\"@context\":\"https:\/\/schema.org\",\"@graph\":[{\"@type\":\"WebPage\",\"@id\":\"https:\/\/gr-100.com\/producto\/specialized-guantes-largos-body-geometry-sport-gel\/\",\"url\":\"https:\/\/gr-100.com\/producto\/specialized-guantes-largos-body-geometry-sport-gel\/\",\"name\":\"Specialized Guantes largos Body Geometry Sport Gel GR-100\",\"isPartOf\":{\"@id\":\"https:\/\/gr-100.com\/#website\"},\"primaryImageOfPage\":{\"@id\":\"https:\/\/gr-100.com\/producto\/specialized-guantes-largos-body-geometry-sport-gel\/#primaryimage\"},\"image\":{\"@id\":\"https:\/\/gr-100.com\/producto\/specialized-guantes-largos-body-geometry-sport-gel\/#primaryimage\"},\"thumbnailUrl\":\"https:\/\/gr-100.com\/wp-content\/uploads\/2024\/10\/Screenshot-of-Guantes-de-de.jpg\",\"datePublished\":\"2024-10-22T11:45:02+00:00\",\"dateModified\":\"2026-04-22T08:42:17+00:00\",\"description\":\"C\u00f3modos, econ\u00f3micos enfocados en el rendimiento, los guantes largos Body Geometry Sport son la primera opci\u00f3n para ciclistas enfocados en la comodidad y en pasar un buen rato\",\"breadcrumb\":{\"@id\":\"https:\/\/gr-100.com\/producto\/specialized-guantes-largos-body-geometry-sport-gel\/#breadcrumb\"},\"inLanguage\":\"pt-PT\",\"potentialAction\":[{\"@type\":\"ReadAction\",\"target\":[\"https:\/\/gr-100.com\/producto\/specialized-guantes-largos-body-geometry-sport-gel\/\"]}]},{\"@type\":\"ImageObject\",\"inLanguage\":\"pt-PT\",\"@id\":\"https:\/\/gr-100.com\/producto\/specialized-guantes-largos-body-geometry-sport-gel\/#primaryimage\",\"url\":\"https:\/\/gr-100.com\/wp-content\/uploads\/2024\/10\/Screenshot-of-Guantes-de-de.jpg\",\"contentUrl\":\"https:\/\/gr-100.com\/wp-content\/uploads\/2024\/10\/Screenshot-of-Guantes-de-de.jpg\",\"width\":1000,\"height\":1000},{\"@type\":\"BreadcrumbList\",\"@id\":\"https:\/\/gr-100.com\/producto\/specialized-guantes-largos-body-geometry-sport-gel\/#breadcrumb\",\"itemListElement\":[{\"@type\":\"ListItem\",\"position\":1,\"name\":\"Portada\",\"item\":\"https:\/\/gr-100.com\/en\/\"},{\"@type\":\"ListItem\",\"position\":2,\"name\":\"Productos\",\"item\":\"https:\/\/gr-100.com\/?post_type=product\"},{\"@type\":\"ListItem\",\"position\":3,\"name\":\"Specialized Guantes largos Body Geometry Sport Gel\"}]},{\"@type\":\"WebSite\",\"@id\":\"https:\/\/gr-100.com\/#website\",\"url\":\"https:\/\/gr-100.com\/\",\"name\":\"Gr-100 Tienda de ciclismo Specialized\",\"description\":\"GR-100 tenemos todas las gamas de bicicletas Specialized al mejor precio.\",\"publisher\":{\"@id\":\"https:\/\/gr-100.com\/#organization\"},\"alternateName\":\"Gr-100 Bikes\",\"potentialAction\":[{\"@type\":\"SearchAction\",\"target\":{\"@type\":\"EntryPoint\",\"urlTemplate\":\"https:\/\/gr-100.com\/?s={search_term_string}\"},\"query-input\":{\"@type\":\"PropertyValueSpecification\",\"valueRequired\":true,\"valueName\":\"search_term_string\"}}],\"inLanguage\":\"pt-PT\"},{\"@type\":\"Organization\",\"@id\":\"https:\/\/gr-100.com\/#organization\",\"name\":\"Gr-100\",\"url\":\"https:\/\/gr-100.com\/\",\"logo\":{\"@type\":\"ImageObject\",\"inLanguage\":\"pt-PT\",\"@id\":\"https:\/\/gr-100.com\/#\/schema\/logo\/image\/\",\"url\":\"https:\/\/gr-100.com\/wp-content\/uploads\/2023\/08\/logo-gr-100-bikes.png\",\"contentUrl\":\"https:\/\/gr-100.com\/wp-content\/uploads\/2023\/08\/logo-gr-100-bikes.png\",\"width\":707,\"height\":284,\"caption\":\"Gr-100\"},\"image\":{\"@id\":\"https:\/\/gr-100.com\/#\/schema\/logo\/image\/\"},\"sameAs\":[\"https:\/\/www.facebook.com\/Gr100Bikes\",\"https:\/\/www.instagram.com\/gr100bikes\/\",\"https:\/\/www.tiktok.com\/@gr100bikes\",\"https:\/\/twitter.com\/gr100mtbteam\",\"https:\/\/www.youtube.com\/c\/GR100Specialized\"]}]}<\/script>\n<!-- \/ Yoast SEO Premium plugin. -->","yoast_head_json":{"title":"Specialized Guantes largos Body Geometry Sport Gel GR-100","description":"C\u00f3modos, econ\u00f3micos enfocados en el rendimiento, los guantes largos Body Geometry Sport son la primera opci\u00f3n para ciclistas enfocados en la comodidad y en pasar un buen rato","robots":{"index":"index","follow":"follow","max-snippet":"max-snippet:-1","max-image-preview":"max-image-preview:large","max-video-preview":"max-video-preview:-1"},"canonical":"https:\/\/gr-100.com\/producto\/specialized-guantes-largos-body-geometry-sport-gel\/","og_locale":"pt_PT","og_type":"article","og_title":"Specialized Guantes largos Body Geometry Sport Gel","og_description":"C\u00f3modos, econ\u00f3micos enfocados en el rendimiento, los guantes largos Body Geometry Sport son la primera opci\u00f3n para ciclistas enfocados en la comodidad y en pasar un buen rato","og_url":"https:\/\/gr-100.com\/producto\/specialized-guantes-largos-body-geometry-sport-gel\/","og_site_name":"Gr-100 Tienda de ciclismo Specialized","article_publisher":"https:\/\/www.facebook.com\/Gr100Bikes","article_modified_time":"2026-04-22T08:42:17+00:00","og_image":[{"width":1000,"height":1000,"url":"https:\/\/gr-100.com\/wp-content\/uploads\/2024\/10\/Screenshot-of-Guantes-de-de.jpg","type":"image\/jpeg"}],"twitter_card":"summary_large_image","twitter_misc":{"Tempo estimado de leitura":"1 minuto"},"schema":{"@context":"https:\/\/schema.org","@graph":[{"@type":"WebPage","@id":"https:\/\/gr-100.com\/producto\/specialized-guantes-largos-body-geometry-sport-gel\/","url":"https:\/\/gr-100.com\/producto\/specialized-guantes-largos-body-geometry-sport-gel\/","name":"Specialized Guantes largos Body Geometry Sport Gel GR-100","isPartOf":{"@id":"https:\/\/gr-100.com\/#website"},"primaryImageOfPage":{"@id":"https:\/\/gr-100.com\/producto\/specialized-guantes-largos-body-geometry-sport-gel\/#primaryimage"},"image":{"@id":"https:\/\/gr-100.com\/producto\/specialized-guantes-largos-body-geometry-sport-gel\/#primaryimage"},"thumbnailUrl":"https:\/\/gr-100.com\/wp-content\/uploads\/2024\/10\/Screenshot-of-Guantes-de-de.jpg","datePublished":"2024-10-22T11:45:02+00:00","dateModified":"2026-04-22T08:42:17+00:00","description":"C\u00f3modos, econ\u00f3micos enfocados en el rendimiento, los guantes largos Body Geometry Sport son la primera opci\u00f3n para ciclistas enfocados en la comodidad y en pasar un buen rato","breadcrumb":{"@id":"https:\/\/gr-100.com\/producto\/specialized-guantes-largos-body-geometry-sport-gel\/#breadcrumb"},"inLanguage":"pt-PT","potentialAction":[{"@type":"ReadAction","target":["https:\/\/gr-100.com\/producto\/specialized-guantes-largos-body-geometry-sport-gel\/"]}]},{"@type":"ImageObject","inLanguage":"pt-PT","@id":"https:\/\/gr-100.com\/producto\/specialized-guantes-largos-body-geometry-sport-gel\/#primaryimage","url":"https:\/\/gr-100.com\/wp-content\/uploads\/2024\/10\/Screenshot-of-Guantes-de-de.jpg","contentUrl":"https:\/\/gr-100.com\/wp-content\/uploads\/2024\/10\/Screenshot-of-Guantes-de-de.jpg","width":1000,"height":1000},{"@type":"BreadcrumbList","@id":"https:\/\/gr-100.com\/producto\/specialized-guantes-largos-body-geometry-sport-gel\/#breadcrumb","itemListElement":[{"@type":"ListItem","position":1,"name":"Portada","item":"https:\/\/gr-100.com\/en\/"},{"@type":"ListItem","position":2,"name":"Productos","item":"https:\/\/gr-100.com\/?post_type=product"},{"@type":"ListItem","position":3,"name":"Specialized Guantes largos Body Geometry Sport Gel"}]},{"@type":"WebSite","@id":"https:\/\/gr-100.com\/#website","url":"https:\/\/gr-100.com\/","name":"Gr-100 Tienda de ciclismo Specialized","description":"GR-100 tenemos todas las gamas de bicicletas Specialized al mejor precio.","publisher":{"@id":"https:\/\/gr-100.com\/#organization"},"alternateName":"Gr-100 Bikes","potentialAction":[{"@type":"SearchAction","target":{"@type":"EntryPoint","urlTemplate":"https:\/\/gr-100.com\/?s={search_term_string}"},"query-input":{"@type":"PropertyValueSpecification","valueRequired":true,"valueName":"search_term_string"}}],"inLanguage":"pt-PT"},{"@type":"Organization","@id":"https:\/\/gr-100.com\/#organization","name":"Gr-100","url":"https:\/\/gr-100.com\/","logo":{"@type":"ImageObject","inLanguage":"pt-PT","@id":"https:\/\/gr-100.com\/#\/schema\/logo\/image\/","url":"https:\/\/gr-100.com\/wp-content\/uploads\/2023\/08\/logo-gr-100-bikes.png","contentUrl":"https:\/\/gr-100.com\/wp-content\/uploads\/2023\/08\/logo-gr-100-bikes.png","width":707,"height":284,"caption":"Gr-100"},"image":{"@id":"https:\/\/gr-100.com\/#\/schema\/logo\/image\/"},"sameAs":["https:\/\/www.facebook.com\/Gr100Bikes","https:\/\/www.instagram.com\/gr100bikes\/","https:\/\/www.tiktok.com\/@gr100bikes","https:\/\/twitter.com\/gr100mtbteam","https:\/\/www.youtube.com\/c\/GR100Specialized"]}]}},"_links":{"self":[{"href":"https:\/\/gr-100.com\/pt-pt\/wp-json\/wp\/v2\/product\/393126","targetHints":{"allow":["GET"]}}],"collection":[{"href":"https:\/\/gr-100.com\/pt-pt\/wp-json\/wp\/v2\/product"}],"about":[{"href":"https:\/\/gr-100.com\/pt-pt\/wp-json\/wp\/v2\/types\/product"}],"replies":[{"embeddable":true,"href":"https:\/\/gr-100.com\/pt-pt\/wp-json\/wp\/v2\/comments?post=393126"}],"wp:featuredmedia":[{"embeddable":true,"href":"https:\/\/gr-100.com\/pt-pt\/wp-json\/wp\/v2\/media\/393562"}],"wp:attachment":[{"href":"https:\/\/gr-100.com\/pt-pt\/wp-json\/wp\/v2\/media?parent=393126"}],"wp:term":[{"taxonomy":"product_brand","embeddable":true,"href":"https:\/\/gr-100.com\/pt-pt\/wp-json\/wp\/v2\/product_brand?post=393126"},{"taxonomy":"product_cat","embeddable":true,"href":"https:\/\/gr-100.com\/pt-pt\/wp-json\/wp\/v2\/product_cat?post=393126"},{"taxonomy":"product_tag","embeddable":true,"href":"https:\/\/gr-100.com\/pt-pt\/wp-json\/wp\/v2\/product_tag?post=393126"}],"curies":[{"name":"wp","href":"https:\/\/api.w.org\/{rel}","templated":true}]}}