{"id":393207,"date":"2024-10-17T11:19:37","date_gmt":"2024-10-17T11:19:37","guid":{"rendered":"https:\/\/gr-100.com\/?post_type=product&#038;p=393207"},"modified":"2025-12-29T14:34:51","modified_gmt":"2025-12-29T12:34:51","slug":"specialized-guantes-mujer-body-geometry-sport","status":"publish","type":"product","link":"https:\/\/gr-100.com\/pt-pt\/producto\/specialized-guantes-mujer-body-geometry-sport\/","title":{"rendered":"Specialized Guantes  Body Geometry Sport Gel"},"content":{"rendered":"<ul>\n<li>La palma de ante sint\u00e9tico est\u00e1 hecha de una microfibra delgada para combinar durabilidad con un agarre y comodidad excepcionales.<\/li>\n<li>El acolchado Body Geometry Sport Gel utiliza acolchado de gel y espuma en \u00e1reas de contacto clave para amortiguar las vibraciones y proporcionar una comodidad excepcional.<\/li>\n<li>El pulgar Microwipe \u2122 suave y absorbente elimina el sudor con facilidad.<\/li>\n<li>La malla superior transpirable ofrece una transpirabilidad mejorada y una comodidad flexible<\/li>\n<li>El cierre de mu\u00f1eca contorneado de Velcro\u00ae ofrece un f\u00e1cil ajuste y una entrada \/ salida de los guantes.<\/li>\n<li>Contenido del tejido: PRINCIPAL: 90% poli\u00e9ster, 10% elastano &#8211; PALMA: 57% nailon, 40% PU, 3% carbono<\/li>\n<\/ul>\n","protected":false},"excerpt":{"rendered":"<p>C\u00f3modos, econ\u00f3micos y orientados al rendimiento, los guantes Body Geometry Sport para mujer son la opci\u00f3n perfecta para las ciclistas m\u00e1s centradas en la comodidad y en pasar un buen rato que en batir r\u00e9cords en cada ruta. Cuentan con almohadillas de gel colocadas estrat\u00e9gicamente en toda la palma, con acolchado de espuma adicional en \u00e1reas de contacto clave. Esta combinaci\u00f3n asegura que experimentar\u00e1s una fatiga m\u00ednima en la mano por vibraci\u00f3n, por lo que obtendr\u00e1 m\u00e1s comodidad y menos dolor.<\/p>\n","protected":false},"featured_media":398081,"comment_status":"open","ping_status":"closed","template":"","meta":{"_acf_changed":false,"_et_pb_use_builder":"","_et_pb_old_content":"","_et_gb_content_width":"","inline_featured_image":false},"product_brand":[],"product_cat":[50,52],"product_tag":[],"class_list":{"0":"post-393207","1":"product","2":"type-product","3":"status-publish","4":"has-post-thumbnail","6":"product_cat-equipaciones","7":"product_cat-guantes","9":"first","10":"instock","11":"taxable","12":"shipping-taxable","13":"purchasable","14":"product-type-variable","15":"wvs-archive-product-wrapper"},"acf":[],"yoast_head":"<!-- This site is optimized with the Yoast SEO Premium plugin v26.7 (Yoast SEO v26.7) - https:\/\/yoast.com\/wordpress\/plugins\/seo\/ -->\n<title>Specialized Guantes Body Geometry Sport Gel GR-100<\/title>\n<meta name=\"description\" content=\"C\u00f3modos, econ\u00f3micos y orientados al rendimiento, los guantes Body Geometry Sport para mujer son la opci\u00f3n perfecta para las ciclistas.\" \/>\n<meta name=\"robots\" content=\"index, follow, max-snippet:-1, max-image-preview:large, max-video-preview:-1\" \/>\n<link rel=\"canonical\" href=\"https:\/\/gr-100.com\/producto\/specialized-guantes-mujer-body-geometry-sport\/\" \/>\n<meta property=\"og:locale\" content=\"pt_PT\" \/>\n<meta property=\"og:type\" content=\"article\" \/>\n<meta property=\"og:title\" content=\"Specialized Guantes Body Geometry Sport Gel\" \/>\n<meta property=\"og:description\" content=\"C\u00f3modos, econ\u00f3micos y orientados al rendimiento, los guantes Body Geometry Sport para mujer son la opci\u00f3n perfecta para las ciclistas.\" \/>\n<meta property=\"og:url\" content=\"https:\/\/gr-100.com\/producto\/specialized-guantes-mujer-body-geometry-sport\/\" \/>\n<meta property=\"og:site_name\" content=\"Gr-100 Tienda de ciclismo Specialized\" \/>\n<meta property=\"article:publisher\" content=\"https:\/\/www.facebook.com\/Gr100Bikes\" \/>\n<meta property=\"article:modified_time\" content=\"2025-12-29T12:34:51+00:00\" \/>\n<meta property=\"og:image\" content=\"https:\/\/gr-100.com\/wp-content\/uploads\/2024\/10\/Diseno-sin-titulo-28.jpg\" \/>\n\t<meta property=\"og:image:width\" content=\"1000\" \/>\n\t<meta property=\"og:image:height\" content=\"1000\" \/>\n\t<meta property=\"og:image:type\" content=\"image\/jpeg\" \/>\n<meta name=\"twitter:card\" content=\"summary_large_image\" \/>\n<meta name=\"twitter:label1\" content=\"Tempo estimado de leitura\" \/>\n\t<meta name=\"twitter:data1\" content=\"1 minuto\" \/>\n<script type=\"application\/ld+json\" class=\"yoast-schema-graph\">{\"@context\":\"https:\/\/schema.org\",\"@graph\":[{\"@type\":\"WebPage\",\"@id\":\"https:\/\/gr-100.com\/producto\/specialized-guantes-mujer-body-geometry-sport\/\",\"url\":\"https:\/\/gr-100.com\/producto\/specialized-guantes-mujer-body-geometry-sport\/\",\"name\":\"Specialized Guantes Body Geometry Sport Gel GR-100\",\"isPartOf\":{\"@id\":\"https:\/\/gr-100.com\/#website\"},\"primaryImageOfPage\":{\"@id\":\"https:\/\/gr-100.com\/producto\/specialized-guantes-mujer-body-geometry-sport\/#primaryimage\"},\"image\":{\"@id\":\"https:\/\/gr-100.com\/producto\/specialized-guantes-mujer-body-geometry-sport\/#primaryimage\"},\"thumbnailUrl\":\"https:\/\/gr-100.com\/wp-content\/uploads\/2024\/10\/Diseno-sin-titulo-28.jpg\",\"datePublished\":\"2024-10-17T11:19:37+00:00\",\"dateModified\":\"2025-12-29T12:34:51+00:00\",\"description\":\"C\u00f3modos, econ\u00f3micos y orientados al rendimiento, los guantes Body Geometry Sport para mujer son la opci\u00f3n perfecta para las ciclistas.\",\"breadcrumb\":{\"@id\":\"https:\/\/gr-100.com\/producto\/specialized-guantes-mujer-body-geometry-sport\/#breadcrumb\"},\"inLanguage\":\"pt-PT\",\"potentialAction\":[{\"@type\":\"ReadAction\",\"target\":[\"https:\/\/gr-100.com\/producto\/specialized-guantes-mujer-body-geometry-sport\/\"]}]},{\"@type\":\"ImageObject\",\"inLanguage\":\"pt-PT\",\"@id\":\"https:\/\/gr-100.com\/producto\/specialized-guantes-mujer-body-geometry-sport\/#primaryimage\",\"url\":\"https:\/\/gr-100.com\/wp-content\/uploads\/2024\/10\/Diseno-sin-titulo-28.jpg\",\"contentUrl\":\"https:\/\/gr-100.com\/wp-content\/uploads\/2024\/10\/Diseno-sin-titulo-28.jpg\",\"width\":1000,\"height\":1000},{\"@type\":\"BreadcrumbList\",\"@id\":\"https:\/\/gr-100.com\/producto\/specialized-guantes-mujer-body-geometry-sport\/#breadcrumb\",\"itemListElement\":[{\"@type\":\"ListItem\",\"position\":1,\"name\":\"Portada\",\"item\":\"https:\/\/gr-100.com\/en\/\"},{\"@type\":\"ListItem\",\"position\":2,\"name\":\"Productos\",\"item\":\"https:\/\/gr-100.com\/?post_type=product\"},{\"@type\":\"ListItem\",\"position\":3,\"name\":\"Specialized Guantes Body Geometry Sport Gel\"}]},{\"@type\":\"WebSite\",\"@id\":\"https:\/\/gr-100.com\/#website\",\"url\":\"https:\/\/gr-100.com\/\",\"name\":\"Gr-100 Tienda de ciclismo Specialized\",\"description\":\"GR-100 tenemos todas las gamas de bicicletas Specialized al mejor precio.\",\"publisher\":{\"@id\":\"https:\/\/gr-100.com\/#organization\"},\"alternateName\":\"Gr-100 Bikes\",\"potentialAction\":[{\"@type\":\"SearchAction\",\"target\":{\"@type\":\"EntryPoint\",\"urlTemplate\":\"https:\/\/gr-100.com\/?s={search_term_string}\"},\"query-input\":{\"@type\":\"PropertyValueSpecification\",\"valueRequired\":true,\"valueName\":\"search_term_string\"}}],\"inLanguage\":\"pt-PT\"},{\"@type\":\"Organization\",\"@id\":\"https:\/\/gr-100.com\/#organization\",\"name\":\"Gr-100\",\"url\":\"https:\/\/gr-100.com\/\",\"logo\":{\"@type\":\"ImageObject\",\"inLanguage\":\"pt-PT\",\"@id\":\"https:\/\/gr-100.com\/#\/schema\/logo\/image\/\",\"url\":\"https:\/\/gr-100.com\/wp-content\/uploads\/2023\/08\/logo-gr-100-bikes.png\",\"contentUrl\":\"https:\/\/gr-100.com\/wp-content\/uploads\/2023\/08\/logo-gr-100-bikes.png\",\"width\":707,\"height\":284,\"caption\":\"Gr-100\"},\"image\":{\"@id\":\"https:\/\/gr-100.com\/#\/schema\/logo\/image\/\"},\"sameAs\":[\"https:\/\/www.facebook.com\/Gr100Bikes\",\"https:\/\/www.instagram.com\/gr100bikes\/\",\"https:\/\/www.tiktok.com\/@gr100bikes\",\"https:\/\/twitter.com\/gr100mtbteam\",\"https:\/\/www.youtube.com\/c\/GR100Specialized\"]}]}<\/script>\n<!-- \/ Yoast SEO Premium plugin. -->","yoast_head_json":{"title":"Specialized Guantes Body Geometry Sport Gel GR-100","description":"C\u00f3modos, econ\u00f3micos y orientados al rendimiento, los guantes Body Geometry Sport para mujer son la opci\u00f3n perfecta para las ciclistas.","robots":{"index":"index","follow":"follow","max-snippet":"max-snippet:-1","max-image-preview":"max-image-preview:large","max-video-preview":"max-video-preview:-1"},"canonical":"https:\/\/gr-100.com\/producto\/specialized-guantes-mujer-body-geometry-sport\/","og_locale":"pt_PT","og_type":"article","og_title":"Specialized Guantes Body Geometry Sport Gel","og_description":"C\u00f3modos, econ\u00f3micos y orientados al rendimiento, los guantes Body Geometry Sport para mujer son la opci\u00f3n perfecta para las ciclistas.","og_url":"https:\/\/gr-100.com\/producto\/specialized-guantes-mujer-body-geometry-sport\/","og_site_name":"Gr-100 Tienda de ciclismo Specialized","article_publisher":"https:\/\/www.facebook.com\/Gr100Bikes","article_modified_time":"2025-12-29T12:34:51+00:00","og_image":[{"width":1000,"height":1000,"url":"https:\/\/gr-100.com\/wp-content\/uploads\/2024\/10\/Diseno-sin-titulo-28.jpg","type":"image\/jpeg"}],"twitter_card":"summary_large_image","twitter_misc":{"Tempo estimado de leitura":"1 minuto"},"schema":{"@context":"https:\/\/schema.org","@graph":[{"@type":"WebPage","@id":"https:\/\/gr-100.com\/producto\/specialized-guantes-mujer-body-geometry-sport\/","url":"https:\/\/gr-100.com\/producto\/specialized-guantes-mujer-body-geometry-sport\/","name":"Specialized Guantes Body Geometry Sport Gel GR-100","isPartOf":{"@id":"https:\/\/gr-100.com\/#website"},"primaryImageOfPage":{"@id":"https:\/\/gr-100.com\/producto\/specialized-guantes-mujer-body-geometry-sport\/#primaryimage"},"image":{"@id":"https:\/\/gr-100.com\/producto\/specialized-guantes-mujer-body-geometry-sport\/#primaryimage"},"thumbnailUrl":"https:\/\/gr-100.com\/wp-content\/uploads\/2024\/10\/Diseno-sin-titulo-28.jpg","datePublished":"2024-10-17T11:19:37+00:00","dateModified":"2025-12-29T12:34:51+00:00","description":"C\u00f3modos, econ\u00f3micos y orientados al rendimiento, los guantes Body Geometry Sport para mujer son la opci\u00f3n perfecta para las ciclistas.","breadcrumb":{"@id":"https:\/\/gr-100.com\/producto\/specialized-guantes-mujer-body-geometry-sport\/#breadcrumb"},"inLanguage":"pt-PT","potentialAction":[{"@type":"ReadAction","target":["https:\/\/gr-100.com\/producto\/specialized-guantes-mujer-body-geometry-sport\/"]}]},{"@type":"ImageObject","inLanguage":"pt-PT","@id":"https:\/\/gr-100.com\/producto\/specialized-guantes-mujer-body-geometry-sport\/#primaryimage","url":"https:\/\/gr-100.com\/wp-content\/uploads\/2024\/10\/Diseno-sin-titulo-28.jpg","contentUrl":"https:\/\/gr-100.com\/wp-content\/uploads\/2024\/10\/Diseno-sin-titulo-28.jpg","width":1000,"height":1000},{"@type":"BreadcrumbList","@id":"https:\/\/gr-100.com\/producto\/specialized-guantes-mujer-body-geometry-sport\/#breadcrumb","itemListElement":[{"@type":"ListItem","position":1,"name":"Portada","item":"https:\/\/gr-100.com\/en\/"},{"@type":"ListItem","position":2,"name":"Productos","item":"https:\/\/gr-100.com\/?post_type=product"},{"@type":"ListItem","position":3,"name":"Specialized Guantes Body Geometry Sport Gel"}]},{"@type":"WebSite","@id":"https:\/\/gr-100.com\/#website","url":"https:\/\/gr-100.com\/","name":"Gr-100 Tienda de ciclismo Specialized","description":"GR-100 tenemos todas las gamas de bicicletas Specialized al mejor precio.","publisher":{"@id":"https:\/\/gr-100.com\/#organization"},"alternateName":"Gr-100 Bikes","potentialAction":[{"@type":"SearchAction","target":{"@type":"EntryPoint","urlTemplate":"https:\/\/gr-100.com\/?s={search_term_string}"},"query-input":{"@type":"PropertyValueSpecification","valueRequired":true,"valueName":"search_term_string"}}],"inLanguage":"pt-PT"},{"@type":"Organization","@id":"https:\/\/gr-100.com\/#organization","name":"Gr-100","url":"https:\/\/gr-100.com\/","logo":{"@type":"ImageObject","inLanguage":"pt-PT","@id":"https:\/\/gr-100.com\/#\/schema\/logo\/image\/","url":"https:\/\/gr-100.com\/wp-content\/uploads\/2023\/08\/logo-gr-100-bikes.png","contentUrl":"https:\/\/gr-100.com\/wp-content\/uploads\/2023\/08\/logo-gr-100-bikes.png","width":707,"height":284,"caption":"Gr-100"},"image":{"@id":"https:\/\/gr-100.com\/#\/schema\/logo\/image\/"},"sameAs":["https:\/\/www.facebook.com\/Gr100Bikes","https:\/\/www.instagram.com\/gr100bikes\/","https:\/\/www.tiktok.com\/@gr100bikes","https:\/\/twitter.com\/gr100mtbteam","https:\/\/www.youtube.com\/c\/GR100Specialized"]}]}},"_links":{"self":[{"href":"https:\/\/gr-100.com\/pt-pt\/wp-json\/wp\/v2\/product\/393207","targetHints":{"allow":["GET"]}}],"collection":[{"href":"https:\/\/gr-100.com\/pt-pt\/wp-json\/wp\/v2\/product"}],"about":[{"href":"https:\/\/gr-100.com\/pt-pt\/wp-json\/wp\/v2\/types\/product"}],"replies":[{"embeddable":true,"href":"https:\/\/gr-100.com\/pt-pt\/wp-json\/wp\/v2\/comments?post=393207"}],"wp:featuredmedia":[{"embeddable":true,"href":"https:\/\/gr-100.com\/pt-pt\/wp-json\/wp\/v2\/media\/398081"}],"wp:attachment":[{"href":"https:\/\/gr-100.com\/pt-pt\/wp-json\/wp\/v2\/media?parent=393207"}],"wp:term":[{"taxonomy":"product_brand","embeddable":true,"href":"https:\/\/gr-100.com\/pt-pt\/wp-json\/wp\/v2\/product_brand?post=393207"},{"taxonomy":"product_cat","embeddable":true,"href":"https:\/\/gr-100.com\/pt-pt\/wp-json\/wp\/v2\/product_cat?post=393207"},{"taxonomy":"product_tag","embeddable":true,"href":"https:\/\/gr-100.com\/pt-pt\/wp-json\/wp\/v2\/product_tag?post=393207"}],"curies":[{"name":"wp","href":"https:\/\/api.w.org\/{rel}","templated":true}]}}