{"id":393756,"date":"2024-10-22T16:57:45","date_gmt":"2024-10-22T15:57:45","guid":{"rendered":"https:\/\/gr-100.com\/?post_type=product&#038;p=393756"},"modified":"2026-01-16T13:28:51","modified_gmt":"2026-01-16T11:28:51","slug":"specialized-turbo-creo-2-comp-carbon-2025","status":"publish","type":"product","link":"https:\/\/gr-100.com\/pt-pt\/producto\/specialized-turbo-creo-2-comp-carbon-2025\/","title":{"rendered":"Specialized Turbo Creo 2 Comp Carbono 2025"},"content":{"rendered":"<ul>\n<li>AMPLIFICA\u00c7\u00c3O L\u00cdDER NA SUA CLASSE: O novo sistema TURBO SL 1.2 oferece uma efici\u00eancia l\u00edder da ind\u00fastria para uma autonomia de at\u00e9 190 quil\u00f3metros.<br \/>\nGera 33% mais pot\u00eancia (320 watts) do que o seu antecessor e fornece essa pot\u00eancia atrav\u00e9s de uma cad\u00eancia de pedalada ideal para uma sensa\u00e7\u00e3o de outro mundo.<br \/>\nCom 43% mais bin\u00e1rio (50 Nm), a pot\u00eancia entra em a\u00e7\u00e3o instantaneamente, tornando r\u00e1pido o trabalho das subidas mais \u00edngremes.<br \/>\nMas menos \u00e9 mais quando se trata de ru\u00eddo, por isso reduzimos os decib\u00e9is em 40%.<br \/>\n\u00c9 t\u00e3o silencioso quanto um sussurro.    <\/li>\n<li>OS SEUS PNEUS DE CONFIAN\u00c7A: Os pneus standard s\u00e3o 700 x 47c, mas podem ser montados at\u00e9 29&#8243; x 2.2.<br \/>\nO grande volume do pneu proporciona uma condu\u00e7\u00e3o suave e segura nos terrenos mais dif\u00edceis.<br \/>\nE com a pot\u00eancia do Creo 2, voc\u00ea pode levar todo esse volume de pneus para a estrada sem penalidades para uma condu\u00e7\u00e3o suave e de n\u00edvel seguinte.  <\/li>\n<li>FUTURE SHOCK 3.0: O Creo 2 apresenta Future Shock 3.0 com 20mm de curso suave do guiador que reduz os impactos em 53%. O Future Shock ajuda a manter as suas m\u00e3os e guiadores est\u00e1veis para uma condu\u00e7\u00e3o mais suave com mais controlo para ser r\u00e1pido, confiante e confiante, ao mesmo tempo que ajuda a reduzir a fadiga durante longas viagens no selim.<\/li>\n<li>A GEOMETRIA DA CAPACIDADE: O Creo 2 apresenta a nossa geometria mais progressiva at\u00e9 \u00e0 data, permitindo-lhe conduzir desde estradas abertas at\u00e9 pistas de cascalho com a m\u00e1xima confian\u00e7a.<br \/>\nUma posi\u00e7\u00e3o de condu\u00e7\u00e3o mais ergon\u00f3mica, com a pot\u00eancia necess\u00e1ria para conduzir todo o dia. <\/li>\n<li>CONTROLO M\u00c1XIMO NAS DESCIDAS: Abaixe o centro de gravidade com o poste conta-gotas para melhorar a estabilidade e o controlo em qualquer terreno.<\/li>\n<li>CARREGUE E LEVE: Se voc\u00ea est\u00e1 carregando muita ou muita bagagem em suas rotas, o Creo 2 \u00e9 capaz de aceitar uma variedade de malas dianteiras, traseiras e baixas.<br \/>\nQuem disse que voc\u00ea n\u00e3o pode usar tudo? <\/li>\n<li>EST\u00c1 NO CONTROLO: A nossa unidade de controlo de e-bike mais avan\u00e7ada e intuitiva.<br \/>\nConectando a moto, o Turbo OS, o aplicativo especializado e o piloto, tudo em uma tela protegida e facilmente vis\u00edvel.<br \/>\nCom o MicroTune, o ajuste fino dos n\u00edveis de fornecimento de energia em tempo real est\u00e1 ao seu alcance, otimizando a gest\u00e3o de alcance e desempenho.  <\/li>\n<li>MASTERMIND DO TCU: O TCU MasterMind \u00e9 o c\u00e9rebro da moto.<br \/>\nApresenta todas as informa\u00e7\u00f5es relevantes sobre a sua condu\u00e7\u00e3o, permite o ajuste em tempo real dos n\u00edveis de assist\u00eancia, permite atualiza\u00e7\u00f5es over-the-air para melhorar a sua moto ao longo do tempo e integra-se perfeitamente com a aplica\u00e7\u00e3o Specialized para afina\u00e7\u00e3o avan\u00e7ada, diagn\u00f3sticos em rota, visualiza\u00e7\u00e3o personaliz\u00e1vel e muito mais. <\/li>\n<li>NOVA APP ESPECIALIZADA: O Creo 2 integra-se totalmente com a nossa App Especializada e permite-lhe personalizar as caracter\u00edsticas do seu motor.<br \/>\nPode gravar as suas sa\u00eddas, personalizar os seus ecr\u00e3s, acompanhar os seus dados, sincronizar com outras aplica\u00e7\u00f5es e at\u00e9 impedir potenciais ladr\u00f5es com o Turbo System Auto-Lock. <\/li>\n<\/ul>\n<ul>\n<li>Especifica\u00e7\u00f5es <strong>T\u00e9cnicas<\/strong><br \/>\nPeso operacional<\/p>\n<p>14,47 kg (31 lb, 14,4 oz)<br \/>\n no tamanho<br \/>\n56<br \/>\nFRAME<br \/>\nFACT 11r carbono, eixos dianteiros\/traseiros, bateria de tubo descendente totalmente integrada, roteamento de cabos internos, suportes de para-lamas\/rack, 12x142mm<br \/>\nFuture Shock 3.2 w \/ Smooth Boot FORK,<br \/>\n 12x100mm thru-axle, disco<br \/>\nde montagem plana ABRAZ. SELIM<br \/>\nLiga Especializada, 31,8<br \/>\nSELIM<br \/>\nGeometria Corporal Power Sport<br \/>\nPOT\u00caNCIA<br \/>\nFuturo Stem Comp<br \/>\nFITA FITA<br \/>\nSupacaz Super Kush Pegajoso<br \/>\nESPIG\u00c3O ASSENTO<br \/>\nConta-gotas Trans-X, curso de 50 mm<br \/>\nE-Bike<br \/>\nCOM FIOS<br \/>\nCablagem personalizada especializada com porta de carga<br \/>\nMOTOR<br \/>\nNovo motor leve personalizado 1.2 SL especializado<br \/>\nUI\/REMOTO<br \/>\nTCU MasterMind especializado, percentagem da carga restante, 120 configura\u00e7\u00f5es de ecr\u00e3 poss\u00edveis, ajuste de assist\u00eancia MicroTune, atualiza\u00e7\u00f5es over-the-air, ANT+\/Bluetooth\u00ae, w\/Handlebar remoto<br \/>\nE-BICICLETA<br \/>\nCARREGADOR<br \/>\nCarregador personalizado, Sistema 48V c\/ ficha do carregador do sistema SL<br \/>\nBATERIA<br \/>\nSL1-320 especializado, totalmente integrado, 320Wh<br \/>\nDT RODA DIANTEIRA<br \/>\nSwiss G540 aro, 24mm largura interna, tubeless ready, 24h, Specialized full sealed bearing through axle cub, centerlock disc, DT Swiss Champion 14G stainless steel spokes, DT Swiss brass nipples<br \/>\nDT roda<br \/>\ntraseira Swiss G540 aro, 24mm largura interna, tubeless ready, 24h, Specialized full sealed bearing thru eixo hub, disco de bloqueio central, raios de a\u00e7o inoxid\u00e1vel DT Swiss Champion 14G,  DT Mamilos de lat\u00e3o su\u00ed\u00e7o PNEU DIANTEIRO<br \/>\n.<br \/>\nTra\u00e7ador Pro, 700x47c<br \/>\nPNEU TRASEIRO<br \/>\nTra\u00e7ador Pro, 700x47c<br \/>\nPRATOS<br \/>\nSRAM X-Sync Eagle, 107 a.C., 44T<br \/>\nMUDAN\u00c7A<br \/>\nSRAM X1 \u00c1guia AXS<br \/>\nSUPORTE INFERIOR<br \/>\nSRAM Liga DUB Bra\u00e7os de manivela<br \/>\nTrav\u00f5es<br \/>\nTRAV\u00c3O DIANTEIRO<br \/>\nSupacaz Super Kush Pegajoso<br \/>\nTRAV\u00c3O TRASEIRO<br \/>\nSRAM Apex eTAP AXS, disco hidr\u00e1ulico<br \/>\nTRANSMISS\u00c3O<br \/>\nCONTROLOS DE MUDAN\u00c7A DE VELOCIDADE<br \/>\nSRAM Apex eTap AXS<br \/>\nCADEIA<br \/>\nSRAM NX Eagle, CASSETTE de 12 velocidades SRAM PG1210, 12 velocidades, 11-50t<\/p>\n<p>Cabine de pilotagem<br \/>\nGUID\u00c3O<br \/>\nSpecialized Adventure Gear Hover, queda de 103mm x alcance de 70mm x flare de 12\u00ba<br \/>\nC\u00c2MARAS<br \/>\n700&#215;32\/50mm, 48mm Presta v\u00e1lvula<\/li>\n<\/ul>\n<p>* Os pesos baseiam-se em fotografias de produ\u00e7\u00e3o pintadas, tal como indicado na imagem. Os pesos reais variam consoante a cor, o tamanho do quadro e a varia\u00e7\u00e3o dos componentes. As especifica\u00e7\u00f5es est\u00e3o sujeitas a altera\u00e7\u00f5es sem aviso pr\u00e9vio. eslint-disable-line react\/no-danger<\/p>\n","protected":false},"excerpt":{"rendered":"<p>Estrada ou Cascalho?<br \/>\n5 quil\u00f4metros ou 5 horas?<br \/>\nSubir ou descer?<br \/>\nSofrer ou sorrir?<br \/>\nMais pot\u00eancia ou menos peso?<br \/>\nO Creo 2 faz com que voc\u00ea n\u00e3o tenha que escolher.<br \/>\n\u00c9 sobre ter tudo.<br \/>\nCom mais pot\u00eancia, grande autonomia, leveza, grande arco das rodas e Future Shock 3.0, desafia todas as categorias ao possibilitar percursos que antes eram imposs\u00edveis.       <\/p>\n","protected":false},"featured_media":393795,"comment_status":"closed","ping_status":"closed","template":"","meta":{"_acf_changed":false,"_et_pb_use_builder":"","_et_pb_old_content":"","_et_gb_content_width":"","inline_featured_image":false},"product_brand":[],"product_cat":[2459,391,5261,5359,5273,5260,3346,5309,5308,2483],"product_tag":[],"class_list":{"0":"post-393756","1":"product","2":"type-product","3":"status-publish","4":"has-post-thumbnail","6":"product_cat-bicicletas-pt-pt-2","7":"product_cat-eletricas","8":"product_cat-bicicletas-electricas-de-carbono","9":"product_cat-bicicletas-electricas-carretera-pt-pt","10":"product_cat-bicicletas-electricas-de-cascalho","11":"product_cat-bicicletas-electricas-specialized-pt-pt","12":"product_cat-bicicletas-de-cascalho","13":"product_cat-bicicletas-de-carbono-gravel","14":"product_cat-bicicletas-de-gravel-specialized","15":"product_cat-bicicletas-especializadas","16":"product_shipping_class-bicicletas-pt-pt","18":"first","19":"instock","20":"sale","21":"taxable","22":"shipping-taxable","23":"purchasable","24":"product-type-variable","25":"wvs-archive-product-wrapper"},"acf":[],"yoast_head":"<!-- This site is optimized with the Yoast SEO Premium plugin v26.7 (Yoast SEO v26.7) - https:\/\/yoast.com\/wordpress\/plugins\/seo\/ -->\n<title>Specialized Turbo Creo 2 Comp Carbono 2025 GR-100<\/title>\n<meta name=\"description\" content=\"O novo sistema TURBO SL 1.2 oferece uma efici\u00eancia l\u00edder da ind\u00fastria para uma autonomia de at\u00e9 190 quil\u00f3metros. Future Shock 3.0 com 20 mm de curso.\" \/>\n<meta name=\"robots\" content=\"index, follow, max-snippet:-1, max-image-preview:large, max-video-preview:-1\" \/>\n<link rel=\"canonical\" href=\"https:\/\/gr-100.com\/pt-pt\/producto\/specialized-turbo-creo-2-comp-carbon-2025\/\" \/>\n<meta property=\"og:locale\" content=\"pt_PT\" \/>\n<meta property=\"og:type\" content=\"article\" \/>\n<meta property=\"og:title\" content=\"Specialized Turbo Creo 2 Comp Carbono 2025\" \/>\n<meta property=\"og:description\" content=\"O novo sistema TURBO SL 1.2 oferece uma efici\u00eancia l\u00edder da ind\u00fastria para uma autonomia de at\u00e9 190 quil\u00f3metros. Future Shock 3.0 com 20 mm de curso.\" \/>\n<meta property=\"og:url\" content=\"https:\/\/gr-100.com\/pt-pt\/producto\/specialized-turbo-creo-2-comp-carbon-2025\/\" \/>\n<meta property=\"og:site_name\" content=\"Gr-100 Tienda de ciclismo Specialized\" \/>\n<meta property=\"article:publisher\" content=\"https:\/\/www.facebook.com\/Gr100Bikes\" \/>\n<meta property=\"article:modified_time\" content=\"2026-01-16T11:28:51+00:00\" \/>\n<meta property=\"og:image\" content=\"https:\/\/gr-100.com\/wp-content\/uploads\/2024\/10\/Creo-Sl-Comp-Carbon-2025-1.jpg\" \/>\n\t<meta property=\"og:image:width\" content=\"1000\" \/>\n\t<meta property=\"og:image:height\" content=\"1000\" \/>\n\t<meta property=\"og:image:type\" content=\"image\/jpeg\" \/>\n<meta name=\"twitter:card\" content=\"summary_large_image\" \/>\n<meta name=\"twitter:label1\" content=\"Tempo estimado de leitura\" \/>\n\t<meta name=\"twitter:data1\" content=\"4 minutos\" \/>\n<script type=\"application\/ld+json\" class=\"yoast-schema-graph\">{\"@context\":\"https:\/\/schema.org\",\"@graph\":[{\"@type\":\"WebPage\",\"@id\":\"https:\/\/gr-100.com\/pt-pt\/producto\/specialized-turbo-creo-2-comp-carbon-2025\/\",\"url\":\"https:\/\/gr-100.com\/pt-pt\/producto\/specialized-turbo-creo-2-comp-carbon-2025\/\",\"name\":\"Specialized Turbo Creo 2 Comp Carbono 2025 GR-100\",\"isPartOf\":{\"@id\":\"https:\/\/gr-100.com\/#website\"},\"primaryImageOfPage\":{\"@id\":\"https:\/\/gr-100.com\/pt-pt\/producto\/specialized-turbo-creo-2-comp-carbon-2025\/#primaryimage\"},\"image\":{\"@id\":\"https:\/\/gr-100.com\/pt-pt\/producto\/specialized-turbo-creo-2-comp-carbon-2025\/#primaryimage\"},\"thumbnailUrl\":\"https:\/\/gr-100.com\/wp-content\/uploads\/2024\/10\/Creo-Sl-Comp-Carbon-2025-1.jpg\",\"datePublished\":\"2024-10-22T15:57:45+00:00\",\"dateModified\":\"2026-01-16T11:28:51+00:00\",\"description\":\"O novo sistema TURBO SL 1.2 oferece uma efici\u00eancia l\u00edder da ind\u00fastria para uma autonomia de at\u00e9 190 quil\u00f3metros. Future Shock 3.0 com 20 mm de curso.\",\"breadcrumb\":{\"@id\":\"https:\/\/gr-100.com\/pt-pt\/producto\/specialized-turbo-creo-2-comp-carbon-2025\/#breadcrumb\"},\"inLanguage\":\"pt-PT\",\"potentialAction\":[{\"@type\":\"ReadAction\",\"target\":[\"https:\/\/gr-100.com\/pt-pt\/producto\/specialized-turbo-creo-2-comp-carbon-2025\/\"]}]},{\"@type\":\"ImageObject\",\"inLanguage\":\"pt-PT\",\"@id\":\"https:\/\/gr-100.com\/pt-pt\/producto\/specialized-turbo-creo-2-comp-carbon-2025\/#primaryimage\",\"url\":\"https:\/\/gr-100.com\/wp-content\/uploads\/2024\/10\/Creo-Sl-Comp-Carbon-2025-1.jpg\",\"contentUrl\":\"https:\/\/gr-100.com\/wp-content\/uploads\/2024\/10\/Creo-Sl-Comp-Carbon-2025-1.jpg\",\"width\":1000,\"height\":1000},{\"@type\":\"BreadcrumbList\",\"@id\":\"https:\/\/gr-100.com\/pt-pt\/producto\/specialized-turbo-creo-2-comp-carbon-2025\/#breadcrumb\",\"itemListElement\":[{\"@type\":\"ListItem\",\"position\":1,\"name\":\"Portada\",\"item\":\"https:\/\/gr-100.com\/en\/\"},{\"@type\":\"ListItem\",\"position\":2,\"name\":\"Productos\",\"item\":\"https:\/\/gr-100.com\/?post_type=product\"},{\"@type\":\"ListItem\",\"position\":3,\"name\":\"Specialized Turbo Creo 2 Comp Carbono 2025\"}]},{\"@type\":\"WebSite\",\"@id\":\"https:\/\/gr-100.com\/#website\",\"url\":\"https:\/\/gr-100.com\/\",\"name\":\"Gr-100 Tienda de ciclismo Specialized\",\"description\":\"GR-100 tenemos todas las gamas de bicicletas Specialized al mejor precio.\",\"publisher\":{\"@id\":\"https:\/\/gr-100.com\/#organization\"},\"alternateName\":\"Gr-100 Bikes\",\"potentialAction\":[{\"@type\":\"SearchAction\",\"target\":{\"@type\":\"EntryPoint\",\"urlTemplate\":\"https:\/\/gr-100.com\/?s={search_term_string}\"},\"query-input\":{\"@type\":\"PropertyValueSpecification\",\"valueRequired\":true,\"valueName\":\"search_term_string\"}}],\"inLanguage\":\"pt-PT\"},{\"@type\":\"Organization\",\"@id\":\"https:\/\/gr-100.com\/#organization\",\"name\":\"Gr-100\",\"url\":\"https:\/\/gr-100.com\/\",\"logo\":{\"@type\":\"ImageObject\",\"inLanguage\":\"pt-PT\",\"@id\":\"https:\/\/gr-100.com\/#\/schema\/logo\/image\/\",\"url\":\"https:\/\/gr-100.com\/wp-content\/uploads\/2023\/08\/logo-gr-100-bikes.png\",\"contentUrl\":\"https:\/\/gr-100.com\/wp-content\/uploads\/2023\/08\/logo-gr-100-bikes.png\",\"width\":707,\"height\":284,\"caption\":\"Gr-100\"},\"image\":{\"@id\":\"https:\/\/gr-100.com\/#\/schema\/logo\/image\/\"},\"sameAs\":[\"https:\/\/www.facebook.com\/Gr100Bikes\",\"https:\/\/www.instagram.com\/gr100bikes\/\",\"https:\/\/www.tiktok.com\/@gr100bikes\",\"https:\/\/twitter.com\/gr100mtbteam\",\"https:\/\/www.youtube.com\/c\/GR100Specialized\"]}]}<\/script>\n<!-- \/ Yoast SEO Premium plugin. -->","yoast_head_json":{"title":"Specialized Turbo Creo 2 Comp Carbono 2025 GR-100","description":"O novo sistema TURBO SL 1.2 oferece uma efici\u00eancia l\u00edder da ind\u00fastria para uma autonomia de at\u00e9 190 quil\u00f3metros. Future Shock 3.0 com 20 mm de curso.","robots":{"index":"index","follow":"follow","max-snippet":"max-snippet:-1","max-image-preview":"max-image-preview:large","max-video-preview":"max-video-preview:-1"},"canonical":"https:\/\/gr-100.com\/pt-pt\/producto\/specialized-turbo-creo-2-comp-carbon-2025\/","og_locale":"pt_PT","og_type":"article","og_title":"Specialized Turbo Creo 2 Comp Carbono 2025","og_description":"O novo sistema TURBO SL 1.2 oferece uma efici\u00eancia l\u00edder da ind\u00fastria para uma autonomia de at\u00e9 190 quil\u00f3metros. Future Shock 3.0 com 20 mm de curso.","og_url":"https:\/\/gr-100.com\/pt-pt\/producto\/specialized-turbo-creo-2-comp-carbon-2025\/","og_site_name":"Gr-100 Tienda de ciclismo Specialized","article_publisher":"https:\/\/www.facebook.com\/Gr100Bikes","article_modified_time":"2026-01-16T11:28:51+00:00","og_image":[{"width":1000,"height":1000,"url":"https:\/\/gr-100.com\/wp-content\/uploads\/2024\/10\/Creo-Sl-Comp-Carbon-2025-1.jpg","type":"image\/jpeg"}],"twitter_card":"summary_large_image","twitter_misc":{"Tempo estimado de leitura":"4 minutos"},"schema":{"@context":"https:\/\/schema.org","@graph":[{"@type":"WebPage","@id":"https:\/\/gr-100.com\/pt-pt\/producto\/specialized-turbo-creo-2-comp-carbon-2025\/","url":"https:\/\/gr-100.com\/pt-pt\/producto\/specialized-turbo-creo-2-comp-carbon-2025\/","name":"Specialized Turbo Creo 2 Comp Carbono 2025 GR-100","isPartOf":{"@id":"https:\/\/gr-100.com\/#website"},"primaryImageOfPage":{"@id":"https:\/\/gr-100.com\/pt-pt\/producto\/specialized-turbo-creo-2-comp-carbon-2025\/#primaryimage"},"image":{"@id":"https:\/\/gr-100.com\/pt-pt\/producto\/specialized-turbo-creo-2-comp-carbon-2025\/#primaryimage"},"thumbnailUrl":"https:\/\/gr-100.com\/wp-content\/uploads\/2024\/10\/Creo-Sl-Comp-Carbon-2025-1.jpg","datePublished":"2024-10-22T15:57:45+00:00","dateModified":"2026-01-16T11:28:51+00:00","description":"O novo sistema TURBO SL 1.2 oferece uma efici\u00eancia l\u00edder da ind\u00fastria para uma autonomia de at\u00e9 190 quil\u00f3metros. Future Shock 3.0 com 20 mm de curso.","breadcrumb":{"@id":"https:\/\/gr-100.com\/pt-pt\/producto\/specialized-turbo-creo-2-comp-carbon-2025\/#breadcrumb"},"inLanguage":"pt-PT","potentialAction":[{"@type":"ReadAction","target":["https:\/\/gr-100.com\/pt-pt\/producto\/specialized-turbo-creo-2-comp-carbon-2025\/"]}]},{"@type":"ImageObject","inLanguage":"pt-PT","@id":"https:\/\/gr-100.com\/pt-pt\/producto\/specialized-turbo-creo-2-comp-carbon-2025\/#primaryimage","url":"https:\/\/gr-100.com\/wp-content\/uploads\/2024\/10\/Creo-Sl-Comp-Carbon-2025-1.jpg","contentUrl":"https:\/\/gr-100.com\/wp-content\/uploads\/2024\/10\/Creo-Sl-Comp-Carbon-2025-1.jpg","width":1000,"height":1000},{"@type":"BreadcrumbList","@id":"https:\/\/gr-100.com\/pt-pt\/producto\/specialized-turbo-creo-2-comp-carbon-2025\/#breadcrumb","itemListElement":[{"@type":"ListItem","position":1,"name":"Portada","item":"https:\/\/gr-100.com\/en\/"},{"@type":"ListItem","position":2,"name":"Productos","item":"https:\/\/gr-100.com\/?post_type=product"},{"@type":"ListItem","position":3,"name":"Specialized Turbo Creo 2 Comp Carbono 2025"}]},{"@type":"WebSite","@id":"https:\/\/gr-100.com\/#website","url":"https:\/\/gr-100.com\/","name":"Gr-100 Tienda de ciclismo Specialized","description":"GR-100 tenemos todas las gamas de bicicletas Specialized al mejor precio.","publisher":{"@id":"https:\/\/gr-100.com\/#organization"},"alternateName":"Gr-100 Bikes","potentialAction":[{"@type":"SearchAction","target":{"@type":"EntryPoint","urlTemplate":"https:\/\/gr-100.com\/?s={search_term_string}"},"query-input":{"@type":"PropertyValueSpecification","valueRequired":true,"valueName":"search_term_string"}}],"inLanguage":"pt-PT"},{"@type":"Organization","@id":"https:\/\/gr-100.com\/#organization","name":"Gr-100","url":"https:\/\/gr-100.com\/","logo":{"@type":"ImageObject","inLanguage":"pt-PT","@id":"https:\/\/gr-100.com\/#\/schema\/logo\/image\/","url":"https:\/\/gr-100.com\/wp-content\/uploads\/2023\/08\/logo-gr-100-bikes.png","contentUrl":"https:\/\/gr-100.com\/wp-content\/uploads\/2023\/08\/logo-gr-100-bikes.png","width":707,"height":284,"caption":"Gr-100"},"image":{"@id":"https:\/\/gr-100.com\/#\/schema\/logo\/image\/"},"sameAs":["https:\/\/www.facebook.com\/Gr100Bikes","https:\/\/www.instagram.com\/gr100bikes\/","https:\/\/www.tiktok.com\/@gr100bikes","https:\/\/twitter.com\/gr100mtbteam","https:\/\/www.youtube.com\/c\/GR100Specialized"]}]}},"_links":{"self":[{"href":"https:\/\/gr-100.com\/pt-pt\/wp-json\/wp\/v2\/product\/393756","targetHints":{"allow":["GET"]}}],"collection":[{"href":"https:\/\/gr-100.com\/pt-pt\/wp-json\/wp\/v2\/product"}],"about":[{"href":"https:\/\/gr-100.com\/pt-pt\/wp-json\/wp\/v2\/types\/product"}],"replies":[{"embeddable":true,"href":"https:\/\/gr-100.com\/pt-pt\/wp-json\/wp\/v2\/comments?post=393756"}],"wp:featuredmedia":[{"embeddable":true,"href":"https:\/\/gr-100.com\/pt-pt\/wp-json\/wp\/v2\/media\/393795"}],"wp:attachment":[{"href":"https:\/\/gr-100.com\/pt-pt\/wp-json\/wp\/v2\/media?parent=393756"}],"wp:term":[{"taxonomy":"product_brand","embeddable":true,"href":"https:\/\/gr-100.com\/pt-pt\/wp-json\/wp\/v2\/product_brand?post=393756"},{"taxonomy":"product_cat","embeddable":true,"href":"https:\/\/gr-100.com\/pt-pt\/wp-json\/wp\/v2\/product_cat?post=393756"},{"taxonomy":"product_tag","embeddable":true,"href":"https:\/\/gr-100.com\/pt-pt\/wp-json\/wp\/v2\/product_tag?post=393756"}],"curies":[{"name":"wp","href":"https:\/\/api.w.org\/{rel}","templated":true}]}}