{"id":394372,"date":"2024-10-29T12:26:29","date_gmt":"2024-10-29T11:26:29","guid":{"rendered":"https:\/\/gr-100.com\/producto\/specialized-bateria-m1\/"},"modified":"2025-11-27T10:58:47","modified_gmt":"2025-11-27T08:58:47","slug":"specialized-bateria-m1","status":"publish","type":"product","link":"https:\/\/gr-100.com\/pt-pt\/producto\/specialized-bateria-m1\/","title":{"rendered":"Specialized Bateria M1"},"content":{"rendered":"<ul>\n<li>Capacidade de 504Wh.<\/li>\n<li>ANT+\/ Sistema Bluetooth\u00ae que lhe permite utilizar a aplica\u00e7\u00e3o Mission Control ou qualquer outro dispositivo ANT+.<\/li>\n<li>Inclui protetor de choque e tudo o que \u00e9 necess\u00e1rio para a sua instala\u00e7\u00e3o.<\/li>\n<\/ul>\n","protected":false},"excerpt":{"rendered":"<p>A bateria de i\u00f5es de l\u00edtio personalizada apresenta uma poderosa capacidade de 504 Wh. A bateria inclui um m\u00f3dulo ANT+\/Bluetooth\u00ae que permite que a moto funcione com a nossa aplica\u00e7\u00e3o Mission Control ou qualquer outro dispositivo ANT+. Finalmente, tem uma prote\u00e7\u00e3o contra impactos de pedra e todo o hardware necess\u00e1rio para a instala\u00e7\u00e3o.  <\/p>\n","protected":false},"featured_media":394367,"comment_status":"open","ping_status":"closed","template":"","meta":{"_acf_changed":false,"_et_pb_use_builder":"on","_et_pb_old_content":"","_et_gb_content_width":"","inline_featured_image":false},"product_brand":[],"product_cat":[4353,379,3863],"product_tag":[],"class_list":{"0":"post-394372","1":"product","2":"type-product","3":"status-publish","4":"has-post-thumbnail","6":"product_cat-liquidacion-specialized","7":"product_cat-componentes-pt-pt","8":"product_cat-componentes-da-e-bike","9":"product_shipping_class-componentes-pt-pt","11":"first","12":"instock","13":"sale","14":"taxable","15":"shipping-taxable","16":"purchasable","17":"product-type-simple"},"acf":[],"yoast_head":"<!-- This site is optimized with the Yoast SEO Premium plugin v26.7 (Yoast SEO v26.7) - https:\/\/yoast.com\/wordpress\/plugins\/seo\/ -->\n<title>Specialized Bateria M1 GR-100<\/title>\n<meta name=\"description\" content=\"A bateria de i\u00f5es de l\u00edtio personalizada apresenta uma poderosa capacidade de 504 Wh. A bateria inclui um m\u00f3dulo ANT+\/Bluetooth\u00ae que permite que a moto funcione com a nossa aplica\u00e7\u00e3o Mission Control ou qualquer outro dispositivo ANT+. Finalmente, tem uma prote\u00e7\u00e3o contra impactos de pedra e todo o hardware necess\u00e1rio para a instala\u00e7\u00e3o.\" \/>\n<meta name=\"robots\" content=\"index, follow, max-snippet:-1, max-image-preview:large, max-video-preview:-1\" \/>\n<link rel=\"canonical\" href=\"https:\/\/gr-100.com\/pt-pt\/producto\/specialized-bateria-m1\/\" \/>\n<meta property=\"og:locale\" content=\"pt_PT\" \/>\n<meta property=\"og:type\" content=\"article\" \/>\n<meta property=\"og:title\" content=\"Specialized Bateria M1\" \/>\n<meta property=\"og:description\" content=\"A bateria de i\u00f5es de l\u00edtio personalizada apresenta uma poderosa capacidade de 504 Wh. A bateria inclui um m\u00f3dulo ANT+\/Bluetooth\u00ae que permite que a moto funcione com a nossa aplica\u00e7\u00e3o Mission Control ou qualquer outro dispositivo ANT+. Finalmente, tem uma prote\u00e7\u00e3o contra impactos de pedra e todo o hardware necess\u00e1rio para a instala\u00e7\u00e3o.\" \/>\n<meta property=\"og:url\" content=\"https:\/\/gr-100.com\/pt-pt\/producto\/specialized-bateria-m1\/\" \/>\n<meta property=\"og:site_name\" content=\"Gr-100 Tienda de ciclismo Specialized\" \/>\n<meta property=\"article:publisher\" content=\"https:\/\/www.facebook.com\/Gr100Bikes\" \/>\n<meta property=\"article:modified_time\" content=\"2025-11-27T08:58:47+00:00\" \/>\n<meta property=\"og:image\" content=\"https:\/\/gr-100.com\/wp-content\/uploads\/2024\/10\/Screenshot-of-SPECIALIZED-M.jpg\" \/>\n\t<meta property=\"og:image:width\" content=\"1000\" \/>\n\t<meta property=\"og:image:height\" content=\"1000\" \/>\n\t<meta property=\"og:image:type\" content=\"image\/jpeg\" \/>\n<meta name=\"twitter:card\" content=\"summary_large_image\" \/>\n<script type=\"application\/ld+json\" class=\"yoast-schema-graph\">{\"@context\":\"https:\/\/schema.org\",\"@graph\":[{\"@type\":\"WebPage\",\"@id\":\"https:\/\/gr-100.com\/pt-pt\/producto\/specialized-bateria-m1\/\",\"url\":\"https:\/\/gr-100.com\/pt-pt\/producto\/specialized-bateria-m1\/\",\"name\":\"Specialized Bateria M1 GR-100\",\"isPartOf\":{\"@id\":\"https:\/\/gr-100.com\/#website\"},\"primaryImageOfPage\":{\"@id\":\"https:\/\/gr-100.com\/pt-pt\/producto\/specialized-bateria-m1\/#primaryimage\"},\"image\":{\"@id\":\"https:\/\/gr-100.com\/pt-pt\/producto\/specialized-bateria-m1\/#primaryimage\"},\"thumbnailUrl\":\"https:\/\/gr-100.com\/wp-content\/uploads\/2024\/10\/Screenshot-of-SPECIALIZED-M.jpg\",\"datePublished\":\"2024-10-29T11:26:29+00:00\",\"dateModified\":\"2025-11-27T08:58:47+00:00\",\"description\":\"A bateria de i\u00f5es de l\u00edtio personalizada apresenta uma poderosa capacidade de 504 Wh. A bateria inclui um m\u00f3dulo ANT+\/Bluetooth\u00ae que permite que a moto funcione com a nossa aplica\u00e7\u00e3o Mission Control ou qualquer outro dispositivo ANT+. Finalmente, tem uma prote\u00e7\u00e3o contra impactos de pedra e todo o hardware necess\u00e1rio para a instala\u00e7\u00e3o.\",\"breadcrumb\":{\"@id\":\"https:\/\/gr-100.com\/pt-pt\/producto\/specialized-bateria-m1\/#breadcrumb\"},\"inLanguage\":\"pt-PT\",\"potentialAction\":[{\"@type\":\"ReadAction\",\"target\":[\"https:\/\/gr-100.com\/pt-pt\/producto\/specialized-bateria-m1\/\"]}]},{\"@type\":\"ImageObject\",\"inLanguage\":\"pt-PT\",\"@id\":\"https:\/\/gr-100.com\/pt-pt\/producto\/specialized-bateria-m1\/#primaryimage\",\"url\":\"https:\/\/gr-100.com\/wp-content\/uploads\/2024\/10\/Screenshot-of-SPECIALIZED-M.jpg\",\"contentUrl\":\"https:\/\/gr-100.com\/wp-content\/uploads\/2024\/10\/Screenshot-of-SPECIALIZED-M.jpg\",\"width\":1000,\"height\":1000},{\"@type\":\"BreadcrumbList\",\"@id\":\"https:\/\/gr-100.com\/pt-pt\/producto\/specialized-bateria-m1\/#breadcrumb\",\"itemListElement\":[{\"@type\":\"ListItem\",\"position\":1,\"name\":\"Portada\",\"item\":\"https:\/\/gr-100.com\/en\/\"},{\"@type\":\"ListItem\",\"position\":2,\"name\":\"Productos\",\"item\":\"https:\/\/gr-100.com\/?post_type=product\"},{\"@type\":\"ListItem\",\"position\":3,\"name\":\"Specialized Bateria M1\"}]},{\"@type\":\"WebSite\",\"@id\":\"https:\/\/gr-100.com\/#website\",\"url\":\"https:\/\/gr-100.com\/\",\"name\":\"Gr-100 Tienda de ciclismo Specialized\",\"description\":\"GR-100 tenemos todas las gamas de bicicletas Specialized al mejor precio.\",\"publisher\":{\"@id\":\"https:\/\/gr-100.com\/#organization\"},\"alternateName\":\"Gr-100 Bikes\",\"potentialAction\":[{\"@type\":\"SearchAction\",\"target\":{\"@type\":\"EntryPoint\",\"urlTemplate\":\"https:\/\/gr-100.com\/?s={search_term_string}\"},\"query-input\":{\"@type\":\"PropertyValueSpecification\",\"valueRequired\":true,\"valueName\":\"search_term_string\"}}],\"inLanguage\":\"pt-PT\"},{\"@type\":\"Organization\",\"@id\":\"https:\/\/gr-100.com\/#organization\",\"name\":\"Gr-100\",\"url\":\"https:\/\/gr-100.com\/\",\"logo\":{\"@type\":\"ImageObject\",\"inLanguage\":\"pt-PT\",\"@id\":\"https:\/\/gr-100.com\/#\/schema\/logo\/image\/\",\"url\":\"https:\/\/gr-100.com\/wp-content\/uploads\/2023\/08\/logo-gr-100-bikes.png\",\"contentUrl\":\"https:\/\/gr-100.com\/wp-content\/uploads\/2023\/08\/logo-gr-100-bikes.png\",\"width\":707,\"height\":284,\"caption\":\"Gr-100\"},\"image\":{\"@id\":\"https:\/\/gr-100.com\/#\/schema\/logo\/image\/\"},\"sameAs\":[\"https:\/\/www.facebook.com\/Gr100Bikes\",\"https:\/\/www.instagram.com\/gr100bikes\/\",\"https:\/\/www.tiktok.com\/@gr100bikes\",\"https:\/\/twitter.com\/gr100mtbteam\",\"https:\/\/www.youtube.com\/c\/GR100Specialized\"]}]}<\/script>\n<!-- \/ Yoast SEO Premium plugin. -->","yoast_head_json":{"title":"Specialized Bateria M1 GR-100","description":"A bateria de i\u00f5es de l\u00edtio personalizada apresenta uma poderosa capacidade de 504 Wh. A bateria inclui um m\u00f3dulo ANT+\/Bluetooth\u00ae que permite que a moto funcione com a nossa aplica\u00e7\u00e3o Mission Control ou qualquer outro dispositivo ANT+. Finalmente, tem uma prote\u00e7\u00e3o contra impactos de pedra e todo o hardware necess\u00e1rio para a instala\u00e7\u00e3o.","robots":{"index":"index","follow":"follow","max-snippet":"max-snippet:-1","max-image-preview":"max-image-preview:large","max-video-preview":"max-video-preview:-1"},"canonical":"https:\/\/gr-100.com\/pt-pt\/producto\/specialized-bateria-m1\/","og_locale":"pt_PT","og_type":"article","og_title":"Specialized Bateria M1","og_description":"A bateria de i\u00f5es de l\u00edtio personalizada apresenta uma poderosa capacidade de 504 Wh. A bateria inclui um m\u00f3dulo ANT+\/Bluetooth\u00ae que permite que a moto funcione com a nossa aplica\u00e7\u00e3o Mission Control ou qualquer outro dispositivo ANT+. Finalmente, tem uma prote\u00e7\u00e3o contra impactos de pedra e todo o hardware necess\u00e1rio para a instala\u00e7\u00e3o.","og_url":"https:\/\/gr-100.com\/pt-pt\/producto\/specialized-bateria-m1\/","og_site_name":"Gr-100 Tienda de ciclismo Specialized","article_publisher":"https:\/\/www.facebook.com\/Gr100Bikes","article_modified_time":"2025-11-27T08:58:47+00:00","og_image":[{"width":1000,"height":1000,"url":"https:\/\/gr-100.com\/wp-content\/uploads\/2024\/10\/Screenshot-of-SPECIALIZED-M.jpg","type":"image\/jpeg"}],"twitter_card":"summary_large_image","schema":{"@context":"https:\/\/schema.org","@graph":[{"@type":"WebPage","@id":"https:\/\/gr-100.com\/pt-pt\/producto\/specialized-bateria-m1\/","url":"https:\/\/gr-100.com\/pt-pt\/producto\/specialized-bateria-m1\/","name":"Specialized Bateria M1 GR-100","isPartOf":{"@id":"https:\/\/gr-100.com\/#website"},"primaryImageOfPage":{"@id":"https:\/\/gr-100.com\/pt-pt\/producto\/specialized-bateria-m1\/#primaryimage"},"image":{"@id":"https:\/\/gr-100.com\/pt-pt\/producto\/specialized-bateria-m1\/#primaryimage"},"thumbnailUrl":"https:\/\/gr-100.com\/wp-content\/uploads\/2024\/10\/Screenshot-of-SPECIALIZED-M.jpg","datePublished":"2024-10-29T11:26:29+00:00","dateModified":"2025-11-27T08:58:47+00:00","description":"A bateria de i\u00f5es de l\u00edtio personalizada apresenta uma poderosa capacidade de 504 Wh. A bateria inclui um m\u00f3dulo ANT+\/Bluetooth\u00ae que permite que a moto funcione com a nossa aplica\u00e7\u00e3o Mission Control ou qualquer outro dispositivo ANT+. Finalmente, tem uma prote\u00e7\u00e3o contra impactos de pedra e todo o hardware necess\u00e1rio para a instala\u00e7\u00e3o.","breadcrumb":{"@id":"https:\/\/gr-100.com\/pt-pt\/producto\/specialized-bateria-m1\/#breadcrumb"},"inLanguage":"pt-PT","potentialAction":[{"@type":"ReadAction","target":["https:\/\/gr-100.com\/pt-pt\/producto\/specialized-bateria-m1\/"]}]},{"@type":"ImageObject","inLanguage":"pt-PT","@id":"https:\/\/gr-100.com\/pt-pt\/producto\/specialized-bateria-m1\/#primaryimage","url":"https:\/\/gr-100.com\/wp-content\/uploads\/2024\/10\/Screenshot-of-SPECIALIZED-M.jpg","contentUrl":"https:\/\/gr-100.com\/wp-content\/uploads\/2024\/10\/Screenshot-of-SPECIALIZED-M.jpg","width":1000,"height":1000},{"@type":"BreadcrumbList","@id":"https:\/\/gr-100.com\/pt-pt\/producto\/specialized-bateria-m1\/#breadcrumb","itemListElement":[{"@type":"ListItem","position":1,"name":"Portada","item":"https:\/\/gr-100.com\/en\/"},{"@type":"ListItem","position":2,"name":"Productos","item":"https:\/\/gr-100.com\/?post_type=product"},{"@type":"ListItem","position":3,"name":"Specialized Bateria M1"}]},{"@type":"WebSite","@id":"https:\/\/gr-100.com\/#website","url":"https:\/\/gr-100.com\/","name":"Gr-100 Tienda de ciclismo Specialized","description":"GR-100 tenemos todas las gamas de bicicletas Specialized al mejor precio.","publisher":{"@id":"https:\/\/gr-100.com\/#organization"},"alternateName":"Gr-100 Bikes","potentialAction":[{"@type":"SearchAction","target":{"@type":"EntryPoint","urlTemplate":"https:\/\/gr-100.com\/?s={search_term_string}"},"query-input":{"@type":"PropertyValueSpecification","valueRequired":true,"valueName":"search_term_string"}}],"inLanguage":"pt-PT"},{"@type":"Organization","@id":"https:\/\/gr-100.com\/#organization","name":"Gr-100","url":"https:\/\/gr-100.com\/","logo":{"@type":"ImageObject","inLanguage":"pt-PT","@id":"https:\/\/gr-100.com\/#\/schema\/logo\/image\/","url":"https:\/\/gr-100.com\/wp-content\/uploads\/2023\/08\/logo-gr-100-bikes.png","contentUrl":"https:\/\/gr-100.com\/wp-content\/uploads\/2023\/08\/logo-gr-100-bikes.png","width":707,"height":284,"caption":"Gr-100"},"image":{"@id":"https:\/\/gr-100.com\/#\/schema\/logo\/image\/"},"sameAs":["https:\/\/www.facebook.com\/Gr100Bikes","https:\/\/www.instagram.com\/gr100bikes\/","https:\/\/www.tiktok.com\/@gr100bikes","https:\/\/twitter.com\/gr100mtbteam","https:\/\/www.youtube.com\/c\/GR100Specialized"]}]}},"_links":{"self":[{"href":"https:\/\/gr-100.com\/pt-pt\/wp-json\/wp\/v2\/product\/394372","targetHints":{"allow":["GET"]}}],"collection":[{"href":"https:\/\/gr-100.com\/pt-pt\/wp-json\/wp\/v2\/product"}],"about":[{"href":"https:\/\/gr-100.com\/pt-pt\/wp-json\/wp\/v2\/types\/product"}],"replies":[{"embeddable":true,"href":"https:\/\/gr-100.com\/pt-pt\/wp-json\/wp\/v2\/comments?post=394372"}],"wp:featuredmedia":[{"embeddable":true,"href":"https:\/\/gr-100.com\/pt-pt\/wp-json\/wp\/v2\/media\/394367"}],"wp:attachment":[{"href":"https:\/\/gr-100.com\/pt-pt\/wp-json\/wp\/v2\/media?parent=394372"}],"wp:term":[{"taxonomy":"product_brand","embeddable":true,"href":"https:\/\/gr-100.com\/pt-pt\/wp-json\/wp\/v2\/product_brand?post=394372"},{"taxonomy":"product_cat","embeddable":true,"href":"https:\/\/gr-100.com\/pt-pt\/wp-json\/wp\/v2\/product_cat?post=394372"},{"taxonomy":"product_tag","embeddable":true,"href":"https:\/\/gr-100.com\/pt-pt\/wp-json\/wp\/v2\/product_tag?post=394372"}],"curies":[{"name":"wp","href":"https:\/\/api.w.org\/{rel}","templated":true}]}}