{"id":394418,"date":"2024-10-29T17:07:42","date_gmt":"2024-10-29T15:07:42","guid":{"rendered":"https:\/\/gr-100.com\/producto\/specialized-luvas-termicas-softshell-masculinas\/"},"modified":"2025-11-27T11:12:21","modified_gmt":"2025-11-27T09:12:21","slug":"specialized-luvas-termicas-softshell-masculinas","status":"publish","type":"product","link":"https:\/\/gr-100.com\/pt-pt\/producto\/specialized-luvas-termicas-softshell-masculinas\/","title":{"rendered":"Specialized Luvas T\u00e9rmicas Softshell Masculinas"},"content":{"rendered":"<ul class=\"bullet_points\">\n<li class=\"bullet_item\">A pele hidrof\u00f3bica Axe Suede na palma garante uma ader\u00eancia firme no guiador.<\/li>\n<li class=\"bullet_item\">Compat\u00edvel com ecr\u00e3 t\u00e1ctil Wiretap\u2122 para uma utiliza\u00e7\u00e3o f\u00e1cil com smartphones.<\/li>\n<li class=\"bullet_item\">O tecido Softshell mant\u00e9m-no afastado do frio.<\/li>\n<li class=\"bullet_item\">Conte\u00fado do tecido: TECIDO A: 100% poli\u00e9ster &#8211; TECIDO B: 80% nylon &#8211; 20% poliuretano<\/li>\n<\/ul>\n","protected":false},"excerpt":{"rendered":"<p>Nada pode arruinar um passeio mais r\u00e1pido do que dedos r\u00edgidos e frios. Concebidas para dias frios na bicicleta, as nossas luvas t\u00e9rmicas masculinas Softshell bloqueiam o frio, para que os seus dedos permane\u00e7am quentes hora ap\u00f3s hora. O couro repelente de \u00e1gua AX nas palmas das m\u00e3os garante uma fixa\u00e7\u00e3o segura no guid\u00e3o e nas alavancas, enquanto o sistema Wiretap\u2122 nas pontas dos dedos facilita o uso em telas sens\u00edveis ao toque, para verificar a rota ou tirar uma foto com o smartphone sem remover as luvas.  <\/p>\n","protected":false},"featured_media":394399,"comment_status":"open","ping_status":"closed","template":"","meta":{"_acf_changed":false,"_et_pb_use_builder":"","_et_pb_old_content":"","_et_gb_content_width":"","inline_featured_image":false},"product_brand":[],"product_cat":[392,396],"product_tag":[],"class_list":{"0":"post-394418","1":"product","2":"type-product","3":"status-publish","4":"has-post-thumbnail","6":"product_cat-equipamento","7":"product_cat-luvas","9":"first","10":"instock","11":"taxable","12":"shipping-taxable","13":"purchasable","14":"product-type-variable","15":"wvs-archive-product-wrapper"},"acf":[],"yoast_head":"<!-- This site is optimized with the Yoast SEO Premium plugin v26.7 (Yoast SEO v26.7) - https:\/\/yoast.com\/wordpress\/plugins\/seo\/ -->\n<title>Specialized Luvas T\u00e9rmicas Softshell Masculinas GR100<\/title>\n<meta name=\"description\" content=\"Nada pode arruinar um passeio mais r\u00e1pido do que dedos r\u00edgidos e frios. Concebidas para dias frios na moto, as nossas luvas t\u00e9rmicas masculinas Softshell bloqueiam o frio\" \/>\n<meta name=\"robots\" content=\"index, follow, max-snippet:-1, max-image-preview:large, max-video-preview:-1\" \/>\n<link rel=\"canonical\" href=\"https:\/\/gr-100.com\/pt-pt\/producto\/specialized-luvas-termicas-softshell-masculinas\/\" \/>\n<meta property=\"og:locale\" content=\"pt_PT\" \/>\n<meta property=\"og:type\" content=\"article\" \/>\n<meta property=\"og:title\" content=\"Specialized Luvas T\u00e9rmicas Softshell Masculinas\" \/>\n<meta property=\"og:description\" content=\"Nada pode arruinar um passeio mais r\u00e1pido do que dedos r\u00edgidos e frios. Concebidas para dias frios na moto, as nossas luvas t\u00e9rmicas masculinas Softshell bloqueiam o frio\" \/>\n<meta property=\"og:url\" content=\"https:\/\/gr-100.com\/pt-pt\/producto\/specialized-luvas-termicas-softshell-masculinas\/\" \/>\n<meta property=\"og:site_name\" content=\"Gr-100 Tienda de ciclismo Specialized\" \/>\n<meta property=\"article:publisher\" content=\"https:\/\/www.facebook.com\/Gr100Bikes\" \/>\n<meta property=\"article:modified_time\" content=\"2025-11-27T09:12:21+00:00\" \/>\n<meta property=\"og:image\" content=\"https:\/\/gr-100.com\/wp-content\/uploads\/2024\/10\/Screenshot-of-Guantes-termi.jpg\" \/>\n\t<meta property=\"og:image:width\" content=\"1000\" \/>\n\t<meta property=\"og:image:height\" content=\"1000\" \/>\n\t<meta property=\"og:image:type\" content=\"image\/jpeg\" \/>\n<meta name=\"twitter:card\" content=\"summary_large_image\" \/>\n<script type=\"application\/ld+json\" class=\"yoast-schema-graph\">{\"@context\":\"https:\/\/schema.org\",\"@graph\":[{\"@type\":\"WebPage\",\"@id\":\"https:\/\/gr-100.com\/pt-pt\/producto\/specialized-luvas-termicas-softshell-masculinas\/\",\"url\":\"https:\/\/gr-100.com\/pt-pt\/producto\/specialized-luvas-termicas-softshell-masculinas\/\",\"name\":\"Specialized Luvas T\u00e9rmicas Softshell Masculinas GR100\",\"isPartOf\":{\"@id\":\"https:\/\/gr-100.com\/#website\"},\"primaryImageOfPage\":{\"@id\":\"https:\/\/gr-100.com\/pt-pt\/producto\/specialized-luvas-termicas-softshell-masculinas\/#primaryimage\"},\"image\":{\"@id\":\"https:\/\/gr-100.com\/pt-pt\/producto\/specialized-luvas-termicas-softshell-masculinas\/#primaryimage\"},\"thumbnailUrl\":\"https:\/\/gr-100.com\/wp-content\/uploads\/2024\/10\/Screenshot-of-Guantes-termi.jpg\",\"datePublished\":\"2024-10-29T15:07:42+00:00\",\"dateModified\":\"2025-11-27T09:12:21+00:00\",\"description\":\"Nada pode arruinar um passeio mais r\u00e1pido do que dedos r\u00edgidos e frios. Concebidas para dias frios na moto, as nossas luvas t\u00e9rmicas masculinas Softshell bloqueiam o frio\",\"breadcrumb\":{\"@id\":\"https:\/\/gr-100.com\/pt-pt\/producto\/specialized-luvas-termicas-softshell-masculinas\/#breadcrumb\"},\"inLanguage\":\"pt-PT\",\"potentialAction\":[{\"@type\":\"ReadAction\",\"target\":[\"https:\/\/gr-100.com\/pt-pt\/producto\/specialized-luvas-termicas-softshell-masculinas\/\"]}]},{\"@type\":\"ImageObject\",\"inLanguage\":\"pt-PT\",\"@id\":\"https:\/\/gr-100.com\/pt-pt\/producto\/specialized-luvas-termicas-softshell-masculinas\/#primaryimage\",\"url\":\"https:\/\/gr-100.com\/wp-content\/uploads\/2024\/10\/Screenshot-of-Guantes-termi.jpg\",\"contentUrl\":\"https:\/\/gr-100.com\/wp-content\/uploads\/2024\/10\/Screenshot-of-Guantes-termi.jpg\",\"width\":1000,\"height\":1000},{\"@type\":\"BreadcrumbList\",\"@id\":\"https:\/\/gr-100.com\/pt-pt\/producto\/specialized-luvas-termicas-softshell-masculinas\/#breadcrumb\",\"itemListElement\":[{\"@type\":\"ListItem\",\"position\":1,\"name\":\"Portada\",\"item\":\"https:\/\/gr-100.com\/en\/\"},{\"@type\":\"ListItem\",\"position\":2,\"name\":\"Productos\",\"item\":\"https:\/\/gr-100.com\/?post_type=product\"},{\"@type\":\"ListItem\",\"position\":3,\"name\":\"Specialized Luvas T\u00e9rmicas Softshell Masculinas\"}]},{\"@type\":\"WebSite\",\"@id\":\"https:\/\/gr-100.com\/#website\",\"url\":\"https:\/\/gr-100.com\/\",\"name\":\"Gr-100 Tienda de ciclismo Specialized\",\"description\":\"GR-100 tenemos todas las gamas de bicicletas Specialized al mejor precio.\",\"publisher\":{\"@id\":\"https:\/\/gr-100.com\/#organization\"},\"alternateName\":\"Gr-100 Bikes\",\"potentialAction\":[{\"@type\":\"SearchAction\",\"target\":{\"@type\":\"EntryPoint\",\"urlTemplate\":\"https:\/\/gr-100.com\/?s={search_term_string}\"},\"query-input\":{\"@type\":\"PropertyValueSpecification\",\"valueRequired\":true,\"valueName\":\"search_term_string\"}}],\"inLanguage\":\"pt-PT\"},{\"@type\":\"Organization\",\"@id\":\"https:\/\/gr-100.com\/#organization\",\"name\":\"Gr-100\",\"url\":\"https:\/\/gr-100.com\/\",\"logo\":{\"@type\":\"ImageObject\",\"inLanguage\":\"pt-PT\",\"@id\":\"https:\/\/gr-100.com\/#\/schema\/logo\/image\/\",\"url\":\"https:\/\/gr-100.com\/wp-content\/uploads\/2023\/08\/logo-gr-100-bikes.png\",\"contentUrl\":\"https:\/\/gr-100.com\/wp-content\/uploads\/2023\/08\/logo-gr-100-bikes.png\",\"width\":707,\"height\":284,\"caption\":\"Gr-100\"},\"image\":{\"@id\":\"https:\/\/gr-100.com\/#\/schema\/logo\/image\/\"},\"sameAs\":[\"https:\/\/www.facebook.com\/Gr100Bikes\",\"https:\/\/www.instagram.com\/gr100bikes\/\",\"https:\/\/www.tiktok.com\/@gr100bikes\",\"https:\/\/twitter.com\/gr100mtbteam\",\"https:\/\/www.youtube.com\/c\/GR100Specialized\"]}]}<\/script>\n<!-- \/ Yoast SEO Premium plugin. -->","yoast_head_json":{"title":"Specialized Luvas T\u00e9rmicas Softshell Masculinas GR100","description":"Nada pode arruinar um passeio mais r\u00e1pido do que dedos r\u00edgidos e frios. Concebidas para dias frios na moto, as nossas luvas t\u00e9rmicas masculinas Softshell bloqueiam o frio","robots":{"index":"index","follow":"follow","max-snippet":"max-snippet:-1","max-image-preview":"max-image-preview:large","max-video-preview":"max-video-preview:-1"},"canonical":"https:\/\/gr-100.com\/pt-pt\/producto\/specialized-luvas-termicas-softshell-masculinas\/","og_locale":"pt_PT","og_type":"article","og_title":"Specialized Luvas T\u00e9rmicas Softshell Masculinas","og_description":"Nada pode arruinar um passeio mais r\u00e1pido do que dedos r\u00edgidos e frios. Concebidas para dias frios na moto, as nossas luvas t\u00e9rmicas masculinas Softshell bloqueiam o frio","og_url":"https:\/\/gr-100.com\/pt-pt\/producto\/specialized-luvas-termicas-softshell-masculinas\/","og_site_name":"Gr-100 Tienda de ciclismo Specialized","article_publisher":"https:\/\/www.facebook.com\/Gr100Bikes","article_modified_time":"2025-11-27T09:12:21+00:00","og_image":[{"width":1000,"height":1000,"url":"https:\/\/gr-100.com\/wp-content\/uploads\/2024\/10\/Screenshot-of-Guantes-termi.jpg","type":"image\/jpeg"}],"twitter_card":"summary_large_image","schema":{"@context":"https:\/\/schema.org","@graph":[{"@type":"WebPage","@id":"https:\/\/gr-100.com\/pt-pt\/producto\/specialized-luvas-termicas-softshell-masculinas\/","url":"https:\/\/gr-100.com\/pt-pt\/producto\/specialized-luvas-termicas-softshell-masculinas\/","name":"Specialized Luvas T\u00e9rmicas Softshell Masculinas GR100","isPartOf":{"@id":"https:\/\/gr-100.com\/#website"},"primaryImageOfPage":{"@id":"https:\/\/gr-100.com\/pt-pt\/producto\/specialized-luvas-termicas-softshell-masculinas\/#primaryimage"},"image":{"@id":"https:\/\/gr-100.com\/pt-pt\/producto\/specialized-luvas-termicas-softshell-masculinas\/#primaryimage"},"thumbnailUrl":"https:\/\/gr-100.com\/wp-content\/uploads\/2024\/10\/Screenshot-of-Guantes-termi.jpg","datePublished":"2024-10-29T15:07:42+00:00","dateModified":"2025-11-27T09:12:21+00:00","description":"Nada pode arruinar um passeio mais r\u00e1pido do que dedos r\u00edgidos e frios. Concebidas para dias frios na moto, as nossas luvas t\u00e9rmicas masculinas Softshell bloqueiam o frio","breadcrumb":{"@id":"https:\/\/gr-100.com\/pt-pt\/producto\/specialized-luvas-termicas-softshell-masculinas\/#breadcrumb"},"inLanguage":"pt-PT","potentialAction":[{"@type":"ReadAction","target":["https:\/\/gr-100.com\/pt-pt\/producto\/specialized-luvas-termicas-softshell-masculinas\/"]}]},{"@type":"ImageObject","inLanguage":"pt-PT","@id":"https:\/\/gr-100.com\/pt-pt\/producto\/specialized-luvas-termicas-softshell-masculinas\/#primaryimage","url":"https:\/\/gr-100.com\/wp-content\/uploads\/2024\/10\/Screenshot-of-Guantes-termi.jpg","contentUrl":"https:\/\/gr-100.com\/wp-content\/uploads\/2024\/10\/Screenshot-of-Guantes-termi.jpg","width":1000,"height":1000},{"@type":"BreadcrumbList","@id":"https:\/\/gr-100.com\/pt-pt\/producto\/specialized-luvas-termicas-softshell-masculinas\/#breadcrumb","itemListElement":[{"@type":"ListItem","position":1,"name":"Portada","item":"https:\/\/gr-100.com\/en\/"},{"@type":"ListItem","position":2,"name":"Productos","item":"https:\/\/gr-100.com\/?post_type=product"},{"@type":"ListItem","position":3,"name":"Specialized Luvas T\u00e9rmicas Softshell Masculinas"}]},{"@type":"WebSite","@id":"https:\/\/gr-100.com\/#website","url":"https:\/\/gr-100.com\/","name":"Gr-100 Tienda de ciclismo Specialized","description":"GR-100 tenemos todas las gamas de bicicletas Specialized al mejor precio.","publisher":{"@id":"https:\/\/gr-100.com\/#organization"},"alternateName":"Gr-100 Bikes","potentialAction":[{"@type":"SearchAction","target":{"@type":"EntryPoint","urlTemplate":"https:\/\/gr-100.com\/?s={search_term_string}"},"query-input":{"@type":"PropertyValueSpecification","valueRequired":true,"valueName":"search_term_string"}}],"inLanguage":"pt-PT"},{"@type":"Organization","@id":"https:\/\/gr-100.com\/#organization","name":"Gr-100","url":"https:\/\/gr-100.com\/","logo":{"@type":"ImageObject","inLanguage":"pt-PT","@id":"https:\/\/gr-100.com\/#\/schema\/logo\/image\/","url":"https:\/\/gr-100.com\/wp-content\/uploads\/2023\/08\/logo-gr-100-bikes.png","contentUrl":"https:\/\/gr-100.com\/wp-content\/uploads\/2023\/08\/logo-gr-100-bikes.png","width":707,"height":284,"caption":"Gr-100"},"image":{"@id":"https:\/\/gr-100.com\/#\/schema\/logo\/image\/"},"sameAs":["https:\/\/www.facebook.com\/Gr100Bikes","https:\/\/www.instagram.com\/gr100bikes\/","https:\/\/www.tiktok.com\/@gr100bikes","https:\/\/twitter.com\/gr100mtbteam","https:\/\/www.youtube.com\/c\/GR100Specialized"]}]}},"_links":{"self":[{"href":"https:\/\/gr-100.com\/pt-pt\/wp-json\/wp\/v2\/product\/394418","targetHints":{"allow":["GET"]}}],"collection":[{"href":"https:\/\/gr-100.com\/pt-pt\/wp-json\/wp\/v2\/product"}],"about":[{"href":"https:\/\/gr-100.com\/pt-pt\/wp-json\/wp\/v2\/types\/product"}],"replies":[{"embeddable":true,"href":"https:\/\/gr-100.com\/pt-pt\/wp-json\/wp\/v2\/comments?post=394418"}],"wp:featuredmedia":[{"embeddable":true,"href":"https:\/\/gr-100.com\/pt-pt\/wp-json\/wp\/v2\/media\/394399"}],"wp:attachment":[{"href":"https:\/\/gr-100.com\/pt-pt\/wp-json\/wp\/v2\/media?parent=394418"}],"wp:term":[{"taxonomy":"product_brand","embeddable":true,"href":"https:\/\/gr-100.com\/pt-pt\/wp-json\/wp\/v2\/product_brand?post=394418"},{"taxonomy":"product_cat","embeddable":true,"href":"https:\/\/gr-100.com\/pt-pt\/wp-json\/wp\/v2\/product_cat?post=394418"},{"taxonomy":"product_tag","embeddable":true,"href":"https:\/\/gr-100.com\/pt-pt\/wp-json\/wp\/v2\/product_tag?post=394418"}],"curies":[{"name":"wp","href":"https:\/\/api.w.org\/{rel}","templated":true}]}}