{"id":394611,"date":"2024-10-30T11:38:46","date_gmt":"2024-10-30T09:38:46","guid":{"rendered":"https:\/\/gr-100.com\/producto\/specialized-bomba-mtb-para-ferramentas-de-ar\/"},"modified":"2026-01-27T12:08:10","modified_gmt":"2026-01-27T10:08:10","slug":"specialized-bomba-mtb-para-ferramentas-de-ar","status":"publish","type":"product","link":"https:\/\/gr-100.com\/pt-pt\/producto\/specialized-bomba-mtb-para-ferramentas-de-ar\/","title":{"rendered":"Specialized Bomba MTB para ferramentas de ar"},"content":{"rendered":"<ul>\n<li>O design de c\u00e2mara dupla invertida \u00e9 menor, mas move 28% mais ar por curso em compara\u00e7\u00e3o com nosso projeto anterior, reduzindo o tempo de bombeamento em at\u00e9 dois minutos.<\/li>\n<li>A cabe\u00e7a de bloqueio rotativa converte-se facilmente para encaixar v\u00e1lvulas Presta ou Schrader.<\/li>\n<li>Superf\u00edcie maquinada para uma melhor ader\u00eancia.<\/li>\n<li>C\u00e2mara de alum\u00ednio para melhorar a resist\u00eancia e durabilidade.<\/li>\n<li>Inclui suporte de montagem na gaiola da garrafa.<\/li>\n<li>Tampa antipoeira que evita a abertura indesejada.<\/li>\n<li>Press\u00e3o m\u00e1xima: 60 PSI (4.1 bar)<\/li>\n<li>Volume de ar por descarga: 100cc<\/li>\n<\/ul>\n","protected":false},"excerpt":{"rendered":"<p>A Air Tool MTB \u00e9 a bomba de quadro de alto volume mais dur\u00e1vel e confi\u00e1vel. Ele foi projetado para o transporte na bicicleta e uso em quaisquer condi\u00e7\u00f5es de estrada. Voc\u00ea descobrir\u00e1 que invertemos o projeto para aumentar consideravelmente sua capacidade de ar e, assim, reduzir o tempo de bombeamento em at\u00e9 dois minutos.  <\/p>\n","protected":false},"featured_media":394605,"comment_status":"open","ping_status":"closed","template":"","meta":{"_acf_changed":false,"_et_pb_use_builder":"","_et_pb_old_content":"","_et_gb_content_width":"","inline_featured_image":false},"product_brand":[],"product_cat":[361,362],"product_tag":[],"class_list":{"0":"post-394611","1":"product","2":"type-product","3":"status-publish","4":"has-post-thumbnail","6":"product_cat-acessorios","7":"product_cat-bombas-pt-pt","9":"first","10":"instock","11":"taxable","12":"shipping-taxable","13":"purchasable","14":"product-type-simple"},"acf":[],"yoast_head":"<!-- This site is optimized with the Yoast SEO Premium plugin v26.7 (Yoast SEO v26.7) - https:\/\/yoast.com\/wordpress\/plugins\/seo\/ -->\n<title>Specialized Turbo Levo 4 Expert<\/title>\n<meta name=\"description\" content=\"A Air Tool MTB \u00e9 a bomba de quadro de alto volume mais dur\u00e1vel e confi\u00e1vel. Projetado para transporte na bicicleta\" \/>\n<meta name=\"robots\" content=\"index, follow, max-snippet:-1, max-image-preview:large, max-video-preview:-1\" \/>\n<link rel=\"canonical\" href=\"https:\/\/gr-100.com\/pt-pt\/producto\/specialized-bomba-mtb-para-ferramentas-de-ar\/\" \/>\n<meta property=\"og:locale\" content=\"pt_PT\" \/>\n<meta property=\"og:type\" content=\"article\" \/>\n<meta property=\"og:title\" content=\"Specialized Bomba MTB para ferramentas de ar\" \/>\n<meta property=\"og:description\" content=\"A Air Tool MTB \u00e9 a bomba de quadro de alto volume mais dur\u00e1vel e confi\u00e1vel. Projetado para transporte na bicicleta\" \/>\n<meta property=\"og:url\" content=\"https:\/\/gr-100.com\/pt-pt\/producto\/specialized-bomba-mtb-para-ferramentas-de-ar\/\" \/>\n<meta property=\"og:site_name\" content=\"Gr-100 Tienda de ciclismo Specialized\" \/>\n<meta property=\"article:publisher\" content=\"https:\/\/www.facebook.com\/Gr100Bikes\" \/>\n<meta property=\"article:modified_time\" content=\"2026-01-27T10:08:10+00:00\" \/>\n<meta property=\"og:image\" content=\"https:\/\/gr-100.com\/wp-content\/uploads\/2024\/10\/Screenshot-of-Bomba-Air-Too.jpg\" \/>\n\t<meta property=\"og:image:width\" content=\"1000\" \/>\n\t<meta property=\"og:image:height\" content=\"1000\" \/>\n\t<meta property=\"og:image:type\" content=\"image\/jpeg\" \/>\n<meta name=\"twitter:card\" content=\"summary_large_image\" \/>\n<script type=\"application\/ld+json\" class=\"yoast-schema-graph\">{\"@context\":\"https:\/\/schema.org\",\"@graph\":[{\"@type\":\"WebPage\",\"@id\":\"https:\/\/gr-100.com\/pt-pt\/producto\/specialized-bomba-mtb-para-ferramentas-de-ar\/\",\"url\":\"https:\/\/gr-100.com\/pt-pt\/producto\/specialized-bomba-mtb-para-ferramentas-de-ar\/\",\"name\":\"Specialized Turbo Levo 4 Expert\",\"isPartOf\":{\"@id\":\"https:\/\/gr-100.com\/#website\"},\"primaryImageOfPage\":{\"@id\":\"https:\/\/gr-100.com\/pt-pt\/producto\/specialized-bomba-mtb-para-ferramentas-de-ar\/#primaryimage\"},\"image\":{\"@id\":\"https:\/\/gr-100.com\/pt-pt\/producto\/specialized-bomba-mtb-para-ferramentas-de-ar\/#primaryimage\"},\"thumbnailUrl\":\"https:\/\/gr-100.com\/wp-content\/uploads\/2024\/10\/Screenshot-of-Bomba-Air-Too.jpg\",\"datePublished\":\"2024-10-30T09:38:46+00:00\",\"dateModified\":\"2026-01-27T10:08:10+00:00\",\"description\":\"A Air Tool MTB \u00e9 a bomba de quadro de alto volume mais dur\u00e1vel e confi\u00e1vel. Projetado para transporte na bicicleta\",\"breadcrumb\":{\"@id\":\"https:\/\/gr-100.com\/pt-pt\/producto\/specialized-bomba-mtb-para-ferramentas-de-ar\/#breadcrumb\"},\"inLanguage\":\"pt-PT\",\"potentialAction\":[{\"@type\":\"ReadAction\",\"target\":[\"https:\/\/gr-100.com\/pt-pt\/producto\/specialized-bomba-mtb-para-ferramentas-de-ar\/\"]}]},{\"@type\":\"ImageObject\",\"inLanguage\":\"pt-PT\",\"@id\":\"https:\/\/gr-100.com\/pt-pt\/producto\/specialized-bomba-mtb-para-ferramentas-de-ar\/#primaryimage\",\"url\":\"https:\/\/gr-100.com\/wp-content\/uploads\/2024\/10\/Screenshot-of-Bomba-Air-Too.jpg\",\"contentUrl\":\"https:\/\/gr-100.com\/wp-content\/uploads\/2024\/10\/Screenshot-of-Bomba-Air-Too.jpg\",\"width\":1000,\"height\":1000},{\"@type\":\"BreadcrumbList\",\"@id\":\"https:\/\/gr-100.com\/pt-pt\/producto\/specialized-bomba-mtb-para-ferramentas-de-ar\/#breadcrumb\",\"itemListElement\":[{\"@type\":\"ListItem\",\"position\":1,\"name\":\"Portada\",\"item\":\"https:\/\/gr-100.com\/en\/\"},{\"@type\":\"ListItem\",\"position\":2,\"name\":\"Productos\",\"item\":\"https:\/\/gr-100.com\/?post_type=product\"},{\"@type\":\"ListItem\",\"position\":3,\"name\":\"Specialized Bomba MTB para ferramentas de ar\"}]},{\"@type\":\"WebSite\",\"@id\":\"https:\/\/gr-100.com\/#website\",\"url\":\"https:\/\/gr-100.com\/\",\"name\":\"Gr-100 Tienda de ciclismo Specialized\",\"description\":\"GR-100 tenemos todas las gamas de bicicletas Specialized al mejor precio.\",\"publisher\":{\"@id\":\"https:\/\/gr-100.com\/#organization\"},\"alternateName\":\"Gr-100 Bikes\",\"potentialAction\":[{\"@type\":\"SearchAction\",\"target\":{\"@type\":\"EntryPoint\",\"urlTemplate\":\"https:\/\/gr-100.com\/?s={search_term_string}\"},\"query-input\":{\"@type\":\"PropertyValueSpecification\",\"valueRequired\":true,\"valueName\":\"search_term_string\"}}],\"inLanguage\":\"pt-PT\"},{\"@type\":\"Organization\",\"@id\":\"https:\/\/gr-100.com\/#organization\",\"name\":\"Gr-100\",\"url\":\"https:\/\/gr-100.com\/\",\"logo\":{\"@type\":\"ImageObject\",\"inLanguage\":\"pt-PT\",\"@id\":\"https:\/\/gr-100.com\/#\/schema\/logo\/image\/\",\"url\":\"https:\/\/gr-100.com\/wp-content\/uploads\/2023\/08\/logo-gr-100-bikes.png\",\"contentUrl\":\"https:\/\/gr-100.com\/wp-content\/uploads\/2023\/08\/logo-gr-100-bikes.png\",\"width\":707,\"height\":284,\"caption\":\"Gr-100\"},\"image\":{\"@id\":\"https:\/\/gr-100.com\/#\/schema\/logo\/image\/\"},\"sameAs\":[\"https:\/\/www.facebook.com\/Gr100Bikes\",\"https:\/\/www.instagram.com\/gr100bikes\/\",\"https:\/\/www.tiktok.com\/@gr100bikes\",\"https:\/\/twitter.com\/gr100mtbteam\",\"https:\/\/www.youtube.com\/c\/GR100Specialized\"]}]}<\/script>\n<!-- \/ Yoast SEO Premium plugin. -->","yoast_head_json":{"title":"Specialized Turbo Levo 4 Expert","description":"A Air Tool MTB \u00e9 a bomba de quadro de alto volume mais dur\u00e1vel e confi\u00e1vel. Projetado para transporte na bicicleta","robots":{"index":"index","follow":"follow","max-snippet":"max-snippet:-1","max-image-preview":"max-image-preview:large","max-video-preview":"max-video-preview:-1"},"canonical":"https:\/\/gr-100.com\/pt-pt\/producto\/specialized-bomba-mtb-para-ferramentas-de-ar\/","og_locale":"pt_PT","og_type":"article","og_title":"Specialized Bomba MTB para ferramentas de ar","og_description":"A Air Tool MTB \u00e9 a bomba de quadro de alto volume mais dur\u00e1vel e confi\u00e1vel. Projetado para transporte na bicicleta","og_url":"https:\/\/gr-100.com\/pt-pt\/producto\/specialized-bomba-mtb-para-ferramentas-de-ar\/","og_site_name":"Gr-100 Tienda de ciclismo Specialized","article_publisher":"https:\/\/www.facebook.com\/Gr100Bikes","article_modified_time":"2026-01-27T10:08:10+00:00","og_image":[{"width":1000,"height":1000,"url":"https:\/\/gr-100.com\/wp-content\/uploads\/2024\/10\/Screenshot-of-Bomba-Air-Too.jpg","type":"image\/jpeg"}],"twitter_card":"summary_large_image","schema":{"@context":"https:\/\/schema.org","@graph":[{"@type":"WebPage","@id":"https:\/\/gr-100.com\/pt-pt\/producto\/specialized-bomba-mtb-para-ferramentas-de-ar\/","url":"https:\/\/gr-100.com\/pt-pt\/producto\/specialized-bomba-mtb-para-ferramentas-de-ar\/","name":"Specialized Turbo Levo 4 Expert","isPartOf":{"@id":"https:\/\/gr-100.com\/#website"},"primaryImageOfPage":{"@id":"https:\/\/gr-100.com\/pt-pt\/producto\/specialized-bomba-mtb-para-ferramentas-de-ar\/#primaryimage"},"image":{"@id":"https:\/\/gr-100.com\/pt-pt\/producto\/specialized-bomba-mtb-para-ferramentas-de-ar\/#primaryimage"},"thumbnailUrl":"https:\/\/gr-100.com\/wp-content\/uploads\/2024\/10\/Screenshot-of-Bomba-Air-Too.jpg","datePublished":"2024-10-30T09:38:46+00:00","dateModified":"2026-01-27T10:08:10+00:00","description":"A Air Tool MTB \u00e9 a bomba de quadro de alto volume mais dur\u00e1vel e confi\u00e1vel. Projetado para transporte na bicicleta","breadcrumb":{"@id":"https:\/\/gr-100.com\/pt-pt\/producto\/specialized-bomba-mtb-para-ferramentas-de-ar\/#breadcrumb"},"inLanguage":"pt-PT","potentialAction":[{"@type":"ReadAction","target":["https:\/\/gr-100.com\/pt-pt\/producto\/specialized-bomba-mtb-para-ferramentas-de-ar\/"]}]},{"@type":"ImageObject","inLanguage":"pt-PT","@id":"https:\/\/gr-100.com\/pt-pt\/producto\/specialized-bomba-mtb-para-ferramentas-de-ar\/#primaryimage","url":"https:\/\/gr-100.com\/wp-content\/uploads\/2024\/10\/Screenshot-of-Bomba-Air-Too.jpg","contentUrl":"https:\/\/gr-100.com\/wp-content\/uploads\/2024\/10\/Screenshot-of-Bomba-Air-Too.jpg","width":1000,"height":1000},{"@type":"BreadcrumbList","@id":"https:\/\/gr-100.com\/pt-pt\/producto\/specialized-bomba-mtb-para-ferramentas-de-ar\/#breadcrumb","itemListElement":[{"@type":"ListItem","position":1,"name":"Portada","item":"https:\/\/gr-100.com\/en\/"},{"@type":"ListItem","position":2,"name":"Productos","item":"https:\/\/gr-100.com\/?post_type=product"},{"@type":"ListItem","position":3,"name":"Specialized Bomba MTB para ferramentas de ar"}]},{"@type":"WebSite","@id":"https:\/\/gr-100.com\/#website","url":"https:\/\/gr-100.com\/","name":"Gr-100 Tienda de ciclismo Specialized","description":"GR-100 tenemos todas las gamas de bicicletas Specialized al mejor precio.","publisher":{"@id":"https:\/\/gr-100.com\/#organization"},"alternateName":"Gr-100 Bikes","potentialAction":[{"@type":"SearchAction","target":{"@type":"EntryPoint","urlTemplate":"https:\/\/gr-100.com\/?s={search_term_string}"},"query-input":{"@type":"PropertyValueSpecification","valueRequired":true,"valueName":"search_term_string"}}],"inLanguage":"pt-PT"},{"@type":"Organization","@id":"https:\/\/gr-100.com\/#organization","name":"Gr-100","url":"https:\/\/gr-100.com\/","logo":{"@type":"ImageObject","inLanguage":"pt-PT","@id":"https:\/\/gr-100.com\/#\/schema\/logo\/image\/","url":"https:\/\/gr-100.com\/wp-content\/uploads\/2023\/08\/logo-gr-100-bikes.png","contentUrl":"https:\/\/gr-100.com\/wp-content\/uploads\/2023\/08\/logo-gr-100-bikes.png","width":707,"height":284,"caption":"Gr-100"},"image":{"@id":"https:\/\/gr-100.com\/#\/schema\/logo\/image\/"},"sameAs":["https:\/\/www.facebook.com\/Gr100Bikes","https:\/\/www.instagram.com\/gr100bikes\/","https:\/\/www.tiktok.com\/@gr100bikes","https:\/\/twitter.com\/gr100mtbteam","https:\/\/www.youtube.com\/c\/GR100Specialized"]}]}},"_links":{"self":[{"href":"https:\/\/gr-100.com\/pt-pt\/wp-json\/wp\/v2\/product\/394611","targetHints":{"allow":["GET"]}}],"collection":[{"href":"https:\/\/gr-100.com\/pt-pt\/wp-json\/wp\/v2\/product"}],"about":[{"href":"https:\/\/gr-100.com\/pt-pt\/wp-json\/wp\/v2\/types\/product"}],"replies":[{"embeddable":true,"href":"https:\/\/gr-100.com\/pt-pt\/wp-json\/wp\/v2\/comments?post=394611"}],"wp:featuredmedia":[{"embeddable":true,"href":"https:\/\/gr-100.com\/pt-pt\/wp-json\/wp\/v2\/media\/394605"}],"wp:attachment":[{"href":"https:\/\/gr-100.com\/pt-pt\/wp-json\/wp\/v2\/media?parent=394611"}],"wp:term":[{"taxonomy":"product_brand","embeddable":true,"href":"https:\/\/gr-100.com\/pt-pt\/wp-json\/wp\/v2\/product_brand?post=394611"},{"taxonomy":"product_cat","embeddable":true,"href":"https:\/\/gr-100.com\/pt-pt\/wp-json\/wp\/v2\/product_cat?post=394611"},{"taxonomy":"product_tag","embeddable":true,"href":"https:\/\/gr-100.com\/pt-pt\/wp-json\/wp\/v2\/product_tag?post=394611"}],"curies":[{"name":"wp","href":"https:\/\/api.w.org\/{rel}","templated":true}]}}