{"id":394663,"date":"2024-10-30T11:58:21","date_gmt":"2024-10-30T09:58:21","guid":{"rendered":"https:\/\/gr-100.com\/producto\/specialized-corrida-de-demonstracao-2024\/"},"modified":"2025-09-22T16:46:50","modified_gmt":"2025-09-22T14:46:50","slug":"specialized-corrida-de-demonstracao-2024","status":"publish","type":"product","link":"https:\/\/gr-100.com\/pt-pt\/producto\/specialized-corrida-de-demonstracao-2024\/","title":{"rendered":"Specialized Corrida de demonstra\u00e7\u00e3o 2024"},"content":{"rendered":"<ul>\n<li>\u2022 Quadro: liga M5, geometria DH espec\u00edfica do estilo, chip flip com chip horst chip de roda traseira de 27,5&#8243; ou 29&#8243;, suporte inferior roscado BSA, roteamento de cabo interno completo com op\u00e7\u00e3o para freio externo completo, espa\u00e7amento traseiro de 148 mm, piv\u00f4s de rolamento selados, queda de c\u00e2mbio substitu\u00edvel, curso de 200 mm<\/li>\n<li>Choque traseiro: Bobina \u00d6hlins TTX22M.2, ajuste de rebote externo, ajuste externo de compress\u00e3o de alta e baixa velocidade, montagem de trunnion, 225&#215;75 <\/li>\n<li>Forquilha: \u00d6hlins DH38 M.1 29, amortecimento TTX Twin Tube, ajuste externo de rebote de baixa velocidade, ajuste externo de compress\u00e3o de alta e baixa velocidade, 20x110mm, deslocamento de 58mm, curso de 200mm<\/li>\n<li>Haste: Renthal Integra Direct Mount 35mm, 45mm comprimento<\/li>\n<li>Guiador: Renthal Fatbar 35, 5 graus upsweep, 7 graus backsweep, 30mm de eleva\u00e7\u00e3o, 800mm largura, 35.0m<\/li>\n<li>Punhos: Deidade, Lockjaw<\/li>\n<li>Freio dianteiro: SRAM c\u00f3digo RSC, pin\u00e7a de 4 pist\u00f5es, disco hidr\u00e1ulico, 220mm<\/li>\n<li>Freio traseiro: SRAM C\u00f3digo RSC, pin\u00e7a de 4 pist\u00f5es, disco hidr\u00e1ulico, 200mm<\/li>\n<li>Derailleur traseiro: SRAM X01 DH, 7 velocidades, gatilho<\/li>\n<li>Shifters: SRAM X01 DH, gatilho, 7 velocidades<\/li>\n<li>: SRAM X01 DH, 7 velocidades, 10-24t<\/li>\n<li>Corrente: SRAM PC1130 com Powerlink, 11 velocidades<\/li>\n<li>Virabrequim: SRAM X01 DH, DUB, carbono, chainring de montagem direta, 165mm<\/li>\n<li>Suporte inferior: SRAM DUB, 83mm<\/li>\n<li>Roda dianteira: Roval Traverse Gravity Alloy, cubo DT 350 de 29&#8243;, jante de liga leve de 32 raios, largura interna de 28mm, 20x110mm<\/li>\n<li>Roda traseira: Roval Traverse Gravity Alloy, cubo DT 350 de 27,5&#8243;, jante de liga leve de 32 raios, largura interna de 28mm, 12x148mm<\/li>\n<li>Pneu dianteiro: Canibal, inv\u00f3lucro GRID GRAVITY, composto GRIPTON\u00ae T9, 2Bliss Ready, 29&#215;2.3&#8243;<\/li>\n<li>Pneu traseiro: Canibal, inv\u00f3lucro GRID GRAVITY, composto GRIPTON\u00ae T9, 2Bliss Ready, 27.5&#215;2.3&#8243;<\/li>\n<li>Sela: Geometria do corpo Henge DH, trilhos ocos de tit\u00e2nio, 130mm<\/li>\n<li>C\u00e2maras: Standard, Presta<\/li>\n<li>Espig\u00e3o: Thomson, liga, reto, com grampo de 12 graus<\/li>\n<li>Bra\u00e7adeira de sela: Liga, 34.9mm<\/li>\n<\/ul>\n","protected":false},"excerpt":{"rendered":"<p>Vencedora de v\u00e1rios campeonatos mundiais, a Specialized Demo Race \u00e9 uma moto de downhill do mais alto n\u00edvel. Tem um quadro adapt\u00e1vel para jantes de 29&#8243; ou 27,5&#8243;. Equipada com uma suspens\u00e3o \u00d6hlins de elite e uma cadeia cinem\u00e1tica SRAM X01 DH, esta m\u00e1quina est\u00e1 pronta para enfrentar os terrenos mais desafiantes com precis\u00e3o e pot\u00eancia.  <\/p>\n","protected":false},"featured_media":394614,"comment_status":"open","ping_status":"closed","template":"","meta":{"_acf_changed":false,"_et_pb_use_builder":"","_et_pb_old_content":"","_et_gb_content_width":"","inline_featured_image":false},"product_brand":[],"product_cat":[402,2696],"product_tag":[],"class_list":{"0":"post-394663","1":"product","2":"type-product","3":"status-publish","4":"has-post-thumbnail","6":"product_cat-montanha","7":"product_cat-ofertas-especializadas","8":"product_shipping_class-bicicletas-pt-pt","10":"first","11":"outofstock","12":"taxable","13":"shipping-taxable","14":"product-type-variable","15":"wvs-archive-product-wrapper"},"acf":[],"yoast_head":"<!-- This site is optimized with the Yoast SEO Premium plugin v26.7 (Yoast SEO v26.7) - https:\/\/yoast.com\/wordpress\/plugins\/seo\/ -->\n<title>Specialized Corrida de demonstra\u00e7\u00e3o 2024 GR-100<\/title>\n<meta name=\"description\" content=\"Vencedora do campeonato mundial, Specialized Demo Race \u00e9 uma moto de downhill do mais alto n\u00edvel. Suspens\u00e3o \u00d6hlins, transmiss\u00e3o SRAM X01 DH\" \/>\n<meta name=\"robots\" content=\"index, follow, max-snippet:-1, max-image-preview:large, max-video-preview:-1\" \/>\n<link rel=\"canonical\" href=\"https:\/\/gr-100.com\/pt-pt\/producto\/specialized-corrida-de-demonstracao-2024\/\" \/>\n<meta property=\"og:locale\" content=\"pt_PT\" \/>\n<meta property=\"og:type\" content=\"article\" \/>\n<meta property=\"og:title\" content=\"Specialized Corrida de demonstra\u00e7\u00e3o 2024\" \/>\n<meta property=\"og:description\" content=\"Vencedora do campeonato mundial, Specialized Demo Race \u00e9 uma moto de downhill do mais alto n\u00edvel. Suspens\u00e3o \u00d6hlins, transmiss\u00e3o SRAM X01 DH\" \/>\n<meta property=\"og:url\" content=\"https:\/\/gr-100.com\/pt-pt\/producto\/specialized-corrida-de-demonstracao-2024\/\" \/>\n<meta property=\"og:site_name\" content=\"Gr-100 Tienda de ciclismo Specialized\" \/>\n<meta property=\"article:publisher\" content=\"https:\/\/www.facebook.com\/Gr100Bikes\" \/>\n<meta property=\"article:modified_time\" content=\"2025-09-22T14:46:50+00:00\" \/>\n<meta property=\"og:image\" content=\"https:\/\/gr-100.com\/wp-content\/uploads\/2024\/10\/Screenshot-of-DEMO-RACE-11.jpg\" \/>\n\t<meta property=\"og:image:width\" content=\"1000\" \/>\n\t<meta property=\"og:image:height\" content=\"1000\" \/>\n\t<meta property=\"og:image:type\" content=\"image\/jpeg\" \/>\n<meta name=\"twitter:card\" content=\"summary_large_image\" \/>\n<meta name=\"twitter:label1\" content=\"Tempo estimado de leitura\" \/>\n\t<meta name=\"twitter:data1\" content=\"2 minutos\" \/>\n<script type=\"application\/ld+json\" class=\"yoast-schema-graph\">{\"@context\":\"https:\/\/schema.org\",\"@graph\":[{\"@type\":\"WebPage\",\"@id\":\"https:\/\/gr-100.com\/pt-pt\/producto\/specialized-corrida-de-demonstracao-2024\/\",\"url\":\"https:\/\/gr-100.com\/pt-pt\/producto\/specialized-corrida-de-demonstracao-2024\/\",\"name\":\"Specialized Corrida de demonstra\u00e7\u00e3o 2024 GR-100\",\"isPartOf\":{\"@id\":\"https:\/\/gr-100.com\/#website\"},\"primaryImageOfPage\":{\"@id\":\"https:\/\/gr-100.com\/pt-pt\/producto\/specialized-corrida-de-demonstracao-2024\/#primaryimage\"},\"image\":{\"@id\":\"https:\/\/gr-100.com\/pt-pt\/producto\/specialized-corrida-de-demonstracao-2024\/#primaryimage\"},\"thumbnailUrl\":\"https:\/\/gr-100.com\/wp-content\/uploads\/2024\/10\/Screenshot-of-DEMO-RACE-11.jpg\",\"datePublished\":\"2024-10-30T09:58:21+00:00\",\"dateModified\":\"2025-09-22T14:46:50+00:00\",\"description\":\"Vencedora do campeonato mundial, Specialized Demo Race \u00e9 uma moto de downhill do mais alto n\u00edvel. Suspens\u00e3o \u00d6hlins, transmiss\u00e3o SRAM X01 DH\",\"breadcrumb\":{\"@id\":\"https:\/\/gr-100.com\/pt-pt\/producto\/specialized-corrida-de-demonstracao-2024\/#breadcrumb\"},\"inLanguage\":\"pt-PT\",\"potentialAction\":[{\"@type\":\"ReadAction\",\"target\":[\"https:\/\/gr-100.com\/pt-pt\/producto\/specialized-corrida-de-demonstracao-2024\/\"]}]},{\"@type\":\"ImageObject\",\"inLanguage\":\"pt-PT\",\"@id\":\"https:\/\/gr-100.com\/pt-pt\/producto\/specialized-corrida-de-demonstracao-2024\/#primaryimage\",\"url\":\"https:\/\/gr-100.com\/wp-content\/uploads\/2024\/10\/Screenshot-of-DEMO-RACE-11.jpg\",\"contentUrl\":\"https:\/\/gr-100.com\/wp-content\/uploads\/2024\/10\/Screenshot-of-DEMO-RACE-11.jpg\",\"width\":1000,\"height\":1000},{\"@type\":\"BreadcrumbList\",\"@id\":\"https:\/\/gr-100.com\/pt-pt\/producto\/specialized-corrida-de-demonstracao-2024\/#breadcrumb\",\"itemListElement\":[{\"@type\":\"ListItem\",\"position\":1,\"name\":\"Portada\",\"item\":\"https:\/\/gr-100.com\/en\/\"},{\"@type\":\"ListItem\",\"position\":2,\"name\":\"Productos\",\"item\":\"https:\/\/gr-100.com\/?post_type=product\"},{\"@type\":\"ListItem\",\"position\":3,\"name\":\"Specialized Corrida de demonstra\u00e7\u00e3o 2024\"}]},{\"@type\":\"WebSite\",\"@id\":\"https:\/\/gr-100.com\/#website\",\"url\":\"https:\/\/gr-100.com\/\",\"name\":\"Gr-100 Tienda de ciclismo Specialized\",\"description\":\"GR-100 tenemos todas las gamas de bicicletas Specialized al mejor precio.\",\"publisher\":{\"@id\":\"https:\/\/gr-100.com\/#organization\"},\"alternateName\":\"Gr-100 Bikes\",\"potentialAction\":[{\"@type\":\"SearchAction\",\"target\":{\"@type\":\"EntryPoint\",\"urlTemplate\":\"https:\/\/gr-100.com\/?s={search_term_string}\"},\"query-input\":{\"@type\":\"PropertyValueSpecification\",\"valueRequired\":true,\"valueName\":\"search_term_string\"}}],\"inLanguage\":\"pt-PT\"},{\"@type\":\"Organization\",\"@id\":\"https:\/\/gr-100.com\/#organization\",\"name\":\"Gr-100\",\"url\":\"https:\/\/gr-100.com\/\",\"logo\":{\"@type\":\"ImageObject\",\"inLanguage\":\"pt-PT\",\"@id\":\"https:\/\/gr-100.com\/#\/schema\/logo\/image\/\",\"url\":\"https:\/\/gr-100.com\/wp-content\/uploads\/2023\/08\/logo-gr-100-bikes.png\",\"contentUrl\":\"https:\/\/gr-100.com\/wp-content\/uploads\/2023\/08\/logo-gr-100-bikes.png\",\"width\":707,\"height\":284,\"caption\":\"Gr-100\"},\"image\":{\"@id\":\"https:\/\/gr-100.com\/#\/schema\/logo\/image\/\"},\"sameAs\":[\"https:\/\/www.facebook.com\/Gr100Bikes\",\"https:\/\/www.instagram.com\/gr100bikes\/\",\"https:\/\/www.tiktok.com\/@gr100bikes\",\"https:\/\/twitter.com\/gr100mtbteam\",\"https:\/\/www.youtube.com\/c\/GR100Specialized\"]}]}<\/script>\n<!-- \/ Yoast SEO Premium plugin. -->","yoast_head_json":{"title":"Specialized Corrida de demonstra\u00e7\u00e3o 2024 GR-100","description":"Vencedora do campeonato mundial, Specialized Demo Race \u00e9 uma moto de downhill do mais alto n\u00edvel. Suspens\u00e3o \u00d6hlins, transmiss\u00e3o SRAM X01 DH","robots":{"index":"index","follow":"follow","max-snippet":"max-snippet:-1","max-image-preview":"max-image-preview:large","max-video-preview":"max-video-preview:-1"},"canonical":"https:\/\/gr-100.com\/pt-pt\/producto\/specialized-corrida-de-demonstracao-2024\/","og_locale":"pt_PT","og_type":"article","og_title":"Specialized Corrida de demonstra\u00e7\u00e3o 2024","og_description":"Vencedora do campeonato mundial, Specialized Demo Race \u00e9 uma moto de downhill do mais alto n\u00edvel. Suspens\u00e3o \u00d6hlins, transmiss\u00e3o SRAM X01 DH","og_url":"https:\/\/gr-100.com\/pt-pt\/producto\/specialized-corrida-de-demonstracao-2024\/","og_site_name":"Gr-100 Tienda de ciclismo Specialized","article_publisher":"https:\/\/www.facebook.com\/Gr100Bikes","article_modified_time":"2025-09-22T14:46:50+00:00","og_image":[{"width":1000,"height":1000,"url":"https:\/\/gr-100.com\/wp-content\/uploads\/2024\/10\/Screenshot-of-DEMO-RACE-11.jpg","type":"image\/jpeg"}],"twitter_card":"summary_large_image","twitter_misc":{"Tempo estimado de leitura":"2 minutos"},"schema":{"@context":"https:\/\/schema.org","@graph":[{"@type":"WebPage","@id":"https:\/\/gr-100.com\/pt-pt\/producto\/specialized-corrida-de-demonstracao-2024\/","url":"https:\/\/gr-100.com\/pt-pt\/producto\/specialized-corrida-de-demonstracao-2024\/","name":"Specialized Corrida de demonstra\u00e7\u00e3o 2024 GR-100","isPartOf":{"@id":"https:\/\/gr-100.com\/#website"},"primaryImageOfPage":{"@id":"https:\/\/gr-100.com\/pt-pt\/producto\/specialized-corrida-de-demonstracao-2024\/#primaryimage"},"image":{"@id":"https:\/\/gr-100.com\/pt-pt\/producto\/specialized-corrida-de-demonstracao-2024\/#primaryimage"},"thumbnailUrl":"https:\/\/gr-100.com\/wp-content\/uploads\/2024\/10\/Screenshot-of-DEMO-RACE-11.jpg","datePublished":"2024-10-30T09:58:21+00:00","dateModified":"2025-09-22T14:46:50+00:00","description":"Vencedora do campeonato mundial, Specialized Demo Race \u00e9 uma moto de downhill do mais alto n\u00edvel. Suspens\u00e3o \u00d6hlins, transmiss\u00e3o SRAM X01 DH","breadcrumb":{"@id":"https:\/\/gr-100.com\/pt-pt\/producto\/specialized-corrida-de-demonstracao-2024\/#breadcrumb"},"inLanguage":"pt-PT","potentialAction":[{"@type":"ReadAction","target":["https:\/\/gr-100.com\/pt-pt\/producto\/specialized-corrida-de-demonstracao-2024\/"]}]},{"@type":"ImageObject","inLanguage":"pt-PT","@id":"https:\/\/gr-100.com\/pt-pt\/producto\/specialized-corrida-de-demonstracao-2024\/#primaryimage","url":"https:\/\/gr-100.com\/wp-content\/uploads\/2024\/10\/Screenshot-of-DEMO-RACE-11.jpg","contentUrl":"https:\/\/gr-100.com\/wp-content\/uploads\/2024\/10\/Screenshot-of-DEMO-RACE-11.jpg","width":1000,"height":1000},{"@type":"BreadcrumbList","@id":"https:\/\/gr-100.com\/pt-pt\/producto\/specialized-corrida-de-demonstracao-2024\/#breadcrumb","itemListElement":[{"@type":"ListItem","position":1,"name":"Portada","item":"https:\/\/gr-100.com\/en\/"},{"@type":"ListItem","position":2,"name":"Productos","item":"https:\/\/gr-100.com\/?post_type=product"},{"@type":"ListItem","position":3,"name":"Specialized Corrida de demonstra\u00e7\u00e3o 2024"}]},{"@type":"WebSite","@id":"https:\/\/gr-100.com\/#website","url":"https:\/\/gr-100.com\/","name":"Gr-100 Tienda de ciclismo Specialized","description":"GR-100 tenemos todas las gamas de bicicletas Specialized al mejor precio.","publisher":{"@id":"https:\/\/gr-100.com\/#organization"},"alternateName":"Gr-100 Bikes","potentialAction":[{"@type":"SearchAction","target":{"@type":"EntryPoint","urlTemplate":"https:\/\/gr-100.com\/?s={search_term_string}"},"query-input":{"@type":"PropertyValueSpecification","valueRequired":true,"valueName":"search_term_string"}}],"inLanguage":"pt-PT"},{"@type":"Organization","@id":"https:\/\/gr-100.com\/#organization","name":"Gr-100","url":"https:\/\/gr-100.com\/","logo":{"@type":"ImageObject","inLanguage":"pt-PT","@id":"https:\/\/gr-100.com\/#\/schema\/logo\/image\/","url":"https:\/\/gr-100.com\/wp-content\/uploads\/2023\/08\/logo-gr-100-bikes.png","contentUrl":"https:\/\/gr-100.com\/wp-content\/uploads\/2023\/08\/logo-gr-100-bikes.png","width":707,"height":284,"caption":"Gr-100"},"image":{"@id":"https:\/\/gr-100.com\/#\/schema\/logo\/image\/"},"sameAs":["https:\/\/www.facebook.com\/Gr100Bikes","https:\/\/www.instagram.com\/gr100bikes\/","https:\/\/www.tiktok.com\/@gr100bikes","https:\/\/twitter.com\/gr100mtbteam","https:\/\/www.youtube.com\/c\/GR100Specialized"]}]}},"_links":{"self":[{"href":"https:\/\/gr-100.com\/pt-pt\/wp-json\/wp\/v2\/product\/394663","targetHints":{"allow":["GET"]}}],"collection":[{"href":"https:\/\/gr-100.com\/pt-pt\/wp-json\/wp\/v2\/product"}],"about":[{"href":"https:\/\/gr-100.com\/pt-pt\/wp-json\/wp\/v2\/types\/product"}],"replies":[{"embeddable":true,"href":"https:\/\/gr-100.com\/pt-pt\/wp-json\/wp\/v2\/comments?post=394663"}],"wp:featuredmedia":[{"embeddable":true,"href":"https:\/\/gr-100.com\/pt-pt\/wp-json\/wp\/v2\/media\/394614"}],"wp:attachment":[{"href":"https:\/\/gr-100.com\/pt-pt\/wp-json\/wp\/v2\/media?parent=394663"}],"wp:term":[{"taxonomy":"product_brand","embeddable":true,"href":"https:\/\/gr-100.com\/pt-pt\/wp-json\/wp\/v2\/product_brand?post=394663"},{"taxonomy":"product_cat","embeddable":true,"href":"https:\/\/gr-100.com\/pt-pt\/wp-json\/wp\/v2\/product_cat?post=394663"},{"taxonomy":"product_tag","embeddable":true,"href":"https:\/\/gr-100.com\/pt-pt\/wp-json\/wp\/v2\/product_tag?post=394663"}],"curies":[{"name":"wp","href":"https:\/\/api.w.org\/{rel}","templated":true}]}}