{"id":395765,"date":"2024-11-13T10:36:32","date_gmt":"2024-11-13T09:36:32","guid":{"rendered":"https:\/\/gr-100.com\/producto\/specialized-vado-5-0-passo-atraves-da-nb-2025\/"},"modified":"2025-11-07T13:47:13","modified_gmt":"2025-11-07T11:47:13","slug":"specialized-vado-5-0-passo-atraves-da-nb-2025","status":"publish","type":"product","link":"https:\/\/gr-100.com\/pt-pt\/producto\/specialized-vado-5-0-passo-atraves-da-nb-2025\/","title":{"rendered":"Specialized Vado 5.0 Passo atrav\u00e9s da NB 2025"},"content":{"rendered":"<p>Uma bicicleta el\u00e9trica para toda a vida. Com uma experi\u00eancia de condu\u00e7\u00e3o mais suave, o Vado foi concebido para enfrentar com ousadia a paisagem em mudan\u00e7a que ir\u00e1 encontrar como piloto, transportar o que precisa e mant\u00ea-lo em movimento com mais frequ\u00eancia.<br \/>\nA geometria redesenhada coloca-o numa posi\u00e7\u00e3o eficiente enquanto mant\u00e9m confortavelmente a sua aten\u00e7\u00e3o nas estradas mais movimentadas. Aprendemos com a velocidade que um ciclista de estrada procura e com a capacidade de manobra que um ciclista de montanha precisa. A posi\u00e7\u00e3o do piloto no Ford incute confian\u00e7a ao mesmo tempo que otimiza a capacidade do piloto de ir eficientemente do ponto A ao B.   <\/p>\n<ul>\n<li><strong>O motor Turbo Full Power 2.2 e a bateria de 710Wh<\/strong> oferecem uma experi\u00eancia inigual\u00e1vel, com um motor silencioso e suave que aplica a sua pot\u00eancia at\u00e9 25 km\/h. O controlador integrado responde aos seus movimentos de pedal, resultando numa amplifica\u00e7\u00e3o intuitiva do seu esfor\u00e7o com uma sensa\u00e7\u00e3o natural. <\/li>\n<li><strong>MasterMind e Mission Control<\/strong>&#8211; O visor MasterMind revela todas as informa\u00e7\u00f5es relevantes sobre as suas rotas, permite o ajuste em tempo real dos n\u00edveis de assist\u00eancia e permite atualiza\u00e7\u00f5es over-the-air para melhorar a sua moto ao longo do tempo. A MasterMind combina perfeitamente com a aplica\u00e7\u00e3o Mission Control para ferramentas de otimiza\u00e7\u00e3o de autonomia, afina\u00e7\u00e3o avan\u00e7ada, diagn\u00f3stico em estrada e muito mais. <\/li>\n<li><strong>Precis\u00e3o e efici\u00eancia comprovadas<\/strong> &#8211; Projetamos um mecanismo de teste espec\u00edfico para analisar solavancos de baixa frequ\u00eancia para aumentar o conforto e a vis\u00e3o. Essa precis\u00e3o, juntamente com um espig\u00e3o de suspens\u00e3o, pneus de maior volume e suspens\u00e3o de curso de 80 mm, tornar\u00e1 a estrada em que voc\u00ea est\u00e1 andando mais segura. <\/li>\n<li><strong>Bloqueio do sistema Turbo:<\/strong> Use o aplicativo Mission Control para desativar o motor da sua moto e ativar o alarme do sensor de movimento. Uma vez bloqueado, o motor n\u00e3o pode ser reativado, exceto pelo propriet\u00e1rio. <\/li>\n<li><strong>Garmin Radar<\/strong> &#8211; Um sensor de radar Garmin integrado permite-lhe ver quando os carros est\u00e3o a surgir atr\u00e1s de si. A tecnologia de radar Garmin deteta carros at\u00e9 140 metros atr\u00e1s. O MasterMind dar\u00e1 um alerta visual, t\u00e1til e auditivo da veracidade e dist\u00e2ncia de um carro que se aproxima.  <\/li>\n<li><strong>Bateria integrada<\/strong> no tubo inferior remov\u00edvel e bloque\u00e1vel: f\u00e1cil de carregar e segura.<\/li>\n<li><strong>Equipado com para-lamas DRYTECH<\/strong>, <strong>luzes LED dianteiras<\/strong> e traseiras e <strong>rack traseiro HD Rack com capacidade de 27 kg<\/strong>. O rack traseiro \u00e9 compat\u00edvel com assentos de bicicleta para crian\u00e7as, e a bicicleta tamb\u00e9m \u00e9 capaz de puxar um reboque de eixo thru.\n<div class=\"n4sEPd\">\n<div class=\"FFpbKc\">\n<div class=\"xMmqsf\"><\/div>\n<\/div>\n<\/div>\n<\/li>\n<li>ESPECIFICA\u00c7\u00d5ES<br \/>\nE-bike<br \/>\nMOTOR<br \/>\nSpecialized 2.2, 90 Nm torque, motor personalizado, 250 W nominal<br \/>\nUI \/ REMOTO<br \/>\nMasterMind TCD, com controle remoto no guid\u00e3o, fun\u00e7\u00e3o antirroubo integrada, conectividade Bluetooth\u00ae, p\u00e1ginas de exibi\u00e7\u00e3o personaliz\u00e1veis<br \/>\nSpecialized U2-710 BATTERY,<br \/>\n carca\u00e7a de liga, indicador de status de carga, 710 Wh<br \/>\nCHARGER<br \/>\nCarregador personalizado, 42 V 4 A com plugue Rosenberger,  100-240 V<br \/>\nFrame<br \/>\nCUADRO<br \/>\nAlum\u00ednio E5, montagem do motor no suporte inferior, bateria no tubo inferior totalmente integrado e bloque\u00e1vel, roteamento de cabo interno, bloqueio e suporte para rack frontal, ABRAZ deslizamento<br \/>\ndropout. SELIM<br \/>\nSpecialized Liga 34.9, Parafuso de a\u00e7o<br \/>\nSuspens\u00e3o<br \/>\nGARFO<br \/>\nRockshox Recon Silver RL, curso de 80mm, controle de movimento, suportes para para-lamas<br \/>\nTrav\u00f5es<br \/>\nTRAV\u00c3O DIANTEIRO<br \/>\nShimano 4 pist\u00f5es, CUES, BL-U8000, Br-U8020, Sm-Ma-F180P\/P2<br \/>\nTRAV\u00c3O TRASEIRO<br \/>\nShimano 4 pist\u00f5es, CUES, BL-U8000, Br-U8020<br \/>\nTransmiss\u00e3o<br \/>\nMUDAN\u00c7A<br \/>\nShimano, RD-U8000, CUES, Gs 11 velocidades, Top Normal, design Shadow Plus, fixa\u00e7\u00e3o direta<br \/>\nCONTROLOS DE MUDAN\u00c7A DE VELOCIDADE<br \/>\nShimano, SL-U8000-11IR, CUES, Direita, 11-Speed Rapidfire, W\/O Optical Gear Display, I-Spec II CASSETTE Shimano, CS-LG400-11, CUES, 11 velocidades, 11-50T<\/p>\n<p>CADEIA<br \/>\nShimano LG500<br \/>\nSUPORTE INFERIOR<br \/>\nBra\u00e7os de manivela forjados de liga personalizada, 170mm<br \/>\nPRATOS<br \/>\n48T<br \/>\nPROTETOR DE CORRENTE<br \/>\nGuarda de corrente personalizada<br \/>\nRodas e pneus<br \/>\nPneus<br \/>\nDisco 650B, liga de parede dupla, pino, 32 h<br \/>\nCUBO FRONTAL<br \/>\nSpecialized dianteiro de liga especial, rolamentos de cartucho selados, 6 parafusos, 15 x 110 mm de eixo thru, 32 h CUBO<br \/>\n TRASEIRO Specialized, rolamentos<br \/>\nde cartucho selados, 6 parafusos, 12 x 148 mm eixo thru, 32 h, a\u00e7o HD Fhb<br \/>\nRAIOS D.S. Swiss Industry<br \/>\nPNEU DIANTEIRO.<\/p>\n<p>Desbravador Sport Reflect, 650Bx2.3<br \/>\nPNEU TRASEIRO<br \/>\nDesbravador Sport Reflect, 650Bx2.3<br \/>\nC\u00c2MARAS<br \/>\nPadr\u00e3o 40mm SV 650Bx1.75-2.4<br \/>\nCabine de pilotagem<br \/>\nPOT\u00caNCIA<br \/>\nSpecialized Conjunto de fluxo, liga forjada 3D, eleva\u00e7\u00e3o de 20 graus, bra\u00e7adeira de 31,8 mm<br \/>\nGUID\u00c3O<br \/>\nSpecialized recuo de 15 graus, eleva\u00e7\u00e3o de 46 mm, 31,8 mm<br \/>\nPUNHOS<br \/>\nERGON, GA30-S Personalizado, 134,8 mm de comprimento<br \/>\nSELIM<br \/>\nBridge Sport, calhas de a\u00e7o, 155 mm<br \/>\nESPIG\u00c3O ASSENTO<br \/>\nCane Creek, Rua Thudbuster 30.9 mm<br \/>\nAcess\u00f3rios<br \/>\nPEDAIS<br \/>\nSpecialized Passageiros com fita adesiva e refletores Garmin Radar integrados, com informa\u00e7\u00f5es personalizadas exibidas diretamente no TCD da Mastermind<\/p>\n<p>LUZ FRONTAL<br \/>\nLEZYNE Power StVZO E500+, 500 l\u00famenes<br \/>\nLANTERNA TRASEIRA<br \/>\nSpanninga, Stvzo, Commuter Glow com freio XEr<br \/>\nKICKSTAND<br \/>\nSpecialized, montagem de 40mm<br \/>\nPORTA-BAGAGENS<br \/>\nSpecialized, interface MIK HD, suportes pannier integrados, carga m\u00e1xima de 27 kg<br \/>\nFENDER<br \/>\nSpecialized, 65 mm de largura, para-lamas em alum\u00ednio<br \/>\nBLOQUEIO<br \/>\nBloqueio do sistema Turbo<br \/>\nTIMBRE<br \/>\nSpecialized de lat\u00e3o especializado<\/li>\n<\/ul>\n<p>&nbsp;<\/p>\n","protected":false},"excerpt":{"rendered":"<p>A moto que pode lidar com tudo, desde o seu deslocamento di\u00e1rio at\u00e9 suas tarefas r\u00e1pidas e aventuras mais longas do que o planejado.<\/p>\n","protected":false},"featured_media":395680,"comment_status":"open","ping_status":"closed","template":"","meta":{"_acf_changed":false,"_et_pb_use_builder":"","_et_pb_old_content":"","_et_gb_content_width":"","inline_featured_image":false},"product_brand":[],"product_cat":[5284,391,5280,5263,5282,5260,5283,5281],"product_tag":[],"class_list":{"0":"post-395765","1":"product","2":"type-product","3":"status-publish","4":"has-post-thumbnail","6":"product_cat-bicicletas-urbanas-pt-pt","7":"product_cat-eletricas","8":"product_cat-bicicletas-electricas-aluminio-pt-pt","9":"product_cat-bicicletas-de-montanha-electricas","10":"product_cat-bicicletas-electricas-paseo-pt-pt","11":"product_cat-bicicletas-electricas-specialized-pt-pt","12":"product_cat-bicicletas-electricas-trekking-pt-pt","13":"product_cat-bicicletas-electricas-urbanas-pt-pt","14":"product_shipping_class-bicicletas-pt-pt","16":"first","17":"instock","18":"sale","19":"taxable","20":"shipping-taxable","21":"purchasable","22":"product-type-variable","23":"wvs-archive-product-wrapper"},"acf":[],"yoast_head":"<!-- This site is optimized with the Yoast SEO Premium plugin v26.7 (Yoast SEO v26.7) - https:\/\/yoast.com\/wordpress\/plugins\/seo\/ -->\n<title>Specialized Vado 5.0 Passo atrav\u00e9s da NB 2025 GR-100<\/title>\n<meta name=\"description\" content=\"A moto que pode lidar com tudo, desde o seu deslocamento di\u00e1rio at\u00e9 suas tarefas r\u00e1pidas e aventuras mais longas do que o planejado.\" \/>\n<meta name=\"robots\" content=\"index, follow, max-snippet:-1, max-image-preview:large, max-video-preview:-1\" \/>\n<link rel=\"canonical\" href=\"https:\/\/gr-100.com\/pt-pt\/producto\/specialized-vado-5-0-passo-atraves-da-nb-2025\/\" \/>\n<meta property=\"og:locale\" content=\"pt_PT\" \/>\n<meta property=\"og:type\" content=\"article\" \/>\n<meta property=\"og:title\" content=\"Specialized Vado 5.0 Passo atrav\u00e9s da NB 2025\" \/>\n<meta property=\"og:description\" content=\"A moto que pode lidar com tudo, desde o seu deslocamento di\u00e1rio at\u00e9 suas tarefas r\u00e1pidas e aventuras mais longas do que o planejado.\" \/>\n<meta property=\"og:url\" content=\"https:\/\/gr-100.com\/pt-pt\/producto\/specialized-vado-5-0-passo-atraves-da-nb-2025\/\" \/>\n<meta property=\"og:site_name\" content=\"Gr-100 Tienda de ciclismo Specialized\" \/>\n<meta property=\"article:publisher\" content=\"https:\/\/www.facebook.com\/Gr100Bikes\" \/>\n<meta property=\"article:modified_time\" content=\"2025-11-07T11:47:13+00:00\" \/>\n<meta property=\"og:image\" content=\"https:\/\/gr-100.com\/wp-content\/uploads\/2024\/11\/My-project-13.jpeg\" \/>\n\t<meta property=\"og:image:width\" content=\"1000\" \/>\n\t<meta property=\"og:image:height\" content=\"1000\" \/>\n\t<meta property=\"og:image:type\" content=\"image\/jpeg\" \/>\n<meta name=\"twitter:card\" content=\"summary_large_image\" \/>\n<meta name=\"twitter:label1\" content=\"Tempo estimado de leitura\" \/>\n\t<meta name=\"twitter:data1\" content=\"4 minutos\" \/>\n<script type=\"application\/ld+json\" class=\"yoast-schema-graph\">{\"@context\":\"https:\/\/schema.org\",\"@graph\":[{\"@type\":\"WebPage\",\"@id\":\"https:\/\/gr-100.com\/pt-pt\/producto\/specialized-vado-5-0-passo-atraves-da-nb-2025\/\",\"url\":\"https:\/\/gr-100.com\/pt-pt\/producto\/specialized-vado-5-0-passo-atraves-da-nb-2025\/\",\"name\":\"Specialized Vado 5.0 Passo atrav\u00e9s da NB 2025 GR-100\",\"isPartOf\":{\"@id\":\"https:\/\/gr-100.com\/#website\"},\"primaryImageOfPage\":{\"@id\":\"https:\/\/gr-100.com\/pt-pt\/producto\/specialized-vado-5-0-passo-atraves-da-nb-2025\/#primaryimage\"},\"image\":{\"@id\":\"https:\/\/gr-100.com\/pt-pt\/producto\/specialized-vado-5-0-passo-atraves-da-nb-2025\/#primaryimage\"},\"thumbnailUrl\":\"https:\/\/gr-100.com\/wp-content\/uploads\/2024\/11\/My-project-13.jpeg\",\"datePublished\":\"2024-11-13T09:36:32+00:00\",\"dateModified\":\"2025-11-07T11:47:13+00:00\",\"description\":\"A moto que pode lidar com tudo, desde o seu deslocamento di\u00e1rio at\u00e9 suas tarefas r\u00e1pidas e aventuras mais longas do que o planejado.\",\"breadcrumb\":{\"@id\":\"https:\/\/gr-100.com\/pt-pt\/producto\/specialized-vado-5-0-passo-atraves-da-nb-2025\/#breadcrumb\"},\"inLanguage\":\"pt-PT\",\"potentialAction\":[{\"@type\":\"ReadAction\",\"target\":[\"https:\/\/gr-100.com\/pt-pt\/producto\/specialized-vado-5-0-passo-atraves-da-nb-2025\/\"]}]},{\"@type\":\"ImageObject\",\"inLanguage\":\"pt-PT\",\"@id\":\"https:\/\/gr-100.com\/pt-pt\/producto\/specialized-vado-5-0-passo-atraves-da-nb-2025\/#primaryimage\",\"url\":\"https:\/\/gr-100.com\/wp-content\/uploads\/2024\/11\/My-project-13.jpeg\",\"contentUrl\":\"https:\/\/gr-100.com\/wp-content\/uploads\/2024\/11\/My-project-13.jpeg\",\"width\":1000,\"height\":1000},{\"@type\":\"BreadcrumbList\",\"@id\":\"https:\/\/gr-100.com\/pt-pt\/producto\/specialized-vado-5-0-passo-atraves-da-nb-2025\/#breadcrumb\",\"itemListElement\":[{\"@type\":\"ListItem\",\"position\":1,\"name\":\"Portada\",\"item\":\"https:\/\/gr-100.com\/en\/\"},{\"@type\":\"ListItem\",\"position\":2,\"name\":\"Productos\",\"item\":\"https:\/\/gr-100.com\/?post_type=product\"},{\"@type\":\"ListItem\",\"position\":3,\"name\":\"Specialized Vado 5.0 Passo atrav\u00e9s da NB 2025\"}]},{\"@type\":\"WebSite\",\"@id\":\"https:\/\/gr-100.com\/#website\",\"url\":\"https:\/\/gr-100.com\/\",\"name\":\"Gr-100 Tienda de ciclismo Specialized\",\"description\":\"GR-100 tenemos todas las gamas de bicicletas Specialized al mejor precio.\",\"publisher\":{\"@id\":\"https:\/\/gr-100.com\/#organization\"},\"alternateName\":\"Gr-100 Bikes\",\"potentialAction\":[{\"@type\":\"SearchAction\",\"target\":{\"@type\":\"EntryPoint\",\"urlTemplate\":\"https:\/\/gr-100.com\/?s={search_term_string}\"},\"query-input\":{\"@type\":\"PropertyValueSpecification\",\"valueRequired\":true,\"valueName\":\"search_term_string\"}}],\"inLanguage\":\"pt-PT\"},{\"@type\":\"Organization\",\"@id\":\"https:\/\/gr-100.com\/#organization\",\"name\":\"Gr-100\",\"url\":\"https:\/\/gr-100.com\/\",\"logo\":{\"@type\":\"ImageObject\",\"inLanguage\":\"pt-PT\",\"@id\":\"https:\/\/gr-100.com\/#\/schema\/logo\/image\/\",\"url\":\"https:\/\/gr-100.com\/wp-content\/uploads\/2023\/08\/logo-gr-100-bikes.png\",\"contentUrl\":\"https:\/\/gr-100.com\/wp-content\/uploads\/2023\/08\/logo-gr-100-bikes.png\",\"width\":707,\"height\":284,\"caption\":\"Gr-100\"},\"image\":{\"@id\":\"https:\/\/gr-100.com\/#\/schema\/logo\/image\/\"},\"sameAs\":[\"https:\/\/www.facebook.com\/Gr100Bikes\",\"https:\/\/www.instagram.com\/gr100bikes\/\",\"https:\/\/www.tiktok.com\/@gr100bikes\",\"https:\/\/twitter.com\/gr100mtbteam\",\"https:\/\/www.youtube.com\/c\/GR100Specialized\"]}]}<\/script>\n<!-- \/ Yoast SEO Premium plugin. -->","yoast_head_json":{"title":"Specialized Vado 5.0 Passo atrav\u00e9s da NB 2025 GR-100","description":"A moto que pode lidar com tudo, desde o seu deslocamento di\u00e1rio at\u00e9 suas tarefas r\u00e1pidas e aventuras mais longas do que o planejado.","robots":{"index":"index","follow":"follow","max-snippet":"max-snippet:-1","max-image-preview":"max-image-preview:large","max-video-preview":"max-video-preview:-1"},"canonical":"https:\/\/gr-100.com\/pt-pt\/producto\/specialized-vado-5-0-passo-atraves-da-nb-2025\/","og_locale":"pt_PT","og_type":"article","og_title":"Specialized Vado 5.0 Passo atrav\u00e9s da NB 2025","og_description":"A moto que pode lidar com tudo, desde o seu deslocamento di\u00e1rio at\u00e9 suas tarefas r\u00e1pidas e aventuras mais longas do que o planejado.","og_url":"https:\/\/gr-100.com\/pt-pt\/producto\/specialized-vado-5-0-passo-atraves-da-nb-2025\/","og_site_name":"Gr-100 Tienda de ciclismo Specialized","article_publisher":"https:\/\/www.facebook.com\/Gr100Bikes","article_modified_time":"2025-11-07T11:47:13+00:00","og_image":[{"width":1000,"height":1000,"url":"https:\/\/gr-100.com\/wp-content\/uploads\/2024\/11\/My-project-13.jpeg","type":"image\/jpeg"}],"twitter_card":"summary_large_image","twitter_misc":{"Tempo estimado de leitura":"4 minutos"},"schema":{"@context":"https:\/\/schema.org","@graph":[{"@type":"WebPage","@id":"https:\/\/gr-100.com\/pt-pt\/producto\/specialized-vado-5-0-passo-atraves-da-nb-2025\/","url":"https:\/\/gr-100.com\/pt-pt\/producto\/specialized-vado-5-0-passo-atraves-da-nb-2025\/","name":"Specialized Vado 5.0 Passo atrav\u00e9s da NB 2025 GR-100","isPartOf":{"@id":"https:\/\/gr-100.com\/#website"},"primaryImageOfPage":{"@id":"https:\/\/gr-100.com\/pt-pt\/producto\/specialized-vado-5-0-passo-atraves-da-nb-2025\/#primaryimage"},"image":{"@id":"https:\/\/gr-100.com\/pt-pt\/producto\/specialized-vado-5-0-passo-atraves-da-nb-2025\/#primaryimage"},"thumbnailUrl":"https:\/\/gr-100.com\/wp-content\/uploads\/2024\/11\/My-project-13.jpeg","datePublished":"2024-11-13T09:36:32+00:00","dateModified":"2025-11-07T11:47:13+00:00","description":"A moto que pode lidar com tudo, desde o seu deslocamento di\u00e1rio at\u00e9 suas tarefas r\u00e1pidas e aventuras mais longas do que o planejado.","breadcrumb":{"@id":"https:\/\/gr-100.com\/pt-pt\/producto\/specialized-vado-5-0-passo-atraves-da-nb-2025\/#breadcrumb"},"inLanguage":"pt-PT","potentialAction":[{"@type":"ReadAction","target":["https:\/\/gr-100.com\/pt-pt\/producto\/specialized-vado-5-0-passo-atraves-da-nb-2025\/"]}]},{"@type":"ImageObject","inLanguage":"pt-PT","@id":"https:\/\/gr-100.com\/pt-pt\/producto\/specialized-vado-5-0-passo-atraves-da-nb-2025\/#primaryimage","url":"https:\/\/gr-100.com\/wp-content\/uploads\/2024\/11\/My-project-13.jpeg","contentUrl":"https:\/\/gr-100.com\/wp-content\/uploads\/2024\/11\/My-project-13.jpeg","width":1000,"height":1000},{"@type":"BreadcrumbList","@id":"https:\/\/gr-100.com\/pt-pt\/producto\/specialized-vado-5-0-passo-atraves-da-nb-2025\/#breadcrumb","itemListElement":[{"@type":"ListItem","position":1,"name":"Portada","item":"https:\/\/gr-100.com\/en\/"},{"@type":"ListItem","position":2,"name":"Productos","item":"https:\/\/gr-100.com\/?post_type=product"},{"@type":"ListItem","position":3,"name":"Specialized Vado 5.0 Passo atrav\u00e9s da NB 2025"}]},{"@type":"WebSite","@id":"https:\/\/gr-100.com\/#website","url":"https:\/\/gr-100.com\/","name":"Gr-100 Tienda de ciclismo Specialized","description":"GR-100 tenemos todas las gamas de bicicletas Specialized al mejor precio.","publisher":{"@id":"https:\/\/gr-100.com\/#organization"},"alternateName":"Gr-100 Bikes","potentialAction":[{"@type":"SearchAction","target":{"@type":"EntryPoint","urlTemplate":"https:\/\/gr-100.com\/?s={search_term_string}"},"query-input":{"@type":"PropertyValueSpecification","valueRequired":true,"valueName":"search_term_string"}}],"inLanguage":"pt-PT"},{"@type":"Organization","@id":"https:\/\/gr-100.com\/#organization","name":"Gr-100","url":"https:\/\/gr-100.com\/","logo":{"@type":"ImageObject","inLanguage":"pt-PT","@id":"https:\/\/gr-100.com\/#\/schema\/logo\/image\/","url":"https:\/\/gr-100.com\/wp-content\/uploads\/2023\/08\/logo-gr-100-bikes.png","contentUrl":"https:\/\/gr-100.com\/wp-content\/uploads\/2023\/08\/logo-gr-100-bikes.png","width":707,"height":284,"caption":"Gr-100"},"image":{"@id":"https:\/\/gr-100.com\/#\/schema\/logo\/image\/"},"sameAs":["https:\/\/www.facebook.com\/Gr100Bikes","https:\/\/www.instagram.com\/gr100bikes\/","https:\/\/www.tiktok.com\/@gr100bikes","https:\/\/twitter.com\/gr100mtbteam","https:\/\/www.youtube.com\/c\/GR100Specialized"]}]}},"_links":{"self":[{"href":"https:\/\/gr-100.com\/pt-pt\/wp-json\/wp\/v2\/product\/395765","targetHints":{"allow":["GET"]}}],"collection":[{"href":"https:\/\/gr-100.com\/pt-pt\/wp-json\/wp\/v2\/product"}],"about":[{"href":"https:\/\/gr-100.com\/pt-pt\/wp-json\/wp\/v2\/types\/product"}],"replies":[{"embeddable":true,"href":"https:\/\/gr-100.com\/pt-pt\/wp-json\/wp\/v2\/comments?post=395765"}],"wp:featuredmedia":[{"embeddable":true,"href":"https:\/\/gr-100.com\/pt-pt\/wp-json\/wp\/v2\/media\/395680"}],"wp:attachment":[{"href":"https:\/\/gr-100.com\/pt-pt\/wp-json\/wp\/v2\/media?parent=395765"}],"wp:term":[{"taxonomy":"product_brand","embeddable":true,"href":"https:\/\/gr-100.com\/pt-pt\/wp-json\/wp\/v2\/product_brand?post=395765"},{"taxonomy":"product_cat","embeddable":true,"href":"https:\/\/gr-100.com\/pt-pt\/wp-json\/wp\/v2\/product_cat?post=395765"},{"taxonomy":"product_tag","embeddable":true,"href":"https:\/\/gr-100.com\/pt-pt\/wp-json\/wp\/v2\/product_tag?post=395765"}],"curies":[{"name":"wp","href":"https:\/\/api.w.org\/{rel}","templated":true}]}}