{"id":395813,"date":"2024-11-13T12:33:42","date_gmt":"2024-11-13T10:33:42","guid":{"rendered":"https:\/\/gr-100.com\/producto\/specialized-roubaix-sl8-comp-2025\/"},"modified":"2025-11-07T13:43:23","modified_gmt":"2025-11-07T11:43:23","slug":"specialized-roubaix-sl8-comp-2025","status":"publish","type":"product","link":"https:\/\/gr-100.com\/pt-pt\/producto\/specialized-roubaix-sl8-comp-2025\/","title":{"rendered":"Specialized Roubaix SL8 Comp 2025"},"content":{"rendered":"<ul>\n<li>Specialized Hover Comp especializado, liga, queda de 125mm, alcance de 75mm c\/furo<br \/>\n Di2<\/li>\n<li>Body Geometry Power Sport SADDLE,<br \/>\n calhas de a\u00e7o<\/li>\n<li>POWER<br \/>\nFuturo Stem Comp<\/li>\n<li>Supacaz Super Pegajoso Kush GRIPS\n<\/li>\n<li>ABRA\u00c7O. Bra\u00e7adeira de gota escondida SADDLE\n <\/li>\n<li>S-Works Pave espig\u00e3o de assento\n<\/li>\n<li>FACTO 10R FRAME<br \/>\n, Rider First Engineered\u2122 (RFE), tubos FreeFoil Shape Library, BB roscado, eixo thru de 12x142mm, disco de montagem plana<\/li>\n<li>Future Shock 3.2 w \/ Bota suave, FACT Carbon 12x100mm, eixo thru, disco de montagem plana FORK\n<\/li>\n<li>FREIO DIANTEIRO<br \/>\nShimano 105, Disco hidr\u00e1ulico<\/li>\n<li>FREIO TRASEIRO<br \/>\nShimano 105, Disco hidr\u00e1ulico<\/li>\n<li>PLATOS<br \/>\n50\/34T<\/li>\n<li>Shimano 105 R7170 SHIFTERS DE MUDAN\u00c7A<br \/>\n, DISCO HIDR\u00c1ULICO<\/li>\n<li>CASSETTE<br \/>\nShimano 105, 12 velocidades, 11-36t<\/li>\n<li>Shimano 105, SUPORTE<br \/>\n INFERIOR de 12 velocidades<\/li>\n<li>Shimano 105 R7150, DERAILLEUR<br \/>\n TRASEIRO de 12 velocidades<\/li>\n<li>Shimano 105 R7170 dianteiro derailleur<br \/>\n, braze-on<\/li>\n<li>Shimano 105, CORRENTE de<br \/>\n 12 velocidades<\/li>\n<li>Suporte inferior<br \/>\n Shimano Threaded BSA BB<\/li>\n<li>DT RODA DIANTEIRA<br \/>\nSwiss G540 aro, 24mm largura interna, tubeless ready, 24h, Specialized full sealed bearing through axle cub, centerlock disc, DT Swiss Champion 14G stainless steel spokes, DT Swiss brass nipples<\/li>\n<li>DT RODA TRASEIRA<br \/>\nSwiss G540 aro, 24mm largura interna, tubeless ready, 24h, Specialized full sealed bearing thru axle cub, disco de bloqueio central, raios de a\u00e7o inoxid\u00e1vel DT Swiss Champion 14G, mamilos de lat\u00e3o DT Swiss<\/li>\n<li>TUBOS<br \/>\n700&#215;28\/38mm, 48mm Presta v\u00e1lvula<\/li>\n<li>PNEU.<br \/>\nS-Works Mondo 2BR, 700x32c<\/li>\n<li>PNEU TRASEIRO<br \/>\n S-Works Mondo 2BR, 700x32c<\/li>\n<\/ul>\n","protected":false},"excerpt":{"rendered":"<p>A nova Roubaix SL8 com Future Shock 3.0 \u00e9 mais leve, mais r\u00e1pida e mais confort\u00e1vel do que qualquer moto de estrada alguma vez fabricada, oferecendo ao condutor uma confian\u00e7a inigual\u00e1vel.<\/p>\n","protected":false},"featured_media":390959,"comment_status":"open","ping_status":"closed","template":"","meta":{"_acf_changed":false,"_et_pb_use_builder":"","_et_pb_old_content":"","_et_gb_content_width":"","inline_featured_image":false},"product_brand":[],"product_cat":[378],"product_tag":[],"class_list":{"0":"post-395813","1":"product","2":"type-product","3":"status-publish","4":"has-post-thumbnail","6":"product_cat-estrada","7":"product_shipping_class-bicicletas-pt-pt","9":"first","10":"outofstock","11":"taxable","12":"shipping-taxable","13":"product-type-variable","14":"wvs-archive-product-wrapper"},"acf":[],"yoast_head":"<!-- This site is optimized with the Yoast SEO Premium plugin v26.7 (Yoast SEO v26.7) - https:\/\/yoast.com\/wordpress\/plugins\/seo\/ -->\n<title>Specialized Roubaix SL8 Comp 2025 GR-100<\/title>\n<meta name=\"description\" content=\"A nova Roubaix SL8 com Future Shock 3.0 \u00e9 mais leve, mais r\u00e1pida e mais confort\u00e1vel do que qualquer moto de estrada alguma vez fabricada, oferecendo ao condutor uma confian\u00e7a inigual\u00e1vel.\" \/>\n<meta name=\"robots\" content=\"index, follow, max-snippet:-1, max-image-preview:large, max-video-preview:-1\" \/>\n<link rel=\"canonical\" href=\"https:\/\/gr-100.com\/pt-pt\/producto\/specialized-roubaix-sl8-comp-2025\/\" \/>\n<meta property=\"og:locale\" content=\"pt_PT\" \/>\n<meta property=\"og:type\" content=\"article\" \/>\n<meta property=\"og:title\" content=\"Specialized Roubaix SL8 Comp 2025\" \/>\n<meta property=\"og:description\" content=\"A nova Roubaix SL8 com Future Shock 3.0 \u00e9 mais leve, mais r\u00e1pida e mais confort\u00e1vel do que qualquer moto de estrada alguma vez fabricada, oferecendo ao condutor uma confian\u00e7a inigual\u00e1vel.\" \/>\n<meta property=\"og:url\" content=\"https:\/\/gr-100.com\/pt-pt\/producto\/specialized-roubaix-sl8-comp-2025\/\" \/>\n<meta property=\"og:site_name\" content=\"Gr-100 Tienda de ciclismo Specialized\" \/>\n<meta property=\"article:publisher\" content=\"https:\/\/www.facebook.com\/Gr100Bikes\" \/>\n<meta property=\"article:modified_time\" content=\"2025-11-07T11:43:23+00:00\" \/>\n<meta property=\"og:image\" content=\"https:\/\/gr-100.com\/wp-content\/uploads\/2024\/09\/My-project-2024-09-23T141601.162.jpeg\" \/>\n\t<meta property=\"og:image:width\" content=\"1000\" \/>\n\t<meta property=\"og:image:height\" content=\"1000\" \/>\n\t<meta property=\"og:image:type\" content=\"image\/jpeg\" \/>\n<meta name=\"twitter:card\" content=\"summary_large_image\" \/>\n<meta name=\"twitter:label1\" content=\"Tempo estimado de leitura\" \/>\n\t<meta name=\"twitter:data1\" content=\"1 minuto\" \/>\n<script type=\"application\/ld+json\" class=\"yoast-schema-graph\">{\"@context\":\"https:\/\/schema.org\",\"@graph\":[{\"@type\":\"WebPage\",\"@id\":\"https:\/\/gr-100.com\/pt-pt\/producto\/specialized-roubaix-sl8-comp-2025\/\",\"url\":\"https:\/\/gr-100.com\/pt-pt\/producto\/specialized-roubaix-sl8-comp-2025\/\",\"name\":\"Specialized Roubaix SL8 Comp 2025 GR-100\",\"isPartOf\":{\"@id\":\"https:\/\/gr-100.com\/#website\"},\"primaryImageOfPage\":{\"@id\":\"https:\/\/gr-100.com\/pt-pt\/producto\/specialized-roubaix-sl8-comp-2025\/#primaryimage\"},\"image\":{\"@id\":\"https:\/\/gr-100.com\/pt-pt\/producto\/specialized-roubaix-sl8-comp-2025\/#primaryimage\"},\"thumbnailUrl\":\"https:\/\/gr-100.com\/wp-content\/uploads\/2024\/09\/My-project-2024-09-23T141601.162.jpeg\",\"datePublished\":\"2024-11-13T10:33:42+00:00\",\"dateModified\":\"2025-11-07T11:43:23+00:00\",\"description\":\"A nova Roubaix SL8 com Future Shock 3.0 \u00e9 mais leve, mais r\u00e1pida e mais confort\u00e1vel do que qualquer moto de estrada alguma vez fabricada, oferecendo ao condutor uma confian\u00e7a inigual\u00e1vel.\",\"breadcrumb\":{\"@id\":\"https:\/\/gr-100.com\/pt-pt\/producto\/specialized-roubaix-sl8-comp-2025\/#breadcrumb\"},\"inLanguage\":\"pt-PT\",\"potentialAction\":[{\"@type\":\"ReadAction\",\"target\":[\"https:\/\/gr-100.com\/pt-pt\/producto\/specialized-roubaix-sl8-comp-2025\/\"]}]},{\"@type\":\"ImageObject\",\"inLanguage\":\"pt-PT\",\"@id\":\"https:\/\/gr-100.com\/pt-pt\/producto\/specialized-roubaix-sl8-comp-2025\/#primaryimage\",\"url\":\"https:\/\/gr-100.com\/wp-content\/uploads\/2024\/09\/My-project-2024-09-23T141601.162.jpeg\",\"contentUrl\":\"https:\/\/gr-100.com\/wp-content\/uploads\/2024\/09\/My-project-2024-09-23T141601.162.jpeg\",\"width\":1000,\"height\":1000},{\"@type\":\"BreadcrumbList\",\"@id\":\"https:\/\/gr-100.com\/pt-pt\/producto\/specialized-roubaix-sl8-comp-2025\/#breadcrumb\",\"itemListElement\":[{\"@type\":\"ListItem\",\"position\":1,\"name\":\"Portada\",\"item\":\"https:\/\/gr-100.com\/en\/\"},{\"@type\":\"ListItem\",\"position\":2,\"name\":\"Productos\",\"item\":\"https:\/\/gr-100.com\/?post_type=product\"},{\"@type\":\"ListItem\",\"position\":3,\"name\":\"Specialized Roubaix SL8 Comp 2025\"}]},{\"@type\":\"WebSite\",\"@id\":\"https:\/\/gr-100.com\/#website\",\"url\":\"https:\/\/gr-100.com\/\",\"name\":\"Gr-100 Tienda de ciclismo Specialized\",\"description\":\"GR-100 tenemos todas las gamas de bicicletas Specialized al mejor precio.\",\"publisher\":{\"@id\":\"https:\/\/gr-100.com\/#organization\"},\"alternateName\":\"Gr-100 Bikes\",\"potentialAction\":[{\"@type\":\"SearchAction\",\"target\":{\"@type\":\"EntryPoint\",\"urlTemplate\":\"https:\/\/gr-100.com\/?s={search_term_string}\"},\"query-input\":{\"@type\":\"PropertyValueSpecification\",\"valueRequired\":true,\"valueName\":\"search_term_string\"}}],\"inLanguage\":\"pt-PT\"},{\"@type\":\"Organization\",\"@id\":\"https:\/\/gr-100.com\/#organization\",\"name\":\"Gr-100\",\"url\":\"https:\/\/gr-100.com\/\",\"logo\":{\"@type\":\"ImageObject\",\"inLanguage\":\"pt-PT\",\"@id\":\"https:\/\/gr-100.com\/#\/schema\/logo\/image\/\",\"url\":\"https:\/\/gr-100.com\/wp-content\/uploads\/2023\/08\/logo-gr-100-bikes.png\",\"contentUrl\":\"https:\/\/gr-100.com\/wp-content\/uploads\/2023\/08\/logo-gr-100-bikes.png\",\"width\":707,\"height\":284,\"caption\":\"Gr-100\"},\"image\":{\"@id\":\"https:\/\/gr-100.com\/#\/schema\/logo\/image\/\"},\"sameAs\":[\"https:\/\/www.facebook.com\/Gr100Bikes\",\"https:\/\/www.instagram.com\/gr100bikes\/\",\"https:\/\/www.tiktok.com\/@gr100bikes\",\"https:\/\/twitter.com\/gr100mtbteam\",\"https:\/\/www.youtube.com\/c\/GR100Specialized\"]}]}<\/script>\n<!-- \/ Yoast SEO Premium plugin. -->","yoast_head_json":{"title":"Specialized Roubaix SL8 Comp 2025 GR-100","description":"A nova Roubaix SL8 com Future Shock 3.0 \u00e9 mais leve, mais r\u00e1pida e mais confort\u00e1vel do que qualquer moto de estrada alguma vez fabricada, oferecendo ao condutor uma confian\u00e7a inigual\u00e1vel.","robots":{"index":"index","follow":"follow","max-snippet":"max-snippet:-1","max-image-preview":"max-image-preview:large","max-video-preview":"max-video-preview:-1"},"canonical":"https:\/\/gr-100.com\/pt-pt\/producto\/specialized-roubaix-sl8-comp-2025\/","og_locale":"pt_PT","og_type":"article","og_title":"Specialized Roubaix SL8 Comp 2025","og_description":"A nova Roubaix SL8 com Future Shock 3.0 \u00e9 mais leve, mais r\u00e1pida e mais confort\u00e1vel do que qualquer moto de estrada alguma vez fabricada, oferecendo ao condutor uma confian\u00e7a inigual\u00e1vel.","og_url":"https:\/\/gr-100.com\/pt-pt\/producto\/specialized-roubaix-sl8-comp-2025\/","og_site_name":"Gr-100 Tienda de ciclismo Specialized","article_publisher":"https:\/\/www.facebook.com\/Gr100Bikes","article_modified_time":"2025-11-07T11:43:23+00:00","og_image":[{"width":1000,"height":1000,"url":"https:\/\/gr-100.com\/wp-content\/uploads\/2024\/09\/My-project-2024-09-23T141601.162.jpeg","type":"image\/jpeg"}],"twitter_card":"summary_large_image","twitter_misc":{"Tempo estimado de leitura":"1 minuto"},"schema":{"@context":"https:\/\/schema.org","@graph":[{"@type":"WebPage","@id":"https:\/\/gr-100.com\/pt-pt\/producto\/specialized-roubaix-sl8-comp-2025\/","url":"https:\/\/gr-100.com\/pt-pt\/producto\/specialized-roubaix-sl8-comp-2025\/","name":"Specialized Roubaix SL8 Comp 2025 GR-100","isPartOf":{"@id":"https:\/\/gr-100.com\/#website"},"primaryImageOfPage":{"@id":"https:\/\/gr-100.com\/pt-pt\/producto\/specialized-roubaix-sl8-comp-2025\/#primaryimage"},"image":{"@id":"https:\/\/gr-100.com\/pt-pt\/producto\/specialized-roubaix-sl8-comp-2025\/#primaryimage"},"thumbnailUrl":"https:\/\/gr-100.com\/wp-content\/uploads\/2024\/09\/My-project-2024-09-23T141601.162.jpeg","datePublished":"2024-11-13T10:33:42+00:00","dateModified":"2025-11-07T11:43:23+00:00","description":"A nova Roubaix SL8 com Future Shock 3.0 \u00e9 mais leve, mais r\u00e1pida e mais confort\u00e1vel do que qualquer moto de estrada alguma vez fabricada, oferecendo ao condutor uma confian\u00e7a inigual\u00e1vel.","breadcrumb":{"@id":"https:\/\/gr-100.com\/pt-pt\/producto\/specialized-roubaix-sl8-comp-2025\/#breadcrumb"},"inLanguage":"pt-PT","potentialAction":[{"@type":"ReadAction","target":["https:\/\/gr-100.com\/pt-pt\/producto\/specialized-roubaix-sl8-comp-2025\/"]}]},{"@type":"ImageObject","inLanguage":"pt-PT","@id":"https:\/\/gr-100.com\/pt-pt\/producto\/specialized-roubaix-sl8-comp-2025\/#primaryimage","url":"https:\/\/gr-100.com\/wp-content\/uploads\/2024\/09\/My-project-2024-09-23T141601.162.jpeg","contentUrl":"https:\/\/gr-100.com\/wp-content\/uploads\/2024\/09\/My-project-2024-09-23T141601.162.jpeg","width":1000,"height":1000},{"@type":"BreadcrumbList","@id":"https:\/\/gr-100.com\/pt-pt\/producto\/specialized-roubaix-sl8-comp-2025\/#breadcrumb","itemListElement":[{"@type":"ListItem","position":1,"name":"Portada","item":"https:\/\/gr-100.com\/en\/"},{"@type":"ListItem","position":2,"name":"Productos","item":"https:\/\/gr-100.com\/?post_type=product"},{"@type":"ListItem","position":3,"name":"Specialized Roubaix SL8 Comp 2025"}]},{"@type":"WebSite","@id":"https:\/\/gr-100.com\/#website","url":"https:\/\/gr-100.com\/","name":"Gr-100 Tienda de ciclismo Specialized","description":"GR-100 tenemos todas las gamas de bicicletas Specialized al mejor precio.","publisher":{"@id":"https:\/\/gr-100.com\/#organization"},"alternateName":"Gr-100 Bikes","potentialAction":[{"@type":"SearchAction","target":{"@type":"EntryPoint","urlTemplate":"https:\/\/gr-100.com\/?s={search_term_string}"},"query-input":{"@type":"PropertyValueSpecification","valueRequired":true,"valueName":"search_term_string"}}],"inLanguage":"pt-PT"},{"@type":"Organization","@id":"https:\/\/gr-100.com\/#organization","name":"Gr-100","url":"https:\/\/gr-100.com\/","logo":{"@type":"ImageObject","inLanguage":"pt-PT","@id":"https:\/\/gr-100.com\/#\/schema\/logo\/image\/","url":"https:\/\/gr-100.com\/wp-content\/uploads\/2023\/08\/logo-gr-100-bikes.png","contentUrl":"https:\/\/gr-100.com\/wp-content\/uploads\/2023\/08\/logo-gr-100-bikes.png","width":707,"height":284,"caption":"Gr-100"},"image":{"@id":"https:\/\/gr-100.com\/#\/schema\/logo\/image\/"},"sameAs":["https:\/\/www.facebook.com\/Gr100Bikes","https:\/\/www.instagram.com\/gr100bikes\/","https:\/\/www.tiktok.com\/@gr100bikes","https:\/\/twitter.com\/gr100mtbteam","https:\/\/www.youtube.com\/c\/GR100Specialized"]}]}},"_links":{"self":[{"href":"https:\/\/gr-100.com\/pt-pt\/wp-json\/wp\/v2\/product\/395813","targetHints":{"allow":["GET"]}}],"collection":[{"href":"https:\/\/gr-100.com\/pt-pt\/wp-json\/wp\/v2\/product"}],"about":[{"href":"https:\/\/gr-100.com\/pt-pt\/wp-json\/wp\/v2\/types\/product"}],"replies":[{"embeddable":true,"href":"https:\/\/gr-100.com\/pt-pt\/wp-json\/wp\/v2\/comments?post=395813"}],"wp:featuredmedia":[{"embeddable":true,"href":"https:\/\/gr-100.com\/pt-pt\/wp-json\/wp\/v2\/media\/390959"}],"wp:attachment":[{"href":"https:\/\/gr-100.com\/pt-pt\/wp-json\/wp\/v2\/media?parent=395813"}],"wp:term":[{"taxonomy":"product_brand","embeddable":true,"href":"https:\/\/gr-100.com\/pt-pt\/wp-json\/wp\/v2\/product_brand?post=395813"},{"taxonomy":"product_cat","embeddable":true,"href":"https:\/\/gr-100.com\/pt-pt\/wp-json\/wp\/v2\/product_cat?post=395813"},{"taxonomy":"product_tag","embeddable":true,"href":"https:\/\/gr-100.com\/pt-pt\/wp-json\/wp\/v2\/product_tag?post=395813"}],"curies":[{"name":"wp","href":"https:\/\/api.w.org\/{rel}","templated":true}]}}