{"id":395964,"date":"2024-11-13T16:25:22","date_gmt":"2024-11-13T14:25:22","guid":{"rendered":"https:\/\/gr-100.com\/?post_type=product&#038;p=395964"},"modified":"2025-11-27T11:02:16","modified_gmt":"2025-11-27T09:02:16","slug":"megamo-20-go-corrida-2024-copia","status":"publish","type":"product","link":"https:\/\/gr-100.com\/pt-pt\/producto\/megamo-20-go-corrida-2024-copia\/","title":{"rendered":"Megamo 20&#8243; Go Corrida 2025"},"content":{"rendered":"<p><strong>CARATER\u00cdSTICAS:<\/strong><\/p>\n<ul>\n<li>LIGA 6061 ESTRUTURA HIDROFORMADA<\/li>\n<li>Forquilha ALLOY 386 80mm<\/li>\n<li>AHEAD CH-281 fone de ouvido<\/li>\n<li>Transmiss\u00e3o<\/li>\n<li>SHIMANO TZ50 6s Descarrilador traseiro\n<\/li>\n<li>SHIMANO TZ30 Descarrilador<br \/>\n Frontal<\/li>\n<li>SHIMANO de<br \/>\n velocidades SHIMANO REVOSHIFT RS35<\/li>\n<li>PROWHEEL 114 38T Anel de corrente\n<\/li>\n<li>SHIMANO MF TZ21 6s\n<\/li>\n<li>Rodas<\/li>\n<li>MTB 1.95 Pneus\n<\/li>\n<li>Centros<br \/>\n UNION 36H<\/li>\n<li>ALLOY SCOUT PRETO Rodas\n<\/li>\n<li>Componentes<\/li>\n<li>MEGAMO W guiador<br \/>\n: 560mm<\/li>\n<li>\u00c0 FRENTE haste de 90mm\n<\/li>\n<li>\nEspig\u00e3o de assento ALLOY 27,2 x 300mm<\/li>\n<li>Sill\u00edn<br \/>\nMegamo<\/li>\n<\/ul>\n<p>*Megamo reserva-se o direito de modificar qualquer componente, para um de igual valor, se necess\u00e1rio, sem aviso pr\u00e9vio.<\/p>\n","protected":false},"excerpt":{"rendered":"<p><strong>PRINCIPAIS CARACTER\u00cdSTICAS<\/strong><br \/>\n\u00b7 Quadro de alum\u00ednio 6061, Tecnologia<br \/>\n hidroformada\u00b7 Disco de liga 386<br \/>\n\u00b7 Shimano TZ50<br \/>\n\u00b7 Alloy Scout Jantes Pretas<\/p>\n","protected":false},"featured_media":362305,"comment_status":"closed","ping_status":"closed","template":"","meta":{"_acf_changed":false,"_et_pb_use_builder":"","_et_pb_old_content":"","_et_gb_content_width":"","inline_featured_image":false},"product_brand":[],"product_cat":[4353,2522,2696],"product_tag":[],"class_list":{"0":"post-395964","1":"product","2":"type-product","3":"status-publish","4":"has-post-thumbnail","6":"product_cat-liquidacion-specialized","7":"product_cat-bicicletas-para-criancas","8":"product_cat-ofertas-especializadas","9":"product_shipping_class-bicicletas-pt-pt","11":"first","12":"outofstock","13":"taxable","14":"shipping-taxable","15":"product-type-variable","16":"wvs-archive-product-wrapper"},"acf":[],"yoast_head":"<!-- This site is optimized with the Yoast SEO Premium plugin v26.7 (Yoast SEO v26.7) - https:\/\/yoast.com\/wordpress\/plugins\/seo\/ -->\n<title>Megamo 20&quot; Go Corrida 2025 - GR-100<\/title>\n<meta name=\"description\" content=\"Megamo 20&quot; Go Race 2025 bicicleta infantil de alum\u00ednio, com rodas de 20&quot;, c\u00e2mbio Shimano de 6 marchas e garfo de suspens\u00e3o.\" \/>\n<meta name=\"robots\" content=\"index, follow, max-snippet:-1, max-image-preview:large, max-video-preview:-1\" \/>\n<link rel=\"canonical\" href=\"https:\/\/gr-100.com\/pt-pt\/producto\/megamo-20-go-corrida-2024-copia\/\" \/>\n<meta property=\"og:locale\" content=\"pt_PT\" \/>\n<meta property=\"og:type\" content=\"article\" \/>\n<meta property=\"og:title\" content=\"Megamo 20&quot; Go Corrida 2025\" \/>\n<meta property=\"og:description\" content=\"Megamo 20&quot; Go Race 2025 bicicleta infantil de alum\u00ednio, com rodas de 20&quot;, c\u00e2mbio Shimano de 6 marchas e garfo de suspens\u00e3o.\" \/>\n<meta property=\"og:url\" content=\"https:\/\/gr-100.com\/pt-pt\/producto\/megamo-20-go-corrida-2024-copia\/\" \/>\n<meta property=\"og:site_name\" content=\"Gr-100 Tienda de ciclismo Specialized\" \/>\n<meta property=\"article:publisher\" content=\"https:\/\/www.facebook.com\/Gr100Bikes\" \/>\n<meta property=\"article:modified_time\" content=\"2025-11-27T09:02:16+00:00\" \/>\n<meta property=\"og:image\" content=\"https:\/\/gr-100.com\/wp-content\/uploads\/2024\/06\/Megamo-20-Go-Race-2024-White.jpg\" \/>\n\t<meta property=\"og:image:width\" content=\"1000\" \/>\n\t<meta property=\"og:image:height\" content=\"1000\" \/>\n\t<meta property=\"og:image:type\" content=\"image\/jpeg\" \/>\n<meta name=\"twitter:card\" content=\"summary_large_image\" \/>\n<script type=\"application\/ld+json\" class=\"yoast-schema-graph\">{\"@context\":\"https:\/\/schema.org\",\"@graph\":[{\"@type\":\"WebPage\",\"@id\":\"https:\/\/gr-100.com\/pt-pt\/producto\/megamo-20-go-corrida-2024-copia\/\",\"url\":\"https:\/\/gr-100.com\/pt-pt\/producto\/megamo-20-go-corrida-2024-copia\/\",\"name\":\"Megamo 20\\\" Go Corrida 2025 - GR-100\",\"isPartOf\":{\"@id\":\"https:\/\/gr-100.com\/#website\"},\"primaryImageOfPage\":{\"@id\":\"https:\/\/gr-100.com\/pt-pt\/producto\/megamo-20-go-corrida-2024-copia\/#primaryimage\"},\"image\":{\"@id\":\"https:\/\/gr-100.com\/pt-pt\/producto\/megamo-20-go-corrida-2024-copia\/#primaryimage\"},\"thumbnailUrl\":\"https:\/\/gr-100.com\/wp-content\/uploads\/2024\/06\/Megamo-20-Go-Race-2024-White.jpg\",\"datePublished\":\"2024-11-13T14:25:22+00:00\",\"dateModified\":\"2025-11-27T09:02:16+00:00\",\"description\":\"Megamo 20\\\" Go Race 2025 bicicleta infantil de alum\u00ednio, com rodas de 20\\\", c\u00e2mbio Shimano de 6 marchas e garfo de suspens\u00e3o.\",\"breadcrumb\":{\"@id\":\"https:\/\/gr-100.com\/pt-pt\/producto\/megamo-20-go-corrida-2024-copia\/#breadcrumb\"},\"inLanguage\":\"pt-PT\",\"potentialAction\":[{\"@type\":\"ReadAction\",\"target\":[\"https:\/\/gr-100.com\/pt-pt\/producto\/megamo-20-go-corrida-2024-copia\/\"]}]},{\"@type\":\"ImageObject\",\"inLanguage\":\"pt-PT\",\"@id\":\"https:\/\/gr-100.com\/pt-pt\/producto\/megamo-20-go-corrida-2024-copia\/#primaryimage\",\"url\":\"https:\/\/gr-100.com\/wp-content\/uploads\/2024\/06\/Megamo-20-Go-Race-2024-White.jpg\",\"contentUrl\":\"https:\/\/gr-100.com\/wp-content\/uploads\/2024\/06\/Megamo-20-Go-Race-2024-White.jpg\",\"width\":1000,\"height\":1000},{\"@type\":\"BreadcrumbList\",\"@id\":\"https:\/\/gr-100.com\/pt-pt\/producto\/megamo-20-go-corrida-2024-copia\/#breadcrumb\",\"itemListElement\":[{\"@type\":\"ListItem\",\"position\":1,\"name\":\"Portada\",\"item\":\"https:\/\/gr-100.com\/en\/\"},{\"@type\":\"ListItem\",\"position\":2,\"name\":\"Productos\",\"item\":\"https:\/\/gr-100.com\/?post_type=product\"},{\"@type\":\"ListItem\",\"position\":3,\"name\":\"Megamo 20&#8243; Go Corrida 2025\"}]},{\"@type\":\"WebSite\",\"@id\":\"https:\/\/gr-100.com\/#website\",\"url\":\"https:\/\/gr-100.com\/\",\"name\":\"Gr-100 Tienda de ciclismo Specialized\",\"description\":\"GR-100 tenemos todas las gamas de bicicletas Specialized al mejor precio.\",\"publisher\":{\"@id\":\"https:\/\/gr-100.com\/#organization\"},\"alternateName\":\"Gr-100 Bikes\",\"potentialAction\":[{\"@type\":\"SearchAction\",\"target\":{\"@type\":\"EntryPoint\",\"urlTemplate\":\"https:\/\/gr-100.com\/?s={search_term_string}\"},\"query-input\":{\"@type\":\"PropertyValueSpecification\",\"valueRequired\":true,\"valueName\":\"search_term_string\"}}],\"inLanguage\":\"pt-PT\"},{\"@type\":\"Organization\",\"@id\":\"https:\/\/gr-100.com\/#organization\",\"name\":\"Gr-100\",\"url\":\"https:\/\/gr-100.com\/\",\"logo\":{\"@type\":\"ImageObject\",\"inLanguage\":\"pt-PT\",\"@id\":\"https:\/\/gr-100.com\/#\/schema\/logo\/image\/\",\"url\":\"https:\/\/gr-100.com\/wp-content\/uploads\/2023\/08\/logo-gr-100-bikes.png\",\"contentUrl\":\"https:\/\/gr-100.com\/wp-content\/uploads\/2023\/08\/logo-gr-100-bikes.png\",\"width\":707,\"height\":284,\"caption\":\"Gr-100\"},\"image\":{\"@id\":\"https:\/\/gr-100.com\/#\/schema\/logo\/image\/\"},\"sameAs\":[\"https:\/\/www.facebook.com\/Gr100Bikes\",\"https:\/\/www.instagram.com\/gr100bikes\/\",\"https:\/\/www.tiktok.com\/@gr100bikes\",\"https:\/\/twitter.com\/gr100mtbteam\",\"https:\/\/www.youtube.com\/c\/GR100Specialized\"]}]}<\/script>\n<!-- \/ Yoast SEO Premium plugin. -->","yoast_head_json":{"title":"Megamo 20\" Go Corrida 2025 - GR-100","description":"Megamo 20\" Go Race 2025 bicicleta infantil de alum\u00ednio, com rodas de 20\", c\u00e2mbio Shimano de 6 marchas e garfo de suspens\u00e3o.","robots":{"index":"index","follow":"follow","max-snippet":"max-snippet:-1","max-image-preview":"max-image-preview:large","max-video-preview":"max-video-preview:-1"},"canonical":"https:\/\/gr-100.com\/pt-pt\/producto\/megamo-20-go-corrida-2024-copia\/","og_locale":"pt_PT","og_type":"article","og_title":"Megamo 20\" Go Corrida 2025","og_description":"Megamo 20\" Go Race 2025 bicicleta infantil de alum\u00ednio, com rodas de 20\", c\u00e2mbio Shimano de 6 marchas e garfo de suspens\u00e3o.","og_url":"https:\/\/gr-100.com\/pt-pt\/producto\/megamo-20-go-corrida-2024-copia\/","og_site_name":"Gr-100 Tienda de ciclismo Specialized","article_publisher":"https:\/\/www.facebook.com\/Gr100Bikes","article_modified_time":"2025-11-27T09:02:16+00:00","og_image":[{"width":1000,"height":1000,"url":"https:\/\/gr-100.com\/wp-content\/uploads\/2024\/06\/Megamo-20-Go-Race-2024-White.jpg","type":"image\/jpeg"}],"twitter_card":"summary_large_image","schema":{"@context":"https:\/\/schema.org","@graph":[{"@type":"WebPage","@id":"https:\/\/gr-100.com\/pt-pt\/producto\/megamo-20-go-corrida-2024-copia\/","url":"https:\/\/gr-100.com\/pt-pt\/producto\/megamo-20-go-corrida-2024-copia\/","name":"Megamo 20\" Go Corrida 2025 - GR-100","isPartOf":{"@id":"https:\/\/gr-100.com\/#website"},"primaryImageOfPage":{"@id":"https:\/\/gr-100.com\/pt-pt\/producto\/megamo-20-go-corrida-2024-copia\/#primaryimage"},"image":{"@id":"https:\/\/gr-100.com\/pt-pt\/producto\/megamo-20-go-corrida-2024-copia\/#primaryimage"},"thumbnailUrl":"https:\/\/gr-100.com\/wp-content\/uploads\/2024\/06\/Megamo-20-Go-Race-2024-White.jpg","datePublished":"2024-11-13T14:25:22+00:00","dateModified":"2025-11-27T09:02:16+00:00","description":"Megamo 20\" Go Race 2025 bicicleta infantil de alum\u00ednio, com rodas de 20\", c\u00e2mbio Shimano de 6 marchas e garfo de suspens\u00e3o.","breadcrumb":{"@id":"https:\/\/gr-100.com\/pt-pt\/producto\/megamo-20-go-corrida-2024-copia\/#breadcrumb"},"inLanguage":"pt-PT","potentialAction":[{"@type":"ReadAction","target":["https:\/\/gr-100.com\/pt-pt\/producto\/megamo-20-go-corrida-2024-copia\/"]}]},{"@type":"ImageObject","inLanguage":"pt-PT","@id":"https:\/\/gr-100.com\/pt-pt\/producto\/megamo-20-go-corrida-2024-copia\/#primaryimage","url":"https:\/\/gr-100.com\/wp-content\/uploads\/2024\/06\/Megamo-20-Go-Race-2024-White.jpg","contentUrl":"https:\/\/gr-100.com\/wp-content\/uploads\/2024\/06\/Megamo-20-Go-Race-2024-White.jpg","width":1000,"height":1000},{"@type":"BreadcrumbList","@id":"https:\/\/gr-100.com\/pt-pt\/producto\/megamo-20-go-corrida-2024-copia\/#breadcrumb","itemListElement":[{"@type":"ListItem","position":1,"name":"Portada","item":"https:\/\/gr-100.com\/en\/"},{"@type":"ListItem","position":2,"name":"Productos","item":"https:\/\/gr-100.com\/?post_type=product"},{"@type":"ListItem","position":3,"name":"Megamo 20&#8243; Go Corrida 2025"}]},{"@type":"WebSite","@id":"https:\/\/gr-100.com\/#website","url":"https:\/\/gr-100.com\/","name":"Gr-100 Tienda de ciclismo Specialized","description":"GR-100 tenemos todas las gamas de bicicletas Specialized al mejor precio.","publisher":{"@id":"https:\/\/gr-100.com\/#organization"},"alternateName":"Gr-100 Bikes","potentialAction":[{"@type":"SearchAction","target":{"@type":"EntryPoint","urlTemplate":"https:\/\/gr-100.com\/?s={search_term_string}"},"query-input":{"@type":"PropertyValueSpecification","valueRequired":true,"valueName":"search_term_string"}}],"inLanguage":"pt-PT"},{"@type":"Organization","@id":"https:\/\/gr-100.com\/#organization","name":"Gr-100","url":"https:\/\/gr-100.com\/","logo":{"@type":"ImageObject","inLanguage":"pt-PT","@id":"https:\/\/gr-100.com\/#\/schema\/logo\/image\/","url":"https:\/\/gr-100.com\/wp-content\/uploads\/2023\/08\/logo-gr-100-bikes.png","contentUrl":"https:\/\/gr-100.com\/wp-content\/uploads\/2023\/08\/logo-gr-100-bikes.png","width":707,"height":284,"caption":"Gr-100"},"image":{"@id":"https:\/\/gr-100.com\/#\/schema\/logo\/image\/"},"sameAs":["https:\/\/www.facebook.com\/Gr100Bikes","https:\/\/www.instagram.com\/gr100bikes\/","https:\/\/www.tiktok.com\/@gr100bikes","https:\/\/twitter.com\/gr100mtbteam","https:\/\/www.youtube.com\/c\/GR100Specialized"]}]}},"_links":{"self":[{"href":"https:\/\/gr-100.com\/pt-pt\/wp-json\/wp\/v2\/product\/395964","targetHints":{"allow":["GET"]}}],"collection":[{"href":"https:\/\/gr-100.com\/pt-pt\/wp-json\/wp\/v2\/product"}],"about":[{"href":"https:\/\/gr-100.com\/pt-pt\/wp-json\/wp\/v2\/types\/product"}],"replies":[{"embeddable":true,"href":"https:\/\/gr-100.com\/pt-pt\/wp-json\/wp\/v2\/comments?post=395964"}],"wp:featuredmedia":[{"embeddable":true,"href":"https:\/\/gr-100.com\/pt-pt\/wp-json\/wp\/v2\/media\/362305"}],"wp:attachment":[{"href":"https:\/\/gr-100.com\/pt-pt\/wp-json\/wp\/v2\/media?parent=395964"}],"wp:term":[{"taxonomy":"product_brand","embeddable":true,"href":"https:\/\/gr-100.com\/pt-pt\/wp-json\/wp\/v2\/product_brand?post=395964"},{"taxonomy":"product_cat","embeddable":true,"href":"https:\/\/gr-100.com\/pt-pt\/wp-json\/wp\/v2\/product_cat?post=395964"},{"taxonomy":"product_tag","embeddable":true,"href":"https:\/\/gr-100.com\/pt-pt\/wp-json\/wp\/v2\/product_tag?post=395964"}],"curies":[{"name":"wp","href":"https:\/\/api.w.org\/{rel}","templated":true}]}}