{"id":396077,"date":"2024-11-14T12:40:15","date_gmt":"2024-11-14T12:40:15","guid":{"rendered":"https:\/\/gr-100.com\/?post_type=product&#038;p=396077"},"modified":"2026-04-13T18:26:05","modified_gmt":"2026-04-13T17:26:05","slug":"specialid-turbo-como-3-0-igh-2023","status":"publish","type":"product","link":"https:\/\/gr-100.com\/pt-pt\/producto\/specialid-turbo-como-3-0-igh-2023\/","title":{"rendered":"Specialized Turbo Como 3.0 IGH 2023"},"content":{"rendered":"<ul class=\"bullet_points\">\n<li class=\"bullet_item\">El motor Turbo Full Power 2.0E y la bater\u00eda de 530 Wh ofrecen una experiencia de conducci\u00f3n incomparable, proporcionando una amplificaci\u00f3n de tu esfuerzo suave, fluida y sorprendentemente silenciosa, hasta 25 km\/h. El controlador integrado responde a la pedalada, lo que resulta en una amplificaci\u00f3n intuitiva de tu esfuerzo con una sensaci\u00f3n incre\u00edblemente natural.<\/li>\n<li class=\"bullet_item\">MasterMind y Mission Control: la pantalla MasterMind te da toda la informaci\u00f3n relevante sobre tu recorrido, permite el ajuste en tiempo real de los niveles de asistencia y habilita actualizaciones inal\u00e1mbricas para que tu bicicleta mejore con el tiempo. MasterMind se integra a la perfecci\u00f3n con la aplicaci\u00f3n Mission Control para herramientas de optimizaci\u00f3n de autonom\u00eda, ajuste avanzado, diagn\u00f3sticos de ruta y mucho m\u00e1s.<\/li>\n<li class=\"bullet_item\">El cambio de velocidades en el buje City Internal Gear Hub (IGH) est\u00e1 dise\u00f1ado espec\u00edficamente y un controlador a juego. La tecnolog\u00eda de cambio continua manual es tan simple como ajustar el volumen de una radio. Esto permite a los ciclistas centrarse en los aspectos importantes de la conducci\u00f3n de la bicicleta, como el tr\u00e1fico o el paisaje.<\/li>\n<li class=\"bullet_item\">Eficacia Suave Testada: dise\u00f1amos un mecanismo de test personalizado para analizar baches incluso con la frecuencia m\u00e1s peque\u00f1a para aumentar la comodidad y la visi\u00f3n. Esa precisi\u00f3n, combinada con una tija de sill\u00edn con suspensi\u00f3n, neum\u00e1ticos de mayor volumen y una horquilla de suspensi\u00f3n de 80 mm, allanar\u00e1 las carreteras ante tus ojos.<\/li>\n<li class=\"bullet_item\">Turbo System Lock: utiliza la aplicaci\u00f3n Mission Control para desactivar el motor de tu bicicleta y activar la alarma del sensor de movimiento. Una vez bloqueado, el motor no se puede volver a activar excepto por el propietario.<\/li>\n<li class=\"bullet_item\">Bater\u00eda integrada en el tubo diagonal extra\u00edble y bloqueable: f\u00e1cil de cargar y segura.<\/li>\n<li class=\"bullet_item\">Equipada con guardabarros DRYTECH, luces LED delanteras y traseras y portabultos trasero HD Rack con 27 kg de capacidad. El portabultos trasero es compatible con las sillias de ni\u00f1os para bicicleta, y la bicicleta tambi\u00e9n est\u00e1 capacitada para tirar de un remolque de eje pasante.<\/li>\n<li>ESPECIFICACIONES<\/li>\n<li class=\"bullet_item\">\n<div class=\"spec-section\">\n<div class=\"product-specification\">\n<p>E-bike<\/p>\n<dl>\n<dt>CARGADOR<\/dt>\n<dd>Custom charger, 42V4A w\/ Rosenberger plug, 100-240V<\/dd>\n<\/dl>\n<dl>\n<dt>CABLEADO<\/dt>\n<dd>Custom wire harness<\/dd>\n<\/dl>\n<dl>\n<dt>UI\/REMOTE<\/dt>\n<dd>MasterMind TCD, w\/handlebar remote, built-in anti-theft feature, Bluetooth\u00ae connectivity, customizable display pages<\/dd>\n<\/dl>\n<dl>\n<dt>MOTOR<\/dt>\n<dd>Specialized 2.0E, 50Nm torque, custom tuned motor, 250W nominal<\/dd>\n<\/dl>\n<dl>\n<dt>BATER\u00cdA<\/dt>\n<dd>Specialized U2-530, alloy casing, state of charge display, 530Wh<\/dd>\n<\/dl>\n<\/div>\n<div class=\"product-specification\">\n<p>Drivetrain<\/p>\n<dl>\n<dt>PEDALIER<\/dt>\n<dd>Custom alloy forged crankarms<\/dd>\n<\/dl>\n<dl>\n<dt>CASETE<\/dt>\n<dd>Gates Carbon Drive CDX 22t sprocket, silver<\/dd>\n<\/dl>\n<dl>\n<dt>PLATOS<\/dt>\n<dd>Gates Carbon Drive CDC 50T chainring, black<\/dd>\n<\/dl>\n<dl>\n<dt>CADENA<\/dt>\n<dd>Gates Carbon Drive CDC 122t belt, black<\/dd>\n<\/dl>\n<dl>\n<dt>PROTECTOR DE CADENA<\/dt>\n<dd>Integrated Chaincover<\/dd>\n<\/dl>\n<dl>\n<dt>CAMBIO<\/dt>\n<dd>enviolo CVP Multi-Turn<\/dd>\n<\/dl>\n<dl>\n<dt>MANDOS DE CAMBIO<\/dt>\n<dd>enviolo Twist Display Pure<\/dd>\n<\/dl>\n<\/div>\n<div class=\"product-specification\">\n<p>Wheels &amp; tires<\/p>\n<dl>\n<dt>LLANTAS<\/dt>\n<dd>650b disc, double-wall alloy, pinned, 32h<\/dd>\n<\/dl>\n<dl>\n<dt>RADIOS<\/dt>\n<dd>DT Swiss Industry<\/dd>\n<\/dl>\n<dl>\n<dt>NEUM\u00c1TICO DEL.<\/dt>\n<dd>Pathfinder Sport Reflect, 650Bx2.3<\/dd>\n<\/dl>\n<dl>\n<dt>NEUM\u00c1TICO TRASERO<\/dt>\n<dd>Pathfinder Sport Reflect, 650Bx2.3<\/dd>\n<\/dl>\n<dl>\n<dt>BUJE DELANTERO<\/dt>\n<dd>Shimano MT400, Centerlock, 15x100mm, 32h<\/dd>\n<\/dl>\n<dl>\n<dt>C\u00c1MARAS<\/dt>\n<dd>Standard 40mm SV 650Bx1.75-2.4<\/dd>\n<\/dl>\n<dl>\n<dt>BUJE TRASERO<\/dt>\n<dd>enviolo CITY, 310% range, 6-bolt, 10x135mm, 32h<\/dd>\n<\/dl>\n<\/div>\n<div class=\"product-specification\">\n<p>Frameset<\/p>\n<dl>\n<dt>CUADRO<\/dt>\n<dd>E5 Aluminum, bottom bracket motor mount, fully integrated &amp;lockable downtube battery, internal cable routing, lock and front rack mount, sliding dropout<\/dd>\n<\/dl>\n<dl>\n<dt>ABRAZ. SILL\u00cdN<\/dt>\n<dd>Specialized bolt-type, alloy, 42.9mm<\/dd>\n<\/dl>\n<\/div>\n<div class=\"product-specification\">\n<p>Suspension<\/p>\n<dl>\n<dt>HORQUILLA<\/dt>\n<dd>SR Suntour MobieA32, 80mm travel, lockout, fender-mounts, integrated light mount<\/dd>\n<\/dl>\n<\/div>\n<div class=\"product-specification\">\n<p>Brakes<\/p>\n<dl>\n<dt>FRENO TRASERO<\/dt>\n<dd>Shimano BR-MT200, hydraulic disc, 160mm<\/dd>\n<\/dl>\n<dl>\n<dt>FRENO DELANTERO<\/dt>\n<dd>Shimano BR-MT200, hydraulic disc, 180mm<\/dd>\n<\/dl>\n<\/div>\n<div class=\"product-specification\">\n<p>Cockpit<\/p>\n<dl>\n<dt>SILL\u00cdN<\/dt>\n<dd>Body Geometry Comfort Gel, 200mm w\/ SWAT\u2122 Mount<\/dd>\n<\/dl>\n<dl>\n<dt>TIJA DE SILL\u00cdN<\/dt>\n<dd>Specialized 2-bolt head, forged alloy, 5mm offset, micro-adjust, 34.9mm<\/dd>\n<\/dl>\n<dl>\n<dt>PU\u00d1OS<\/dt>\n<dd>Specialized Body Geometry Contour, lock-on<\/dd>\n<\/dl>\n<dl>\n<dt>MANILLAR<\/dt>\n<dd>Specialized Como handlebar\/stem combo<\/dd>\n<\/dl>\n<dl>\n<dt>POTENCIA<\/dt>\n<dd>Specialized integrated stem<\/dd>\n<\/dl>\n<\/div>\n<div class=\"product-specification\">\n<p>Accessories<\/p>\n<dl>\n<dt>GUARDABARROS<\/dt>\n<dd>Specialized DRYTECH fenders, 65mm width, aluminum fenderstay<\/dd>\n<\/dl>\n<dl>\n<dt>SWAT<\/dt>\n<dd>Handlebar rear view mirror, aluminum<\/dd>\n<\/dl>\n<dl>\n<dt>LUZ FRONTAL<\/dt>\n<dd>Lezyne EBIKE MINI STVZO E65, 210 Lumen, 12V<\/dd>\n<\/dl>\n<dl>\n<dt>TIMBRE<\/dt>\n<dd>Simple bell<\/dd>\n<\/dl>\n<dl>\n<dt>LUZ TRASERA<\/dt>\n<dd>Spanninga Commuter Glow XE, 12V<\/dd>\n<\/dl>\n<dl>\n<dt>PEDALES<\/dt>\n<dd>Specialized Commuter w\/ grip tape &amp; reflectors<\/dd>\n<\/dl>\n<dl>\n<dt>PATA DE CABRA<\/dt>\n<dd>Specialized kickstand, 40mm mount<\/dd>\n<\/dl>\n<dl>\n<dt>PORTABULTOS<\/dt>\n<dd>Specialized rack, MIK HD interface, built-in pannier mounts, 27kg max load<\/dd>\n<\/dl>\n<dl>\n<dt>CANDADO<\/dt>\n<dd>Turbo System Lock<\/dd>\n<\/dl>\n<\/div>\n<\/div>\n<\/li>\n<\/ul>\n","protected":false},"excerpt":{"rendered":"<p>La Como es una bicicleta el\u00e9ctrica relajada y c\u00f3moda, y adem\u00e1s es segura. La Como te deja fluir ofreciendote una experiencia de plena potencia, inspirando confianza y una sensaci\u00f3n absolutamente deliciosa de una bicicleta que es f\u00e1cil de manejar.<\/p>\n<p>Con la barra baja de la Como cualquiera puede subir y montar f\u00e1cilmente. Una posici\u00f3n m\u00e1s erguida reduce la presi\u00f3n en las manos y la parte superior del cuerpo del ciclista, lo que permite conducir c\u00f3modamente por las calles.<\/p>\n","protected":false},"featured_media":396091,"comment_status":"open","ping_status":"closed","template":"","meta":{"_acf_changed":false,"_et_pb_use_builder":"","_et_pb_old_content":"","_et_gb_content_width":"","inline_featured_image":false},"product_brand":[],"product_cat":[4330,5254,23,5212,5219,5208,5220,5215,27],"product_tag":[],"class_list":{"0":"post-396077","1":"product","2":"type-product","3":"status-publish","4":"has-post-thumbnail","6":"product_cat-black-friday-2","7":"product_cat-bicicletas-urbanas","8":"product_cat-bicicletas-electricas","9":"product_cat-bicicletas-electricas-aluminio","10":"product_cat-bicicletas-electricas-paseo","11":"product_cat-bicicletas-electricas-specialized","12":"product_cat-bicicletas-electricas-trekking","13":"product_cat-bicicletas-electricas-urbanas","14":"product_cat-outlet","15":"product_shipping_class-bicicletas","17":"first","18":"instock","19":"sale","20":"taxable","21":"shipping-taxable","22":"purchasable","23":"product-type-variable","24":"wvs-archive-product-wrapper"},"acf":[],"yoast_head":"<!-- This site is optimized with the Yoast SEO Premium plugin v26.7 (Yoast SEO v26.7) - https:\/\/yoast.com\/wordpress\/plugins\/seo\/ -->\n<title>Specialized Turbo Como 3.0 IGH 2023 GR-100<\/title>\n<meta name=\"description\" content=\"La Como es una bicicleta el\u00e9ctrica relajada y c\u00f3moda, y adem\u00e1s es segura. La Como te deja fluir ofreciendote una experiencia de plena potencia, inspirando confianza y una sensaci\u00f3n absolutamente deliciosa de una bicicleta que es f\u00e1cil de manejar.Con la barra baja de la Como cualquiera puede subir y montar f\u00e1cilmente. Una posici\u00f3n m\u00e1s erguida reduce la presi\u00f3n en las manos y la parte superior del cuerpo del ciclista, lo que permite conducir c\u00f3modamente por las calles.\" \/>\n<meta name=\"robots\" content=\"index, follow, max-snippet:-1, max-image-preview:large, max-video-preview:-1\" \/>\n<link rel=\"canonical\" href=\"https:\/\/gr-100.com\/producto\/specialid-turbo-como-3-0-igh-2023\/\" \/>\n<meta property=\"og:locale\" content=\"pt_PT\" \/>\n<meta property=\"og:type\" content=\"article\" \/>\n<meta property=\"og:title\" content=\"Specialized Turbo Como 3.0 IGH 2023\" \/>\n<meta property=\"og:description\" content=\"La Como es una bicicleta el\u00e9ctrica relajada y c\u00f3moda, y adem\u00e1s es segura. La Como te deja fluir ofreciendote una experiencia de plena potencia, inspirando confianza y una sensaci\u00f3n absolutamente deliciosa de una bicicleta que es f\u00e1cil de manejar.Con la barra baja de la Como cualquiera puede subir y montar f\u00e1cilmente. Una posici\u00f3n m\u00e1s erguida reduce la presi\u00f3n en las manos y la parte superior del cuerpo del ciclista, lo que permite conducir c\u00f3modamente por las calles.\" \/>\n<meta property=\"og:url\" content=\"https:\/\/gr-100.com\/producto\/specialid-turbo-como-3-0-igh-2023\/\" \/>\n<meta property=\"og:site_name\" content=\"Gr-100 Tienda de ciclismo Specialized\" \/>\n<meta property=\"article:publisher\" content=\"https:\/\/www.facebook.com\/Gr100Bikes\" \/>\n<meta property=\"article:modified_time\" content=\"2026-04-13T17:26:05+00:00\" \/>\n<meta property=\"og:image\" content=\"https:\/\/gr-100.com\/wp-content\/uploads\/2024\/11\/My-project-1-28.jpeg\" \/>\n\t<meta property=\"og:image:width\" content=\"1000\" \/>\n\t<meta property=\"og:image:height\" content=\"1000\" \/>\n\t<meta property=\"og:image:type\" content=\"image\/jpeg\" \/>\n<meta name=\"twitter:card\" content=\"summary_large_image\" \/>\n<meta name=\"twitter:label1\" content=\"Tempo estimado de leitura\" \/>\n\t<meta name=\"twitter:data1\" content=\"4 minutos\" \/>\n<script type=\"application\/ld+json\" class=\"yoast-schema-graph\">{\"@context\":\"https:\/\/schema.org\",\"@graph\":[{\"@type\":\"WebPage\",\"@id\":\"https:\/\/gr-100.com\/producto\/specialid-turbo-como-3-0-igh-2023\/\",\"url\":\"https:\/\/gr-100.com\/producto\/specialid-turbo-como-3-0-igh-2023\/\",\"name\":\"Specialized Turbo Como 3.0 IGH 2023 GR-100\",\"isPartOf\":{\"@id\":\"https:\/\/gr-100.com\/#website\"},\"primaryImageOfPage\":{\"@id\":\"https:\/\/gr-100.com\/producto\/specialid-turbo-como-3-0-igh-2023\/#primaryimage\"},\"image\":{\"@id\":\"https:\/\/gr-100.com\/producto\/specialid-turbo-como-3-0-igh-2023\/#primaryimage\"},\"thumbnailUrl\":\"https:\/\/gr-100.com\/wp-content\/uploads\/2024\/11\/My-project-1-28.jpeg\",\"datePublished\":\"2024-11-14T12:40:15+00:00\",\"dateModified\":\"2026-04-13T17:26:05+00:00\",\"description\":\"La Como es una bicicleta el\u00e9ctrica relajada y c\u00f3moda, y adem\u00e1s es segura. La Como te deja fluir ofreciendote una experiencia de plena potencia, inspirando confianza y una sensaci\u00f3n absolutamente deliciosa de una bicicleta que es f\u00e1cil de manejar.Con la barra baja de la Como cualquiera puede subir y montar f\u00e1cilmente. Una posici\u00f3n m\u00e1s erguida reduce la presi\u00f3n en las manos y la parte superior del cuerpo del ciclista, lo que permite conducir c\u00f3modamente por las calles.\",\"breadcrumb\":{\"@id\":\"https:\/\/gr-100.com\/producto\/specialid-turbo-como-3-0-igh-2023\/#breadcrumb\"},\"inLanguage\":\"pt-PT\",\"potentialAction\":[{\"@type\":\"ReadAction\",\"target\":[\"https:\/\/gr-100.com\/producto\/specialid-turbo-como-3-0-igh-2023\/\"]}]},{\"@type\":\"ImageObject\",\"inLanguage\":\"pt-PT\",\"@id\":\"https:\/\/gr-100.com\/producto\/specialid-turbo-como-3-0-igh-2023\/#primaryimage\",\"url\":\"https:\/\/gr-100.com\/wp-content\/uploads\/2024\/11\/My-project-1-28.jpeg\",\"contentUrl\":\"https:\/\/gr-100.com\/wp-content\/uploads\/2024\/11\/My-project-1-28.jpeg\",\"width\":1000,\"height\":1000},{\"@type\":\"BreadcrumbList\",\"@id\":\"https:\/\/gr-100.com\/producto\/specialid-turbo-como-3-0-igh-2023\/#breadcrumb\",\"itemListElement\":[{\"@type\":\"ListItem\",\"position\":1,\"name\":\"Portada\",\"item\":\"https:\/\/gr-100.com\/en\/\"},{\"@type\":\"ListItem\",\"position\":2,\"name\":\"Productos\",\"item\":\"https:\/\/gr-100.com\/?post_type=product\"},{\"@type\":\"ListItem\",\"position\":3,\"name\":\"Specialized Turbo Como 3.0 IGH 2023\"}]},{\"@type\":\"WebSite\",\"@id\":\"https:\/\/gr-100.com\/#website\",\"url\":\"https:\/\/gr-100.com\/\",\"name\":\"Gr-100 Tienda de ciclismo Specialized\",\"description\":\"GR-100 tenemos todas las gamas de bicicletas Specialized al mejor precio.\",\"publisher\":{\"@id\":\"https:\/\/gr-100.com\/#organization\"},\"alternateName\":\"Gr-100 Bikes\",\"potentialAction\":[{\"@type\":\"SearchAction\",\"target\":{\"@type\":\"EntryPoint\",\"urlTemplate\":\"https:\/\/gr-100.com\/?s={search_term_string}\"},\"query-input\":{\"@type\":\"PropertyValueSpecification\",\"valueRequired\":true,\"valueName\":\"search_term_string\"}}],\"inLanguage\":\"pt-PT\"},{\"@type\":\"Organization\",\"@id\":\"https:\/\/gr-100.com\/#organization\",\"name\":\"Gr-100\",\"url\":\"https:\/\/gr-100.com\/\",\"logo\":{\"@type\":\"ImageObject\",\"inLanguage\":\"pt-PT\",\"@id\":\"https:\/\/gr-100.com\/#\/schema\/logo\/image\/\",\"url\":\"https:\/\/gr-100.com\/wp-content\/uploads\/2023\/08\/logo-gr-100-bikes.png\",\"contentUrl\":\"https:\/\/gr-100.com\/wp-content\/uploads\/2023\/08\/logo-gr-100-bikes.png\",\"width\":707,\"height\":284,\"caption\":\"Gr-100\"},\"image\":{\"@id\":\"https:\/\/gr-100.com\/#\/schema\/logo\/image\/\"},\"sameAs\":[\"https:\/\/www.facebook.com\/Gr100Bikes\",\"https:\/\/www.instagram.com\/gr100bikes\/\",\"https:\/\/www.tiktok.com\/@gr100bikes\",\"https:\/\/twitter.com\/gr100mtbteam\",\"https:\/\/www.youtube.com\/c\/GR100Specialized\"]}]}<\/script>\n<!-- \/ Yoast SEO Premium plugin. -->","yoast_head_json":{"title":"Specialized Turbo Como 3.0 IGH 2023 GR-100","description":"La Como es una bicicleta el\u00e9ctrica relajada y c\u00f3moda, y adem\u00e1s es segura. La Como te deja fluir ofreciendote una experiencia de plena potencia, inspirando confianza y una sensaci\u00f3n absolutamente deliciosa de una bicicleta que es f\u00e1cil de manejar.Con la barra baja de la Como cualquiera puede subir y montar f\u00e1cilmente. Una posici\u00f3n m\u00e1s erguida reduce la presi\u00f3n en las manos y la parte superior del cuerpo del ciclista, lo que permite conducir c\u00f3modamente por las calles.","robots":{"index":"index","follow":"follow","max-snippet":"max-snippet:-1","max-image-preview":"max-image-preview:large","max-video-preview":"max-video-preview:-1"},"canonical":"https:\/\/gr-100.com\/producto\/specialid-turbo-como-3-0-igh-2023\/","og_locale":"pt_PT","og_type":"article","og_title":"Specialized Turbo Como 3.0 IGH 2023","og_description":"La Como es una bicicleta el\u00e9ctrica relajada y c\u00f3moda, y adem\u00e1s es segura. La Como te deja fluir ofreciendote una experiencia de plena potencia, inspirando confianza y una sensaci\u00f3n absolutamente deliciosa de una bicicleta que es f\u00e1cil de manejar.Con la barra baja de la Como cualquiera puede subir y montar f\u00e1cilmente. Una posici\u00f3n m\u00e1s erguida reduce la presi\u00f3n en las manos y la parte superior del cuerpo del ciclista, lo que permite conducir c\u00f3modamente por las calles.","og_url":"https:\/\/gr-100.com\/producto\/specialid-turbo-como-3-0-igh-2023\/","og_site_name":"Gr-100 Tienda de ciclismo Specialized","article_publisher":"https:\/\/www.facebook.com\/Gr100Bikes","article_modified_time":"2026-04-13T17:26:05+00:00","og_image":[{"width":1000,"height":1000,"url":"https:\/\/gr-100.com\/wp-content\/uploads\/2024\/11\/My-project-1-28.jpeg","type":"image\/jpeg"}],"twitter_card":"summary_large_image","twitter_misc":{"Tempo estimado de leitura":"4 minutos"},"schema":{"@context":"https:\/\/schema.org","@graph":[{"@type":"WebPage","@id":"https:\/\/gr-100.com\/producto\/specialid-turbo-como-3-0-igh-2023\/","url":"https:\/\/gr-100.com\/producto\/specialid-turbo-como-3-0-igh-2023\/","name":"Specialized Turbo Como 3.0 IGH 2023 GR-100","isPartOf":{"@id":"https:\/\/gr-100.com\/#website"},"primaryImageOfPage":{"@id":"https:\/\/gr-100.com\/producto\/specialid-turbo-como-3-0-igh-2023\/#primaryimage"},"image":{"@id":"https:\/\/gr-100.com\/producto\/specialid-turbo-como-3-0-igh-2023\/#primaryimage"},"thumbnailUrl":"https:\/\/gr-100.com\/wp-content\/uploads\/2024\/11\/My-project-1-28.jpeg","datePublished":"2024-11-14T12:40:15+00:00","dateModified":"2026-04-13T17:26:05+00:00","description":"La Como es una bicicleta el\u00e9ctrica relajada y c\u00f3moda, y adem\u00e1s es segura. La Como te deja fluir ofreciendote una experiencia de plena potencia, inspirando confianza y una sensaci\u00f3n absolutamente deliciosa de una bicicleta que es f\u00e1cil de manejar.Con la barra baja de la Como cualquiera puede subir y montar f\u00e1cilmente. Una posici\u00f3n m\u00e1s erguida reduce la presi\u00f3n en las manos y la parte superior del cuerpo del ciclista, lo que permite conducir c\u00f3modamente por las calles.","breadcrumb":{"@id":"https:\/\/gr-100.com\/producto\/specialid-turbo-como-3-0-igh-2023\/#breadcrumb"},"inLanguage":"pt-PT","potentialAction":[{"@type":"ReadAction","target":["https:\/\/gr-100.com\/producto\/specialid-turbo-como-3-0-igh-2023\/"]}]},{"@type":"ImageObject","inLanguage":"pt-PT","@id":"https:\/\/gr-100.com\/producto\/specialid-turbo-como-3-0-igh-2023\/#primaryimage","url":"https:\/\/gr-100.com\/wp-content\/uploads\/2024\/11\/My-project-1-28.jpeg","contentUrl":"https:\/\/gr-100.com\/wp-content\/uploads\/2024\/11\/My-project-1-28.jpeg","width":1000,"height":1000},{"@type":"BreadcrumbList","@id":"https:\/\/gr-100.com\/producto\/specialid-turbo-como-3-0-igh-2023\/#breadcrumb","itemListElement":[{"@type":"ListItem","position":1,"name":"Portada","item":"https:\/\/gr-100.com\/en\/"},{"@type":"ListItem","position":2,"name":"Productos","item":"https:\/\/gr-100.com\/?post_type=product"},{"@type":"ListItem","position":3,"name":"Specialized Turbo Como 3.0 IGH 2023"}]},{"@type":"WebSite","@id":"https:\/\/gr-100.com\/#website","url":"https:\/\/gr-100.com\/","name":"Gr-100 Tienda de ciclismo Specialized","description":"GR-100 tenemos todas las gamas de bicicletas Specialized al mejor precio.","publisher":{"@id":"https:\/\/gr-100.com\/#organization"},"alternateName":"Gr-100 Bikes","potentialAction":[{"@type":"SearchAction","target":{"@type":"EntryPoint","urlTemplate":"https:\/\/gr-100.com\/?s={search_term_string}"},"query-input":{"@type":"PropertyValueSpecification","valueRequired":true,"valueName":"search_term_string"}}],"inLanguage":"pt-PT"},{"@type":"Organization","@id":"https:\/\/gr-100.com\/#organization","name":"Gr-100","url":"https:\/\/gr-100.com\/","logo":{"@type":"ImageObject","inLanguage":"pt-PT","@id":"https:\/\/gr-100.com\/#\/schema\/logo\/image\/","url":"https:\/\/gr-100.com\/wp-content\/uploads\/2023\/08\/logo-gr-100-bikes.png","contentUrl":"https:\/\/gr-100.com\/wp-content\/uploads\/2023\/08\/logo-gr-100-bikes.png","width":707,"height":284,"caption":"Gr-100"},"image":{"@id":"https:\/\/gr-100.com\/#\/schema\/logo\/image\/"},"sameAs":["https:\/\/www.facebook.com\/Gr100Bikes","https:\/\/www.instagram.com\/gr100bikes\/","https:\/\/www.tiktok.com\/@gr100bikes","https:\/\/twitter.com\/gr100mtbteam","https:\/\/www.youtube.com\/c\/GR100Specialized"]}]}},"_links":{"self":[{"href":"https:\/\/gr-100.com\/pt-pt\/wp-json\/wp\/v2\/product\/396077","targetHints":{"allow":["GET"]}}],"collection":[{"href":"https:\/\/gr-100.com\/pt-pt\/wp-json\/wp\/v2\/product"}],"about":[{"href":"https:\/\/gr-100.com\/pt-pt\/wp-json\/wp\/v2\/types\/product"}],"replies":[{"embeddable":true,"href":"https:\/\/gr-100.com\/pt-pt\/wp-json\/wp\/v2\/comments?post=396077"}],"wp:featuredmedia":[{"embeddable":true,"href":"https:\/\/gr-100.com\/pt-pt\/wp-json\/wp\/v2\/media\/396091"}],"wp:attachment":[{"href":"https:\/\/gr-100.com\/pt-pt\/wp-json\/wp\/v2\/media?parent=396077"}],"wp:term":[{"taxonomy":"product_brand","embeddable":true,"href":"https:\/\/gr-100.com\/pt-pt\/wp-json\/wp\/v2\/product_brand?post=396077"},{"taxonomy":"product_cat","embeddable":true,"href":"https:\/\/gr-100.com\/pt-pt\/wp-json\/wp\/v2\/product_cat?post=396077"},{"taxonomy":"product_tag","embeddable":true,"href":"https:\/\/gr-100.com\/pt-pt\/wp-json\/wp\/v2\/product_tag?post=396077"}],"curies":[{"name":"wp","href":"https:\/\/api.w.org\/{rel}","templated":true}]}}