{"id":396253,"date":"2024-11-18T10:50:57","date_gmt":"2024-11-18T10:50:57","guid":{"rendered":"https:\/\/gr-100.com\/?post_type=product&#038;p=396253"},"modified":"2025-12-19T11:59:17","modified_gmt":"2025-12-19T09:59:17","slug":"specialized-vado-3-0-step-through-nb-2025","status":"publish","type":"product","link":"https:\/\/gr-100.com\/pt-pt\/producto\/specialized-vado-3-0-step-through-nb-2025\/","title":{"rendered":"Specialized Vado 3.0 Step Through NB 2025"},"content":{"rendered":"<ul>\n<li>El motor Turbo Full Power 2.0E y la bater\u00eda de 530 Wh ofrecen una experiencia de conducci\u00f3n incomparable, proporcionando una amplificaci\u00f3n suave, fluida e incre\u00edblemente silenciosa de tus esfuerzos, hasta 28 mph. El controlador integrado responde a las entradas de tu pedal, lo que da como resultado una amplificaci\u00f3n intuitiva de tus esfuerzos con una sensaci\u00f3n incre\u00edblemente natural.<\/li>\n<li>MasterMind y la aplicaci\u00f3n Specialized: la pantalla MasterMind revela toda la informaci\u00f3n relevante sobre tu recorrido y permite ajustar en tiempo real los niveles de asistencia. MasterMind se integra perfectamente con la aplicaci\u00f3n Specialized para herramientas de optimizaci\u00f3n de rango, ajustes avanzados, diagn\u00f3sticos en el camino y m\u00e1s.<\/li>\n<li>Eficiencia suave comprobada: dise\u00f1amos un mecanismo de prueba personalizado para analizar los baches incluso en la frecuencia m\u00e1s peque\u00f1a para aumentar la comodidad y la visi\u00f3n. Esa precisi\u00f3n, combinada con neum\u00e1ticos de mayor volumen y una horquilla de suspensi\u00f3n de 80 mm, aplanar\u00e1 las carreteras ante tus ojos.<\/li>\n<li>Bloqueo del sistema Turbo: usa la aplicaci\u00f3n Specialized para desactivar el motor de tu bicicleta y activar la alarma del sensor de movimiento. Una vez bloqueado, el motor no se puede volver a habilitar excepto por el propietario.<\/li>\n<li>Bater\u00eda de tubo inferior extra\u00edble y bloqueable totalmente integrada: f\u00e1cil de cargar y de asegurar.<\/li>\n<li>Equipada con guardabarros DRYTECH, luces LED delanteras y traseras y portaequipaje trasero HD con capacidad para 27 kg. El portaequipaje trasero es compatible con asientos de bicicleta para ni\u00f1os y la bicicleta tambi\u00e9n est\u00e1 clasificada para remolcar un remolque con eje pasante.<\/li>\n<li>Autonom\u00eda prolongada: con una autonom\u00eda que te permite recorrer hasta 110 km (68 millas) o 5 horas con una sola carga (modo ecol\u00f3gico).<\/li>\n<li>ESPECIFICACIONES<\/li>\n<li>E-bike<br \/>\nMOTOR<br \/>\nSpecialized 2.0E, 50 Nm de par, motor personalizado, 250 W nominales<br \/>\nUI\/REMOTE<br \/>\nMasterMind TCD, con control remoto en el manillar, funci\u00f3n antirrobo incorporada, conectividad Bluetooth\u00ae, p\u00e1ginas de visualizaci\u00f3n personalizables<br \/>\nBATER\u00cdA<br \/>\nSpecialized U2-530, carcasa de aleaci\u00f3n, pantalla de estado de carga, 530 Wh<br \/>\nCARGADOR<br \/>\nCargador personalizado, 42 V 4 A con enchufe Rosenberger, 100-240 V<br \/>\nCABLEADO<br \/>\nArn\u00e9s de cables personalizado<br \/>\nCockpit<br \/>\nPOTENCIA<br \/>\nSpecialized Flowset, aleaci\u00f3n forjada en 3D, elevaci\u00f3n de 20 grados, abrazadera de 31,8 mm<br \/>\nMANILLAR<br \/>\nSpecialized, aleaci\u00f3n, retroceso de 15 grados, elevaci\u00f3n de 46 mm, 31,8 mm<br \/>\nPU\u00d1OS<br \/>\nSpecialized Body Geometry Contour<br \/>\nSILL\u00cdN<br \/>\nBridge Sport, rieles de acero, 155mm<br \/>\nTIJA DE SILLIN<br \/>\nSpecialized, aleaci\u00f3n 6061, abrazadera de 2 tornillos, retroceso de 0 mm, 30,9 mm<br \/>\nCuadro<br \/>\nCUADRO<br \/>\nAluminio E5, soporte de motor en el pedalier, bater\u00eda en el tubo inferior totalmente integrada y bloqueable, cableado interno, bloqueo y soporte para portabultos delantero<br \/>\nABRAZ. SILL\u00cdN<br \/>\nAleaci\u00f3n, tipo perno, 34,9 mm<br \/>\nSuspensi\u00f3n<br \/>\nHORQUILLA<br \/>\nSR Suntour MobieA32, 80 mm de recorrido, bloqueo, soportes para guardabarros, soporte de luz integrado<br \/>\nFrenos<br \/>\nFRENO DELANTERO<br \/>\nShimano BR-MT200, disco hidr\u00e1ulico, 180 mm<br \/>\nFRENO TRASERO<br \/>\nShimano BR-MT200, disco hidr\u00e1ulico, 160 mm<br \/>\nTransmisi\u00f3n<br \/>\nCAMBIO<br \/>\nShimano Alivio, SGS, 9 velocidades<br \/>\nMANDOS DE CAMBIO<br \/>\nShimano Alivio, 9 velocidades con pantalla \u00f3ptica de marchas<br \/>\nCASETE<br \/>\nShimano CS-HG400, 9 velocidades, 11-36t<br \/>\nCADENA<br \/>\nKMC e9T, 9 velocidades con Missing Link\u2122<br \/>\nPEDALIER<br \/>\nBielas forjadas de aleaci\u00f3n personalizadas, 170 mm<br \/>\nPLATOS<br \/>\n48T<br \/>\nPROTECTOR DE CADENA<br \/>\nProtector de cadena personalizado<br \/>\nRuedas y neum\u00e1ticos<br \/>\nLLANTAS<br \/>\n650b disc, double-wall aluminum, pinned, 32h<br \/>\nBUJE DELANTERO<br \/>\nShimano MT400, Centerlock, 15x100mm, 32h<br \/>\nBUJE TRASERO<br \/>\nShimano MT400-B, Centerlock, 12&#215;148 Boost, 32h<br \/>\nRADIOS<br \/>\nDT Swiss Industry<br \/>\nNEUM\u00c1TICO DEL.<br \/>\nPathfinder Sport Reflect, 650Bx2.3<br \/>\nNEUM\u00c1TICO TRASERO<br \/>\nPathfinder Sport Reflect, 650Bx2.3<br \/>\nC\u00c1MARAS<br \/>\nStandard 40mm SV 650Bx1.75-2.4<br \/>\nAccesorios<br \/>\nPEDALES<br \/>\nSpecialized Commuter con cinta de agarre y reflectores<br \/>\nLUZ FRONTAL<br \/>\nLezyne, Ebike Mini Stvzo E300+, 300 Lumen, 160Cm Wire, With Reflector<br \/>\nLUZ TRASERA<br \/>\nSpanninga Commuter Glow XE, 12V<br \/>\nPATA DE CABRA<br \/>\nSpecialized kickstand, 40mm mount<br \/>\nPORTABULTOS<br \/>\nSpecialized rack, MIK HD interface, built-in pannier mounts, 27kg max load<br \/>\nGUARDABARROS<br \/>\nSpecialized DRYTECH fenders, 65mm width, aluminum fenderstay<br \/>\nCANDADO<br \/>\nTurbo System Cerradura<br \/>\nTIMBRE<br \/>\nCampana especializada<\/li>\n<\/ul>\n","protected":false},"excerpt":{"rendered":"<p>Considera a Vado como tu bicicleta de transporte de alto rendimiento, que te llevar\u00e1 a donde quieras con una combinaci\u00f3n inigualable de velocidad, confiabilidad y confianza. Ya sea que la cargues con tus cosas, te subas y salgas, vayas al trabajo o al gimnasio, la potencia total y la enorme autonom\u00eda de Vado te llevar\u00e1n del &#8220;punto A&#8221; al &#8220;punto B&#8221; lo antes posible.<\/p>\n","protected":false},"featured_media":396254,"comment_status":"open","ping_status":"closed","template":"","meta":{"_acf_changed":false,"_et_pb_use_builder":"","_et_pb_old_content":"","_et_gb_content_width":"","inline_featured_image":false},"product_brand":[],"product_cat":[420,23,2367],"product_tag":[],"class_list":{"0":"post-396253","1":"product","2":"type-product","3":"status-publish","4":"has-post-thumbnail","6":"product_cat-bicicletas","7":"product_cat-bicicletas-electricas","8":"product_cat-bicicletas-specialized","9":"product_shipping_class-bicicletas","11":"first","12":"outofstock","13":"taxable","14":"shipping-taxable","15":"product-type-variable","16":"wvs-archive-product-wrapper"},"acf":[],"yoast_head":"<!-- This site is optimized with the Yoast SEO Premium plugin v26.7 (Yoast SEO v26.7) - https:\/\/yoast.com\/wordpress\/plugins\/seo\/ -->\n<title>Specialized Vado 3.0 Step Through NB 2025 GR-100<\/title>\n<meta name=\"description\" content=\"Considera a Vado como tu bicicleta de transporte de alto rendimiento, que te llevar\u00e1 a donde quieras con una combinaci\u00f3n inigualable de velocidad, confiabilidad y confianza. Ya sea que la cargues con tus cosas, te subas y salgas, vayas al trabajo o al gimnasio, la potencia total y la enorme autonom\u00eda de Vado te llevar\u00e1n del &quot;punto A&quot; al &quot;punto B&quot; lo antes posible.\" \/>\n<meta name=\"robots\" content=\"index, follow, max-snippet:-1, max-image-preview:large, max-video-preview:-1\" \/>\n<link rel=\"canonical\" href=\"https:\/\/gr-100.com\/producto\/specialized-vado-3-0-step-through-nb-2025\/\" \/>\n<meta property=\"og:locale\" content=\"pt_PT\" \/>\n<meta property=\"og:type\" content=\"article\" \/>\n<meta property=\"og:title\" content=\"Specialized Vado 3.0 Step Through NB 2025\" \/>\n<meta property=\"og:description\" content=\"Considera a Vado como tu bicicleta de transporte de alto rendimiento, que te llevar\u00e1 a donde quieras con una combinaci\u00f3n inigualable de velocidad, confiabilidad y confianza. Ya sea que la cargues con tus cosas, te subas y salgas, vayas al trabajo o al gimnasio, la potencia total y la enorme autonom\u00eda de Vado te llevar\u00e1n del &quot;punto A&quot; al &quot;punto B&quot; lo antes posible.\" \/>\n<meta property=\"og:url\" content=\"https:\/\/gr-100.com\/producto\/specialized-vado-3-0-step-through-nb-2025\/\" \/>\n<meta property=\"og:site_name\" content=\"Gr-100 Tienda de ciclismo Specialized\" \/>\n<meta property=\"article:publisher\" content=\"https:\/\/www.facebook.com\/Gr100Bikes\" \/>\n<meta property=\"article:modified_time\" content=\"2025-12-19T09:59:17+00:00\" \/>\n<meta property=\"og:image\" content=\"https:\/\/gr-100.com\/wp-content\/uploads\/2024\/11\/Sin-titulo-20.jpeg\" \/>\n\t<meta property=\"og:image:width\" content=\"1000\" \/>\n\t<meta property=\"og:image:height\" content=\"1000\" \/>\n\t<meta property=\"og:image:type\" content=\"image\/jpeg\" \/>\n<meta name=\"twitter:card\" content=\"summary_large_image\" \/>\n<meta name=\"twitter:label1\" content=\"Tempo estimado de leitura\" \/>\n\t<meta name=\"twitter:data1\" content=\"4 minutos\" \/>\n<script type=\"application\/ld+json\" class=\"yoast-schema-graph\">{\"@context\":\"https:\/\/schema.org\",\"@graph\":[{\"@type\":\"WebPage\",\"@id\":\"https:\/\/gr-100.com\/producto\/specialized-vado-3-0-step-through-nb-2025\/\",\"url\":\"https:\/\/gr-100.com\/producto\/specialized-vado-3-0-step-through-nb-2025\/\",\"name\":\"Specialized Vado 3.0 Step Through NB 2025 GR-100\",\"isPartOf\":{\"@id\":\"https:\/\/gr-100.com\/#website\"},\"primaryImageOfPage\":{\"@id\":\"https:\/\/gr-100.com\/producto\/specialized-vado-3-0-step-through-nb-2025\/#primaryimage\"},\"image\":{\"@id\":\"https:\/\/gr-100.com\/producto\/specialized-vado-3-0-step-through-nb-2025\/#primaryimage\"},\"thumbnailUrl\":\"https:\/\/gr-100.com\/wp-content\/uploads\/2024\/11\/Sin-titulo-20.jpeg\",\"datePublished\":\"2024-11-18T10:50:57+00:00\",\"dateModified\":\"2025-12-19T09:59:17+00:00\",\"description\":\"Considera a Vado como tu bicicleta de transporte de alto rendimiento, que te llevar\u00e1 a donde quieras con una combinaci\u00f3n inigualable de velocidad, confiabilidad y confianza. Ya sea que la cargues con tus cosas, te subas y salgas, vayas al trabajo o al gimnasio, la potencia total y la enorme autonom\u00eda de Vado te llevar\u00e1n del \\\"punto A\\\" al \\\"punto B\\\" lo antes posible.\",\"breadcrumb\":{\"@id\":\"https:\/\/gr-100.com\/producto\/specialized-vado-3-0-step-through-nb-2025\/#breadcrumb\"},\"inLanguage\":\"pt-PT\",\"potentialAction\":[{\"@type\":\"ReadAction\",\"target\":[\"https:\/\/gr-100.com\/producto\/specialized-vado-3-0-step-through-nb-2025\/\"]}]},{\"@type\":\"ImageObject\",\"inLanguage\":\"pt-PT\",\"@id\":\"https:\/\/gr-100.com\/producto\/specialized-vado-3-0-step-through-nb-2025\/#primaryimage\",\"url\":\"https:\/\/gr-100.com\/wp-content\/uploads\/2024\/11\/Sin-titulo-20.jpeg\",\"contentUrl\":\"https:\/\/gr-100.com\/wp-content\/uploads\/2024\/11\/Sin-titulo-20.jpeg\",\"width\":1000,\"height\":1000},{\"@type\":\"BreadcrumbList\",\"@id\":\"https:\/\/gr-100.com\/producto\/specialized-vado-3-0-step-through-nb-2025\/#breadcrumb\",\"itemListElement\":[{\"@type\":\"ListItem\",\"position\":1,\"name\":\"Portada\",\"item\":\"https:\/\/gr-100.com\/en\/\"},{\"@type\":\"ListItem\",\"position\":2,\"name\":\"Productos\",\"item\":\"https:\/\/gr-100.com\/?post_type=product\"},{\"@type\":\"ListItem\",\"position\":3,\"name\":\"Specialized Vado 3.0 Step Through NB 2025\"}]},{\"@type\":\"WebSite\",\"@id\":\"https:\/\/gr-100.com\/#website\",\"url\":\"https:\/\/gr-100.com\/\",\"name\":\"Gr-100 Tienda de ciclismo Specialized\",\"description\":\"GR-100 tenemos todas las gamas de bicicletas Specialized al mejor precio.\",\"publisher\":{\"@id\":\"https:\/\/gr-100.com\/#organization\"},\"alternateName\":\"Gr-100 Bikes\",\"potentialAction\":[{\"@type\":\"SearchAction\",\"target\":{\"@type\":\"EntryPoint\",\"urlTemplate\":\"https:\/\/gr-100.com\/?s={search_term_string}\"},\"query-input\":{\"@type\":\"PropertyValueSpecification\",\"valueRequired\":true,\"valueName\":\"search_term_string\"}}],\"inLanguage\":\"pt-PT\"},{\"@type\":\"Organization\",\"@id\":\"https:\/\/gr-100.com\/#organization\",\"name\":\"Gr-100\",\"url\":\"https:\/\/gr-100.com\/\",\"logo\":{\"@type\":\"ImageObject\",\"inLanguage\":\"pt-PT\",\"@id\":\"https:\/\/gr-100.com\/#\/schema\/logo\/image\/\",\"url\":\"https:\/\/gr-100.com\/wp-content\/uploads\/2023\/08\/logo-gr-100-bikes.png\",\"contentUrl\":\"https:\/\/gr-100.com\/wp-content\/uploads\/2023\/08\/logo-gr-100-bikes.png\",\"width\":707,\"height\":284,\"caption\":\"Gr-100\"},\"image\":{\"@id\":\"https:\/\/gr-100.com\/#\/schema\/logo\/image\/\"},\"sameAs\":[\"https:\/\/www.facebook.com\/Gr100Bikes\",\"https:\/\/www.instagram.com\/gr100bikes\/\",\"https:\/\/www.tiktok.com\/@gr100bikes\",\"https:\/\/twitter.com\/gr100mtbteam\",\"https:\/\/www.youtube.com\/c\/GR100Specialized\"]}]}<\/script>\n<!-- \/ Yoast SEO Premium plugin. -->","yoast_head_json":{"title":"Specialized Vado 3.0 Step Through NB 2025 GR-100","description":"Considera a Vado como tu bicicleta de transporte de alto rendimiento, que te llevar\u00e1 a donde quieras con una combinaci\u00f3n inigualable de velocidad, confiabilidad y confianza. Ya sea que la cargues con tus cosas, te subas y salgas, vayas al trabajo o al gimnasio, la potencia total y la enorme autonom\u00eda de Vado te llevar\u00e1n del \"punto A\" al \"punto B\" lo antes posible.","robots":{"index":"index","follow":"follow","max-snippet":"max-snippet:-1","max-image-preview":"max-image-preview:large","max-video-preview":"max-video-preview:-1"},"canonical":"https:\/\/gr-100.com\/producto\/specialized-vado-3-0-step-through-nb-2025\/","og_locale":"pt_PT","og_type":"article","og_title":"Specialized Vado 3.0 Step Through NB 2025","og_description":"Considera a Vado como tu bicicleta de transporte de alto rendimiento, que te llevar\u00e1 a donde quieras con una combinaci\u00f3n inigualable de velocidad, confiabilidad y confianza. Ya sea que la cargues con tus cosas, te subas y salgas, vayas al trabajo o al gimnasio, la potencia total y la enorme autonom\u00eda de Vado te llevar\u00e1n del \"punto A\" al \"punto B\" lo antes posible.","og_url":"https:\/\/gr-100.com\/producto\/specialized-vado-3-0-step-through-nb-2025\/","og_site_name":"Gr-100 Tienda de ciclismo Specialized","article_publisher":"https:\/\/www.facebook.com\/Gr100Bikes","article_modified_time":"2025-12-19T09:59:17+00:00","og_image":[{"width":1000,"height":1000,"url":"https:\/\/gr-100.com\/wp-content\/uploads\/2024\/11\/Sin-titulo-20.jpeg","type":"image\/jpeg"}],"twitter_card":"summary_large_image","twitter_misc":{"Tempo estimado de leitura":"4 minutos"},"schema":{"@context":"https:\/\/schema.org","@graph":[{"@type":"WebPage","@id":"https:\/\/gr-100.com\/producto\/specialized-vado-3-0-step-through-nb-2025\/","url":"https:\/\/gr-100.com\/producto\/specialized-vado-3-0-step-through-nb-2025\/","name":"Specialized Vado 3.0 Step Through NB 2025 GR-100","isPartOf":{"@id":"https:\/\/gr-100.com\/#website"},"primaryImageOfPage":{"@id":"https:\/\/gr-100.com\/producto\/specialized-vado-3-0-step-through-nb-2025\/#primaryimage"},"image":{"@id":"https:\/\/gr-100.com\/producto\/specialized-vado-3-0-step-through-nb-2025\/#primaryimage"},"thumbnailUrl":"https:\/\/gr-100.com\/wp-content\/uploads\/2024\/11\/Sin-titulo-20.jpeg","datePublished":"2024-11-18T10:50:57+00:00","dateModified":"2025-12-19T09:59:17+00:00","description":"Considera a Vado como tu bicicleta de transporte de alto rendimiento, que te llevar\u00e1 a donde quieras con una combinaci\u00f3n inigualable de velocidad, confiabilidad y confianza. Ya sea que la cargues con tus cosas, te subas y salgas, vayas al trabajo o al gimnasio, la potencia total y la enorme autonom\u00eda de Vado te llevar\u00e1n del \"punto A\" al \"punto B\" lo antes posible.","breadcrumb":{"@id":"https:\/\/gr-100.com\/producto\/specialized-vado-3-0-step-through-nb-2025\/#breadcrumb"},"inLanguage":"pt-PT","potentialAction":[{"@type":"ReadAction","target":["https:\/\/gr-100.com\/producto\/specialized-vado-3-0-step-through-nb-2025\/"]}]},{"@type":"ImageObject","inLanguage":"pt-PT","@id":"https:\/\/gr-100.com\/producto\/specialized-vado-3-0-step-through-nb-2025\/#primaryimage","url":"https:\/\/gr-100.com\/wp-content\/uploads\/2024\/11\/Sin-titulo-20.jpeg","contentUrl":"https:\/\/gr-100.com\/wp-content\/uploads\/2024\/11\/Sin-titulo-20.jpeg","width":1000,"height":1000},{"@type":"BreadcrumbList","@id":"https:\/\/gr-100.com\/producto\/specialized-vado-3-0-step-through-nb-2025\/#breadcrumb","itemListElement":[{"@type":"ListItem","position":1,"name":"Portada","item":"https:\/\/gr-100.com\/en\/"},{"@type":"ListItem","position":2,"name":"Productos","item":"https:\/\/gr-100.com\/?post_type=product"},{"@type":"ListItem","position":3,"name":"Specialized Vado 3.0 Step Through NB 2025"}]},{"@type":"WebSite","@id":"https:\/\/gr-100.com\/#website","url":"https:\/\/gr-100.com\/","name":"Gr-100 Tienda de ciclismo Specialized","description":"GR-100 tenemos todas las gamas de bicicletas Specialized al mejor precio.","publisher":{"@id":"https:\/\/gr-100.com\/#organization"},"alternateName":"Gr-100 Bikes","potentialAction":[{"@type":"SearchAction","target":{"@type":"EntryPoint","urlTemplate":"https:\/\/gr-100.com\/?s={search_term_string}"},"query-input":{"@type":"PropertyValueSpecification","valueRequired":true,"valueName":"search_term_string"}}],"inLanguage":"pt-PT"},{"@type":"Organization","@id":"https:\/\/gr-100.com\/#organization","name":"Gr-100","url":"https:\/\/gr-100.com\/","logo":{"@type":"ImageObject","inLanguage":"pt-PT","@id":"https:\/\/gr-100.com\/#\/schema\/logo\/image\/","url":"https:\/\/gr-100.com\/wp-content\/uploads\/2023\/08\/logo-gr-100-bikes.png","contentUrl":"https:\/\/gr-100.com\/wp-content\/uploads\/2023\/08\/logo-gr-100-bikes.png","width":707,"height":284,"caption":"Gr-100"},"image":{"@id":"https:\/\/gr-100.com\/#\/schema\/logo\/image\/"},"sameAs":["https:\/\/www.facebook.com\/Gr100Bikes","https:\/\/www.instagram.com\/gr100bikes\/","https:\/\/www.tiktok.com\/@gr100bikes","https:\/\/twitter.com\/gr100mtbteam","https:\/\/www.youtube.com\/c\/GR100Specialized"]}]}},"_links":{"self":[{"href":"https:\/\/gr-100.com\/pt-pt\/wp-json\/wp\/v2\/product\/396253","targetHints":{"allow":["GET"]}}],"collection":[{"href":"https:\/\/gr-100.com\/pt-pt\/wp-json\/wp\/v2\/product"}],"about":[{"href":"https:\/\/gr-100.com\/pt-pt\/wp-json\/wp\/v2\/types\/product"}],"replies":[{"embeddable":true,"href":"https:\/\/gr-100.com\/pt-pt\/wp-json\/wp\/v2\/comments?post=396253"}],"wp:featuredmedia":[{"embeddable":true,"href":"https:\/\/gr-100.com\/pt-pt\/wp-json\/wp\/v2\/media\/396254"}],"wp:attachment":[{"href":"https:\/\/gr-100.com\/pt-pt\/wp-json\/wp\/v2\/media?parent=396253"}],"wp:term":[{"taxonomy":"product_brand","embeddable":true,"href":"https:\/\/gr-100.com\/pt-pt\/wp-json\/wp\/v2\/product_brand?post=396253"},{"taxonomy":"product_cat","embeddable":true,"href":"https:\/\/gr-100.com\/pt-pt\/wp-json\/wp\/v2\/product_cat?post=396253"},{"taxonomy":"product_tag","embeddable":true,"href":"https:\/\/gr-100.com\/pt-pt\/wp-json\/wp\/v2\/product_tag?post=396253"}],"curies":[{"name":"wp","href":"https:\/\/api.w.org\/{rel}","templated":true}]}}