{"id":396369,"date":"2024-11-19T11:10:25","date_gmt":"2024-11-19T11:10:25","guid":{"rendered":"https:\/\/gr-100.com\/?post_type=product&#038;p=396369"},"modified":"2025-12-19T11:59:12","modified_gmt":"2025-12-19T09:59:12","slug":"specialized-stumpjumper-15-expert-29%c2%a8-2025","status":"publish","type":"product","link":"https:\/\/gr-100.com\/pt-pt\/producto\/specialized-stumpjumper-15-expert-29%c2%a8-2025\/","title":{"rendered":"Specialized Stumpjumper 15 Expert 29\u00a8 2025"},"content":{"rendered":"<div class=\"ProductLongDescription__Html\">\n<ul>\n<li>CAPACIDAD INCRE\u00cdBLE: La tecnolog\u00eda de amortiguadores GENIE combina una conducci\u00f3n alegre y juguetona con una sensaci\u00f3n de DH sin fondo.<\/li>\n<li>CONTROL M\u00c1XIMO: Tracci\u00f3n mejor que la &#8220;Bicicleta del A\u00f1o&#8221; Stumpjumper EVO.<\/li>\n<li>Personalizaci\u00f3n sin igual: ajuste de geometr\u00eda de seis posiciones, rueda mixta o 29&#8243;, curva de muelle ajustable y mucho m\u00e1s.<\/li>\n<li>GENIE-The Magic Carpet Ride: La mayor innovaci\u00f3n de la Stumpjumper 15 es GENIE. Esta tecnolog\u00eda de amortiguador neum\u00e1tico pendiente de patente que hemos inventado cumple los tres deseos de cualquier rider: la sensaci\u00f3n y el control de un muelle, una mejor prevenci\u00f3n de hacer tope que un amortiguador de aire est\u00e1ndar y una &#8220;plataforma&#8221; ajustable para una sensaci\u00f3n juguetona.<\/li>\n<li>ILLUMINANTE GENIE: GENIE combina el \u00edndice de elasticidad lineal de un muelle que mejora el control en la &#8220;zona de baches&#8221; con el \u00edndice de elasticidad progresivo de un muelle de aire al final del recorrido para evitar que se toque fondo. Verdaderamente, es lo mejor de ambos mundos, el muelle y el aire, con una mayor capacidad de ajuste. Di adi\u00f3s a los compromisos y hola al futuro de la conducci\u00f3n: Con una gesti\u00f3n de la fuerza de baches un 16,3% mejor que la de un amortiguador de aire tradicional, GENIE hace que la Stumpy 15 se conduzca como una bici con m\u00e1s recorrido. Por ejemplo, la Stumpjumper 15 (con 145 mm de recorrido de la rueda trasera) y nuestra Enduro (170 mm de recorrido) utilizan 101 mm de recorrido para absorber una fuerza de bache de 1080 N.<\/li>\n<li>TRACCI\u00d3N AMPLIA: Extensas pruebas de campo demuestran que la Stumpjumper 15 con GENIE ofrece un 57% m\u00e1s de tracci\u00f3n que un amortiguador de aire est\u00e1ndar, ya que la tecnolog\u00eda GENIE proporciona un rendimiento flexible, similar al de un muelle, que mantiene la rueda en contacto con el suelo un mayor porcentaje de tiempo que un t\u00edpico amortiguador de aire.<\/li>\n<li>ADI\u00d3S A HACER TOPES: Un 39% menos de bottom-outs que un amortiguador est\u00e1ndar. Durante los grandes impactos, se aprovecha de la tasa de aumento en el \u00faltimo 30% del recorrido del GENIE. Debido a esta tasa de subida pronunciada en dos etapas, GENIE reduce la frecuencia y la gravedad de los golpes de fondo.<\/li>\n<li>GEOMETR\u00cdA OPTIMIZADA: La geometr\u00eda de esta bicicleta ofrece la capacidad de una bicicleta grande cuando la necesitas, una sensaci\u00f3n \u00e1gil en los tramos juguetones y un comportamiento \u00e1gil y eficiente en las subidas. El generoso puesto de mandos te centra en la bici, optimizando la tracci\u00f3n y el control en las curvas. El eje de pedalier bajo, el \u00e1ngulo lanzado de la direcci\u00f3n y el offest optimizado de la horquilla mantienen la estabilidad en terrenos abruptos.<\/li>\n<li>MONTA A TU MANERA: La Stumpjumper 15 integra a la perfecci\u00f3n el ajuste geom\u00e9trico de referencia, lo que la convierte en la bicicleta de trail m\u00e1s personalizable de la historia. Seis ajustes geom\u00e9tricos distintos te permiten ajustar el rendimiento para cualquier estilo en cualquier terreno. El \u00e1ngulo de la direcci\u00f3n y la altura del eje de pedalier se pueden ajustar con precisi\u00f3n para conseguir estabilidad o espacio.<\/li>\n<li>RUEDAS PARA TODOS: Con nuestros amortiguadores posventa, puedes elegir entre ruedas grandes delante y detr\u00e1s o mezclar las cosas con una trasera de 27,5&#8243; para una conducci\u00f3n m\u00e1s sensible y juguetona. No importa lo que elijas, la geometr\u00eda no se ve afectada.<\/li>\n<li>LL\u00c9VALO TODO: el SWAT 4.0 en la Stumpjumper 15 aumenta el almacenamiento en el tubo diagonal, una innovaci\u00f3n de la que fuimos pioneros. Es el sistema de almacenamiento m\u00e1s resistente a la intemperie.<\/li>\n<li>M\u00c1S FIABLE QUE T\u00da: Nuestras bicicletas de suspensi\u00f3n total est\u00e1n construidas para ser implacables, dise\u00f1adas para soportar a\u00f1os de duro pedaleo y respaldadas por el mejor soporte y pol\u00edticas para mantenerte en el camino. Nuestra insuperable garant\u00eda de por vida, sin preguntas, de los rodamientos de los pivotes de suspensi\u00f3n al propietario original es s\u00f3lo una de las formas en las que te tenemos cubierto.<\/li>\n<\/ul>\n<\/div>\n<div class=\"bulletPoints_Wrapper\">\n<ul class=\"bullet_points\">\n<li class=\"bullet_item\">Cuadro de carbono ultraligero FACT 11M<\/li>\n<li class=\"bullet_item\">La tecnolog\u00eda de suspensi\u00f3n FOX FLOAT Factory con patente pendiente Specialized GENIE proporciona el m\u00e1ximo agarre y tracci\u00f3n que se encuentran en un muelle lineal, la prevenci\u00f3n de hacer tope que se encuentra en un amortiguador de aire progresivo, y la capacidad de ajustar el soporte a mitad y final del recorrido de forma independiente. Modo abierto y firme de 2 posiciones altamente ajustable con ajuste de compresi\u00f3n de modo abierto de 3 posiciones.<\/li>\n<li class=\"bullet_item\">Horquilla FOX FLOAT 36 Performance Elite con amortiguador GRIP X2<\/li>\n<li class=\"bullet_item\">Ruedas Roval Traverse con bujes DT Swiss 370<\/li>\n<li class=\"bullet_item\">Transmisi\u00f3n SRAM GX Eagle AXS T-Type<\/li>\n<li class=\"bullet_item\">Frenada potente de SRAM Maven Bronze de 4 pistones<\/li>\n<li class=\"bullet_item\">Tija telesc\u00f3pica ajustable PNW LOAM<\/li>\n<li class=\"bullet_item\">Garant\u00eda de por vida para el primer comprador de los rodamientos del sistema de suspensi\u00f3n<\/li>\n<li class=\"bullet_item\">Compatible \u00fanicamente con transmisiones electr\u00f3nicas<\/li>\n<li class=\"bullet_item\">ESPECIFICACIONES\n<div class=\"spec-section\">\n<div class=\"product-specification\">\n<p>Frameset<\/p>\n<dl>\n<dt>CUADRO<\/dt>\n<dd>FACT 11m carbon chassis and rear-end, Trail Geometry, SWAT\u2122 Door integration, head tube angle adjustment, threaded BB, internal brake and dropper cable routing, 12x148mm dropouts, sealed cartridge bearing pivots, SRAM UDH compatible, 145mm of travel<\/dd>\n<\/dl>\n<dl>\n<dt>ABRAZ. SILL\u00cdN<\/dt>\n<dd>Alloy, 38.6mm<\/dd>\n<\/dl>\n<dl>\n<dt>SWAT<\/dt>\n<dd>SWAT 4.0 internal downtube storage<\/dd>\n<\/dl>\n<\/div>\n<div class=\"product-specification\">\n<p>Suspension<\/p>\n<dl>\n<dt>HORQUILLA<\/dt>\n<dd>FOX FLOAT 36 Performance Elite, GRIP X2 damper, HS and LS rebound and compression adjustment, 15x110mm QR axle, 44mm offset, S1:140mm of travel, S2-S6:150mm of travel<\/dd>\n<\/dl>\n<dl>\n<dt>AMORTIGUADOR<\/dt>\n<dd>FOX FLOAT Performance Elite with Specialized GENIE Shock Tech, Ride Dynamics Trail Tune, 2-position lever w\/3 setting Open mode tuning range, LSR adjustment, S1:210&#215;52.5mm, S2-S6:210x55mm<\/dd>\n<\/dl>\n<\/div>\n<div class=\"product-specification\">\n<p>Brakes<\/p>\n<dl>\n<dt>FRENO DELANTERO<\/dt>\n<dd>SRAM Maven Bronze, 4-piston caliper, hydraulic disc, 200mm HS2 Rotor<\/dd>\n<\/dl>\n<dl>\n<dt>FRENO TRASERO<\/dt>\n<dd>SRAM Maven Bronze, 4-piston caliper, hydraulic disc, S1-S2: 180mm, S3-S6: 200mm HS2 Rotor<\/dd>\n<\/dl>\n<\/div>\n<div class=\"product-specification\">\n<p>Drivetrain<\/p>\n<dl>\n<dt>CADENA<\/dt>\n<dd>SRAM GX Eagle Transmission Flattop Chain<\/dd>\n<\/dl>\n<dl>\n<dt>CASETE<\/dt>\n<dd>SRAM GX Eagle Transmission Cassette, 12spd, 10-52t<\/dd>\n<\/dl>\n<dl>\n<dt>CAJA PEDALIER<\/dt>\n<dd>SRAM DUB, BSA 73mm Wide, Threaded<\/dd>\n<\/dl>\n<dl>\n<dt>MANDOS DE CAMBIO<\/dt>\n<dd>SRAM AXS POD Controller<\/dd>\n<\/dl>\n<dl>\n<dt>PEDALIER<\/dt>\n<dd>SRAM GX Eagle Crankset, 32T ring, Integrated Guard, 55mm Chainline, S1-S3:165mm, S4-S6: 170mm<\/dd>\n<\/dl>\n<dl>\n<dt>CAMBIO<\/dt>\n<dd>SRAM GX Eagle Transmission Derailleur<\/dd>\n<\/dl>\n<\/div>\n<div class=\"product-specification\">\n<p>Wheels &amp; tires<\/p>\n<dl>\n<dt>LLANTAS<\/dt>\n<dd>Roval Traverse, hookless alloy, 30mm inner width, tubeless ready, Front: 29, Rear: S1-S2: 27.5, S3- S6: 29<\/dd>\n<\/dl>\n<dl>\n<dt>BUJE DELANTERO<\/dt>\n<dd>DT Swiss 370, 15x110mm, 28h<\/dd>\n<\/dl>\n<dl>\n<dt>NEUM\u00c1TICO DEL.<\/dt>\n<dd>Butcher, GRID TRAIL casing, GRIPTON\u00ae T9 compound, 2Bliss Ready, 29&#215;2.3&#8243;<\/dd>\n<\/dl>\n<dl>\n<dt>BUJE TRASERO<\/dt>\n<dd>DT Swiss 370, 12x148mm, 28h<\/dd>\n<\/dl>\n<dl>\n<dt>NEUM\u00c1TICO TRASERO<\/dt>\n<dd>Eliminator, GRID TRAIL casing, GRIPTON\u00ae T7 compound, 2Bliss Ready, S1-S2: 27.5&#215;2.3, S3- S6: 29&#215;2.3&#8243;<\/dd>\n<\/dl>\n<dl>\n<dt>RADIOS<\/dt>\n<dd>Sapim Force<\/dd>\n<\/dl>\n<dl>\n<dt>C\u00c1MARAS<\/dt>\n<dd>Standard, Presta valve<\/dd>\n<\/dl>\n<\/div>\n<div class=\"product-specification\">\n<p>Cockpit<\/p>\n<dl>\n<dt>PU\u00d1OS<\/dt>\n<dd>Deity Lockjaw<\/dd>\n<\/dl>\n<dl>\n<dt>MANILLAR<\/dt>\n<dd>Specialized, 6000 series alloy, 6-degree upsweep, 8-degree backsweep. S1-S2: 780 width, 20mm rise: S3-S4: 800 width, 30mm rise: S5-S6: 800 width, 40mm rise<\/dd>\n<\/dl>\n<dl>\n<dt>TIJA DE SILL\u00cdN<\/dt>\n<dd>PNW Loam Dropper, tool-less travel adjust, Range lever, 34.9, S1: 125mm, S2: 150mm, S3: 170mm, S4-S6: 200mm<\/dd>\n<\/dl>\n<dl>\n<dt>SILL\u00cdN<\/dt>\n<dd>Bridge Comp, Hollow Cr-mo rails, S1-S2: 155mm, S3-S6: 143mm<\/dd>\n<\/dl>\n<dl>\n<dt>POTENCIA<\/dt>\n<dd>Alloy Trail Stem, 35mm bar bore<\/dd>\n<\/dl>\n<\/div>\n<div class=\"product-specification\">\n<p>Product details<\/p>\n<dl>\n<dt>DINAMO<\/dt>\n<dd>221401<\/dd>\n<\/dl>\n<\/div>\n<div class=\"product-specification\">\n<p>Weight<\/p>\n<dl>\n<dt>DINAMO<\/dt>\n<dd>14.47kg (31 lb, 14.4 oz)<\/dd>\n<\/dl>\n<\/div>\n<\/div>\n<\/li>\n<\/ul>\n<\/div>\n","protected":false},"excerpt":{"rendered":"<p>La Stumpjumper 15 est\u00e1 aqu\u00ed para acabar con todas las ventajas y desventajas del trail. \u00bfDevora los baches como una bici grande? Comprobado. \u00bfControl de recorrido corto, diversi\u00f3n y eficiencia? Doblemente comprobado. \u00bfY qu\u00e9 tal una buena dosis de personalizaci\u00f3n para hacerla perfecta para el \u00fanico rider que realmente importa: t\u00fa? Comprobado, comprobado, comprobado.<\/p>\n","protected":false},"featured_media":396371,"comment_status":"open","ping_status":"closed","template":"","meta":{"_acf_changed":false,"_et_pb_use_builder":"","_et_pb_old_content":"","_et_gb_content_width":"","inline_featured_image":false},"product_brand":[],"product_cat":[21,2367,2409],"product_tag":[],"class_list":{"0":"post-396369","1":"product","2":"type-product","3":"status-publish","4":"has-post-thumbnail","6":"product_cat-bicicletas-montana","7":"product_cat-bicicletas-specialized","8":"product_cat-ofertas-specialized","9":"product_shipping_class-bicicletas","11":"first","12":"outofstock","13":"taxable","14":"shipping-taxable","15":"product-type-variable","16":"wvs-archive-product-wrapper"},"acf":[],"yoast_head":"<!-- This site is optimized with the Yoast SEO Premium plugin v26.7 (Yoast SEO v26.7) - https:\/\/yoast.com\/wordpress\/plugins\/seo\/ -->\n<title>Specialized Stumpjumper 15 Expert 29\u00a8 2025 GR-100<\/title>\n<meta name=\"description\" content=\"La Stumpjumper 15 est\u00e1 aqu\u00ed para acabar con todas las ventajas y desventajas del trail. \u00bfDevora los baches como una bici grande? Comprobado. \u00bfControl de recorrido corto, diversi\u00f3n y eficiencia? Doblemente comprobado. \u00bfY qu\u00e9 tal una buena dosis de personalizaci\u00f3n para hacerla perfecta para el \u00fanico rider que realmente importa: t\u00fa? Comprobado, comprobado, comprobado.\" \/>\n<meta name=\"robots\" content=\"index, follow, max-snippet:-1, max-image-preview:large, max-video-preview:-1\" \/>\n<link rel=\"canonical\" href=\"https:\/\/gr-100.com\/producto\/specialized-stumpjumper-15-expert-29\u00a8-2025\/\" \/>\n<meta property=\"og:locale\" content=\"pt_PT\" \/>\n<meta property=\"og:type\" content=\"article\" \/>\n<meta property=\"og:title\" content=\"Specialized Stumpjumper 15 Expert 29\u00a8 2025\" \/>\n<meta property=\"og:description\" content=\"La Stumpjumper 15 est\u00e1 aqu\u00ed para acabar con todas las ventajas y desventajas del trail. \u00bfDevora los baches como una bici grande? Comprobado. \u00bfControl de recorrido corto, diversi\u00f3n y eficiencia? Doblemente comprobado. \u00bfY qu\u00e9 tal una buena dosis de personalizaci\u00f3n para hacerla perfecta para el \u00fanico rider que realmente importa: t\u00fa? Comprobado, comprobado, comprobado.\" \/>\n<meta property=\"og:url\" content=\"https:\/\/gr-100.com\/producto\/specialized-stumpjumper-15-expert-29\u00a8-2025\/\" \/>\n<meta property=\"og:site_name\" content=\"Gr-100 Tienda de ciclismo Specialized\" \/>\n<meta property=\"article:publisher\" content=\"https:\/\/www.facebook.com\/Gr100Bikes\" \/>\n<meta property=\"article:modified_time\" content=\"2025-12-19T09:59:12+00:00\" \/>\n<meta property=\"og:image\" content=\"https:\/\/gr-100.com\/wp-content\/uploads\/2024\/11\/Sin-titulo-2-11.jpeg\" \/>\n\t<meta property=\"og:image:width\" content=\"1000\" \/>\n\t<meta property=\"og:image:height\" content=\"1000\" \/>\n\t<meta property=\"og:image:type\" content=\"image\/jpeg\" \/>\n<meta name=\"twitter:card\" content=\"summary_large_image\" \/>\n<meta name=\"twitter:label1\" content=\"Tempo estimado de leitura\" \/>\n\t<meta name=\"twitter:data1\" content=\"6 minutos\" \/>\n<script type=\"application\/ld+json\" class=\"yoast-schema-graph\">{\"@context\":\"https:\/\/schema.org\",\"@graph\":[{\"@type\":\"WebPage\",\"@id\":\"https:\/\/gr-100.com\/producto\/specialized-stumpjumper-15-expert-29%c2%a8-2025\/\",\"url\":\"https:\/\/gr-100.com\/producto\/specialized-stumpjumper-15-expert-29%c2%a8-2025\/\",\"name\":\"Specialized Stumpjumper 15 Expert 29\u00a8 2025 GR-100\",\"isPartOf\":{\"@id\":\"https:\/\/gr-100.com\/#website\"},\"primaryImageOfPage\":{\"@id\":\"https:\/\/gr-100.com\/producto\/specialized-stumpjumper-15-expert-29%c2%a8-2025\/#primaryimage\"},\"image\":{\"@id\":\"https:\/\/gr-100.com\/producto\/specialized-stumpjumper-15-expert-29%c2%a8-2025\/#primaryimage\"},\"thumbnailUrl\":\"https:\/\/gr-100.com\/wp-content\/uploads\/2024\/11\/Sin-titulo-2-11.jpeg\",\"datePublished\":\"2024-11-19T11:10:25+00:00\",\"dateModified\":\"2025-12-19T09:59:12+00:00\",\"description\":\"La Stumpjumper 15 est\u00e1 aqu\u00ed para acabar con todas las ventajas y desventajas del trail. \u00bfDevora los baches como una bici grande? Comprobado. \u00bfControl de recorrido corto, diversi\u00f3n y eficiencia? Doblemente comprobado. \u00bfY qu\u00e9 tal una buena dosis de personalizaci\u00f3n para hacerla perfecta para el \u00fanico rider que realmente importa: t\u00fa? Comprobado, comprobado, comprobado.\",\"breadcrumb\":{\"@id\":\"https:\/\/gr-100.com\/producto\/specialized-stumpjumper-15-expert-29%c2%a8-2025\/#breadcrumb\"},\"inLanguage\":\"pt-PT\",\"potentialAction\":[{\"@type\":\"ReadAction\",\"target\":[\"https:\/\/gr-100.com\/producto\/specialized-stumpjumper-15-expert-29%c2%a8-2025\/\"]}]},{\"@type\":\"ImageObject\",\"inLanguage\":\"pt-PT\",\"@id\":\"https:\/\/gr-100.com\/producto\/specialized-stumpjumper-15-expert-29%c2%a8-2025\/#primaryimage\",\"url\":\"https:\/\/gr-100.com\/wp-content\/uploads\/2024\/11\/Sin-titulo-2-11.jpeg\",\"contentUrl\":\"https:\/\/gr-100.com\/wp-content\/uploads\/2024\/11\/Sin-titulo-2-11.jpeg\",\"width\":1000,\"height\":1000},{\"@type\":\"BreadcrumbList\",\"@id\":\"https:\/\/gr-100.com\/producto\/specialized-stumpjumper-15-expert-29%c2%a8-2025\/#breadcrumb\",\"itemListElement\":[{\"@type\":\"ListItem\",\"position\":1,\"name\":\"Portada\",\"item\":\"https:\/\/gr-100.com\/en\/\"},{\"@type\":\"ListItem\",\"position\":2,\"name\":\"Productos\",\"item\":\"https:\/\/gr-100.com\/?post_type=product\"},{\"@type\":\"ListItem\",\"position\":3,\"name\":\"Specialized Stumpjumper 15 Expert 29\u00a8 2025\"}]},{\"@type\":\"WebSite\",\"@id\":\"https:\/\/gr-100.com\/#website\",\"url\":\"https:\/\/gr-100.com\/\",\"name\":\"Gr-100 Tienda de ciclismo Specialized\",\"description\":\"GR-100 tenemos todas las gamas de bicicletas Specialized al mejor precio.\",\"publisher\":{\"@id\":\"https:\/\/gr-100.com\/#organization\"},\"alternateName\":\"Gr-100 Bikes\",\"potentialAction\":[{\"@type\":\"SearchAction\",\"target\":{\"@type\":\"EntryPoint\",\"urlTemplate\":\"https:\/\/gr-100.com\/?s={search_term_string}\"},\"query-input\":{\"@type\":\"PropertyValueSpecification\",\"valueRequired\":true,\"valueName\":\"search_term_string\"}}],\"inLanguage\":\"pt-PT\"},{\"@type\":\"Organization\",\"@id\":\"https:\/\/gr-100.com\/#organization\",\"name\":\"Gr-100\",\"url\":\"https:\/\/gr-100.com\/\",\"logo\":{\"@type\":\"ImageObject\",\"inLanguage\":\"pt-PT\",\"@id\":\"https:\/\/gr-100.com\/#\/schema\/logo\/image\/\",\"url\":\"https:\/\/gr-100.com\/wp-content\/uploads\/2023\/08\/logo-gr-100-bikes.png\",\"contentUrl\":\"https:\/\/gr-100.com\/wp-content\/uploads\/2023\/08\/logo-gr-100-bikes.png\",\"width\":707,\"height\":284,\"caption\":\"Gr-100\"},\"image\":{\"@id\":\"https:\/\/gr-100.com\/#\/schema\/logo\/image\/\"},\"sameAs\":[\"https:\/\/www.facebook.com\/Gr100Bikes\",\"https:\/\/www.instagram.com\/gr100bikes\/\",\"https:\/\/www.tiktok.com\/@gr100bikes\",\"https:\/\/twitter.com\/gr100mtbteam\",\"https:\/\/www.youtube.com\/c\/GR100Specialized\"]}]}<\/script>\n<!-- \/ Yoast SEO Premium plugin. -->","yoast_head_json":{"title":"Specialized Stumpjumper 15 Expert 29\u00a8 2025 GR-100","description":"La Stumpjumper 15 est\u00e1 aqu\u00ed para acabar con todas las ventajas y desventajas del trail. \u00bfDevora los baches como una bici grande? Comprobado. \u00bfControl de recorrido corto, diversi\u00f3n y eficiencia? Doblemente comprobado. \u00bfY qu\u00e9 tal una buena dosis de personalizaci\u00f3n para hacerla perfecta para el \u00fanico rider que realmente importa: t\u00fa? Comprobado, comprobado, comprobado.","robots":{"index":"index","follow":"follow","max-snippet":"max-snippet:-1","max-image-preview":"max-image-preview:large","max-video-preview":"max-video-preview:-1"},"canonical":"https:\/\/gr-100.com\/producto\/specialized-stumpjumper-15-expert-29\u00a8-2025\/","og_locale":"pt_PT","og_type":"article","og_title":"Specialized Stumpjumper 15 Expert 29\u00a8 2025","og_description":"La Stumpjumper 15 est\u00e1 aqu\u00ed para acabar con todas las ventajas y desventajas del trail. \u00bfDevora los baches como una bici grande? Comprobado. \u00bfControl de recorrido corto, diversi\u00f3n y eficiencia? Doblemente comprobado. \u00bfY qu\u00e9 tal una buena dosis de personalizaci\u00f3n para hacerla perfecta para el \u00fanico rider que realmente importa: t\u00fa? Comprobado, comprobado, comprobado.","og_url":"https:\/\/gr-100.com\/producto\/specialized-stumpjumper-15-expert-29\u00a8-2025\/","og_site_name":"Gr-100 Tienda de ciclismo Specialized","article_publisher":"https:\/\/www.facebook.com\/Gr100Bikes","article_modified_time":"2025-12-19T09:59:12+00:00","og_image":[{"width":1000,"height":1000,"url":"https:\/\/gr-100.com\/wp-content\/uploads\/2024\/11\/Sin-titulo-2-11.jpeg","type":"image\/jpeg"}],"twitter_card":"summary_large_image","twitter_misc":{"Tempo estimado de leitura":"6 minutos"},"schema":{"@context":"https:\/\/schema.org","@graph":[{"@type":"WebPage","@id":"https:\/\/gr-100.com\/producto\/specialized-stumpjumper-15-expert-29%c2%a8-2025\/","url":"https:\/\/gr-100.com\/producto\/specialized-stumpjumper-15-expert-29%c2%a8-2025\/","name":"Specialized Stumpjumper 15 Expert 29\u00a8 2025 GR-100","isPartOf":{"@id":"https:\/\/gr-100.com\/#website"},"primaryImageOfPage":{"@id":"https:\/\/gr-100.com\/producto\/specialized-stumpjumper-15-expert-29%c2%a8-2025\/#primaryimage"},"image":{"@id":"https:\/\/gr-100.com\/producto\/specialized-stumpjumper-15-expert-29%c2%a8-2025\/#primaryimage"},"thumbnailUrl":"https:\/\/gr-100.com\/wp-content\/uploads\/2024\/11\/Sin-titulo-2-11.jpeg","datePublished":"2024-11-19T11:10:25+00:00","dateModified":"2025-12-19T09:59:12+00:00","description":"La Stumpjumper 15 est\u00e1 aqu\u00ed para acabar con todas las ventajas y desventajas del trail. \u00bfDevora los baches como una bici grande? Comprobado. \u00bfControl de recorrido corto, diversi\u00f3n y eficiencia? Doblemente comprobado. \u00bfY qu\u00e9 tal una buena dosis de personalizaci\u00f3n para hacerla perfecta para el \u00fanico rider que realmente importa: t\u00fa? Comprobado, comprobado, comprobado.","breadcrumb":{"@id":"https:\/\/gr-100.com\/producto\/specialized-stumpjumper-15-expert-29%c2%a8-2025\/#breadcrumb"},"inLanguage":"pt-PT","potentialAction":[{"@type":"ReadAction","target":["https:\/\/gr-100.com\/producto\/specialized-stumpjumper-15-expert-29%c2%a8-2025\/"]}]},{"@type":"ImageObject","inLanguage":"pt-PT","@id":"https:\/\/gr-100.com\/producto\/specialized-stumpjumper-15-expert-29%c2%a8-2025\/#primaryimage","url":"https:\/\/gr-100.com\/wp-content\/uploads\/2024\/11\/Sin-titulo-2-11.jpeg","contentUrl":"https:\/\/gr-100.com\/wp-content\/uploads\/2024\/11\/Sin-titulo-2-11.jpeg","width":1000,"height":1000},{"@type":"BreadcrumbList","@id":"https:\/\/gr-100.com\/producto\/specialized-stumpjumper-15-expert-29%c2%a8-2025\/#breadcrumb","itemListElement":[{"@type":"ListItem","position":1,"name":"Portada","item":"https:\/\/gr-100.com\/en\/"},{"@type":"ListItem","position":2,"name":"Productos","item":"https:\/\/gr-100.com\/?post_type=product"},{"@type":"ListItem","position":3,"name":"Specialized Stumpjumper 15 Expert 29\u00a8 2025"}]},{"@type":"WebSite","@id":"https:\/\/gr-100.com\/#website","url":"https:\/\/gr-100.com\/","name":"Gr-100 Tienda de ciclismo Specialized","description":"GR-100 tenemos todas las gamas de bicicletas Specialized al mejor precio.","publisher":{"@id":"https:\/\/gr-100.com\/#organization"},"alternateName":"Gr-100 Bikes","potentialAction":[{"@type":"SearchAction","target":{"@type":"EntryPoint","urlTemplate":"https:\/\/gr-100.com\/?s={search_term_string}"},"query-input":{"@type":"PropertyValueSpecification","valueRequired":true,"valueName":"search_term_string"}}],"inLanguage":"pt-PT"},{"@type":"Organization","@id":"https:\/\/gr-100.com\/#organization","name":"Gr-100","url":"https:\/\/gr-100.com\/","logo":{"@type":"ImageObject","inLanguage":"pt-PT","@id":"https:\/\/gr-100.com\/#\/schema\/logo\/image\/","url":"https:\/\/gr-100.com\/wp-content\/uploads\/2023\/08\/logo-gr-100-bikes.png","contentUrl":"https:\/\/gr-100.com\/wp-content\/uploads\/2023\/08\/logo-gr-100-bikes.png","width":707,"height":284,"caption":"Gr-100"},"image":{"@id":"https:\/\/gr-100.com\/#\/schema\/logo\/image\/"},"sameAs":["https:\/\/www.facebook.com\/Gr100Bikes","https:\/\/www.instagram.com\/gr100bikes\/","https:\/\/www.tiktok.com\/@gr100bikes","https:\/\/twitter.com\/gr100mtbteam","https:\/\/www.youtube.com\/c\/GR100Specialized"]}]}},"_links":{"self":[{"href":"https:\/\/gr-100.com\/pt-pt\/wp-json\/wp\/v2\/product\/396369","targetHints":{"allow":["GET"]}}],"collection":[{"href":"https:\/\/gr-100.com\/pt-pt\/wp-json\/wp\/v2\/product"}],"about":[{"href":"https:\/\/gr-100.com\/pt-pt\/wp-json\/wp\/v2\/types\/product"}],"replies":[{"embeddable":true,"href":"https:\/\/gr-100.com\/pt-pt\/wp-json\/wp\/v2\/comments?post=396369"}],"wp:featuredmedia":[{"embeddable":true,"href":"https:\/\/gr-100.com\/pt-pt\/wp-json\/wp\/v2\/media\/396371"}],"wp:attachment":[{"href":"https:\/\/gr-100.com\/pt-pt\/wp-json\/wp\/v2\/media?parent=396369"}],"wp:term":[{"taxonomy":"product_brand","embeddable":true,"href":"https:\/\/gr-100.com\/pt-pt\/wp-json\/wp\/v2\/product_brand?post=396369"},{"taxonomy":"product_cat","embeddable":true,"href":"https:\/\/gr-100.com\/pt-pt\/wp-json\/wp\/v2\/product_cat?post=396369"},{"taxonomy":"product_tag","embeddable":true,"href":"https:\/\/gr-100.com\/pt-pt\/wp-json\/wp\/v2\/product_tag?post=396369"}],"curies":[{"name":"wp","href":"https:\/\/api.w.org\/{rel}","templated":true}]}}