{"id":396934,"date":"2024-11-22T12:00:04","date_gmt":"2024-11-22T12:00:04","guid":{"rendered":"https:\/\/gr-100.com\/?post_type=product&#038;p=396934"},"modified":"2026-04-08T12:31:49","modified_gmt":"2026-04-08T11:31:49","slug":"specialized-vado-5-0-igh-step-though-nb-2023","status":"publish","type":"product","link":"https:\/\/gr-100.com\/pt-pt\/producto\/specialized-vado-5-0-igh-step-though-nb-2023\/","title":{"rendered":"Specialized Turbo Vado 4.0 Step-Through 2023"},"content":{"rendered":"<p>Considera la Vado tu bicicleta de transporte de alto rendimiento, que te llevar\u00e1 a donde quieras con una combinaci\u00f3n inigualable de velocidad, fiabilidad y confianza. Tanto si la cargas con tu equipaje, como si te desplazas al trabajo o vas al gimnasio, la gran potencia y la enorme autonom\u00eda de la Vado te llevar\u00e1n del &#8220;punto A&#8221; al &#8220;punto B&#8221; lo antes posible.<\/p>\n<ul>\n<li>TURBO: El coraz\u00f3n de la Vado es su tecnolog\u00eda Turbo, un avanzado e integrado sistema de bicicleta el\u00e9ctrica que ofrece una combinaci\u00f3n inigualable de potencia, tacto natural, funciones antirrobo, consejos de entrenamiento, un ciclocomputador con todas las funciones, 150 km de autonom\u00eda y mucho m\u00e1s. Adem\u00e1s, con las actualizaciones Over the Air, tu Vado mejorar\u00e1 con el tiempo con funciones automatizadas que se pueden descargar a medida que se desarrollan.<\/li>\n<li>POTENCIA: Eres t\u00fa, pero m\u00e1s r\u00e1pido &#8211; es 4x t\u00fa. El sistema Turbo Full Power detecta la fuerza que aplicas a los pedales y la cuadruplica de forma natural para una experiencia que hace que subir cualquier cuesta o llegar a cualquier destino sea pan comido. Literalmente.<\/li>\n<li>COMODIDAD Y CONFIANZA: La posici\u00f3n del cuerpo se ha optimizado para ofrecer una comodidad de conducci\u00f3n, confianza y control insuperables. Los potentes frenos de disco hidr\u00e1ulicos controlan la velocidad, mientras que los neum\u00e1ticos de mayor tama\u00f1o proporcionan la m\u00e1xima tracci\u00f3n para girar y detenerse.<\/li>\n<li>AUTONOM\u00cdA: Con una autonom\u00eda de conducci\u00f3n en cualquier lugar, recorre hasta 150 km con una sola carga.<\/li>\n<li>SUAVIDAD: Mantente c\u00f3modo en el sill\u00edn con una horquilla de suspensi\u00f3n delantera de 80 mm, neum\u00e1ticos de mayor volumen y una tija de sill\u00edn con suspensi\u00f3n que suaviza los duros baches de los puntos A a B.<\/li>\n<li>SEGURIDAD: La Vado cuenta con bloqueo antirrobo integrado en la propia bicicleta. Evita que los posibles ladrones de bicicletas desactiven el motor con solo pulsar un bot\u00f3n para que nadie pueda encender el motor sin tu tel\u00e9fono conectado a la aplicaci\u00f3n Mission Control o tu pin personalizado. La bater\u00eda de la Vado se bloquea en la bicicleta o se puede llevar f\u00e1cilmente contigo. Y si alguien intenta mover tu bici sonar\u00e1 una alarma. L\u00e1rgate, ladr\u00f3n.<\/li>\n<li>MEJORA CON EL TIEMPO: Porque nuestra tecnolog\u00eda nunca deja de mejorar, tampoco lo har\u00e1 tu experiencia de conducci\u00f3n. Con nuevas funciones, presentaciones y actualizaciones de firmware de forma inal\u00e1mbrica, lleva tu experiencia de conducci\u00f3n al siguiente nivel cada vez que haya una actualizaci\u00f3n disponible.<\/li>\n<li>El motor Turbo Full Power 2.0 y la bater\u00eda de 710Wh ofrecen una experiencia de conducci\u00f3n sin igual, proporcionando una amplificaci\u00f3n suave, fluida y sorprendentemente silenciosa de sus esfuerzos, hasta 25 km\/h. El controlador integrado responde a la potencia del pedaleo, lo que resulta en una amplificaci\u00f3n intuitiva de los esfuerzos con una sensaci\u00f3n incre\u00edblemente natural.<\/li>\n<li>MasterMind y Mission Control: la pantalla MasterMind muestra toda la informaci\u00f3n relevante sobre tu conducci\u00f3n, permite ajustar en tiempo real los niveles de asistencia y habilita actualizaciones por aire para que tu moto mejore con el tiempo. MasterMind se integra a la perfecci\u00f3n con la aplicaci\u00f3n Mission Control para ofrecer herramientas de optimizaci\u00f3n de la autonom\u00eda, ajustes avanzados, diagn\u00f3sticos sobre la marcha y mucho m\u00e1s.<\/li>\n<li>Eficacia suave probada &#8211; Hemos dise\u00f1ado un mecanismo de prueba personalizado para analizar los baches incluso a la frecuencia m\u00e1s peque\u00f1a para aumentar la comodidad y la visi\u00f3n. Esa precisi\u00f3n, combinada con una tija de sill\u00edn suspendida, neum\u00e1ticos de mayor volumen y una horquilla de suspensi\u00f3n de 80 mm, allanar\u00e1 las carreteras ante tus ojos.<\/li>\n<li>Turbo System Lock: utiliza la app Mission Control para desactivar el motor de tu bicicleta y activar la alarma del sensor de movimiento. Una vez bloqueado, el motor no puede volver a activarse salvo por el propietario.<\/li>\n<li>Bater\u00eda de tubo diagonal totalmente integrada, extra\u00edble y bloqueable &#8211; F\u00e1cil de cargar, f\u00e1cil de asegurar.<\/li>\n<li>Equipado con guardabarros DRYTECH, luces delanteras y traseras LED y capacidad para cargar con hasta 27 kilos en el portaequipajes trasero. El portaequipajes trasero es compatible con sillitas de ni\u00f1os y tambi\u00e9n se puede montar un eje pasante para carga.<\/li>\n<li>Long-Range &#8211; With a ride-anywhere range, go up to 90 miles (145 km) or 6.5 hours on a single charge (eco mode)<\/li>\n<li>ESPECIFICACIONES<\/li>\n<li>E-bike<\/li>\n<li>CARGADOR: Custom charger, 42V4A w\/ Rosenberger plug, 100-240V<\/li>\n<li>CABLEADO: Custom wire harness<\/li>\n<li>UI\/REMOTE: MasterMind TCD, w\/handlebar remote, built-in anti-theft feature, Bluetooth\u00ae connectivity, customizable display pages<\/li>\n<li>MOTOR: Specialized 2.0, 70Nm torque, custom tuned motor, 250W nominal<\/li>\n<li>BATER\u00cdA: Specialized U2-710, alloy casing, state of charge display, 710Wh<\/li>\n<li>Cockpit<\/li>\n<li>PU\u00d1OS: Body Geometry Women&#8217;s Contour<\/li>\n<li>SILL\u00cdN: Bridge Sport, Steel rails, 155mm<\/li>\n<li>POTENCIA: Specialized Flowset, 3D-forged alloy, 20-degree rise, 31.8mm clamp<\/li>\n<li>MANILLAR: Specialized, alloy, 15-degree backsweep, 46mm rise, 31.8mm<\/li>\n<li>TIJA DE SILL\u00cdN: Spring suspension, alloy, 40mm travel, 30.9mm, 2-bolt clamp, 34.9mm sleeve<\/li>\n<li>Cuadro<\/li>\n<li>SILL\u00cdN: Alloy, bolt-type, 34.9mm<\/li>\n<li>CUADRO: E5 Aluminum, bottom bracket motor mount, fully integrated &amp; lockable downtube battery, internal cable routing, lock and front rack mount<\/li>\n<li>Suspension<\/li>\n<li>HORQUILLA SR Suntour MobieA32, 80mm travel, lockout, fender-mounts, integrated light mount<\/li>\n<li>Brakes<\/li>\n<li>FRENO TRASERO: SRAM Level, 2-piston caliper, hydraulic disc, 180mm<\/li>\n<li>FRENO DELANTERO: SRAM Level, 2-piston caliper, hydraulic disc, 180mm<\/li>\n<li>Drivetrain<\/li>\n<li>PLATOS: Praxis, 48T, 104BCD<\/li>\n<li>PEDALIER: Custom alloy forged crankarms<\/li>\n<li>PROTECTOR DE CADENA Custom chaincover<\/li>\n<li>CADENA: KMC e11S, 11-speed w\/ Missing Link\u2122<\/li>\n<li>MANDOS DE CAMBIO: SRAM NX, 11-speed<\/li>\n<li>CAMBIO: SRAM NX, 11-speed<\/li>\n<li>CASETE: SRAM PG-1130, 11-speed, 11-42t<\/li>\n<li>Wheels &amp; tires<\/li>\n<li>LLANTAS: 650b disc, double-wall alloy, pinned, 32h<\/li>\n<li>BUJE TRASERO: Alloy, sealed cartridge bearings, 12x148mm thru-axle, 32h<\/li>\n<li>RADIOS: DT Swiss Industry<\/li>\n<li>NEUM\u00c1TICO TRASERO: Pathfinder Sport Reflect, 650Bx2.3<\/li>\n<li>NEUM\u00c1TICO DEL.: Pathfinder Sport Reflect, 650Bx2.3<\/li>\n<li>BUJE DELANTERO: Specialized alloy front hub disc, sealed cardridge bearings, 6-bolt, 15x110mm thru-axle, 32h<\/li>\n<li>C\u00c1MARAS: Standard 40mm SV 650Bx1.75-2.4<\/li>\n<li>Accessories<\/li>\n<li>GUARDABARROS: Specialized DRYTECH fenders, 65mm width, aluminum fenderstay<\/li>\n<li>LUZ FRONTAL: Lezyne Ebike Hecto E65, 210 Lumen, 12V<\/li>\n<li>TIMBRE: Simple bell<\/li>\n<li>LUZ TRASERA: Spanninga Commuter Glow XE, 12V<\/li>\n<li>PEDALES: Specialized Commuter w\/ grip tape &amp; reflectors<\/li>\n<li>PATA DE CABRA: Specialized kickstand, 40mm mount<\/li>\n<li>PORTABULTOS: Specialized rack, MIK HD interface, built-in pannier mounts, 27kg max load<\/li>\n<li>CANDADO: Turbo System Lock<\/li>\n<li>Weight<\/li>\n<li>DINAMO: 5kg (49 lb, 9.7 oz)<\/li>\n<\/ul>\n","protected":false},"excerpt":{"rendered":"<p>La Specialized Vado tiene todo lo que necesitas para el transporte el\u00e9ctrico. Aporta una naturaleza equilibrada a la forma en que se conduce y niveles superiores de comodidad, adem\u00e1s de una autonom\u00eda de motor de hasta 90 millas. Se trata de una aut\u00e9ntica l\u00edder en su clase.<\/p>\n","protected":false},"featured_media":397092,"comment_status":"open","ping_status":"closed","template":"","meta":{"_acf_changed":false,"_et_pb_use_builder":"","_et_pb_old_content":"","_et_gb_content_width":"","inline_featured_image":false},"product_brand":[],"product_cat":[5254,23,5212,5216,5219,5208,5220,5215,2367],"product_tag":[],"class_list":{"0":"post-396934","1":"product","2":"type-product","3":"status-publish","4":"has-post-thumbnail","6":"product_cat-bicicletas-urbanas","7":"product_cat-bicicletas-electricas","8":"product_cat-bicicletas-electricas-aluminio","9":"product_cat-bicicletas-electricas-carretera","10":"product_cat-bicicletas-electricas-paseo","11":"product_cat-bicicletas-electricas-specialized","12":"product_cat-bicicletas-electricas-trekking","13":"product_cat-bicicletas-electricas-urbanas","14":"product_cat-bicicletas-specialized","15":"product_shipping_class-bicicletas","17":"first","18":"instock","19":"sale","20":"taxable","21":"shipping-taxable","22":"purchasable","23":"product-type-variable","24":"wvs-archive-product-wrapper"},"acf":[],"yoast_head":"<!-- This site is optimized with the Yoast SEO Premium plugin v26.7 (Yoast SEO v26.7) - https:\/\/yoast.com\/wordpress\/plugins\/seo\/ -->\n<title>Specialized Turbo Vado 4.0 Step-Through 2023 GR-100<\/title>\n<meta name=\"description\" content=\"Considera a Vado como tu bicicleta de transporte de alto rendimiento, que te llevar\u00e1 a donde quieras con una combinaci\u00f3n inigualable de velocidad\" \/>\n<meta name=\"robots\" content=\"index, follow, max-snippet:-1, max-image-preview:large, max-video-preview:-1\" \/>\n<link rel=\"canonical\" href=\"https:\/\/gr-100.com\/producto\/specialized-vado-5-0-igh-step-though-nb-2023\/\" \/>\n<meta property=\"og:locale\" content=\"pt_PT\" \/>\n<meta property=\"og:type\" content=\"article\" \/>\n<meta property=\"og:title\" content=\"Specialized Turbo Vado 4.0 Step-Through 2023\" \/>\n<meta property=\"og:description\" content=\"Considera a Vado como tu bicicleta de transporte de alto rendimiento, que te llevar\u00e1 a donde quieras con una combinaci\u00f3n inigualable de velocidad\" \/>\n<meta property=\"og:url\" content=\"https:\/\/gr-100.com\/producto\/specialized-vado-5-0-igh-step-though-nb-2023\/\" \/>\n<meta property=\"og:site_name\" content=\"Gr-100 Tienda de ciclismo Specialized\" \/>\n<meta property=\"article:publisher\" content=\"https:\/\/www.facebook.com\/Gr100Bikes\" \/>\n<meta property=\"article:modified_time\" content=\"2026-04-08T11:31:49+00:00\" \/>\n<meta property=\"og:image\" content=\"https:\/\/gr-100.com\/wp-content\/uploads\/2024\/11\/Sin-titulo-96.jpeg\" \/>\n\t<meta property=\"og:image:width\" content=\"1000\" \/>\n\t<meta property=\"og:image:height\" content=\"1000\" \/>\n\t<meta property=\"og:image:type\" content=\"image\/jpeg\" \/>\n<meta name=\"twitter:card\" content=\"summary_large_image\" \/>\n<meta name=\"twitter:label1\" content=\"Tempo estimado de leitura\" \/>\n\t<meta name=\"twitter:data1\" content=\"5 minutos\" \/>\n<script type=\"application\/ld+json\" class=\"yoast-schema-graph\">{\"@context\":\"https:\/\/schema.org\",\"@graph\":[{\"@type\":\"WebPage\",\"@id\":\"https:\/\/gr-100.com\/producto\/specialized-vado-5-0-igh-step-though-nb-2023\/\",\"url\":\"https:\/\/gr-100.com\/producto\/specialized-vado-5-0-igh-step-though-nb-2023\/\",\"name\":\"Specialized Turbo Vado 4.0 Step-Through 2023 GR-100\",\"isPartOf\":{\"@id\":\"https:\/\/gr-100.com\/#website\"},\"primaryImageOfPage\":{\"@id\":\"https:\/\/gr-100.com\/producto\/specialized-vado-5-0-igh-step-though-nb-2023\/#primaryimage\"},\"image\":{\"@id\":\"https:\/\/gr-100.com\/producto\/specialized-vado-5-0-igh-step-though-nb-2023\/#primaryimage\"},\"thumbnailUrl\":\"https:\/\/gr-100.com\/wp-content\/uploads\/2024\/11\/Sin-titulo-96.jpeg\",\"datePublished\":\"2024-11-22T12:00:04+00:00\",\"dateModified\":\"2026-04-08T11:31:49+00:00\",\"description\":\"Considera a Vado como tu bicicleta de transporte de alto rendimiento, que te llevar\u00e1 a donde quieras con una combinaci\u00f3n inigualable de velocidad\",\"breadcrumb\":{\"@id\":\"https:\/\/gr-100.com\/producto\/specialized-vado-5-0-igh-step-though-nb-2023\/#breadcrumb\"},\"inLanguage\":\"pt-PT\",\"potentialAction\":[{\"@type\":\"ReadAction\",\"target\":[\"https:\/\/gr-100.com\/producto\/specialized-vado-5-0-igh-step-though-nb-2023\/\"]}]},{\"@type\":\"ImageObject\",\"inLanguage\":\"pt-PT\",\"@id\":\"https:\/\/gr-100.com\/producto\/specialized-vado-5-0-igh-step-though-nb-2023\/#primaryimage\",\"url\":\"https:\/\/gr-100.com\/wp-content\/uploads\/2024\/11\/Sin-titulo-96.jpeg\",\"contentUrl\":\"https:\/\/gr-100.com\/wp-content\/uploads\/2024\/11\/Sin-titulo-96.jpeg\",\"width\":1000,\"height\":1000},{\"@type\":\"BreadcrumbList\",\"@id\":\"https:\/\/gr-100.com\/producto\/specialized-vado-5-0-igh-step-though-nb-2023\/#breadcrumb\",\"itemListElement\":[{\"@type\":\"ListItem\",\"position\":1,\"name\":\"Portada\",\"item\":\"https:\/\/gr-100.com\/en\/\"},{\"@type\":\"ListItem\",\"position\":2,\"name\":\"Productos\",\"item\":\"https:\/\/gr-100.com\/?post_type=product\"},{\"@type\":\"ListItem\",\"position\":3,\"name\":\"Specialized Turbo Vado 4.0 Step-Through 2023\"}]},{\"@type\":\"WebSite\",\"@id\":\"https:\/\/gr-100.com\/#website\",\"url\":\"https:\/\/gr-100.com\/\",\"name\":\"Gr-100 Tienda de ciclismo Specialized\",\"description\":\"GR-100 tenemos todas las gamas de bicicletas Specialized al mejor precio.\",\"publisher\":{\"@id\":\"https:\/\/gr-100.com\/#organization\"},\"alternateName\":\"Gr-100 Bikes\",\"potentialAction\":[{\"@type\":\"SearchAction\",\"target\":{\"@type\":\"EntryPoint\",\"urlTemplate\":\"https:\/\/gr-100.com\/?s={search_term_string}\"},\"query-input\":{\"@type\":\"PropertyValueSpecification\",\"valueRequired\":true,\"valueName\":\"search_term_string\"}}],\"inLanguage\":\"pt-PT\"},{\"@type\":\"Organization\",\"@id\":\"https:\/\/gr-100.com\/#organization\",\"name\":\"Gr-100\",\"url\":\"https:\/\/gr-100.com\/\",\"logo\":{\"@type\":\"ImageObject\",\"inLanguage\":\"pt-PT\",\"@id\":\"https:\/\/gr-100.com\/#\/schema\/logo\/image\/\",\"url\":\"https:\/\/gr-100.com\/wp-content\/uploads\/2023\/08\/logo-gr-100-bikes.png\",\"contentUrl\":\"https:\/\/gr-100.com\/wp-content\/uploads\/2023\/08\/logo-gr-100-bikes.png\",\"width\":707,\"height\":284,\"caption\":\"Gr-100\"},\"image\":{\"@id\":\"https:\/\/gr-100.com\/#\/schema\/logo\/image\/\"},\"sameAs\":[\"https:\/\/www.facebook.com\/Gr100Bikes\",\"https:\/\/www.instagram.com\/gr100bikes\/\",\"https:\/\/www.tiktok.com\/@gr100bikes\",\"https:\/\/twitter.com\/gr100mtbteam\",\"https:\/\/www.youtube.com\/c\/GR100Specialized\"]}]}<\/script>\n<!-- \/ Yoast SEO Premium plugin. -->","yoast_head_json":{"title":"Specialized Turbo Vado 4.0 Step-Through 2023 GR-100","description":"Considera a Vado como tu bicicleta de transporte de alto rendimiento, que te llevar\u00e1 a donde quieras con una combinaci\u00f3n inigualable de velocidad","robots":{"index":"index","follow":"follow","max-snippet":"max-snippet:-1","max-image-preview":"max-image-preview:large","max-video-preview":"max-video-preview:-1"},"canonical":"https:\/\/gr-100.com\/producto\/specialized-vado-5-0-igh-step-though-nb-2023\/","og_locale":"pt_PT","og_type":"article","og_title":"Specialized Turbo Vado 4.0 Step-Through 2023","og_description":"Considera a Vado como tu bicicleta de transporte de alto rendimiento, que te llevar\u00e1 a donde quieras con una combinaci\u00f3n inigualable de velocidad","og_url":"https:\/\/gr-100.com\/producto\/specialized-vado-5-0-igh-step-though-nb-2023\/","og_site_name":"Gr-100 Tienda de ciclismo Specialized","article_publisher":"https:\/\/www.facebook.com\/Gr100Bikes","article_modified_time":"2026-04-08T11:31:49+00:00","og_image":[{"width":1000,"height":1000,"url":"https:\/\/gr-100.com\/wp-content\/uploads\/2024\/11\/Sin-titulo-96.jpeg","type":"image\/jpeg"}],"twitter_card":"summary_large_image","twitter_misc":{"Tempo estimado de leitura":"5 minutos"},"schema":{"@context":"https:\/\/schema.org","@graph":[{"@type":"WebPage","@id":"https:\/\/gr-100.com\/producto\/specialized-vado-5-0-igh-step-though-nb-2023\/","url":"https:\/\/gr-100.com\/producto\/specialized-vado-5-0-igh-step-though-nb-2023\/","name":"Specialized Turbo Vado 4.0 Step-Through 2023 GR-100","isPartOf":{"@id":"https:\/\/gr-100.com\/#website"},"primaryImageOfPage":{"@id":"https:\/\/gr-100.com\/producto\/specialized-vado-5-0-igh-step-though-nb-2023\/#primaryimage"},"image":{"@id":"https:\/\/gr-100.com\/producto\/specialized-vado-5-0-igh-step-though-nb-2023\/#primaryimage"},"thumbnailUrl":"https:\/\/gr-100.com\/wp-content\/uploads\/2024\/11\/Sin-titulo-96.jpeg","datePublished":"2024-11-22T12:00:04+00:00","dateModified":"2026-04-08T11:31:49+00:00","description":"Considera a Vado como tu bicicleta de transporte de alto rendimiento, que te llevar\u00e1 a donde quieras con una combinaci\u00f3n inigualable de velocidad","breadcrumb":{"@id":"https:\/\/gr-100.com\/producto\/specialized-vado-5-0-igh-step-though-nb-2023\/#breadcrumb"},"inLanguage":"pt-PT","potentialAction":[{"@type":"ReadAction","target":["https:\/\/gr-100.com\/producto\/specialized-vado-5-0-igh-step-though-nb-2023\/"]}]},{"@type":"ImageObject","inLanguage":"pt-PT","@id":"https:\/\/gr-100.com\/producto\/specialized-vado-5-0-igh-step-though-nb-2023\/#primaryimage","url":"https:\/\/gr-100.com\/wp-content\/uploads\/2024\/11\/Sin-titulo-96.jpeg","contentUrl":"https:\/\/gr-100.com\/wp-content\/uploads\/2024\/11\/Sin-titulo-96.jpeg","width":1000,"height":1000},{"@type":"BreadcrumbList","@id":"https:\/\/gr-100.com\/producto\/specialized-vado-5-0-igh-step-though-nb-2023\/#breadcrumb","itemListElement":[{"@type":"ListItem","position":1,"name":"Portada","item":"https:\/\/gr-100.com\/en\/"},{"@type":"ListItem","position":2,"name":"Productos","item":"https:\/\/gr-100.com\/?post_type=product"},{"@type":"ListItem","position":3,"name":"Specialized Turbo Vado 4.0 Step-Through 2023"}]},{"@type":"WebSite","@id":"https:\/\/gr-100.com\/#website","url":"https:\/\/gr-100.com\/","name":"Gr-100 Tienda de ciclismo Specialized","description":"GR-100 tenemos todas las gamas de bicicletas Specialized al mejor precio.","publisher":{"@id":"https:\/\/gr-100.com\/#organization"},"alternateName":"Gr-100 Bikes","potentialAction":[{"@type":"SearchAction","target":{"@type":"EntryPoint","urlTemplate":"https:\/\/gr-100.com\/?s={search_term_string}"},"query-input":{"@type":"PropertyValueSpecification","valueRequired":true,"valueName":"search_term_string"}}],"inLanguage":"pt-PT"},{"@type":"Organization","@id":"https:\/\/gr-100.com\/#organization","name":"Gr-100","url":"https:\/\/gr-100.com\/","logo":{"@type":"ImageObject","inLanguage":"pt-PT","@id":"https:\/\/gr-100.com\/#\/schema\/logo\/image\/","url":"https:\/\/gr-100.com\/wp-content\/uploads\/2023\/08\/logo-gr-100-bikes.png","contentUrl":"https:\/\/gr-100.com\/wp-content\/uploads\/2023\/08\/logo-gr-100-bikes.png","width":707,"height":284,"caption":"Gr-100"},"image":{"@id":"https:\/\/gr-100.com\/#\/schema\/logo\/image\/"},"sameAs":["https:\/\/www.facebook.com\/Gr100Bikes","https:\/\/www.instagram.com\/gr100bikes\/","https:\/\/www.tiktok.com\/@gr100bikes","https:\/\/twitter.com\/gr100mtbteam","https:\/\/www.youtube.com\/c\/GR100Specialized"]}]}},"_links":{"self":[{"href":"https:\/\/gr-100.com\/pt-pt\/wp-json\/wp\/v2\/product\/396934","targetHints":{"allow":["GET"]}}],"collection":[{"href":"https:\/\/gr-100.com\/pt-pt\/wp-json\/wp\/v2\/product"}],"about":[{"href":"https:\/\/gr-100.com\/pt-pt\/wp-json\/wp\/v2\/types\/product"}],"replies":[{"embeddable":true,"href":"https:\/\/gr-100.com\/pt-pt\/wp-json\/wp\/v2\/comments?post=396934"}],"wp:featuredmedia":[{"embeddable":true,"href":"https:\/\/gr-100.com\/pt-pt\/wp-json\/wp\/v2\/media\/397092"}],"wp:attachment":[{"href":"https:\/\/gr-100.com\/pt-pt\/wp-json\/wp\/v2\/media?parent=396934"}],"wp:term":[{"taxonomy":"product_brand","embeddable":true,"href":"https:\/\/gr-100.com\/pt-pt\/wp-json\/wp\/v2\/product_brand?post=396934"},{"taxonomy":"product_cat","embeddable":true,"href":"https:\/\/gr-100.com\/pt-pt\/wp-json\/wp\/v2\/product_cat?post=396934"},{"taxonomy":"product_tag","embeddable":true,"href":"https:\/\/gr-100.com\/pt-pt\/wp-json\/wp\/v2\/product_tag?post=396934"}],"curies":[{"name":"wp","href":"https:\/\/api.w.org\/{rel}","templated":true}]}}