{"id":396950,"date":"2024-11-21T15:47:11","date_gmt":"2024-11-21T15:47:11","guid":{"rendered":"https:\/\/gr-100.com\/producto\/dt-swiss-arc-1100-dicut-db-38-conjunto-de-rodas\/"},"modified":"2025-12-18T16:40:02","modified_gmt":"2025-12-18T14:40:02","slug":"dt-swiss-arc-1100-dicut-db-38-conjunto-de-rodas","status":"publish","type":"product","link":"https:\/\/gr-100.com\/pt-pt\/producto\/dt-swiss-arc-1100-dicut-db-38-conjunto-de-rodas\/","title":{"rendered":"DT Swiss ARC 1100 Dicut db 38 Conjunto de rodas"},"content":{"rendered":"<p>ARC 1100 DICUT 38: O derradeiro conjunto de rodas de escalada que combina leveza e otimiza\u00e7\u00e3o aerodin\u00e2mica para uma subida r\u00e1pida ao topo Consequentemente, o novo perfil da jante AERO+ minimiza o arrasto aerodin\u00e2mico e o momento da dire\u00e7\u00e3o para melhorar a aerodin\u00e2mica e o controlo, mesmo em ventos cruzados fortes. Isto torna mais f\u00e1cil manter o controlo da roda aerodin\u00e2mica, ao mesmo tempo que tira partido do impulso do efeito de vela. Este conjunto de rodas \u00e9 completado pelos novos raios aerodin\u00e2micos DT Swiss e pelo fino cubo DICUT 180, com os rolamentos de cer\u00e2mica de corrida SINC ultraleves.<\/p>\n<p><strong>Especifica\u00e7\u00f5es t\u00e9cnicas<\/strong><\/p>\n<ul>\n<li><strong>RODA DIANTEIRA<\/strong><\/li>\n<li>C\u00f3digo do produto: WARC110AIDXCA22333<\/li>\n<li>Raios da roda dianteira: 24<\/li>\n<li>Material da jante: Carbono<\/li>\n<li>Material do cubo: Alum\u00ednio<\/li>\n<li>Largura da jante: 20 mm<\/li>\n<li>Perfil da jante: 38 mm<\/li>\n<li>Disco de freio: Bloqueio central<\/li>\n<li>Peso real da roda dianteira: 676 g<\/li>\n<li>ASTM: 1<\/li>\n<li>Etrto: 20-622<\/li>\n<li>Tamanho do eixo: 12x100mm<\/li>\n<li><strong>RODA TRASEIRA<\/strong><\/li>\n<li>Shimano<\/li>\n<li>C\u00f3digo do produto: WARC110NIDJCA22334<\/li>\n<li>Raios da roda traseira: 24<\/li>\n<li>Material da jante: Carbono<\/li>\n<li>Material do cubo: Alum\u00ednio<\/li>\n<li>Largura da jante: 20 mm<\/li>\n<li>Perfil da jante: 38 mm<\/li>\n<li>Disco de freio: Bloqueio central<\/li>\n<li>ASTM: 1<\/li>\n<li>Etrto: 20-622<\/li>\n<li>Tamanho do eixo: 12x142mm<\/li>\n<li>Compatibilidade: Shimano<\/li>\n<\/ul>\n<p>&nbsp;<\/p>\n","protected":false},"excerpt":{"rendered":"<p>O conjunto mais avan\u00e7ado de jantes aerodin\u00e2micas com trav\u00e3o de disco DT Swiss para atingir novas velocidades m\u00e1ximas e controlar a moto em seguran\u00e7a em todos os momentos.<\/p>\n","protected":false},"featured_media":396904,"comment_status":"open","ping_status":"closed","template":"","meta":{"_acf_changed":false,"_et_pb_use_builder":"","_et_pb_old_content":"","_et_gb_content_width":"","inline_featured_image":false},"product_brand":[],"product_cat":[379,387],"product_tag":[],"class_list":{"0":"post-396950","1":"product","2":"type-product","3":"status-publish","4":"has-post-thumbnail","6":"product_cat-componentes-pt-pt","7":"product_cat-rodas","9":"first","10":"outofstock","11":"sale","12":"taxable","13":"shipping-taxable","14":"purchasable","15":"product-type-simple"},"acf":[],"yoast_head":"<!-- This site is optimized with the Yoast SEO Premium plugin v26.7 (Yoast SEO v26.7) - https:\/\/yoast.com\/wordpress\/plugins\/seo\/ -->\n<title>DT Swiss ARC 1100 Dicut db 38 Conjunto de rodas GR100<\/title>\n<meta name=\"description\" content=\"Conjunto de rodas aerodin\u00e2micas com freio a disco DT Swiss para atingir novas velocidades m\u00e1ximas e controlar a moto com seguran\u00e7a em todos os momentos.\" \/>\n<meta name=\"robots\" content=\"index, follow, max-snippet:-1, max-image-preview:large, max-video-preview:-1\" \/>\n<link rel=\"canonical\" href=\"https:\/\/gr-100.com\/pt-pt\/producto\/dt-swiss-arc-1100-dicut-db-38-conjunto-de-rodas\/\" \/>\n<meta property=\"og:locale\" content=\"pt_PT\" \/>\n<meta property=\"og:type\" content=\"article\" \/>\n<meta property=\"og:title\" content=\"DT Swiss ARC 1100 Dicut db 38 Conjunto de rodas\" \/>\n<meta property=\"og:description\" content=\"Conjunto de rodas aerodin\u00e2micas com freio a disco DT Swiss para atingir novas velocidades m\u00e1ximas e controlar a moto com seguran\u00e7a em todos os momentos.\" \/>\n<meta property=\"og:url\" content=\"https:\/\/gr-100.com\/pt-pt\/producto\/dt-swiss-arc-1100-dicut-db-38-conjunto-de-rodas\/\" \/>\n<meta property=\"og:site_name\" content=\"Gr-100 Tienda de ciclismo Specialized\" \/>\n<meta property=\"article:publisher\" content=\"https:\/\/www.facebook.com\/Gr100Bikes\" \/>\n<meta property=\"article:modified_time\" content=\"2025-12-18T14:40:02+00:00\" \/>\n<meta property=\"og:image\" content=\"https:\/\/gr-100.com\/wp-content\/uploads\/2024\/11\/Screenshot-of-Rueda-delante.jpg\" \/>\n\t<meta property=\"og:image:width\" content=\"1000\" \/>\n\t<meta property=\"og:image:height\" content=\"1000\" \/>\n\t<meta property=\"og:image:type\" content=\"image\/jpeg\" \/>\n<meta name=\"twitter:card\" content=\"summary_large_image\" \/>\n<meta name=\"twitter:label1\" content=\"Tempo estimado de leitura\" \/>\n\t<meta name=\"twitter:data1\" content=\"1 minuto\" \/>\n<script type=\"application\/ld+json\" class=\"yoast-schema-graph\">{\"@context\":\"https:\/\/schema.org\",\"@graph\":[{\"@type\":\"WebPage\",\"@id\":\"https:\/\/gr-100.com\/pt-pt\/producto\/dt-swiss-arc-1100-dicut-db-38-conjunto-de-rodas\/\",\"url\":\"https:\/\/gr-100.com\/pt-pt\/producto\/dt-swiss-arc-1100-dicut-db-38-conjunto-de-rodas\/\",\"name\":\"DT Swiss ARC 1100 Dicut db 38 Conjunto de rodas GR100\",\"isPartOf\":{\"@id\":\"https:\/\/gr-100.com\/#website\"},\"primaryImageOfPage\":{\"@id\":\"https:\/\/gr-100.com\/pt-pt\/producto\/dt-swiss-arc-1100-dicut-db-38-conjunto-de-rodas\/#primaryimage\"},\"image\":{\"@id\":\"https:\/\/gr-100.com\/pt-pt\/producto\/dt-swiss-arc-1100-dicut-db-38-conjunto-de-rodas\/#primaryimage\"},\"thumbnailUrl\":\"https:\/\/gr-100.com\/wp-content\/uploads\/2024\/11\/Screenshot-of-Rueda-delante.jpg\",\"datePublished\":\"2024-11-21T15:47:11+00:00\",\"dateModified\":\"2025-12-18T14:40:02+00:00\",\"description\":\"Conjunto de rodas aerodin\u00e2micas com freio a disco DT Swiss para atingir novas velocidades m\u00e1ximas e controlar a moto com seguran\u00e7a em todos os momentos.\",\"breadcrumb\":{\"@id\":\"https:\/\/gr-100.com\/pt-pt\/producto\/dt-swiss-arc-1100-dicut-db-38-conjunto-de-rodas\/#breadcrumb\"},\"inLanguage\":\"pt-PT\",\"potentialAction\":[{\"@type\":\"ReadAction\",\"target\":[\"https:\/\/gr-100.com\/pt-pt\/producto\/dt-swiss-arc-1100-dicut-db-38-conjunto-de-rodas\/\"]}]},{\"@type\":\"ImageObject\",\"inLanguage\":\"pt-PT\",\"@id\":\"https:\/\/gr-100.com\/pt-pt\/producto\/dt-swiss-arc-1100-dicut-db-38-conjunto-de-rodas\/#primaryimage\",\"url\":\"https:\/\/gr-100.com\/wp-content\/uploads\/2024\/11\/Screenshot-of-Rueda-delante.jpg\",\"contentUrl\":\"https:\/\/gr-100.com\/wp-content\/uploads\/2024\/11\/Screenshot-of-Rueda-delante.jpg\",\"width\":1000,\"height\":1000},{\"@type\":\"BreadcrumbList\",\"@id\":\"https:\/\/gr-100.com\/pt-pt\/producto\/dt-swiss-arc-1100-dicut-db-38-conjunto-de-rodas\/#breadcrumb\",\"itemListElement\":[{\"@type\":\"ListItem\",\"position\":1,\"name\":\"Portada\",\"item\":\"https:\/\/gr-100.com\/en\/\"},{\"@type\":\"ListItem\",\"position\":2,\"name\":\"Productos\",\"item\":\"https:\/\/gr-100.com\/?post_type=product\"},{\"@type\":\"ListItem\",\"position\":3,\"name\":\"DT Swiss ARC 1100 Dicut db 38 Conjunto de rodas\"}]},{\"@type\":\"WebSite\",\"@id\":\"https:\/\/gr-100.com\/#website\",\"url\":\"https:\/\/gr-100.com\/\",\"name\":\"Gr-100 Tienda de ciclismo Specialized\",\"description\":\"GR-100 tenemos todas las gamas de bicicletas Specialized al mejor precio.\",\"publisher\":{\"@id\":\"https:\/\/gr-100.com\/#organization\"},\"alternateName\":\"Gr-100 Bikes\",\"potentialAction\":[{\"@type\":\"SearchAction\",\"target\":{\"@type\":\"EntryPoint\",\"urlTemplate\":\"https:\/\/gr-100.com\/?s={search_term_string}\"},\"query-input\":{\"@type\":\"PropertyValueSpecification\",\"valueRequired\":true,\"valueName\":\"search_term_string\"}}],\"inLanguage\":\"pt-PT\"},{\"@type\":\"Organization\",\"@id\":\"https:\/\/gr-100.com\/#organization\",\"name\":\"Gr-100\",\"url\":\"https:\/\/gr-100.com\/\",\"logo\":{\"@type\":\"ImageObject\",\"inLanguage\":\"pt-PT\",\"@id\":\"https:\/\/gr-100.com\/#\/schema\/logo\/image\/\",\"url\":\"https:\/\/gr-100.com\/wp-content\/uploads\/2023\/08\/logo-gr-100-bikes.png\",\"contentUrl\":\"https:\/\/gr-100.com\/wp-content\/uploads\/2023\/08\/logo-gr-100-bikes.png\",\"width\":707,\"height\":284,\"caption\":\"Gr-100\"},\"image\":{\"@id\":\"https:\/\/gr-100.com\/#\/schema\/logo\/image\/\"},\"sameAs\":[\"https:\/\/www.facebook.com\/Gr100Bikes\",\"https:\/\/www.instagram.com\/gr100bikes\/\",\"https:\/\/www.tiktok.com\/@gr100bikes\",\"https:\/\/twitter.com\/gr100mtbteam\",\"https:\/\/www.youtube.com\/c\/GR100Specialized\"]}]}<\/script>\n<!-- \/ Yoast SEO Premium plugin. -->","yoast_head_json":{"title":"DT Swiss ARC 1100 Dicut db 38 Conjunto de rodas GR100","description":"Conjunto de rodas aerodin\u00e2micas com freio a disco DT Swiss para atingir novas velocidades m\u00e1ximas e controlar a moto com seguran\u00e7a em todos os momentos.","robots":{"index":"index","follow":"follow","max-snippet":"max-snippet:-1","max-image-preview":"max-image-preview:large","max-video-preview":"max-video-preview:-1"},"canonical":"https:\/\/gr-100.com\/pt-pt\/producto\/dt-swiss-arc-1100-dicut-db-38-conjunto-de-rodas\/","og_locale":"pt_PT","og_type":"article","og_title":"DT Swiss ARC 1100 Dicut db 38 Conjunto de rodas","og_description":"Conjunto de rodas aerodin\u00e2micas com freio a disco DT Swiss para atingir novas velocidades m\u00e1ximas e controlar a moto com seguran\u00e7a em todos os momentos.","og_url":"https:\/\/gr-100.com\/pt-pt\/producto\/dt-swiss-arc-1100-dicut-db-38-conjunto-de-rodas\/","og_site_name":"Gr-100 Tienda de ciclismo Specialized","article_publisher":"https:\/\/www.facebook.com\/Gr100Bikes","article_modified_time":"2025-12-18T14:40:02+00:00","og_image":[{"width":1000,"height":1000,"url":"https:\/\/gr-100.com\/wp-content\/uploads\/2024\/11\/Screenshot-of-Rueda-delante.jpg","type":"image\/jpeg"}],"twitter_card":"summary_large_image","twitter_misc":{"Tempo estimado de leitura":"1 minuto"},"schema":{"@context":"https:\/\/schema.org","@graph":[{"@type":"WebPage","@id":"https:\/\/gr-100.com\/pt-pt\/producto\/dt-swiss-arc-1100-dicut-db-38-conjunto-de-rodas\/","url":"https:\/\/gr-100.com\/pt-pt\/producto\/dt-swiss-arc-1100-dicut-db-38-conjunto-de-rodas\/","name":"DT Swiss ARC 1100 Dicut db 38 Conjunto de rodas GR100","isPartOf":{"@id":"https:\/\/gr-100.com\/#website"},"primaryImageOfPage":{"@id":"https:\/\/gr-100.com\/pt-pt\/producto\/dt-swiss-arc-1100-dicut-db-38-conjunto-de-rodas\/#primaryimage"},"image":{"@id":"https:\/\/gr-100.com\/pt-pt\/producto\/dt-swiss-arc-1100-dicut-db-38-conjunto-de-rodas\/#primaryimage"},"thumbnailUrl":"https:\/\/gr-100.com\/wp-content\/uploads\/2024\/11\/Screenshot-of-Rueda-delante.jpg","datePublished":"2024-11-21T15:47:11+00:00","dateModified":"2025-12-18T14:40:02+00:00","description":"Conjunto de rodas aerodin\u00e2micas com freio a disco DT Swiss para atingir novas velocidades m\u00e1ximas e controlar a moto com seguran\u00e7a em todos os momentos.","breadcrumb":{"@id":"https:\/\/gr-100.com\/pt-pt\/producto\/dt-swiss-arc-1100-dicut-db-38-conjunto-de-rodas\/#breadcrumb"},"inLanguage":"pt-PT","potentialAction":[{"@type":"ReadAction","target":["https:\/\/gr-100.com\/pt-pt\/producto\/dt-swiss-arc-1100-dicut-db-38-conjunto-de-rodas\/"]}]},{"@type":"ImageObject","inLanguage":"pt-PT","@id":"https:\/\/gr-100.com\/pt-pt\/producto\/dt-swiss-arc-1100-dicut-db-38-conjunto-de-rodas\/#primaryimage","url":"https:\/\/gr-100.com\/wp-content\/uploads\/2024\/11\/Screenshot-of-Rueda-delante.jpg","contentUrl":"https:\/\/gr-100.com\/wp-content\/uploads\/2024\/11\/Screenshot-of-Rueda-delante.jpg","width":1000,"height":1000},{"@type":"BreadcrumbList","@id":"https:\/\/gr-100.com\/pt-pt\/producto\/dt-swiss-arc-1100-dicut-db-38-conjunto-de-rodas\/#breadcrumb","itemListElement":[{"@type":"ListItem","position":1,"name":"Portada","item":"https:\/\/gr-100.com\/en\/"},{"@type":"ListItem","position":2,"name":"Productos","item":"https:\/\/gr-100.com\/?post_type=product"},{"@type":"ListItem","position":3,"name":"DT Swiss ARC 1100 Dicut db 38 Conjunto de rodas"}]},{"@type":"WebSite","@id":"https:\/\/gr-100.com\/#website","url":"https:\/\/gr-100.com\/","name":"Gr-100 Tienda de ciclismo Specialized","description":"GR-100 tenemos todas las gamas de bicicletas Specialized al mejor precio.","publisher":{"@id":"https:\/\/gr-100.com\/#organization"},"alternateName":"Gr-100 Bikes","potentialAction":[{"@type":"SearchAction","target":{"@type":"EntryPoint","urlTemplate":"https:\/\/gr-100.com\/?s={search_term_string}"},"query-input":{"@type":"PropertyValueSpecification","valueRequired":true,"valueName":"search_term_string"}}],"inLanguage":"pt-PT"},{"@type":"Organization","@id":"https:\/\/gr-100.com\/#organization","name":"Gr-100","url":"https:\/\/gr-100.com\/","logo":{"@type":"ImageObject","inLanguage":"pt-PT","@id":"https:\/\/gr-100.com\/#\/schema\/logo\/image\/","url":"https:\/\/gr-100.com\/wp-content\/uploads\/2023\/08\/logo-gr-100-bikes.png","contentUrl":"https:\/\/gr-100.com\/wp-content\/uploads\/2023\/08\/logo-gr-100-bikes.png","width":707,"height":284,"caption":"Gr-100"},"image":{"@id":"https:\/\/gr-100.com\/#\/schema\/logo\/image\/"},"sameAs":["https:\/\/www.facebook.com\/Gr100Bikes","https:\/\/www.instagram.com\/gr100bikes\/","https:\/\/www.tiktok.com\/@gr100bikes","https:\/\/twitter.com\/gr100mtbteam","https:\/\/www.youtube.com\/c\/GR100Specialized"]}]}},"_links":{"self":[{"href":"https:\/\/gr-100.com\/pt-pt\/wp-json\/wp\/v2\/product\/396950","targetHints":{"allow":["GET"]}}],"collection":[{"href":"https:\/\/gr-100.com\/pt-pt\/wp-json\/wp\/v2\/product"}],"about":[{"href":"https:\/\/gr-100.com\/pt-pt\/wp-json\/wp\/v2\/types\/product"}],"replies":[{"embeddable":true,"href":"https:\/\/gr-100.com\/pt-pt\/wp-json\/wp\/v2\/comments?post=396950"}],"wp:featuredmedia":[{"embeddable":true,"href":"https:\/\/gr-100.com\/pt-pt\/wp-json\/wp\/v2\/media\/396904"}],"wp:attachment":[{"href":"https:\/\/gr-100.com\/pt-pt\/wp-json\/wp\/v2\/media?parent=396950"}],"wp:term":[{"taxonomy":"product_brand","embeddable":true,"href":"https:\/\/gr-100.com\/pt-pt\/wp-json\/wp\/v2\/product_brand?post=396950"},{"taxonomy":"product_cat","embeddable":true,"href":"https:\/\/gr-100.com\/pt-pt\/wp-json\/wp\/v2\/product_cat?post=396950"},{"taxonomy":"product_tag","embeddable":true,"href":"https:\/\/gr-100.com\/pt-pt\/wp-json\/wp\/v2\/product_tag?post=396950"}],"curies":[{"name":"wp","href":"https:\/\/api.w.org\/{rel}","templated":true}]}}