{"id":397091,"date":"2024-11-22T12:16:47","date_gmt":"2024-11-22T12:16:47","guid":{"rendered":"https:\/\/gr-100.com\/?post_type=product&#038;p=397091"},"modified":"2025-12-30T11:18:08","modified_gmt":"2025-12-30T09:18:08","slug":"specialized-sirrus-2-0-eq-2023","status":"publish","type":"product","link":"https:\/\/gr-100.com\/pt-pt\/producto\/specialized-sirrus-2-0-eq-2023\/","title":{"rendered":"Specialized Sirrus 2.0 EQ 2023"},"content":{"rendered":"<p>Tienes lugares a los que ir, gente a la que ver y objetivos de fitness que alcanzar. Lo entendemos: la vida se mueve bastante r\u00e1pido, por lo que es bueno que hayamos creado a Sirrus para ayudarlo con todo. Vayas donde vayas, Sirrus te llevar\u00e1 all\u00ed. La Sirrus presenta un cuadro de aleaci\u00f3n y una horquilla de acero, as\u00ed como componentes Shimano confiables que est\u00e1n dise\u00f1ados para soportar a\u00f1os de abuso diario en el pavimento del mundo. Los potentes frenos de disco hidr\u00e1ulicos brindan una potencia de frenado confiable en cualquier condici\u00f3n, y los puntos de contacto de Body Geometry, c\u00f3modos y dise\u00f1ados ergon\u00f3micamente, est\u00e1n ah\u00ed para aliviar los aguijones de los viajes m\u00e1s largos. Entonces, a medida que se esfuerce por alcanzar sus objetivos, se sentir\u00e1 m\u00e1s conectado con su bicicleta y sabr\u00e1 que tiene al compa\u00f1ero perfecto con Sirrus.<\/p>\n<ul>\n<li><strong>Cuadro:<\/strong>Specialized A1 Premium Aluminum, Fitness Geometry, tubos conificados, enrutamiento interno de cables, disco de montaje plano, cierre r\u00e1pido, soportes para portabultos\/guardabarros Plug + Play.<\/li>\n<li><strong>Horquilla:<\/strong>Acero Hi-Ten, disco de montaje plano, soportes de guardabarros Plug + Play, soportes de portaequipajes Low Rider, liberaci\u00f3n r\u00e1pida.<\/li>\n<li><strong>Transmisi\u00f3n:<\/strong>\n<ul>\n<li>Desviador delantero:\u00a0Shimano Tourney FD-TY606, Columpio superior, Doble tracci\u00f3n.<\/li>\n<li>Cambio trasero:\u00a0Shimano Acera, 8-speed.<\/li>\n<li>Palancas de cambio:\u00a0Shimano SL-M315, 8 velocidades.<\/li>\n<li>Platos:\u00a046\/30 dientes con protector de cadena.<\/li>\n<li>Cassette:\u00a0MicroSHIFT H081, 8 velocidades, 11-34t.<\/li>\n<li>Bielas:\u00a0Shimano Tourney, 3 piezas, 46\/30T.<\/li>\n<li>Pedalier:\u00a068 mm, conicidad cuadrada, 122,5 mm de longitud.<\/li>\n<li>Cadena: KMC X8 con Missing Link\u2122.<\/li>\n<\/ul>\n<\/li>\n<li><strong>Frenos:<\/strong>\n<ul>\n<li>Delantero:\u00a0Promax F1, disco hidr\u00e1ulico, montaje plano, 160 mm.<\/li>\n<li>Trasero:\u00a0Promax F1, disco hidr\u00e1ulico, montaje plano, 160 mm.<\/li>\n<\/ul>\n<\/li>\n<li><strong>Ruedas y neum\u00e1ticos:<\/strong>\n<ul>\n<li>Llantas:\u00a0Freno de disco 700C, aleaci\u00f3n de doble pared, 22 mm de profundidad, 21 mm de ancho interno.<\/li>\n<li>Neum\u00e1tico delantero:\u00a0Reflector deportivo Nimbus II, 700x38mm<\/li>\n<li>Neum\u00e1tico trasero:\u00a0Reflector deportivo Nimbus II, 700x38mm.<\/li>\n<li>Buje delantero:\u00a0Shimano Dynamo, disco de 6 pernos, espaciado de 100 mm, cierre r\u00e1pido, 32 h.<\/li>\n<li>Buje trasero:\u00a0Aleaci\u00f3n, disco de 6 pernos, buje libre de 8\/9 velocidades, rodamiento de bolas suelto, cierre r\u00e1pido, 32 radios.<\/li>\n<li>C\u00e1maras:\u00a0V\u00e1lvula Presta de 700&#215;28\/38 mm, 48 mm.<\/li>\n<li>Radios:\u00a0Inoxidable, 14g.<\/li>\n<\/ul>\n<\/li>\n<li><strong>Manillar:<\/strong>\n<ul>\n<li>Potencia:\u00a0Aleaci\u00f3n forjada en 3D, 31,8 mm, elevaci\u00f3n de 7 grados.<\/li>\n<li>Pu\u00f1os: Contorno de geometr\u00eda corporal especializado, bloqueo.<\/li>\n<li>Manillar: Aleaci\u00f3n de doble conificado, retroceso de 9 grados, 31,8 mm.<\/li>\n<\/ul>\n<\/li>\n<li><strong>Otros componentes:<\/strong>\n<ul>\n<li>Sill\u00edn: Bridge Sport, Rieles de acero, 155\/143mm.<\/li>\n<li>Cierre:\u00a0Tipo perno, 31,8 mm.<\/li>\n<li>Tija:\u00a0Aleaci\u00f3n, desplazamiento de 12 mm, abrazadera de 2 pernos, 27,2 mm.<\/li>\n<li>Pedales: Specialized Body Geometry Fitness, plataforma, pl\u00e1stico.<\/li>\n<\/ul>\n<\/li>\n<\/ul>\n<p>&nbsp;<\/p>\n","protected":false},"excerpt":{"rendered":"<ul>\n<li>El cuadro ligero de aleaci\u00f3n A1 con espacio para neum\u00e1ticos de 42c, enrutamiento de cables interno limpio y puntos de montaje para una gama de accesorios brindan la m\u00e1xima flexibilidad.<\/li>\n<li>Cambio Shimano Rapid Fire 2&#215;8 de rango amplio intuitivo y f\u00e1cil de usar.<\/li>\n<li>Potentes frenos de disco hidr\u00e1ulico para mayor seguridad y control.<\/li>\n<li>Portaequipajes Racktime para tus bolsas y alforjas favoritas, y guardabarros DRYTECH integrados para mantener alejadas las salpicaduras.<\/li>\n<li>Iluminaci\u00f3n delantera y trasera extrabrillante alimentada por un buje Shimano Dynamo para ver y ser visto.<\/li>\n<\/ul>\n","protected":false},"featured_media":397124,"comment_status":"open","ping_status":"closed","template":"","meta":{"_acf_changed":false,"_et_pb_use_builder":"","_et_pb_old_content":"","_et_gb_content_width":"","inline_featured_image":false},"product_brand":[],"product_cat":[420,20,2367,429,2385,2409],"product_tag":[],"class_list":{"0":"post-397091","1":"product","2":"type-product","3":"status-publish","4":"has-post-thumbnail","6":"product_cat-bicicletas","7":"product_cat-bicicletas-de-carretera","8":"product_cat-bicicletas-specialized","9":"product_cat-ofertas","10":"product_cat-carretera-oferta","11":"product_cat-ofertas-specialized","12":"product_shipping_class-bicicletas","14":"first","15":"outofstock","16":"taxable","17":"shipping-taxable","18":"product-type-variable","19":"wvs-archive-product-wrapper"},"acf":[],"yoast_head":"<!-- This site is optimized with the Yoast SEO Premium plugin v26.7 (Yoast SEO v26.7) - https:\/\/yoast.com\/wordpress\/plugins\/seo\/ -->\n<title>Specialized Sirrus 2.0 EQ 2023 - Gr-100<\/title>\n<meta name=\"description\" content=\"La Sirrus presenta un cuadro de aleaci\u00f3n y una horquilla de acero, as\u00ed como componentes Shimano confiables que est\u00e1n dise\u00f1ados para soportar el d\u00eda a d\u00eda.\" \/>\n<meta name=\"robots\" content=\"index, follow, max-snippet:-1, max-image-preview:large, max-video-preview:-1\" \/>\n<link rel=\"canonical\" href=\"https:\/\/gr-100.com\/producto\/specialized-sirrus-2-0-eq-2023\/\" \/>\n<meta property=\"og:locale\" content=\"pt_PT\" \/>\n<meta property=\"og:type\" content=\"article\" \/>\n<meta property=\"og:title\" content=\"Specialized Sirrus 2.0 EQ 2023\" \/>\n<meta property=\"og:description\" content=\"La Sirrus presenta un cuadro de aleaci\u00f3n y una horquilla de acero, as\u00ed como componentes Shimano confiables que est\u00e1n dise\u00f1ados para soportar el d\u00eda a d\u00eda.\" \/>\n<meta property=\"og:url\" content=\"https:\/\/gr-100.com\/producto\/specialized-sirrus-2-0-eq-2023\/\" \/>\n<meta property=\"og:site_name\" content=\"Gr-100 Tienda de ciclismo Specialized\" \/>\n<meta property=\"article:publisher\" content=\"https:\/\/www.facebook.com\/Gr100Bikes\" \/>\n<meta property=\"article:modified_time\" content=\"2025-12-30T09:18:08+00:00\" \/>\n<meta property=\"og:image\" content=\"https:\/\/gr-100.com\/wp-content\/uploads\/2024\/11\/Sirrus-2.0-EQ.png\" \/>\n\t<meta property=\"og:image:width\" content=\"1000\" \/>\n\t<meta property=\"og:image:height\" content=\"1000\" \/>\n\t<meta property=\"og:image:type\" content=\"image\/png\" \/>\n<meta name=\"twitter:card\" content=\"summary_large_image\" \/>\n<meta name=\"twitter:label1\" content=\"Tempo estimado de leitura\" \/>\n\t<meta name=\"twitter:data1\" content=\"3 minutos\" \/>\n<script type=\"application\/ld+json\" class=\"yoast-schema-graph\">{\"@context\":\"https:\/\/schema.org\",\"@graph\":[{\"@type\":\"WebPage\",\"@id\":\"https:\/\/gr-100.com\/producto\/specialized-sirrus-2-0-eq-2023\/\",\"url\":\"https:\/\/gr-100.com\/producto\/specialized-sirrus-2-0-eq-2023\/\",\"name\":\"Specialized Sirrus 2.0 EQ 2023 - Gr-100\",\"isPartOf\":{\"@id\":\"https:\/\/gr-100.com\/#website\"},\"primaryImageOfPage\":{\"@id\":\"https:\/\/gr-100.com\/producto\/specialized-sirrus-2-0-eq-2023\/#primaryimage\"},\"image\":{\"@id\":\"https:\/\/gr-100.com\/producto\/specialized-sirrus-2-0-eq-2023\/#primaryimage\"},\"thumbnailUrl\":\"https:\/\/gr-100.com\/wp-content\/uploads\/2024\/11\/Sirrus-2.0-EQ.png\",\"datePublished\":\"2024-11-22T12:16:47+00:00\",\"dateModified\":\"2025-12-30T09:18:08+00:00\",\"description\":\"La Sirrus presenta un cuadro de aleaci\u00f3n y una horquilla de acero, as\u00ed como componentes Shimano confiables que est\u00e1n dise\u00f1ados para soportar el d\u00eda a d\u00eda.\",\"breadcrumb\":{\"@id\":\"https:\/\/gr-100.com\/producto\/specialized-sirrus-2-0-eq-2023\/#breadcrumb\"},\"inLanguage\":\"pt-PT\",\"potentialAction\":[{\"@type\":\"ReadAction\",\"target\":[\"https:\/\/gr-100.com\/producto\/specialized-sirrus-2-0-eq-2023\/\"]}]},{\"@type\":\"ImageObject\",\"inLanguage\":\"pt-PT\",\"@id\":\"https:\/\/gr-100.com\/producto\/specialized-sirrus-2-0-eq-2023\/#primaryimage\",\"url\":\"https:\/\/gr-100.com\/wp-content\/uploads\/2024\/11\/Sirrus-2.0-EQ.png\",\"contentUrl\":\"https:\/\/gr-100.com\/wp-content\/uploads\/2024\/11\/Sirrus-2.0-EQ.png\",\"width\":1000,\"height\":1000},{\"@type\":\"BreadcrumbList\",\"@id\":\"https:\/\/gr-100.com\/producto\/specialized-sirrus-2-0-eq-2023\/#breadcrumb\",\"itemListElement\":[{\"@type\":\"ListItem\",\"position\":1,\"name\":\"Portada\",\"item\":\"https:\/\/gr-100.com\/en\/\"},{\"@type\":\"ListItem\",\"position\":2,\"name\":\"Productos\",\"item\":\"https:\/\/gr-100.com\/?post_type=product\"},{\"@type\":\"ListItem\",\"position\":3,\"name\":\"Specialized Sirrus 2.0 EQ 2023\"}]},{\"@type\":\"WebSite\",\"@id\":\"https:\/\/gr-100.com\/#website\",\"url\":\"https:\/\/gr-100.com\/\",\"name\":\"Gr-100 Tienda de ciclismo Specialized\",\"description\":\"GR-100 tenemos todas las gamas de bicicletas Specialized al mejor precio.\",\"publisher\":{\"@id\":\"https:\/\/gr-100.com\/#organization\"},\"alternateName\":\"Gr-100 Bikes\",\"potentialAction\":[{\"@type\":\"SearchAction\",\"target\":{\"@type\":\"EntryPoint\",\"urlTemplate\":\"https:\/\/gr-100.com\/?s={search_term_string}\"},\"query-input\":{\"@type\":\"PropertyValueSpecification\",\"valueRequired\":true,\"valueName\":\"search_term_string\"}}],\"inLanguage\":\"pt-PT\"},{\"@type\":\"Organization\",\"@id\":\"https:\/\/gr-100.com\/#organization\",\"name\":\"Gr-100\",\"url\":\"https:\/\/gr-100.com\/\",\"logo\":{\"@type\":\"ImageObject\",\"inLanguage\":\"pt-PT\",\"@id\":\"https:\/\/gr-100.com\/#\/schema\/logo\/image\/\",\"url\":\"https:\/\/gr-100.com\/wp-content\/uploads\/2023\/08\/logo-gr-100-bikes.png\",\"contentUrl\":\"https:\/\/gr-100.com\/wp-content\/uploads\/2023\/08\/logo-gr-100-bikes.png\",\"width\":707,\"height\":284,\"caption\":\"Gr-100\"},\"image\":{\"@id\":\"https:\/\/gr-100.com\/#\/schema\/logo\/image\/\"},\"sameAs\":[\"https:\/\/www.facebook.com\/Gr100Bikes\",\"https:\/\/www.instagram.com\/gr100bikes\/\",\"https:\/\/www.tiktok.com\/@gr100bikes\",\"https:\/\/twitter.com\/gr100mtbteam\",\"https:\/\/www.youtube.com\/c\/GR100Specialized\"]}]}<\/script>\n<!-- \/ Yoast SEO Premium plugin. -->","yoast_head_json":{"title":"Specialized Sirrus 2.0 EQ 2023 - Gr-100","description":"La Sirrus presenta un cuadro de aleaci\u00f3n y una horquilla de acero, as\u00ed como componentes Shimano confiables que est\u00e1n dise\u00f1ados para soportar el d\u00eda a d\u00eda.","robots":{"index":"index","follow":"follow","max-snippet":"max-snippet:-1","max-image-preview":"max-image-preview:large","max-video-preview":"max-video-preview:-1"},"canonical":"https:\/\/gr-100.com\/producto\/specialized-sirrus-2-0-eq-2023\/","og_locale":"pt_PT","og_type":"article","og_title":"Specialized Sirrus 2.0 EQ 2023","og_description":"La Sirrus presenta un cuadro de aleaci\u00f3n y una horquilla de acero, as\u00ed como componentes Shimano confiables que est\u00e1n dise\u00f1ados para soportar el d\u00eda a d\u00eda.","og_url":"https:\/\/gr-100.com\/producto\/specialized-sirrus-2-0-eq-2023\/","og_site_name":"Gr-100 Tienda de ciclismo Specialized","article_publisher":"https:\/\/www.facebook.com\/Gr100Bikes","article_modified_time":"2025-12-30T09:18:08+00:00","og_image":[{"width":1000,"height":1000,"url":"https:\/\/gr-100.com\/wp-content\/uploads\/2024\/11\/Sirrus-2.0-EQ.png","type":"image\/png"}],"twitter_card":"summary_large_image","twitter_misc":{"Tempo estimado de leitura":"3 minutos"},"schema":{"@context":"https:\/\/schema.org","@graph":[{"@type":"WebPage","@id":"https:\/\/gr-100.com\/producto\/specialized-sirrus-2-0-eq-2023\/","url":"https:\/\/gr-100.com\/producto\/specialized-sirrus-2-0-eq-2023\/","name":"Specialized Sirrus 2.0 EQ 2023 - Gr-100","isPartOf":{"@id":"https:\/\/gr-100.com\/#website"},"primaryImageOfPage":{"@id":"https:\/\/gr-100.com\/producto\/specialized-sirrus-2-0-eq-2023\/#primaryimage"},"image":{"@id":"https:\/\/gr-100.com\/producto\/specialized-sirrus-2-0-eq-2023\/#primaryimage"},"thumbnailUrl":"https:\/\/gr-100.com\/wp-content\/uploads\/2024\/11\/Sirrus-2.0-EQ.png","datePublished":"2024-11-22T12:16:47+00:00","dateModified":"2025-12-30T09:18:08+00:00","description":"La Sirrus presenta un cuadro de aleaci\u00f3n y una horquilla de acero, as\u00ed como componentes Shimano confiables que est\u00e1n dise\u00f1ados para soportar el d\u00eda a d\u00eda.","breadcrumb":{"@id":"https:\/\/gr-100.com\/producto\/specialized-sirrus-2-0-eq-2023\/#breadcrumb"},"inLanguage":"pt-PT","potentialAction":[{"@type":"ReadAction","target":["https:\/\/gr-100.com\/producto\/specialized-sirrus-2-0-eq-2023\/"]}]},{"@type":"ImageObject","inLanguage":"pt-PT","@id":"https:\/\/gr-100.com\/producto\/specialized-sirrus-2-0-eq-2023\/#primaryimage","url":"https:\/\/gr-100.com\/wp-content\/uploads\/2024\/11\/Sirrus-2.0-EQ.png","contentUrl":"https:\/\/gr-100.com\/wp-content\/uploads\/2024\/11\/Sirrus-2.0-EQ.png","width":1000,"height":1000},{"@type":"BreadcrumbList","@id":"https:\/\/gr-100.com\/producto\/specialized-sirrus-2-0-eq-2023\/#breadcrumb","itemListElement":[{"@type":"ListItem","position":1,"name":"Portada","item":"https:\/\/gr-100.com\/en\/"},{"@type":"ListItem","position":2,"name":"Productos","item":"https:\/\/gr-100.com\/?post_type=product"},{"@type":"ListItem","position":3,"name":"Specialized Sirrus 2.0 EQ 2023"}]},{"@type":"WebSite","@id":"https:\/\/gr-100.com\/#website","url":"https:\/\/gr-100.com\/","name":"Gr-100 Tienda de ciclismo Specialized","description":"GR-100 tenemos todas las gamas de bicicletas Specialized al mejor precio.","publisher":{"@id":"https:\/\/gr-100.com\/#organization"},"alternateName":"Gr-100 Bikes","potentialAction":[{"@type":"SearchAction","target":{"@type":"EntryPoint","urlTemplate":"https:\/\/gr-100.com\/?s={search_term_string}"},"query-input":{"@type":"PropertyValueSpecification","valueRequired":true,"valueName":"search_term_string"}}],"inLanguage":"pt-PT"},{"@type":"Organization","@id":"https:\/\/gr-100.com\/#organization","name":"Gr-100","url":"https:\/\/gr-100.com\/","logo":{"@type":"ImageObject","inLanguage":"pt-PT","@id":"https:\/\/gr-100.com\/#\/schema\/logo\/image\/","url":"https:\/\/gr-100.com\/wp-content\/uploads\/2023\/08\/logo-gr-100-bikes.png","contentUrl":"https:\/\/gr-100.com\/wp-content\/uploads\/2023\/08\/logo-gr-100-bikes.png","width":707,"height":284,"caption":"Gr-100"},"image":{"@id":"https:\/\/gr-100.com\/#\/schema\/logo\/image\/"},"sameAs":["https:\/\/www.facebook.com\/Gr100Bikes","https:\/\/www.instagram.com\/gr100bikes\/","https:\/\/www.tiktok.com\/@gr100bikes","https:\/\/twitter.com\/gr100mtbteam","https:\/\/www.youtube.com\/c\/GR100Specialized"]}]}},"_links":{"self":[{"href":"https:\/\/gr-100.com\/pt-pt\/wp-json\/wp\/v2\/product\/397091","targetHints":{"allow":["GET"]}}],"collection":[{"href":"https:\/\/gr-100.com\/pt-pt\/wp-json\/wp\/v2\/product"}],"about":[{"href":"https:\/\/gr-100.com\/pt-pt\/wp-json\/wp\/v2\/types\/product"}],"replies":[{"embeddable":true,"href":"https:\/\/gr-100.com\/pt-pt\/wp-json\/wp\/v2\/comments?post=397091"}],"wp:featuredmedia":[{"embeddable":true,"href":"https:\/\/gr-100.com\/pt-pt\/wp-json\/wp\/v2\/media\/397124"}],"wp:attachment":[{"href":"https:\/\/gr-100.com\/pt-pt\/wp-json\/wp\/v2\/media?parent=397091"}],"wp:term":[{"taxonomy":"product_brand","embeddable":true,"href":"https:\/\/gr-100.com\/pt-pt\/wp-json\/wp\/v2\/product_brand?post=397091"},{"taxonomy":"product_cat","embeddable":true,"href":"https:\/\/gr-100.com\/pt-pt\/wp-json\/wp\/v2\/product_cat?post=397091"},{"taxonomy":"product_tag","embeddable":true,"href":"https:\/\/gr-100.com\/pt-pt\/wp-json\/wp\/v2\/product_tag?post=397091"}],"curies":[{"name":"wp","href":"https:\/\/api.w.org\/{rel}","templated":true}]}}