{"id":398131,"date":"2024-12-03T11:54:38","date_gmt":"2024-12-03T11:54:38","guid":{"rendered":"https:\/\/gr-100.com\/?post_type=product&#038;p=398131"},"modified":"2026-03-11T12:50:17","modified_gmt":"2026-03-11T11:50:17","slug":"specialized-terra-c-2024","status":"publish","type":"product","link":"https:\/\/gr-100.com\/pt-pt\/producto\/specialized-terra-c-2024\/","title":{"rendered":"Specialized Terra C 2024"},"content":{"rendered":"<ul>\n<li>Llanra: Terra C RTM Carbon Clincher, 700c, Freno de Disco, Compatible Tubeless<\/li>\n<li>Detalles de la llanta: 32mm de Profundidad, 30mm Ancho Externo, 25mm Ancho Interno; ERD 577mm<\/li>\n<li>Buje: DT Swiss 370 J-bend Center Lock, trinquete Ratchet LN 18t (20 grados), 100x12mm y 142x12mm, Shim. Rd. N\u00facleo de 11 velocidades (n\u00facleo convertible)<\/li>\n<li>Tipo de rodamientos: DT Swiss rodamientos de cartucho de acero sellados<\/li>\n<li>Radios: DT Swiss Competition Race J-bend, Delantero: Radial \/ Dos-cruces 24 radios, Derecho: 268 mm, Izquierdo: 279 mm; Trasero: 24 recuentos de dos cruces, DS: 277 mm NDS: 278 mm<\/li>\n<li>Cabecillas DT Swiss Hex Prolock Al 2.0x14mm<\/li>\n<li>Tama\u00f1o Neum\u00e1tico: 28mm &#8211; 47mm; Presi\u00f3n max.: 28c-32c: 80psi, 33c \u2013 36c: 65psi, 37c- 47c: 60psi<\/li>\n<li>Peso: Juego de ruedas 1,610g, Delantera 719g, Trasera 891 (incluyendo fondos de llanta tubeless y v\u00e1lvulas tubeless)<\/li>\n<li>M\u00e9todo de montaje: laminado de carbono &#8211; automatizado, construcci\u00f3n de ruedas &#8211; montadas a mano.<\/li>\n<li>Extras: Fondo de llanta Tubeless Roval y v\u00e1lvula Tubeless, juego de radios y v\u00e1vulas de repuesto, l\u00edmite de peso del sistema: 125 kg<\/li>\n<\/ul>\n","protected":false},"excerpt":{"rendered":"<p>Con la idea de combinar el rendimiento de nuestra mejor rueda con la m\u00e1xima fiabilidad damos un paso m\u00e1s all\u00e1, presentamos la Terra C. Comparte la misma arquitectura de bujes y radios que la Terra CL, lo que garantiza la facilidad de servicio y el reemplazo de los radios en caso de que surja la necesidad, y unas llantas completamente nuevas. Las llantas de la Terra C comparten las mismas dimensiones y una amplia gama de posibilidades de montaje de neum\u00e1ticos que las Terra CLX y CL (33 mm de profundidad con un ancho interno de 25 mm), pero se fabrican mediante un proceso mediante el m\u00e9todo de modelado por transferencia de resina (Resin Transfer Molding). Se trata de un proceso automatizado que nos permite controlar con mucha precisi\u00f3n c\u00f3mo se introduce la resina en el laminado, lo que a su vez garantiza la m\u00e1xima resistencia y rendimiento del material. El resultado final es un juego de ruedas incre\u00edblemente resistente para todo tipo de terrenos.<\/p>\n","protected":false},"featured_media":398132,"comment_status":"open","ping_status":"closed","template":"","meta":{"_acf_changed":false,"_et_pb_use_builder":"","_et_pb_old_content":"","_et_gb_content_width":"","inline_featured_image":false},"product_brand":[],"product_cat":[4330,3885,25,55],"product_tag":[],"class_list":{"0":"post-398131","1":"product","2":"type-product","3":"status-publish","4":"has-post-thumbnail","6":"product_cat-black-friday-2","7":"product_cat-descuentos","8":"product_cat-componentes","9":"product_cat-ruedas","11":"first","12":"instock","13":"sale","14":"taxable","15":"shipping-taxable","16":"purchasable","17":"product-type-simple"},"acf":[],"yoast_head":"<!-- This site is optimized with the Yoast SEO Premium plugin v26.7 (Yoast SEO v26.7) - https:\/\/yoast.com\/wordpress\/plugins\/seo\/ -->\n<title>Specialized Terra C 2024 GR-100<\/title>\n<meta name=\"description\" content=\"Las llantas de la Terra C comparten las mismas dimensiones y una amplia gama de posibilidades de montaje de neum\u00e1ticos que las Terra CLX y CL (33 mm de profundidad con un ancho interno de 25 mm), pero se fabrican mediante un proceso mediante el m\u00e9todo de modelado por transferencia de resina (Resin Transfer Molding).\" \/>\n<meta name=\"robots\" content=\"index, follow, max-snippet:-1, max-image-preview:large, max-video-preview:-1\" \/>\n<link rel=\"canonical\" href=\"https:\/\/gr-100.com\/producto\/specialized-terra-c-2024\/\" \/>\n<meta property=\"og:locale\" content=\"pt_PT\" \/>\n<meta property=\"og:type\" content=\"article\" \/>\n<meta property=\"og:title\" content=\"Specialized Terra C 2024\" \/>\n<meta property=\"og:description\" content=\"Las llantas de la Terra C comparten las mismas dimensiones y una amplia gama de posibilidades de montaje de neum\u00e1ticos que las Terra CLX y CL (33 mm de profundidad con un ancho interno de 25 mm), pero se fabrican mediante un proceso mediante el m\u00e9todo de modelado por transferencia de resina (Resin Transfer Molding).\" \/>\n<meta property=\"og:url\" content=\"https:\/\/gr-100.com\/producto\/specialized-terra-c-2024\/\" \/>\n<meta property=\"og:site_name\" content=\"Gr-100 Tienda de ciclismo Specialized\" \/>\n<meta property=\"article:publisher\" content=\"https:\/\/www.facebook.com\/Gr100Bikes\" \/>\n<meta property=\"article:modified_time\" content=\"2026-03-11T11:50:17+00:00\" \/>\n<meta property=\"og:image\" content=\"https:\/\/gr-100.com\/wp-content\/uploads\/2024\/12\/Diseno-sin-titulo-35.jpg\" \/>\n\t<meta property=\"og:image:width\" content=\"1000\" \/>\n\t<meta property=\"og:image:height\" content=\"1000\" \/>\n\t<meta property=\"og:image:type\" content=\"image\/jpeg\" \/>\n<meta name=\"twitter:card\" content=\"summary_large_image\" \/>\n<meta name=\"twitter:label1\" content=\"Tempo estimado de leitura\" \/>\n\t<meta name=\"twitter:data1\" content=\"1 minuto\" \/>\n<script type=\"application\/ld+json\" class=\"yoast-schema-graph\">{\"@context\":\"https:\/\/schema.org\",\"@graph\":[{\"@type\":\"WebPage\",\"@id\":\"https:\/\/gr-100.com\/producto\/specialized-terra-c-2024\/\",\"url\":\"https:\/\/gr-100.com\/producto\/specialized-terra-c-2024\/\",\"name\":\"Specialized Terra C 2024 GR-100\",\"isPartOf\":{\"@id\":\"https:\/\/gr-100.com\/#website\"},\"primaryImageOfPage\":{\"@id\":\"https:\/\/gr-100.com\/producto\/specialized-terra-c-2024\/#primaryimage\"},\"image\":{\"@id\":\"https:\/\/gr-100.com\/producto\/specialized-terra-c-2024\/#primaryimage\"},\"thumbnailUrl\":\"https:\/\/gr-100.com\/wp-content\/uploads\/2024\/12\/Diseno-sin-titulo-35.jpg\",\"datePublished\":\"2024-12-03T11:54:38+00:00\",\"dateModified\":\"2026-03-11T11:50:17+00:00\",\"description\":\"Las llantas de la Terra C comparten las mismas dimensiones y una amplia gama de posibilidades de montaje de neum\u00e1ticos que las Terra CLX y CL (33 mm de profundidad con un ancho interno de 25 mm), pero se fabrican mediante un proceso mediante el m\u00e9todo de modelado por transferencia de resina (Resin Transfer Molding).\",\"breadcrumb\":{\"@id\":\"https:\/\/gr-100.com\/producto\/specialized-terra-c-2024\/#breadcrumb\"},\"inLanguage\":\"pt-PT\",\"potentialAction\":[{\"@type\":\"ReadAction\",\"target\":[\"https:\/\/gr-100.com\/producto\/specialized-terra-c-2024\/\"]}]},{\"@type\":\"ImageObject\",\"inLanguage\":\"pt-PT\",\"@id\":\"https:\/\/gr-100.com\/producto\/specialized-terra-c-2024\/#primaryimage\",\"url\":\"https:\/\/gr-100.com\/wp-content\/uploads\/2024\/12\/Diseno-sin-titulo-35.jpg\",\"contentUrl\":\"https:\/\/gr-100.com\/wp-content\/uploads\/2024\/12\/Diseno-sin-titulo-35.jpg\",\"width\":1000,\"height\":1000},{\"@type\":\"BreadcrumbList\",\"@id\":\"https:\/\/gr-100.com\/producto\/specialized-terra-c-2024\/#breadcrumb\",\"itemListElement\":[{\"@type\":\"ListItem\",\"position\":1,\"name\":\"Portada\",\"item\":\"https:\/\/gr-100.com\/en\/\"},{\"@type\":\"ListItem\",\"position\":2,\"name\":\"Productos\",\"item\":\"https:\/\/gr-100.com\/?post_type=product\"},{\"@type\":\"ListItem\",\"position\":3,\"name\":\"Specialized Terra C 2024\"}]},{\"@type\":\"WebSite\",\"@id\":\"https:\/\/gr-100.com\/#website\",\"url\":\"https:\/\/gr-100.com\/\",\"name\":\"Gr-100 Tienda de ciclismo Specialized\",\"description\":\"GR-100 tenemos todas las gamas de bicicletas Specialized al mejor precio.\",\"publisher\":{\"@id\":\"https:\/\/gr-100.com\/#organization\"},\"alternateName\":\"Gr-100 Bikes\",\"potentialAction\":[{\"@type\":\"SearchAction\",\"target\":{\"@type\":\"EntryPoint\",\"urlTemplate\":\"https:\/\/gr-100.com\/?s={search_term_string}\"},\"query-input\":{\"@type\":\"PropertyValueSpecification\",\"valueRequired\":true,\"valueName\":\"search_term_string\"}}],\"inLanguage\":\"pt-PT\"},{\"@type\":\"Organization\",\"@id\":\"https:\/\/gr-100.com\/#organization\",\"name\":\"Gr-100\",\"url\":\"https:\/\/gr-100.com\/\",\"logo\":{\"@type\":\"ImageObject\",\"inLanguage\":\"pt-PT\",\"@id\":\"https:\/\/gr-100.com\/#\/schema\/logo\/image\/\",\"url\":\"https:\/\/gr-100.com\/wp-content\/uploads\/2023\/08\/logo-gr-100-bikes.png\",\"contentUrl\":\"https:\/\/gr-100.com\/wp-content\/uploads\/2023\/08\/logo-gr-100-bikes.png\",\"width\":707,\"height\":284,\"caption\":\"Gr-100\"},\"image\":{\"@id\":\"https:\/\/gr-100.com\/#\/schema\/logo\/image\/\"},\"sameAs\":[\"https:\/\/www.facebook.com\/Gr100Bikes\",\"https:\/\/www.instagram.com\/gr100bikes\/\",\"https:\/\/www.tiktok.com\/@gr100bikes\",\"https:\/\/twitter.com\/gr100mtbteam\",\"https:\/\/www.youtube.com\/c\/GR100Specialized\"]}]}<\/script>\n<!-- \/ Yoast SEO Premium plugin. -->","yoast_head_json":{"title":"Specialized Terra C 2024 GR-100","description":"Las llantas de la Terra C comparten las mismas dimensiones y una amplia gama de posibilidades de montaje de neum\u00e1ticos que las Terra CLX y CL (33 mm de profundidad con un ancho interno de 25 mm), pero se fabrican mediante un proceso mediante el m\u00e9todo de modelado por transferencia de resina (Resin Transfer Molding).","robots":{"index":"index","follow":"follow","max-snippet":"max-snippet:-1","max-image-preview":"max-image-preview:large","max-video-preview":"max-video-preview:-1"},"canonical":"https:\/\/gr-100.com\/producto\/specialized-terra-c-2024\/","og_locale":"pt_PT","og_type":"article","og_title":"Specialized Terra C 2024","og_description":"Las llantas de la Terra C comparten las mismas dimensiones y una amplia gama de posibilidades de montaje de neum\u00e1ticos que las Terra CLX y CL (33 mm de profundidad con un ancho interno de 25 mm), pero se fabrican mediante un proceso mediante el m\u00e9todo de modelado por transferencia de resina (Resin Transfer Molding).","og_url":"https:\/\/gr-100.com\/producto\/specialized-terra-c-2024\/","og_site_name":"Gr-100 Tienda de ciclismo Specialized","article_publisher":"https:\/\/www.facebook.com\/Gr100Bikes","article_modified_time":"2026-03-11T11:50:17+00:00","og_image":[{"width":1000,"height":1000,"url":"https:\/\/gr-100.com\/wp-content\/uploads\/2024\/12\/Diseno-sin-titulo-35.jpg","type":"image\/jpeg"}],"twitter_card":"summary_large_image","twitter_misc":{"Tempo estimado de leitura":"1 minuto"},"schema":{"@context":"https:\/\/schema.org","@graph":[{"@type":"WebPage","@id":"https:\/\/gr-100.com\/producto\/specialized-terra-c-2024\/","url":"https:\/\/gr-100.com\/producto\/specialized-terra-c-2024\/","name":"Specialized Terra C 2024 GR-100","isPartOf":{"@id":"https:\/\/gr-100.com\/#website"},"primaryImageOfPage":{"@id":"https:\/\/gr-100.com\/producto\/specialized-terra-c-2024\/#primaryimage"},"image":{"@id":"https:\/\/gr-100.com\/producto\/specialized-terra-c-2024\/#primaryimage"},"thumbnailUrl":"https:\/\/gr-100.com\/wp-content\/uploads\/2024\/12\/Diseno-sin-titulo-35.jpg","datePublished":"2024-12-03T11:54:38+00:00","dateModified":"2026-03-11T11:50:17+00:00","description":"Las llantas de la Terra C comparten las mismas dimensiones y una amplia gama de posibilidades de montaje de neum\u00e1ticos que las Terra CLX y CL (33 mm de profundidad con un ancho interno de 25 mm), pero se fabrican mediante un proceso mediante el m\u00e9todo de modelado por transferencia de resina (Resin Transfer Molding).","breadcrumb":{"@id":"https:\/\/gr-100.com\/producto\/specialized-terra-c-2024\/#breadcrumb"},"inLanguage":"pt-PT","potentialAction":[{"@type":"ReadAction","target":["https:\/\/gr-100.com\/producto\/specialized-terra-c-2024\/"]}]},{"@type":"ImageObject","inLanguage":"pt-PT","@id":"https:\/\/gr-100.com\/producto\/specialized-terra-c-2024\/#primaryimage","url":"https:\/\/gr-100.com\/wp-content\/uploads\/2024\/12\/Diseno-sin-titulo-35.jpg","contentUrl":"https:\/\/gr-100.com\/wp-content\/uploads\/2024\/12\/Diseno-sin-titulo-35.jpg","width":1000,"height":1000},{"@type":"BreadcrumbList","@id":"https:\/\/gr-100.com\/producto\/specialized-terra-c-2024\/#breadcrumb","itemListElement":[{"@type":"ListItem","position":1,"name":"Portada","item":"https:\/\/gr-100.com\/en\/"},{"@type":"ListItem","position":2,"name":"Productos","item":"https:\/\/gr-100.com\/?post_type=product"},{"@type":"ListItem","position":3,"name":"Specialized Terra C 2024"}]},{"@type":"WebSite","@id":"https:\/\/gr-100.com\/#website","url":"https:\/\/gr-100.com\/","name":"Gr-100 Tienda de ciclismo Specialized","description":"GR-100 tenemos todas las gamas de bicicletas Specialized al mejor precio.","publisher":{"@id":"https:\/\/gr-100.com\/#organization"},"alternateName":"Gr-100 Bikes","potentialAction":[{"@type":"SearchAction","target":{"@type":"EntryPoint","urlTemplate":"https:\/\/gr-100.com\/?s={search_term_string}"},"query-input":{"@type":"PropertyValueSpecification","valueRequired":true,"valueName":"search_term_string"}}],"inLanguage":"pt-PT"},{"@type":"Organization","@id":"https:\/\/gr-100.com\/#organization","name":"Gr-100","url":"https:\/\/gr-100.com\/","logo":{"@type":"ImageObject","inLanguage":"pt-PT","@id":"https:\/\/gr-100.com\/#\/schema\/logo\/image\/","url":"https:\/\/gr-100.com\/wp-content\/uploads\/2023\/08\/logo-gr-100-bikes.png","contentUrl":"https:\/\/gr-100.com\/wp-content\/uploads\/2023\/08\/logo-gr-100-bikes.png","width":707,"height":284,"caption":"Gr-100"},"image":{"@id":"https:\/\/gr-100.com\/#\/schema\/logo\/image\/"},"sameAs":["https:\/\/www.facebook.com\/Gr100Bikes","https:\/\/www.instagram.com\/gr100bikes\/","https:\/\/www.tiktok.com\/@gr100bikes","https:\/\/twitter.com\/gr100mtbteam","https:\/\/www.youtube.com\/c\/GR100Specialized"]}]}},"_links":{"self":[{"href":"https:\/\/gr-100.com\/pt-pt\/wp-json\/wp\/v2\/product\/398131","targetHints":{"allow":["GET"]}}],"collection":[{"href":"https:\/\/gr-100.com\/pt-pt\/wp-json\/wp\/v2\/product"}],"about":[{"href":"https:\/\/gr-100.com\/pt-pt\/wp-json\/wp\/v2\/types\/product"}],"replies":[{"embeddable":true,"href":"https:\/\/gr-100.com\/pt-pt\/wp-json\/wp\/v2\/comments?post=398131"}],"wp:featuredmedia":[{"embeddable":true,"href":"https:\/\/gr-100.com\/pt-pt\/wp-json\/wp\/v2\/media\/398132"}],"wp:attachment":[{"href":"https:\/\/gr-100.com\/pt-pt\/wp-json\/wp\/v2\/media?parent=398131"}],"wp:term":[{"taxonomy":"product_brand","embeddable":true,"href":"https:\/\/gr-100.com\/pt-pt\/wp-json\/wp\/v2\/product_brand?post=398131"},{"taxonomy":"product_cat","embeddable":true,"href":"https:\/\/gr-100.com\/pt-pt\/wp-json\/wp\/v2\/product_cat?post=398131"},{"taxonomy":"product_tag","embeddable":true,"href":"https:\/\/gr-100.com\/pt-pt\/wp-json\/wp\/v2\/product_tag?post=398131"}],"curies":[{"name":"wp","href":"https:\/\/api.w.org\/{rel}","templated":true}]}}