{"id":399136,"date":"2024-12-19T12:20:43","date_gmt":"2024-12-19T12:20:43","guid":{"rendered":"https:\/\/gr-100.com\/?post_type=product&#038;p=399136"},"modified":"2025-12-31T20:50:19","modified_gmt":"2025-12-31T18:50:19","slug":"specialized-levo-sl-expert-carbon-2025","status":"publish","type":"product","link":"https:\/\/gr-100.com\/pt-pt\/producto\/specialized-levo-sl-expert-carbon-2025\/","title":{"rendered":"Specialized Levo SL 2 Expert Carbon 2025"},"content":{"rendered":"<ul>\n<li>CUADRO Levo SL carbon Frame, Fact 11m carbon, alloy shock extension, 150mm travel, adjustable head angle, BB height, and compatible with 27.5 or 29&#8243; wheels.<\/li>\n<li>HORQUILLA Fox 36 Performance Elite series, 29&#8243;, Grip X2 damper, S1: 150mm, S2-S6: 160mm<\/li>\n<li>AMORTIGUADOR FOX FLOAT X Performance Elite with Specialized GENIE Shock Tech, Ride Dynamics Trail Tune, 2-position lever w\/3 setting Open mode tuning range, LSR adjustment, S2-S6:210x55mm, S1: FOX FLOAT Performance Elite 210&#215;52.5mm<\/li>\n<li>MANILLAR Specialized, 6000 series alloy, 6-degree upsweep, 8-degree backsweep. S1-S2: 780 width, 20mm rise: S3-S4: 800 width, 30mm rise: S5-S6: 800 width, 40mm rise<\/li>\n<li>POTENCIA Alloy Trail Stem, 35mm bar bore<\/li>\n<li>PU\u00d1OS Specialized Trail Grips<\/li>\n<li>TIJA DE SILL\u00cdN PNW Loam post w\/travel adjust S1: 125mm, S2: 150mm, S3: 170mm, S4\/S5\/S6: 200mm<\/li>\n<li>SILL\u00cdN Bridge Comp, Hollow Cr-mo rails, 155\/143mm<\/li>\n<li>ABRAZ. SILL\u00cdN Alloy, 38.6mm<\/li>\n<li>FRENO DELANTERO SRAM Maven Bronze, 4-piston caliper, hydraulic disc, 200mm HS2 rotor<\/li>\n<li>FRENO TRASERO SRAM Maven Bronze, 4-piston caliper, hydraulic disc, 200mm HS2 rotor<\/li>\n<li>MANETA DE CAMBIO SRAM AXS POD Controller<\/li>\n<li>DESVIADOR TRASERO SRAM GX Eagle Transmission Derailleur<\/li>\n<li>CASSETTE SRAM GX Eagle Transmission Cassette, 12spd, 10-52t<\/li>\n<li>BIELAS SRAM GX Eagle Crankset, 32T ring, Integrated Guard, 55mm Chainline, 165mmm<\/li>\n<li>PLATOS SRAM T-type ring, 32t<\/li>\n<li>CADENA SRAM GX Eagle Transmission Flattop Chain<\/li>\n<li>RUEDA DELANTERA Roval Traverse Alloy 29&#8243;<\/li>\n<li>RUEDA TRASERA Roval Traverse Alloy 27.5&#8243;, XD freehub body<\/li>\n<li>NEUM\u00c1TICO DELANTERO Butcher, GRID TRAIL casing, GRIPTON\u00ae T9 compound, 2Bliss Ready, 29&#215;2.3&#8243;<\/li>\n<li>NEUM\u00c1TICO TRASERO Eliminator, GRID GRAVITY casing, GRIPTON\u00ae T9\/T7 compound, 2Bliss Ready, 27.5&#215;2.3&#8243;<\/li>\n<li>C\u00c1MARAS Standard, Presta Valve<\/li>\n<li>MOTOR Specialized 1.2 SL Custom Rx Trail Tuned Motor<\/li>\n<li>UI\/REMOTE Specialized MasterMind TCU, percentage of remaining charge, 120 possible display configurations, MicroTune assist adjustment, ANT+\/Bluetooth\u00ae, w\/Handlebar remote<\/li>\n<li>BATER\u00cdA Specialized SL1-320, fully integrated, 320Wh<\/li>\n<li>CARGADOR Custom charger, 48V System w\/ SL system charger plug<\/li>\n<li>CABLEADO Custom Specialized wiring harness<\/li>\n<li>SWAT SWAT CC steerer tube integrated tool with chain tool and link<\/li>\n<li>PESO 18.98kg talla S4\u2022 Traverse Alloy Wheels &#8211;<\/li>\n<li>The strongest, best riding alloy wheelset on the mountain<\/li>\n<li>\u2022 Horquilla FOX 36 Performance Elite: con amortiguadores X2 de funcionamiento suave, ajustables y dise\u00f1ados para el descenso<br \/>\n\u2022 Frenos SRAM Maven Bronze: frenos de alta potencia con rotor HS2 y una excelente disipaci\u00f3n del calor<br \/>\n\u2022 Transmisi\u00f3n SRAM GX Eagle: cambio inal\u00e1mbrico de alto rendimiento con un amplio rango de marchas<br \/>\n\u2022 Tija telesc\u00f3pica PNW Loam: ligera y con posibilidad de ajustarla sin herramientas<\/li>\n<\/ul>\n","protected":false},"excerpt":{"rendered":"<p>Cuando todo funciona a la perfecci\u00f3n, la bicicleta desaparece mientras pedaleas. Para que la Levo SL fuera m\u00e1s \u00e1gil y reactiva, hemos reducido su peso al m\u00e1ximo. Es lo suficientemente resistente para aguantar un uso intensivo, pero lo bastante ligera para moverse con facilidad en secciones t\u00e9cnicas. Su geometr\u00eda, cinem\u00e1tica y el ajuste de la suspensi\u00f3n no dejan nada que desear.<\/p>\n","protected":false},"featured_media":399137,"comment_status":"open","ping_status":"closed","template":"","meta":{"_acf_changed":false,"_et_pb_use_builder":"","_et_pb_old_content":"","_et_gb_content_width":"","inline_featured_image":false},"product_brand":[],"product_cat":[4330,420,23,2367],"product_tag":[],"class_list":{"0":"post-399136","1":"product","2":"type-product","3":"status-publish","4":"has-post-thumbnail","6":"product_cat-black-friday-2","7":"product_cat-bicicletas","8":"product_cat-bicicletas-electricas","9":"product_cat-bicicletas-specialized","11":"first","12":"outofstock","13":"taxable","14":"shipping-taxable","15":"product-type-variable","16":"wvs-archive-product-wrapper"},"acf":[],"yoast_head":"<!-- This site is optimized with the Yoast SEO Premium plugin v26.7 (Yoast SEO v26.7) - https:\/\/yoast.com\/wordpress\/plugins\/seo\/ -->\n<title>Specialized Levo SL 2 Expert Carbon 2025 GR-100<\/title>\n<meta name=\"description\" content=\"Cuando todo funciona a la perfecci\u00f3n, la bicicleta desaparece mientras pedaleas. Para que la Levo SL fuera m\u00e1s \u00e1gil y reactiva, hemos reducido su peso al m\u00e1ximo. Es lo suficientemente resistente para aguantar un uso intensivo, pero lo bastante ligera para moverse con facilidad en secciones t\u00e9cnicas. Su geometr\u00eda, cinem\u00e1tica y el ajuste de la suspensi\u00f3n no dejan nada que desear.\" \/>\n<meta name=\"robots\" content=\"index, follow, max-snippet:-1, max-image-preview:large, max-video-preview:-1\" \/>\n<link rel=\"canonical\" href=\"https:\/\/gr-100.com\/producto\/specialized-levo-sl-expert-carbon-2025\/\" \/>\n<meta property=\"og:locale\" content=\"pt_PT\" \/>\n<meta property=\"og:type\" content=\"article\" \/>\n<meta property=\"og:title\" content=\"Specialized Levo SL 2 Expert Carbon 2025\" \/>\n<meta property=\"og:description\" content=\"Cuando todo funciona a la perfecci\u00f3n, la bicicleta desaparece mientras pedaleas. Para que la Levo SL fuera m\u00e1s \u00e1gil y reactiva, hemos reducido su peso al m\u00e1ximo. Es lo suficientemente resistente para aguantar un uso intensivo, pero lo bastante ligera para moverse con facilidad en secciones t\u00e9cnicas. Su geometr\u00eda, cinem\u00e1tica y el ajuste de la suspensi\u00f3n no dejan nada que desear.\" \/>\n<meta property=\"og:url\" content=\"https:\/\/gr-100.com\/producto\/specialized-levo-sl-expert-carbon-2025\/\" \/>\n<meta property=\"og:site_name\" content=\"Gr-100 Tienda de ciclismo Specialized\" \/>\n<meta property=\"article:publisher\" content=\"https:\/\/www.facebook.com\/Gr100Bikes\" \/>\n<meta property=\"article:modified_time\" content=\"2025-12-31T18:50:19+00:00\" \/>\n<meta property=\"og:image\" content=\"https:\/\/gr-100.com\/wp-content\/uploads\/2024\/12\/Diseno-sin-titulo-93.jpg\" \/>\n\t<meta property=\"og:image:width\" content=\"1000\" \/>\n\t<meta property=\"og:image:height\" content=\"1000\" \/>\n\t<meta property=\"og:image:type\" content=\"image\/jpeg\" \/>\n<meta name=\"twitter:card\" content=\"summary_large_image\" \/>\n<meta name=\"twitter:label1\" content=\"Tempo estimado de leitura\" \/>\n\t<meta name=\"twitter:data1\" content=\"2 minutos\" \/>\n<script type=\"application\/ld+json\" class=\"yoast-schema-graph\">{\"@context\":\"https:\/\/schema.org\",\"@graph\":[{\"@type\":\"WebPage\",\"@id\":\"https:\/\/gr-100.com\/producto\/specialized-levo-sl-expert-carbon-2025\/\",\"url\":\"https:\/\/gr-100.com\/producto\/specialized-levo-sl-expert-carbon-2025\/\",\"name\":\"Specialized Levo SL 2 Expert Carbon 2025 GR-100\",\"isPartOf\":{\"@id\":\"https:\/\/gr-100.com\/#website\"},\"primaryImageOfPage\":{\"@id\":\"https:\/\/gr-100.com\/producto\/specialized-levo-sl-expert-carbon-2025\/#primaryimage\"},\"image\":{\"@id\":\"https:\/\/gr-100.com\/producto\/specialized-levo-sl-expert-carbon-2025\/#primaryimage\"},\"thumbnailUrl\":\"https:\/\/gr-100.com\/wp-content\/uploads\/2024\/12\/Diseno-sin-titulo-93.jpg\",\"datePublished\":\"2024-12-19T12:20:43+00:00\",\"dateModified\":\"2025-12-31T18:50:19+00:00\",\"description\":\"Cuando todo funciona a la perfecci\u00f3n, la bicicleta desaparece mientras pedaleas. Para que la Levo SL fuera m\u00e1s \u00e1gil y reactiva, hemos reducido su peso al m\u00e1ximo. Es lo suficientemente resistente para aguantar un uso intensivo, pero lo bastante ligera para moverse con facilidad en secciones t\u00e9cnicas. Su geometr\u00eda, cinem\u00e1tica y el ajuste de la suspensi\u00f3n no dejan nada que desear.\",\"breadcrumb\":{\"@id\":\"https:\/\/gr-100.com\/producto\/specialized-levo-sl-expert-carbon-2025\/#breadcrumb\"},\"inLanguage\":\"pt-PT\",\"potentialAction\":[{\"@type\":\"ReadAction\",\"target\":[\"https:\/\/gr-100.com\/producto\/specialized-levo-sl-expert-carbon-2025\/\"]}]},{\"@type\":\"ImageObject\",\"inLanguage\":\"pt-PT\",\"@id\":\"https:\/\/gr-100.com\/producto\/specialized-levo-sl-expert-carbon-2025\/#primaryimage\",\"url\":\"https:\/\/gr-100.com\/wp-content\/uploads\/2024\/12\/Diseno-sin-titulo-93.jpg\",\"contentUrl\":\"https:\/\/gr-100.com\/wp-content\/uploads\/2024\/12\/Diseno-sin-titulo-93.jpg\",\"width\":1000,\"height\":1000},{\"@type\":\"BreadcrumbList\",\"@id\":\"https:\/\/gr-100.com\/producto\/specialized-levo-sl-expert-carbon-2025\/#breadcrumb\",\"itemListElement\":[{\"@type\":\"ListItem\",\"position\":1,\"name\":\"Portada\",\"item\":\"https:\/\/gr-100.com\/en\/\"},{\"@type\":\"ListItem\",\"position\":2,\"name\":\"Productos\",\"item\":\"https:\/\/gr-100.com\/?post_type=product\"},{\"@type\":\"ListItem\",\"position\":3,\"name\":\"Specialized Levo SL 2 Expert Carbon 2025\"}]},{\"@type\":\"WebSite\",\"@id\":\"https:\/\/gr-100.com\/#website\",\"url\":\"https:\/\/gr-100.com\/\",\"name\":\"Gr-100 Tienda de ciclismo Specialized\",\"description\":\"GR-100 tenemos todas las gamas de bicicletas Specialized al mejor precio.\",\"publisher\":{\"@id\":\"https:\/\/gr-100.com\/#organization\"},\"alternateName\":\"Gr-100 Bikes\",\"potentialAction\":[{\"@type\":\"SearchAction\",\"target\":{\"@type\":\"EntryPoint\",\"urlTemplate\":\"https:\/\/gr-100.com\/?s={search_term_string}\"},\"query-input\":{\"@type\":\"PropertyValueSpecification\",\"valueRequired\":true,\"valueName\":\"search_term_string\"}}],\"inLanguage\":\"pt-PT\"},{\"@type\":\"Organization\",\"@id\":\"https:\/\/gr-100.com\/#organization\",\"name\":\"Gr-100\",\"url\":\"https:\/\/gr-100.com\/\",\"logo\":{\"@type\":\"ImageObject\",\"inLanguage\":\"pt-PT\",\"@id\":\"https:\/\/gr-100.com\/#\/schema\/logo\/image\/\",\"url\":\"https:\/\/gr-100.com\/wp-content\/uploads\/2023\/08\/logo-gr-100-bikes.png\",\"contentUrl\":\"https:\/\/gr-100.com\/wp-content\/uploads\/2023\/08\/logo-gr-100-bikes.png\",\"width\":707,\"height\":284,\"caption\":\"Gr-100\"},\"image\":{\"@id\":\"https:\/\/gr-100.com\/#\/schema\/logo\/image\/\"},\"sameAs\":[\"https:\/\/www.facebook.com\/Gr100Bikes\",\"https:\/\/www.instagram.com\/gr100bikes\/\",\"https:\/\/www.tiktok.com\/@gr100bikes\",\"https:\/\/twitter.com\/gr100mtbteam\",\"https:\/\/www.youtube.com\/c\/GR100Specialized\"]}]}<\/script>\n<!-- \/ Yoast SEO Premium plugin. -->","yoast_head_json":{"title":"Specialized Levo SL 2 Expert Carbon 2025 GR-100","description":"Cuando todo funciona a la perfecci\u00f3n, la bicicleta desaparece mientras pedaleas. Para que la Levo SL fuera m\u00e1s \u00e1gil y reactiva, hemos reducido su peso al m\u00e1ximo. Es lo suficientemente resistente para aguantar un uso intensivo, pero lo bastante ligera para moverse con facilidad en secciones t\u00e9cnicas. Su geometr\u00eda, cinem\u00e1tica y el ajuste de la suspensi\u00f3n no dejan nada que desear.","robots":{"index":"index","follow":"follow","max-snippet":"max-snippet:-1","max-image-preview":"max-image-preview:large","max-video-preview":"max-video-preview:-1"},"canonical":"https:\/\/gr-100.com\/producto\/specialized-levo-sl-expert-carbon-2025\/","og_locale":"pt_PT","og_type":"article","og_title":"Specialized Levo SL 2 Expert Carbon 2025","og_description":"Cuando todo funciona a la perfecci\u00f3n, la bicicleta desaparece mientras pedaleas. Para que la Levo SL fuera m\u00e1s \u00e1gil y reactiva, hemos reducido su peso al m\u00e1ximo. Es lo suficientemente resistente para aguantar un uso intensivo, pero lo bastante ligera para moverse con facilidad en secciones t\u00e9cnicas. Su geometr\u00eda, cinem\u00e1tica y el ajuste de la suspensi\u00f3n no dejan nada que desear.","og_url":"https:\/\/gr-100.com\/producto\/specialized-levo-sl-expert-carbon-2025\/","og_site_name":"Gr-100 Tienda de ciclismo Specialized","article_publisher":"https:\/\/www.facebook.com\/Gr100Bikes","article_modified_time":"2025-12-31T18:50:19+00:00","og_image":[{"width":1000,"height":1000,"url":"https:\/\/gr-100.com\/wp-content\/uploads\/2024\/12\/Diseno-sin-titulo-93.jpg","type":"image\/jpeg"}],"twitter_card":"summary_large_image","twitter_misc":{"Tempo estimado de leitura":"2 minutos"},"schema":{"@context":"https:\/\/schema.org","@graph":[{"@type":"WebPage","@id":"https:\/\/gr-100.com\/producto\/specialized-levo-sl-expert-carbon-2025\/","url":"https:\/\/gr-100.com\/producto\/specialized-levo-sl-expert-carbon-2025\/","name":"Specialized Levo SL 2 Expert Carbon 2025 GR-100","isPartOf":{"@id":"https:\/\/gr-100.com\/#website"},"primaryImageOfPage":{"@id":"https:\/\/gr-100.com\/producto\/specialized-levo-sl-expert-carbon-2025\/#primaryimage"},"image":{"@id":"https:\/\/gr-100.com\/producto\/specialized-levo-sl-expert-carbon-2025\/#primaryimage"},"thumbnailUrl":"https:\/\/gr-100.com\/wp-content\/uploads\/2024\/12\/Diseno-sin-titulo-93.jpg","datePublished":"2024-12-19T12:20:43+00:00","dateModified":"2025-12-31T18:50:19+00:00","description":"Cuando todo funciona a la perfecci\u00f3n, la bicicleta desaparece mientras pedaleas. Para que la Levo SL fuera m\u00e1s \u00e1gil y reactiva, hemos reducido su peso al m\u00e1ximo. Es lo suficientemente resistente para aguantar un uso intensivo, pero lo bastante ligera para moverse con facilidad en secciones t\u00e9cnicas. Su geometr\u00eda, cinem\u00e1tica y el ajuste de la suspensi\u00f3n no dejan nada que desear.","breadcrumb":{"@id":"https:\/\/gr-100.com\/producto\/specialized-levo-sl-expert-carbon-2025\/#breadcrumb"},"inLanguage":"pt-PT","potentialAction":[{"@type":"ReadAction","target":["https:\/\/gr-100.com\/producto\/specialized-levo-sl-expert-carbon-2025\/"]}]},{"@type":"ImageObject","inLanguage":"pt-PT","@id":"https:\/\/gr-100.com\/producto\/specialized-levo-sl-expert-carbon-2025\/#primaryimage","url":"https:\/\/gr-100.com\/wp-content\/uploads\/2024\/12\/Diseno-sin-titulo-93.jpg","contentUrl":"https:\/\/gr-100.com\/wp-content\/uploads\/2024\/12\/Diseno-sin-titulo-93.jpg","width":1000,"height":1000},{"@type":"BreadcrumbList","@id":"https:\/\/gr-100.com\/producto\/specialized-levo-sl-expert-carbon-2025\/#breadcrumb","itemListElement":[{"@type":"ListItem","position":1,"name":"Portada","item":"https:\/\/gr-100.com\/en\/"},{"@type":"ListItem","position":2,"name":"Productos","item":"https:\/\/gr-100.com\/?post_type=product"},{"@type":"ListItem","position":3,"name":"Specialized Levo SL 2 Expert Carbon 2025"}]},{"@type":"WebSite","@id":"https:\/\/gr-100.com\/#website","url":"https:\/\/gr-100.com\/","name":"Gr-100 Tienda de ciclismo Specialized","description":"GR-100 tenemos todas las gamas de bicicletas Specialized al mejor precio.","publisher":{"@id":"https:\/\/gr-100.com\/#organization"},"alternateName":"Gr-100 Bikes","potentialAction":[{"@type":"SearchAction","target":{"@type":"EntryPoint","urlTemplate":"https:\/\/gr-100.com\/?s={search_term_string}"},"query-input":{"@type":"PropertyValueSpecification","valueRequired":true,"valueName":"search_term_string"}}],"inLanguage":"pt-PT"},{"@type":"Organization","@id":"https:\/\/gr-100.com\/#organization","name":"Gr-100","url":"https:\/\/gr-100.com\/","logo":{"@type":"ImageObject","inLanguage":"pt-PT","@id":"https:\/\/gr-100.com\/#\/schema\/logo\/image\/","url":"https:\/\/gr-100.com\/wp-content\/uploads\/2023\/08\/logo-gr-100-bikes.png","contentUrl":"https:\/\/gr-100.com\/wp-content\/uploads\/2023\/08\/logo-gr-100-bikes.png","width":707,"height":284,"caption":"Gr-100"},"image":{"@id":"https:\/\/gr-100.com\/#\/schema\/logo\/image\/"},"sameAs":["https:\/\/www.facebook.com\/Gr100Bikes","https:\/\/www.instagram.com\/gr100bikes\/","https:\/\/www.tiktok.com\/@gr100bikes","https:\/\/twitter.com\/gr100mtbteam","https:\/\/www.youtube.com\/c\/GR100Specialized"]}]}},"_links":{"self":[{"href":"https:\/\/gr-100.com\/pt-pt\/wp-json\/wp\/v2\/product\/399136","targetHints":{"allow":["GET"]}}],"collection":[{"href":"https:\/\/gr-100.com\/pt-pt\/wp-json\/wp\/v2\/product"}],"about":[{"href":"https:\/\/gr-100.com\/pt-pt\/wp-json\/wp\/v2\/types\/product"}],"replies":[{"embeddable":true,"href":"https:\/\/gr-100.com\/pt-pt\/wp-json\/wp\/v2\/comments?post=399136"}],"wp:featuredmedia":[{"embeddable":true,"href":"https:\/\/gr-100.com\/pt-pt\/wp-json\/wp\/v2\/media\/399137"}],"wp:attachment":[{"href":"https:\/\/gr-100.com\/pt-pt\/wp-json\/wp\/v2\/media?parent=399136"}],"wp:term":[{"taxonomy":"product_brand","embeddable":true,"href":"https:\/\/gr-100.com\/pt-pt\/wp-json\/wp\/v2\/product_brand?post=399136"},{"taxonomy":"product_cat","embeddable":true,"href":"https:\/\/gr-100.com\/pt-pt\/wp-json\/wp\/v2\/product_cat?post=399136"},{"taxonomy":"product_tag","embeddable":true,"href":"https:\/\/gr-100.com\/pt-pt\/wp-json\/wp\/v2\/product_tag?post=399136"}],"curies":[{"name":"wp","href":"https:\/\/api.w.org\/{rel}","templated":true}]}}