{"id":399492,"date":"2024-12-24T12:14:32","date_gmt":"2024-12-24T12:14:32","guid":{"rendered":"https:\/\/gr-100.com\/?post_type=product&#038;p=399492"},"modified":"2025-12-18T17:25:37","modified_gmt":"2025-12-18T15:25:37","slug":"specialized-kenevo-sl-comp-carbon-29-2025","status":"publish","type":"product","link":"https:\/\/gr-100.com\/pt-pt\/producto\/specialized-kenevo-sl-comp-carbon-29-2025\/","title":{"rendered":"Specialized Kenevo SL 2 Comp Carbon 29 2025"},"content":{"rendered":"<p>\u2022 Cuadro: FACT 11m full carbon, 29&#8243;, enrutamiento interno completo de cables, espaciado de 148mm, rodamientos completamente sellados, 170mm de recorrido trasero, ajuste de geometr\u00eda en tubo de direcci\u00f3n y pivote Horst<\/p>\n<p>\u2022 Cierre de sill\u00edn: Aluminio, 38.6mm<\/p>\n<p>\u2022 Amortiguador trasero: Rockshox SuperDeluxe Select, 230&#215;62.5mm<\/p>\n<p>\u2022 Horquilla: RockShox Zeb Select, damper Charger RC, 15x110mm, offset de 44mm, 170mm de recorrido<\/p>\n<p>\u2022 Motor: Specialized 1.2 SL Custom Rx Trail Tuned Motor<\/p>\n<p>\u2022 UI\/Remote: Specialized MasterMind TCU, porcentaje de carga restante, 120 configuraciones de pantalla posibles, ajuste de asistencia MicroTune, ANT+\/Bluetooth\u00ae, con mando en el manillar<\/p>\n<p>\u2022 Bater\u00eda: Specialized SL1-320, completamente integrada, 320Wh<\/p>\n<p>\u2022 Arn\u00e9s de cableado: Arn\u00e9s de cableado personalizado de Specialized<\/p>\n<p>\u2022 Cargador: Cargador personalizado, sistema de 48V con conector SL<\/p>\n<p>\u2022 Freno delantero: SRAM Maven Bronze, rotor de 220mm<\/p>\n<p>\u2022 Freno trasero: SRAM Maven Bronze, rotor de 200mm<\/p>\n<p>\u2022 Levas de cambio: SRAM EC AXS POD RGHT DISCRETE CLAMP<\/p>\n<p>\u2022 Cambio trasero: SRAM RD S1000 EAGLE AXS T-TYPE<\/p>\n<p>\u2022 Cassette: SRAM CS XS 1270 T-TYPE 10-52<\/p>\n<p>\u2022 Cadena: SRAM CN GX T-TYPE XXX LINK<\/p>\n<p>\u2022 Plato: SRAM Alloy crankset, S2\/S3: 165mm, S4\/S5: 170mm<\/p>\n<p>\u2022 Cadenas de plato: 104 BCD alloy spider, SRAM alloy T-Type chainring, 32t<\/p>\n<p>\u2022 Llantas: Specialized 29, hookless alloy, 30mm de ancho interno, tubeless ready<\/p>\n<p>\u2022 Bujes delanteros: Specialized alloy front hub disc, rodamientos de cartucho sellados, 6-bolt, 15x110mm thru-axle, 32h<\/p>\n<p>\u2022 Bujes traseros: Alloy, rodamientos de cartucho sellados, 12x148mm thru-axle, 32h<\/p>\n<p>\u2022 Radios: DT Swiss Industry<\/p>\n<p>\u2022 Neum\u00e1tico delantero: Butcher, GRID GRAVITY casing, GRIPTON\u00ae T9 compound, 2Bliss Ready, 29&#215;2.3&#8243;<\/p>\n<p>\u2022 Neum\u00e1tico trasero: Butcher, GRID GRAVITY casing, GRIPTON\u00ae T9 compound, 2Bliss Ready, 29&#215;2.3&#8243;<\/p>\n<p>\u2022 C\u00e1maras de aire: Specialized Turbo Tube 29X1.75-2.4<\/p>\n<p>\u2022 Potencia: Alloy Trail Stem, 35mm bar bore<\/p>\n<p>\u2022 Manillar: Specialized, 6061 alloy, 6-degree upsweep, 8-degree backsweep, 30mm rise, 800mm width<\/p>\n<p>\u2022 Pu\u00f1os: Specialized Trail Grips<\/p>\n<p>\u2022 Sill\u00edn: Bridge Comp, Hollow Cr-mo rails, 155\/143mm<\/p>\n","protected":false},"excerpt":{"rendered":"<p>Con la Specialized Turbo Kenevo SL 2 2025, vivir\u00e1s los senderos de una forma completamente nueva. Esta bicicleta cuenta con el potente motor Turbo SL 1.2, que ofrece un 33% m\u00e1s de potencia (320 vatios) y un par motor de 50 Nm, permiti\u00e9ndote conquistar los terrenos m\u00e1s dif\u00edciles con facilidad. Sus 170 mm de recorrido garantizan una conducci\u00f3n suave y eficiente, absorbiendo baches y obst\u00e1culos sin esfuerzo. La Kenevo SL 2 es la compa\u00f1era perfecta para los amantes de las bajadas.<\/p>\n","protected":false},"featured_media":399498,"comment_status":"open","ping_status":"closed","template":"","meta":{"_acf_changed":false,"_et_pb_use_builder":"","_et_pb_old_content":"","_et_gb_content_width":"","inline_featured_image":false},"product_brand":[],"product_cat":[4330,420,23,2367],"product_tag":[],"class_list":{"0":"post-399492","1":"product","2":"type-product","3":"status-publish","4":"has-post-thumbnail","6":"product_cat-black-friday-2","7":"product_cat-bicicletas","8":"product_cat-bicicletas-electricas","9":"product_cat-bicicletas-specialized","11":"first","12":"outofstock","13":"taxable","14":"shipping-taxable","15":"product-type-variable","16":"wvs-archive-product-wrapper"},"acf":[],"yoast_head":"<!-- This site is optimized with the Yoast SEO Premium plugin v26.7 (Yoast SEO v26.7) - https:\/\/yoast.com\/wordpress\/plugins\/seo\/ -->\n<title>Specialized Kenevo SL 2 Comp Carbon 29 2025 GR-100<\/title>\n<meta name=\"description\" content=\"Cuenta con el potente motor Turbo SL 1.2, unn 33% m\u00e1s de potencia (320 vatios) y un par motor de 50 Nm, permiti\u00e9ndote conquistar los terrenos m\u00e1s dif\u00edciles\" \/>\n<meta name=\"robots\" content=\"index, follow, max-snippet:-1, max-image-preview:large, max-video-preview:-1\" \/>\n<link rel=\"canonical\" href=\"https:\/\/gr-100.com\/producto\/specialized-kenevo-sl-comp-carbon-29-2025\/\" \/>\n<meta property=\"og:locale\" content=\"pt_PT\" \/>\n<meta property=\"og:type\" content=\"article\" \/>\n<meta property=\"og:title\" content=\"Specialized Kenevo SL 2 Comp Carbon 29 2025\" \/>\n<meta property=\"og:description\" content=\"Cuenta con el potente motor Turbo SL 1.2, unn 33% m\u00e1s de potencia (320 vatios) y un par motor de 50 Nm, permiti\u00e9ndote conquistar los terrenos m\u00e1s dif\u00edciles\" \/>\n<meta property=\"og:url\" content=\"https:\/\/gr-100.com\/producto\/specialized-kenevo-sl-comp-carbon-29-2025\/\" \/>\n<meta property=\"og:site_name\" content=\"Gr-100 Tienda de ciclismo Specialized\" \/>\n<meta property=\"article:publisher\" content=\"https:\/\/www.facebook.com\/Gr100Bikes\" \/>\n<meta property=\"article:modified_time\" content=\"2025-12-18T15:25:37+00:00\" \/>\n<meta property=\"og:image\" content=\"https:\/\/gr-100.com\/wp-content\/uploads\/2024\/12\/Diseno-sin-titulo-2024-12-24T121750.540.jpg\" \/>\n\t<meta property=\"og:image:width\" content=\"1000\" \/>\n\t<meta property=\"og:image:height\" content=\"1000\" \/>\n\t<meta property=\"og:image:type\" content=\"image\/jpeg\" \/>\n<meta name=\"twitter:card\" content=\"summary_large_image\" \/>\n<meta name=\"twitter:label1\" content=\"Tempo estimado de leitura\" \/>\n\t<meta name=\"twitter:data1\" content=\"2 minutos\" \/>\n<script type=\"application\/ld+json\" class=\"yoast-schema-graph\">{\"@context\":\"https:\/\/schema.org\",\"@graph\":[{\"@type\":\"WebPage\",\"@id\":\"https:\/\/gr-100.com\/producto\/specialized-kenevo-sl-comp-carbon-29-2025\/\",\"url\":\"https:\/\/gr-100.com\/producto\/specialized-kenevo-sl-comp-carbon-29-2025\/\",\"name\":\"Specialized Kenevo SL 2 Comp Carbon 29 2025 GR-100\",\"isPartOf\":{\"@id\":\"https:\/\/gr-100.com\/#website\"},\"primaryImageOfPage\":{\"@id\":\"https:\/\/gr-100.com\/producto\/specialized-kenevo-sl-comp-carbon-29-2025\/#primaryimage\"},\"image\":{\"@id\":\"https:\/\/gr-100.com\/producto\/specialized-kenevo-sl-comp-carbon-29-2025\/#primaryimage\"},\"thumbnailUrl\":\"https:\/\/gr-100.com\/wp-content\/uploads\/2024\/12\/Diseno-sin-titulo-2024-12-24T121750.540.jpg\",\"datePublished\":\"2024-12-24T12:14:32+00:00\",\"dateModified\":\"2025-12-18T15:25:37+00:00\",\"description\":\"Cuenta con el potente motor Turbo SL 1.2, unn 33% m\u00e1s de potencia (320 vatios) y un par motor de 50 Nm, permiti\u00e9ndote conquistar los terrenos m\u00e1s dif\u00edciles\",\"breadcrumb\":{\"@id\":\"https:\/\/gr-100.com\/producto\/specialized-kenevo-sl-comp-carbon-29-2025\/#breadcrumb\"},\"inLanguage\":\"pt-PT\",\"potentialAction\":[{\"@type\":\"ReadAction\",\"target\":[\"https:\/\/gr-100.com\/producto\/specialized-kenevo-sl-comp-carbon-29-2025\/\"]}]},{\"@type\":\"ImageObject\",\"inLanguage\":\"pt-PT\",\"@id\":\"https:\/\/gr-100.com\/producto\/specialized-kenevo-sl-comp-carbon-29-2025\/#primaryimage\",\"url\":\"https:\/\/gr-100.com\/wp-content\/uploads\/2024\/12\/Diseno-sin-titulo-2024-12-24T121750.540.jpg\",\"contentUrl\":\"https:\/\/gr-100.com\/wp-content\/uploads\/2024\/12\/Diseno-sin-titulo-2024-12-24T121750.540.jpg\",\"width\":1000,\"height\":1000},{\"@type\":\"BreadcrumbList\",\"@id\":\"https:\/\/gr-100.com\/producto\/specialized-kenevo-sl-comp-carbon-29-2025\/#breadcrumb\",\"itemListElement\":[{\"@type\":\"ListItem\",\"position\":1,\"name\":\"Portada\",\"item\":\"https:\/\/gr-100.com\/en\/\"},{\"@type\":\"ListItem\",\"position\":2,\"name\":\"Productos\",\"item\":\"https:\/\/gr-100.com\/?post_type=product\"},{\"@type\":\"ListItem\",\"position\":3,\"name\":\"Specialized Kenevo SL 2 Comp Carbon 29 2025\"}]},{\"@type\":\"WebSite\",\"@id\":\"https:\/\/gr-100.com\/#website\",\"url\":\"https:\/\/gr-100.com\/\",\"name\":\"Gr-100 Tienda de ciclismo Specialized\",\"description\":\"GR-100 tenemos todas las gamas de bicicletas Specialized al mejor precio.\",\"publisher\":{\"@id\":\"https:\/\/gr-100.com\/#organization\"},\"alternateName\":\"Gr-100 Bikes\",\"potentialAction\":[{\"@type\":\"SearchAction\",\"target\":{\"@type\":\"EntryPoint\",\"urlTemplate\":\"https:\/\/gr-100.com\/?s={search_term_string}\"},\"query-input\":{\"@type\":\"PropertyValueSpecification\",\"valueRequired\":true,\"valueName\":\"search_term_string\"}}],\"inLanguage\":\"pt-PT\"},{\"@type\":\"Organization\",\"@id\":\"https:\/\/gr-100.com\/#organization\",\"name\":\"Gr-100\",\"url\":\"https:\/\/gr-100.com\/\",\"logo\":{\"@type\":\"ImageObject\",\"inLanguage\":\"pt-PT\",\"@id\":\"https:\/\/gr-100.com\/#\/schema\/logo\/image\/\",\"url\":\"https:\/\/gr-100.com\/wp-content\/uploads\/2023\/08\/logo-gr-100-bikes.png\",\"contentUrl\":\"https:\/\/gr-100.com\/wp-content\/uploads\/2023\/08\/logo-gr-100-bikes.png\",\"width\":707,\"height\":284,\"caption\":\"Gr-100\"},\"image\":{\"@id\":\"https:\/\/gr-100.com\/#\/schema\/logo\/image\/\"},\"sameAs\":[\"https:\/\/www.facebook.com\/Gr100Bikes\",\"https:\/\/www.instagram.com\/gr100bikes\/\",\"https:\/\/www.tiktok.com\/@gr100bikes\",\"https:\/\/twitter.com\/gr100mtbteam\",\"https:\/\/www.youtube.com\/c\/GR100Specialized\"]}]}<\/script>\n<!-- \/ Yoast SEO Premium plugin. -->","yoast_head_json":{"title":"Specialized Kenevo SL 2 Comp Carbon 29 2025 GR-100","description":"Cuenta con el potente motor Turbo SL 1.2, unn 33% m\u00e1s de potencia (320 vatios) y un par motor de 50 Nm, permiti\u00e9ndote conquistar los terrenos m\u00e1s dif\u00edciles","robots":{"index":"index","follow":"follow","max-snippet":"max-snippet:-1","max-image-preview":"max-image-preview:large","max-video-preview":"max-video-preview:-1"},"canonical":"https:\/\/gr-100.com\/producto\/specialized-kenevo-sl-comp-carbon-29-2025\/","og_locale":"pt_PT","og_type":"article","og_title":"Specialized Kenevo SL 2 Comp Carbon 29 2025","og_description":"Cuenta con el potente motor Turbo SL 1.2, unn 33% m\u00e1s de potencia (320 vatios) y un par motor de 50 Nm, permiti\u00e9ndote conquistar los terrenos m\u00e1s dif\u00edciles","og_url":"https:\/\/gr-100.com\/producto\/specialized-kenevo-sl-comp-carbon-29-2025\/","og_site_name":"Gr-100 Tienda de ciclismo Specialized","article_publisher":"https:\/\/www.facebook.com\/Gr100Bikes","article_modified_time":"2025-12-18T15:25:37+00:00","og_image":[{"width":1000,"height":1000,"url":"https:\/\/gr-100.com\/wp-content\/uploads\/2024\/12\/Diseno-sin-titulo-2024-12-24T121750.540.jpg","type":"image\/jpeg"}],"twitter_card":"summary_large_image","twitter_misc":{"Tempo estimado de leitura":"2 minutos"},"schema":{"@context":"https:\/\/schema.org","@graph":[{"@type":"WebPage","@id":"https:\/\/gr-100.com\/producto\/specialized-kenevo-sl-comp-carbon-29-2025\/","url":"https:\/\/gr-100.com\/producto\/specialized-kenevo-sl-comp-carbon-29-2025\/","name":"Specialized Kenevo SL 2 Comp Carbon 29 2025 GR-100","isPartOf":{"@id":"https:\/\/gr-100.com\/#website"},"primaryImageOfPage":{"@id":"https:\/\/gr-100.com\/producto\/specialized-kenevo-sl-comp-carbon-29-2025\/#primaryimage"},"image":{"@id":"https:\/\/gr-100.com\/producto\/specialized-kenevo-sl-comp-carbon-29-2025\/#primaryimage"},"thumbnailUrl":"https:\/\/gr-100.com\/wp-content\/uploads\/2024\/12\/Diseno-sin-titulo-2024-12-24T121750.540.jpg","datePublished":"2024-12-24T12:14:32+00:00","dateModified":"2025-12-18T15:25:37+00:00","description":"Cuenta con el potente motor Turbo SL 1.2, unn 33% m\u00e1s de potencia (320 vatios) y un par motor de 50 Nm, permiti\u00e9ndote conquistar los terrenos m\u00e1s dif\u00edciles","breadcrumb":{"@id":"https:\/\/gr-100.com\/producto\/specialized-kenevo-sl-comp-carbon-29-2025\/#breadcrumb"},"inLanguage":"pt-PT","potentialAction":[{"@type":"ReadAction","target":["https:\/\/gr-100.com\/producto\/specialized-kenevo-sl-comp-carbon-29-2025\/"]}]},{"@type":"ImageObject","inLanguage":"pt-PT","@id":"https:\/\/gr-100.com\/producto\/specialized-kenevo-sl-comp-carbon-29-2025\/#primaryimage","url":"https:\/\/gr-100.com\/wp-content\/uploads\/2024\/12\/Diseno-sin-titulo-2024-12-24T121750.540.jpg","contentUrl":"https:\/\/gr-100.com\/wp-content\/uploads\/2024\/12\/Diseno-sin-titulo-2024-12-24T121750.540.jpg","width":1000,"height":1000},{"@type":"BreadcrumbList","@id":"https:\/\/gr-100.com\/producto\/specialized-kenevo-sl-comp-carbon-29-2025\/#breadcrumb","itemListElement":[{"@type":"ListItem","position":1,"name":"Portada","item":"https:\/\/gr-100.com\/en\/"},{"@type":"ListItem","position":2,"name":"Productos","item":"https:\/\/gr-100.com\/?post_type=product"},{"@type":"ListItem","position":3,"name":"Specialized Kenevo SL 2 Comp Carbon 29 2025"}]},{"@type":"WebSite","@id":"https:\/\/gr-100.com\/#website","url":"https:\/\/gr-100.com\/","name":"Gr-100 Tienda de ciclismo Specialized","description":"GR-100 tenemos todas las gamas de bicicletas Specialized al mejor precio.","publisher":{"@id":"https:\/\/gr-100.com\/#organization"},"alternateName":"Gr-100 Bikes","potentialAction":[{"@type":"SearchAction","target":{"@type":"EntryPoint","urlTemplate":"https:\/\/gr-100.com\/?s={search_term_string}"},"query-input":{"@type":"PropertyValueSpecification","valueRequired":true,"valueName":"search_term_string"}}],"inLanguage":"pt-PT"},{"@type":"Organization","@id":"https:\/\/gr-100.com\/#organization","name":"Gr-100","url":"https:\/\/gr-100.com\/","logo":{"@type":"ImageObject","inLanguage":"pt-PT","@id":"https:\/\/gr-100.com\/#\/schema\/logo\/image\/","url":"https:\/\/gr-100.com\/wp-content\/uploads\/2023\/08\/logo-gr-100-bikes.png","contentUrl":"https:\/\/gr-100.com\/wp-content\/uploads\/2023\/08\/logo-gr-100-bikes.png","width":707,"height":284,"caption":"Gr-100"},"image":{"@id":"https:\/\/gr-100.com\/#\/schema\/logo\/image\/"},"sameAs":["https:\/\/www.facebook.com\/Gr100Bikes","https:\/\/www.instagram.com\/gr100bikes\/","https:\/\/www.tiktok.com\/@gr100bikes","https:\/\/twitter.com\/gr100mtbteam","https:\/\/www.youtube.com\/c\/GR100Specialized"]}]}},"_links":{"self":[{"href":"https:\/\/gr-100.com\/pt-pt\/wp-json\/wp\/v2\/product\/399492","targetHints":{"allow":["GET"]}}],"collection":[{"href":"https:\/\/gr-100.com\/pt-pt\/wp-json\/wp\/v2\/product"}],"about":[{"href":"https:\/\/gr-100.com\/pt-pt\/wp-json\/wp\/v2\/types\/product"}],"replies":[{"embeddable":true,"href":"https:\/\/gr-100.com\/pt-pt\/wp-json\/wp\/v2\/comments?post=399492"}],"wp:featuredmedia":[{"embeddable":true,"href":"https:\/\/gr-100.com\/pt-pt\/wp-json\/wp\/v2\/media\/399498"}],"wp:attachment":[{"href":"https:\/\/gr-100.com\/pt-pt\/wp-json\/wp\/v2\/media?parent=399492"}],"wp:term":[{"taxonomy":"product_brand","embeddable":true,"href":"https:\/\/gr-100.com\/pt-pt\/wp-json\/wp\/v2\/product_brand?post=399492"},{"taxonomy":"product_cat","embeddable":true,"href":"https:\/\/gr-100.com\/pt-pt\/wp-json\/wp\/v2\/product_cat?post=399492"},{"taxonomy":"product_tag","embeddable":true,"href":"https:\/\/gr-100.com\/pt-pt\/wp-json\/wp\/v2\/product_tag?post=399492"}],"curies":[{"name":"wp","href":"https:\/\/api.w.org\/{rel}","templated":true}]}}