{"id":401050,"date":"2025-01-16T11:02:03","date_gmt":"2025-01-16T11:02:03","guid":{"rendered":"https:\/\/gr-100.com\/?post_type=product&#038;p=401050"},"modified":"2026-04-01T23:51:28","modified_gmt":"2026-04-01T22:51:28","slug":"bateria-specialized-m3-series-500-wh-oem-single-pack","status":"publish","type":"product","link":"https:\/\/gr-100.com\/pt-pt\/producto\/bateria-specialized-m3-series-500-wh-oem-single-pack\/","title":{"rendered":"Bater\u00eda Specialized M3 Series-500 WH (OEM) Single Pack"},"content":{"rendered":"<p>La bater\u00eda Specialized Li-Ion cuenta con una potente capacidad de 500 Wh para una autonom\u00eda m\u00e1xima y placer de conducci\u00f3n por senderos. Cuenta con un protector contra rocas con un mango integrado para facilitar su extracci\u00f3n. Junto al puerto de carga, hay cuatro LED integrados que muestran el estado de carga mientras se carga.<\/p>\n","protected":false},"excerpt":{"rendered":"<ul>\n<li>Capacidad de 500Wh.<\/li>\n<li>Incluye protecci\u00f3n contra rocas, puerta del puerto de carga y todo el hardware.<\/li>\n<li>4-LED Estado de carga.<\/li>\n<li>Compatible con bicicletas Turbo LEVO Y KENEVO A PARTIR 2019 A LA ACTUALIDAD.<\/li>\n<\/ul>\n","protected":false},"featured_media":279801,"comment_status":"closed","ping_status":"closed","template":"","meta":{"_acf_changed":false,"_et_pb_use_builder":"","_et_pb_old_content":"","_et_gb_content_width":"","inline_featured_image":false},"product_brand":[],"product_cat":[25,2402,2409],"product_tag":[],"class_list":{"0":"post-401050","1":"product","2":"type-product","3":"status-publish","4":"has-post-thumbnail","6":"product_cat-componentes","7":"product_cat-componentes-e-bikes","8":"product_cat-ofertas-specialized","9":"product_shipping_class-componentes","11":"first","12":"instock","13":"sale","14":"taxable","15":"shipping-taxable","16":"purchasable","17":"product-type-simple"},"acf":[],"yoast_head":"<!-- This site is optimized with the Yoast SEO Premium plugin v26.7 (Yoast SEO v26.7) - https:\/\/yoast.com\/wordpress\/plugins\/seo\/ -->\n<title>Bater\u00eda Specialized M3 Series-500 WH (OEM) Single Pack GR-100 ebikes<\/title>\n<meta name=\"description\" content=\"Bater\u00eda Specialized M3-M2 -500Wh. potente capacidad de 500 Wh para una autonom\u00eda m\u00e1xima y placer de conducci\u00f3n por senderos. 4-LED Estado de carga.\" \/>\n<meta name=\"robots\" content=\"index, follow, max-snippet:-1, max-image-preview:large, max-video-preview:-1\" \/>\n<link rel=\"canonical\" href=\"https:\/\/gr-100.com\/producto\/bateria-specialized-m3-series-500-wh-oem-single-pack\/\" \/>\n<meta property=\"og:locale\" content=\"pt_PT\" \/>\n<meta property=\"og:type\" content=\"article\" \/>\n<meta property=\"og:title\" content=\"Bater\u00eda Specialized M3 Series-500 WH (OEM) Single Pack\" \/>\n<meta property=\"og:description\" content=\"Bater\u00eda Specialized M3-M2 -500Wh. potente capacidad de 500 Wh para una autonom\u00eda m\u00e1xima y placer de conducci\u00f3n por senderos. 4-LED Estado de carga.\" \/>\n<meta property=\"og:url\" content=\"https:\/\/gr-100.com\/producto\/bateria-specialized-m3-series-500-wh-oem-single-pack\/\" \/>\n<meta property=\"og:site_name\" content=\"Gr-100 Tienda de ciclismo Specialized\" \/>\n<meta property=\"article:publisher\" content=\"https:\/\/www.facebook.com\/Gr100Bikes\" \/>\n<meta property=\"article:modified_time\" content=\"2026-04-01T22:51:28+00:00\" \/>\n<meta property=\"og:image\" content=\"https:\/\/gr-100.com\/wp-content\/uploads\/2024\/05\/My-project-1-47.jpg\" \/>\n\t<meta property=\"og:image:width\" content=\"1000\" \/>\n\t<meta property=\"og:image:height\" content=\"1000\" \/>\n\t<meta property=\"og:image:type\" content=\"image\/jpeg\" \/>\n<meta name=\"twitter:card\" content=\"summary_large_image\" \/>\n<meta name=\"twitter:label1\" content=\"Tempo estimado de leitura\" \/>\n\t<meta name=\"twitter:data1\" content=\"1 minuto\" \/>\n<script type=\"application\/ld+json\" class=\"yoast-schema-graph\">{\"@context\":\"https:\/\/schema.org\",\"@graph\":[{\"@type\":\"WebPage\",\"@id\":\"https:\/\/gr-100.com\/producto\/bateria-specialized-m3-series-500-wh-oem-single-pack\/\",\"url\":\"https:\/\/gr-100.com\/producto\/bateria-specialized-m3-series-500-wh-oem-single-pack\/\",\"name\":\"Bater\u00eda Specialized M3 Series-500 WH (OEM) Single Pack GR-100 ebikes\",\"isPartOf\":{\"@id\":\"https:\/\/gr-100.com\/#website\"},\"primaryImageOfPage\":{\"@id\":\"https:\/\/gr-100.com\/producto\/bateria-specialized-m3-series-500-wh-oem-single-pack\/#primaryimage\"},\"image\":{\"@id\":\"https:\/\/gr-100.com\/producto\/bateria-specialized-m3-series-500-wh-oem-single-pack\/#primaryimage\"},\"thumbnailUrl\":\"https:\/\/gr-100.com\/wp-content\/uploads\/2024\/05\/My-project-1-47.jpg\",\"datePublished\":\"2025-01-16T11:02:03+00:00\",\"dateModified\":\"2026-04-01T22:51:28+00:00\",\"description\":\"Bater\u00eda Specialized M3-M2 -500Wh. potente capacidad de 500 Wh para una autonom\u00eda m\u00e1xima y placer de conducci\u00f3n por senderos. 4-LED Estado de carga.\",\"breadcrumb\":{\"@id\":\"https:\/\/gr-100.com\/producto\/bateria-specialized-m3-series-500-wh-oem-single-pack\/#breadcrumb\"},\"inLanguage\":\"pt-PT\",\"potentialAction\":[{\"@type\":\"ReadAction\",\"target\":[\"https:\/\/gr-100.com\/producto\/bateria-specialized-m3-series-500-wh-oem-single-pack\/\"]}]},{\"@type\":\"ImageObject\",\"inLanguage\":\"pt-PT\",\"@id\":\"https:\/\/gr-100.com\/producto\/bateria-specialized-m3-series-500-wh-oem-single-pack\/#primaryimage\",\"url\":\"https:\/\/gr-100.com\/wp-content\/uploads\/2024\/05\/My-project-1-47.jpg\",\"contentUrl\":\"https:\/\/gr-100.com\/wp-content\/uploads\/2024\/05\/My-project-1-47.jpg\",\"width\":1000,\"height\":1000},{\"@type\":\"BreadcrumbList\",\"@id\":\"https:\/\/gr-100.com\/producto\/bateria-specialized-m3-series-500-wh-oem-single-pack\/#breadcrumb\",\"itemListElement\":[{\"@type\":\"ListItem\",\"position\":1,\"name\":\"Portada\",\"item\":\"https:\/\/gr-100.com\/en\/\"},{\"@type\":\"ListItem\",\"position\":2,\"name\":\"Productos\",\"item\":\"https:\/\/gr-100.com\/?post_type=product\"},{\"@type\":\"ListItem\",\"position\":3,\"name\":\"Bater\u00eda Specialized M3 Series-500 WH (OEM) Single Pack\"}]},{\"@type\":\"WebSite\",\"@id\":\"https:\/\/gr-100.com\/#website\",\"url\":\"https:\/\/gr-100.com\/\",\"name\":\"Gr-100 Tienda de ciclismo Specialized\",\"description\":\"GR-100 tenemos todas las gamas de bicicletas Specialized al mejor precio.\",\"publisher\":{\"@id\":\"https:\/\/gr-100.com\/#organization\"},\"alternateName\":\"Gr-100 Bikes\",\"potentialAction\":[{\"@type\":\"SearchAction\",\"target\":{\"@type\":\"EntryPoint\",\"urlTemplate\":\"https:\/\/gr-100.com\/?s={search_term_string}\"},\"query-input\":{\"@type\":\"PropertyValueSpecification\",\"valueRequired\":true,\"valueName\":\"search_term_string\"}}],\"inLanguage\":\"pt-PT\"},{\"@type\":\"Organization\",\"@id\":\"https:\/\/gr-100.com\/#organization\",\"name\":\"Gr-100\",\"url\":\"https:\/\/gr-100.com\/\",\"logo\":{\"@type\":\"ImageObject\",\"inLanguage\":\"pt-PT\",\"@id\":\"https:\/\/gr-100.com\/#\/schema\/logo\/image\/\",\"url\":\"https:\/\/gr-100.com\/wp-content\/uploads\/2023\/08\/logo-gr-100-bikes.png\",\"contentUrl\":\"https:\/\/gr-100.com\/wp-content\/uploads\/2023\/08\/logo-gr-100-bikes.png\",\"width\":707,\"height\":284,\"caption\":\"Gr-100\"},\"image\":{\"@id\":\"https:\/\/gr-100.com\/#\/schema\/logo\/image\/\"},\"sameAs\":[\"https:\/\/www.facebook.com\/Gr100Bikes\",\"https:\/\/www.instagram.com\/gr100bikes\/\",\"https:\/\/www.tiktok.com\/@gr100bikes\",\"https:\/\/twitter.com\/gr100mtbteam\",\"https:\/\/www.youtube.com\/c\/GR100Specialized\"]}]}<\/script>\n<!-- \/ Yoast SEO Premium plugin. -->","yoast_head_json":{"title":"Bater\u00eda Specialized M3 Series-500 WH (OEM) Single Pack GR-100 ebikes","description":"Bater\u00eda Specialized M3-M2 -500Wh. potente capacidad de 500 Wh para una autonom\u00eda m\u00e1xima y placer de conducci\u00f3n por senderos. 4-LED Estado de carga.","robots":{"index":"index","follow":"follow","max-snippet":"max-snippet:-1","max-image-preview":"max-image-preview:large","max-video-preview":"max-video-preview:-1"},"canonical":"https:\/\/gr-100.com\/producto\/bateria-specialized-m3-series-500-wh-oem-single-pack\/","og_locale":"pt_PT","og_type":"article","og_title":"Bater\u00eda Specialized M3 Series-500 WH (OEM) Single Pack","og_description":"Bater\u00eda Specialized M3-M2 -500Wh. potente capacidad de 500 Wh para una autonom\u00eda m\u00e1xima y placer de conducci\u00f3n por senderos. 4-LED Estado de carga.","og_url":"https:\/\/gr-100.com\/producto\/bateria-specialized-m3-series-500-wh-oem-single-pack\/","og_site_name":"Gr-100 Tienda de ciclismo Specialized","article_publisher":"https:\/\/www.facebook.com\/Gr100Bikes","article_modified_time":"2026-04-01T22:51:28+00:00","og_image":[{"width":1000,"height":1000,"url":"https:\/\/gr-100.com\/wp-content\/uploads\/2024\/05\/My-project-1-47.jpg","type":"image\/jpeg"}],"twitter_card":"summary_large_image","twitter_misc":{"Tempo estimado de leitura":"1 minuto"},"schema":{"@context":"https:\/\/schema.org","@graph":[{"@type":"WebPage","@id":"https:\/\/gr-100.com\/producto\/bateria-specialized-m3-series-500-wh-oem-single-pack\/","url":"https:\/\/gr-100.com\/producto\/bateria-specialized-m3-series-500-wh-oem-single-pack\/","name":"Bater\u00eda Specialized M3 Series-500 WH (OEM) Single Pack GR-100 ebikes","isPartOf":{"@id":"https:\/\/gr-100.com\/#website"},"primaryImageOfPage":{"@id":"https:\/\/gr-100.com\/producto\/bateria-specialized-m3-series-500-wh-oem-single-pack\/#primaryimage"},"image":{"@id":"https:\/\/gr-100.com\/producto\/bateria-specialized-m3-series-500-wh-oem-single-pack\/#primaryimage"},"thumbnailUrl":"https:\/\/gr-100.com\/wp-content\/uploads\/2024\/05\/My-project-1-47.jpg","datePublished":"2025-01-16T11:02:03+00:00","dateModified":"2026-04-01T22:51:28+00:00","description":"Bater\u00eda Specialized M3-M2 -500Wh. potente capacidad de 500 Wh para una autonom\u00eda m\u00e1xima y placer de conducci\u00f3n por senderos. 4-LED Estado de carga.","breadcrumb":{"@id":"https:\/\/gr-100.com\/producto\/bateria-specialized-m3-series-500-wh-oem-single-pack\/#breadcrumb"},"inLanguage":"pt-PT","potentialAction":[{"@type":"ReadAction","target":["https:\/\/gr-100.com\/producto\/bateria-specialized-m3-series-500-wh-oem-single-pack\/"]}]},{"@type":"ImageObject","inLanguage":"pt-PT","@id":"https:\/\/gr-100.com\/producto\/bateria-specialized-m3-series-500-wh-oem-single-pack\/#primaryimage","url":"https:\/\/gr-100.com\/wp-content\/uploads\/2024\/05\/My-project-1-47.jpg","contentUrl":"https:\/\/gr-100.com\/wp-content\/uploads\/2024\/05\/My-project-1-47.jpg","width":1000,"height":1000},{"@type":"BreadcrumbList","@id":"https:\/\/gr-100.com\/producto\/bateria-specialized-m3-series-500-wh-oem-single-pack\/#breadcrumb","itemListElement":[{"@type":"ListItem","position":1,"name":"Portada","item":"https:\/\/gr-100.com\/en\/"},{"@type":"ListItem","position":2,"name":"Productos","item":"https:\/\/gr-100.com\/?post_type=product"},{"@type":"ListItem","position":3,"name":"Bater\u00eda Specialized M3 Series-500 WH (OEM) Single Pack"}]},{"@type":"WebSite","@id":"https:\/\/gr-100.com\/#website","url":"https:\/\/gr-100.com\/","name":"Gr-100 Tienda de ciclismo Specialized","description":"GR-100 tenemos todas las gamas de bicicletas Specialized al mejor precio.","publisher":{"@id":"https:\/\/gr-100.com\/#organization"},"alternateName":"Gr-100 Bikes","potentialAction":[{"@type":"SearchAction","target":{"@type":"EntryPoint","urlTemplate":"https:\/\/gr-100.com\/?s={search_term_string}"},"query-input":{"@type":"PropertyValueSpecification","valueRequired":true,"valueName":"search_term_string"}}],"inLanguage":"pt-PT"},{"@type":"Organization","@id":"https:\/\/gr-100.com\/#organization","name":"Gr-100","url":"https:\/\/gr-100.com\/","logo":{"@type":"ImageObject","inLanguage":"pt-PT","@id":"https:\/\/gr-100.com\/#\/schema\/logo\/image\/","url":"https:\/\/gr-100.com\/wp-content\/uploads\/2023\/08\/logo-gr-100-bikes.png","contentUrl":"https:\/\/gr-100.com\/wp-content\/uploads\/2023\/08\/logo-gr-100-bikes.png","width":707,"height":284,"caption":"Gr-100"},"image":{"@id":"https:\/\/gr-100.com\/#\/schema\/logo\/image\/"},"sameAs":["https:\/\/www.facebook.com\/Gr100Bikes","https:\/\/www.instagram.com\/gr100bikes\/","https:\/\/www.tiktok.com\/@gr100bikes","https:\/\/twitter.com\/gr100mtbteam","https:\/\/www.youtube.com\/c\/GR100Specialized"]}]}},"_links":{"self":[{"href":"https:\/\/gr-100.com\/pt-pt\/wp-json\/wp\/v2\/product\/401050","targetHints":{"allow":["GET"]}}],"collection":[{"href":"https:\/\/gr-100.com\/pt-pt\/wp-json\/wp\/v2\/product"}],"about":[{"href":"https:\/\/gr-100.com\/pt-pt\/wp-json\/wp\/v2\/types\/product"}],"replies":[{"embeddable":true,"href":"https:\/\/gr-100.com\/pt-pt\/wp-json\/wp\/v2\/comments?post=401050"}],"wp:featuredmedia":[{"embeddable":true,"href":"https:\/\/gr-100.com\/pt-pt\/wp-json\/wp\/v2\/media\/279801"}],"wp:attachment":[{"href":"https:\/\/gr-100.com\/pt-pt\/wp-json\/wp\/v2\/media?parent=401050"}],"wp:term":[{"taxonomy":"product_brand","embeddable":true,"href":"https:\/\/gr-100.com\/pt-pt\/wp-json\/wp\/v2\/product_brand?post=401050"},{"taxonomy":"product_cat","embeddable":true,"href":"https:\/\/gr-100.com\/pt-pt\/wp-json\/wp\/v2\/product_cat?post=401050"},{"taxonomy":"product_tag","embeddable":true,"href":"https:\/\/gr-100.com\/pt-pt\/wp-json\/wp\/v2\/product_tag?post=401050"}],"curies":[{"name":"wp","href":"https:\/\/api.w.org\/{rel}","templated":true}]}}