{"id":401100,"date":"2025-01-17T11:56:15","date_gmt":"2025-01-17T10:56:15","guid":{"rendered":"https:\/\/gr-100.com\/?post_type=product&#038;p=401100"},"modified":"2025-11-27T16:22:48","modified_gmt":"2025-11-27T14:22:48","slug":"pedais-shimano-m540-preto-copia","status":"publish","type":"product","link":"https:\/\/gr-100.com\/pt-pt\/producto\/pedais-shimano-m540-preto-copia\/","title":{"rendered":"Pedais Shimano M540, Preto"},"content":{"rendered":"<ul>\n<li>Pedais Shimano, Modelo M540 SPD Preto.<\/li>\n<li>MECANISMO DE ANCORAGEM ABERTO E PESO LEVE PARA COMPETI\u00c7\u00c3O DE MONTANHA.<\/li>\n<li>Fiabilidade e desempenho SPD cl\u00e1ssicos.<\/li>\n<li>Ancoragem ajust\u00e1vel e tens\u00e3o de liberta\u00e7\u00e3o.<\/li>\n<li>Melhor repel\u00eancia \u00e0 lama e \u00e0 sujidade do que qualquer outro pedal da sua classe.<\/li>\n<li>Eixo de liga cromada e eixo de cartucho de rolamento selado de baixa manuten\u00e7\u00e3o.<\/li>\n<li>Peso: 352 aprox.<\/li>\n<li>Inclui chuteiras SPD.<\/li>\n<li>Lama.<\/li>\n<li>XC\/CX.<\/li>\n<\/ul>\n","protected":false},"excerpt":{"rendered":"<p>Pedais de encaixe Shimano M520 SPD com design de corpo compacto com \u00e2ncora aberta para f\u00e1cil ancoragem.<br \/>\nMelhor repel\u00eancia \u00e0 lama e \u00e0 sujidade do que qualquer outro pedal da sua classe.<br \/>\nCom tens\u00e3o de ancoragem ajust\u00e1vel e libera\u00e7\u00e3o.<br \/>\nEixo de liga cromada e eixo de cartucho selado de baixa manuten\u00e7\u00e3o.<\/p>\n","protected":false},"featured_media":401103,"comment_status":"closed","ping_status":"closed","template":"","meta":{"_acf_changed":false,"_et_pb_use_builder":"","_et_pb_old_content":"","_et_gb_content_width":"","inline_featured_image":false},"product_brand":[],"product_cat":[2483,379,385,2953],"product_tag":[],"class_list":{"0":"post-401100","1":"product","2":"type-product","3":"status-publish","4":"has-post-thumbnail","6":"product_cat-bicicletas-especializadas","7":"product_cat-componentes-pt-pt","8":"product_cat-pedais","9":"product_cat-super-ofertas-pt-pt","10":"product_shipping_class-componentes-pt-pt","12":"first","13":"instock","14":"sale","15":"taxable","16":"shipping-taxable","17":"purchasable","18":"product-type-simple"},"acf":[],"yoast_head":"<!-- This site is optimized with the Yoast SEO Premium plugin v26.7 (Yoast SEO v26.7) - https:\/\/yoast.com\/wordpress\/plugins\/seo\/ -->\n<title>Pedais Shimano M540, Preto GR-100<\/title>\n<meta name=\"description\" content=\"Pedais Shimano M540, preto. Pedais Shimano M540 para chuteira SPD. Mecanismo de ancoragem aberto e peso leve para competi\u00e7\u00e3o de montanha.\" \/>\n<meta name=\"robots\" content=\"index, follow, max-snippet:-1, max-image-preview:large, max-video-preview:-1\" \/>\n<link rel=\"canonical\" href=\"https:\/\/gr-100.com\/pt-pt\/producto\/pedais-shimano-m540-preto-copia\/\" \/>\n<meta property=\"og:locale\" content=\"pt_PT\" \/>\n<meta property=\"og:type\" content=\"article\" \/>\n<meta property=\"og:title\" content=\"Pedais Shimano M540, Preto\" \/>\n<meta property=\"og:description\" content=\"Pedais Shimano M540, preto. Pedais Shimano M540 para chuteira SPD. Mecanismo de ancoragem aberto e peso leve para competi\u00e7\u00e3o de montanha.\" \/>\n<meta property=\"og:url\" content=\"https:\/\/gr-100.com\/pt-pt\/producto\/pedais-shimano-m540-preto-copia\/\" \/>\n<meta property=\"og:site_name\" content=\"Gr-100 Tienda de ciclismo Specialized\" \/>\n<meta property=\"article:publisher\" content=\"https:\/\/www.facebook.com\/Gr100Bikes\" \/>\n<meta property=\"article:modified_time\" content=\"2025-11-27T14:22:48+00:00\" \/>\n<meta property=\"og:image\" content=\"https:\/\/gr-100.com\/wp-content\/uploads\/2025\/01\/P-PD-ES600_2019NPP00.jpg\" \/>\n\t<meta property=\"og:image:width\" content=\"1000\" \/>\n\t<meta property=\"og:image:height\" content=\"1000\" \/>\n\t<meta property=\"og:image:type\" content=\"image\/jpeg\" \/>\n<meta name=\"twitter:card\" content=\"summary_large_image\" \/>\n<meta name=\"twitter:label1\" content=\"Tempo estimado de leitura\" \/>\n\t<meta name=\"twitter:data1\" content=\"1 minuto\" \/>\n<script type=\"application\/ld+json\" class=\"yoast-schema-graph\">{\"@context\":\"https:\/\/schema.org\",\"@graph\":[{\"@type\":\"WebPage\",\"@id\":\"https:\/\/gr-100.com\/pt-pt\/producto\/pedais-shimano-m540-preto-copia\/\",\"url\":\"https:\/\/gr-100.com\/pt-pt\/producto\/pedais-shimano-m540-preto-copia\/\",\"name\":\"Pedais Shimano M540, Preto GR-100\",\"isPartOf\":{\"@id\":\"https:\/\/gr-100.com\/#website\"},\"primaryImageOfPage\":{\"@id\":\"https:\/\/gr-100.com\/pt-pt\/producto\/pedais-shimano-m540-preto-copia\/#primaryimage\"},\"image\":{\"@id\":\"https:\/\/gr-100.com\/pt-pt\/producto\/pedais-shimano-m540-preto-copia\/#primaryimage\"},\"thumbnailUrl\":\"https:\/\/gr-100.com\/wp-content\/uploads\/2025\/01\/P-PD-ES600_2019NPP00.jpg\",\"datePublished\":\"2025-01-17T10:56:15+00:00\",\"dateModified\":\"2025-11-27T14:22:48+00:00\",\"description\":\"Pedais Shimano M540, preto. Pedais Shimano M540 para chuteira SPD. Mecanismo de ancoragem aberto e peso leve para competi\u00e7\u00e3o de montanha.\",\"breadcrumb\":{\"@id\":\"https:\/\/gr-100.com\/pt-pt\/producto\/pedais-shimano-m540-preto-copia\/#breadcrumb\"},\"inLanguage\":\"pt-PT\",\"potentialAction\":[{\"@type\":\"ReadAction\",\"target\":[\"https:\/\/gr-100.com\/pt-pt\/producto\/pedais-shimano-m540-preto-copia\/\"]}]},{\"@type\":\"ImageObject\",\"inLanguage\":\"pt-PT\",\"@id\":\"https:\/\/gr-100.com\/pt-pt\/producto\/pedais-shimano-m540-preto-copia\/#primaryimage\",\"url\":\"https:\/\/gr-100.com\/wp-content\/uploads\/2025\/01\/P-PD-ES600_2019NPP00.jpg\",\"contentUrl\":\"https:\/\/gr-100.com\/wp-content\/uploads\/2025\/01\/P-PD-ES600_2019NPP00.jpg\",\"width\":1000,\"height\":1000},{\"@type\":\"BreadcrumbList\",\"@id\":\"https:\/\/gr-100.com\/pt-pt\/producto\/pedais-shimano-m540-preto-copia\/#breadcrumb\",\"itemListElement\":[{\"@type\":\"ListItem\",\"position\":1,\"name\":\"Portada\",\"item\":\"https:\/\/gr-100.com\/en\/\"},{\"@type\":\"ListItem\",\"position\":2,\"name\":\"Productos\",\"item\":\"https:\/\/gr-100.com\/?post_type=product\"},{\"@type\":\"ListItem\",\"position\":3,\"name\":\"Pedais Shimano M540, Preto\"}]},{\"@type\":\"WebSite\",\"@id\":\"https:\/\/gr-100.com\/#website\",\"url\":\"https:\/\/gr-100.com\/\",\"name\":\"Gr-100 Tienda de ciclismo Specialized\",\"description\":\"GR-100 tenemos todas las gamas de bicicletas Specialized al mejor precio.\",\"publisher\":{\"@id\":\"https:\/\/gr-100.com\/#organization\"},\"alternateName\":\"Gr-100 Bikes\",\"potentialAction\":[{\"@type\":\"SearchAction\",\"target\":{\"@type\":\"EntryPoint\",\"urlTemplate\":\"https:\/\/gr-100.com\/?s={search_term_string}\"},\"query-input\":{\"@type\":\"PropertyValueSpecification\",\"valueRequired\":true,\"valueName\":\"search_term_string\"}}],\"inLanguage\":\"pt-PT\"},{\"@type\":\"Organization\",\"@id\":\"https:\/\/gr-100.com\/#organization\",\"name\":\"Gr-100\",\"url\":\"https:\/\/gr-100.com\/\",\"logo\":{\"@type\":\"ImageObject\",\"inLanguage\":\"pt-PT\",\"@id\":\"https:\/\/gr-100.com\/#\/schema\/logo\/image\/\",\"url\":\"https:\/\/gr-100.com\/wp-content\/uploads\/2023\/08\/logo-gr-100-bikes.png\",\"contentUrl\":\"https:\/\/gr-100.com\/wp-content\/uploads\/2023\/08\/logo-gr-100-bikes.png\",\"width\":707,\"height\":284,\"caption\":\"Gr-100\"},\"image\":{\"@id\":\"https:\/\/gr-100.com\/#\/schema\/logo\/image\/\"},\"sameAs\":[\"https:\/\/www.facebook.com\/Gr100Bikes\",\"https:\/\/www.instagram.com\/gr100bikes\/\",\"https:\/\/www.tiktok.com\/@gr100bikes\",\"https:\/\/twitter.com\/gr100mtbteam\",\"https:\/\/www.youtube.com\/c\/GR100Specialized\"]}]}<\/script>\n<!-- \/ Yoast SEO Premium plugin. -->","yoast_head_json":{"title":"Pedais Shimano M540, Preto GR-100","description":"Pedais Shimano M540, preto. Pedais Shimano M540 para chuteira SPD. Mecanismo de ancoragem aberto e peso leve para competi\u00e7\u00e3o de montanha.","robots":{"index":"index","follow":"follow","max-snippet":"max-snippet:-1","max-image-preview":"max-image-preview:large","max-video-preview":"max-video-preview:-1"},"canonical":"https:\/\/gr-100.com\/pt-pt\/producto\/pedais-shimano-m540-preto-copia\/","og_locale":"pt_PT","og_type":"article","og_title":"Pedais Shimano M540, Preto","og_description":"Pedais Shimano M540, preto. Pedais Shimano M540 para chuteira SPD. Mecanismo de ancoragem aberto e peso leve para competi\u00e7\u00e3o de montanha.","og_url":"https:\/\/gr-100.com\/pt-pt\/producto\/pedais-shimano-m540-preto-copia\/","og_site_name":"Gr-100 Tienda de ciclismo Specialized","article_publisher":"https:\/\/www.facebook.com\/Gr100Bikes","article_modified_time":"2025-11-27T14:22:48+00:00","og_image":[{"width":1000,"height":1000,"url":"https:\/\/gr-100.com\/wp-content\/uploads\/2025\/01\/P-PD-ES600_2019NPP00.jpg","type":"image\/jpeg"}],"twitter_card":"summary_large_image","twitter_misc":{"Tempo estimado de leitura":"1 minuto"},"schema":{"@context":"https:\/\/schema.org","@graph":[{"@type":"WebPage","@id":"https:\/\/gr-100.com\/pt-pt\/producto\/pedais-shimano-m540-preto-copia\/","url":"https:\/\/gr-100.com\/pt-pt\/producto\/pedais-shimano-m540-preto-copia\/","name":"Pedais Shimano M540, Preto GR-100","isPartOf":{"@id":"https:\/\/gr-100.com\/#website"},"primaryImageOfPage":{"@id":"https:\/\/gr-100.com\/pt-pt\/producto\/pedais-shimano-m540-preto-copia\/#primaryimage"},"image":{"@id":"https:\/\/gr-100.com\/pt-pt\/producto\/pedais-shimano-m540-preto-copia\/#primaryimage"},"thumbnailUrl":"https:\/\/gr-100.com\/wp-content\/uploads\/2025\/01\/P-PD-ES600_2019NPP00.jpg","datePublished":"2025-01-17T10:56:15+00:00","dateModified":"2025-11-27T14:22:48+00:00","description":"Pedais Shimano M540, preto. Pedais Shimano M540 para chuteira SPD. Mecanismo de ancoragem aberto e peso leve para competi\u00e7\u00e3o de montanha.","breadcrumb":{"@id":"https:\/\/gr-100.com\/pt-pt\/producto\/pedais-shimano-m540-preto-copia\/#breadcrumb"},"inLanguage":"pt-PT","potentialAction":[{"@type":"ReadAction","target":["https:\/\/gr-100.com\/pt-pt\/producto\/pedais-shimano-m540-preto-copia\/"]}]},{"@type":"ImageObject","inLanguage":"pt-PT","@id":"https:\/\/gr-100.com\/pt-pt\/producto\/pedais-shimano-m540-preto-copia\/#primaryimage","url":"https:\/\/gr-100.com\/wp-content\/uploads\/2025\/01\/P-PD-ES600_2019NPP00.jpg","contentUrl":"https:\/\/gr-100.com\/wp-content\/uploads\/2025\/01\/P-PD-ES600_2019NPP00.jpg","width":1000,"height":1000},{"@type":"BreadcrumbList","@id":"https:\/\/gr-100.com\/pt-pt\/producto\/pedais-shimano-m540-preto-copia\/#breadcrumb","itemListElement":[{"@type":"ListItem","position":1,"name":"Portada","item":"https:\/\/gr-100.com\/en\/"},{"@type":"ListItem","position":2,"name":"Productos","item":"https:\/\/gr-100.com\/?post_type=product"},{"@type":"ListItem","position":3,"name":"Pedais Shimano M540, Preto"}]},{"@type":"WebSite","@id":"https:\/\/gr-100.com\/#website","url":"https:\/\/gr-100.com\/","name":"Gr-100 Tienda de ciclismo Specialized","description":"GR-100 tenemos todas las gamas de bicicletas Specialized al mejor precio.","publisher":{"@id":"https:\/\/gr-100.com\/#organization"},"alternateName":"Gr-100 Bikes","potentialAction":[{"@type":"SearchAction","target":{"@type":"EntryPoint","urlTemplate":"https:\/\/gr-100.com\/?s={search_term_string}"},"query-input":{"@type":"PropertyValueSpecification","valueRequired":true,"valueName":"search_term_string"}}],"inLanguage":"pt-PT"},{"@type":"Organization","@id":"https:\/\/gr-100.com\/#organization","name":"Gr-100","url":"https:\/\/gr-100.com\/","logo":{"@type":"ImageObject","inLanguage":"pt-PT","@id":"https:\/\/gr-100.com\/#\/schema\/logo\/image\/","url":"https:\/\/gr-100.com\/wp-content\/uploads\/2023\/08\/logo-gr-100-bikes.png","contentUrl":"https:\/\/gr-100.com\/wp-content\/uploads\/2023\/08\/logo-gr-100-bikes.png","width":707,"height":284,"caption":"Gr-100"},"image":{"@id":"https:\/\/gr-100.com\/#\/schema\/logo\/image\/"},"sameAs":["https:\/\/www.facebook.com\/Gr100Bikes","https:\/\/www.instagram.com\/gr100bikes\/","https:\/\/www.tiktok.com\/@gr100bikes","https:\/\/twitter.com\/gr100mtbteam","https:\/\/www.youtube.com\/c\/GR100Specialized"]}]}},"_links":{"self":[{"href":"https:\/\/gr-100.com\/pt-pt\/wp-json\/wp\/v2\/product\/401100","targetHints":{"allow":["GET"]}}],"collection":[{"href":"https:\/\/gr-100.com\/pt-pt\/wp-json\/wp\/v2\/product"}],"about":[{"href":"https:\/\/gr-100.com\/pt-pt\/wp-json\/wp\/v2\/types\/product"}],"replies":[{"embeddable":true,"href":"https:\/\/gr-100.com\/pt-pt\/wp-json\/wp\/v2\/comments?post=401100"}],"wp:featuredmedia":[{"embeddable":true,"href":"https:\/\/gr-100.com\/pt-pt\/wp-json\/wp\/v2\/media\/401103"}],"wp:attachment":[{"href":"https:\/\/gr-100.com\/pt-pt\/wp-json\/wp\/v2\/media?parent=401100"}],"wp:term":[{"taxonomy":"product_brand","embeddable":true,"href":"https:\/\/gr-100.com\/pt-pt\/wp-json\/wp\/v2\/product_brand?post=401100"},{"taxonomy":"product_cat","embeddable":true,"href":"https:\/\/gr-100.com\/pt-pt\/wp-json\/wp\/v2\/product_cat?post=401100"},{"taxonomy":"product_tag","embeddable":true,"href":"https:\/\/gr-100.com\/pt-pt\/wp-json\/wp\/v2\/product_tag?post=401100"}],"curies":[{"name":"wp","href":"https:\/\/api.w.org\/{rel}","templated":true}]}}