{"id":402372,"date":"2025-02-18T19:05:35","date_gmt":"2025-02-18T19:05:35","guid":{"rendered":"https:\/\/gr-100.com\/?post_type=product&#038;p=402372"},"modified":"2025-12-18T17:25:01","modified_gmt":"2025-12-18T15:25:01","slug":"stevens-e-inception-ed-8-7-1-gtf-750wh-ebike","status":"publish","type":"product","link":"https:\/\/gr-100.com\/pt-pt\/producto\/stevens-e-inception-ed-8-7-1-gtf-750wh-ebike\/","title":{"rendered":"Stevens E-inception ED 8.7.1 GTF 750Wh motor Bosch G4"},"content":{"rendered":"<p>Geometr\u00eda ganadora de pruebas con cuadro de carbono para una m\u00e1xima diversi\u00f3n en los senderos orientados al descenso<br \/>\nPotente motor Bosch G4 Performance Line CX con un par de hasta 85 Nm<br \/>\nBater\u00eda fija y ligera de 750 Wh instalada para aventuras alpinas hasta el atardecer<br \/>\nSuspensi\u00f3n suave como la seda de 170 mm con horquilla Rock Shox Lyric Select+ y amortiguador RockShox Super Deluxe Select+<br \/>\nToma de carga para smartphone Hama USB-C en el tubo superior<\/p>\n<p>ESPECIFICACIONES<\/p>\n<ul>\n<li>cuadro<br \/>\nCarbon SL HMF<\/li>\n<li>Talla<br \/>\nM 16&#8243;(1.64\/1.76cm)<\/li>\n<li>Horquilla<br \/>\nRock Shox Lyric Select+<\/li>\n<li>Direcci\u00f3n<br \/>\nAcros Blocklock Taper 1 1\/8&#8243;-1.8&#8243;<\/li>\n<li>Amortiguadores<br \/>\nRock Shox Super Deluxe Select+<\/li>\n<li>Freno delantero<br \/>\nSRAM Code RS<\/li>\n<li>Freno trasero<br \/>\nSRAM Code RS<\/li>\n<li>Disco de freno<br \/>\nSRAM Centerline RT-CLN-A2<br \/>\n<strong>Transmisi\u00f3n<\/strong><\/li>\n<li>Juego de bielas<br \/>\nOxygen E-Scorpo<\/li>\n<li>Motor<br \/>\nsprocket STEVENS E-MTB<\/li>\n<li>Desviador trasero<br \/>\nSRAM GX Eagle AXS<\/li>\n<li>Cadena<br \/>\nSRAM GX Eagle<\/li>\n<li>Cassette<br \/>\nSRAM XG 1275 Eagle<\/li>\n<li>Pedales<br \/>\nMTB Alu Flatpedal Reflex<br \/>\n<strong>E-System<\/strong><\/li>\n<li>Motor<br \/>\nBosch G4 Performance Line CX<\/li>\n<li>Acumulador<br \/>\nBosch PowerTube 750<\/li>\n<li>Cargador<br \/>\nBosch 4A charger<br \/>\n<strong>Juego de Ruedas<\/strong><\/li>\n<li>Rueda delantera<br \/>\nDT Swiss H 1900 Spline<\/li>\n<li>Rueda trasera<br \/>\nDT Swiss H 1900 Spline<\/li>\n<li>Neum\u00e1tico delantero<br \/>\nSchwalbe Magic Mary Evolution<\/li>\n<li>Neum\u00e1tico trasero<br \/>\nSchwalbe Eddy Current Evolution<br \/>\n<strong>Componentes<\/strong><\/li>\n<li>Manillar<br \/>\nOxygen E-Scorpo<\/li>\n<li>Potencia<br \/>\nOxygen E-Scorpo<\/li>\n<li>Sill\u00edn<br \/>\nFizik Terra Alpaca<\/li>\n<li>Tija<br \/>\nOxygen E-Scorpo DPR-E<\/li>\n<li>Maneta de cambio derecha<br \/>\nSRAM Eagle GX AXS<\/li>\n<li>Maneta de frenos<br \/>\nSRAM Code RS<\/li>\n<li>Display<br \/>\nBosch Kiox 300<br \/>\n<strong>Informaci\u00f3n<\/strong><\/li>\n<li>Peso<br \/>\n25.3 kg<\/li>\n<li>Peso total permitido<br \/>\n140 kg<\/li>\n<\/ul>\n","protected":false},"excerpt":{"rendered":"<p><strong>Potente motor Bosch G4 Performance Line CX con un par de hasta 85 Nm. Bater\u00eda fija y ligera de 750 Wh. Suspensiones RockShox. Talla M 16&#8243;(1.64\/1.76cm)<\/strong><\/p>\n","protected":false},"featured_media":402434,"comment_status":"open","ping_status":"closed","template":"","meta":{"_acf_changed":false,"_et_pb_use_builder":"","_et_pb_old_content":"","_et_gb_content_width":"","inline_featured_image":false},"product_brand":[],"product_cat":[420,23],"product_tag":[],"class_list":{"0":"post-402372","1":"product","2":"type-product","3":"status-publish","4":"has-post-thumbnail","6":"product_cat-bicicletas","7":"product_cat-bicicletas-electricas","8":"product_shipping_class-bicicletas","10":"first","11":"outofstock","12":"sale","13":"taxable","14":"shipping-taxable","15":"purchasable","16":"product-type-simple"},"acf":[],"yoast_head":"<!-- This site is optimized with the Yoast SEO Premium plugin v26.7 (Yoast SEO v26.7) - https:\/\/yoast.com\/wordpress\/plugins\/seo\/ -->\n<title>Stevens E-inception ED 8.7.1 GTF 750Wh motor Bosch G4 GR-100<\/title>\n<meta name=\"description\" content=\"Potente motor Bosch G4 Performance Line CX con un par de hasta 85 Nm. Bater\u00eda fija y ligera de 750 Wh. Suspensiones RockShox. Talla M 16&quot;(1.68\/1.78cm)\" \/>\n<meta name=\"robots\" content=\"index, follow, max-snippet:-1, max-image-preview:large, max-video-preview:-1\" \/>\n<link rel=\"canonical\" href=\"https:\/\/gr-100.com\/producto\/stevens-e-inception-ed-8-7-1-gtf-750wh-ebike\/\" \/>\n<meta property=\"og:locale\" content=\"pt_PT\" \/>\n<meta property=\"og:type\" content=\"article\" \/>\n<meta property=\"og:title\" content=\"Stevens E-inception ED 8.7.1 GTF 750Wh motor Bosch G4\" \/>\n<meta property=\"og:description\" content=\"Potente motor Bosch G4 Performance Line CX con un par de hasta 85 Nm. Bater\u00eda fija y ligera de 750 Wh. Suspensiones RockShox. Talla M 16&quot;(1.68\/1.78cm)\" \/>\n<meta property=\"og:url\" content=\"https:\/\/gr-100.com\/producto\/stevens-e-inception-ed-8-7-1-gtf-750wh-ebike\/\" \/>\n<meta property=\"og:site_name\" content=\"Gr-100 Tienda de ciclismo Specialized\" \/>\n<meta property=\"article:publisher\" content=\"https:\/\/www.facebook.com\/Gr100Bikes\" \/>\n<meta property=\"article:modified_time\" content=\"2025-12-18T15:25:01+00:00\" \/>\n<meta property=\"og:image\" content=\"https:\/\/gr-100.com\/wp-content\/uploads\/2025\/02\/Stevens-E-Inception-ED-8.7.1-GTF-750Wh-a.jpg\" \/>\n\t<meta property=\"og:image:width\" content=\"1000\" \/>\n\t<meta property=\"og:image:height\" content=\"1000\" \/>\n\t<meta property=\"og:image:type\" content=\"image\/jpeg\" \/>\n<meta name=\"twitter:card\" content=\"summary_large_image\" \/>\n<meta name=\"twitter:label1\" content=\"Tempo estimado de leitura\" \/>\n\t<meta name=\"twitter:data1\" content=\"2 minutos\" \/>\n<script type=\"application\/ld+json\" class=\"yoast-schema-graph\">{\"@context\":\"https:\/\/schema.org\",\"@graph\":[{\"@type\":\"WebPage\",\"@id\":\"https:\/\/gr-100.com\/producto\/stevens-e-inception-ed-8-7-1-gtf-750wh-ebike\/\",\"url\":\"https:\/\/gr-100.com\/producto\/stevens-e-inception-ed-8-7-1-gtf-750wh-ebike\/\",\"name\":\"Stevens E-inception ED 8.7.1 GTF 750Wh motor Bosch G4 GR-100\",\"isPartOf\":{\"@id\":\"https:\/\/gr-100.com\/#website\"},\"primaryImageOfPage\":{\"@id\":\"https:\/\/gr-100.com\/producto\/stevens-e-inception-ed-8-7-1-gtf-750wh-ebike\/#primaryimage\"},\"image\":{\"@id\":\"https:\/\/gr-100.com\/producto\/stevens-e-inception-ed-8-7-1-gtf-750wh-ebike\/#primaryimage\"},\"thumbnailUrl\":\"https:\/\/gr-100.com\/wp-content\/uploads\/2025\/02\/Stevens-E-Inception-ED-8.7.1-GTF-750Wh-a.jpg\",\"datePublished\":\"2025-02-18T19:05:35+00:00\",\"dateModified\":\"2025-12-18T15:25:01+00:00\",\"description\":\"Potente motor Bosch G4 Performance Line CX con un par de hasta 85 Nm. Bater\u00eda fija y ligera de 750 Wh. Suspensiones RockShox. Talla M 16\\\"(1.68\/1.78cm)\",\"breadcrumb\":{\"@id\":\"https:\/\/gr-100.com\/producto\/stevens-e-inception-ed-8-7-1-gtf-750wh-ebike\/#breadcrumb\"},\"inLanguage\":\"pt-PT\",\"potentialAction\":[{\"@type\":\"ReadAction\",\"target\":[\"https:\/\/gr-100.com\/producto\/stevens-e-inception-ed-8-7-1-gtf-750wh-ebike\/\"]}]},{\"@type\":\"ImageObject\",\"inLanguage\":\"pt-PT\",\"@id\":\"https:\/\/gr-100.com\/producto\/stevens-e-inception-ed-8-7-1-gtf-750wh-ebike\/#primaryimage\",\"url\":\"https:\/\/gr-100.com\/wp-content\/uploads\/2025\/02\/Stevens-E-Inception-ED-8.7.1-GTF-750Wh-a.jpg\",\"contentUrl\":\"https:\/\/gr-100.com\/wp-content\/uploads\/2025\/02\/Stevens-E-Inception-ED-8.7.1-GTF-750Wh-a.jpg\",\"width\":1000,\"height\":1000},{\"@type\":\"BreadcrumbList\",\"@id\":\"https:\/\/gr-100.com\/producto\/stevens-e-inception-ed-8-7-1-gtf-750wh-ebike\/#breadcrumb\",\"itemListElement\":[{\"@type\":\"ListItem\",\"position\":1,\"name\":\"Portada\",\"item\":\"https:\/\/gr-100.com\/en\/\"},{\"@type\":\"ListItem\",\"position\":2,\"name\":\"Productos\",\"item\":\"https:\/\/gr-100.com\/?post_type=product\"},{\"@type\":\"ListItem\",\"position\":3,\"name\":\"Stevens E-inception ED 8.7.1 GTF 750Wh motor Bosch G4\"}]},{\"@type\":\"WebSite\",\"@id\":\"https:\/\/gr-100.com\/#website\",\"url\":\"https:\/\/gr-100.com\/\",\"name\":\"Gr-100 Tienda de ciclismo Specialized\",\"description\":\"GR-100 tenemos todas las gamas de bicicletas Specialized al mejor precio.\",\"publisher\":{\"@id\":\"https:\/\/gr-100.com\/#organization\"},\"alternateName\":\"Gr-100 Bikes\",\"potentialAction\":[{\"@type\":\"SearchAction\",\"target\":{\"@type\":\"EntryPoint\",\"urlTemplate\":\"https:\/\/gr-100.com\/?s={search_term_string}\"},\"query-input\":{\"@type\":\"PropertyValueSpecification\",\"valueRequired\":true,\"valueName\":\"search_term_string\"}}],\"inLanguage\":\"pt-PT\"},{\"@type\":\"Organization\",\"@id\":\"https:\/\/gr-100.com\/#organization\",\"name\":\"Gr-100\",\"url\":\"https:\/\/gr-100.com\/\",\"logo\":{\"@type\":\"ImageObject\",\"inLanguage\":\"pt-PT\",\"@id\":\"https:\/\/gr-100.com\/#\/schema\/logo\/image\/\",\"url\":\"https:\/\/gr-100.com\/wp-content\/uploads\/2023\/08\/logo-gr-100-bikes.png\",\"contentUrl\":\"https:\/\/gr-100.com\/wp-content\/uploads\/2023\/08\/logo-gr-100-bikes.png\",\"width\":707,\"height\":284,\"caption\":\"Gr-100\"},\"image\":{\"@id\":\"https:\/\/gr-100.com\/#\/schema\/logo\/image\/\"},\"sameAs\":[\"https:\/\/www.facebook.com\/Gr100Bikes\",\"https:\/\/www.instagram.com\/gr100bikes\/\",\"https:\/\/www.tiktok.com\/@gr100bikes\",\"https:\/\/twitter.com\/gr100mtbteam\",\"https:\/\/www.youtube.com\/c\/GR100Specialized\"]}]}<\/script>\n<!-- \/ Yoast SEO Premium plugin. -->","yoast_head_json":{"title":"Stevens E-inception ED 8.7.1 GTF 750Wh motor Bosch G4 GR-100","description":"Potente motor Bosch G4 Performance Line CX con un par de hasta 85 Nm. Bater\u00eda fija y ligera de 750 Wh. Suspensiones RockShox. Talla M 16\"(1.68\/1.78cm)","robots":{"index":"index","follow":"follow","max-snippet":"max-snippet:-1","max-image-preview":"max-image-preview:large","max-video-preview":"max-video-preview:-1"},"canonical":"https:\/\/gr-100.com\/producto\/stevens-e-inception-ed-8-7-1-gtf-750wh-ebike\/","og_locale":"pt_PT","og_type":"article","og_title":"Stevens E-inception ED 8.7.1 GTF 750Wh motor Bosch G4","og_description":"Potente motor Bosch G4 Performance Line CX con un par de hasta 85 Nm. Bater\u00eda fija y ligera de 750 Wh. Suspensiones RockShox. Talla M 16\"(1.68\/1.78cm)","og_url":"https:\/\/gr-100.com\/producto\/stevens-e-inception-ed-8-7-1-gtf-750wh-ebike\/","og_site_name":"Gr-100 Tienda de ciclismo Specialized","article_publisher":"https:\/\/www.facebook.com\/Gr100Bikes","article_modified_time":"2025-12-18T15:25:01+00:00","og_image":[{"width":1000,"height":1000,"url":"https:\/\/gr-100.com\/wp-content\/uploads\/2025\/02\/Stevens-E-Inception-ED-8.7.1-GTF-750Wh-a.jpg","type":"image\/jpeg"}],"twitter_card":"summary_large_image","twitter_misc":{"Tempo estimado de leitura":"2 minutos"},"schema":{"@context":"https:\/\/schema.org","@graph":[{"@type":"WebPage","@id":"https:\/\/gr-100.com\/producto\/stevens-e-inception-ed-8-7-1-gtf-750wh-ebike\/","url":"https:\/\/gr-100.com\/producto\/stevens-e-inception-ed-8-7-1-gtf-750wh-ebike\/","name":"Stevens E-inception ED 8.7.1 GTF 750Wh motor Bosch G4 GR-100","isPartOf":{"@id":"https:\/\/gr-100.com\/#website"},"primaryImageOfPage":{"@id":"https:\/\/gr-100.com\/producto\/stevens-e-inception-ed-8-7-1-gtf-750wh-ebike\/#primaryimage"},"image":{"@id":"https:\/\/gr-100.com\/producto\/stevens-e-inception-ed-8-7-1-gtf-750wh-ebike\/#primaryimage"},"thumbnailUrl":"https:\/\/gr-100.com\/wp-content\/uploads\/2025\/02\/Stevens-E-Inception-ED-8.7.1-GTF-750Wh-a.jpg","datePublished":"2025-02-18T19:05:35+00:00","dateModified":"2025-12-18T15:25:01+00:00","description":"Potente motor Bosch G4 Performance Line CX con un par de hasta 85 Nm. Bater\u00eda fija y ligera de 750 Wh. Suspensiones RockShox. Talla M 16\"(1.68\/1.78cm)","breadcrumb":{"@id":"https:\/\/gr-100.com\/producto\/stevens-e-inception-ed-8-7-1-gtf-750wh-ebike\/#breadcrumb"},"inLanguage":"pt-PT","potentialAction":[{"@type":"ReadAction","target":["https:\/\/gr-100.com\/producto\/stevens-e-inception-ed-8-7-1-gtf-750wh-ebike\/"]}]},{"@type":"ImageObject","inLanguage":"pt-PT","@id":"https:\/\/gr-100.com\/producto\/stevens-e-inception-ed-8-7-1-gtf-750wh-ebike\/#primaryimage","url":"https:\/\/gr-100.com\/wp-content\/uploads\/2025\/02\/Stevens-E-Inception-ED-8.7.1-GTF-750Wh-a.jpg","contentUrl":"https:\/\/gr-100.com\/wp-content\/uploads\/2025\/02\/Stevens-E-Inception-ED-8.7.1-GTF-750Wh-a.jpg","width":1000,"height":1000},{"@type":"BreadcrumbList","@id":"https:\/\/gr-100.com\/producto\/stevens-e-inception-ed-8-7-1-gtf-750wh-ebike\/#breadcrumb","itemListElement":[{"@type":"ListItem","position":1,"name":"Portada","item":"https:\/\/gr-100.com\/en\/"},{"@type":"ListItem","position":2,"name":"Productos","item":"https:\/\/gr-100.com\/?post_type=product"},{"@type":"ListItem","position":3,"name":"Stevens E-inception ED 8.7.1 GTF 750Wh motor Bosch G4"}]},{"@type":"WebSite","@id":"https:\/\/gr-100.com\/#website","url":"https:\/\/gr-100.com\/","name":"Gr-100 Tienda de ciclismo Specialized","description":"GR-100 tenemos todas las gamas de bicicletas Specialized al mejor precio.","publisher":{"@id":"https:\/\/gr-100.com\/#organization"},"alternateName":"Gr-100 Bikes","potentialAction":[{"@type":"SearchAction","target":{"@type":"EntryPoint","urlTemplate":"https:\/\/gr-100.com\/?s={search_term_string}"},"query-input":{"@type":"PropertyValueSpecification","valueRequired":true,"valueName":"search_term_string"}}],"inLanguage":"pt-PT"},{"@type":"Organization","@id":"https:\/\/gr-100.com\/#organization","name":"Gr-100","url":"https:\/\/gr-100.com\/","logo":{"@type":"ImageObject","inLanguage":"pt-PT","@id":"https:\/\/gr-100.com\/#\/schema\/logo\/image\/","url":"https:\/\/gr-100.com\/wp-content\/uploads\/2023\/08\/logo-gr-100-bikes.png","contentUrl":"https:\/\/gr-100.com\/wp-content\/uploads\/2023\/08\/logo-gr-100-bikes.png","width":707,"height":284,"caption":"Gr-100"},"image":{"@id":"https:\/\/gr-100.com\/#\/schema\/logo\/image\/"},"sameAs":["https:\/\/www.facebook.com\/Gr100Bikes","https:\/\/www.instagram.com\/gr100bikes\/","https:\/\/www.tiktok.com\/@gr100bikes","https:\/\/twitter.com\/gr100mtbteam","https:\/\/www.youtube.com\/c\/GR100Specialized"]}]}},"_links":{"self":[{"href":"https:\/\/gr-100.com\/pt-pt\/wp-json\/wp\/v2\/product\/402372","targetHints":{"allow":["GET"]}}],"collection":[{"href":"https:\/\/gr-100.com\/pt-pt\/wp-json\/wp\/v2\/product"}],"about":[{"href":"https:\/\/gr-100.com\/pt-pt\/wp-json\/wp\/v2\/types\/product"}],"replies":[{"embeddable":true,"href":"https:\/\/gr-100.com\/pt-pt\/wp-json\/wp\/v2\/comments?post=402372"}],"wp:featuredmedia":[{"embeddable":true,"href":"https:\/\/gr-100.com\/pt-pt\/wp-json\/wp\/v2\/media\/402434"}],"wp:attachment":[{"href":"https:\/\/gr-100.com\/pt-pt\/wp-json\/wp\/v2\/media?parent=402372"}],"wp:term":[{"taxonomy":"product_brand","embeddable":true,"href":"https:\/\/gr-100.com\/pt-pt\/wp-json\/wp\/v2\/product_brand?post=402372"},{"taxonomy":"product_cat","embeddable":true,"href":"https:\/\/gr-100.com\/pt-pt\/wp-json\/wp\/v2\/product_cat?post=402372"},{"taxonomy":"product_tag","embeddable":true,"href":"https:\/\/gr-100.com\/pt-pt\/wp-json\/wp\/v2\/product_tag?post=402372"}],"curies":[{"name":"wp","href":"https:\/\/api.w.org\/{rel}","templated":true}]}}