{"id":403549,"date":"2025-03-13T18:24:00","date_gmt":"2025-03-13T16:24:00","guid":{"rendered":"https:\/\/gr-100.com\/?post_type=product&#038;p=403549"},"modified":"2025-11-27T16:20:19","modified_gmt":"2025-11-27T14:20:19","slug":"megamo-track-buff-megamo-ltd-2024-gx-axs-t-type-copia","status":"publish","type":"product","link":"https:\/\/gr-100.com\/pt-pt\/producto\/megamo-track-buff-megamo-ltd-2024-gx-axs-t-type-copia\/","title":{"rendered":"Megamo Track Buff-Megamo LTD 2024 GX AXS T-Type"},"content":{"rendered":"<ul>\n<li>Full Carbon Construction FSC Technology BB92 Carbon Swingarm Boost 12x148mm Track Frame<\/li>\n<li>Rock Shox SID Base 3 Posi\u00e7\u00e3o Remoto 29&#8243; BOOST\u2122 15&#215;110 Debonair 120mm 44mm Garfo Offset<\/li>\n<li>Rock Shox SIDLuxe Select+ 3P 190&#215;45 Amortecedor<\/li>\n<li>Fone de ouvido integrado transmiss\u00e3o<strong>de roteamento<\/strong><br \/>\nde cabo interno completo<\/li>\n<li>Sram GX Eagle AXS 12s Descarrilador Traseiro<\/li>\n<li>Controlador Sram Eagle AXS Shifters<\/li>\n<li>Sram GX 12s T-type 34T Chainring<\/li>\n<li>Sram GX Eagle T-type 10-52T<br \/>\n<strong>Freios<\/strong><\/li>\n<li>Sram N\u00edvel Bronze Stealth 4 Piston<br \/>\n<strong>Wheels<\/strong> Brake<br \/>\nset<\/li>\n<li>Pirelli Scorpion XC 29&#215;2.4 Pneus<br \/>\nProntos Sem Tubo<\/li>\n<li>Jantes<br \/>\nDT Swiss XR 1900<br \/>\n<strong>Componentes<\/strong><\/li>\n<li>Guiador<br \/>\nde carbono totalmente integrado Megamo<\/li>\n<li>Durmas Posto conta-gotas<\/li>\n<li>Selle italia Novus Boost Superflow Sela<\/li>\n<\/ul>\n<p>As especifica\u00e7\u00f5es est\u00e3o sujeitas a altera\u00e7\u00f5es sem aviso pr\u00e9vio.<\/p>\n","protected":false},"excerpt":{"rendered":"<p>Edi\u00e7\u00e3o limitada. Tem um design gr\u00e1fico exclusivo e espec\u00edfico para a equipa. O design apresenta cores frescas e vivas, Original BUFF\u00ae e a marca Megamo.<\/p>\n<ul>\n<li>Quadro de trilha FSC de carbono completo, Buff Megamo Edition<\/li>\n<li>Rock Shox SID Base 3 Posi\u00e7\u00e3o garfo 120mm curso<\/li>\n<li>Rock Shox SIDLuxe Select+ 3P 190&#215;45 Amortecedor<\/li>\n<li>Transmiss\u00e3o de 12 velocidades Sram GX AXS T-Type<\/li>\n<li>Sram Level Bronze Stealth 4 Pist\u00e3o Hidr\u00e1ulico Freios a Disco<\/li>\n<li>Rodas DT Swiss XR 1900 Rodas<\/li>\n<li>Tija telescopica Durmas Conta-gotas<\/li>\n<li>Color BUFF-MEGAMO EDI\u00c7\u00c3O<\/li>\n<\/ul>\n","protected":false},"featured_media":403558,"comment_status":"closed","ping_status":"closed","template":"","meta":{"_acf_changed":false,"_et_pb_use_builder":"","_et_pb_old_content":"","_et_gb_content_width":"","inline_featured_image":false},"product_brand":[],"product_cat":[2459,402,2460,2461,2696],"product_tag":[],"class_list":{"0":"post-403549","1":"product","2":"type-product","3":"status-publish","4":"has-post-thumbnail","6":"product_cat-bicicletas-pt-pt-2","7":"product_cat-montanha","8":"product_cat-ofertas-pt-pt","9":"product_cat-oferta-montanha","10":"product_cat-ofertas-especializadas","11":"product_shipping_class-bicicletas-pt-pt","13":"first","14":"outofstock","15":"taxable","16":"shipping-taxable","17":"product-type-variable","18":"wvs-archive-product-wrapper"},"acf":[],"yoast_head":"<!-- This site is optimized with the Yoast SEO Premium plugin v26.7 (Yoast SEO v26.7) - https:\/\/yoast.com\/wordpress\/plugins\/seo\/ -->\n<title>Megamo Track Buff-Megamo LTD 2024 GX AXS T-Type GR-100<\/title>\n<meta name=\"description\" content=\"Quadro em carbono. Rock Shox SID. Transmiss\u00e3o Sram GX Eagle AXS 12s. Sram Level Bronze Trav\u00f5es furtivos. Espig\u00e3o telesc\u00f3pico. Guiador integrado.\" \/>\n<meta name=\"robots\" content=\"index, follow, max-snippet:-1, max-image-preview:large, max-video-preview:-1\" \/>\n<link rel=\"canonical\" href=\"https:\/\/gr-100.com\/pt-pt\/producto\/megamo-track-buff-megamo-ltd-2024-gx-axs-t-type-copia\/\" \/>\n<meta property=\"og:locale\" content=\"pt_PT\" \/>\n<meta property=\"og:type\" content=\"article\" \/>\n<meta property=\"og:title\" content=\"Megamo Track Buff-Megamo LTD 2024 GX AXS T-Type\" \/>\n<meta property=\"og:description\" content=\"Quadro em carbono. Rock Shox SID. Transmiss\u00e3o Sram GX Eagle AXS 12s. Sram Level Bronze Trav\u00f5es furtivos. Espig\u00e3o telesc\u00f3pico. Guiador integrado.\" \/>\n<meta property=\"og:url\" content=\"https:\/\/gr-100.com\/pt-pt\/producto\/megamo-track-buff-megamo-ltd-2024-gx-axs-t-type-copia\/\" \/>\n<meta property=\"og:site_name\" content=\"Gr-100 Tienda de ciclismo Specialized\" \/>\n<meta property=\"article:publisher\" content=\"https:\/\/www.facebook.com\/Gr100Bikes\" \/>\n<meta property=\"article:modified_time\" content=\"2025-11-27T14:20:19+00:00\" \/>\n<meta property=\"og:image\" content=\"https:\/\/gr-100.com\/wp-content\/uploads\/2025\/03\/Track_10_LTD_-forest1.jpg\" \/>\n\t<meta property=\"og:image:width\" content=\"1000\" \/>\n\t<meta property=\"og:image:height\" content=\"1000\" \/>\n\t<meta property=\"og:image:type\" content=\"image\/jpeg\" \/>\n<meta name=\"twitter:card\" content=\"summary_large_image\" \/>\n<meta name=\"twitter:label1\" content=\"Tempo estimado de leitura\" \/>\n\t<meta name=\"twitter:data1\" content=\"1 minuto\" \/>\n<script type=\"application\/ld+json\" class=\"yoast-schema-graph\">{\"@context\":\"https:\/\/schema.org\",\"@graph\":[{\"@type\":\"WebPage\",\"@id\":\"https:\/\/gr-100.com\/pt-pt\/producto\/megamo-track-buff-megamo-ltd-2024-gx-axs-t-type-copia\/\",\"url\":\"https:\/\/gr-100.com\/pt-pt\/producto\/megamo-track-buff-megamo-ltd-2024-gx-axs-t-type-copia\/\",\"name\":\"Megamo Track Buff-Megamo LTD 2024 GX AXS T-Type GR-100\",\"isPartOf\":{\"@id\":\"https:\/\/gr-100.com\/#website\"},\"primaryImageOfPage\":{\"@id\":\"https:\/\/gr-100.com\/pt-pt\/producto\/megamo-track-buff-megamo-ltd-2024-gx-axs-t-type-copia\/#primaryimage\"},\"image\":{\"@id\":\"https:\/\/gr-100.com\/pt-pt\/producto\/megamo-track-buff-megamo-ltd-2024-gx-axs-t-type-copia\/#primaryimage\"},\"thumbnailUrl\":\"https:\/\/gr-100.com\/wp-content\/uploads\/2025\/03\/Track_10_LTD_-forest1.jpg\",\"datePublished\":\"2025-03-13T16:24:00+00:00\",\"dateModified\":\"2025-11-27T14:20:19+00:00\",\"description\":\"Quadro em carbono. Rock Shox SID. Transmiss\u00e3o Sram GX Eagle AXS 12s. Sram Level Bronze Trav\u00f5es furtivos. Espig\u00e3o telesc\u00f3pico. Guiador integrado.\",\"breadcrumb\":{\"@id\":\"https:\/\/gr-100.com\/pt-pt\/producto\/megamo-track-buff-megamo-ltd-2024-gx-axs-t-type-copia\/#breadcrumb\"},\"inLanguage\":\"pt-PT\",\"potentialAction\":[{\"@type\":\"ReadAction\",\"target\":[\"https:\/\/gr-100.com\/pt-pt\/producto\/megamo-track-buff-megamo-ltd-2024-gx-axs-t-type-copia\/\"]}]},{\"@type\":\"ImageObject\",\"inLanguage\":\"pt-PT\",\"@id\":\"https:\/\/gr-100.com\/pt-pt\/producto\/megamo-track-buff-megamo-ltd-2024-gx-axs-t-type-copia\/#primaryimage\",\"url\":\"https:\/\/gr-100.com\/wp-content\/uploads\/2025\/03\/Track_10_LTD_-forest1.jpg\",\"contentUrl\":\"https:\/\/gr-100.com\/wp-content\/uploads\/2025\/03\/Track_10_LTD_-forest1.jpg\",\"width\":1000,\"height\":1000},{\"@type\":\"BreadcrumbList\",\"@id\":\"https:\/\/gr-100.com\/pt-pt\/producto\/megamo-track-buff-megamo-ltd-2024-gx-axs-t-type-copia\/#breadcrumb\",\"itemListElement\":[{\"@type\":\"ListItem\",\"position\":1,\"name\":\"Portada\",\"item\":\"https:\/\/gr-100.com\/en\/\"},{\"@type\":\"ListItem\",\"position\":2,\"name\":\"Productos\",\"item\":\"https:\/\/gr-100.com\/?post_type=product\"},{\"@type\":\"ListItem\",\"position\":3,\"name\":\"Megamo Track Buff-Megamo LTD 2024 GX AXS T-Type\"}]},{\"@type\":\"WebSite\",\"@id\":\"https:\/\/gr-100.com\/#website\",\"url\":\"https:\/\/gr-100.com\/\",\"name\":\"Gr-100 Tienda de ciclismo Specialized\",\"description\":\"GR-100 tenemos todas las gamas de bicicletas Specialized al mejor precio.\",\"publisher\":{\"@id\":\"https:\/\/gr-100.com\/#organization\"},\"alternateName\":\"Gr-100 Bikes\",\"potentialAction\":[{\"@type\":\"SearchAction\",\"target\":{\"@type\":\"EntryPoint\",\"urlTemplate\":\"https:\/\/gr-100.com\/?s={search_term_string}\"},\"query-input\":{\"@type\":\"PropertyValueSpecification\",\"valueRequired\":true,\"valueName\":\"search_term_string\"}}],\"inLanguage\":\"pt-PT\"},{\"@type\":\"Organization\",\"@id\":\"https:\/\/gr-100.com\/#organization\",\"name\":\"Gr-100\",\"url\":\"https:\/\/gr-100.com\/\",\"logo\":{\"@type\":\"ImageObject\",\"inLanguage\":\"pt-PT\",\"@id\":\"https:\/\/gr-100.com\/#\/schema\/logo\/image\/\",\"url\":\"https:\/\/gr-100.com\/wp-content\/uploads\/2023\/08\/logo-gr-100-bikes.png\",\"contentUrl\":\"https:\/\/gr-100.com\/wp-content\/uploads\/2023\/08\/logo-gr-100-bikes.png\",\"width\":707,\"height\":284,\"caption\":\"Gr-100\"},\"image\":{\"@id\":\"https:\/\/gr-100.com\/#\/schema\/logo\/image\/\"},\"sameAs\":[\"https:\/\/www.facebook.com\/Gr100Bikes\",\"https:\/\/www.instagram.com\/gr100bikes\/\",\"https:\/\/www.tiktok.com\/@gr100bikes\",\"https:\/\/twitter.com\/gr100mtbteam\",\"https:\/\/www.youtube.com\/c\/GR100Specialized\"]}]}<\/script>\n<!-- \/ Yoast SEO Premium plugin. -->","yoast_head_json":{"title":"Megamo Track Buff-Megamo LTD 2024 GX AXS T-Type GR-100","description":"Quadro em carbono. Rock Shox SID. Transmiss\u00e3o Sram GX Eagle AXS 12s. Sram Level Bronze Trav\u00f5es furtivos. Espig\u00e3o telesc\u00f3pico. Guiador integrado.","robots":{"index":"index","follow":"follow","max-snippet":"max-snippet:-1","max-image-preview":"max-image-preview:large","max-video-preview":"max-video-preview:-1"},"canonical":"https:\/\/gr-100.com\/pt-pt\/producto\/megamo-track-buff-megamo-ltd-2024-gx-axs-t-type-copia\/","og_locale":"pt_PT","og_type":"article","og_title":"Megamo Track Buff-Megamo LTD 2024 GX AXS T-Type","og_description":"Quadro em carbono. Rock Shox SID. Transmiss\u00e3o Sram GX Eagle AXS 12s. Sram Level Bronze Trav\u00f5es furtivos. Espig\u00e3o telesc\u00f3pico. Guiador integrado.","og_url":"https:\/\/gr-100.com\/pt-pt\/producto\/megamo-track-buff-megamo-ltd-2024-gx-axs-t-type-copia\/","og_site_name":"Gr-100 Tienda de ciclismo Specialized","article_publisher":"https:\/\/www.facebook.com\/Gr100Bikes","article_modified_time":"2025-11-27T14:20:19+00:00","og_image":[{"width":1000,"height":1000,"url":"https:\/\/gr-100.com\/wp-content\/uploads\/2025\/03\/Track_10_LTD_-forest1.jpg","type":"image\/jpeg"}],"twitter_card":"summary_large_image","twitter_misc":{"Tempo estimado de leitura":"1 minuto"},"schema":{"@context":"https:\/\/schema.org","@graph":[{"@type":"WebPage","@id":"https:\/\/gr-100.com\/pt-pt\/producto\/megamo-track-buff-megamo-ltd-2024-gx-axs-t-type-copia\/","url":"https:\/\/gr-100.com\/pt-pt\/producto\/megamo-track-buff-megamo-ltd-2024-gx-axs-t-type-copia\/","name":"Megamo Track Buff-Megamo LTD 2024 GX AXS T-Type GR-100","isPartOf":{"@id":"https:\/\/gr-100.com\/#website"},"primaryImageOfPage":{"@id":"https:\/\/gr-100.com\/pt-pt\/producto\/megamo-track-buff-megamo-ltd-2024-gx-axs-t-type-copia\/#primaryimage"},"image":{"@id":"https:\/\/gr-100.com\/pt-pt\/producto\/megamo-track-buff-megamo-ltd-2024-gx-axs-t-type-copia\/#primaryimage"},"thumbnailUrl":"https:\/\/gr-100.com\/wp-content\/uploads\/2025\/03\/Track_10_LTD_-forest1.jpg","datePublished":"2025-03-13T16:24:00+00:00","dateModified":"2025-11-27T14:20:19+00:00","description":"Quadro em carbono. Rock Shox SID. Transmiss\u00e3o Sram GX Eagle AXS 12s. Sram Level Bronze Trav\u00f5es furtivos. Espig\u00e3o telesc\u00f3pico. Guiador integrado.","breadcrumb":{"@id":"https:\/\/gr-100.com\/pt-pt\/producto\/megamo-track-buff-megamo-ltd-2024-gx-axs-t-type-copia\/#breadcrumb"},"inLanguage":"pt-PT","potentialAction":[{"@type":"ReadAction","target":["https:\/\/gr-100.com\/pt-pt\/producto\/megamo-track-buff-megamo-ltd-2024-gx-axs-t-type-copia\/"]}]},{"@type":"ImageObject","inLanguage":"pt-PT","@id":"https:\/\/gr-100.com\/pt-pt\/producto\/megamo-track-buff-megamo-ltd-2024-gx-axs-t-type-copia\/#primaryimage","url":"https:\/\/gr-100.com\/wp-content\/uploads\/2025\/03\/Track_10_LTD_-forest1.jpg","contentUrl":"https:\/\/gr-100.com\/wp-content\/uploads\/2025\/03\/Track_10_LTD_-forest1.jpg","width":1000,"height":1000},{"@type":"BreadcrumbList","@id":"https:\/\/gr-100.com\/pt-pt\/producto\/megamo-track-buff-megamo-ltd-2024-gx-axs-t-type-copia\/#breadcrumb","itemListElement":[{"@type":"ListItem","position":1,"name":"Portada","item":"https:\/\/gr-100.com\/en\/"},{"@type":"ListItem","position":2,"name":"Productos","item":"https:\/\/gr-100.com\/?post_type=product"},{"@type":"ListItem","position":3,"name":"Megamo Track Buff-Megamo LTD 2024 GX AXS T-Type"}]},{"@type":"WebSite","@id":"https:\/\/gr-100.com\/#website","url":"https:\/\/gr-100.com\/","name":"Gr-100 Tienda de ciclismo Specialized","description":"GR-100 tenemos todas las gamas de bicicletas Specialized al mejor precio.","publisher":{"@id":"https:\/\/gr-100.com\/#organization"},"alternateName":"Gr-100 Bikes","potentialAction":[{"@type":"SearchAction","target":{"@type":"EntryPoint","urlTemplate":"https:\/\/gr-100.com\/?s={search_term_string}"},"query-input":{"@type":"PropertyValueSpecification","valueRequired":true,"valueName":"search_term_string"}}],"inLanguage":"pt-PT"},{"@type":"Organization","@id":"https:\/\/gr-100.com\/#organization","name":"Gr-100","url":"https:\/\/gr-100.com\/","logo":{"@type":"ImageObject","inLanguage":"pt-PT","@id":"https:\/\/gr-100.com\/#\/schema\/logo\/image\/","url":"https:\/\/gr-100.com\/wp-content\/uploads\/2023\/08\/logo-gr-100-bikes.png","contentUrl":"https:\/\/gr-100.com\/wp-content\/uploads\/2023\/08\/logo-gr-100-bikes.png","width":707,"height":284,"caption":"Gr-100"},"image":{"@id":"https:\/\/gr-100.com\/#\/schema\/logo\/image\/"},"sameAs":["https:\/\/www.facebook.com\/Gr100Bikes","https:\/\/www.instagram.com\/gr100bikes\/","https:\/\/www.tiktok.com\/@gr100bikes","https:\/\/twitter.com\/gr100mtbteam","https:\/\/www.youtube.com\/c\/GR100Specialized"]}]}},"_links":{"self":[{"href":"https:\/\/gr-100.com\/pt-pt\/wp-json\/wp\/v2\/product\/403549","targetHints":{"allow":["GET"]}}],"collection":[{"href":"https:\/\/gr-100.com\/pt-pt\/wp-json\/wp\/v2\/product"}],"about":[{"href":"https:\/\/gr-100.com\/pt-pt\/wp-json\/wp\/v2\/types\/product"}],"replies":[{"embeddable":true,"href":"https:\/\/gr-100.com\/pt-pt\/wp-json\/wp\/v2\/comments?post=403549"}],"wp:featuredmedia":[{"embeddable":true,"href":"https:\/\/gr-100.com\/pt-pt\/wp-json\/wp\/v2\/media\/403558"}],"wp:attachment":[{"href":"https:\/\/gr-100.com\/pt-pt\/wp-json\/wp\/v2\/media?parent=403549"}],"wp:term":[{"taxonomy":"product_brand","embeddable":true,"href":"https:\/\/gr-100.com\/pt-pt\/wp-json\/wp\/v2\/product_brand?post=403549"},{"taxonomy":"product_cat","embeddable":true,"href":"https:\/\/gr-100.com\/pt-pt\/wp-json\/wp\/v2\/product_cat?post=403549"},{"taxonomy":"product_tag","embeddable":true,"href":"https:\/\/gr-100.com\/pt-pt\/wp-json\/wp\/v2\/product_tag?post=403549"}],"curies":[{"name":"wp","href":"https:\/\/api.w.org\/{rel}","templated":true}]}}