{"id":403769,"date":"2025-03-24T10:09:14","date_gmt":"2025-03-24T10:09:14","guid":{"rendered":"https:\/\/gr-100.com\/?post_type=product&#038;p=403769"},"modified":"2026-04-24T20:08:04","modified_gmt":"2026-04-24T18:08:04","slug":"specialized-s-works-ares-2-2025","status":"publish","type":"product","link":"https:\/\/gr-100.com\/pt-pt\/producto\/specialized-s-works-ares-2-2025\/","title":{"rendered":"Specialized S-Works Ares 2 2025"},"content":{"rendered":"<ul>\n<li>Usos &#8211; Competiciones en carretera<\/li>\n<li class=\"bullet_item\">Horma Body Geometry &#8211; La nueva horma Body Geometry reduce la presi\u00f3n sobre el antepi\u00e9 un 44 %.<\/li>\n<li class=\"bullet_item\">Material de la suela &#8211; Carbono unidireccional.<\/li>\n<li class=\"bullet_item\">Sistema de ajuste &#8211; BOA\u00ae Fit System con Dual-Dial Li2<\/li>\n<li class=\"bullet_item\">Peso &#8211; 263 g por zapato, tama\u00f1o 44.<\/li>\n<li class=\"bullet_item\">Plantillas compatibles &#8211; Plantillas Body Geometry SL Gen 2<\/li>\n<\/ul>\n","protected":false},"excerpt":{"rendered":"<p>Las nuevas S-Works\u00a0Ares\u00a02, las zapatillas definitivas para todos los ciclistas que busquen esa sensaci\u00f3n de apriete perfecto sin sacrificar la comodidad. Dise\u00f1adas con nuestra metodolog\u00eda Body Geometry para ofrecer potencia, confort y precisi\u00f3n al pedalear, te brindan una potencia de 7 vatios m\u00e1s y reducen la presi\u00f3n sobre el antepi\u00e9 un 44\u00a0%. Las S-Works Ares 2 son la c\u00faspide del calzado de competici\u00f3n redefinido.<\/p>\n","protected":false},"featured_media":403813,"comment_status":"closed","ping_status":"closed","template":"","meta":{"_acf_changed":false,"_et_pb_use_builder":"","_et_pb_old_content":"","_et_gb_content_width":"","inline_featured_image":false},"product_brand":[],"product_cat":[26,62],"product_tag":[],"class_list":{"0":"post-403769","1":"product","2":"type-product","3":"status-publish","4":"has-post-thumbnail","6":"product_cat-accesorios","7":"product_cat-zapatillas","8":"product_shipping_class-accesorios","10":"first","11":"instock","12":"taxable","13":"shipping-taxable","14":"purchasable","15":"product-type-variable","16":"wvs-archive-product-wrapper"},"acf":[],"yoast_head":"<!-- This site is optimized with the Yoast SEO Premium plugin v26.7 (Yoast SEO v26.7) - https:\/\/yoast.com\/wordpress\/plugins\/seo\/ -->\n<title>Specialized S-Works Ares 2 2025 en Oferta<\/title>\n<meta name=\"description\" content=\"Horma Body Geometry - Carbono unidireccional. BOA\u00ae Fit System con Dual-Dial Li2 Peso - 263 g. Plantillas compatibles - Plantillas Body Geometry SL Gen 2\" \/>\n<meta name=\"robots\" content=\"index, follow, max-snippet:-1, max-image-preview:large, max-video-preview:-1\" \/>\n<link rel=\"canonical\" href=\"https:\/\/gr-100.com\/producto\/specialized-s-works-ares-2-2025\/\" \/>\n<meta property=\"og:locale\" content=\"pt_PT\" \/>\n<meta property=\"og:type\" content=\"article\" \/>\n<meta property=\"og:title\" content=\"Specialized S-Works Ares 2 2025\" \/>\n<meta property=\"og:description\" content=\"Horma Body Geometry - Carbono unidireccional. BOA\u00ae Fit System con Dual-Dial Li2 Peso - 263 g. Plantillas compatibles - Plantillas Body Geometry SL Gen 2\" \/>\n<meta property=\"og:url\" content=\"https:\/\/gr-100.com\/producto\/specialized-s-works-ares-2-2025\/\" \/>\n<meta property=\"og:site_name\" content=\"Gr-100 Tienda de ciclismo Specialized\" \/>\n<meta property=\"article:publisher\" content=\"https:\/\/www.facebook.com\/Gr100Bikes\" \/>\n<meta property=\"article:modified_time\" content=\"2026-04-24T18:08:04+00:00\" \/>\n<meta property=\"og:image\" content=\"https:\/\/gr-100.com\/wp-content\/uploads\/2025\/03\/S-Works-Ares-2-White.jpg\" \/>\n\t<meta property=\"og:image:width\" content=\"1000\" \/>\n\t<meta property=\"og:image:height\" content=\"1000\" \/>\n\t<meta property=\"og:image:type\" content=\"image\/jpeg\" \/>\n<meta name=\"twitter:card\" content=\"summary_large_image\" \/>\n<meta name=\"twitter:label1\" content=\"Tempo estimado de leitura\" \/>\n\t<meta name=\"twitter:data1\" content=\"1 minuto\" \/>\n<script type=\"application\/ld+json\" class=\"yoast-schema-graph\">{\"@context\":\"https:\/\/schema.org\",\"@graph\":[{\"@type\":\"WebPage\",\"@id\":\"https:\/\/gr-100.com\/producto\/specialized-s-works-ares-2-2025\/\",\"url\":\"https:\/\/gr-100.com\/producto\/specialized-s-works-ares-2-2025\/\",\"name\":\"Specialized S-Works Ares 2 2025 en Oferta\",\"isPartOf\":{\"@id\":\"https:\/\/gr-100.com\/#website\"},\"primaryImageOfPage\":{\"@id\":\"https:\/\/gr-100.com\/producto\/specialized-s-works-ares-2-2025\/#primaryimage\"},\"image\":{\"@id\":\"https:\/\/gr-100.com\/producto\/specialized-s-works-ares-2-2025\/#primaryimage\"},\"thumbnailUrl\":\"https:\/\/gr-100.com\/wp-content\/uploads\/2025\/03\/S-Works-Ares-2-White.jpg\",\"datePublished\":\"2025-03-24T10:09:14+00:00\",\"dateModified\":\"2026-04-24T18:08:04+00:00\",\"description\":\"Horma Body Geometry - Carbono unidireccional. BOA\u00ae Fit System con Dual-Dial Li2 Peso - 263 g. Plantillas compatibles - Plantillas Body Geometry SL Gen 2\",\"breadcrumb\":{\"@id\":\"https:\/\/gr-100.com\/producto\/specialized-s-works-ares-2-2025\/#breadcrumb\"},\"inLanguage\":\"pt-PT\",\"potentialAction\":[{\"@type\":\"ReadAction\",\"target\":[\"https:\/\/gr-100.com\/producto\/specialized-s-works-ares-2-2025\/\"]}]},{\"@type\":\"ImageObject\",\"inLanguage\":\"pt-PT\",\"@id\":\"https:\/\/gr-100.com\/producto\/specialized-s-works-ares-2-2025\/#primaryimage\",\"url\":\"https:\/\/gr-100.com\/wp-content\/uploads\/2025\/03\/S-Works-Ares-2-White.jpg\",\"contentUrl\":\"https:\/\/gr-100.com\/wp-content\/uploads\/2025\/03\/S-Works-Ares-2-White.jpg\",\"width\":1000,\"height\":1000},{\"@type\":\"BreadcrumbList\",\"@id\":\"https:\/\/gr-100.com\/producto\/specialized-s-works-ares-2-2025\/#breadcrumb\",\"itemListElement\":[{\"@type\":\"ListItem\",\"position\":1,\"name\":\"Portada\",\"item\":\"https:\/\/gr-100.com\/en\/\"},{\"@type\":\"ListItem\",\"position\":2,\"name\":\"Productos\",\"item\":\"https:\/\/gr-100.com\/?post_type=product\"},{\"@type\":\"ListItem\",\"position\":3,\"name\":\"Specialized S-Works Ares 2 2025\"}]},{\"@type\":\"WebSite\",\"@id\":\"https:\/\/gr-100.com\/#website\",\"url\":\"https:\/\/gr-100.com\/\",\"name\":\"Gr-100 Tienda de ciclismo Specialized\",\"description\":\"GR-100 tenemos todas las gamas de bicicletas Specialized al mejor precio.\",\"publisher\":{\"@id\":\"https:\/\/gr-100.com\/#organization\"},\"alternateName\":\"Gr-100 Bikes\",\"potentialAction\":[{\"@type\":\"SearchAction\",\"target\":{\"@type\":\"EntryPoint\",\"urlTemplate\":\"https:\/\/gr-100.com\/?s={search_term_string}\"},\"query-input\":{\"@type\":\"PropertyValueSpecification\",\"valueRequired\":true,\"valueName\":\"search_term_string\"}}],\"inLanguage\":\"pt-PT\"},{\"@type\":\"Organization\",\"@id\":\"https:\/\/gr-100.com\/#organization\",\"name\":\"Gr-100\",\"url\":\"https:\/\/gr-100.com\/\",\"logo\":{\"@type\":\"ImageObject\",\"inLanguage\":\"pt-PT\",\"@id\":\"https:\/\/gr-100.com\/#\/schema\/logo\/image\/\",\"url\":\"https:\/\/gr-100.com\/wp-content\/uploads\/2023\/08\/logo-gr-100-bikes.png\",\"contentUrl\":\"https:\/\/gr-100.com\/wp-content\/uploads\/2023\/08\/logo-gr-100-bikes.png\",\"width\":707,\"height\":284,\"caption\":\"Gr-100\"},\"image\":{\"@id\":\"https:\/\/gr-100.com\/#\/schema\/logo\/image\/\"},\"sameAs\":[\"https:\/\/www.facebook.com\/Gr100Bikes\",\"https:\/\/www.instagram.com\/gr100bikes\/\",\"https:\/\/www.tiktok.com\/@gr100bikes\",\"https:\/\/twitter.com\/gr100mtbteam\",\"https:\/\/www.youtube.com\/c\/GR100Specialized\"]}]}<\/script>\n<!-- \/ Yoast SEO Premium plugin. -->","yoast_head_json":{"title":"Specialized S-Works Ares 2 2025 en Oferta","description":"Horma Body Geometry - Carbono unidireccional. BOA\u00ae Fit System con Dual-Dial Li2 Peso - 263 g. Plantillas compatibles - Plantillas Body Geometry SL Gen 2","robots":{"index":"index","follow":"follow","max-snippet":"max-snippet:-1","max-image-preview":"max-image-preview:large","max-video-preview":"max-video-preview:-1"},"canonical":"https:\/\/gr-100.com\/producto\/specialized-s-works-ares-2-2025\/","og_locale":"pt_PT","og_type":"article","og_title":"Specialized S-Works Ares 2 2025","og_description":"Horma Body Geometry - Carbono unidireccional. BOA\u00ae Fit System con Dual-Dial Li2 Peso - 263 g. Plantillas compatibles - Plantillas Body Geometry SL Gen 2","og_url":"https:\/\/gr-100.com\/producto\/specialized-s-works-ares-2-2025\/","og_site_name":"Gr-100 Tienda de ciclismo Specialized","article_publisher":"https:\/\/www.facebook.com\/Gr100Bikes","article_modified_time":"2026-04-24T18:08:04+00:00","og_image":[{"width":1000,"height":1000,"url":"https:\/\/gr-100.com\/wp-content\/uploads\/2025\/03\/S-Works-Ares-2-White.jpg","type":"image\/jpeg"}],"twitter_card":"summary_large_image","twitter_misc":{"Tempo estimado de leitura":"1 minuto"},"schema":{"@context":"https:\/\/schema.org","@graph":[{"@type":"WebPage","@id":"https:\/\/gr-100.com\/producto\/specialized-s-works-ares-2-2025\/","url":"https:\/\/gr-100.com\/producto\/specialized-s-works-ares-2-2025\/","name":"Specialized S-Works Ares 2 2025 en Oferta","isPartOf":{"@id":"https:\/\/gr-100.com\/#website"},"primaryImageOfPage":{"@id":"https:\/\/gr-100.com\/producto\/specialized-s-works-ares-2-2025\/#primaryimage"},"image":{"@id":"https:\/\/gr-100.com\/producto\/specialized-s-works-ares-2-2025\/#primaryimage"},"thumbnailUrl":"https:\/\/gr-100.com\/wp-content\/uploads\/2025\/03\/S-Works-Ares-2-White.jpg","datePublished":"2025-03-24T10:09:14+00:00","dateModified":"2026-04-24T18:08:04+00:00","description":"Horma Body Geometry - Carbono unidireccional. BOA\u00ae Fit System con Dual-Dial Li2 Peso - 263 g. Plantillas compatibles - Plantillas Body Geometry SL Gen 2","breadcrumb":{"@id":"https:\/\/gr-100.com\/producto\/specialized-s-works-ares-2-2025\/#breadcrumb"},"inLanguage":"pt-PT","potentialAction":[{"@type":"ReadAction","target":["https:\/\/gr-100.com\/producto\/specialized-s-works-ares-2-2025\/"]}]},{"@type":"ImageObject","inLanguage":"pt-PT","@id":"https:\/\/gr-100.com\/producto\/specialized-s-works-ares-2-2025\/#primaryimage","url":"https:\/\/gr-100.com\/wp-content\/uploads\/2025\/03\/S-Works-Ares-2-White.jpg","contentUrl":"https:\/\/gr-100.com\/wp-content\/uploads\/2025\/03\/S-Works-Ares-2-White.jpg","width":1000,"height":1000},{"@type":"BreadcrumbList","@id":"https:\/\/gr-100.com\/producto\/specialized-s-works-ares-2-2025\/#breadcrumb","itemListElement":[{"@type":"ListItem","position":1,"name":"Portada","item":"https:\/\/gr-100.com\/en\/"},{"@type":"ListItem","position":2,"name":"Productos","item":"https:\/\/gr-100.com\/?post_type=product"},{"@type":"ListItem","position":3,"name":"Specialized S-Works Ares 2 2025"}]},{"@type":"WebSite","@id":"https:\/\/gr-100.com\/#website","url":"https:\/\/gr-100.com\/","name":"Gr-100 Tienda de ciclismo Specialized","description":"GR-100 tenemos todas las gamas de bicicletas Specialized al mejor precio.","publisher":{"@id":"https:\/\/gr-100.com\/#organization"},"alternateName":"Gr-100 Bikes","potentialAction":[{"@type":"SearchAction","target":{"@type":"EntryPoint","urlTemplate":"https:\/\/gr-100.com\/?s={search_term_string}"},"query-input":{"@type":"PropertyValueSpecification","valueRequired":true,"valueName":"search_term_string"}}],"inLanguage":"pt-PT"},{"@type":"Organization","@id":"https:\/\/gr-100.com\/#organization","name":"Gr-100","url":"https:\/\/gr-100.com\/","logo":{"@type":"ImageObject","inLanguage":"pt-PT","@id":"https:\/\/gr-100.com\/#\/schema\/logo\/image\/","url":"https:\/\/gr-100.com\/wp-content\/uploads\/2023\/08\/logo-gr-100-bikes.png","contentUrl":"https:\/\/gr-100.com\/wp-content\/uploads\/2023\/08\/logo-gr-100-bikes.png","width":707,"height":284,"caption":"Gr-100"},"image":{"@id":"https:\/\/gr-100.com\/#\/schema\/logo\/image\/"},"sameAs":["https:\/\/www.facebook.com\/Gr100Bikes","https:\/\/www.instagram.com\/gr100bikes\/","https:\/\/www.tiktok.com\/@gr100bikes","https:\/\/twitter.com\/gr100mtbteam","https:\/\/www.youtube.com\/c\/GR100Specialized"]}]}},"_links":{"self":[{"href":"https:\/\/gr-100.com\/pt-pt\/wp-json\/wp\/v2\/product\/403769","targetHints":{"allow":["GET"]}}],"collection":[{"href":"https:\/\/gr-100.com\/pt-pt\/wp-json\/wp\/v2\/product"}],"about":[{"href":"https:\/\/gr-100.com\/pt-pt\/wp-json\/wp\/v2\/types\/product"}],"replies":[{"embeddable":true,"href":"https:\/\/gr-100.com\/pt-pt\/wp-json\/wp\/v2\/comments?post=403769"}],"wp:featuredmedia":[{"embeddable":true,"href":"https:\/\/gr-100.com\/pt-pt\/wp-json\/wp\/v2\/media\/403813"}],"wp:attachment":[{"href":"https:\/\/gr-100.com\/pt-pt\/wp-json\/wp\/v2\/media?parent=403769"}],"wp:term":[{"taxonomy":"product_brand","embeddable":true,"href":"https:\/\/gr-100.com\/pt-pt\/wp-json\/wp\/v2\/product_brand?post=403769"},{"taxonomy":"product_cat","embeddable":true,"href":"https:\/\/gr-100.com\/pt-pt\/wp-json\/wp\/v2\/product_cat?post=403769"},{"taxonomy":"product_tag","embeddable":true,"href":"https:\/\/gr-100.com\/pt-pt\/wp-json\/wp\/v2\/product_tag?post=403769"}],"curies":[{"name":"wp","href":"https:\/\/api.w.org\/{rel}","templated":true}]}}