{"id":404803,"date":"2025-03-27T11:30:29","date_gmt":"2025-03-27T11:30:29","guid":{"rendered":"https:\/\/gr-100.com\/?post_type=product&#038;p=404803"},"modified":"2025-11-27T11:17:12","modified_gmt":"2025-11-27T09:17:12","slug":"fox-rinonera-slim","status":"publish","type":"product","link":"https:\/\/gr-100.com\/pt-pt\/producto\/fox-rinonera-slim\/","title":{"rendered":"Fox Ri\u00f1onera Slim"},"content":{"rendered":"<p>Si hay algo que siempre es cierto es que nunca tienes suficientes bolsillos. Por suerte, ya no los necesitas gracias a nuestra ri\u00f1onera Slim. Este modelo ultraminimalista tiene un perfil muy bajo para llevarlo c\u00f3modamente bajo la camiseta t\u00e9cnica. El bolsillo principal tiene compartimentos para tenerlo todo organizado y, adem\u00e1s, cuenta con bolsillos seguros para las llaves, el dinero y otros objetos valiosos: se convertir\u00e1 en tu mejor aliado para disfrutar de la monta\u00f1a.<\/p>\n<p>CARACTER\u00cdSTICAS<\/p>\n<ul>\n<li>Perfil bajo para llevar bajo la camiseta t\u00e9cnica<\/li>\n<li>Bolsillo principal dividido para mejorar la organizaci\u00f3n<\/li>\n<li>Bolsillos seguros para los objetos valiosos<\/li>\n<li>Detalles reflectantes para mejorar la visibilidad<\/li>\n<li>Materials<br \/>\n600D polyester<br \/>\nCare<br \/>\nSpot clean<br \/>\nDo not wash<br \/>\nDo not tumble dry<br \/>\nDo not bleach<br \/>\nDo not iron<br \/>\nDo not dry clean<\/li>\n<\/ul>\n","protected":false},"excerpt":{"rendered":"<p>Una soluci\u00f3n de almacenamiento ultraminimalista para llevar todo lo que necesitas sobre la bici.<\/p>\n","protected":false},"featured_media":404804,"comment_status":"open","ping_status":"closed","template":"","meta":{"_acf_changed":false,"_et_pb_use_builder":"","_et_pb_old_content":"","_et_gb_content_width":"","inline_featured_image":false},"product_brand":[],"product_cat":[26,67,2371],"product_tag":[],"class_list":{"0":"post-404803","1":"product","2":"type-product","3":"status-publish","4":"has-post-thumbnail","6":"product_cat-accesorios","7":"product_cat-varios-accesorios","8":"product_cat-accesorios-novedad","10":"first","11":"instock","12":"taxable","13":"shipping-taxable","14":"purchasable","15":"product-type-simple"},"acf":[],"yoast_head":"<!-- This site is optimized with the Yoast SEO Premium plugin v26.7 (Yoast SEO v26.7) - https:\/\/yoast.com\/wordpress\/plugins\/seo\/ -->\n<title>Fox Ri\u00f1onera Slim GR-100 Fox Ri\u00f1onera Slim<\/title>\n<meta name=\"description\" content=\"Si hay algo que siempre es cierto es que nunca tienes suficientes bolsillos. Por suerte, ya no los necesitas gracias a nuestra ri\u00f1onera Slim.\" \/>\n<meta name=\"robots\" content=\"index, follow, max-snippet:-1, max-image-preview:large, max-video-preview:-1\" \/>\n<link rel=\"canonical\" href=\"https:\/\/gr-100.com\/producto\/fox-rinonera-slim\/\" \/>\n<meta property=\"og:locale\" content=\"pt_PT\" \/>\n<meta property=\"og:type\" content=\"article\" \/>\n<meta property=\"og:title\" content=\"Fox Ri\u00f1onera Slim\" \/>\n<meta property=\"og:description\" content=\"Si hay algo que siempre es cierto es que nunca tienes suficientes bolsillos. Por suerte, ya no los necesitas gracias a nuestra ri\u00f1onera Slim.\" \/>\n<meta property=\"og:url\" content=\"https:\/\/gr-100.com\/producto\/fox-rinonera-slim\/\" \/>\n<meta property=\"og:site_name\" content=\"Gr-100 Tienda de ciclismo Specialized\" \/>\n<meta property=\"article:publisher\" content=\"https:\/\/www.facebook.com\/Gr100Bikes\" \/>\n<meta property=\"article:modified_time\" content=\"2025-11-27T09:17:12+00:00\" \/>\n<meta property=\"og:image\" content=\"https:\/\/gr-100.com\/wp-content\/uploads\/2025\/03\/rinonera-fox-1.jpg\" \/>\n\t<meta property=\"og:image:width\" content=\"1000\" \/>\n\t<meta property=\"og:image:height\" content=\"1000\" \/>\n\t<meta property=\"og:image:type\" content=\"image\/jpeg\" \/>\n<meta name=\"twitter:card\" content=\"summary_large_image\" \/>\n<meta name=\"twitter:label1\" content=\"Tempo estimado de leitura\" \/>\n\t<meta name=\"twitter:data1\" content=\"1 minuto\" \/>\n<script type=\"application\/ld+json\" class=\"yoast-schema-graph\">{\"@context\":\"https:\/\/schema.org\",\"@graph\":[{\"@type\":\"WebPage\",\"@id\":\"https:\/\/gr-100.com\/producto\/fox-rinonera-slim\/\",\"url\":\"https:\/\/gr-100.com\/producto\/fox-rinonera-slim\/\",\"name\":\"Fox Ri\u00f1onera Slim GR-100 Fox Ri\u00f1onera Slim\",\"isPartOf\":{\"@id\":\"https:\/\/gr-100.com\/#website\"},\"primaryImageOfPage\":{\"@id\":\"https:\/\/gr-100.com\/producto\/fox-rinonera-slim\/#primaryimage\"},\"image\":{\"@id\":\"https:\/\/gr-100.com\/producto\/fox-rinonera-slim\/#primaryimage\"},\"thumbnailUrl\":\"https:\/\/gr-100.com\/wp-content\/uploads\/2025\/03\/rinonera-fox-1.jpg\",\"datePublished\":\"2025-03-27T11:30:29+00:00\",\"dateModified\":\"2025-11-27T09:17:12+00:00\",\"description\":\"Si hay algo que siempre es cierto es que nunca tienes suficientes bolsillos. Por suerte, ya no los necesitas gracias a nuestra ri\u00f1onera Slim.\",\"breadcrumb\":{\"@id\":\"https:\/\/gr-100.com\/producto\/fox-rinonera-slim\/#breadcrumb\"},\"inLanguage\":\"pt-PT\",\"potentialAction\":[{\"@type\":\"ReadAction\",\"target\":[\"https:\/\/gr-100.com\/producto\/fox-rinonera-slim\/\"]}]},{\"@type\":\"ImageObject\",\"inLanguage\":\"pt-PT\",\"@id\":\"https:\/\/gr-100.com\/producto\/fox-rinonera-slim\/#primaryimage\",\"url\":\"https:\/\/gr-100.com\/wp-content\/uploads\/2025\/03\/rinonera-fox-1.jpg\",\"contentUrl\":\"https:\/\/gr-100.com\/wp-content\/uploads\/2025\/03\/rinonera-fox-1.jpg\",\"width\":1000,\"height\":1000},{\"@type\":\"BreadcrumbList\",\"@id\":\"https:\/\/gr-100.com\/producto\/fox-rinonera-slim\/#breadcrumb\",\"itemListElement\":[{\"@type\":\"ListItem\",\"position\":1,\"name\":\"Portada\",\"item\":\"https:\/\/gr-100.com\/en\/\"},{\"@type\":\"ListItem\",\"position\":2,\"name\":\"Productos\",\"item\":\"https:\/\/gr-100.com\/?post_type=product\"},{\"@type\":\"ListItem\",\"position\":3,\"name\":\"Fox Ri\u00f1onera Slim\"}]},{\"@type\":\"WebSite\",\"@id\":\"https:\/\/gr-100.com\/#website\",\"url\":\"https:\/\/gr-100.com\/\",\"name\":\"Gr-100 Tienda de ciclismo Specialized\",\"description\":\"GR-100 tenemos todas las gamas de bicicletas Specialized al mejor precio.\",\"publisher\":{\"@id\":\"https:\/\/gr-100.com\/#organization\"},\"alternateName\":\"Gr-100 Bikes\",\"potentialAction\":[{\"@type\":\"SearchAction\",\"target\":{\"@type\":\"EntryPoint\",\"urlTemplate\":\"https:\/\/gr-100.com\/?s={search_term_string}\"},\"query-input\":{\"@type\":\"PropertyValueSpecification\",\"valueRequired\":true,\"valueName\":\"search_term_string\"}}],\"inLanguage\":\"pt-PT\"},{\"@type\":\"Organization\",\"@id\":\"https:\/\/gr-100.com\/#organization\",\"name\":\"Gr-100\",\"url\":\"https:\/\/gr-100.com\/\",\"logo\":{\"@type\":\"ImageObject\",\"inLanguage\":\"pt-PT\",\"@id\":\"https:\/\/gr-100.com\/#\/schema\/logo\/image\/\",\"url\":\"https:\/\/gr-100.com\/wp-content\/uploads\/2023\/08\/logo-gr-100-bikes.png\",\"contentUrl\":\"https:\/\/gr-100.com\/wp-content\/uploads\/2023\/08\/logo-gr-100-bikes.png\",\"width\":707,\"height\":284,\"caption\":\"Gr-100\"},\"image\":{\"@id\":\"https:\/\/gr-100.com\/#\/schema\/logo\/image\/\"},\"sameAs\":[\"https:\/\/www.facebook.com\/Gr100Bikes\",\"https:\/\/www.instagram.com\/gr100bikes\/\",\"https:\/\/www.tiktok.com\/@gr100bikes\",\"https:\/\/twitter.com\/gr100mtbteam\",\"https:\/\/www.youtube.com\/c\/GR100Specialized\"]}]}<\/script>\n<!-- \/ Yoast SEO Premium plugin. -->","yoast_head_json":{"title":"Fox Ri\u00f1onera Slim GR-100 Fox Ri\u00f1onera Slim","description":"Si hay algo que siempre es cierto es que nunca tienes suficientes bolsillos. Por suerte, ya no los necesitas gracias a nuestra ri\u00f1onera Slim.","robots":{"index":"index","follow":"follow","max-snippet":"max-snippet:-1","max-image-preview":"max-image-preview:large","max-video-preview":"max-video-preview:-1"},"canonical":"https:\/\/gr-100.com\/producto\/fox-rinonera-slim\/","og_locale":"pt_PT","og_type":"article","og_title":"Fox Ri\u00f1onera Slim","og_description":"Si hay algo que siempre es cierto es que nunca tienes suficientes bolsillos. Por suerte, ya no los necesitas gracias a nuestra ri\u00f1onera Slim.","og_url":"https:\/\/gr-100.com\/producto\/fox-rinonera-slim\/","og_site_name":"Gr-100 Tienda de ciclismo Specialized","article_publisher":"https:\/\/www.facebook.com\/Gr100Bikes","article_modified_time":"2025-11-27T09:17:12+00:00","og_image":[{"width":1000,"height":1000,"url":"https:\/\/gr-100.com\/wp-content\/uploads\/2025\/03\/rinonera-fox-1.jpg","type":"image\/jpeg"}],"twitter_card":"summary_large_image","twitter_misc":{"Tempo estimado de leitura":"1 minuto"},"schema":{"@context":"https:\/\/schema.org","@graph":[{"@type":"WebPage","@id":"https:\/\/gr-100.com\/producto\/fox-rinonera-slim\/","url":"https:\/\/gr-100.com\/producto\/fox-rinonera-slim\/","name":"Fox Ri\u00f1onera Slim GR-100 Fox Ri\u00f1onera Slim","isPartOf":{"@id":"https:\/\/gr-100.com\/#website"},"primaryImageOfPage":{"@id":"https:\/\/gr-100.com\/producto\/fox-rinonera-slim\/#primaryimage"},"image":{"@id":"https:\/\/gr-100.com\/producto\/fox-rinonera-slim\/#primaryimage"},"thumbnailUrl":"https:\/\/gr-100.com\/wp-content\/uploads\/2025\/03\/rinonera-fox-1.jpg","datePublished":"2025-03-27T11:30:29+00:00","dateModified":"2025-11-27T09:17:12+00:00","description":"Si hay algo que siempre es cierto es que nunca tienes suficientes bolsillos. Por suerte, ya no los necesitas gracias a nuestra ri\u00f1onera Slim.","breadcrumb":{"@id":"https:\/\/gr-100.com\/producto\/fox-rinonera-slim\/#breadcrumb"},"inLanguage":"pt-PT","potentialAction":[{"@type":"ReadAction","target":["https:\/\/gr-100.com\/producto\/fox-rinonera-slim\/"]}]},{"@type":"ImageObject","inLanguage":"pt-PT","@id":"https:\/\/gr-100.com\/producto\/fox-rinonera-slim\/#primaryimage","url":"https:\/\/gr-100.com\/wp-content\/uploads\/2025\/03\/rinonera-fox-1.jpg","contentUrl":"https:\/\/gr-100.com\/wp-content\/uploads\/2025\/03\/rinonera-fox-1.jpg","width":1000,"height":1000},{"@type":"BreadcrumbList","@id":"https:\/\/gr-100.com\/producto\/fox-rinonera-slim\/#breadcrumb","itemListElement":[{"@type":"ListItem","position":1,"name":"Portada","item":"https:\/\/gr-100.com\/en\/"},{"@type":"ListItem","position":2,"name":"Productos","item":"https:\/\/gr-100.com\/?post_type=product"},{"@type":"ListItem","position":3,"name":"Fox Ri\u00f1onera Slim"}]},{"@type":"WebSite","@id":"https:\/\/gr-100.com\/#website","url":"https:\/\/gr-100.com\/","name":"Gr-100 Tienda de ciclismo Specialized","description":"GR-100 tenemos todas las gamas de bicicletas Specialized al mejor precio.","publisher":{"@id":"https:\/\/gr-100.com\/#organization"},"alternateName":"Gr-100 Bikes","potentialAction":[{"@type":"SearchAction","target":{"@type":"EntryPoint","urlTemplate":"https:\/\/gr-100.com\/?s={search_term_string}"},"query-input":{"@type":"PropertyValueSpecification","valueRequired":true,"valueName":"search_term_string"}}],"inLanguage":"pt-PT"},{"@type":"Organization","@id":"https:\/\/gr-100.com\/#organization","name":"Gr-100","url":"https:\/\/gr-100.com\/","logo":{"@type":"ImageObject","inLanguage":"pt-PT","@id":"https:\/\/gr-100.com\/#\/schema\/logo\/image\/","url":"https:\/\/gr-100.com\/wp-content\/uploads\/2023\/08\/logo-gr-100-bikes.png","contentUrl":"https:\/\/gr-100.com\/wp-content\/uploads\/2023\/08\/logo-gr-100-bikes.png","width":707,"height":284,"caption":"Gr-100"},"image":{"@id":"https:\/\/gr-100.com\/#\/schema\/logo\/image\/"},"sameAs":["https:\/\/www.facebook.com\/Gr100Bikes","https:\/\/www.instagram.com\/gr100bikes\/","https:\/\/www.tiktok.com\/@gr100bikes","https:\/\/twitter.com\/gr100mtbteam","https:\/\/www.youtube.com\/c\/GR100Specialized"]}]}},"_links":{"self":[{"href":"https:\/\/gr-100.com\/pt-pt\/wp-json\/wp\/v2\/product\/404803","targetHints":{"allow":["GET"]}}],"collection":[{"href":"https:\/\/gr-100.com\/pt-pt\/wp-json\/wp\/v2\/product"}],"about":[{"href":"https:\/\/gr-100.com\/pt-pt\/wp-json\/wp\/v2\/types\/product"}],"replies":[{"embeddable":true,"href":"https:\/\/gr-100.com\/pt-pt\/wp-json\/wp\/v2\/comments?post=404803"}],"wp:featuredmedia":[{"embeddable":true,"href":"https:\/\/gr-100.com\/pt-pt\/wp-json\/wp\/v2\/media\/404804"}],"wp:attachment":[{"href":"https:\/\/gr-100.com\/pt-pt\/wp-json\/wp\/v2\/media?parent=404803"}],"wp:term":[{"taxonomy":"product_brand","embeddable":true,"href":"https:\/\/gr-100.com\/pt-pt\/wp-json\/wp\/v2\/product_brand?post=404803"},{"taxonomy":"product_cat","embeddable":true,"href":"https:\/\/gr-100.com\/pt-pt\/wp-json\/wp\/v2\/product_cat?post=404803"},{"taxonomy":"product_tag","embeddable":true,"href":"https:\/\/gr-100.com\/pt-pt\/wp-json\/wp\/v2\/product_tag?post=404803"}],"curies":[{"name":"wp","href":"https:\/\/api.w.org\/{rel}","templated":true}]}}