{"id":404810,"date":"2025-03-27T11:58:16","date_gmt":"2025-03-27T11:58:16","guid":{"rendered":"https:\/\/gr-100.com\/?post_type=product&#038;p=404810"},"modified":"2025-11-27T11:17:12","modified_gmt":"2025-11-27T09:17:12","slug":"fox-guardabarros-negro-camo","status":"publish","type":"product","link":"https:\/\/gr-100.com\/pt-pt\/producto\/fox-guardabarros-negro-camo\/","title":{"rendered":"Fox Guardabarros Negro Camo"},"content":{"rendered":"<p>Mant\u00e9n limpio el cuadro de la bici con el guardabarros de Fox. Este modelo compatible con m\u00faltiples tama\u00f1os de horquilla y rueda es un complemento b\u00e1sico para hacer mountain bike en entornos h\u00famedos.<\/p>\n<ul>\n<li>Dise\u00f1o universal compatible con la mayor\u00eda de las horquillas de mountain bike actuales<\/li>\n<li>100 % poliuretano<\/li>\n<\/ul>\n","protected":false},"excerpt":{"rendered":"<p>Mant\u00e9n limpio el cuadro de la bici con el guardabarros de Fox. Este modelo compatible con m\u00faltiples tama\u00f1os de horquilla y rueda es un complemento b\u00e1sico para hacer mountain bike en entornos h\u00famedos.<\/p>\n","protected":false},"featured_media":404811,"comment_status":"open","ping_status":"closed","template":"","meta":{"_acf_changed":false,"_et_pb_use_builder":"","_et_pb_old_content":"","_et_gb_content_width":"","inline_featured_image":false},"product_brand":[],"product_cat":[26,67],"product_tag":[],"class_list":{"0":"post-404810","1":"product","2":"type-product","3":"status-publish","4":"has-post-thumbnail","6":"product_cat-accesorios","7":"product_cat-varios-accesorios","9":"first","10":"instock","11":"taxable","12":"shipping-taxable","13":"purchasable","14":"product-type-simple"},"acf":[],"yoast_head":"<!-- This site is optimized with the Yoast SEO Premium plugin v26.7 (Yoast SEO v26.7) - https:\/\/yoast.com\/wordpress\/plugins\/seo\/ -->\n<title>Fox Guardabarros Negro Camo Fox Guardabarros GR-100<\/title>\n<meta name=\"description\" content=\"Mant\u00e9n limpio el cuadro de la bici con el guardabarros de Fox. Este modelo compatible con m\u00faltiples tama\u00f1os de horquilla y rueda\" \/>\n<meta name=\"robots\" content=\"index, follow, max-snippet:-1, max-image-preview:large, max-video-preview:-1\" \/>\n<link rel=\"canonical\" href=\"https:\/\/gr-100.com\/producto\/fox-guardabarros-negro-camo\/\" \/>\n<meta property=\"og:locale\" content=\"pt_PT\" \/>\n<meta property=\"og:type\" content=\"article\" \/>\n<meta property=\"og:title\" content=\"Fox Guardabarros Negro Camo\" \/>\n<meta property=\"og:description\" content=\"Mant\u00e9n limpio el cuadro de la bici con el guardabarros de Fox. Este modelo compatible con m\u00faltiples tama\u00f1os de horquilla y rueda\" \/>\n<meta property=\"og:url\" content=\"https:\/\/gr-100.com\/producto\/fox-guardabarros-negro-camo\/\" \/>\n<meta property=\"og:site_name\" content=\"Gr-100 Tienda de ciclismo Specialized\" \/>\n<meta property=\"article:publisher\" content=\"https:\/\/www.facebook.com\/Gr100Bikes\" \/>\n<meta property=\"article:modified_time\" content=\"2025-11-27T09:17:12+00:00\" \/>\n<meta property=\"og:image\" content=\"https:\/\/gr-100.com\/wp-content\/uploads\/2025\/03\/31192247_1-GUARDABARROS-FOX.jpg\" \/>\n\t<meta property=\"og:image:width\" content=\"1000\" \/>\n\t<meta property=\"og:image:height\" content=\"1000\" \/>\n\t<meta property=\"og:image:type\" content=\"image\/jpeg\" \/>\n<meta name=\"twitter:card\" content=\"summary_large_image\" \/>\n<meta name=\"twitter:label1\" content=\"Tempo estimado de leitura\" \/>\n\t<meta name=\"twitter:data1\" content=\"1 minuto\" \/>\n<script type=\"application\/ld+json\" class=\"yoast-schema-graph\">{\"@context\":\"https:\/\/schema.org\",\"@graph\":[{\"@type\":\"WebPage\",\"@id\":\"https:\/\/gr-100.com\/producto\/fox-guardabarros-negro-camo\/\",\"url\":\"https:\/\/gr-100.com\/producto\/fox-guardabarros-negro-camo\/\",\"name\":\"Fox Guardabarros Negro Camo Fox Guardabarros GR-100\",\"isPartOf\":{\"@id\":\"https:\/\/gr-100.com\/#website\"},\"primaryImageOfPage\":{\"@id\":\"https:\/\/gr-100.com\/producto\/fox-guardabarros-negro-camo\/#primaryimage\"},\"image\":{\"@id\":\"https:\/\/gr-100.com\/producto\/fox-guardabarros-negro-camo\/#primaryimage\"},\"thumbnailUrl\":\"https:\/\/gr-100.com\/wp-content\/uploads\/2025\/03\/31192247_1-GUARDABARROS-FOX.jpg\",\"datePublished\":\"2025-03-27T11:58:16+00:00\",\"dateModified\":\"2025-11-27T09:17:12+00:00\",\"description\":\"Mant\u00e9n limpio el cuadro de la bici con el guardabarros de Fox. Este modelo compatible con m\u00faltiples tama\u00f1os de horquilla y rueda\",\"breadcrumb\":{\"@id\":\"https:\/\/gr-100.com\/producto\/fox-guardabarros-negro-camo\/#breadcrumb\"},\"inLanguage\":\"pt-PT\",\"potentialAction\":[{\"@type\":\"ReadAction\",\"target\":[\"https:\/\/gr-100.com\/producto\/fox-guardabarros-negro-camo\/\"]}]},{\"@type\":\"ImageObject\",\"inLanguage\":\"pt-PT\",\"@id\":\"https:\/\/gr-100.com\/producto\/fox-guardabarros-negro-camo\/#primaryimage\",\"url\":\"https:\/\/gr-100.com\/wp-content\/uploads\/2025\/03\/31192247_1-GUARDABARROS-FOX.jpg\",\"contentUrl\":\"https:\/\/gr-100.com\/wp-content\/uploads\/2025\/03\/31192247_1-GUARDABARROS-FOX.jpg\",\"width\":1000,\"height\":1000},{\"@type\":\"BreadcrumbList\",\"@id\":\"https:\/\/gr-100.com\/producto\/fox-guardabarros-negro-camo\/#breadcrumb\",\"itemListElement\":[{\"@type\":\"ListItem\",\"position\":1,\"name\":\"Portada\",\"item\":\"https:\/\/gr-100.com\/en\/\"},{\"@type\":\"ListItem\",\"position\":2,\"name\":\"Productos\",\"item\":\"https:\/\/gr-100.com\/?post_type=product\"},{\"@type\":\"ListItem\",\"position\":3,\"name\":\"Fox Guardabarros Negro Camo\"}]},{\"@type\":\"WebSite\",\"@id\":\"https:\/\/gr-100.com\/#website\",\"url\":\"https:\/\/gr-100.com\/\",\"name\":\"Gr-100 Tienda de ciclismo Specialized\",\"description\":\"GR-100 tenemos todas las gamas de bicicletas Specialized al mejor precio.\",\"publisher\":{\"@id\":\"https:\/\/gr-100.com\/#organization\"},\"alternateName\":\"Gr-100 Bikes\",\"potentialAction\":[{\"@type\":\"SearchAction\",\"target\":{\"@type\":\"EntryPoint\",\"urlTemplate\":\"https:\/\/gr-100.com\/?s={search_term_string}\"},\"query-input\":{\"@type\":\"PropertyValueSpecification\",\"valueRequired\":true,\"valueName\":\"search_term_string\"}}],\"inLanguage\":\"pt-PT\"},{\"@type\":\"Organization\",\"@id\":\"https:\/\/gr-100.com\/#organization\",\"name\":\"Gr-100\",\"url\":\"https:\/\/gr-100.com\/\",\"logo\":{\"@type\":\"ImageObject\",\"inLanguage\":\"pt-PT\",\"@id\":\"https:\/\/gr-100.com\/#\/schema\/logo\/image\/\",\"url\":\"https:\/\/gr-100.com\/wp-content\/uploads\/2023\/08\/logo-gr-100-bikes.png\",\"contentUrl\":\"https:\/\/gr-100.com\/wp-content\/uploads\/2023\/08\/logo-gr-100-bikes.png\",\"width\":707,\"height\":284,\"caption\":\"Gr-100\"},\"image\":{\"@id\":\"https:\/\/gr-100.com\/#\/schema\/logo\/image\/\"},\"sameAs\":[\"https:\/\/www.facebook.com\/Gr100Bikes\",\"https:\/\/www.instagram.com\/gr100bikes\/\",\"https:\/\/www.tiktok.com\/@gr100bikes\",\"https:\/\/twitter.com\/gr100mtbteam\",\"https:\/\/www.youtube.com\/c\/GR100Specialized\"]}]}<\/script>\n<!-- \/ Yoast SEO Premium plugin. -->","yoast_head_json":{"title":"Fox Guardabarros Negro Camo Fox Guardabarros GR-100","description":"Mant\u00e9n limpio el cuadro de la bici con el guardabarros de Fox. Este modelo compatible con m\u00faltiples tama\u00f1os de horquilla y rueda","robots":{"index":"index","follow":"follow","max-snippet":"max-snippet:-1","max-image-preview":"max-image-preview:large","max-video-preview":"max-video-preview:-1"},"canonical":"https:\/\/gr-100.com\/producto\/fox-guardabarros-negro-camo\/","og_locale":"pt_PT","og_type":"article","og_title":"Fox Guardabarros Negro Camo","og_description":"Mant\u00e9n limpio el cuadro de la bici con el guardabarros de Fox. Este modelo compatible con m\u00faltiples tama\u00f1os de horquilla y rueda","og_url":"https:\/\/gr-100.com\/producto\/fox-guardabarros-negro-camo\/","og_site_name":"Gr-100 Tienda de ciclismo Specialized","article_publisher":"https:\/\/www.facebook.com\/Gr100Bikes","article_modified_time":"2025-11-27T09:17:12+00:00","og_image":[{"width":1000,"height":1000,"url":"https:\/\/gr-100.com\/wp-content\/uploads\/2025\/03\/31192247_1-GUARDABARROS-FOX.jpg","type":"image\/jpeg"}],"twitter_card":"summary_large_image","twitter_misc":{"Tempo estimado de leitura":"1 minuto"},"schema":{"@context":"https:\/\/schema.org","@graph":[{"@type":"WebPage","@id":"https:\/\/gr-100.com\/producto\/fox-guardabarros-negro-camo\/","url":"https:\/\/gr-100.com\/producto\/fox-guardabarros-negro-camo\/","name":"Fox Guardabarros Negro Camo Fox Guardabarros GR-100","isPartOf":{"@id":"https:\/\/gr-100.com\/#website"},"primaryImageOfPage":{"@id":"https:\/\/gr-100.com\/producto\/fox-guardabarros-negro-camo\/#primaryimage"},"image":{"@id":"https:\/\/gr-100.com\/producto\/fox-guardabarros-negro-camo\/#primaryimage"},"thumbnailUrl":"https:\/\/gr-100.com\/wp-content\/uploads\/2025\/03\/31192247_1-GUARDABARROS-FOX.jpg","datePublished":"2025-03-27T11:58:16+00:00","dateModified":"2025-11-27T09:17:12+00:00","description":"Mant\u00e9n limpio el cuadro de la bici con el guardabarros de Fox. Este modelo compatible con m\u00faltiples tama\u00f1os de horquilla y rueda","breadcrumb":{"@id":"https:\/\/gr-100.com\/producto\/fox-guardabarros-negro-camo\/#breadcrumb"},"inLanguage":"pt-PT","potentialAction":[{"@type":"ReadAction","target":["https:\/\/gr-100.com\/producto\/fox-guardabarros-negro-camo\/"]}]},{"@type":"ImageObject","inLanguage":"pt-PT","@id":"https:\/\/gr-100.com\/producto\/fox-guardabarros-negro-camo\/#primaryimage","url":"https:\/\/gr-100.com\/wp-content\/uploads\/2025\/03\/31192247_1-GUARDABARROS-FOX.jpg","contentUrl":"https:\/\/gr-100.com\/wp-content\/uploads\/2025\/03\/31192247_1-GUARDABARROS-FOX.jpg","width":1000,"height":1000},{"@type":"BreadcrumbList","@id":"https:\/\/gr-100.com\/producto\/fox-guardabarros-negro-camo\/#breadcrumb","itemListElement":[{"@type":"ListItem","position":1,"name":"Portada","item":"https:\/\/gr-100.com\/en\/"},{"@type":"ListItem","position":2,"name":"Productos","item":"https:\/\/gr-100.com\/?post_type=product"},{"@type":"ListItem","position":3,"name":"Fox Guardabarros Negro Camo"}]},{"@type":"WebSite","@id":"https:\/\/gr-100.com\/#website","url":"https:\/\/gr-100.com\/","name":"Gr-100 Tienda de ciclismo Specialized","description":"GR-100 tenemos todas las gamas de bicicletas Specialized al mejor precio.","publisher":{"@id":"https:\/\/gr-100.com\/#organization"},"alternateName":"Gr-100 Bikes","potentialAction":[{"@type":"SearchAction","target":{"@type":"EntryPoint","urlTemplate":"https:\/\/gr-100.com\/?s={search_term_string}"},"query-input":{"@type":"PropertyValueSpecification","valueRequired":true,"valueName":"search_term_string"}}],"inLanguage":"pt-PT"},{"@type":"Organization","@id":"https:\/\/gr-100.com\/#organization","name":"Gr-100","url":"https:\/\/gr-100.com\/","logo":{"@type":"ImageObject","inLanguage":"pt-PT","@id":"https:\/\/gr-100.com\/#\/schema\/logo\/image\/","url":"https:\/\/gr-100.com\/wp-content\/uploads\/2023\/08\/logo-gr-100-bikes.png","contentUrl":"https:\/\/gr-100.com\/wp-content\/uploads\/2023\/08\/logo-gr-100-bikes.png","width":707,"height":284,"caption":"Gr-100"},"image":{"@id":"https:\/\/gr-100.com\/#\/schema\/logo\/image\/"},"sameAs":["https:\/\/www.facebook.com\/Gr100Bikes","https:\/\/www.instagram.com\/gr100bikes\/","https:\/\/www.tiktok.com\/@gr100bikes","https:\/\/twitter.com\/gr100mtbteam","https:\/\/www.youtube.com\/c\/GR100Specialized"]}]}},"_links":{"self":[{"href":"https:\/\/gr-100.com\/pt-pt\/wp-json\/wp\/v2\/product\/404810","targetHints":{"allow":["GET"]}}],"collection":[{"href":"https:\/\/gr-100.com\/pt-pt\/wp-json\/wp\/v2\/product"}],"about":[{"href":"https:\/\/gr-100.com\/pt-pt\/wp-json\/wp\/v2\/types\/product"}],"replies":[{"embeddable":true,"href":"https:\/\/gr-100.com\/pt-pt\/wp-json\/wp\/v2\/comments?post=404810"}],"wp:featuredmedia":[{"embeddable":true,"href":"https:\/\/gr-100.com\/pt-pt\/wp-json\/wp\/v2\/media\/404811"}],"wp:attachment":[{"href":"https:\/\/gr-100.com\/pt-pt\/wp-json\/wp\/v2\/media?parent=404810"}],"wp:term":[{"taxonomy":"product_brand","embeddable":true,"href":"https:\/\/gr-100.com\/pt-pt\/wp-json\/wp\/v2\/product_brand?post=404810"},{"taxonomy":"product_cat","embeddable":true,"href":"https:\/\/gr-100.com\/pt-pt\/wp-json\/wp\/v2\/product_cat?post=404810"},{"taxonomy":"product_tag","embeddable":true,"href":"https:\/\/gr-100.com\/pt-pt\/wp-json\/wp\/v2\/product_tag?post=404810"}],"curies":[{"name":"wp","href":"https:\/\/api.w.org\/{rel}","templated":true}]}}