{"id":405167,"date":"2025-04-01T10:08:48","date_gmt":"2025-04-01T10:08:48","guid":{"rendered":"https:\/\/gr-100.com\/?post_type=product&#038;p=405167"},"modified":"2025-12-29T13:31:54","modified_gmt":"2025-12-29T11:31:54","slug":"fox-guantes-de-gel-ranger","status":"publish","type":"product","link":"https:\/\/gr-100.com\/pt-pt\/producto\/fox-guantes-de-gel-ranger\/","title":{"rendered":"Fox Guantes de gel Ranger"},"content":{"rendered":"<p>Los guantes de gel Ranger ofrecen un rendimiento y una calidad que normalmente solo se encuentran en guantes mucho m\u00e1s caros. Sin embargo, con estos guantes obtienes protecci\u00f3n adicional gracias a un acolchado de gel ubicado estrat\u00e9gicamente en la palma. Comb\u00ednalo con el pu\u00f1o de perfil bajo, el ajuste excelente y las puntas de los dedos compatibles con pantalla t\u00e1ctil en el \u00edndice y el pulgar, por eso estos guantes para MTB altamente vers\u00e1tiles son perfectos para casi cualquier disciplina.<\/p>\n<ul>\n<li>Pu\u00f1o de neopreno de perfil bajo con sistema de cierre de velcro para un ajuste pr\u00e9mium y personalizable<\/li>\n<li>Pulgar de microgamuza absorbente<\/li>\n<li>Palma de gel TruGel \u2122 colocada estrat\u00e9gicamente para una mejor protecci\u00f3n<\/li>\n<li>Hilos conductores en el dedo \u00edndice y el pulgar para compatibilidad con pantalla t\u00e1ctil<\/li>\n<li>Materiales<\/li>\n<li>48% nailon, 34% poli\u00e9ster, 14% poliuretano, 4% elastano<br \/>\nCuidado<\/li>\n<li>Lavadora modo delicado y fr\u00edo<\/li>\n<li>Secar al aire<\/li>\n<li>No usar lej\u00eda<\/li>\n<li>No planchar<\/li>\n<li>No lavar en seco<\/li>\n<\/ul>\n","protected":false},"excerpt":{"rendered":"<p>Una versi\u00f3n en gel de nuestro guante m\u00e1s vendido con dedos compatibles con pantalla t\u00e1ctil.<\/p>\n","protected":false},"featured_media":405275,"comment_status":"open","ping_status":"closed","template":"","meta":{"_acf_changed":false,"_et_pb_use_builder":"","_et_pb_old_content":"","_et_gb_content_width":"","inline_featured_image":false},"product_brand":[],"product_cat":[50,52],"product_tag":[],"class_list":{"0":"post-405167","1":"product","2":"type-product","3":"status-publish","4":"has-post-thumbnail","6":"product_cat-equipaciones","7":"product_cat-guantes","9":"first","10":"instock","11":"taxable","12":"shipping-taxable","13":"purchasable","14":"product-type-variable","15":"wvs-archive-product-wrapper"},"acf":[],"yoast_head":"<!-- This site is optimized with the Yoast SEO Premium plugin v26.7 (Yoast SEO v26.7) - https:\/\/yoast.com\/wordpress\/plugins\/seo\/ -->\n<title>Fox Guantes de gel Ranger GR-100 Fox Guantes de gel Ranger<\/title>\n<meta name=\"description\" content=\"Los guantes de gel Ranger ofrecen un rendimiento y una calidad que normalmente solo se encuentran en guantes mucho m\u00e1s caros.\" \/>\n<meta name=\"robots\" content=\"index, follow, max-snippet:-1, max-image-preview:large, max-video-preview:-1\" \/>\n<link rel=\"canonical\" href=\"https:\/\/gr-100.com\/producto\/fox-guantes-de-gel-ranger\/\" \/>\n<meta property=\"og:locale\" content=\"pt_PT\" \/>\n<meta property=\"og:type\" content=\"article\" \/>\n<meta property=\"og:title\" content=\"Fox Guantes de gel Ranger\" \/>\n<meta property=\"og:description\" content=\"Los guantes de gel Ranger ofrecen un rendimiento y una calidad que normalmente solo se encuentran en guantes mucho m\u00e1s caros.\" \/>\n<meta property=\"og:url\" content=\"https:\/\/gr-100.com\/producto\/fox-guantes-de-gel-ranger\/\" \/>\n<meta property=\"og:site_name\" content=\"Gr-100 Tienda de ciclismo Specialized\" \/>\n<meta property=\"article:publisher\" content=\"https:\/\/www.facebook.com\/Gr100Bikes\" \/>\n<meta property=\"article:modified_time\" content=\"2025-12-29T11:31:54+00:00\" \/>\n<meta property=\"og:image\" content=\"https:\/\/gr-100.com\/wp-content\/uploads\/2025\/03\/33607001_1-guantes-gel-rang.jpg\" \/>\n\t<meta property=\"og:image:width\" content=\"1000\" \/>\n\t<meta property=\"og:image:height\" content=\"1000\" \/>\n\t<meta property=\"og:image:type\" content=\"image\/jpeg\" \/>\n<meta name=\"twitter:card\" content=\"summary_large_image\" \/>\n<meta name=\"twitter:label1\" content=\"Tempo estimado de leitura\" \/>\n\t<meta name=\"twitter:data1\" content=\"1 minuto\" \/>\n<script type=\"application\/ld+json\" class=\"yoast-schema-graph\">{\"@context\":\"https:\/\/schema.org\",\"@graph\":[{\"@type\":\"WebPage\",\"@id\":\"https:\/\/gr-100.com\/producto\/fox-guantes-de-gel-ranger\/\",\"url\":\"https:\/\/gr-100.com\/producto\/fox-guantes-de-gel-ranger\/\",\"name\":\"Fox Guantes de gel Ranger GR-100 Fox Guantes de gel Ranger\",\"isPartOf\":{\"@id\":\"https:\/\/gr-100.com\/#website\"},\"primaryImageOfPage\":{\"@id\":\"https:\/\/gr-100.com\/producto\/fox-guantes-de-gel-ranger\/#primaryimage\"},\"image\":{\"@id\":\"https:\/\/gr-100.com\/producto\/fox-guantes-de-gel-ranger\/#primaryimage\"},\"thumbnailUrl\":\"https:\/\/gr-100.com\/wp-content\/uploads\/2025\/03\/33607001_1-guantes-gel-rang.jpg\",\"datePublished\":\"2025-04-01T10:08:48+00:00\",\"dateModified\":\"2025-12-29T11:31:54+00:00\",\"description\":\"Los guantes de gel Ranger ofrecen un rendimiento y una calidad que normalmente solo se encuentran en guantes mucho m\u00e1s caros.\",\"breadcrumb\":{\"@id\":\"https:\/\/gr-100.com\/producto\/fox-guantes-de-gel-ranger\/#breadcrumb\"},\"inLanguage\":\"pt-PT\",\"potentialAction\":[{\"@type\":\"ReadAction\",\"target\":[\"https:\/\/gr-100.com\/producto\/fox-guantes-de-gel-ranger\/\"]}]},{\"@type\":\"ImageObject\",\"inLanguage\":\"pt-PT\",\"@id\":\"https:\/\/gr-100.com\/producto\/fox-guantes-de-gel-ranger\/#primaryimage\",\"url\":\"https:\/\/gr-100.com\/wp-content\/uploads\/2025\/03\/33607001_1-guantes-gel-rang.jpg\",\"contentUrl\":\"https:\/\/gr-100.com\/wp-content\/uploads\/2025\/03\/33607001_1-guantes-gel-rang.jpg\",\"width\":1000,\"height\":1000},{\"@type\":\"BreadcrumbList\",\"@id\":\"https:\/\/gr-100.com\/producto\/fox-guantes-de-gel-ranger\/#breadcrumb\",\"itemListElement\":[{\"@type\":\"ListItem\",\"position\":1,\"name\":\"Portada\",\"item\":\"https:\/\/gr-100.com\/en\/\"},{\"@type\":\"ListItem\",\"position\":2,\"name\":\"Productos\",\"item\":\"https:\/\/gr-100.com\/?post_type=product\"},{\"@type\":\"ListItem\",\"position\":3,\"name\":\"Fox Guantes de gel Ranger\"}]},{\"@type\":\"WebSite\",\"@id\":\"https:\/\/gr-100.com\/#website\",\"url\":\"https:\/\/gr-100.com\/\",\"name\":\"Gr-100 Tienda de ciclismo Specialized\",\"description\":\"GR-100 tenemos todas las gamas de bicicletas Specialized al mejor precio.\",\"publisher\":{\"@id\":\"https:\/\/gr-100.com\/#organization\"},\"alternateName\":\"Gr-100 Bikes\",\"potentialAction\":[{\"@type\":\"SearchAction\",\"target\":{\"@type\":\"EntryPoint\",\"urlTemplate\":\"https:\/\/gr-100.com\/?s={search_term_string}\"},\"query-input\":{\"@type\":\"PropertyValueSpecification\",\"valueRequired\":true,\"valueName\":\"search_term_string\"}}],\"inLanguage\":\"pt-PT\"},{\"@type\":\"Organization\",\"@id\":\"https:\/\/gr-100.com\/#organization\",\"name\":\"Gr-100\",\"url\":\"https:\/\/gr-100.com\/\",\"logo\":{\"@type\":\"ImageObject\",\"inLanguage\":\"pt-PT\",\"@id\":\"https:\/\/gr-100.com\/#\/schema\/logo\/image\/\",\"url\":\"https:\/\/gr-100.com\/wp-content\/uploads\/2023\/08\/logo-gr-100-bikes.png\",\"contentUrl\":\"https:\/\/gr-100.com\/wp-content\/uploads\/2023\/08\/logo-gr-100-bikes.png\",\"width\":707,\"height\":284,\"caption\":\"Gr-100\"},\"image\":{\"@id\":\"https:\/\/gr-100.com\/#\/schema\/logo\/image\/\"},\"sameAs\":[\"https:\/\/www.facebook.com\/Gr100Bikes\",\"https:\/\/www.instagram.com\/gr100bikes\/\",\"https:\/\/www.tiktok.com\/@gr100bikes\",\"https:\/\/twitter.com\/gr100mtbteam\",\"https:\/\/www.youtube.com\/c\/GR100Specialized\"]}]}<\/script>\n<!-- \/ Yoast SEO Premium plugin. -->","yoast_head_json":{"title":"Fox Guantes de gel Ranger GR-100 Fox Guantes de gel Ranger","description":"Los guantes de gel Ranger ofrecen un rendimiento y una calidad que normalmente solo se encuentran en guantes mucho m\u00e1s caros.","robots":{"index":"index","follow":"follow","max-snippet":"max-snippet:-1","max-image-preview":"max-image-preview:large","max-video-preview":"max-video-preview:-1"},"canonical":"https:\/\/gr-100.com\/producto\/fox-guantes-de-gel-ranger\/","og_locale":"pt_PT","og_type":"article","og_title":"Fox Guantes de gel Ranger","og_description":"Los guantes de gel Ranger ofrecen un rendimiento y una calidad que normalmente solo se encuentran en guantes mucho m\u00e1s caros.","og_url":"https:\/\/gr-100.com\/producto\/fox-guantes-de-gel-ranger\/","og_site_name":"Gr-100 Tienda de ciclismo Specialized","article_publisher":"https:\/\/www.facebook.com\/Gr100Bikes","article_modified_time":"2025-12-29T11:31:54+00:00","og_image":[{"width":1000,"height":1000,"url":"https:\/\/gr-100.com\/wp-content\/uploads\/2025\/03\/33607001_1-guantes-gel-rang.jpg","type":"image\/jpeg"}],"twitter_card":"summary_large_image","twitter_misc":{"Tempo estimado de leitura":"1 minuto"},"schema":{"@context":"https:\/\/schema.org","@graph":[{"@type":"WebPage","@id":"https:\/\/gr-100.com\/producto\/fox-guantes-de-gel-ranger\/","url":"https:\/\/gr-100.com\/producto\/fox-guantes-de-gel-ranger\/","name":"Fox Guantes de gel Ranger GR-100 Fox Guantes de gel Ranger","isPartOf":{"@id":"https:\/\/gr-100.com\/#website"},"primaryImageOfPage":{"@id":"https:\/\/gr-100.com\/producto\/fox-guantes-de-gel-ranger\/#primaryimage"},"image":{"@id":"https:\/\/gr-100.com\/producto\/fox-guantes-de-gel-ranger\/#primaryimage"},"thumbnailUrl":"https:\/\/gr-100.com\/wp-content\/uploads\/2025\/03\/33607001_1-guantes-gel-rang.jpg","datePublished":"2025-04-01T10:08:48+00:00","dateModified":"2025-12-29T11:31:54+00:00","description":"Los guantes de gel Ranger ofrecen un rendimiento y una calidad que normalmente solo se encuentran en guantes mucho m\u00e1s caros.","breadcrumb":{"@id":"https:\/\/gr-100.com\/producto\/fox-guantes-de-gel-ranger\/#breadcrumb"},"inLanguage":"pt-PT","potentialAction":[{"@type":"ReadAction","target":["https:\/\/gr-100.com\/producto\/fox-guantes-de-gel-ranger\/"]}]},{"@type":"ImageObject","inLanguage":"pt-PT","@id":"https:\/\/gr-100.com\/producto\/fox-guantes-de-gel-ranger\/#primaryimage","url":"https:\/\/gr-100.com\/wp-content\/uploads\/2025\/03\/33607001_1-guantes-gel-rang.jpg","contentUrl":"https:\/\/gr-100.com\/wp-content\/uploads\/2025\/03\/33607001_1-guantes-gel-rang.jpg","width":1000,"height":1000},{"@type":"BreadcrumbList","@id":"https:\/\/gr-100.com\/producto\/fox-guantes-de-gel-ranger\/#breadcrumb","itemListElement":[{"@type":"ListItem","position":1,"name":"Portada","item":"https:\/\/gr-100.com\/en\/"},{"@type":"ListItem","position":2,"name":"Productos","item":"https:\/\/gr-100.com\/?post_type=product"},{"@type":"ListItem","position":3,"name":"Fox Guantes de gel Ranger"}]},{"@type":"WebSite","@id":"https:\/\/gr-100.com\/#website","url":"https:\/\/gr-100.com\/","name":"Gr-100 Tienda de ciclismo Specialized","description":"GR-100 tenemos todas las gamas de bicicletas Specialized al mejor precio.","publisher":{"@id":"https:\/\/gr-100.com\/#organization"},"alternateName":"Gr-100 Bikes","potentialAction":[{"@type":"SearchAction","target":{"@type":"EntryPoint","urlTemplate":"https:\/\/gr-100.com\/?s={search_term_string}"},"query-input":{"@type":"PropertyValueSpecification","valueRequired":true,"valueName":"search_term_string"}}],"inLanguage":"pt-PT"},{"@type":"Organization","@id":"https:\/\/gr-100.com\/#organization","name":"Gr-100","url":"https:\/\/gr-100.com\/","logo":{"@type":"ImageObject","inLanguage":"pt-PT","@id":"https:\/\/gr-100.com\/#\/schema\/logo\/image\/","url":"https:\/\/gr-100.com\/wp-content\/uploads\/2023\/08\/logo-gr-100-bikes.png","contentUrl":"https:\/\/gr-100.com\/wp-content\/uploads\/2023\/08\/logo-gr-100-bikes.png","width":707,"height":284,"caption":"Gr-100"},"image":{"@id":"https:\/\/gr-100.com\/#\/schema\/logo\/image\/"},"sameAs":["https:\/\/www.facebook.com\/Gr100Bikes","https:\/\/www.instagram.com\/gr100bikes\/","https:\/\/www.tiktok.com\/@gr100bikes","https:\/\/twitter.com\/gr100mtbteam","https:\/\/www.youtube.com\/c\/GR100Specialized"]}]}},"_links":{"self":[{"href":"https:\/\/gr-100.com\/pt-pt\/wp-json\/wp\/v2\/product\/405167","targetHints":{"allow":["GET"]}}],"collection":[{"href":"https:\/\/gr-100.com\/pt-pt\/wp-json\/wp\/v2\/product"}],"about":[{"href":"https:\/\/gr-100.com\/pt-pt\/wp-json\/wp\/v2\/types\/product"}],"replies":[{"embeddable":true,"href":"https:\/\/gr-100.com\/pt-pt\/wp-json\/wp\/v2\/comments?post=405167"}],"wp:featuredmedia":[{"embeddable":true,"href":"https:\/\/gr-100.com\/pt-pt\/wp-json\/wp\/v2\/media\/405275"}],"wp:attachment":[{"href":"https:\/\/gr-100.com\/pt-pt\/wp-json\/wp\/v2\/media?parent=405167"}],"wp:term":[{"taxonomy":"product_brand","embeddable":true,"href":"https:\/\/gr-100.com\/pt-pt\/wp-json\/wp\/v2\/product_brand?post=405167"},{"taxonomy":"product_cat","embeddable":true,"href":"https:\/\/gr-100.com\/pt-pt\/wp-json\/wp\/v2\/product_cat?post=405167"},{"taxonomy":"product_tag","embeddable":true,"href":"https:\/\/gr-100.com\/pt-pt\/wp-json\/wp\/v2\/product_tag?post=405167"}],"curies":[{"name":"wp","href":"https:\/\/api.w.org\/{rel}","templated":true}]}}