{"id":405510,"date":"2025-04-02T11:25:52","date_gmt":"2025-04-02T11:25:52","guid":{"rendered":"https:\/\/gr-100.com\/?post_type=product&#038;p=405510"},"modified":"2026-04-23T11:27:39","modified_gmt":"2026-04-23T09:27:39","slug":"specialized-phenom-pro-with-mirror-2025","status":"publish","type":"product","link":"https:\/\/gr-100.com\/pt-pt\/producto\/specialized-phenom-pro-with-mirror-2025\/","title":{"rendered":"Specialized Phenom Pro with Mirror 2025"},"content":{"rendered":"<ul>\n<li>Usos<br \/>\nGravel, XC, Trail, e-Bike<\/li>\n<li>Tecnolog\u00eda<br \/>\nTecnolog\u00eda Mirror<\/li>\n<li>Tirantes: 20 055<\/li>\n<li>Nodos: 8735<\/li>\n<li>Reducci\u00f3n de la presi\u00f3n<br \/>\nHasta un 28 % menos de presi\u00f3n en los isquiones.<\/li>\n<li>Caracter\u00edsticas del dise\u00f1o<br \/>\nNuestro sill\u00edn m\u00e1s largo y m\u00e1s plano, con m\u00e1xima libertad de movimiento<\/li>\n<li>Material de la carcasa y los ra\u00edles<br \/>\nCarcasa de fibra de carbono reciclada y nailon inyectado<br \/>\nRa\u00edles de titanio hueco<\/li>\n<li>Peso<br \/>\n143mm: 262g<br \/>\n155mm: 267g<\/li>\n<\/ul>\n","protected":false},"excerpt":{"rendered":"<p>Bien conocido por su perfil plano y su estructura alargada, el Phenom es el sill\u00edn elegido por muchos de los mejores ciclistas del mundo, desde corredores del World Tour hasta el campe\u00f3n del mundo de DH, Lo\u00efc Bruni. Como todos nuestros sillines, el Phenom Pro con tecnolog\u00eda Mirror se ha desarrollado con nuestra metodolog\u00eda Body Geometry, combinada con nuestra tecnolog\u00eda de impresi\u00f3n 3D Mirror. El resultado: hasta un 28 % menos de presi\u00f3n justo donde m\u00e1s lo necesitas.<\/p>\n","protected":false},"featured_media":405511,"comment_status":"open","ping_status":"closed","template":"","meta":{"_acf_changed":false,"_et_pb_use_builder":"","_et_pb_old_content":"","_et_gb_content_width":"","inline_featured_image":false},"product_brand":[],"product_cat":[25,56],"product_tag":[],"class_list":{"0":"post-405510","1":"product","2":"type-product","3":"status-publish","4":"has-post-thumbnail","6":"product_cat-componentes","7":"product_cat-sillines","8":"pa_tamanos-2170","9":"pa_tamanos-2171","11":"first","12":"instock","13":"taxable","14":"shipping-taxable","15":"purchasable","16":"product-type-variable","17":"wvs-archive-product-wrapper"},"acf":[],"yoast_head":"<!-- This site is optimized with the Yoast SEO Premium plugin v26.7 (Yoast SEO v26.7) - https:\/\/yoast.com\/wordpress\/plugins\/seo\/ -->\n<title>Specialized Phenom Pro with Mirror 2025 GR-100<\/title>\n<meta name=\"description\" content=\"Bien conocido por su perfil plano y su estructura alargada, el Phenom es el sill\u00edn elegido por muchos de los mejores ciclistas del mundo, desde corredores del World Tour hasta el campe\u00f3n del mundo de DH, Lo\u00efc Bruni. Como todos nuestros sillines, el Phenom Pro con tecnolog\u00eda Mirror se ha desarrollado con nuestra metodolog\u00eda Body Geometry, combinada con nuestra tecnolog\u00eda de impresi\u00f3n 3D Mirror. El resultado: hasta un 28 % menos de presi\u00f3n justo donde m\u00e1s lo necesitas.\" \/>\n<meta name=\"robots\" content=\"index, follow, max-snippet:-1, max-image-preview:large, max-video-preview:-1\" \/>\n<link rel=\"canonical\" href=\"https:\/\/gr-100.com\/producto\/specialized-phenom-pro-with-mirror-2025\/\" \/>\n<meta property=\"og:locale\" content=\"pt_PT\" \/>\n<meta property=\"og:type\" content=\"article\" \/>\n<meta property=\"og:title\" content=\"Specialized Phenom Pro with Mirror 2025\" \/>\n<meta property=\"og:description\" content=\"Bien conocido por su perfil plano y su estructura alargada, el Phenom es el sill\u00edn elegido por muchos de los mejores ciclistas del mundo, desde corredores del World Tour hasta el campe\u00f3n del mundo de DH, Lo\u00efc Bruni. Como todos nuestros sillines, el Phenom Pro con tecnolog\u00eda Mirror se ha desarrollado con nuestra metodolog\u00eda Body Geometry, combinada con nuestra tecnolog\u00eda de impresi\u00f3n 3D Mirror. El resultado: hasta un 28 % menos de presi\u00f3n justo donde m\u00e1s lo necesitas.\" \/>\n<meta property=\"og:url\" content=\"https:\/\/gr-100.com\/producto\/specialized-phenom-pro-with-mirror-2025\/\" \/>\n<meta property=\"og:site_name\" content=\"Gr-100 Tienda de ciclismo Specialized\" \/>\n<meta property=\"article:publisher\" content=\"https:\/\/www.facebook.com\/Gr100Bikes\" \/>\n<meta property=\"article:modified_time\" content=\"2026-04-23T09:27:39+00:00\" \/>\n<meta property=\"og:image\" content=\"https:\/\/gr-100.com\/wp-content\/uploads\/2025\/04\/Diseno-sin-titulo-2025-04-02T131143.765.jpg\" \/>\n\t<meta property=\"og:image:width\" content=\"1000\" \/>\n\t<meta property=\"og:image:height\" content=\"1000\" \/>\n\t<meta property=\"og:image:type\" content=\"image\/jpeg\" \/>\n<meta name=\"twitter:card\" content=\"summary_large_image\" \/>\n<meta name=\"twitter:label1\" content=\"Tempo estimado de leitura\" \/>\n\t<meta name=\"twitter:data1\" content=\"1 minuto\" \/>\n<script type=\"application\/ld+json\" class=\"yoast-schema-graph\">{\"@context\":\"https:\/\/schema.org\",\"@graph\":[{\"@type\":\"WebPage\",\"@id\":\"https:\/\/gr-100.com\/producto\/specialized-phenom-pro-with-mirror-2025\/\",\"url\":\"https:\/\/gr-100.com\/producto\/specialized-phenom-pro-with-mirror-2025\/\",\"name\":\"Specialized Phenom Pro with Mirror 2025 GR-100\",\"isPartOf\":{\"@id\":\"https:\/\/gr-100.com\/#website\"},\"primaryImageOfPage\":{\"@id\":\"https:\/\/gr-100.com\/producto\/specialized-phenom-pro-with-mirror-2025\/#primaryimage\"},\"image\":{\"@id\":\"https:\/\/gr-100.com\/producto\/specialized-phenom-pro-with-mirror-2025\/#primaryimage\"},\"thumbnailUrl\":\"https:\/\/gr-100.com\/wp-content\/uploads\/2025\/04\/Diseno-sin-titulo-2025-04-02T131143.765.jpg\",\"datePublished\":\"2025-04-02T11:25:52+00:00\",\"dateModified\":\"2026-04-23T09:27:39+00:00\",\"description\":\"Bien conocido por su perfil plano y su estructura alargada, el Phenom es el sill\u00edn elegido por muchos de los mejores ciclistas del mundo, desde corredores del World Tour hasta el campe\u00f3n del mundo de DH, Lo\u00efc Bruni. Como todos nuestros sillines, el Phenom Pro con tecnolog\u00eda Mirror se ha desarrollado con nuestra metodolog\u00eda Body Geometry, combinada con nuestra tecnolog\u00eda de impresi\u00f3n 3D Mirror. El resultado: hasta un 28 % menos de presi\u00f3n justo donde m\u00e1s lo necesitas.\",\"breadcrumb\":{\"@id\":\"https:\/\/gr-100.com\/producto\/specialized-phenom-pro-with-mirror-2025\/#breadcrumb\"},\"inLanguage\":\"pt-PT\",\"potentialAction\":[{\"@type\":\"ReadAction\",\"target\":[\"https:\/\/gr-100.com\/producto\/specialized-phenom-pro-with-mirror-2025\/\"]}]},{\"@type\":\"ImageObject\",\"inLanguage\":\"pt-PT\",\"@id\":\"https:\/\/gr-100.com\/producto\/specialized-phenom-pro-with-mirror-2025\/#primaryimage\",\"url\":\"https:\/\/gr-100.com\/wp-content\/uploads\/2025\/04\/Diseno-sin-titulo-2025-04-02T131143.765.jpg\",\"contentUrl\":\"https:\/\/gr-100.com\/wp-content\/uploads\/2025\/04\/Diseno-sin-titulo-2025-04-02T131143.765.jpg\",\"width\":1000,\"height\":1000},{\"@type\":\"BreadcrumbList\",\"@id\":\"https:\/\/gr-100.com\/producto\/specialized-phenom-pro-with-mirror-2025\/#breadcrumb\",\"itemListElement\":[{\"@type\":\"ListItem\",\"position\":1,\"name\":\"Portada\",\"item\":\"https:\/\/gr-100.com\/en\/\"},{\"@type\":\"ListItem\",\"position\":2,\"name\":\"Productos\",\"item\":\"https:\/\/gr-100.com\/?post_type=product\"},{\"@type\":\"ListItem\",\"position\":3,\"name\":\"Specialized Phenom Pro with Mirror 2025\"}]},{\"@type\":\"WebSite\",\"@id\":\"https:\/\/gr-100.com\/#website\",\"url\":\"https:\/\/gr-100.com\/\",\"name\":\"Gr-100 Tienda de ciclismo Specialized\",\"description\":\"GR-100 tenemos todas las gamas de bicicletas Specialized al mejor precio.\",\"publisher\":{\"@id\":\"https:\/\/gr-100.com\/#organization\"},\"alternateName\":\"Gr-100 Bikes\",\"potentialAction\":[{\"@type\":\"SearchAction\",\"target\":{\"@type\":\"EntryPoint\",\"urlTemplate\":\"https:\/\/gr-100.com\/?s={search_term_string}\"},\"query-input\":{\"@type\":\"PropertyValueSpecification\",\"valueRequired\":true,\"valueName\":\"search_term_string\"}}],\"inLanguage\":\"pt-PT\"},{\"@type\":\"Organization\",\"@id\":\"https:\/\/gr-100.com\/#organization\",\"name\":\"Gr-100\",\"url\":\"https:\/\/gr-100.com\/\",\"logo\":{\"@type\":\"ImageObject\",\"inLanguage\":\"pt-PT\",\"@id\":\"https:\/\/gr-100.com\/#\/schema\/logo\/image\/\",\"url\":\"https:\/\/gr-100.com\/wp-content\/uploads\/2023\/08\/logo-gr-100-bikes.png\",\"contentUrl\":\"https:\/\/gr-100.com\/wp-content\/uploads\/2023\/08\/logo-gr-100-bikes.png\",\"width\":707,\"height\":284,\"caption\":\"Gr-100\"},\"image\":{\"@id\":\"https:\/\/gr-100.com\/#\/schema\/logo\/image\/\"},\"sameAs\":[\"https:\/\/www.facebook.com\/Gr100Bikes\",\"https:\/\/www.instagram.com\/gr100bikes\/\",\"https:\/\/www.tiktok.com\/@gr100bikes\",\"https:\/\/twitter.com\/gr100mtbteam\",\"https:\/\/www.youtube.com\/c\/GR100Specialized\"]}]}<\/script>\n<!-- \/ Yoast SEO Premium plugin. -->","yoast_head_json":{"title":"Specialized Phenom Pro with Mirror 2025 GR-100","description":"Bien conocido por su perfil plano y su estructura alargada, el Phenom es el sill\u00edn elegido por muchos de los mejores ciclistas del mundo, desde corredores del World Tour hasta el campe\u00f3n del mundo de DH, Lo\u00efc Bruni. Como todos nuestros sillines, el Phenom Pro con tecnolog\u00eda Mirror se ha desarrollado con nuestra metodolog\u00eda Body Geometry, combinada con nuestra tecnolog\u00eda de impresi\u00f3n 3D Mirror. El resultado: hasta un 28 % menos de presi\u00f3n justo donde m\u00e1s lo necesitas.","robots":{"index":"index","follow":"follow","max-snippet":"max-snippet:-1","max-image-preview":"max-image-preview:large","max-video-preview":"max-video-preview:-1"},"canonical":"https:\/\/gr-100.com\/producto\/specialized-phenom-pro-with-mirror-2025\/","og_locale":"pt_PT","og_type":"article","og_title":"Specialized Phenom Pro with Mirror 2025","og_description":"Bien conocido por su perfil plano y su estructura alargada, el Phenom es el sill\u00edn elegido por muchos de los mejores ciclistas del mundo, desde corredores del World Tour hasta el campe\u00f3n del mundo de DH, Lo\u00efc Bruni. Como todos nuestros sillines, el Phenom Pro con tecnolog\u00eda Mirror se ha desarrollado con nuestra metodolog\u00eda Body Geometry, combinada con nuestra tecnolog\u00eda de impresi\u00f3n 3D Mirror. El resultado: hasta un 28 % menos de presi\u00f3n justo donde m\u00e1s lo necesitas.","og_url":"https:\/\/gr-100.com\/producto\/specialized-phenom-pro-with-mirror-2025\/","og_site_name":"Gr-100 Tienda de ciclismo Specialized","article_publisher":"https:\/\/www.facebook.com\/Gr100Bikes","article_modified_time":"2026-04-23T09:27:39+00:00","og_image":[{"width":1000,"height":1000,"url":"https:\/\/gr-100.com\/wp-content\/uploads\/2025\/04\/Diseno-sin-titulo-2025-04-02T131143.765.jpg","type":"image\/jpeg"}],"twitter_card":"summary_large_image","twitter_misc":{"Tempo estimado de leitura":"1 minuto"},"schema":{"@context":"https:\/\/schema.org","@graph":[{"@type":"WebPage","@id":"https:\/\/gr-100.com\/producto\/specialized-phenom-pro-with-mirror-2025\/","url":"https:\/\/gr-100.com\/producto\/specialized-phenom-pro-with-mirror-2025\/","name":"Specialized Phenom Pro with Mirror 2025 GR-100","isPartOf":{"@id":"https:\/\/gr-100.com\/#website"},"primaryImageOfPage":{"@id":"https:\/\/gr-100.com\/producto\/specialized-phenom-pro-with-mirror-2025\/#primaryimage"},"image":{"@id":"https:\/\/gr-100.com\/producto\/specialized-phenom-pro-with-mirror-2025\/#primaryimage"},"thumbnailUrl":"https:\/\/gr-100.com\/wp-content\/uploads\/2025\/04\/Diseno-sin-titulo-2025-04-02T131143.765.jpg","datePublished":"2025-04-02T11:25:52+00:00","dateModified":"2026-04-23T09:27:39+00:00","description":"Bien conocido por su perfil plano y su estructura alargada, el Phenom es el sill\u00edn elegido por muchos de los mejores ciclistas del mundo, desde corredores del World Tour hasta el campe\u00f3n del mundo de DH, Lo\u00efc Bruni. Como todos nuestros sillines, el Phenom Pro con tecnolog\u00eda Mirror se ha desarrollado con nuestra metodolog\u00eda Body Geometry, combinada con nuestra tecnolog\u00eda de impresi\u00f3n 3D Mirror. El resultado: hasta un 28 % menos de presi\u00f3n justo donde m\u00e1s lo necesitas.","breadcrumb":{"@id":"https:\/\/gr-100.com\/producto\/specialized-phenom-pro-with-mirror-2025\/#breadcrumb"},"inLanguage":"pt-PT","potentialAction":[{"@type":"ReadAction","target":["https:\/\/gr-100.com\/producto\/specialized-phenom-pro-with-mirror-2025\/"]}]},{"@type":"ImageObject","inLanguage":"pt-PT","@id":"https:\/\/gr-100.com\/producto\/specialized-phenom-pro-with-mirror-2025\/#primaryimage","url":"https:\/\/gr-100.com\/wp-content\/uploads\/2025\/04\/Diseno-sin-titulo-2025-04-02T131143.765.jpg","contentUrl":"https:\/\/gr-100.com\/wp-content\/uploads\/2025\/04\/Diseno-sin-titulo-2025-04-02T131143.765.jpg","width":1000,"height":1000},{"@type":"BreadcrumbList","@id":"https:\/\/gr-100.com\/producto\/specialized-phenom-pro-with-mirror-2025\/#breadcrumb","itemListElement":[{"@type":"ListItem","position":1,"name":"Portada","item":"https:\/\/gr-100.com\/en\/"},{"@type":"ListItem","position":2,"name":"Productos","item":"https:\/\/gr-100.com\/?post_type=product"},{"@type":"ListItem","position":3,"name":"Specialized Phenom Pro with Mirror 2025"}]},{"@type":"WebSite","@id":"https:\/\/gr-100.com\/#website","url":"https:\/\/gr-100.com\/","name":"Gr-100 Tienda de ciclismo Specialized","description":"GR-100 tenemos todas las gamas de bicicletas Specialized al mejor precio.","publisher":{"@id":"https:\/\/gr-100.com\/#organization"},"alternateName":"Gr-100 Bikes","potentialAction":[{"@type":"SearchAction","target":{"@type":"EntryPoint","urlTemplate":"https:\/\/gr-100.com\/?s={search_term_string}"},"query-input":{"@type":"PropertyValueSpecification","valueRequired":true,"valueName":"search_term_string"}}],"inLanguage":"pt-PT"},{"@type":"Organization","@id":"https:\/\/gr-100.com\/#organization","name":"Gr-100","url":"https:\/\/gr-100.com\/","logo":{"@type":"ImageObject","inLanguage":"pt-PT","@id":"https:\/\/gr-100.com\/#\/schema\/logo\/image\/","url":"https:\/\/gr-100.com\/wp-content\/uploads\/2023\/08\/logo-gr-100-bikes.png","contentUrl":"https:\/\/gr-100.com\/wp-content\/uploads\/2023\/08\/logo-gr-100-bikes.png","width":707,"height":284,"caption":"Gr-100"},"image":{"@id":"https:\/\/gr-100.com\/#\/schema\/logo\/image\/"},"sameAs":["https:\/\/www.facebook.com\/Gr100Bikes","https:\/\/www.instagram.com\/gr100bikes\/","https:\/\/www.tiktok.com\/@gr100bikes","https:\/\/twitter.com\/gr100mtbteam","https:\/\/www.youtube.com\/c\/GR100Specialized"]}]}},"_links":{"self":[{"href":"https:\/\/gr-100.com\/pt-pt\/wp-json\/wp\/v2\/product\/405510","targetHints":{"allow":["GET"]}}],"collection":[{"href":"https:\/\/gr-100.com\/pt-pt\/wp-json\/wp\/v2\/product"}],"about":[{"href":"https:\/\/gr-100.com\/pt-pt\/wp-json\/wp\/v2\/types\/product"}],"replies":[{"embeddable":true,"href":"https:\/\/gr-100.com\/pt-pt\/wp-json\/wp\/v2\/comments?post=405510"}],"wp:featuredmedia":[{"embeddable":true,"href":"https:\/\/gr-100.com\/pt-pt\/wp-json\/wp\/v2\/media\/405511"}],"wp:attachment":[{"href":"https:\/\/gr-100.com\/pt-pt\/wp-json\/wp\/v2\/media?parent=405510"}],"wp:term":[{"taxonomy":"product_brand","embeddable":true,"href":"https:\/\/gr-100.com\/pt-pt\/wp-json\/wp\/v2\/product_brand?post=405510"},{"taxonomy":"product_cat","embeddable":true,"href":"https:\/\/gr-100.com\/pt-pt\/wp-json\/wp\/v2\/product_cat?post=405510"},{"taxonomy":"product_tag","embeddable":true,"href":"https:\/\/gr-100.com\/pt-pt\/wp-json\/wp\/v2\/product_tag?post=405510"}],"curies":[{"name":"wp","href":"https:\/\/api.w.org\/{rel}","templated":true}]}}