{"id":405826,"date":"2025-04-09T08:33:41","date_gmt":"2025-04-09T07:33:41","guid":{"rendered":"https:\/\/gr-100.com\/?post_type=product&#038;p=405826"},"modified":"2026-02-11T14:49:33","modified_gmt":"2026-02-11T12:49:33","slug":"specialized-s-works-turbo-levo-g3-2023-copia","status":"publish","type":"product","link":"https:\/\/gr-100.com\/pt-pt\/producto\/specialized-s-works-turbo-levo-g3-2023-copia\/","title":{"rendered":"Especializado S-Works Turbo Levo 4"},"content":{"rendered":"<ul>\n<li><strong>Controlo\/Visualiza\u00e7\u00e3o remota<\/strong><br \/>\nTodo o novo sistema de exibi\u00e7\u00e3o MasterMind T3, tela colorida de alta resolu\u00e7\u00e3o de 2,2&#8243;, totalmente personaliz\u00e1vel com o aplicativo especializado<\/li>\n<li><strong>Carregador<\/strong><br \/>\nCarregador inteligente especializado de 12 amperes, 4 fun\u00e7\u00f5es de carga diferentes, incluindo Standard, Fast, Eco e carga at\u00e9 80%<\/li>\n<li><strong>Motores<\/strong><br \/>\nNovo motor Specialized 3.1 S-Works, torque de 111Nm, pot\u00eancia de 720W<\/li>\n<li><strong>Bateria<\/strong><br \/>\nQuadro da bateria<br \/>\n840wh<\/li>\n<li><strong>Bra\u00e7adeira de<\/strong><br \/>\n selaLiga, 38.6mm<\/li>\n<li><strong>Imagem<\/strong><br \/>\nTodos os novos quadros Levo 4 S-Works com extens\u00e3o de choque de carbono, chassis de carbono FACT de 11 m e traseira, sa\u00eddas de 12&#215;148 mm, piv\u00f4s de rolamento de cartucho selados, compat\u00edvel com SRAM UDH, com armazenamento SWAT, 150 mm de curso, bateria de entrada lateral, curso da forquilha at\u00e9 180 mm<br \/>\nSuspens\u00e3o<\/li>\n<li><strong>Garfo<\/strong><br \/>\nFOX FLOAT 38 Factory, amortecedor GRIP X2, rebote HS e LS e ajuste de compress\u00e3o, eixo 15x110mm, deslocamento de 44mm, curso de 160mm<\/li>\n<li><strong>Amortecedor<\/strong> traseiro<br \/>\nFox Float X Factory com Specialized GENIE Shock Tech, Ride Dynamics Trail Tune, alavanca de 2 posi\u00e7\u00f5es c\/3 configura\u00e7\u00e3o Faixa de ajuste de modo aberto, ajuste LSR, freios 210x55mm\n<\/li>\n<li><strong>Freio dianteiro<\/strong><br \/>\nSRAM Maven Ultimate, pin\u00e7a de 4 pist\u00f5es, disco hidr\u00e1ulico, rotor HS2 de 220 mm<\/li>\n<li><strong>Freio traseiro<\/strong><br \/>\nSRAM Maven Ultimate, pin\u00e7a de 4 pist\u00f5es, disco hidr\u00e1ulico, transmiss\u00e3o de rotor<br \/>\nHS2 de 200 mm<\/li>\n<li><strong>Pratos<\/strong><br \/>\nAnel de corrente SRAM 34t T-Type, 104 BCD, a\u00e7o<\/li>\n<li><strong>Alavancas de mudan\u00e7a<\/strong><br \/>\nControlador SRAM AXS POD Ultimate com bra\u00e7adeira discreta<\/li>\n<li><strong><br \/>\nSRAM XX Eagle de transmiss\u00e3o, 12spd, 10-52t<\/strong><\/li>\n<li><strong>Manivelas<\/strong><br \/>\nManivela de carbono SRAM XX, interface ISIS, 55mm Chainline, 160mm<\/li>\n<li><strong>Derailleur<\/strong> traseiro<br \/>\nSRAM XX Eagle Descarrilador de Transmiss\u00e3o<\/li>\n<li><strong>Cadeia<\/strong><br \/>\nSRAM XX EagleTransmission Rodas de corrente de topo plano  Pneus\n<\/li>\n<li><strong>Pneu traseiro<\/strong><br \/>\nTalho, inv\u00f3lucro GRID GRAVITY, composto GRIPTON\u00ae T9, 2Bliss Ready, TLR, 27.5&#215;2.3&#8243;<\/li>\n<li>Pneu <strong>dianteiro<\/strong><br \/>\nTalho, inv\u00f3lucro GRID GRAVITY, composto GRIPTON\u00ae T9, 2Bliss Ready, 29&#215;2.3&#8243;<\/li>\n<li><strong>Roda dianteira<\/strong><br \/>\nRoval Traverse HD 29&#8243;, carbono sem gancho, 30mm de largura interna, pronto sem tubo, DT Swiss 240 DEG, 15x110mm, 28h<\/li>\n<li><strong>Roda traseira<\/strong><br \/>\nRoval Traverse HD 27.5&#8243;, carbono sem gancho, 30mm de largura interna, pronto sem tubo, DT Swiss 240 DEG, 12x148mm, 32h<\/li>\n<li><strong>C\u00e2maras<\/strong><br \/>\nPadr\u00e3o, Presta Valve<br \/>\nCockpit<\/li>\n<li><strong>Punhos<\/strong><br \/>\nPunhos Deity Lockjaw<\/li>\n<li><strong>Espig\u00e3o de assento<\/strong><br \/>\nTransfer\u00eancia FOX NEO Factory, 34.9, S2: 150mm, S3: 175mm, S4-S6: 200mm<\/li>\n<li><strong>Guiador<\/strong><br \/>\nRaceFace Era Carbon, barra riser, upsweep de 5 graus, backsweep de 8 graus, S2:20mm Rise, S3-S6:40mm Rise, 800mm<\/li>\n<li><strong>Alimenta\u00e7\u00e3o<\/strong><br \/>\nInd\u00fastria 9 A35 Haste de elevador, bra\u00e7adeira de 35mm, comprimento de 40mm<\/li>\n<li><strong>Sela<\/strong><br \/>\nEspelho Power Pro especializado com trilhos ocos<br \/>\nTi Acess\u00f3rios<\/li>\n<li><strong>SWAT<\/strong><br \/>\nArmazenamento<br \/>\ninterno SWAT Detalhes do Produto<br \/>\nPeso<\/li>\n<li><strong>Peso<\/strong><br \/>\n23,68 kg (52 lb, 3,3 oz) no tamanho S4<\/li>\n<\/ul>\n<p>&nbsp;<\/p>\n<div class=\"sc-hGMjit kDzALL\">\n<h3>Geometria<\/h3>\n<p><img decoding=\"async\" class=\"geometrie\" src=\"https:\/\/gr-100.com\/wp-content\/uploads\/2025\/04\/geometry_turbo-levo_geometry.webp\" alt=\"schematische Skizze eines Fahrrades mit eingezeichneten Geometrie-Messpunkten\" width=\"400\"><\/p>\n<\/div>\n<div class=\"sc-fPrdXf eCzvmk\">\n<div class=\"content\">\n<div class=\"table-content\">\n<table class=\"table table_wrapper\" style=\"border-color: #d1d1d1;\" border=\"1\" cellspacing=\"1\" cellpadding=\"1\">\n<thead class=\"table_header-Wrapper\">\n<tr>\n<th scope=\"col\"><\/th>\n<th>S2<\/th>\n<th>S3<\/th>\n<th>S4<\/th>\n<th>S5<\/th>\n<th>S6<\/th>\n<\/tr>\n<\/thead>\n<tbody>\n<tr>\n<th class=\"column_header\"><\/th>\n<td class=\"geo_values\">160\u00ba<\/td>\n<td class=\"geo_values\">160\u00ba<\/td>\n<td class=\"geo_values\">160\u00ba<\/td>\n<td class=\"geo_values\">160\u00ba<\/td>\n<td class=\"geo_values\">160\u00ba<\/td>\n<\/tr>\n<tr>\n<th class=\"column_header\"><\/th>\n<td class=\"geo_values\">800\u00ba<\/td>\n<td class=\"geo_values\">800\u00ba<\/td>\n<td class=\"geo_values\">800\u00ba<\/td>\n<td class=\"geo_values\">800\u00ba<\/td>\n<td class=\"geo_values\">800\u00ba<\/td>\n<\/tr>\n<tr>\n<th class=\"column_header\"><\/th>\n<td class=\"geo_values\">40\u00ba<\/td>\n<td class=\"geo_values\">40\u00ba<\/td>\n<td class=\"geo_values\">40\u00ba<\/td>\n<td class=\"geo_values\">40\u00ba<\/td>\n<td class=\"geo_values\">40\u00ba<\/td>\n<\/tr>\n<tr>\n<th class=\"column_header\"><\/th>\n<td class=\"geo_values\">155\u00ba<\/td>\n<td class=\"geo_values\">143\u00ba<\/td>\n<td class=\"geo_values\">143\u00ba<\/td>\n<td class=\"geo_values\">143\u00ba<\/td>\n<td class=\"geo_values\">143\u00ba<\/td>\n<\/tr>\n<tr>\n<th class=\"column_header\"><\/th>\n<td class=\"geo_values\">125\u00ba<\/td>\n<td class=\"geo_values\">175\u00ba<\/td>\n<td class=\"geo_values\">200<\/td>\n<td class=\"geo_values\">200<\/td>\n<td class=\"geo_values\">200<\/td>\n<\/tr>\n<tr>\n<th class=\"column_header\">Pilha<\/th>\n<td class=\"geo_values\">618<\/td>\n<td class=\"geo_values\">626<\/td>\n<td class=\"geo_values\">638<\/td>\n<td class=\"geo_values\">652<\/td>\n<td class=\"geo_values\">667<\/td>\n<\/tr>\n<tr>\n<th class=\"column_header\">Alcance<\/th>\n<td class=\"geo_values\">435<\/td>\n<td class=\"geo_values\">455<\/td>\n<td class=\"geo_values\">480<\/td>\n<td class=\"geo_values\">505<\/td>\n<td class=\"geo_values\">535<\/td>\n<\/tr>\n<tr>\n<th class=\"column_header\">Comprimento do tubo de cabe\u00e7a<\/th>\n<td class=\"geo_values\">95<\/td>\n<td class=\"geo_values\">103<\/td>\n<td class=\"geo_values\">117<\/td>\n<td class=\"geo_values\">132<\/td>\n<td class=\"geo_values\">149<\/td>\n<\/tr>\n<tr>\n<th class=\"column_header\">\u00c2ngulo do tubo de cabe\u00e7a<\/th>\n<td class=\"geo_values\">64.5<\/td>\n<td class=\"geo_values\">64.5<\/td>\n<td class=\"geo_values\">64.5<\/td>\n<td class=\"geo_values\">64.5<\/td>\n<td class=\"geo_values\">64.5<\/td>\n<\/tr>\n<tr>\n<th class=\"column_header\">Altura BB<\/th>\n<td class=\"geo_values\">350<\/td>\n<td class=\"geo_values\">350<\/td>\n<td class=\"geo_values\">350<\/td>\n<td class=\"geo_values\">350<\/td>\n<td class=\"geo_values\">350<\/td>\n<\/tr>\n<tr>\n<th class=\"column_header\">Queda BB<\/th>\n<td class=\"geo_values\">29.5<\/td>\n<td class=\"geo_values\">29.5<\/td>\n<td class=\"geo_values\">29.5<\/td>\n<td class=\"geo_values\">29.5<\/td>\n<td class=\"geo_values\">29.5<\/td>\n<\/tr>\n<tr>\n<th class=\"column_header\">Trilho<\/th>\n<td class=\"geo_values\">132<\/td>\n<td class=\"geo_values\">132<\/td>\n<td class=\"geo_values\">132<\/td>\n<td class=\"geo_values\">132<\/td>\n<td class=\"geo_values\">132<\/td>\n<\/tr>\n<tr>\n<th class=\"column_header\">Comprimento da forquilha (completo)<\/th>\n<td class=\"geo_values\">577<\/td>\n<td class=\"geo_values\">577<\/td>\n<td class=\"geo_values\">577<\/td>\n<td class=\"geo_values\">577<\/td>\n<td class=\"geo_values\">577<\/td>\n<\/tr>\n<tr>\n<th class=\"column_header\">Garfo Rake\/Offset<\/th>\n<td class=\"geo_values\">44<\/td>\n<td class=\"geo_values\">44<\/td>\n<td class=\"geo_values\">44<\/td>\n<td class=\"geo_values\">44<\/td>\n<td class=\"geo_values\">44<\/td>\n<\/tr>\n<tr>\n<th class=\"column_header\">Centro da Frente<\/th>\n<td class=\"geo_values\">765<\/td>\n<td class=\"geo_values\">789<\/td>\n<td class=\"geo_values\">820<\/td>\n<td class=\"geo_values\">851<\/td>\n<td class=\"geo_values\">888<\/td>\n<\/tr>\n<tr>\n<th class=\"column_header\">Comprimento do Chainstay<\/th>\n<td class=\"geo_values\">435<\/td>\n<td class=\"geo_values\">435<\/td>\n<td class=\"geo_values\">435<\/td>\n<td class=\"geo_values\">435<\/td>\n<td class=\"geo_values\">435<\/td>\n<\/tr>\n<tr>\n<th class=\"column_header\">Dist\u00e2ncia entre eixos<\/th>\n<td class=\"geo_values\">1200<\/td>\n<td class=\"geo_values\">1223<\/td>\n<td class=\"geo_values\">1254<\/td>\n<td class=\"geo_values\">1286<\/td>\n<td class=\"geo_values\">1323<\/td>\n<\/tr>\n<tr>\n<th class=\"column_header\">Comprimento do tubo superior (horizontal)<\/th>\n<td class=\"geo_values\">578<\/td>\n<td class=\"geo_values\">599<\/td>\n<td class=\"geo_values\">627<\/td>\n<td class=\"geo_values\">655<\/td>\n<td class=\"geo_values\">689<\/td>\n<\/tr>\n<tr>\n<th class=\"column_header\">Altura de standover da bicicleta<\/th>\n<td class=\"geo_values\">753<\/td>\n<td class=\"geo_values\">754<\/td>\n<td class=\"geo_values\">753<\/td>\n<td class=\"geo_values\">758<\/td>\n<td class=\"geo_values\">761<\/td>\n<\/tr>\n<tr>\n<th class=\"column_header\">Comprimento do tubo do assento<\/th>\n<td class=\"geo_values\">390<\/td>\n<td class=\"geo_values\">405<\/td>\n<td class=\"geo_values\">425<\/td>\n<td class=\"geo_values\">445<\/td>\n<td class=\"geo_values\">465<\/td>\n<\/tr>\n<tr>\n<th class=\"column_header\">\u00c2ngulo do tubo do assento<\/th>\n<td class=\"geo_values\">77<\/td>\n<td class=\"geo_values\">77<\/td>\n<td class=\"geo_values\">77<\/td>\n<td class=\"geo_values\">77<\/td>\n<td class=\"geo_values\">77<\/td>\n<\/tr>\n<tr>\n<th class=\"column_header\">Altura do selim para um \u00e2ngulo ST eficaz<\/th>\n<td class=\"geo_values\">690<\/td>\n<td class=\"geo_values\">735<\/td>\n<td class=\"geo_values\">780<\/td>\n<td class=\"geo_values\">825<\/td>\n<td class=\"geo_values\">870<\/td>\n<\/tr>\n<tr>\n<th class=\"column_header\">Inser\u00e7\u00e3o m\u00e1xima do espig\u00e3o<\/th>\n<td class=\"geo_values\">274<\/td>\n<td class=\"geo_values\">289<\/td>\n<td class=\"geo_values\">313<\/td>\n<td class=\"geo_values\">337<\/td>\n<td class=\"geo_values\">357<\/td>\n<\/tr>\n<tr>\n<th class=\"column_header\">Inser\u00e7\u00e3o Min Seatpost<\/th>\n<td class=\"geo_values\">80<\/td>\n<td class=\"geo_values\">80<\/td>\n<td class=\"geo_values\">80<\/td>\n<td class=\"geo_values\">80<\/td>\n<td class=\"geo_values\">80<\/td>\n<\/tr>\n<\/tbody>\n<\/table>\n<\/div>\n<\/div>\n<\/div>\n","protected":false},"excerpt":{"rendered":"<p><strong>Poder, controle e autonomia<\/strong> sobrenaturais<br \/>\nN\u00e3o \u00e9 apenas uma bicicleta. \u00c9 a sua evolu\u00e7\u00e3o.<br \/>\nO Levo 4 n\u00e3o te leva pelo caminho:<strong> ele o conquista com voc\u00ea<\/strong>. Voc\u00ea ser\u00e1 mais r\u00e1pido, mais forte, mais resistente. Voc\u00ea ser\u00e1 mais do que humano.<br \/>\n<strong>Levo 4: Onde o Super Encontra o Natural.<\/strong><\/p>\n","protected":false},"featured_media":436227,"comment_status":"closed","ping_status":"closed","template":"","meta":{"_acf_changed":false,"_et_pb_use_builder":"","_et_pb_old_content":"","_et_gb_content_width":"","inline_featured_image":false},"product_brand":[],"product_cat":[5393,2459,391,5261,5262,5263,5266,5260,2483],"product_tag":[],"class_list":{"0":"post-405826","1":"product","2":"type-product","3":"status-publish","4":"has-post-thumbnail","6":"product_cat-bicicletas-electricas-levo-pt-pt","7":"product_cat-bicicletas-pt-pt-2","8":"product_cat-eletricas","9":"product_cat-bicicletas-electricas-de-carbono","10":"product_cat-bicicletas-electricas-de-enduro-trail","11":"product_cat-bicicletas-de-montanha-electricas","12":"product_cat-bicicletas-electricas-s-works-pt-pt","13":"product_cat-bicicletas-electricas-specialized-pt-pt","14":"product_cat-bicicletas-especializadas","15":"product_shipping_class-bicicletas-pt-pt","17":"first","18":"instock","19":"taxable","20":"shipping-taxable","21":"purchasable","22":"product-type-variable","23":"wvs-archive-product-wrapper"},"acf":[],"yoast_head":"<!-- This site is optimized with the Yoast SEO Premium plugin v26.7 (Yoast SEO v26.7) - https:\/\/yoast.com\/wordpress\/plugins\/seo\/ -->\n<title>Especializado S-Works Turbo Levo 4 GR-100<\/title>\n<meta name=\"description\" content=\"Pot\u00eancia, controlo e autonomia sobrenaturais: 111 Nm de bin\u00e1rio, 720 W de pot\u00eancia, bateria de 840 Wh. Roval Traverse HD carbono \/ DT 240 DEG rodas\" \/>\n<meta name=\"robots\" content=\"index, follow, max-snippet:-1, max-image-preview:large, max-video-preview:-1\" \/>\n<link rel=\"canonical\" href=\"https:\/\/gr-100.com\/pt-pt\/producto\/specialized-s-works-turbo-levo-g3-2023-copia\/\" \/>\n<meta property=\"og:locale\" content=\"pt_PT\" \/>\n<meta property=\"og:type\" content=\"article\" \/>\n<meta property=\"og:title\" content=\"Especializado S-Works Turbo Levo 4\" \/>\n<meta property=\"og:description\" content=\"Pot\u00eancia, controlo e autonomia sobrenaturais: 111 Nm de bin\u00e1rio, 720 W de pot\u00eancia, bateria de 840 Wh. Roval Traverse HD carbono \/ DT 240 DEG rodas\" \/>\n<meta property=\"og:url\" content=\"https:\/\/gr-100.com\/pt-pt\/producto\/specialized-s-works-turbo-levo-g3-2023-copia\/\" \/>\n<meta property=\"og:site_name\" content=\"Gr-100 Tienda de ciclismo Specialized\" \/>\n<meta property=\"article:publisher\" content=\"https:\/\/www.facebook.com\/Gr100Bikes\" \/>\n<meta property=\"article:modified_time\" content=\"2026-02-11T12:49:33+00:00\" \/>\n<meta property=\"og:image\" content=\"https:\/\/gr-100.com\/wp-content\/uploads\/2026\/02\/S-Works-Turbo-Levo-4-2026.jpg\" \/>\n\t<meta property=\"og:image:width\" content=\"1000\" \/>\n\t<meta property=\"og:image:height\" content=\"1000\" \/>\n\t<meta property=\"og:image:type\" content=\"image\/jpeg\" \/>\n<meta name=\"twitter:card\" content=\"summary_large_image\" \/>\n<meta name=\"twitter:label1\" content=\"Tempo estimado de leitura\" \/>\n\t<meta name=\"twitter:data1\" content=\"3 minutos\" \/>\n<script type=\"application\/ld+json\" class=\"yoast-schema-graph\">{\"@context\":\"https:\/\/schema.org\",\"@graph\":[{\"@type\":\"WebPage\",\"@id\":\"https:\/\/gr-100.com\/pt-pt\/producto\/specialized-s-works-turbo-levo-g3-2023-copia\/\",\"url\":\"https:\/\/gr-100.com\/pt-pt\/producto\/specialized-s-works-turbo-levo-g3-2023-copia\/\",\"name\":\"Especializado S-Works Turbo Levo 4 GR-100\",\"isPartOf\":{\"@id\":\"https:\/\/gr-100.com\/#website\"},\"primaryImageOfPage\":{\"@id\":\"https:\/\/gr-100.com\/pt-pt\/producto\/specialized-s-works-turbo-levo-g3-2023-copia\/#primaryimage\"},\"image\":{\"@id\":\"https:\/\/gr-100.com\/pt-pt\/producto\/specialized-s-works-turbo-levo-g3-2023-copia\/#primaryimage\"},\"thumbnailUrl\":\"https:\/\/gr-100.com\/wp-content\/uploads\/2026\/02\/S-Works-Turbo-Levo-4-2026.jpg\",\"datePublished\":\"2025-04-09T07:33:41+00:00\",\"dateModified\":\"2026-02-11T12:49:33+00:00\",\"description\":\"Pot\u00eancia, controlo e autonomia sobrenaturais: 111 Nm de bin\u00e1rio, 720 W de pot\u00eancia, bateria de 840 Wh. Roval Traverse HD carbono \/ DT 240 DEG rodas\",\"breadcrumb\":{\"@id\":\"https:\/\/gr-100.com\/pt-pt\/producto\/specialized-s-works-turbo-levo-g3-2023-copia\/#breadcrumb\"},\"inLanguage\":\"pt-PT\",\"potentialAction\":[{\"@type\":\"ReadAction\",\"target\":[\"https:\/\/gr-100.com\/pt-pt\/producto\/specialized-s-works-turbo-levo-g3-2023-copia\/\"]}]},{\"@type\":\"ImageObject\",\"inLanguage\":\"pt-PT\",\"@id\":\"https:\/\/gr-100.com\/pt-pt\/producto\/specialized-s-works-turbo-levo-g3-2023-copia\/#primaryimage\",\"url\":\"https:\/\/gr-100.com\/wp-content\/uploads\/2026\/02\/S-Works-Turbo-Levo-4-2026.jpg\",\"contentUrl\":\"https:\/\/gr-100.com\/wp-content\/uploads\/2026\/02\/S-Works-Turbo-Levo-4-2026.jpg\",\"width\":1000,\"height\":1000},{\"@type\":\"BreadcrumbList\",\"@id\":\"https:\/\/gr-100.com\/pt-pt\/producto\/specialized-s-works-turbo-levo-g3-2023-copia\/#breadcrumb\",\"itemListElement\":[{\"@type\":\"ListItem\",\"position\":1,\"name\":\"Portada\",\"item\":\"https:\/\/gr-100.com\/en\/\"},{\"@type\":\"ListItem\",\"position\":2,\"name\":\"Productos\",\"item\":\"https:\/\/gr-100.com\/?post_type=product\"},{\"@type\":\"ListItem\",\"position\":3,\"name\":\"Especializado S-Works Turbo Levo 4\"}]},{\"@type\":\"WebSite\",\"@id\":\"https:\/\/gr-100.com\/#website\",\"url\":\"https:\/\/gr-100.com\/\",\"name\":\"Gr-100 Tienda de ciclismo Specialized\",\"description\":\"GR-100 tenemos todas las gamas de bicicletas Specialized al mejor precio.\",\"publisher\":{\"@id\":\"https:\/\/gr-100.com\/#organization\"},\"alternateName\":\"Gr-100 Bikes\",\"potentialAction\":[{\"@type\":\"SearchAction\",\"target\":{\"@type\":\"EntryPoint\",\"urlTemplate\":\"https:\/\/gr-100.com\/?s={search_term_string}\"},\"query-input\":{\"@type\":\"PropertyValueSpecification\",\"valueRequired\":true,\"valueName\":\"search_term_string\"}}],\"inLanguage\":\"pt-PT\"},{\"@type\":\"Organization\",\"@id\":\"https:\/\/gr-100.com\/#organization\",\"name\":\"Gr-100\",\"url\":\"https:\/\/gr-100.com\/\",\"logo\":{\"@type\":\"ImageObject\",\"inLanguage\":\"pt-PT\",\"@id\":\"https:\/\/gr-100.com\/#\/schema\/logo\/image\/\",\"url\":\"https:\/\/gr-100.com\/wp-content\/uploads\/2023\/08\/logo-gr-100-bikes.png\",\"contentUrl\":\"https:\/\/gr-100.com\/wp-content\/uploads\/2023\/08\/logo-gr-100-bikes.png\",\"width\":707,\"height\":284,\"caption\":\"Gr-100\"},\"image\":{\"@id\":\"https:\/\/gr-100.com\/#\/schema\/logo\/image\/\"},\"sameAs\":[\"https:\/\/www.facebook.com\/Gr100Bikes\",\"https:\/\/www.instagram.com\/gr100bikes\/\",\"https:\/\/www.tiktok.com\/@gr100bikes\",\"https:\/\/twitter.com\/gr100mtbteam\",\"https:\/\/www.youtube.com\/c\/GR100Specialized\"]}]}<\/script>\n<!-- \/ Yoast SEO Premium plugin. -->","yoast_head_json":{"title":"Especializado S-Works Turbo Levo 4 GR-100","description":"Pot\u00eancia, controlo e autonomia sobrenaturais: 111 Nm de bin\u00e1rio, 720 W de pot\u00eancia, bateria de 840 Wh. Roval Traverse HD carbono \/ DT 240 DEG rodas","robots":{"index":"index","follow":"follow","max-snippet":"max-snippet:-1","max-image-preview":"max-image-preview:large","max-video-preview":"max-video-preview:-1"},"canonical":"https:\/\/gr-100.com\/pt-pt\/producto\/specialized-s-works-turbo-levo-g3-2023-copia\/","og_locale":"pt_PT","og_type":"article","og_title":"Especializado S-Works Turbo Levo 4","og_description":"Pot\u00eancia, controlo e autonomia sobrenaturais: 111 Nm de bin\u00e1rio, 720 W de pot\u00eancia, bateria de 840 Wh. Roval Traverse HD carbono \/ DT 240 DEG rodas","og_url":"https:\/\/gr-100.com\/pt-pt\/producto\/specialized-s-works-turbo-levo-g3-2023-copia\/","og_site_name":"Gr-100 Tienda de ciclismo Specialized","article_publisher":"https:\/\/www.facebook.com\/Gr100Bikes","article_modified_time":"2026-02-11T12:49:33+00:00","og_image":[{"width":1000,"height":1000,"url":"https:\/\/gr-100.com\/wp-content\/uploads\/2026\/02\/S-Works-Turbo-Levo-4-2026.jpg","type":"image\/jpeg"}],"twitter_card":"summary_large_image","twitter_misc":{"Tempo estimado de leitura":"3 minutos"},"schema":{"@context":"https:\/\/schema.org","@graph":[{"@type":"WebPage","@id":"https:\/\/gr-100.com\/pt-pt\/producto\/specialized-s-works-turbo-levo-g3-2023-copia\/","url":"https:\/\/gr-100.com\/pt-pt\/producto\/specialized-s-works-turbo-levo-g3-2023-copia\/","name":"Especializado S-Works Turbo Levo 4 GR-100","isPartOf":{"@id":"https:\/\/gr-100.com\/#website"},"primaryImageOfPage":{"@id":"https:\/\/gr-100.com\/pt-pt\/producto\/specialized-s-works-turbo-levo-g3-2023-copia\/#primaryimage"},"image":{"@id":"https:\/\/gr-100.com\/pt-pt\/producto\/specialized-s-works-turbo-levo-g3-2023-copia\/#primaryimage"},"thumbnailUrl":"https:\/\/gr-100.com\/wp-content\/uploads\/2026\/02\/S-Works-Turbo-Levo-4-2026.jpg","datePublished":"2025-04-09T07:33:41+00:00","dateModified":"2026-02-11T12:49:33+00:00","description":"Pot\u00eancia, controlo e autonomia sobrenaturais: 111 Nm de bin\u00e1rio, 720 W de pot\u00eancia, bateria de 840 Wh. Roval Traverse HD carbono \/ DT 240 DEG rodas","breadcrumb":{"@id":"https:\/\/gr-100.com\/pt-pt\/producto\/specialized-s-works-turbo-levo-g3-2023-copia\/#breadcrumb"},"inLanguage":"pt-PT","potentialAction":[{"@type":"ReadAction","target":["https:\/\/gr-100.com\/pt-pt\/producto\/specialized-s-works-turbo-levo-g3-2023-copia\/"]}]},{"@type":"ImageObject","inLanguage":"pt-PT","@id":"https:\/\/gr-100.com\/pt-pt\/producto\/specialized-s-works-turbo-levo-g3-2023-copia\/#primaryimage","url":"https:\/\/gr-100.com\/wp-content\/uploads\/2026\/02\/S-Works-Turbo-Levo-4-2026.jpg","contentUrl":"https:\/\/gr-100.com\/wp-content\/uploads\/2026\/02\/S-Works-Turbo-Levo-4-2026.jpg","width":1000,"height":1000},{"@type":"BreadcrumbList","@id":"https:\/\/gr-100.com\/pt-pt\/producto\/specialized-s-works-turbo-levo-g3-2023-copia\/#breadcrumb","itemListElement":[{"@type":"ListItem","position":1,"name":"Portada","item":"https:\/\/gr-100.com\/en\/"},{"@type":"ListItem","position":2,"name":"Productos","item":"https:\/\/gr-100.com\/?post_type=product"},{"@type":"ListItem","position":3,"name":"Especializado S-Works Turbo Levo 4"}]},{"@type":"WebSite","@id":"https:\/\/gr-100.com\/#website","url":"https:\/\/gr-100.com\/","name":"Gr-100 Tienda de ciclismo Specialized","description":"GR-100 tenemos todas las gamas de bicicletas Specialized al mejor precio.","publisher":{"@id":"https:\/\/gr-100.com\/#organization"},"alternateName":"Gr-100 Bikes","potentialAction":[{"@type":"SearchAction","target":{"@type":"EntryPoint","urlTemplate":"https:\/\/gr-100.com\/?s={search_term_string}"},"query-input":{"@type":"PropertyValueSpecification","valueRequired":true,"valueName":"search_term_string"}}],"inLanguage":"pt-PT"},{"@type":"Organization","@id":"https:\/\/gr-100.com\/#organization","name":"Gr-100","url":"https:\/\/gr-100.com\/","logo":{"@type":"ImageObject","inLanguage":"pt-PT","@id":"https:\/\/gr-100.com\/#\/schema\/logo\/image\/","url":"https:\/\/gr-100.com\/wp-content\/uploads\/2023\/08\/logo-gr-100-bikes.png","contentUrl":"https:\/\/gr-100.com\/wp-content\/uploads\/2023\/08\/logo-gr-100-bikes.png","width":707,"height":284,"caption":"Gr-100"},"image":{"@id":"https:\/\/gr-100.com\/#\/schema\/logo\/image\/"},"sameAs":["https:\/\/www.facebook.com\/Gr100Bikes","https:\/\/www.instagram.com\/gr100bikes\/","https:\/\/www.tiktok.com\/@gr100bikes","https:\/\/twitter.com\/gr100mtbteam","https:\/\/www.youtube.com\/c\/GR100Specialized"]}]}},"_links":{"self":[{"href":"https:\/\/gr-100.com\/pt-pt\/wp-json\/wp\/v2\/product\/405826","targetHints":{"allow":["GET"]}}],"collection":[{"href":"https:\/\/gr-100.com\/pt-pt\/wp-json\/wp\/v2\/product"}],"about":[{"href":"https:\/\/gr-100.com\/pt-pt\/wp-json\/wp\/v2\/types\/product"}],"replies":[{"embeddable":true,"href":"https:\/\/gr-100.com\/pt-pt\/wp-json\/wp\/v2\/comments?post=405826"}],"wp:featuredmedia":[{"embeddable":true,"href":"https:\/\/gr-100.com\/pt-pt\/wp-json\/wp\/v2\/media\/436227"}],"wp:attachment":[{"href":"https:\/\/gr-100.com\/pt-pt\/wp-json\/wp\/v2\/media?parent=405826"}],"wp:term":[{"taxonomy":"product_brand","embeddable":true,"href":"https:\/\/gr-100.com\/pt-pt\/wp-json\/wp\/v2\/product_brand?post=405826"},{"taxonomy":"product_cat","embeddable":true,"href":"https:\/\/gr-100.com\/pt-pt\/wp-json\/wp\/v2\/product_cat?post=405826"},{"taxonomy":"product_tag","embeddable":true,"href":"https:\/\/gr-100.com\/pt-pt\/wp-json\/wp\/v2\/product_tag?post=405826"}],"curies":[{"name":"wp","href":"https:\/\/api.w.org\/{rel}","templated":true}]}}