{"id":405931,"date":"2025-04-09T09:49:26","date_gmt":"2025-04-09T08:49:26","guid":{"rendered":"https:\/\/gr-100.com\/?post_type=product&#038;p=405931"},"modified":"2026-01-19T12:49:30","modified_gmt":"2026-01-19T10:49:30","slug":"specialized-s-works-turbo-levo-g3-2023-copia-copia","status":"publish","type":"product","link":"https:\/\/gr-100.com\/pt-pt\/producto\/specialized-s-works-turbo-levo-g3-2023-copia-copia\/","title":{"rendered":"Specialized Turbo Levo 4 Comp"},"content":{"rendered":"<ul>\n<li>E-bike<\/li>\n<li><strong>Controlo\/Visualiza\u00e7\u00e3o remota<\/strong><br \/>\nTodo o novo sistema de exibi\u00e7\u00e3o MasterMind T3, tela colorida de alta resolu\u00e7\u00e3o de 2,2&#8243;, totalmente personaliz\u00e1vel com o aplicativo especializado<\/li>\n<li><strong>Motor<\/strong><br \/>\nAll New Specialized 3.1 Motor, 101Nm torque, 666W power<\/li>\n<li><strong>Cargador<\/strong><br \/>\nSpecialized 4amp charger<\/li>\n<li><strong>Bateria<\/strong><br \/>\nQuadro da bateria<br \/>\n840wh<\/li>\n<li><strong>Bra\u00e7adeira de<\/strong><br \/>\n selaLiga, 38.6mm<\/li>\n<li><strong>Cuadro<\/strong><br \/>\nAll new Levo 4 frame, FACT 11m carbon chassis and rear-end, 12x148mm dropouts, sealed cartridge bearing pivots, SRAM UDH compatible, w\/ SWAT storage, 150mm of travel, side entry battery, fork travel up to 180mm<br \/>\nSuspensi\u00f3n<\/li>\n<li><strong>Horquilla<\/strong><br \/>\nFOX FLOAT 36 Rhythm, GRIP damper, two position Sweep adjustment, 15x110mm axle, 44mm offset, 160mm of travel<\/li>\n<li><strong>Amortiguador trasero<\/strong><br \/>\nFOX FLOAT X Performance with Specialized GENIE Shock Tech, Ride Dynamics Trail Tune, 2-position lever, LSR adjustment<br \/>\nFrenos<\/li>\n<li><strong>Freno delantero<\/strong><br \/>\nSRAM Maven Bronze, 4-piston caliper, hydraulic disc, 220mm Rotor<\/li>\n<li><strong>Freno trasero<\/strong><br \/>\nSRAM Maven Bronze, 4-piston caliper, hydraulic disc, 200mm Rotor<br \/>\nTransmisi\u00f3n<\/li>\n<li><strong>Cassette<\/strong><br \/>\nSRAM 1270 Transmission Cassette, 12 Spd,10-52t<\/li>\n<li><strong>Platos<\/strong><br \/>\nSRAM T-type ring, 34T, 104 BCD, steel<\/li>\n<li><strong>Manetas de cambio<\/strong><br \/>\nSRAM AXS POD Controller<\/li>\n<li><strong>Cadena<\/strong><br \/>\nSRAM GX Eagle Transmission Flattop Chain<\/li>\n<li><strong>Desviador trasero<\/strong><br \/>\nSRAM S1000 Eagle Transmission Derailleur<\/li>\n<li><strong>Platos y bielas<\/strong><br \/>\nSRAM S1000 Crankset, ISIS interface, Integrated Guard, 55mm Chainline, 155mm<br \/>\nRuedas y neum\u00e1ticos<\/li>\n<li><strong>Buje delantero<\/strong><br \/>\nAlloy, sealed cartridge bearings, 15x110mm thru-axle, 28h<\/li>\n<li><strong>Neum\u00e1tico trasero<\/strong><br \/>\nButcher, GRID GRAVITY casing, GRIPTON\u00ae T9 compound, 2Bliss Ready, 27.5&#215;2.3&#8243;<\/li>\n<li>Pneu <strong>dianteiro<\/strong><br \/>\nTalho, inv\u00f3lucro GRID GRAVITY, composto GRIPTON\u00ae T9, 2Bliss Ready, 29&#215;2.3&#8243;<\/li>\n<li>Radios<br \/>\nDT Swiss Industry<\/li>\n<li><strong>Buje trasero<\/strong><br \/>\nAlloy, sealed cartridge bearings, 12x148mm thru-axle, 32h<\/li>\n<li>Llantas<br \/>\nSpecialized 29, hookless alloy, 30mm inner width, tubeless ready<\/li>\n<li><strong>C\u00e1maras<\/strong><br \/>\nStandard, Presta valve<br \/>\nCockpit<\/li>\n<li>Potencia<br \/>\nAlloy Trail Stem, 35mm bar bore<\/li>\n<li><strong>Manillar<\/strong><br \/>\nAlloy handlebars, 35mm diameter, 8 degree back sweep, 6 degree up sweep, S2: 780mm, S3-S5: 800mm<\/li>\n<li><strong>Sill\u00edn<\/strong><br \/>\nBridge Comp, Hollow Cr-mo rails<\/li>\n<li>Pu\u00f1os<br \/>\nSpecialized Trail Grips<\/li>\n<li><strong>Tija del sill\u00edn<\/strong><br \/>\nXfusion Manic, infinite adjustable, two bolt head, Remote SLR LE lever, 34.9, S2: 125mm, S3: 170mm, S4-S6: 190mm<br \/>\nAccesorios<\/li>\n<li><strong>SWAT<\/strong><br \/>\nSWAT internal downtube storage<br \/>\nDetalles del producto<\/li>\n<li><strong>Peso<\/strong><br \/>\n24.41 kg (53 lb, 13.0 oz) Talla S4<\/li>\n<\/ul>\n<p>&nbsp;<\/p>\n<div class=\"sc-hGMjit kDzALL\">\n<h3>Geometria<\/h3>\n<p><img decoding=\"async\" class=\"geometrie\" src=\"https:\/\/gr-100.com\/wp-content\/uploads\/2025\/04\/geometry_turbo-levo_geometry.webp\" alt=\"schematische Skizze eines Fahrrades mit eingezeichneten Geometrie-Messpunkten\" width=\"400\"><\/p>\n<table class=\"table table_wrapper\" style=\"border-color: #d1d1d1; width: 421px;\" border=\"1\" cellspacing=\"1\" cellpadding=\"1\">\n<thead class=\"table_header-Wrapper\">\n<tr>\n<th style=\"width: 246px;\" scope=\"col\"><\/th>\n<th style=\"width: 35px;\">S2<\/th>\n<th style=\"width: 35px;\">S3<\/th>\n<th style=\"width: 35px;\">S4<\/th>\n<th style=\"width: 35px;\">S5<\/th>\n<th style=\"width: 35px;\">S6<\/th>\n<\/tr>\n<\/thead>\n<tbody>\n<tr>\n<th class=\"column_header\" style=\"width: 246px;\"><\/th>\n<td class=\"geo_values\" style=\"width: 35px;\">155<\/td>\n<td class=\"geo_values\" style=\"width: 35px;\">155<\/td>\n<td class=\"geo_values\" style=\"width: 35px;\">155<\/td>\n<td class=\"geo_values\" style=\"width: 35px;\">155<\/td>\n<td class=\"geo_values\" style=\"width: 35px;\">155<\/td>\n<\/tr>\n<tr>\n<th class=\"column_header\" style=\"width: 246px;\"><\/th>\n<td class=\"geo_values\" style=\"width: 35px;\">780<\/td>\n<td class=\"geo_values\" style=\"width: 35px;\">800<\/td>\n<td class=\"geo_values\" style=\"width: 35px;\">800<\/td>\n<td class=\"geo_values\" style=\"width: 35px;\">800<\/td>\n<td class=\"geo_values\" style=\"width: 35px;\">800<\/td>\n<\/tr>\n<tr>\n<th class=\"column_header\" style=\"width: 246px;\"><\/th>\n<td class=\"geo_values\" style=\"width: 35px;\">40\u00ba<\/td>\n<td class=\"geo_values\" style=\"width: 35px;\">40\u00ba<\/td>\n<td class=\"geo_values\" style=\"width: 35px;\">40\u00ba<\/td>\n<td class=\"geo_values\" style=\"width: 35px;\">40\u00ba<\/td>\n<td class=\"geo_values\" style=\"width: 35px;\">40\u00ba<\/td>\n<\/tr>\n<tr>\n<th class=\"column_header\" style=\"width: 246px;\"><\/th>\n<td class=\"geo_values\" style=\"width: 35px;\">155\u00ba<\/td>\n<td class=\"geo_values\" style=\"width: 35px;\">143\u00ba<\/td>\n<td class=\"geo_values\" style=\"width: 35px;\">143\u00ba<\/td>\n<td class=\"geo_values\" style=\"width: 35px;\">143\u00ba<\/td>\n<td class=\"geo_values\" style=\"width: 35px;\">143\u00ba<\/td>\n<\/tr>\n<tr>\n<th class=\"column_header\" style=\"width: 246px;\"><\/th>\n<td class=\"geo_values\" style=\"width: 35px;\">125<\/td>\n<td class=\"geo_values\" style=\"width: 35px;\">170<\/td>\n<td class=\"geo_values\" style=\"width: 35px;\">190<\/td>\n<td class=\"geo_values\" style=\"width: 35px;\">190<\/td>\n<td class=\"geo_values\" style=\"width: 35px;\">190<\/td>\n<\/tr>\n<tr>\n<th class=\"column_header\" style=\"width: 246px;\">Pilha<\/th>\n<td class=\"geo_values\" style=\"width: 35px;\">618<\/td>\n<td class=\"geo_values\" style=\"width: 35px;\">626<\/td>\n<td class=\"geo_values\" style=\"width: 35px;\">638<\/td>\n<td class=\"geo_values\" style=\"width: 35px;\">652<\/td>\n<td class=\"geo_values\" style=\"width: 35px;\">667<\/td>\n<\/tr>\n<tr>\n<th class=\"column_header\" style=\"width: 246px;\">Alcance<\/th>\n<td class=\"geo_values\" style=\"width: 35px;\">435<\/td>\n<td class=\"geo_values\" style=\"width: 35px;\">455<\/td>\n<td class=\"geo_values\" style=\"width: 35px;\">480<\/td>\n<td class=\"geo_values\" style=\"width: 35px;\">505<\/td>\n<td class=\"geo_values\" style=\"width: 35px;\">535<\/td>\n<\/tr>\n<tr>\n<th class=\"column_header\" style=\"width: 246px;\">Comprimento do tubo de cabe\u00e7a<\/th>\n<td class=\"geo_values\" style=\"width: 35px;\">95<\/td>\n<td class=\"geo_values\" style=\"width: 35px;\">103<\/td>\n<td class=\"geo_values\" style=\"width: 35px;\">117<\/td>\n<td class=\"geo_values\" style=\"width: 35px;\">132<\/td>\n<td class=\"geo_values\" style=\"width: 35px;\">149<\/td>\n<\/tr>\n<tr>\n<th class=\"column_header\" style=\"width: 246px;\">\u00c2ngulo do tubo de cabe\u00e7a<\/th>\n<td class=\"geo_values\" style=\"width: 35px;\">64.5<\/td>\n<td class=\"geo_values\" style=\"width: 35px;\">64.5<\/td>\n<td class=\"geo_values\" style=\"width: 35px;\">64.5<\/td>\n<td class=\"geo_values\" style=\"width: 35px;\">64.5<\/td>\n<td class=\"geo_values\" style=\"width: 35px;\">64.5<\/td>\n<\/tr>\n<tr>\n<th class=\"column_header\" style=\"width: 246px;\">Altura BB<\/th>\n<td class=\"geo_values\" style=\"width: 35px;\">350<\/td>\n<td class=\"geo_values\" style=\"width: 35px;\">350<\/td>\n<td class=\"geo_values\" style=\"width: 35px;\">350<\/td>\n<td class=\"geo_values\" style=\"width: 35px;\">350<\/td>\n<td class=\"geo_values\" style=\"width: 35px;\">350<\/td>\n<\/tr>\n<tr>\n<th class=\"column_header\" style=\"width: 246px;\">Queda BB<\/th>\n<td class=\"geo_values\" style=\"width: 35px;\">29.5<\/td>\n<td class=\"geo_values\" style=\"width: 35px;\">29.5<\/td>\n<td class=\"geo_values\" style=\"width: 35px;\">29.5<\/td>\n<td class=\"geo_values\" style=\"width: 35px;\">29.5<\/td>\n<td class=\"geo_values\" style=\"width: 35px;\">29.5<\/td>\n<\/tr>\n<tr>\n<th class=\"column_header\" style=\"width: 246px;\">Trilho<\/th>\n<td class=\"geo_values\" style=\"width: 35px;\">132<\/td>\n<td class=\"geo_values\" style=\"width: 35px;\">132<\/td>\n<td class=\"geo_values\" style=\"width: 35px;\">132<\/td>\n<td class=\"geo_values\" style=\"width: 35px;\">132<\/td>\n<td class=\"geo_values\" style=\"width: 35px;\">132<\/td>\n<\/tr>\n<tr>\n<th class=\"column_header\" style=\"width: 246px;\">Comprimento da forquilha (completo)<\/th>\n<td class=\"geo_values\" style=\"width: 35px;\">577<\/td>\n<td class=\"geo_values\" style=\"width: 35px;\">577<\/td>\n<td class=\"geo_values\" style=\"width: 35px;\">577<\/td>\n<td class=\"geo_values\" style=\"width: 35px;\">577<\/td>\n<td class=\"geo_values\" style=\"width: 35px;\">577<\/td>\n<\/tr>\n<tr>\n<th class=\"column_header\" style=\"width: 246px;\">Garfo Rake\/Offset<\/th>\n<td class=\"geo_values\" style=\"width: 35px;\">44<\/td>\n<td class=\"geo_values\" style=\"width: 35px;\">44<\/td>\n<td class=\"geo_values\" style=\"width: 35px;\">44<\/td>\n<td class=\"geo_values\" style=\"width: 35px;\">44<\/td>\n<td class=\"geo_values\" style=\"width: 35px;\">44<\/td>\n<\/tr>\n<tr>\n<th class=\"column_header\" style=\"width: 246px;\">Centro da Frente<\/th>\n<td class=\"geo_values\" style=\"width: 35px;\">765<\/td>\n<td class=\"geo_values\" style=\"width: 35px;\">789<\/td>\n<td class=\"geo_values\" style=\"width: 35px;\">820<\/td>\n<td class=\"geo_values\" style=\"width: 35px;\">851<\/td>\n<td class=\"geo_values\" style=\"width: 35px;\">888<\/td>\n<\/tr>\n<tr>\n<th class=\"column_header\" style=\"width: 246px;\">Comprimento do Chainstay<\/th>\n<td class=\"geo_values\" style=\"width: 35px;\">435<\/td>\n<td class=\"geo_values\" style=\"width: 35px;\">435<\/td>\n<td class=\"geo_values\" style=\"width: 35px;\">435<\/td>\n<td class=\"geo_values\" style=\"width: 35px;\">435<\/td>\n<td class=\"geo_values\" style=\"width: 35px;\">435<\/td>\n<\/tr>\n<tr>\n<th class=\"column_header\" style=\"width: 246px;\">Dist\u00e2ncia entre eixos<\/th>\n<td class=\"geo_values\" style=\"width: 35px;\">1200<\/td>\n<td class=\"geo_values\" style=\"width: 35px;\">1223<\/td>\n<td class=\"geo_values\" style=\"width: 35px;\">1254<\/td>\n<td class=\"geo_values\" style=\"width: 35px;\">1286<\/td>\n<td class=\"geo_values\" style=\"width: 35px;\">1323<\/td>\n<\/tr>\n<tr>\n<th class=\"column_header\" style=\"width: 246px;\">Comprimento do tubo superior (horizontal)<\/th>\n<td class=\"geo_values\" style=\"width: 35px;\">578<\/td>\n<td class=\"geo_values\" style=\"width: 35px;\">599<\/td>\n<td class=\"geo_values\" style=\"width: 35px;\">627<\/td>\n<td class=\"geo_values\" style=\"width: 35px;\">655<\/td>\n<td class=\"geo_values\" style=\"width: 35px;\">689<\/td>\n<\/tr>\n<tr>\n<th class=\"column_header\" style=\"width: 246px;\">Altura de standover da bicicleta<\/th>\n<td class=\"geo_values\" style=\"width: 35px;\">753<\/td>\n<td class=\"geo_values\" style=\"width: 35px;\">754<\/td>\n<td class=\"geo_values\" style=\"width: 35px;\">753<\/td>\n<td class=\"geo_values\" style=\"width: 35px;\">758<\/td>\n<td class=\"geo_values\" style=\"width: 35px;\">761<\/td>\n<\/tr>\n<tr>\n<th class=\"column_header\" style=\"width: 246px;\">Comprimento do tubo do assento<\/th>\n<td class=\"geo_values\" style=\"width: 35px;\">390<\/td>\n<td class=\"geo_values\" style=\"width: 35px;\">405<\/td>\n<td class=\"geo_values\" style=\"width: 35px;\">425<\/td>\n<td class=\"geo_values\" style=\"width: 35px;\">445<\/td>\n<td class=\"geo_values\" style=\"width: 35px;\">465<\/td>\n<\/tr>\n<tr>\n<th class=\"column_header\" style=\"width: 246px;\">\u00c2ngulo do tubo do assento<\/th>\n<td class=\"geo_values\" style=\"width: 35px;\">77<\/td>\n<td class=\"geo_values\" style=\"width: 35px;\">77<\/td>\n<td class=\"geo_values\" style=\"width: 35px;\">77<\/td>\n<td class=\"geo_values\" style=\"width: 35px;\">77<\/td>\n<td class=\"geo_values\" style=\"width: 35px;\">77<\/td>\n<\/tr>\n<tr>\n<th class=\"column_header\" style=\"width: 246px;\">Altura do selim para um \u00e2ngulo ST eficaz<\/th>\n<td class=\"geo_values\" style=\"width: 35px;\">690<\/td>\n<td class=\"geo_values\" style=\"width: 35px;\">735<\/td>\n<td class=\"geo_values\" style=\"width: 35px;\">780<\/td>\n<td class=\"geo_values\" style=\"width: 35px;\">825<\/td>\n<td class=\"geo_values\" style=\"width: 35px;\">870<\/td>\n<\/tr>\n<tr>\n<th class=\"column_header\" style=\"width: 246px;\">Inser\u00e7\u00e3o m\u00e1xima do espig\u00e3o<\/th>\n<td class=\"geo_values\" style=\"width: 35px;\">274<\/td>\n<td class=\"geo_values\" style=\"width: 35px;\">289<\/td>\n<td class=\"geo_values\" style=\"width: 35px;\">313<\/td>\n<td class=\"geo_values\" style=\"width: 35px;\">337<\/td>\n<td class=\"geo_values\" style=\"width: 35px;\">357<\/td>\n<\/tr>\n<tr>\n<th class=\"column_header\" style=\"width: 246px;\">Inser\u00e7\u00e3o Min Seatpost<\/th>\n<td class=\"geo_values\" style=\"width: 35px;\">80<\/td>\n<td class=\"geo_values\" style=\"width: 35px;\">80<\/td>\n<td class=\"geo_values\" style=\"width: 35px;\">80<\/td>\n<td class=\"geo_values\" style=\"width: 35px;\">80<\/td>\n<td class=\"geo_values\" style=\"width: 35px;\">80<\/td>\n<\/tr>\n<\/tbody>\n<\/table>\n<\/div>\n<div class=\"sc-fPrdXf eCzvmk\">\n<div class=\"content\">\n<div class=\"table-content\"><\/div>\n<\/div>\n<\/div>\n","protected":false},"excerpt":{"rendered":"<p><strong>Poder, controle e autonomia<\/strong> sobrenaturais<br \/>\nN\u00e3o \u00e9 apenas uma bicicleta. \u00c9 a sua evolu\u00e7\u00e3o.<br \/>\nO Levo 4 n\u00e3o te leva pelo caminho:<strong> ele o conquista com voc\u00ea<\/strong>. Voc\u00ea ser\u00e1 mais r\u00e1pido, mais forte, mais resistente. Voc\u00ea ser\u00e1 mais do que humano.<br \/>\n<strong>Levo 4: Onde o Super Encontra o Natural.<\/strong><\/p>\n","protected":false},"featured_media":405992,"comment_status":"closed","ping_status":"closed","template":"","meta":{"_acf_changed":false,"_et_pb_use_builder":"","_et_pb_old_content":"","_et_gb_content_width":"","inline_featured_image":false},"product_brand":[],"product_cat":[5393,2459,391,5261,5262,5263,5260,2483],"product_tag":[],"class_list":{"0":"post-405931","1":"product","2":"type-product","3":"status-publish","4":"has-post-thumbnail","6":"product_cat-bicicletas-electricas-levo-pt-pt","7":"product_cat-bicicletas-pt-pt-2","8":"product_cat-eletricas","9":"product_cat-bicicletas-electricas-de-carbono","10":"product_cat-bicicletas-electricas-de-enduro-trail","11":"product_cat-bicicletas-de-montanha-electricas","12":"product_cat-bicicletas-electricas-specialized-pt-pt","13":"product_cat-bicicletas-especializadas","14":"product_shipping_class-bicicletas-pt-pt","16":"first","17":"instock","18":"taxable","19":"shipping-taxable","20":"purchasable","21":"product-type-variable","22":"wvs-archive-product-wrapper"},"acf":[],"yoast_head":"<!-- This site is optimized with the Yoast SEO Premium plugin v26.7 (Yoast SEO v26.7) - https:\/\/yoast.com\/wordpress\/plugins\/seo\/ -->\n<title>Specialized Turbo Levo 4 Comp GR-100<\/title>\n<meta name=\"description\" content=\"Potencia, control, autonom\u00eda sobrenaturales: Par motor de 101Nm, potencia de 666W, bater\u00eda de 840Wh. SRAM S1000 Eagle T\u2011Type AXS. FOX 38. GENIE-FOX FLOAT X\" \/>\n<meta name=\"robots\" content=\"index, follow, max-snippet:-1, max-image-preview:large, max-video-preview:-1\" \/>\n<link rel=\"canonical\" href=\"https:\/\/gr-100.com\/pt-pt\/producto\/specialized-s-works-turbo-levo-g3-2023-copia-copia\/\" \/>\n<meta property=\"og:locale\" content=\"pt_PT\" \/>\n<meta property=\"og:type\" content=\"article\" \/>\n<meta property=\"og:title\" content=\"Specialized Turbo Levo 4 Comp\" \/>\n<meta property=\"og:description\" content=\"Potencia, control, autonom\u00eda sobrenaturales: Par motor de 101Nm, potencia de 666W, bater\u00eda de 840Wh. SRAM S1000 Eagle T\u2011Type AXS. FOX 38. GENIE-FOX FLOAT X\" \/>\n<meta property=\"og:url\" content=\"https:\/\/gr-100.com\/pt-pt\/producto\/specialized-s-works-turbo-levo-g3-2023-copia-copia\/\" \/>\n<meta property=\"og:site_name\" content=\"Gr-100 Tienda de ciclismo Specialized\" \/>\n<meta property=\"article:publisher\" content=\"https:\/\/www.facebook.com\/Gr100Bikes\" \/>\n<meta property=\"article:modified_time\" content=\"2026-01-19T10:49:30+00:00\" \/>\n<meta property=\"og:image\" content=\"https:\/\/gr-100.com\/wp-content\/uploads\/2025\/04\/Turbo-Levo-4-Comp-2.jpg\" \/>\n\t<meta property=\"og:image:width\" content=\"1000\" \/>\n\t<meta property=\"og:image:height\" content=\"1000\" \/>\n\t<meta property=\"og:image:type\" content=\"image\/jpeg\" \/>\n<meta name=\"twitter:card\" content=\"summary_large_image\" \/>\n<meta name=\"twitter:label1\" content=\"Tempo estimado de leitura\" \/>\n\t<meta name=\"twitter:data1\" content=\"2 minutos\" \/>\n<script type=\"application\/ld+json\" class=\"yoast-schema-graph\">{\"@context\":\"https:\/\/schema.org\",\"@graph\":[{\"@type\":\"WebPage\",\"@id\":\"https:\/\/gr-100.com\/pt-pt\/producto\/specialized-s-works-turbo-levo-g3-2023-copia-copia\/\",\"url\":\"https:\/\/gr-100.com\/pt-pt\/producto\/specialized-s-works-turbo-levo-g3-2023-copia-copia\/\",\"name\":\"Specialized Turbo Levo 4 Comp GR-100\",\"isPartOf\":{\"@id\":\"https:\/\/gr-100.com\/#website\"},\"primaryImageOfPage\":{\"@id\":\"https:\/\/gr-100.com\/pt-pt\/producto\/specialized-s-works-turbo-levo-g3-2023-copia-copia\/#primaryimage\"},\"image\":{\"@id\":\"https:\/\/gr-100.com\/pt-pt\/producto\/specialized-s-works-turbo-levo-g3-2023-copia-copia\/#primaryimage\"},\"thumbnailUrl\":\"https:\/\/gr-100.com\/wp-content\/uploads\/2025\/04\/Turbo-Levo-4-Comp-2.jpg\",\"datePublished\":\"2025-04-09T08:49:26+00:00\",\"dateModified\":\"2026-01-19T10:49:30+00:00\",\"description\":\"Potencia, control, autonom\u00eda sobrenaturales: Par motor de 101Nm, potencia de 666W, bater\u00eda de 840Wh. SRAM S1000 Eagle T\u2011Type AXS. FOX 38. GENIE-FOX FLOAT X\",\"breadcrumb\":{\"@id\":\"https:\/\/gr-100.com\/pt-pt\/producto\/specialized-s-works-turbo-levo-g3-2023-copia-copia\/#breadcrumb\"},\"inLanguage\":\"pt-PT\",\"potentialAction\":[{\"@type\":\"ReadAction\",\"target\":[\"https:\/\/gr-100.com\/pt-pt\/producto\/specialized-s-works-turbo-levo-g3-2023-copia-copia\/\"]}]},{\"@type\":\"ImageObject\",\"inLanguage\":\"pt-PT\",\"@id\":\"https:\/\/gr-100.com\/pt-pt\/producto\/specialized-s-works-turbo-levo-g3-2023-copia-copia\/#primaryimage\",\"url\":\"https:\/\/gr-100.com\/wp-content\/uploads\/2025\/04\/Turbo-Levo-4-Comp-2.jpg\",\"contentUrl\":\"https:\/\/gr-100.com\/wp-content\/uploads\/2025\/04\/Turbo-Levo-4-Comp-2.jpg\",\"width\":1000,\"height\":1000},{\"@type\":\"BreadcrumbList\",\"@id\":\"https:\/\/gr-100.com\/pt-pt\/producto\/specialized-s-works-turbo-levo-g3-2023-copia-copia\/#breadcrumb\",\"itemListElement\":[{\"@type\":\"ListItem\",\"position\":1,\"name\":\"Portada\",\"item\":\"https:\/\/gr-100.com\/en\/\"},{\"@type\":\"ListItem\",\"position\":2,\"name\":\"Productos\",\"item\":\"https:\/\/gr-100.com\/?post_type=product\"},{\"@type\":\"ListItem\",\"position\":3,\"name\":\"Specialized Turbo Levo 4 Comp\"}]},{\"@type\":\"WebSite\",\"@id\":\"https:\/\/gr-100.com\/#website\",\"url\":\"https:\/\/gr-100.com\/\",\"name\":\"Gr-100 Tienda de ciclismo Specialized\",\"description\":\"GR-100 tenemos todas las gamas de bicicletas Specialized al mejor precio.\",\"publisher\":{\"@id\":\"https:\/\/gr-100.com\/#organization\"},\"alternateName\":\"Gr-100 Bikes\",\"potentialAction\":[{\"@type\":\"SearchAction\",\"target\":{\"@type\":\"EntryPoint\",\"urlTemplate\":\"https:\/\/gr-100.com\/?s={search_term_string}\"},\"query-input\":{\"@type\":\"PropertyValueSpecification\",\"valueRequired\":true,\"valueName\":\"search_term_string\"}}],\"inLanguage\":\"pt-PT\"},{\"@type\":\"Organization\",\"@id\":\"https:\/\/gr-100.com\/#organization\",\"name\":\"Gr-100\",\"url\":\"https:\/\/gr-100.com\/\",\"logo\":{\"@type\":\"ImageObject\",\"inLanguage\":\"pt-PT\",\"@id\":\"https:\/\/gr-100.com\/#\/schema\/logo\/image\/\",\"url\":\"https:\/\/gr-100.com\/wp-content\/uploads\/2023\/08\/logo-gr-100-bikes.png\",\"contentUrl\":\"https:\/\/gr-100.com\/wp-content\/uploads\/2023\/08\/logo-gr-100-bikes.png\",\"width\":707,\"height\":284,\"caption\":\"Gr-100\"},\"image\":{\"@id\":\"https:\/\/gr-100.com\/#\/schema\/logo\/image\/\"},\"sameAs\":[\"https:\/\/www.facebook.com\/Gr100Bikes\",\"https:\/\/www.instagram.com\/gr100bikes\/\",\"https:\/\/www.tiktok.com\/@gr100bikes\",\"https:\/\/twitter.com\/gr100mtbteam\",\"https:\/\/www.youtube.com\/c\/GR100Specialized\"]}]}<\/script>\n<!-- \/ Yoast SEO Premium plugin. -->","yoast_head_json":{"title":"Specialized Turbo Levo 4 Comp GR-100","description":"Potencia, control, autonom\u00eda sobrenaturales: Par motor de 101Nm, potencia de 666W, bater\u00eda de 840Wh. SRAM S1000 Eagle T\u2011Type AXS. FOX 38. GENIE-FOX FLOAT X","robots":{"index":"index","follow":"follow","max-snippet":"max-snippet:-1","max-image-preview":"max-image-preview:large","max-video-preview":"max-video-preview:-1"},"canonical":"https:\/\/gr-100.com\/pt-pt\/producto\/specialized-s-works-turbo-levo-g3-2023-copia-copia\/","og_locale":"pt_PT","og_type":"article","og_title":"Specialized Turbo Levo 4 Comp","og_description":"Potencia, control, autonom\u00eda sobrenaturales: Par motor de 101Nm, potencia de 666W, bater\u00eda de 840Wh. SRAM S1000 Eagle T\u2011Type AXS. FOX 38. GENIE-FOX FLOAT X","og_url":"https:\/\/gr-100.com\/pt-pt\/producto\/specialized-s-works-turbo-levo-g3-2023-copia-copia\/","og_site_name":"Gr-100 Tienda de ciclismo Specialized","article_publisher":"https:\/\/www.facebook.com\/Gr100Bikes","article_modified_time":"2026-01-19T10:49:30+00:00","og_image":[{"width":1000,"height":1000,"url":"https:\/\/gr-100.com\/wp-content\/uploads\/2025\/04\/Turbo-Levo-4-Comp-2.jpg","type":"image\/jpeg"}],"twitter_card":"summary_large_image","twitter_misc":{"Tempo estimado de leitura":"2 minutos"},"schema":{"@context":"https:\/\/schema.org","@graph":[{"@type":"WebPage","@id":"https:\/\/gr-100.com\/pt-pt\/producto\/specialized-s-works-turbo-levo-g3-2023-copia-copia\/","url":"https:\/\/gr-100.com\/pt-pt\/producto\/specialized-s-works-turbo-levo-g3-2023-copia-copia\/","name":"Specialized Turbo Levo 4 Comp GR-100","isPartOf":{"@id":"https:\/\/gr-100.com\/#website"},"primaryImageOfPage":{"@id":"https:\/\/gr-100.com\/pt-pt\/producto\/specialized-s-works-turbo-levo-g3-2023-copia-copia\/#primaryimage"},"image":{"@id":"https:\/\/gr-100.com\/pt-pt\/producto\/specialized-s-works-turbo-levo-g3-2023-copia-copia\/#primaryimage"},"thumbnailUrl":"https:\/\/gr-100.com\/wp-content\/uploads\/2025\/04\/Turbo-Levo-4-Comp-2.jpg","datePublished":"2025-04-09T08:49:26+00:00","dateModified":"2026-01-19T10:49:30+00:00","description":"Potencia, control, autonom\u00eda sobrenaturales: Par motor de 101Nm, potencia de 666W, bater\u00eda de 840Wh. SRAM S1000 Eagle T\u2011Type AXS. FOX 38. GENIE-FOX FLOAT X","breadcrumb":{"@id":"https:\/\/gr-100.com\/pt-pt\/producto\/specialized-s-works-turbo-levo-g3-2023-copia-copia\/#breadcrumb"},"inLanguage":"pt-PT","potentialAction":[{"@type":"ReadAction","target":["https:\/\/gr-100.com\/pt-pt\/producto\/specialized-s-works-turbo-levo-g3-2023-copia-copia\/"]}]},{"@type":"ImageObject","inLanguage":"pt-PT","@id":"https:\/\/gr-100.com\/pt-pt\/producto\/specialized-s-works-turbo-levo-g3-2023-copia-copia\/#primaryimage","url":"https:\/\/gr-100.com\/wp-content\/uploads\/2025\/04\/Turbo-Levo-4-Comp-2.jpg","contentUrl":"https:\/\/gr-100.com\/wp-content\/uploads\/2025\/04\/Turbo-Levo-4-Comp-2.jpg","width":1000,"height":1000},{"@type":"BreadcrumbList","@id":"https:\/\/gr-100.com\/pt-pt\/producto\/specialized-s-works-turbo-levo-g3-2023-copia-copia\/#breadcrumb","itemListElement":[{"@type":"ListItem","position":1,"name":"Portada","item":"https:\/\/gr-100.com\/en\/"},{"@type":"ListItem","position":2,"name":"Productos","item":"https:\/\/gr-100.com\/?post_type=product"},{"@type":"ListItem","position":3,"name":"Specialized Turbo Levo 4 Comp"}]},{"@type":"WebSite","@id":"https:\/\/gr-100.com\/#website","url":"https:\/\/gr-100.com\/","name":"Gr-100 Tienda de ciclismo Specialized","description":"GR-100 tenemos todas las gamas de bicicletas Specialized al mejor precio.","publisher":{"@id":"https:\/\/gr-100.com\/#organization"},"alternateName":"Gr-100 Bikes","potentialAction":[{"@type":"SearchAction","target":{"@type":"EntryPoint","urlTemplate":"https:\/\/gr-100.com\/?s={search_term_string}"},"query-input":{"@type":"PropertyValueSpecification","valueRequired":true,"valueName":"search_term_string"}}],"inLanguage":"pt-PT"},{"@type":"Organization","@id":"https:\/\/gr-100.com\/#organization","name":"Gr-100","url":"https:\/\/gr-100.com\/","logo":{"@type":"ImageObject","inLanguage":"pt-PT","@id":"https:\/\/gr-100.com\/#\/schema\/logo\/image\/","url":"https:\/\/gr-100.com\/wp-content\/uploads\/2023\/08\/logo-gr-100-bikes.png","contentUrl":"https:\/\/gr-100.com\/wp-content\/uploads\/2023\/08\/logo-gr-100-bikes.png","width":707,"height":284,"caption":"Gr-100"},"image":{"@id":"https:\/\/gr-100.com\/#\/schema\/logo\/image\/"},"sameAs":["https:\/\/www.facebook.com\/Gr100Bikes","https:\/\/www.instagram.com\/gr100bikes\/","https:\/\/www.tiktok.com\/@gr100bikes","https:\/\/twitter.com\/gr100mtbteam","https:\/\/www.youtube.com\/c\/GR100Specialized"]}]}},"_links":{"self":[{"href":"https:\/\/gr-100.com\/pt-pt\/wp-json\/wp\/v2\/product\/405931","targetHints":{"allow":["GET"]}}],"collection":[{"href":"https:\/\/gr-100.com\/pt-pt\/wp-json\/wp\/v2\/product"}],"about":[{"href":"https:\/\/gr-100.com\/pt-pt\/wp-json\/wp\/v2\/types\/product"}],"replies":[{"embeddable":true,"href":"https:\/\/gr-100.com\/pt-pt\/wp-json\/wp\/v2\/comments?post=405931"}],"wp:featuredmedia":[{"embeddable":true,"href":"https:\/\/gr-100.com\/pt-pt\/wp-json\/wp\/v2\/media\/405992"}],"wp:attachment":[{"href":"https:\/\/gr-100.com\/pt-pt\/wp-json\/wp\/v2\/media?parent=405931"}],"wp:term":[{"taxonomy":"product_brand","embeddable":true,"href":"https:\/\/gr-100.com\/pt-pt\/wp-json\/wp\/v2\/product_brand?post=405931"},{"taxonomy":"product_cat","embeddable":true,"href":"https:\/\/gr-100.com\/pt-pt\/wp-json\/wp\/v2\/product_cat?post=405931"},{"taxonomy":"product_tag","embeddable":true,"href":"https:\/\/gr-100.com\/pt-pt\/wp-json\/wp\/v2\/product_tag?post=405931"}],"curies":[{"name":"wp","href":"https:\/\/api.w.org\/{rel}","templated":true}]}}