{"id":406282,"date":"2025-04-10T10:42:56","date_gmt":"2025-04-10T09:42:56","guid":{"rendered":"https:\/\/gr-100.com\/?post_type=product&#038;p=406282"},"modified":"2025-11-27T15:56:27","modified_gmt":"2025-11-27T13:56:27","slug":"specialized-levo-s-works-conjunto-de-quadros-de-carbono-nb-24-copia","status":"publish","type":"product","link":"https:\/\/gr-100.com\/pt-pt\/producto\/specialized-levo-s-works-conjunto-de-quadros-de-carbono-nb-24-copia\/","title":{"rendered":"Specialized Levo S-Works Conjunto de quadros de carbono NB 24"},"content":{"rendered":"<p>O Levo oferece uma pot\u00eancia incr\u00edvel para percorrer mais trilhos gra\u00e7as a uma combina\u00e7\u00e3o incompar\u00e1vel de qualidade de condu\u00e7\u00e3o, pot\u00eancia e autonomia para ir a qualquer lugar. \u00c9 a destila\u00e7\u00e3o, aplica\u00e7\u00e3o e amplifica\u00e7\u00e3o de 40 anos de obsess\u00e3o em criar as melhores bicicletas de montanha do mundo. Desde a sua introdu\u00e7\u00e3o, o Levo estabeleceu a fasquia a que qualquer outro MTB el\u00e9trico aspira, e o novo Levo d\u00e1 mais um salto.<br \/>\nComece com o nosso motor Turbo Full Power 2.2 e a Unidade de Controlo Turbo MasterMind (TCU), que proporcionam ao Levo uma amplifica\u00e7\u00e3o suave e cont\u00ednua dos seus esfor\u00e7os: 4x mais pot\u00eancia que lhe permite escolher onde conduzir e quando o quer fazer. O Levo tamb\u00e9m quebra as limita\u00e7\u00f5es de alcance, ampliando seu esfor\u00e7o por at\u00e9 cinco horas na estrada. Agora voc\u00ea pode ir mais longe e explorar mais do que nunca. E o quadro otimizado apresenta 150 mm de suspens\u00e3o traseira personalizada e geometria ajust\u00e1vel que proporciona uma condu\u00e7\u00e3o est\u00e1vel e natural como nenhuma outra. Porque, no final das contas, o que importa \u00e9 dirigir. Quando precisa apenas do melhor, o S-Works Levo est\u00e1 equipado com a nova transmiss\u00e3o SRAM XX, suspens\u00e3o FOX Factory repleta de desempenho e um conjunto de jantes Roval Traverse SL superleve e superforte. O motor Full Power 2.2 Turbo totalmente integrado da Levo, a bateria de 700 Wh e a avan\u00e7ada unidade de controlo MasterMind Turbo proporcionam um bin\u00e1rio de 90 Nm e 565 watts de pot\u00eancia l\u00edderes na sua classe para at\u00e9 cinco horas de pedalada, permitindo-lhe conduzir mais longe e mais r\u00e1pido do que nunca.<\/p>\n<p>A unidade de controlo MasterMind Turbo \u00e9 o seu centro de informa\u00e7\u00f5es com campos de visualiza\u00e7\u00e3o personaliz\u00e1veis, incluindo a percentagem exata do n\u00edvel da bateria, e apresenta a nossa nova funcionalidade MicroTune para ajustar a entrega de energia em incrementos de 10%, para que obtenha exatamente a ajuda de que precisa para experimentar exatamente a condu\u00e7\u00e3o que pretende.<br \/>\nUm design espec\u00edfico de rodas mistas com uma roda de 27,5&#8243; na traseira e 29&#8243; na dianteira oferece uma condu\u00e7\u00e3o \u00e1gil para melhorar a experi\u00eancia de condu\u00e7\u00e3o. Um cockpit generoso coloca-o na moto, otimizando a tra\u00e7\u00e3o e o controlo em curva. O suporte inferior baixo, o \u00e2ngulo do tubo de cabe\u00e7a inclinado e o deslocamento reduzido do garfo mant\u00eam a estabilidade em terrenos acidentados.<br \/>\nO Levo oferece seis configura\u00e7\u00f5es geom\u00e9tricas distintas, permitindo-lhe adaptar facilmente o seu desempenho a qualquer estilo de condu\u00e7\u00e3o e qualquer terreno. O \u00e2ngulo do tubo de cabe\u00e7a pode ser ajustado entre 63 e 65,5 graus. A altura do suporte inferior pode ser ajustada 7 mm para cima ou para baixo.<br \/>\nA suspens\u00e3o traseira de 150 mm est\u00e1 pronta para tudo. \u00c9 suave em pequenos solavancos, devora cortes sem vacilar e tudo sem fazer paragens e manter a resposta do pedal de forma eficiente.<br \/>\nO S-Sizing baseia-se no que importa; tamanho do piloto e estilo de condu\u00e7\u00e3o, n\u00e3o altura inseam. Seis tamanhos, todos com tubo de cabe\u00e7a semelhante e comprimentos de costura, permitem que voc\u00ea escolha o tamanho que melhor se adapta ao seu estilo. Os S-Sizes mais pequenos ser\u00e3o mais \u00e1geis, gra\u00e7as ao seu alcance mais curto e \u00e0 medi\u00e7\u00e3o frontal central, enquanto os S-Sizes maiores oferecem-lhe mais estabilidade e uma condu\u00e7\u00e3o com mais espa\u00e7o.<\/p>\n<p><strong>Especifica\u00e7\u00f5es<\/strong><\/p>\n<ul>\n<li>Chicote de fia\u00e7\u00e3o Specialized personalizado WIRING<\/li>\n<li>Carregador<br \/>\npersonalizado, 42V4A c\/ ficha Rosenberger, 100-240V<\/li>\n<li>MOTOR<br \/>\nSpecialized 2.2 Custom Rx Trail Motor Sintonizado<\/li>\n<li>Specialized M3-700, bateria<br \/>\nintegrada, 700Wh<\/li>\n<li>UI\/REMOTE<br \/>\nSpecialized , percentagem da carga restante, 120 configura\u00e7\u00f5es de ecr\u00e3 poss\u00edveis, ajuste de assist\u00eancia MicroTune, ANT+\/Bluetooth\u00ae, w\/Handlebar remoto<\/li>\n<li>Praxis Carbon\/Custom Offset\/ISIS Spindle Interface BOTTOM BRACKET<br \/>\n, 160mm<\/li>\n<li>SRAM X-Sync EagleSRAM<br \/>\n104 BCD, 34t, a\u00e7o<\/li>\n<li>ABRA\u00c7O. Liga de sela<br \/>\n, 38.6mm<\/li>\n<li>FACT FRAME<br \/>\n11m full carbon, roda dianteira de 29&#8243;, roda traseira de 27,5&#8243;, roteamento de cabo interno completo, espa\u00e7amento de 148mm, rolamentos de cartucho totalmente selados, 150mm de curso, tubo de cabe\u00e7a de ajuste geogr\u00e1fico, piv\u00f4 horst de ajuste geogr\u00e1fico<\/li>\n<li>Fox Float X2 F\u00e1brica AMORTECEDOR,<br \/>\nKashima, 210x55mm<\/li>\n<li>Ferramenta integrada de tubo direcional SWAT<br \/>\nSWAT CC com ferramenta de corrente e elo<\/li>\n<li>PESO DO<br \/>\nD\u00cdNAMO<br \/>\n12,0 kg (26 lb, 7,3 oz)<\/li>\n<\/ul>\n","protected":false},"excerpt":{"rendered":"<p>Quadro Specialized especializado Levo S-Works 2024<\/p>\n","protected":false},"featured_media":406290,"comment_status":"closed","ping_status":"closed","template":"","meta":{"_acf_changed":false,"_et_pb_use_builder":"","_et_pb_old_content":"","_et_gb_content_width":"","inline_featured_image":false},"product_brand":[],"product_cat":[5393,2459,391,5261,5262,5263,5266,5260],"product_tag":[],"class_list":{"0":"post-406282","1":"product","2":"type-product","3":"status-publish","4":"has-post-thumbnail","6":"product_cat-bicicletas-electricas-levo-pt-pt","7":"product_cat-bicicletas-pt-pt-2","8":"product_cat-eletricas","9":"product_cat-bicicletas-electricas-de-carbono","10":"product_cat-bicicletas-electricas-de-enduro-trail","11":"product_cat-bicicletas-de-montanha-electricas","12":"product_cat-bicicletas-electricas-s-works-pt-pt","13":"product_cat-bicicletas-electricas-specialized-pt-pt","14":"product_shipping_class-bicicletas-pt-pt","16":"first","17":"instock","18":"taxable","19":"shipping-taxable","20":"purchasable","21":"product-type-variable","22":"wvs-archive-product-wrapper"},"acf":[],"yoast_head":"<!-- This site is optimized with the Yoast SEO Premium plugin v26.7 (Yoast SEO v26.7) - https:\/\/yoast.com\/wordpress\/plugins\/seo\/ -->\n<title>Specialized Levo S-Works Conjunto de quadros de carbono NB 24<\/title>\n<meta name=\"description\" content=\"Quadro de carbono Specialized S-Works 2024. Motor 2.2 Turbo de pot\u00eancia total e unidade de controlo MasterMind Turbo. Fox Float X2 Factory, Kashima, 210x55mm\" \/>\n<meta name=\"robots\" content=\"index, follow, max-snippet:-1, max-image-preview:large, max-video-preview:-1\" \/>\n<link rel=\"canonical\" href=\"https:\/\/gr-100.com\/pt-pt\/producto\/specialized-levo-s-works-conjunto-de-quadros-de-carbono-nb-24-copia\/\" \/>\n<meta property=\"og:locale\" content=\"pt_PT\" \/>\n<meta property=\"og:type\" content=\"article\" \/>\n<meta property=\"og:title\" content=\"Specialized Levo S-Works Conjunto de quadros de carbono NB 24\" \/>\n<meta property=\"og:description\" content=\"Quadro de carbono Specialized S-Works 2024. Motor 2.2 Turbo de pot\u00eancia total e unidade de controlo MasterMind Turbo. Fox Float X2 Factory, Kashima, 210x55mm\" \/>\n<meta property=\"og:url\" content=\"https:\/\/gr-100.com\/pt-pt\/producto\/specialized-levo-s-works-conjunto-de-quadros-de-carbono-nb-24-copia\/\" \/>\n<meta property=\"og:site_name\" content=\"Gr-100 Tienda de ciclismo Specialized\" \/>\n<meta property=\"article:publisher\" content=\"https:\/\/www.facebook.com\/Gr100Bikes\" \/>\n<meta property=\"article:modified_time\" content=\"2025-11-27T13:56:27+00:00\" \/>\n<meta property=\"og:image\" content=\"https:\/\/gr-100.com\/wp-content\/uploads\/2025\/04\/S-Works-Turbo-Levo-4-Frameset-1.jpg\" \/>\n\t<meta property=\"og:image:width\" content=\"1000\" \/>\n\t<meta property=\"og:image:height\" content=\"1000\" \/>\n\t<meta property=\"og:image:type\" content=\"image\/jpeg\" \/>\n<meta name=\"twitter:card\" content=\"summary_large_image\" \/>\n<meta name=\"twitter:label1\" content=\"Tempo estimado de leitura\" \/>\n\t<meta name=\"twitter:data1\" content=\"4 minutos\" \/>\n<script type=\"application\/ld+json\" class=\"yoast-schema-graph\">{\"@context\":\"https:\/\/schema.org\",\"@graph\":[{\"@type\":\"WebPage\",\"@id\":\"https:\/\/gr-100.com\/pt-pt\/producto\/specialized-levo-s-works-conjunto-de-quadros-de-carbono-nb-24-copia\/\",\"url\":\"https:\/\/gr-100.com\/pt-pt\/producto\/specialized-levo-s-works-conjunto-de-quadros-de-carbono-nb-24-copia\/\",\"name\":\"Specialized Levo S-Works Conjunto de quadros de carbono NB 24\",\"isPartOf\":{\"@id\":\"https:\/\/gr-100.com\/#website\"},\"primaryImageOfPage\":{\"@id\":\"https:\/\/gr-100.com\/pt-pt\/producto\/specialized-levo-s-works-conjunto-de-quadros-de-carbono-nb-24-copia\/#primaryimage\"},\"image\":{\"@id\":\"https:\/\/gr-100.com\/pt-pt\/producto\/specialized-levo-s-works-conjunto-de-quadros-de-carbono-nb-24-copia\/#primaryimage\"},\"thumbnailUrl\":\"https:\/\/gr-100.com\/wp-content\/uploads\/2025\/04\/S-Works-Turbo-Levo-4-Frameset-1.jpg\",\"datePublished\":\"2025-04-10T09:42:56+00:00\",\"dateModified\":\"2025-11-27T13:56:27+00:00\",\"description\":\"Quadro de carbono Specialized S-Works 2024. Motor 2.2 Turbo de pot\u00eancia total e unidade de controlo MasterMind Turbo. Fox Float X2 Factory, Kashima, 210x55mm\",\"breadcrumb\":{\"@id\":\"https:\/\/gr-100.com\/pt-pt\/producto\/specialized-levo-s-works-conjunto-de-quadros-de-carbono-nb-24-copia\/#breadcrumb\"},\"inLanguage\":\"pt-PT\",\"potentialAction\":[{\"@type\":\"ReadAction\",\"target\":[\"https:\/\/gr-100.com\/pt-pt\/producto\/specialized-levo-s-works-conjunto-de-quadros-de-carbono-nb-24-copia\/\"]}]},{\"@type\":\"ImageObject\",\"inLanguage\":\"pt-PT\",\"@id\":\"https:\/\/gr-100.com\/pt-pt\/producto\/specialized-levo-s-works-conjunto-de-quadros-de-carbono-nb-24-copia\/#primaryimage\",\"url\":\"https:\/\/gr-100.com\/wp-content\/uploads\/2025\/04\/S-Works-Turbo-Levo-4-Frameset-1.jpg\",\"contentUrl\":\"https:\/\/gr-100.com\/wp-content\/uploads\/2025\/04\/S-Works-Turbo-Levo-4-Frameset-1.jpg\",\"width\":1000,\"height\":1000},{\"@type\":\"BreadcrumbList\",\"@id\":\"https:\/\/gr-100.com\/pt-pt\/producto\/specialized-levo-s-works-conjunto-de-quadros-de-carbono-nb-24-copia\/#breadcrumb\",\"itemListElement\":[{\"@type\":\"ListItem\",\"position\":1,\"name\":\"Portada\",\"item\":\"https:\/\/gr-100.com\/en\/\"},{\"@type\":\"ListItem\",\"position\":2,\"name\":\"Productos\",\"item\":\"https:\/\/gr-100.com\/?post_type=product\"},{\"@type\":\"ListItem\",\"position\":3,\"name\":\"Specialized Levo S-Works Conjunto de quadros de carbono NB 24\"}]},{\"@type\":\"WebSite\",\"@id\":\"https:\/\/gr-100.com\/#website\",\"url\":\"https:\/\/gr-100.com\/\",\"name\":\"Gr-100 Tienda de ciclismo Specialized\",\"description\":\"GR-100 tenemos todas las gamas de bicicletas Specialized al mejor precio.\",\"publisher\":{\"@id\":\"https:\/\/gr-100.com\/#organization\"},\"alternateName\":\"Gr-100 Bikes\",\"potentialAction\":[{\"@type\":\"SearchAction\",\"target\":{\"@type\":\"EntryPoint\",\"urlTemplate\":\"https:\/\/gr-100.com\/?s={search_term_string}\"},\"query-input\":{\"@type\":\"PropertyValueSpecification\",\"valueRequired\":true,\"valueName\":\"search_term_string\"}}],\"inLanguage\":\"pt-PT\"},{\"@type\":\"Organization\",\"@id\":\"https:\/\/gr-100.com\/#organization\",\"name\":\"Gr-100\",\"url\":\"https:\/\/gr-100.com\/\",\"logo\":{\"@type\":\"ImageObject\",\"inLanguage\":\"pt-PT\",\"@id\":\"https:\/\/gr-100.com\/#\/schema\/logo\/image\/\",\"url\":\"https:\/\/gr-100.com\/wp-content\/uploads\/2023\/08\/logo-gr-100-bikes.png\",\"contentUrl\":\"https:\/\/gr-100.com\/wp-content\/uploads\/2023\/08\/logo-gr-100-bikes.png\",\"width\":707,\"height\":284,\"caption\":\"Gr-100\"},\"image\":{\"@id\":\"https:\/\/gr-100.com\/#\/schema\/logo\/image\/\"},\"sameAs\":[\"https:\/\/www.facebook.com\/Gr100Bikes\",\"https:\/\/www.instagram.com\/gr100bikes\/\",\"https:\/\/www.tiktok.com\/@gr100bikes\",\"https:\/\/twitter.com\/gr100mtbteam\",\"https:\/\/www.youtube.com\/c\/GR100Specialized\"]}]}<\/script>\n<!-- \/ Yoast SEO Premium plugin. -->","yoast_head_json":{"title":"Specialized Levo S-Works Conjunto de quadros de carbono NB 24","description":"Quadro de carbono Specialized S-Works 2024. Motor 2.2 Turbo de pot\u00eancia total e unidade de controlo MasterMind Turbo. Fox Float X2 Factory, Kashima, 210x55mm","robots":{"index":"index","follow":"follow","max-snippet":"max-snippet:-1","max-image-preview":"max-image-preview:large","max-video-preview":"max-video-preview:-1"},"canonical":"https:\/\/gr-100.com\/pt-pt\/producto\/specialized-levo-s-works-conjunto-de-quadros-de-carbono-nb-24-copia\/","og_locale":"pt_PT","og_type":"article","og_title":"Specialized Levo S-Works Conjunto de quadros de carbono NB 24","og_description":"Quadro de carbono Specialized S-Works 2024. Motor 2.2 Turbo de pot\u00eancia total e unidade de controlo MasterMind Turbo. Fox Float X2 Factory, Kashima, 210x55mm","og_url":"https:\/\/gr-100.com\/pt-pt\/producto\/specialized-levo-s-works-conjunto-de-quadros-de-carbono-nb-24-copia\/","og_site_name":"Gr-100 Tienda de ciclismo Specialized","article_publisher":"https:\/\/www.facebook.com\/Gr100Bikes","article_modified_time":"2025-11-27T13:56:27+00:00","og_image":[{"width":1000,"height":1000,"url":"https:\/\/gr-100.com\/wp-content\/uploads\/2025\/04\/S-Works-Turbo-Levo-4-Frameset-1.jpg","type":"image\/jpeg"}],"twitter_card":"summary_large_image","twitter_misc":{"Tempo estimado de leitura":"4 minutos"},"schema":{"@context":"https:\/\/schema.org","@graph":[{"@type":"WebPage","@id":"https:\/\/gr-100.com\/pt-pt\/producto\/specialized-levo-s-works-conjunto-de-quadros-de-carbono-nb-24-copia\/","url":"https:\/\/gr-100.com\/pt-pt\/producto\/specialized-levo-s-works-conjunto-de-quadros-de-carbono-nb-24-copia\/","name":"Specialized Levo S-Works Conjunto de quadros de carbono NB 24","isPartOf":{"@id":"https:\/\/gr-100.com\/#website"},"primaryImageOfPage":{"@id":"https:\/\/gr-100.com\/pt-pt\/producto\/specialized-levo-s-works-conjunto-de-quadros-de-carbono-nb-24-copia\/#primaryimage"},"image":{"@id":"https:\/\/gr-100.com\/pt-pt\/producto\/specialized-levo-s-works-conjunto-de-quadros-de-carbono-nb-24-copia\/#primaryimage"},"thumbnailUrl":"https:\/\/gr-100.com\/wp-content\/uploads\/2025\/04\/S-Works-Turbo-Levo-4-Frameset-1.jpg","datePublished":"2025-04-10T09:42:56+00:00","dateModified":"2025-11-27T13:56:27+00:00","description":"Quadro de carbono Specialized S-Works 2024. Motor 2.2 Turbo de pot\u00eancia total e unidade de controlo MasterMind Turbo. Fox Float X2 Factory, Kashima, 210x55mm","breadcrumb":{"@id":"https:\/\/gr-100.com\/pt-pt\/producto\/specialized-levo-s-works-conjunto-de-quadros-de-carbono-nb-24-copia\/#breadcrumb"},"inLanguage":"pt-PT","potentialAction":[{"@type":"ReadAction","target":["https:\/\/gr-100.com\/pt-pt\/producto\/specialized-levo-s-works-conjunto-de-quadros-de-carbono-nb-24-copia\/"]}]},{"@type":"ImageObject","inLanguage":"pt-PT","@id":"https:\/\/gr-100.com\/pt-pt\/producto\/specialized-levo-s-works-conjunto-de-quadros-de-carbono-nb-24-copia\/#primaryimage","url":"https:\/\/gr-100.com\/wp-content\/uploads\/2025\/04\/S-Works-Turbo-Levo-4-Frameset-1.jpg","contentUrl":"https:\/\/gr-100.com\/wp-content\/uploads\/2025\/04\/S-Works-Turbo-Levo-4-Frameset-1.jpg","width":1000,"height":1000},{"@type":"BreadcrumbList","@id":"https:\/\/gr-100.com\/pt-pt\/producto\/specialized-levo-s-works-conjunto-de-quadros-de-carbono-nb-24-copia\/#breadcrumb","itemListElement":[{"@type":"ListItem","position":1,"name":"Portada","item":"https:\/\/gr-100.com\/en\/"},{"@type":"ListItem","position":2,"name":"Productos","item":"https:\/\/gr-100.com\/?post_type=product"},{"@type":"ListItem","position":3,"name":"Specialized Levo S-Works Conjunto de quadros de carbono NB 24"}]},{"@type":"WebSite","@id":"https:\/\/gr-100.com\/#website","url":"https:\/\/gr-100.com\/","name":"Gr-100 Tienda de ciclismo Specialized","description":"GR-100 tenemos todas las gamas de bicicletas Specialized al mejor precio.","publisher":{"@id":"https:\/\/gr-100.com\/#organization"},"alternateName":"Gr-100 Bikes","potentialAction":[{"@type":"SearchAction","target":{"@type":"EntryPoint","urlTemplate":"https:\/\/gr-100.com\/?s={search_term_string}"},"query-input":{"@type":"PropertyValueSpecification","valueRequired":true,"valueName":"search_term_string"}}],"inLanguage":"pt-PT"},{"@type":"Organization","@id":"https:\/\/gr-100.com\/#organization","name":"Gr-100","url":"https:\/\/gr-100.com\/","logo":{"@type":"ImageObject","inLanguage":"pt-PT","@id":"https:\/\/gr-100.com\/#\/schema\/logo\/image\/","url":"https:\/\/gr-100.com\/wp-content\/uploads\/2023\/08\/logo-gr-100-bikes.png","contentUrl":"https:\/\/gr-100.com\/wp-content\/uploads\/2023\/08\/logo-gr-100-bikes.png","width":707,"height":284,"caption":"Gr-100"},"image":{"@id":"https:\/\/gr-100.com\/#\/schema\/logo\/image\/"},"sameAs":["https:\/\/www.facebook.com\/Gr100Bikes","https:\/\/www.instagram.com\/gr100bikes\/","https:\/\/www.tiktok.com\/@gr100bikes","https:\/\/twitter.com\/gr100mtbteam","https:\/\/www.youtube.com\/c\/GR100Specialized"]}]}},"_links":{"self":[{"href":"https:\/\/gr-100.com\/pt-pt\/wp-json\/wp\/v2\/product\/406282","targetHints":{"allow":["GET"]}}],"collection":[{"href":"https:\/\/gr-100.com\/pt-pt\/wp-json\/wp\/v2\/product"}],"about":[{"href":"https:\/\/gr-100.com\/pt-pt\/wp-json\/wp\/v2\/types\/product"}],"replies":[{"embeddable":true,"href":"https:\/\/gr-100.com\/pt-pt\/wp-json\/wp\/v2\/comments?post=406282"}],"wp:featuredmedia":[{"embeddable":true,"href":"https:\/\/gr-100.com\/pt-pt\/wp-json\/wp\/v2\/media\/406290"}],"wp:attachment":[{"href":"https:\/\/gr-100.com\/pt-pt\/wp-json\/wp\/v2\/media?parent=406282"}],"wp:term":[{"taxonomy":"product_brand","embeddable":true,"href":"https:\/\/gr-100.com\/pt-pt\/wp-json\/wp\/v2\/product_brand?post=406282"},{"taxonomy":"product_cat","embeddable":true,"href":"https:\/\/gr-100.com\/pt-pt\/wp-json\/wp\/v2\/product_cat?post=406282"},{"taxonomy":"product_tag","embeddable":true,"href":"https:\/\/gr-100.com\/pt-pt\/wp-json\/wp\/v2\/product_tag?post=406282"}],"curies":[{"name":"wp","href":"https:\/\/api.w.org\/{rel}","templated":true}]}}