{"id":406442,"date":"2025-04-11T17:58:00","date_gmt":"2025-04-11T15:58:00","guid":{"rendered":"https:\/\/gr-100.com\/?post_type=product&#038;p=406442"},"modified":"2025-11-27T15:56:18","modified_gmt":"2025-11-27T13:56:18","slug":"specialized-turbo-levo-comp-carbon-2023-s2-copia-copia","status":"publish","type":"product","link":"https:\/\/gr-100.com\/pt-pt\/producto\/specialized-turbo-levo-comp-carbon-2023-s2-copia-copia\/","title":{"rendered":"Specialized Turbo Levo comp carbon 2023 S2"},"content":{"rendered":"<p>-Bicicleta de exposici\u00f3n 9kms y 1 carga<br \/>\n-Cuadro carbono fact 9<br \/>\n-Horquilla Fox Rhythm 36, 160mm<br \/>\n-Amortiguador Fox Float X Performance<br \/>\n-Transmisi\u00f3n Sram GX Eagle 12 Speed<br \/>\n-Frenos Sram Code R, 4 Pistones<br \/>\n-Tija Telesc\u00f3pica X-Fusion Manic<br \/>\n-Ruedas Specialized mullet<br \/>\n-Motor Specialized 2.2, Custom RX<br \/>\n-Bateria Specialized M3-700Wh<br \/>\n-UI Remote Specialized M\u00e1ster Mind<br \/>\n-Talla S2 (1,58-1,70)<br \/>\n-Completamente de serie<br \/>\n-Factura y Garant\u00eda<br \/>\n-Financiaci\u00f3n y Env\u00edo gratuito<\/p>\n","protected":false},"excerpt":{"rendered":"<p><strong>Bicicleta El\u00e9ctrica Doble Suspensi\u00f3n Specialized Turbo Levo comp carbon 2023. Talla S2 (1,58-1,70)<\/strong><\/p>\n","protected":false},"featured_media":406463,"comment_status":"open","ping_status":"closed","template":"","meta":{"_acf_changed":false,"_et_pb_use_builder":"","_et_pb_old_content":"","_et_gb_content_width":"","inline_featured_image":false},"product_brand":[],"product_cat":[2460,3255,2696,404],"product_tag":[],"class_list":{"0":"post-406442","1":"product","2":"type-product","3":"status-publish","4":"has-post-thumbnail","6":"product_cat-ofertas-pt-pt","7":"product_cat-oferta-eletrica","8":"product_cat-ofertas-especializadas","9":"product_cat-em-segunda-mao","10":"product_shipping_class-em-segunda-mao","12":"first","13":"outofstock","14":"sale","15":"taxable","16":"shipping-taxable","17":"purchasable","18":"product-type-simple"},"acf":[],"yoast_head":"<!-- This site is optimized with the Yoast SEO Premium plugin v26.7 (Yoast SEO v26.7) - https:\/\/yoast.com\/wordpress\/plugins\/seo\/ -->\n<title>Specialized Turbo Levo comp carbon 2023 S2 Ocasion<\/title>\n<meta name=\"description\" content=\"Oferta reestreno Bicicleta El\u00e9ctrica Doble Suspensi\u00f3n Specialized Turbo Levo comp carbon 2023 S2. Bicicleta de exposici\u00f3n 9kms y 1 carga.\" \/>\n<meta name=\"robots\" content=\"index, follow, max-snippet:-1, max-image-preview:large, max-video-preview:-1\" \/>\n<link rel=\"canonical\" href=\"https:\/\/gr-100.com\/pt-pt\/producto\/specialized-turbo-levo-comp-carbon-2023-s2-copia-copia\/\" \/>\n<meta property=\"og:locale\" content=\"pt_PT\" \/>\n<meta property=\"og:type\" content=\"article\" \/>\n<meta property=\"og:title\" content=\"Specialized Turbo Levo comp carbon 2023 S2\" \/>\n<meta property=\"og:description\" content=\"Oferta reestreno Bicicleta El\u00e9ctrica Doble Suspensi\u00f3n Specialized Turbo Levo comp carbon 2023 S2. Bicicleta de exposici\u00f3n 9kms y 1 carga.\" \/>\n<meta property=\"og:url\" content=\"https:\/\/gr-100.com\/pt-pt\/producto\/specialized-turbo-levo-comp-carbon-2023-s2-copia-copia\/\" \/>\n<meta property=\"og:site_name\" content=\"Gr-100 Tienda de ciclismo Specialized\" \/>\n<meta property=\"article:publisher\" content=\"https:\/\/www.facebook.com\/Gr100Bikes\" \/>\n<meta property=\"article:modified_time\" content=\"2025-11-27T13:56:18+00:00\" \/>\n<meta property=\"og:image\" content=\"https:\/\/gr-100.com\/wp-content\/uploads\/2025\/04\/Turbo-Levo-expert.jpg\" \/>\n\t<meta property=\"og:image:width\" content=\"1000\" \/>\n\t<meta property=\"og:image:height\" content=\"1000\" \/>\n\t<meta property=\"og:image:type\" content=\"image\/jpeg\" \/>\n<meta name=\"twitter:card\" content=\"summary_large_image\" \/>\n<meta name=\"twitter:label1\" content=\"Tempo estimado de leitura\" \/>\n\t<meta name=\"twitter:data1\" content=\"1 minuto\" \/>\n<script type=\"application\/ld+json\" class=\"yoast-schema-graph\">{\"@context\":\"https:\/\/schema.org\",\"@graph\":[{\"@type\":\"WebPage\",\"@id\":\"https:\/\/gr-100.com\/pt-pt\/producto\/specialized-turbo-levo-comp-carbon-2023-s2-copia-copia\/\",\"url\":\"https:\/\/gr-100.com\/pt-pt\/producto\/specialized-turbo-levo-comp-carbon-2023-s2-copia-copia\/\",\"name\":\"Specialized Turbo Levo comp carbon 2023 S2 Ocasion\",\"isPartOf\":{\"@id\":\"https:\/\/gr-100.com\/#website\"},\"primaryImageOfPage\":{\"@id\":\"https:\/\/gr-100.com\/pt-pt\/producto\/specialized-turbo-levo-comp-carbon-2023-s2-copia-copia\/#primaryimage\"},\"image\":{\"@id\":\"https:\/\/gr-100.com\/pt-pt\/producto\/specialized-turbo-levo-comp-carbon-2023-s2-copia-copia\/#primaryimage\"},\"thumbnailUrl\":\"https:\/\/gr-100.com\/wp-content\/uploads\/2025\/04\/Turbo-Levo-expert.jpg\",\"datePublished\":\"2025-04-11T15:58:00+00:00\",\"dateModified\":\"2025-11-27T13:56:18+00:00\",\"description\":\"Oferta reestreno Bicicleta El\u00e9ctrica Doble Suspensi\u00f3n Specialized Turbo Levo comp carbon 2023 S2. Bicicleta de exposici\u00f3n 9kms y 1 carga.\",\"breadcrumb\":{\"@id\":\"https:\/\/gr-100.com\/pt-pt\/producto\/specialized-turbo-levo-comp-carbon-2023-s2-copia-copia\/#breadcrumb\"},\"inLanguage\":\"pt-PT\",\"potentialAction\":[{\"@type\":\"ReadAction\",\"target\":[\"https:\/\/gr-100.com\/pt-pt\/producto\/specialized-turbo-levo-comp-carbon-2023-s2-copia-copia\/\"]}]},{\"@type\":\"ImageObject\",\"inLanguage\":\"pt-PT\",\"@id\":\"https:\/\/gr-100.com\/pt-pt\/producto\/specialized-turbo-levo-comp-carbon-2023-s2-copia-copia\/#primaryimage\",\"url\":\"https:\/\/gr-100.com\/wp-content\/uploads\/2025\/04\/Turbo-Levo-expert.jpg\",\"contentUrl\":\"https:\/\/gr-100.com\/wp-content\/uploads\/2025\/04\/Turbo-Levo-expert.jpg\",\"width\":1000,\"height\":1000},{\"@type\":\"BreadcrumbList\",\"@id\":\"https:\/\/gr-100.com\/pt-pt\/producto\/specialized-turbo-levo-comp-carbon-2023-s2-copia-copia\/#breadcrumb\",\"itemListElement\":[{\"@type\":\"ListItem\",\"position\":1,\"name\":\"Portada\",\"item\":\"https:\/\/gr-100.com\/en\/\"},{\"@type\":\"ListItem\",\"position\":2,\"name\":\"Productos\",\"item\":\"https:\/\/gr-100.com\/?post_type=product\"},{\"@type\":\"ListItem\",\"position\":3,\"name\":\"Specialized Turbo Levo comp carbon 2023 S2\"}]},{\"@type\":\"WebSite\",\"@id\":\"https:\/\/gr-100.com\/#website\",\"url\":\"https:\/\/gr-100.com\/\",\"name\":\"Gr-100 Tienda de ciclismo Specialized\",\"description\":\"GR-100 tenemos todas las gamas de bicicletas Specialized al mejor precio.\",\"publisher\":{\"@id\":\"https:\/\/gr-100.com\/#organization\"},\"alternateName\":\"Gr-100 Bikes\",\"potentialAction\":[{\"@type\":\"SearchAction\",\"target\":{\"@type\":\"EntryPoint\",\"urlTemplate\":\"https:\/\/gr-100.com\/?s={search_term_string}\"},\"query-input\":{\"@type\":\"PropertyValueSpecification\",\"valueRequired\":true,\"valueName\":\"search_term_string\"}}],\"inLanguage\":\"pt-PT\"},{\"@type\":\"Organization\",\"@id\":\"https:\/\/gr-100.com\/#organization\",\"name\":\"Gr-100\",\"url\":\"https:\/\/gr-100.com\/\",\"logo\":{\"@type\":\"ImageObject\",\"inLanguage\":\"pt-PT\",\"@id\":\"https:\/\/gr-100.com\/#\/schema\/logo\/image\/\",\"url\":\"https:\/\/gr-100.com\/wp-content\/uploads\/2023\/08\/logo-gr-100-bikes.png\",\"contentUrl\":\"https:\/\/gr-100.com\/wp-content\/uploads\/2023\/08\/logo-gr-100-bikes.png\",\"width\":707,\"height\":284,\"caption\":\"Gr-100\"},\"image\":{\"@id\":\"https:\/\/gr-100.com\/#\/schema\/logo\/image\/\"},\"sameAs\":[\"https:\/\/www.facebook.com\/Gr100Bikes\",\"https:\/\/www.instagram.com\/gr100bikes\/\",\"https:\/\/www.tiktok.com\/@gr100bikes\",\"https:\/\/twitter.com\/gr100mtbteam\",\"https:\/\/www.youtube.com\/c\/GR100Specialized\"]}]}<\/script>\n<!-- \/ Yoast SEO Premium plugin. -->","yoast_head_json":{"title":"Specialized Turbo Levo comp carbon 2023 S2 Ocasion","description":"Oferta reestreno Bicicleta El\u00e9ctrica Doble Suspensi\u00f3n Specialized Turbo Levo comp carbon 2023 S2. Bicicleta de exposici\u00f3n 9kms y 1 carga.","robots":{"index":"index","follow":"follow","max-snippet":"max-snippet:-1","max-image-preview":"max-image-preview:large","max-video-preview":"max-video-preview:-1"},"canonical":"https:\/\/gr-100.com\/pt-pt\/producto\/specialized-turbo-levo-comp-carbon-2023-s2-copia-copia\/","og_locale":"pt_PT","og_type":"article","og_title":"Specialized Turbo Levo comp carbon 2023 S2","og_description":"Oferta reestreno Bicicleta El\u00e9ctrica Doble Suspensi\u00f3n Specialized Turbo Levo comp carbon 2023 S2. Bicicleta de exposici\u00f3n 9kms y 1 carga.","og_url":"https:\/\/gr-100.com\/pt-pt\/producto\/specialized-turbo-levo-comp-carbon-2023-s2-copia-copia\/","og_site_name":"Gr-100 Tienda de ciclismo Specialized","article_publisher":"https:\/\/www.facebook.com\/Gr100Bikes","article_modified_time":"2025-11-27T13:56:18+00:00","og_image":[{"width":1000,"height":1000,"url":"https:\/\/gr-100.com\/wp-content\/uploads\/2025\/04\/Turbo-Levo-expert.jpg","type":"image\/jpeg"}],"twitter_card":"summary_large_image","twitter_misc":{"Tempo estimado de leitura":"1 minuto"},"schema":{"@context":"https:\/\/schema.org","@graph":[{"@type":"WebPage","@id":"https:\/\/gr-100.com\/pt-pt\/producto\/specialized-turbo-levo-comp-carbon-2023-s2-copia-copia\/","url":"https:\/\/gr-100.com\/pt-pt\/producto\/specialized-turbo-levo-comp-carbon-2023-s2-copia-copia\/","name":"Specialized Turbo Levo comp carbon 2023 S2 Ocasion","isPartOf":{"@id":"https:\/\/gr-100.com\/#website"},"primaryImageOfPage":{"@id":"https:\/\/gr-100.com\/pt-pt\/producto\/specialized-turbo-levo-comp-carbon-2023-s2-copia-copia\/#primaryimage"},"image":{"@id":"https:\/\/gr-100.com\/pt-pt\/producto\/specialized-turbo-levo-comp-carbon-2023-s2-copia-copia\/#primaryimage"},"thumbnailUrl":"https:\/\/gr-100.com\/wp-content\/uploads\/2025\/04\/Turbo-Levo-expert.jpg","datePublished":"2025-04-11T15:58:00+00:00","dateModified":"2025-11-27T13:56:18+00:00","description":"Oferta reestreno Bicicleta El\u00e9ctrica Doble Suspensi\u00f3n Specialized Turbo Levo comp carbon 2023 S2. Bicicleta de exposici\u00f3n 9kms y 1 carga.","breadcrumb":{"@id":"https:\/\/gr-100.com\/pt-pt\/producto\/specialized-turbo-levo-comp-carbon-2023-s2-copia-copia\/#breadcrumb"},"inLanguage":"pt-PT","potentialAction":[{"@type":"ReadAction","target":["https:\/\/gr-100.com\/pt-pt\/producto\/specialized-turbo-levo-comp-carbon-2023-s2-copia-copia\/"]}]},{"@type":"ImageObject","inLanguage":"pt-PT","@id":"https:\/\/gr-100.com\/pt-pt\/producto\/specialized-turbo-levo-comp-carbon-2023-s2-copia-copia\/#primaryimage","url":"https:\/\/gr-100.com\/wp-content\/uploads\/2025\/04\/Turbo-Levo-expert.jpg","contentUrl":"https:\/\/gr-100.com\/wp-content\/uploads\/2025\/04\/Turbo-Levo-expert.jpg","width":1000,"height":1000},{"@type":"BreadcrumbList","@id":"https:\/\/gr-100.com\/pt-pt\/producto\/specialized-turbo-levo-comp-carbon-2023-s2-copia-copia\/#breadcrumb","itemListElement":[{"@type":"ListItem","position":1,"name":"Portada","item":"https:\/\/gr-100.com\/en\/"},{"@type":"ListItem","position":2,"name":"Productos","item":"https:\/\/gr-100.com\/?post_type=product"},{"@type":"ListItem","position":3,"name":"Specialized Turbo Levo comp carbon 2023 S2"}]},{"@type":"WebSite","@id":"https:\/\/gr-100.com\/#website","url":"https:\/\/gr-100.com\/","name":"Gr-100 Tienda de ciclismo Specialized","description":"GR-100 tenemos todas las gamas de bicicletas Specialized al mejor precio.","publisher":{"@id":"https:\/\/gr-100.com\/#organization"},"alternateName":"Gr-100 Bikes","potentialAction":[{"@type":"SearchAction","target":{"@type":"EntryPoint","urlTemplate":"https:\/\/gr-100.com\/?s={search_term_string}"},"query-input":{"@type":"PropertyValueSpecification","valueRequired":true,"valueName":"search_term_string"}}],"inLanguage":"pt-PT"},{"@type":"Organization","@id":"https:\/\/gr-100.com\/#organization","name":"Gr-100","url":"https:\/\/gr-100.com\/","logo":{"@type":"ImageObject","inLanguage":"pt-PT","@id":"https:\/\/gr-100.com\/#\/schema\/logo\/image\/","url":"https:\/\/gr-100.com\/wp-content\/uploads\/2023\/08\/logo-gr-100-bikes.png","contentUrl":"https:\/\/gr-100.com\/wp-content\/uploads\/2023\/08\/logo-gr-100-bikes.png","width":707,"height":284,"caption":"Gr-100"},"image":{"@id":"https:\/\/gr-100.com\/#\/schema\/logo\/image\/"},"sameAs":["https:\/\/www.facebook.com\/Gr100Bikes","https:\/\/www.instagram.com\/gr100bikes\/","https:\/\/www.tiktok.com\/@gr100bikes","https:\/\/twitter.com\/gr100mtbteam","https:\/\/www.youtube.com\/c\/GR100Specialized"]}]}},"_links":{"self":[{"href":"https:\/\/gr-100.com\/pt-pt\/wp-json\/wp\/v2\/product\/406442","targetHints":{"allow":["GET"]}}],"collection":[{"href":"https:\/\/gr-100.com\/pt-pt\/wp-json\/wp\/v2\/product"}],"about":[{"href":"https:\/\/gr-100.com\/pt-pt\/wp-json\/wp\/v2\/types\/product"}],"replies":[{"embeddable":true,"href":"https:\/\/gr-100.com\/pt-pt\/wp-json\/wp\/v2\/comments?post=406442"}],"wp:featuredmedia":[{"embeddable":true,"href":"https:\/\/gr-100.com\/pt-pt\/wp-json\/wp\/v2\/media\/406463"}],"wp:attachment":[{"href":"https:\/\/gr-100.com\/pt-pt\/wp-json\/wp\/v2\/media?parent=406442"}],"wp:term":[{"taxonomy":"product_brand","embeddable":true,"href":"https:\/\/gr-100.com\/pt-pt\/wp-json\/wp\/v2\/product_brand?post=406442"},{"taxonomy":"product_cat","embeddable":true,"href":"https:\/\/gr-100.com\/pt-pt\/wp-json\/wp\/v2\/product_cat?post=406442"},{"taxonomy":"product_tag","embeddable":true,"href":"https:\/\/gr-100.com\/pt-pt\/wp-json\/wp\/v2\/product_tag?post=406442"}],"curies":[{"name":"wp","href":"https:\/\/api.w.org\/{rel}","templated":true}]}}