{"id":411228,"date":"2025-07-02T13:18:38","date_gmt":"2025-07-02T11:18:38","guid":{"rendered":"https:\/\/gr-100.com\/?post_type=product&#038;p=411228"},"modified":"2025-11-27T15:43:32","modified_gmt":"2025-11-27T13:43:32","slug":"specialized-s-works-tarmac-sl8-ltd-2025-sram-red-axs-copia","status":"publish","type":"product","link":"https:\/\/gr-100.com\/pt-pt\/producto\/specialized-s-works-tarmac-sl8-ltd-2025-sram-red-axs-copia\/","title":{"rendered":"Specialized S-Works Tarmac SL8 LTD 2025 &#8211; Sram Red AXS"},"content":{"rendered":"<p>https:\/\/youtu.be\/gDQnoeiEtZ8 <strong>AERO IN EVERYTHING:<\/strong> Estamos invirtiendo en aerodin\u00e1mica donde m\u00e1s se necesita, en el borde de ataque, no s\u00f3lo donde queda bien. En el proceso hemos creado nuestra bicicleta de carretera m\u00e1s aerodin\u00e1mica. S\u00ed, es m\u00e1s aerodin\u00e1mica que la Venge. El aire limpio se optimiza para obtener la m\u00e1xima ventaja con el nuevo cono frontal de la Tarmac: el Speed Snilfer. Al mover el tubo de direcci\u00f3n hacia atr\u00e1s &#8211; el tubo que determina la anchura del tubo de direcci\u00f3n &#8211; el borde de ataque del tubo de direcci\u00f3n puede ser mucho m\u00e1s afilado, ofreciendo una forma de resistencia aerodin\u00e1mica mucho menor. Aprovechando las nuevas normas de la UCI, la Tarmac SLB tiene la tija de sill\u00edn m\u00e1s estrecha y aerodin\u00e1mica que jam\u00e1s hayamos fabricado, lo que garantiza que el aire contaminado que circula r\u00e1pidamente alrededor de las piernas pueda fluir hacia atr\u00e1s de forma m\u00e1s limpia. \u00bfNo huele dulce la victoria? <strong>MINIMO PESO, M\u00c1XIMA AERODIN\u00c1MICA:<\/strong> La Tarmac SL8 se bas\u00f3 en la experiencia de la Aethos para fabricarse f\u00e1cilmente con el m\u00ednimo UCI y una configuraci\u00f3n aerodin\u00e1mica completa. El equipo ha creado un cuadro alucinante de 685 gramos, un 1596 m\u00e1s ligero que la Tarmac SL7 y que cualquier otra bicicleta del World Tour*. Con la capacidad de hacer de la ligereza una prioridad absoluta en el tubo diagonal, el tubo del silin y la parte trasera de la bicicleta, se aplicaron las lecciones de Aethos. La forma del cuadro transporta la carga de forma tan eficiente que las capas adicionales de rigidez del carbono resultan redundantes. *A menos, por supuesto, que cuentes la vez que Kasper Asgreen corri\u00f3 con nuestro cuadro Aethos de 585 gramos durante una etapa del Tour. <strong>RITMO ENDIABLADO, CONDUCCI\u00d3N CELESTIAL:<\/strong> Con un enorme aumento en la relaci\u00f3n rigidez-peso &#8211; una mejora del 33% sobre la SL7 &#8211; la Tarmac SL8 lleva la legendaria capacidad de conducci\u00f3n. la agresiva respuesta y la geometr\u00eda probada en el Campeonato del Mundo al siguiente nivel. La bicicleta es m\u00e1s r\u00edgida en los pedales. m\u00e1s precisa en el manillar, y lo combina con una conducci\u00f3n agradable en el sill\u00edn que establece un nuevo punto de referencia para la comodidad de las bicicletas de carreras. Gracias a nuestra ingenier\u00eda Rider-First, todos los ciclistas.<br \/>\nindependientemente de su talla, obtienen la misma calidad de conducci\u00f3n sin precedentes. En el sill\u00edn, la Tarmac SL8 ofrece un 69 m\u00e1s de comodidad, flotando sobre la carretera en mal estado con una sensaci\u00f3n de confort \u00fanico en el mundo de las bicicletas de competici\u00f3n. La geometr\u00eda probada de la Tarmac y el paso de rueda de hasta 32 mm son id\u00e9nticos a los de la SL7, lo que garantiza una f\u00e1cil adaptaci\u00f3n y la versatilidad para montar neum\u00e1ticos de mayor volumen cuando sea necesario. <strong>M\u00c1S ALL\u00c1 DEL G\u00c9NERO:<\/strong> Puede haber m\u00e1s diferencia entre dos ciclistas masculinos que entre un hombre y una mujer. El g\u00e9nero por s\u00ed solo no proporciona datos suficientes para especializarse y eso significa que crear bicicletas masculinas o femeninas es arbitrario y obsoleto. Todos los ciclistas pueden obtener las ventajas del siguiente nivel de la Tarmac SL8. Es hora de ir m\u00e1s all\u00e1 del g\u00e9nero. \u2022 La S-Works Tarmac SL8 est\u00e1 equipada s\u00f3lo con los mejores componentes.<\/p>\n<p>Um conjunto SRAM RED AXS com medidor de pot\u00eancia \u2013 o conjunto eletr\u00f3nico mais leve de sempre \u2013 e jantes Roval Rapide CLX Il preparadas para tubos s\u00e3o o complemento perfeito para o quadro mais r\u00e1pido do mundo. Todos os modelos S-Works Tarmac SLB s\u00e3o fornecidos com um cockpit Roval Rapide para poupar peso e obter o cockpit o mais r\u00e1pido poss\u00edvel.<\/p>\n<ul>\n<li><strong>Especifica\u00e7\u00f5es<\/strong><\/li>\n<li><strong>IMAGEM<\/strong><br \/>\nS-Works Tarmac SLB FACT 12r Carbon, Rider First (Engenharia*. Ganhe t\u00fanel projetado, roteamento limpo. 12x142mm<br \/>\neixo thru, disco de montagem plana<\/li>\n<li><strong>HOROUILLA<\/strong><br \/>\nS-Works FACTO 12r Carbono, eixo triplo 12x100mm, disco de montagem plana<\/li>\n<li><strong>GUID\u00c3O<\/strong><br \/>\nRoval Cockpit r\u00e1pido, barra \/ haste integrada<\/li>\n<li><strong>POT\u00caNCIA<\/strong><br \/>\nRoval Cockpit r\u00e1pido, barra \/ haste integrada<\/li>\n<li><strong>FITA FITA<\/strong><br \/>\nSupacaz Super Stcky Kush<\/li>\n<li><strong>SELIM<\/strong><br \/>\nS-Works Alimenta\u00e7\u00e3o com espelho<\/li>\n<li><strong>ESPIG\u00c3O ASSENTO<\/strong><br \/>\nS-Works Poste de assento Tarmac SLB Carbon, FACT Carbon, 15m<br \/>\noffset<\/li>\n<li><strong>ABRA\u00c7O.<br \/>\nSELIM <\/strong><br \/>\nCunha Integrada Tarmac<\/li>\n<li><strong>TRAV\u00c3O DIANTEIRO<\/strong><br \/>\nNOVOS SRAM , design hidr\u00e1ulico<\/li>\n<li><strong>TRAV\u00c3O TRASEIRO<\/strong><br \/>\nNOVOS SRAM , disco hidr\u00e1ulico<\/li>\n<li><strong>CONTROLOS DE MUDAN\u00c7A DE VELOCIDADE<\/strong><br \/>\nNOVO SRAM RED AS, disco hidr\u00e1ulico<\/li>\n<li><strong>DESVIADOR<\/strong><br \/>\nNOVOS EIXOS SRAM , braze-on<\/li>\n<li><strong>MUDAN\u00c7A<\/strong><br \/>\nNOVO SRAM RED AS, 12 velocidades<\/li>\n<li><strong><br \/>\nNOVA SRAM RED XG-1290, 12 SRAM. 10-33T<\/strong><\/li>\n<li><strong>SUPORTE<\/strong><br \/>\nINFERIORNOVO SRAM RED AXS<\/li>\n<li><strong>PLATOS<\/strong><br \/>\n48\/35<\/li>\n<li><strong>SUPORTE<\/strong><br \/>\nINFERIORSRAM DUB BSA 68<\/li>\n<li><strong>CADEIA<\/strong><br \/>\nNOVA SRAM RED de 12 velocidades<\/li>\n<li><strong>RODA DIANTEIRA<\/strong><br \/>\nRoval Rapide CLIl, Tubeless, aro em carbono de 21mm de largura interna,<br \/>\nprofundidade Simm. Win Tunnel Engineered, hub Roval , 18h, raios DT<br \/>\nSwiss Aerolite<\/li>\n<li><strong>RODA TRASEIRA<\/strong><br \/>\nRoval CLI Rapide, sem tubo, aro em carbono de 21 mm de largura interna, 60 mm de profundidade. Win Tunnel Engineered, hub Roval , 24h, raios DT<br \/>\nSwiss Aerolite<\/li>\n<li><strong>PNEU.<\/strong><br \/>\nS-works Turbo Rapidair 2BR, 700x26mm<\/li>\n<li><strong>PNEU TRASEIRO<\/strong><br \/>\nS-works Turbo Rapidair 2BR.700x26mm<\/li>\n<li><strong>C\u00c2MARAS<\/strong><br \/>\nTurbo Ultralight, 60mm dianteiro, 80mm traseiro, v\u00e1lvula Presta<\/li>\n<li><strong>SWAT<\/strong><br \/>\nCabe\u00e7a de martelo Karoo 3 com K-Edge 31,8 mm de montagem<br \/>\n<strong>Peso<\/strong><br \/>\nde funcionamento 6,78 kg (14 lb, 15,2 oz)<br \/>\nTamanho peso<br \/>\n56<\/li>\n<\/ul>\n<p>* Os pesos baseiam-se em fotografias de produ\u00e7\u00e3o pintadas, tal como indicado na imagem. Os pesos reais variam consoante a cor, o tamanho do quadro e a varia\u00e7\u00e3o dos componentes. As especifica\u00e7\u00f5es est\u00e3o sujeitas a altera\u00e7\u00f5es sem aviso pr\u00e9vio.<\/p>\n","protected":false},"excerpt":{"rendered":"<p>A Tarmac SL8 LTD \u00e9 a moto de corrida mais r\u00e1pida do mundo, e agora est\u00e1 dispon\u00edvel em um pre\u00e7o de cor limitado com o novo conjunto SRAM RED AXS e uma s\u00e9rie de recursos exclusivos.<\/p>\n","protected":false},"featured_media":411276,"comment_status":"closed","ping_status":"closed","template":"","meta":{"_acf_changed":false,"_et_pb_use_builder":"","_et_pb_old_content":"","_et_gb_content_width":"","inline_featured_image":false},"product_brand":[],"product_cat":[2459,378,2483],"product_tag":[],"class_list":{"0":"post-411228","1":"product","2":"type-product","3":"status-publish","4":"has-post-thumbnail","6":"product_cat-bicicletas-pt-pt-2","7":"product_cat-estrada","8":"product_cat-bicicletas-especializadas","9":"product_shipping_class-bicicletas-pt-pt","11":"first","12":"outofstock","13":"taxable","14":"shipping-taxable","15":"product-type-variable","16":"wvs-archive-product-wrapper"},"acf":[],"yoast_head":"<!-- This site is optimized with the Yoast SEO Premium plugin v26.7 (Yoast SEO v26.7) - https:\/\/yoast.com\/wordpress\/plugins\/seo\/ -->\n<title>Specialized S-Works Tarmac SL8 LTD 2025 - Sram Red AXS<\/title>\n<meta name=\"description\" content=\"Novo Sram Red AXS. A nova Tarmac SL8 LTD 2025 \u00e9 a moto de estrada mais aerodin\u00e2mica alguma vez fabricada.\" \/>\n<meta name=\"robots\" content=\"index, follow, max-snippet:-1, max-image-preview:large, max-video-preview:-1\" \/>\n<link rel=\"canonical\" href=\"https:\/\/gr-100.com\/pt-pt\/producto\/specialized-s-works-tarmac-sl8-ltd-2025-sram-red-axs-copia\/\" \/>\n<meta property=\"og:locale\" content=\"pt_PT\" \/>\n<meta property=\"og:type\" content=\"article\" \/>\n<meta property=\"og:title\" content=\"Specialized S-Works Tarmac SL8 LTD 2025 - Sram Red AXS\" \/>\n<meta property=\"og:description\" content=\"Novo Sram Red AXS. A nova Tarmac SL8 LTD 2025 \u00e9 a moto de estrada mais aerodin\u00e2mica alguma vez fabricada.\" \/>\n<meta property=\"og:url\" content=\"https:\/\/gr-100.com\/pt-pt\/producto\/specialized-s-works-tarmac-sl8-ltd-2025-sram-red-axs-copia\/\" \/>\n<meta property=\"og:site_name\" content=\"Gr-100 Tienda de ciclismo Specialized\" \/>\n<meta property=\"article:publisher\" content=\"https:\/\/www.facebook.com\/Gr100Bikes\" \/>\n<meta property=\"article:modified_time\" content=\"2025-11-27T13:43:32+00:00\" \/>\n<meta property=\"og:image\" content=\"https:\/\/gr-100.com\/wp-content\/uploads\/2025\/07\/S-Works-Tarmac-SL8-LTD-Red-Bull-2025-TdF-LTD.jpg\" \/>\n\t<meta property=\"og:image:width\" content=\"1000\" \/>\n\t<meta property=\"og:image:height\" content=\"1000\" \/>\n\t<meta property=\"og:image:type\" content=\"image\/jpeg\" \/>\n<meta name=\"twitter:card\" content=\"summary_large_image\" \/>\n<meta name=\"twitter:label1\" content=\"Tempo estimado de leitura\" \/>\n\t<meta name=\"twitter:data1\" content=\"5 minutos\" \/>\n<script type=\"application\/ld+json\" class=\"yoast-schema-graph\">{\"@context\":\"https:\/\/schema.org\",\"@graph\":[{\"@type\":\"WebPage\",\"@id\":\"https:\/\/gr-100.com\/pt-pt\/producto\/specialized-s-works-tarmac-sl8-ltd-2025-sram-red-axs-copia\/\",\"url\":\"https:\/\/gr-100.com\/pt-pt\/producto\/specialized-s-works-tarmac-sl8-ltd-2025-sram-red-axs-copia\/\",\"name\":\"Specialized S-Works Tarmac SL8 LTD 2025 - Sram Red AXS\",\"isPartOf\":{\"@id\":\"https:\/\/gr-100.com\/#website\"},\"primaryImageOfPage\":{\"@id\":\"https:\/\/gr-100.com\/pt-pt\/producto\/specialized-s-works-tarmac-sl8-ltd-2025-sram-red-axs-copia\/#primaryimage\"},\"image\":{\"@id\":\"https:\/\/gr-100.com\/pt-pt\/producto\/specialized-s-works-tarmac-sl8-ltd-2025-sram-red-axs-copia\/#primaryimage\"},\"thumbnailUrl\":\"https:\/\/gr-100.com\/wp-content\/uploads\/2025\/07\/S-Works-Tarmac-SL8-LTD-Red-Bull-2025-TdF-LTD.jpg\",\"datePublished\":\"2025-07-02T11:18:38+00:00\",\"dateModified\":\"2025-11-27T13:43:32+00:00\",\"description\":\"Novo Sram Red AXS. A nova Tarmac SL8 LTD 2025 \u00e9 a moto de estrada mais aerodin\u00e2mica alguma vez fabricada.\",\"breadcrumb\":{\"@id\":\"https:\/\/gr-100.com\/pt-pt\/producto\/specialized-s-works-tarmac-sl8-ltd-2025-sram-red-axs-copia\/#breadcrumb\"},\"inLanguage\":\"pt-PT\",\"potentialAction\":[{\"@type\":\"ReadAction\",\"target\":[\"https:\/\/gr-100.com\/pt-pt\/producto\/specialized-s-works-tarmac-sl8-ltd-2025-sram-red-axs-copia\/\"]}]},{\"@type\":\"ImageObject\",\"inLanguage\":\"pt-PT\",\"@id\":\"https:\/\/gr-100.com\/pt-pt\/producto\/specialized-s-works-tarmac-sl8-ltd-2025-sram-red-axs-copia\/#primaryimage\",\"url\":\"https:\/\/gr-100.com\/wp-content\/uploads\/2025\/07\/S-Works-Tarmac-SL8-LTD-Red-Bull-2025-TdF-LTD.jpg\",\"contentUrl\":\"https:\/\/gr-100.com\/wp-content\/uploads\/2025\/07\/S-Works-Tarmac-SL8-LTD-Red-Bull-2025-TdF-LTD.jpg\",\"width\":1000,\"height\":1000},{\"@type\":\"BreadcrumbList\",\"@id\":\"https:\/\/gr-100.com\/pt-pt\/producto\/specialized-s-works-tarmac-sl8-ltd-2025-sram-red-axs-copia\/#breadcrumb\",\"itemListElement\":[{\"@type\":\"ListItem\",\"position\":1,\"name\":\"Portada\",\"item\":\"https:\/\/gr-100.com\/en\/\"},{\"@type\":\"ListItem\",\"position\":2,\"name\":\"Productos\",\"item\":\"https:\/\/gr-100.com\/?post_type=product\"},{\"@type\":\"ListItem\",\"position\":3,\"name\":\"Specialized S-Works Tarmac SL8 LTD 2025 &#8211; Sram Red AXS\"}]},{\"@type\":\"WebSite\",\"@id\":\"https:\/\/gr-100.com\/#website\",\"url\":\"https:\/\/gr-100.com\/\",\"name\":\"Gr-100 Tienda de ciclismo Specialized\",\"description\":\"GR-100 tenemos todas las gamas de bicicletas Specialized al mejor precio.\",\"publisher\":{\"@id\":\"https:\/\/gr-100.com\/#organization\"},\"alternateName\":\"Gr-100 Bikes\",\"potentialAction\":[{\"@type\":\"SearchAction\",\"target\":{\"@type\":\"EntryPoint\",\"urlTemplate\":\"https:\/\/gr-100.com\/?s={search_term_string}\"},\"query-input\":{\"@type\":\"PropertyValueSpecification\",\"valueRequired\":true,\"valueName\":\"search_term_string\"}}],\"inLanguage\":\"pt-PT\"},{\"@type\":\"Organization\",\"@id\":\"https:\/\/gr-100.com\/#organization\",\"name\":\"Gr-100\",\"url\":\"https:\/\/gr-100.com\/\",\"logo\":{\"@type\":\"ImageObject\",\"inLanguage\":\"pt-PT\",\"@id\":\"https:\/\/gr-100.com\/#\/schema\/logo\/image\/\",\"url\":\"https:\/\/gr-100.com\/wp-content\/uploads\/2023\/08\/logo-gr-100-bikes.png\",\"contentUrl\":\"https:\/\/gr-100.com\/wp-content\/uploads\/2023\/08\/logo-gr-100-bikes.png\",\"width\":707,\"height\":284,\"caption\":\"Gr-100\"},\"image\":{\"@id\":\"https:\/\/gr-100.com\/#\/schema\/logo\/image\/\"},\"sameAs\":[\"https:\/\/www.facebook.com\/Gr100Bikes\",\"https:\/\/www.instagram.com\/gr100bikes\/\",\"https:\/\/www.tiktok.com\/@gr100bikes\",\"https:\/\/twitter.com\/gr100mtbteam\",\"https:\/\/www.youtube.com\/c\/GR100Specialized\"]}]}<\/script>\n<!-- \/ Yoast SEO Premium plugin. -->","yoast_head_json":{"title":"Specialized S-Works Tarmac SL8 LTD 2025 - Sram Red AXS","description":"Novo Sram Red AXS. A nova Tarmac SL8 LTD 2025 \u00e9 a moto de estrada mais aerodin\u00e2mica alguma vez fabricada.","robots":{"index":"index","follow":"follow","max-snippet":"max-snippet:-1","max-image-preview":"max-image-preview:large","max-video-preview":"max-video-preview:-1"},"canonical":"https:\/\/gr-100.com\/pt-pt\/producto\/specialized-s-works-tarmac-sl8-ltd-2025-sram-red-axs-copia\/","og_locale":"pt_PT","og_type":"article","og_title":"Specialized S-Works Tarmac SL8 LTD 2025 - Sram Red AXS","og_description":"Novo Sram Red AXS. A nova Tarmac SL8 LTD 2025 \u00e9 a moto de estrada mais aerodin\u00e2mica alguma vez fabricada.","og_url":"https:\/\/gr-100.com\/pt-pt\/producto\/specialized-s-works-tarmac-sl8-ltd-2025-sram-red-axs-copia\/","og_site_name":"Gr-100 Tienda de ciclismo Specialized","article_publisher":"https:\/\/www.facebook.com\/Gr100Bikes","article_modified_time":"2025-11-27T13:43:32+00:00","og_image":[{"width":1000,"height":1000,"url":"https:\/\/gr-100.com\/wp-content\/uploads\/2025\/07\/S-Works-Tarmac-SL8-LTD-Red-Bull-2025-TdF-LTD.jpg","type":"image\/jpeg"}],"twitter_card":"summary_large_image","twitter_misc":{"Tempo estimado de leitura":"5 minutos"},"schema":{"@context":"https:\/\/schema.org","@graph":[{"@type":"WebPage","@id":"https:\/\/gr-100.com\/pt-pt\/producto\/specialized-s-works-tarmac-sl8-ltd-2025-sram-red-axs-copia\/","url":"https:\/\/gr-100.com\/pt-pt\/producto\/specialized-s-works-tarmac-sl8-ltd-2025-sram-red-axs-copia\/","name":"Specialized S-Works Tarmac SL8 LTD 2025 - Sram Red AXS","isPartOf":{"@id":"https:\/\/gr-100.com\/#website"},"primaryImageOfPage":{"@id":"https:\/\/gr-100.com\/pt-pt\/producto\/specialized-s-works-tarmac-sl8-ltd-2025-sram-red-axs-copia\/#primaryimage"},"image":{"@id":"https:\/\/gr-100.com\/pt-pt\/producto\/specialized-s-works-tarmac-sl8-ltd-2025-sram-red-axs-copia\/#primaryimage"},"thumbnailUrl":"https:\/\/gr-100.com\/wp-content\/uploads\/2025\/07\/S-Works-Tarmac-SL8-LTD-Red-Bull-2025-TdF-LTD.jpg","datePublished":"2025-07-02T11:18:38+00:00","dateModified":"2025-11-27T13:43:32+00:00","description":"Novo Sram Red AXS. A nova Tarmac SL8 LTD 2025 \u00e9 a moto de estrada mais aerodin\u00e2mica alguma vez fabricada.","breadcrumb":{"@id":"https:\/\/gr-100.com\/pt-pt\/producto\/specialized-s-works-tarmac-sl8-ltd-2025-sram-red-axs-copia\/#breadcrumb"},"inLanguage":"pt-PT","potentialAction":[{"@type":"ReadAction","target":["https:\/\/gr-100.com\/pt-pt\/producto\/specialized-s-works-tarmac-sl8-ltd-2025-sram-red-axs-copia\/"]}]},{"@type":"ImageObject","inLanguage":"pt-PT","@id":"https:\/\/gr-100.com\/pt-pt\/producto\/specialized-s-works-tarmac-sl8-ltd-2025-sram-red-axs-copia\/#primaryimage","url":"https:\/\/gr-100.com\/wp-content\/uploads\/2025\/07\/S-Works-Tarmac-SL8-LTD-Red-Bull-2025-TdF-LTD.jpg","contentUrl":"https:\/\/gr-100.com\/wp-content\/uploads\/2025\/07\/S-Works-Tarmac-SL8-LTD-Red-Bull-2025-TdF-LTD.jpg","width":1000,"height":1000},{"@type":"BreadcrumbList","@id":"https:\/\/gr-100.com\/pt-pt\/producto\/specialized-s-works-tarmac-sl8-ltd-2025-sram-red-axs-copia\/#breadcrumb","itemListElement":[{"@type":"ListItem","position":1,"name":"Portada","item":"https:\/\/gr-100.com\/en\/"},{"@type":"ListItem","position":2,"name":"Productos","item":"https:\/\/gr-100.com\/?post_type=product"},{"@type":"ListItem","position":3,"name":"Specialized S-Works Tarmac SL8 LTD 2025 &#8211; Sram Red AXS"}]},{"@type":"WebSite","@id":"https:\/\/gr-100.com\/#website","url":"https:\/\/gr-100.com\/","name":"Gr-100 Tienda de ciclismo Specialized","description":"GR-100 tenemos todas las gamas de bicicletas Specialized al mejor precio.","publisher":{"@id":"https:\/\/gr-100.com\/#organization"},"alternateName":"Gr-100 Bikes","potentialAction":[{"@type":"SearchAction","target":{"@type":"EntryPoint","urlTemplate":"https:\/\/gr-100.com\/?s={search_term_string}"},"query-input":{"@type":"PropertyValueSpecification","valueRequired":true,"valueName":"search_term_string"}}],"inLanguage":"pt-PT"},{"@type":"Organization","@id":"https:\/\/gr-100.com\/#organization","name":"Gr-100","url":"https:\/\/gr-100.com\/","logo":{"@type":"ImageObject","inLanguage":"pt-PT","@id":"https:\/\/gr-100.com\/#\/schema\/logo\/image\/","url":"https:\/\/gr-100.com\/wp-content\/uploads\/2023\/08\/logo-gr-100-bikes.png","contentUrl":"https:\/\/gr-100.com\/wp-content\/uploads\/2023\/08\/logo-gr-100-bikes.png","width":707,"height":284,"caption":"Gr-100"},"image":{"@id":"https:\/\/gr-100.com\/#\/schema\/logo\/image\/"},"sameAs":["https:\/\/www.facebook.com\/Gr100Bikes","https:\/\/www.instagram.com\/gr100bikes\/","https:\/\/www.tiktok.com\/@gr100bikes","https:\/\/twitter.com\/gr100mtbteam","https:\/\/www.youtube.com\/c\/GR100Specialized"]}]}},"_links":{"self":[{"href":"https:\/\/gr-100.com\/pt-pt\/wp-json\/wp\/v2\/product\/411228","targetHints":{"allow":["GET"]}}],"collection":[{"href":"https:\/\/gr-100.com\/pt-pt\/wp-json\/wp\/v2\/product"}],"about":[{"href":"https:\/\/gr-100.com\/pt-pt\/wp-json\/wp\/v2\/types\/product"}],"replies":[{"embeddable":true,"href":"https:\/\/gr-100.com\/pt-pt\/wp-json\/wp\/v2\/comments?post=411228"}],"wp:featuredmedia":[{"embeddable":true,"href":"https:\/\/gr-100.com\/pt-pt\/wp-json\/wp\/v2\/media\/411276"}],"wp:attachment":[{"href":"https:\/\/gr-100.com\/pt-pt\/wp-json\/wp\/v2\/media?parent=411228"}],"wp:term":[{"taxonomy":"product_brand","embeddable":true,"href":"https:\/\/gr-100.com\/pt-pt\/wp-json\/wp\/v2\/product_brand?post=411228"},{"taxonomy":"product_cat","embeddable":true,"href":"https:\/\/gr-100.com\/pt-pt\/wp-json\/wp\/v2\/product_cat?post=411228"},{"taxonomy":"product_tag","embeddable":true,"href":"https:\/\/gr-100.com\/pt-pt\/wp-json\/wp\/v2\/product_tag?post=411228"}],"curies":[{"name":"wp","href":"https:\/\/api.w.org\/{rel}","templated":true}]}}