{"id":411776,"date":"2025-07-08T12:57:39","date_gmt":"2025-07-08T10:57:39","guid":{"rendered":"https:\/\/gr-100.com\/?post_type=product&#038;p=411776"},"modified":"2026-03-06T18:58:42","modified_gmt":"2026-03-06T17:58:42","slug":"ruedas-zipp-303-xplr-sw-center-lock-tubeless","status":"publish","type":"product","link":"https:\/\/gr-100.com\/pt-pt\/producto\/ruedas-zipp-303-xplr-sw-center-lock-tubeless\/","title":{"rendered":"Ruedas Zipp 303 XPLR SW Center Lock Tubeless"},"content":{"rendered":"<p>La llanta 303 NSW incorpora un sensor de rueda Zipp AXS para controlar con precisi\u00f3n la presi\u00f3n de los neum\u00e1ticos durante el uso. Te permite controlar y analizar la presi\u00f3n de los neum\u00e1ticos en tiempo real, sin necesidad de montar un dispositivo externo en la v\u00e1lvula. Ajustar la presi\u00f3n de los neum\u00e1ticos permite a los ciclistas optimizar la velocidad y el rendimiento en un entorno que cambia constantemente. Antes de salir, comprueba la presi\u00f3n de forma instant\u00e1nea; la luz verde indica que ya est\u00e1s preparado. Mientras pedaleas, controla la presi\u00f3n para ajustar tu configuraci\u00f3n ideal y detectar problemas a tiempo.<\/p>\n<p>El dise\u00f1o de la llanta de 40 mm de perfil de la 303 SW se inspira en la 303 XPLR espec\u00edfica para gravel, con un dise\u00f1o de llanta ancha para ofrecer una alta eficiencia aerodin\u00e1mica y una baja resistencia a la rodadura cuando utilizas neum\u00e1ticos anchos a baja presi\u00f3n. El perfil de la llanta presenta muy poca resistencia y una transici\u00f3n mejorada entre la llanta y el neum\u00e1tico, optimizando, as\u00ed, la eficiencia aerodin\u00e1mica con neum\u00e1ticos m\u00e1s anchos. El ancho de la llanta tambi\u00e9n presenta una menor deformaci\u00f3n del neum\u00e1tico, reduciendo as\u00ed la resistencia a la rodadura. La combinaci\u00f3n de una cubierta m\u00e1s ancha con un mayor volumen, unida a una presi\u00f3n m\u00e1s baja contribuye a reducir la fatiga del ciclista porque suaviza las imperfecciones del pavimento y la carretera; el sistema de neum\u00e1tico y rueda absorbe el traqueteo. La nueva disposici\u00f3n y el nuevo dise\u00f1o de capas de carbono de la 303 SW han supuesto una mejora de casi el 10 por ciento en la resistencia al impacto con un peso muy ligero.<\/p>\n<p>La 303 SW est\u00e1 optimizada para neum\u00e1ticos de 30 a 35 mm de ancho. Las llantas 303 SW presentan una forma refinada que protege el neum\u00e1tico en caso de impacto que, de otro modo, provocar\u00eda un pinchazo. En el centro tenemos el juego de bujes ZR1, que ahora incorpora rodamientos de acero inoxidable para mejorar la resistencia y ofrecer m\u00e1s absorci\u00f3n vertical.<\/p>\n<p><b>Caracter\u00edsticas:<\/b><\/p>\n<ul>\n<li>Juego de ruedas para ciclismo de carretera y sobre distintos tipos de superficies.<\/li>\n<li>Primera rueda SRAM AXS integrada y conectada con sensor de rueda Zipp AXS y posibilidad de utilizar el sensor con c\u00e1mara compatible.<\/li>\n<li>Bujes ZR1 con rodamientos de acero inoxidable.<\/li>\n<li>TSE para una mayor eficiencia y una resistencia a la rodadura reducida.<\/li>\n<li>Optimizada para neum\u00e1ticos de 30 a 35 mm<\/li>\n<li>Interfaz de disco center lock.. Con las ruedas se incluye el lockring.<\/li>\n<li>N\u00facleos XDR o SRAM\/Shimano.<\/li>\n<li>El n\u00facleo Campagnolo se vende por separado.<\/li>\n<li>Garant\u00eda de por vida.<\/li>\n<\/ul>\n<p><strong>Especificaciones:<\/strong><\/p>\n<ul>\n<li>Longitud de los radios (DS): 272 mm, 274 mm<\/li>\n<li>Longitud de los radios (NDS): 276 mm<\/li>\n<li>Ancho exterior m\u00e1ximo: n\/d<\/li>\n<li>Peso (g): 1440<\/li>\n<\/ul>\n<p>&nbsp;<\/p>\n<p>00.1918.738.001\u00a0 \u00a0 00.1918.737.000<\/p>\n","protected":false},"excerpt":{"rendered":"<p><strong>Las ruedas Zipp 303 SW Center-Lock Tubeless Ready es la elecci\u00f3n ideal para ciclistas que buscan velocidad y versatilidad. Su dise\u00f1o aerodin\u00e1mico y control de presi\u00f3n en tiempo real optimizan cada recorrido, ya sea en carretera o gravel.<\/strong><\/p>\n","protected":false},"featured_media":411926,"comment_status":"open","ping_status":"closed","template":"","meta":{"_acf_changed":false,"_et_pb_use_builder":"","_et_pb_old_content":"","_et_gb_content_width":"","inline_featured_image":false},"product_brand":[],"product_cat":[25,55,2409],"product_tag":[],"class_list":{"0":"post-411776","1":"product","2":"type-product","3":"status-publish","4":"has-post-thumbnail","6":"product_cat-componentes","7":"product_cat-ruedas","8":"product_cat-ofertas-specialized","10":"first","11":"instock","12":"sale","13":"taxable","14":"shipping-taxable","15":"purchasable","16":"product-type-simple"},"acf":[],"yoast_head":"<!-- This site is optimized with the Yoast SEO Premium plugin v26.7 (Yoast SEO v26.7) - https:\/\/yoast.com\/wordpress\/plugins\/seo\/ -->\n<title>Ruedas Zipp 303 XPLR SW Center Lock Tubeless GR-100 Rueda Delantera Zipp 303 SW Center Lock Tubeless Ready<\/title>\n<meta name=\"description\" content=\"Para ciclistas que buscan velocidad y versatilidad. Dise\u00f1o aerodin\u00e1mico y control de presi\u00f3n en tiempo real optimizan cada recorrido, carretera o gravel.\" \/>\n<meta name=\"robots\" content=\"index, follow, max-snippet:-1, max-image-preview:large, max-video-preview:-1\" \/>\n<link rel=\"canonical\" href=\"https:\/\/gr-100.com\/producto\/ruedas-zipp-303-xplr-sw-center-lock-tubeless\/\" \/>\n<meta property=\"og:locale\" content=\"pt_PT\" \/>\n<meta property=\"og:type\" content=\"article\" \/>\n<meta property=\"og:title\" content=\"Ruedas Zipp 303 XPLR SW Center Lock Tubeless\" \/>\n<meta property=\"og:description\" content=\"Para ciclistas que buscan velocidad y versatilidad. Dise\u00f1o aerodin\u00e1mico y control de presi\u00f3n en tiempo real optimizan cada recorrido, carretera o gravel.\" \/>\n<meta property=\"og:url\" content=\"https:\/\/gr-100.com\/producto\/ruedas-zipp-303-xplr-sw-center-lock-tubeless\/\" \/>\n<meta property=\"og:site_name\" content=\"Gr-100 Tienda de ciclismo Specialized\" \/>\n<meta property=\"article:publisher\" content=\"https:\/\/www.facebook.com\/Gr100Bikes\" \/>\n<meta property=\"article:modified_time\" content=\"2026-03-06T17:58:42+00:00\" \/>\n<meta property=\"og:image\" content=\"https:\/\/gr-100.com\/wp-content\/uploads\/2025\/07\/wh-303-xpsw.jpg\" \/>\n\t<meta property=\"og:image:width\" content=\"800\" \/>\n\t<meta property=\"og:image:height\" content=\"800\" \/>\n\t<meta property=\"og:image:type\" content=\"image\/jpeg\" \/>\n<meta name=\"twitter:card\" content=\"summary_large_image\" \/>\n<meta name=\"twitter:label1\" content=\"Tempo estimado de leitura\" \/>\n\t<meta name=\"twitter:data1\" content=\"3 minutos\" \/>\n<script type=\"application\/ld+json\" class=\"yoast-schema-graph\">{\"@context\":\"https:\/\/schema.org\",\"@graph\":[{\"@type\":\"WebPage\",\"@id\":\"https:\/\/gr-100.com\/producto\/ruedas-zipp-303-xplr-sw-center-lock-tubeless\/\",\"url\":\"https:\/\/gr-100.com\/producto\/ruedas-zipp-303-xplr-sw-center-lock-tubeless\/\",\"name\":\"Ruedas Zipp 303 XPLR SW Center Lock Tubeless GR-100 Rueda Delantera Zipp 303 SW Center Lock Tubeless Ready\",\"isPartOf\":{\"@id\":\"https:\/\/gr-100.com\/#website\"},\"primaryImageOfPage\":{\"@id\":\"https:\/\/gr-100.com\/producto\/ruedas-zipp-303-xplr-sw-center-lock-tubeless\/#primaryimage\"},\"image\":{\"@id\":\"https:\/\/gr-100.com\/producto\/ruedas-zipp-303-xplr-sw-center-lock-tubeless\/#primaryimage\"},\"thumbnailUrl\":\"https:\/\/gr-100.com\/wp-content\/uploads\/2025\/07\/wh-303-xpsw.jpg\",\"datePublished\":\"2025-07-08T10:57:39+00:00\",\"dateModified\":\"2026-03-06T17:58:42+00:00\",\"description\":\"Para ciclistas que buscan velocidad y versatilidad. Dise\u00f1o aerodin\u00e1mico y control de presi\u00f3n en tiempo real optimizan cada recorrido, carretera o gravel.\",\"breadcrumb\":{\"@id\":\"https:\/\/gr-100.com\/producto\/ruedas-zipp-303-xplr-sw-center-lock-tubeless\/#breadcrumb\"},\"inLanguage\":\"pt-PT\",\"potentialAction\":[{\"@type\":\"ReadAction\",\"target\":[\"https:\/\/gr-100.com\/producto\/ruedas-zipp-303-xplr-sw-center-lock-tubeless\/\"]}]},{\"@type\":\"ImageObject\",\"inLanguage\":\"pt-PT\",\"@id\":\"https:\/\/gr-100.com\/producto\/ruedas-zipp-303-xplr-sw-center-lock-tubeless\/#primaryimage\",\"url\":\"https:\/\/gr-100.com\/wp-content\/uploads\/2025\/07\/wh-303-xpsw.jpg\",\"contentUrl\":\"https:\/\/gr-100.com\/wp-content\/uploads\/2025\/07\/wh-303-xpsw.jpg\",\"width\":800,\"height\":800},{\"@type\":\"BreadcrumbList\",\"@id\":\"https:\/\/gr-100.com\/producto\/ruedas-zipp-303-xplr-sw-center-lock-tubeless\/#breadcrumb\",\"itemListElement\":[{\"@type\":\"ListItem\",\"position\":1,\"name\":\"Portada\",\"item\":\"https:\/\/gr-100.com\/en\/\"},{\"@type\":\"ListItem\",\"position\":2,\"name\":\"Productos\",\"item\":\"https:\/\/gr-100.com\/?post_type=product\"},{\"@type\":\"ListItem\",\"position\":3,\"name\":\"Ruedas Zipp 303 XPLR SW Center Lock Tubeless\"}]},{\"@type\":\"WebSite\",\"@id\":\"https:\/\/gr-100.com\/#website\",\"url\":\"https:\/\/gr-100.com\/\",\"name\":\"Gr-100 Tienda de ciclismo Specialized\",\"description\":\"GR-100 tenemos todas las gamas de bicicletas Specialized al mejor precio.\",\"publisher\":{\"@id\":\"https:\/\/gr-100.com\/#organization\"},\"alternateName\":\"Gr-100 Bikes\",\"potentialAction\":[{\"@type\":\"SearchAction\",\"target\":{\"@type\":\"EntryPoint\",\"urlTemplate\":\"https:\/\/gr-100.com\/?s={search_term_string}\"},\"query-input\":{\"@type\":\"PropertyValueSpecification\",\"valueRequired\":true,\"valueName\":\"search_term_string\"}}],\"inLanguage\":\"pt-PT\"},{\"@type\":\"Organization\",\"@id\":\"https:\/\/gr-100.com\/#organization\",\"name\":\"Gr-100\",\"url\":\"https:\/\/gr-100.com\/\",\"logo\":{\"@type\":\"ImageObject\",\"inLanguage\":\"pt-PT\",\"@id\":\"https:\/\/gr-100.com\/#\/schema\/logo\/image\/\",\"url\":\"https:\/\/gr-100.com\/wp-content\/uploads\/2023\/08\/logo-gr-100-bikes.png\",\"contentUrl\":\"https:\/\/gr-100.com\/wp-content\/uploads\/2023\/08\/logo-gr-100-bikes.png\",\"width\":707,\"height\":284,\"caption\":\"Gr-100\"},\"image\":{\"@id\":\"https:\/\/gr-100.com\/#\/schema\/logo\/image\/\"},\"sameAs\":[\"https:\/\/www.facebook.com\/Gr100Bikes\",\"https:\/\/www.instagram.com\/gr100bikes\/\",\"https:\/\/www.tiktok.com\/@gr100bikes\",\"https:\/\/twitter.com\/gr100mtbteam\",\"https:\/\/www.youtube.com\/c\/GR100Specialized\"]}]}<\/script>\n<!-- \/ Yoast SEO Premium plugin. -->","yoast_head_json":{"title":"Ruedas Zipp 303 XPLR SW Center Lock Tubeless GR-100 Rueda Delantera Zipp 303 SW Center Lock Tubeless Ready","description":"Para ciclistas que buscan velocidad y versatilidad. Dise\u00f1o aerodin\u00e1mico y control de presi\u00f3n en tiempo real optimizan cada recorrido, carretera o gravel.","robots":{"index":"index","follow":"follow","max-snippet":"max-snippet:-1","max-image-preview":"max-image-preview:large","max-video-preview":"max-video-preview:-1"},"canonical":"https:\/\/gr-100.com\/producto\/ruedas-zipp-303-xplr-sw-center-lock-tubeless\/","og_locale":"pt_PT","og_type":"article","og_title":"Ruedas Zipp 303 XPLR SW Center Lock Tubeless","og_description":"Para ciclistas que buscan velocidad y versatilidad. Dise\u00f1o aerodin\u00e1mico y control de presi\u00f3n en tiempo real optimizan cada recorrido, carretera o gravel.","og_url":"https:\/\/gr-100.com\/producto\/ruedas-zipp-303-xplr-sw-center-lock-tubeless\/","og_site_name":"Gr-100 Tienda de ciclismo Specialized","article_publisher":"https:\/\/www.facebook.com\/Gr100Bikes","article_modified_time":"2026-03-06T17:58:42+00:00","og_image":[{"width":800,"height":800,"url":"https:\/\/gr-100.com\/wp-content\/uploads\/2025\/07\/wh-303-xpsw.jpg","type":"image\/jpeg"}],"twitter_card":"summary_large_image","twitter_misc":{"Tempo estimado de leitura":"3 minutos"},"schema":{"@context":"https:\/\/schema.org","@graph":[{"@type":"WebPage","@id":"https:\/\/gr-100.com\/producto\/ruedas-zipp-303-xplr-sw-center-lock-tubeless\/","url":"https:\/\/gr-100.com\/producto\/ruedas-zipp-303-xplr-sw-center-lock-tubeless\/","name":"Ruedas Zipp 303 XPLR SW Center Lock Tubeless GR-100 Rueda Delantera Zipp 303 SW Center Lock Tubeless Ready","isPartOf":{"@id":"https:\/\/gr-100.com\/#website"},"primaryImageOfPage":{"@id":"https:\/\/gr-100.com\/producto\/ruedas-zipp-303-xplr-sw-center-lock-tubeless\/#primaryimage"},"image":{"@id":"https:\/\/gr-100.com\/producto\/ruedas-zipp-303-xplr-sw-center-lock-tubeless\/#primaryimage"},"thumbnailUrl":"https:\/\/gr-100.com\/wp-content\/uploads\/2025\/07\/wh-303-xpsw.jpg","datePublished":"2025-07-08T10:57:39+00:00","dateModified":"2026-03-06T17:58:42+00:00","description":"Para ciclistas que buscan velocidad y versatilidad. Dise\u00f1o aerodin\u00e1mico y control de presi\u00f3n en tiempo real optimizan cada recorrido, carretera o gravel.","breadcrumb":{"@id":"https:\/\/gr-100.com\/producto\/ruedas-zipp-303-xplr-sw-center-lock-tubeless\/#breadcrumb"},"inLanguage":"pt-PT","potentialAction":[{"@type":"ReadAction","target":["https:\/\/gr-100.com\/producto\/ruedas-zipp-303-xplr-sw-center-lock-tubeless\/"]}]},{"@type":"ImageObject","inLanguage":"pt-PT","@id":"https:\/\/gr-100.com\/producto\/ruedas-zipp-303-xplr-sw-center-lock-tubeless\/#primaryimage","url":"https:\/\/gr-100.com\/wp-content\/uploads\/2025\/07\/wh-303-xpsw.jpg","contentUrl":"https:\/\/gr-100.com\/wp-content\/uploads\/2025\/07\/wh-303-xpsw.jpg","width":800,"height":800},{"@type":"BreadcrumbList","@id":"https:\/\/gr-100.com\/producto\/ruedas-zipp-303-xplr-sw-center-lock-tubeless\/#breadcrumb","itemListElement":[{"@type":"ListItem","position":1,"name":"Portada","item":"https:\/\/gr-100.com\/en\/"},{"@type":"ListItem","position":2,"name":"Productos","item":"https:\/\/gr-100.com\/?post_type=product"},{"@type":"ListItem","position":3,"name":"Ruedas Zipp 303 XPLR SW Center Lock Tubeless"}]},{"@type":"WebSite","@id":"https:\/\/gr-100.com\/#website","url":"https:\/\/gr-100.com\/","name":"Gr-100 Tienda de ciclismo Specialized","description":"GR-100 tenemos todas las gamas de bicicletas Specialized al mejor precio.","publisher":{"@id":"https:\/\/gr-100.com\/#organization"},"alternateName":"Gr-100 Bikes","potentialAction":[{"@type":"SearchAction","target":{"@type":"EntryPoint","urlTemplate":"https:\/\/gr-100.com\/?s={search_term_string}"},"query-input":{"@type":"PropertyValueSpecification","valueRequired":true,"valueName":"search_term_string"}}],"inLanguage":"pt-PT"},{"@type":"Organization","@id":"https:\/\/gr-100.com\/#organization","name":"Gr-100","url":"https:\/\/gr-100.com\/","logo":{"@type":"ImageObject","inLanguage":"pt-PT","@id":"https:\/\/gr-100.com\/#\/schema\/logo\/image\/","url":"https:\/\/gr-100.com\/wp-content\/uploads\/2023\/08\/logo-gr-100-bikes.png","contentUrl":"https:\/\/gr-100.com\/wp-content\/uploads\/2023\/08\/logo-gr-100-bikes.png","width":707,"height":284,"caption":"Gr-100"},"image":{"@id":"https:\/\/gr-100.com\/#\/schema\/logo\/image\/"},"sameAs":["https:\/\/www.facebook.com\/Gr100Bikes","https:\/\/www.instagram.com\/gr100bikes\/","https:\/\/www.tiktok.com\/@gr100bikes","https:\/\/twitter.com\/gr100mtbteam","https:\/\/www.youtube.com\/c\/GR100Specialized"]}]}},"_links":{"self":[{"href":"https:\/\/gr-100.com\/pt-pt\/wp-json\/wp\/v2\/product\/411776","targetHints":{"allow":["GET"]}}],"collection":[{"href":"https:\/\/gr-100.com\/pt-pt\/wp-json\/wp\/v2\/product"}],"about":[{"href":"https:\/\/gr-100.com\/pt-pt\/wp-json\/wp\/v2\/types\/product"}],"replies":[{"embeddable":true,"href":"https:\/\/gr-100.com\/pt-pt\/wp-json\/wp\/v2\/comments?post=411776"}],"wp:featuredmedia":[{"embeddable":true,"href":"https:\/\/gr-100.com\/pt-pt\/wp-json\/wp\/v2\/media\/411926"}],"wp:attachment":[{"href":"https:\/\/gr-100.com\/pt-pt\/wp-json\/wp\/v2\/media?parent=411776"}],"wp:term":[{"taxonomy":"product_brand","embeddable":true,"href":"https:\/\/gr-100.com\/pt-pt\/wp-json\/wp\/v2\/product_brand?post=411776"},{"taxonomy":"product_cat","embeddable":true,"href":"https:\/\/gr-100.com\/pt-pt\/wp-json\/wp\/v2\/product_cat?post=411776"},{"taxonomy":"product_tag","embeddable":true,"href":"https:\/\/gr-100.com\/pt-pt\/wp-json\/wp\/v2\/product_tag?post=411776"}],"curies":[{"name":"wp","href":"https:\/\/api.w.org\/{rel}","templated":true}]}}