{"id":413331,"date":"2025-08-14T10:39:26","date_gmt":"2025-08-14T09:39:26","guid":{"rendered":"https:\/\/gr-100.com\/?post_type=product&#038;p=413331"},"modified":"2026-01-02T14:25:27","modified_gmt":"2026-01-02T12:25:27","slug":"megamo-track-megamo-ltd-2024-megamo-guiador-integrado-opcao-carbono-copia","status":"publish","type":"product","link":"https:\/\/gr-100.com\/pt-pt\/producto\/megamo-track-megamo-ltd-2024-megamo-guiador-integrado-opcao-carbono-copia\/","title":{"rendered":"Pano de treino Megamo &#8211; Megamo 2025"},"content":{"rendered":"<ul>\n<li>Quadro<br \/>\nTrack Full Carbon Construction FSC Technology BB92 Carbon Swingarm Boost 12x148mm SuperLight version<\/li>\n<li>Forquilha<br \/>\nFOX 34 Performance, 120mm de curso, Step-Cast, Grip, 3 posi\u00e7\u00f5es, eixo QR 15&#215;110, 1.5 Tapered, 44mm offset<\/li>\n<li>Amortecedor<br \/>\nFOX Float SL Performance, 190x45mm, Evol SV + Remote Up<\/li>\n<li>\nFone de ouvido integrado transmiss\u00e3o<strong>de roteamento<\/strong><br \/>\n de cabo interno completo<\/li>\n<li>Desviador traseiro<br \/>\nShimano XT M8100, Shadow Plus 12-Speed<\/li>\n<li>Coroa<br \/>\nCoroa Shimano XT M8120 32T 12 velocidades, pedaleira tamanho S 170mm \/ M, L, XL 175mm<\/li>\n<li>Cassete<br \/>\nShimano Deore M6100, 10-51T<br \/>\n Trav\u00f5es<\/li>\n<li>Conjunto de trav\u00f5es<br \/>\nShimano MT500 Hydraulic Disc 2-Piston SM-RT26 180\/160mm<br \/>\n<strong>Wheels<\/strong><\/li>\n<li>Pneus<br \/>\nPirelli Scorpion XC H Prowall 29 x 2.4<\/li>\n<li>Cubos<br \/>\nMegamo Hubs, eixo dianteiro 15 x 110 mm, eixo traseiro 12 x 148 mm BOOST<\/li>\n<li>Rodas<br \/>\nMegamo 29 SL 27 ASY &#8211; Race, 27mm Tubeless ready Aro de alum\u00ednio<br \/>\n<strong>Componentes<\/strong><\/li>\n<li>Guiador<br \/>\nGuiador de carbono totalmente integrado \/ S, M tamanho 60x760mm \/ L, XL tamanho 80x760mm<\/li>\n<li>Espig\u00e3o do selim<br \/>\nMegamo \u00d8 31,6 mm espig\u00e3o do selim telesc\u00f3pico, ajuste remoto Tamanho S 80 mm de queda \/ M, L 100 mm de queda \/ XL 120 mm de queda<\/li>\n<li>Sela<br \/>\n Selle Italia Modelo X Superflow<\/li>\n<\/ul>\n","protected":false},"excerpt":{"rendered":"<p>&#8211; Quadro Track Full Carbon Construction FSC Technology BB92 Carbon Swingarm Boost 12x148mm<br \/>\n&#8211; FOX Fox 34 120mm StepCast Performance<br \/>\n&#8211; Amortecedor Fox DPS Performance Elite, 120mm Travel 190&#215;45, 3 posi\u00e7\u00f5es com controlo remoto<br \/>\n&#8211; Trem de for\u00e7a XT Combo de 12 velocidades<br \/>\n&#8211; Jantes Megamo SL 27 ASY Race<br \/>\n&#8211; Trav\u00f5es de disco hidr\u00e1ulicos Shimano MT500<br \/>\n&#8211; Espig\u00e3o de selim telesc\u00f3pico 31,6 com controlo remoto para passagem de cabos internos<br \/>\n&#8211; Cor BUFF-MEGAMO EDITION<\/p>\n","protected":false},"featured_media":413414,"comment_status":"closed","ping_status":"closed","template":"","meta":{"_acf_changed":false,"_et_pb_use_builder":"","_et_pb_old_content":"","_et_gb_content_width":"","inline_featured_image":false},"product_brand":[],"product_cat":[2459,402,2696],"product_tag":[],"class_list":{"0":"post-413331","1":"product","2":"type-product","3":"status-publish","4":"has-post-thumbnail","6":"product_cat-bicicletas-pt-pt-2","7":"product_cat-montanha","8":"product_cat-ofertas-especializadas","9":"product_shipping_class-bicicletas-pt-pt","11":"first","12":"outofstock","13":"taxable","14":"shipping-taxable","15":"purchasable","16":"product-type-variable","17":"wvs-archive-product-wrapper"},"acf":[],"yoast_head":"<!-- This site is optimized with the Yoast SEO Premium plugin v26.7 (Yoast SEO v26.7) - https:\/\/yoast.com\/wordpress\/plugins\/seo\/ -->\n<title>Pano de treino Megamo - Megamo 2025 Oferta<\/title>\n<meta name=\"description\" content=\"Forqueta Fox 34 120mm StepCast Performance. Fox DPS Performance Elite Shimano XT 12 velocidades. Rodas Megamo SL 27 ASY Race. Correio conta-gotas\" \/>\n<meta name=\"robots\" content=\"index, follow, max-snippet:-1, max-image-preview:large, max-video-preview:-1\" \/>\n<link rel=\"canonical\" href=\"https:\/\/gr-100.com\/pt-pt\/producto\/megamo-track-megamo-ltd-2024-megamo-guiador-integrado-opcao-carbono-copia\/\" \/>\n<meta property=\"og:locale\" content=\"pt_PT\" \/>\n<meta property=\"og:type\" content=\"article\" \/>\n<meta property=\"og:title\" content=\"Pano de treino Megamo - Megamo 2025\" \/>\n<meta property=\"og:description\" content=\"Forqueta Fox 34 120mm StepCast Performance. Fox DPS Performance Elite Shimano XT 12 velocidades. Rodas Megamo SL 27 ASY Race. Correio conta-gotas\" \/>\n<meta property=\"og:url\" content=\"https:\/\/gr-100.com\/pt-pt\/producto\/megamo-track-megamo-ltd-2024-megamo-guiador-integrado-opcao-carbono-copia\/\" \/>\n<meta property=\"og:site_name\" content=\"Gr-100 Tienda de ciclismo Specialized\" \/>\n<meta property=\"article:publisher\" content=\"https:\/\/www.facebook.com\/Gr100Bikes\" \/>\n<meta property=\"article:modified_time\" content=\"2026-01-02T12:25:27+00:00\" \/>\n<meta property=\"og:image\" content=\"https:\/\/gr-100.com\/wp-content\/uploads\/2025\/08\/megamo_track_buff_2025.jpg\" \/>\n\t<meta property=\"og:image:width\" content=\"1000\" \/>\n\t<meta property=\"og:image:height\" content=\"1000\" \/>\n\t<meta property=\"og:image:type\" content=\"image\/jpeg\" \/>\n<meta name=\"twitter:card\" content=\"summary_large_image\" \/>\n<meta name=\"twitter:label1\" content=\"Tempo estimado de leitura\" \/>\n\t<meta name=\"twitter:data1\" content=\"2 minutos\" \/>\n<script type=\"application\/ld+json\" class=\"yoast-schema-graph\">{\"@context\":\"https:\/\/schema.org\",\"@graph\":[{\"@type\":\"WebPage\",\"@id\":\"https:\/\/gr-100.com\/pt-pt\/producto\/megamo-track-megamo-ltd-2024-megamo-guiador-integrado-opcao-carbono-copia\/\",\"url\":\"https:\/\/gr-100.com\/pt-pt\/producto\/megamo-track-megamo-ltd-2024-megamo-guiador-integrado-opcao-carbono-copia\/\",\"name\":\"Pano de treino Megamo - Megamo 2025 Oferta\",\"isPartOf\":{\"@id\":\"https:\/\/gr-100.com\/#website\"},\"primaryImageOfPage\":{\"@id\":\"https:\/\/gr-100.com\/pt-pt\/producto\/megamo-track-megamo-ltd-2024-megamo-guiador-integrado-opcao-carbono-copia\/#primaryimage\"},\"image\":{\"@id\":\"https:\/\/gr-100.com\/pt-pt\/producto\/megamo-track-megamo-ltd-2024-megamo-guiador-integrado-opcao-carbono-copia\/#primaryimage\"},\"thumbnailUrl\":\"https:\/\/gr-100.com\/wp-content\/uploads\/2025\/08\/megamo_track_buff_2025.jpg\",\"datePublished\":\"2025-08-14T09:39:26+00:00\",\"dateModified\":\"2026-01-02T12:25:27+00:00\",\"description\":\"Forqueta Fox 34 120mm StepCast Performance. Fox DPS Performance Elite Shimano XT 12 velocidades. Rodas Megamo SL 27 ASY Race. Correio conta-gotas\",\"breadcrumb\":{\"@id\":\"https:\/\/gr-100.com\/pt-pt\/producto\/megamo-track-megamo-ltd-2024-megamo-guiador-integrado-opcao-carbono-copia\/#breadcrumb\"},\"inLanguage\":\"pt-PT\",\"potentialAction\":[{\"@type\":\"ReadAction\",\"target\":[\"https:\/\/gr-100.com\/pt-pt\/producto\/megamo-track-megamo-ltd-2024-megamo-guiador-integrado-opcao-carbono-copia\/\"]}]},{\"@type\":\"ImageObject\",\"inLanguage\":\"pt-PT\",\"@id\":\"https:\/\/gr-100.com\/pt-pt\/producto\/megamo-track-megamo-ltd-2024-megamo-guiador-integrado-opcao-carbono-copia\/#primaryimage\",\"url\":\"https:\/\/gr-100.com\/wp-content\/uploads\/2025\/08\/megamo_track_buff_2025.jpg\",\"contentUrl\":\"https:\/\/gr-100.com\/wp-content\/uploads\/2025\/08\/megamo_track_buff_2025.jpg\",\"width\":1000,\"height\":1000},{\"@type\":\"BreadcrumbList\",\"@id\":\"https:\/\/gr-100.com\/pt-pt\/producto\/megamo-track-megamo-ltd-2024-megamo-guiador-integrado-opcao-carbono-copia\/#breadcrumb\",\"itemListElement\":[{\"@type\":\"ListItem\",\"position\":1,\"name\":\"Portada\",\"item\":\"https:\/\/gr-100.com\/en\/\"},{\"@type\":\"ListItem\",\"position\":2,\"name\":\"Productos\",\"item\":\"https:\/\/gr-100.com\/?post_type=product\"},{\"@type\":\"ListItem\",\"position\":3,\"name\":\"Pano de treino Megamo &#8211; Megamo 2025\"}]},{\"@type\":\"WebSite\",\"@id\":\"https:\/\/gr-100.com\/#website\",\"url\":\"https:\/\/gr-100.com\/\",\"name\":\"Gr-100 Tienda de ciclismo Specialized\",\"description\":\"GR-100 tenemos todas las gamas de bicicletas Specialized al mejor precio.\",\"publisher\":{\"@id\":\"https:\/\/gr-100.com\/#organization\"},\"alternateName\":\"Gr-100 Bikes\",\"potentialAction\":[{\"@type\":\"SearchAction\",\"target\":{\"@type\":\"EntryPoint\",\"urlTemplate\":\"https:\/\/gr-100.com\/?s={search_term_string}\"},\"query-input\":{\"@type\":\"PropertyValueSpecification\",\"valueRequired\":true,\"valueName\":\"search_term_string\"}}],\"inLanguage\":\"pt-PT\"},{\"@type\":\"Organization\",\"@id\":\"https:\/\/gr-100.com\/#organization\",\"name\":\"Gr-100\",\"url\":\"https:\/\/gr-100.com\/\",\"logo\":{\"@type\":\"ImageObject\",\"inLanguage\":\"pt-PT\",\"@id\":\"https:\/\/gr-100.com\/#\/schema\/logo\/image\/\",\"url\":\"https:\/\/gr-100.com\/wp-content\/uploads\/2023\/08\/logo-gr-100-bikes.png\",\"contentUrl\":\"https:\/\/gr-100.com\/wp-content\/uploads\/2023\/08\/logo-gr-100-bikes.png\",\"width\":707,\"height\":284,\"caption\":\"Gr-100\"},\"image\":{\"@id\":\"https:\/\/gr-100.com\/#\/schema\/logo\/image\/\"},\"sameAs\":[\"https:\/\/www.facebook.com\/Gr100Bikes\",\"https:\/\/www.instagram.com\/gr100bikes\/\",\"https:\/\/www.tiktok.com\/@gr100bikes\",\"https:\/\/twitter.com\/gr100mtbteam\",\"https:\/\/www.youtube.com\/c\/GR100Specialized\"]}]}<\/script>\n<!-- \/ Yoast SEO Premium plugin. -->","yoast_head_json":{"title":"Pano de treino Megamo - Megamo 2025 Oferta","description":"Forqueta Fox 34 120mm StepCast Performance. Fox DPS Performance Elite Shimano XT 12 velocidades. Rodas Megamo SL 27 ASY Race. Correio conta-gotas","robots":{"index":"index","follow":"follow","max-snippet":"max-snippet:-1","max-image-preview":"max-image-preview:large","max-video-preview":"max-video-preview:-1"},"canonical":"https:\/\/gr-100.com\/pt-pt\/producto\/megamo-track-megamo-ltd-2024-megamo-guiador-integrado-opcao-carbono-copia\/","og_locale":"pt_PT","og_type":"article","og_title":"Pano de treino Megamo - Megamo 2025","og_description":"Forqueta Fox 34 120mm StepCast Performance. Fox DPS Performance Elite Shimano XT 12 velocidades. Rodas Megamo SL 27 ASY Race. Correio conta-gotas","og_url":"https:\/\/gr-100.com\/pt-pt\/producto\/megamo-track-megamo-ltd-2024-megamo-guiador-integrado-opcao-carbono-copia\/","og_site_name":"Gr-100 Tienda de ciclismo Specialized","article_publisher":"https:\/\/www.facebook.com\/Gr100Bikes","article_modified_time":"2026-01-02T12:25:27+00:00","og_image":[{"width":1000,"height":1000,"url":"https:\/\/gr-100.com\/wp-content\/uploads\/2025\/08\/megamo_track_buff_2025.jpg","type":"image\/jpeg"}],"twitter_card":"summary_large_image","twitter_misc":{"Tempo estimado de leitura":"2 minutos"},"schema":{"@context":"https:\/\/schema.org","@graph":[{"@type":"WebPage","@id":"https:\/\/gr-100.com\/pt-pt\/producto\/megamo-track-megamo-ltd-2024-megamo-guiador-integrado-opcao-carbono-copia\/","url":"https:\/\/gr-100.com\/pt-pt\/producto\/megamo-track-megamo-ltd-2024-megamo-guiador-integrado-opcao-carbono-copia\/","name":"Pano de treino Megamo - Megamo 2025 Oferta","isPartOf":{"@id":"https:\/\/gr-100.com\/#website"},"primaryImageOfPage":{"@id":"https:\/\/gr-100.com\/pt-pt\/producto\/megamo-track-megamo-ltd-2024-megamo-guiador-integrado-opcao-carbono-copia\/#primaryimage"},"image":{"@id":"https:\/\/gr-100.com\/pt-pt\/producto\/megamo-track-megamo-ltd-2024-megamo-guiador-integrado-opcao-carbono-copia\/#primaryimage"},"thumbnailUrl":"https:\/\/gr-100.com\/wp-content\/uploads\/2025\/08\/megamo_track_buff_2025.jpg","datePublished":"2025-08-14T09:39:26+00:00","dateModified":"2026-01-02T12:25:27+00:00","description":"Forqueta Fox 34 120mm StepCast Performance. Fox DPS Performance Elite Shimano XT 12 velocidades. Rodas Megamo SL 27 ASY Race. Correio conta-gotas","breadcrumb":{"@id":"https:\/\/gr-100.com\/pt-pt\/producto\/megamo-track-megamo-ltd-2024-megamo-guiador-integrado-opcao-carbono-copia\/#breadcrumb"},"inLanguage":"pt-PT","potentialAction":[{"@type":"ReadAction","target":["https:\/\/gr-100.com\/pt-pt\/producto\/megamo-track-megamo-ltd-2024-megamo-guiador-integrado-opcao-carbono-copia\/"]}]},{"@type":"ImageObject","inLanguage":"pt-PT","@id":"https:\/\/gr-100.com\/pt-pt\/producto\/megamo-track-megamo-ltd-2024-megamo-guiador-integrado-opcao-carbono-copia\/#primaryimage","url":"https:\/\/gr-100.com\/wp-content\/uploads\/2025\/08\/megamo_track_buff_2025.jpg","contentUrl":"https:\/\/gr-100.com\/wp-content\/uploads\/2025\/08\/megamo_track_buff_2025.jpg","width":1000,"height":1000},{"@type":"BreadcrumbList","@id":"https:\/\/gr-100.com\/pt-pt\/producto\/megamo-track-megamo-ltd-2024-megamo-guiador-integrado-opcao-carbono-copia\/#breadcrumb","itemListElement":[{"@type":"ListItem","position":1,"name":"Portada","item":"https:\/\/gr-100.com\/en\/"},{"@type":"ListItem","position":2,"name":"Productos","item":"https:\/\/gr-100.com\/?post_type=product"},{"@type":"ListItem","position":3,"name":"Pano de treino Megamo &#8211; Megamo 2025"}]},{"@type":"WebSite","@id":"https:\/\/gr-100.com\/#website","url":"https:\/\/gr-100.com\/","name":"Gr-100 Tienda de ciclismo Specialized","description":"GR-100 tenemos todas las gamas de bicicletas Specialized al mejor precio.","publisher":{"@id":"https:\/\/gr-100.com\/#organization"},"alternateName":"Gr-100 Bikes","potentialAction":[{"@type":"SearchAction","target":{"@type":"EntryPoint","urlTemplate":"https:\/\/gr-100.com\/?s={search_term_string}"},"query-input":{"@type":"PropertyValueSpecification","valueRequired":true,"valueName":"search_term_string"}}],"inLanguage":"pt-PT"},{"@type":"Organization","@id":"https:\/\/gr-100.com\/#organization","name":"Gr-100","url":"https:\/\/gr-100.com\/","logo":{"@type":"ImageObject","inLanguage":"pt-PT","@id":"https:\/\/gr-100.com\/#\/schema\/logo\/image\/","url":"https:\/\/gr-100.com\/wp-content\/uploads\/2023\/08\/logo-gr-100-bikes.png","contentUrl":"https:\/\/gr-100.com\/wp-content\/uploads\/2023\/08\/logo-gr-100-bikes.png","width":707,"height":284,"caption":"Gr-100"},"image":{"@id":"https:\/\/gr-100.com\/#\/schema\/logo\/image\/"},"sameAs":["https:\/\/www.facebook.com\/Gr100Bikes","https:\/\/www.instagram.com\/gr100bikes\/","https:\/\/www.tiktok.com\/@gr100bikes","https:\/\/twitter.com\/gr100mtbteam","https:\/\/www.youtube.com\/c\/GR100Specialized"]}]}},"_links":{"self":[{"href":"https:\/\/gr-100.com\/pt-pt\/wp-json\/wp\/v2\/product\/413331","targetHints":{"allow":["GET"]}}],"collection":[{"href":"https:\/\/gr-100.com\/pt-pt\/wp-json\/wp\/v2\/product"}],"about":[{"href":"https:\/\/gr-100.com\/pt-pt\/wp-json\/wp\/v2\/types\/product"}],"replies":[{"embeddable":true,"href":"https:\/\/gr-100.com\/pt-pt\/wp-json\/wp\/v2\/comments?post=413331"}],"wp:featuredmedia":[{"embeddable":true,"href":"https:\/\/gr-100.com\/pt-pt\/wp-json\/wp\/v2\/media\/413414"}],"wp:attachment":[{"href":"https:\/\/gr-100.com\/pt-pt\/wp-json\/wp\/v2\/media?parent=413331"}],"wp:term":[{"taxonomy":"product_brand","embeddable":true,"href":"https:\/\/gr-100.com\/pt-pt\/wp-json\/wp\/v2\/product_brand?post=413331"},{"taxonomy":"product_cat","embeddable":true,"href":"https:\/\/gr-100.com\/pt-pt\/wp-json\/wp\/v2\/product_cat?post=413331"},{"taxonomy":"product_tag","embeddable":true,"href":"https:\/\/gr-100.com\/pt-pt\/wp-json\/wp\/v2\/product_tag?post=413331"}],"curies":[{"name":"wp","href":"https:\/\/api.w.org\/{rel}","templated":true}]}}