{"id":414393,"date":"2025-09-04T18:36:18","date_gmt":"2025-09-04T16:36:18","guid":{"rendered":"https:\/\/gr-100.com\/?post_type=product&#038;p=414393"},"modified":"2025-11-27T15:27:08","modified_gmt":"2025-11-27T13:27:08","slug":"specialized-s-works-tarmac-sl8-ultegra-di2-monte-gr-100-2025-copia-copia-copia-copia-2","status":"publish","type":"product","link":"https:\/\/gr-100.com\/pt-pt\/producto\/specialized-s-works-tarmac-sl8-ultegra-di2-monte-gr-100-2025-copia-copia-copia-copia-2\/","title":{"rendered":"Specialized S-Works Tarmac SL8 Ultegra Di2 Monte GR-100 2025"},"content":{"rendered":"<div>\n<p>A aerodin\u00e2mica ou a leveza por si s\u00f3 n\u00e3o ganham competi\u00e7\u00f5es: a velocidade \u00e9 o que importa. Para atingir essa velocidade, precisa de criar uma combina\u00e7\u00e3o intransigente de aerodin\u00e2mica, leveza, rigidez e conformidade. Atrav\u00e9s de simula\u00e7\u00f5es de corrida do mundo real, a nossa equipa Ride Science sabe que a Tarmac SL8 \u00e9 a moto de corrida mais r\u00e1pida alguma vez feita nas rotas que importam: 16,6 segundos mais r\u00e1pido em 40km, 128 segundos mais r\u00e1pido em Mil\u00e3o San Remo, 20 segundos mais r\u00e1pido na lend\u00e1ria subida Tourmalet.<\/p>\n<\/div>\n<p><strong>Especifica\u00e7\u00f5es t\u00e9cnicas<\/strong><\/p>\n<ul>\n<li>Geometria Corporal Power Expert SADDLE<\/li>\n<li>S-WORKS TARMAC SL8 Poste de assento em carbono<br \/>\n, FACT Carbon, 15mm offset<\/li>\n<li>Roval<br \/>\nRoval Rapide &#8211; 42cm<\/li>\n<li>CINTA<br \/>\nSupacaz<\/li>\n<li>Haste integrada STEM<br \/>\nTarmac, 6 graus<\/li>\n<li>ABRA\u00c7O. Cunha integrada na pista SADDLE<\/li>\n<li>Garfo<br \/>\nS-Works FACT 12r, eixo thru de 12x100mm, disco de montagem plana<\/li>\n<li>S-Works Tarmac SL8 FACT 12r Carbon FRAME<br \/>\n, Rider First Engineered\u2122, Win Tunnel Engineered, Clean Routing, Threaded BB, 12x142mm thru-axle, flat-mount disc. 685g frame.<\/li>\n<li>Shimano ULTEGRA C50 622 x 21C (700C) RODA<br \/>\nShimano DIANTEIRA<\/li>\n<li>RODA TRASEIRA<br \/>\nShimano ULTEGRA C50 622 x 21C (700C)<\/li>\n<li>PNEU.<br \/>\nPirelli P Zero, 700x28mm<\/li>\n<li>PNEU TRASEIRO<br \/>\nPirelli P Zero, 700x28mm<\/li>\n<li>Shimano Ultegra CHAIN<br \/>\n, 12 velocidades<\/li>\n<li>Shimano Ultegra CASSETTE,<br \/>\n12 velocidades, 11-30t<\/li>\n<li>Shimano Roscado BSA SUPORTE<br \/>\nINFERIOR<\/li>\n<li>Shimano Ultegra Di2 R8170 SHIFTERS DE MUDAN\u00c7A<br \/>\n, DISCO HIDR\u00c1ULICO<\/li>\n<li>Shimano Ultegra Di2 R8150, DERAILLEUR<br \/>\nTRASEIRO de 12 velocidades<\/li>\n<li>Shimano Ultegra R8100 com medidor de pot\u00eancia SUPORTE<br \/>\nINFERIOR<\/li>\n<li>Shimano Ultegra Di2 R8150 DERAILLEUR<br \/>\nDIANTEIRO, brasagem<\/li>\n<li>PLATOS<br \/>\n50\/34T<\/li>\n<li>FREIO DIANTEIRO<br \/>\nShimano Ultegra Di2 R8170, disco hidr\u00e1ulico<\/li>\n<li>FREIO TRASEIRO<br \/>\nShimano Ultegra Di2 R8170, disco hidr\u00e1ulico<\/li>\n<\/ul>\n","protected":false},"excerpt":{"rendered":"<p>Specialized S-Works Tarmac SL8 Ultegra Mount GR-100 2025, guiador Roval Rapide &#8211; 42cm, Shimano Ultegra Di2 R8150 derailleur, 12 velocidades, rodas ULTEGRA C50<\/p>\n","protected":false},"featured_media":414405,"comment_status":"closed","ping_status":"closed","template":"","meta":{"_acf_changed":false,"_et_pb_use_builder":"","_et_pb_old_content":"","_et_gb_content_width":"","inline_featured_image":false},"product_brand":[],"product_cat":[2459,378,4352,2483],"product_tag":[],"class_list":{"0":"post-414393","1":"product","2":"type-product","3":"status-publish","4":"has-post-thumbnail","6":"product_cat-bicicletas-pt-pt-2","7":"product_cat-estrada","8":"product_cat-montajes-a-la-carta-pt-pt","9":"product_cat-bicicletas-especializadas","10":"product_shipping_class-bicicletas-pt-pt","12":"first","13":"outofstock","14":"taxable","15":"shipping-taxable","16":"product-type-variable","17":"wvs-archive-product-wrapper"},"acf":[],"yoast_head":"<!-- This site is optimized with the Yoast SEO Premium plugin v26.7 (Yoast SEO v26.7) - https:\/\/yoast.com\/wordpress\/plugins\/seo\/ -->\n<title>Specialized S-Works Tarmac SL8 Ultegra Di2 Monte GR-100 2025 GR-100<\/title>\n<meta name=\"description\" content=\"Nada \u00e9 mais r\u00e1pido do que o Tarmac SL8 gra\u00e7as a uma combina\u00e7\u00e3o de aerodin\u00e2mica, leveza e qualidade de condu\u00e7\u00e3o que anteriormente se pensava ser imposs\u00edvel.\" \/>\n<meta name=\"robots\" content=\"index, follow, max-snippet:-1, max-image-preview:large, max-video-preview:-1\" \/>\n<link rel=\"canonical\" href=\"https:\/\/gr-100.com\/pt-pt\/producto\/specialized-s-works-tarmac-sl8-ultegra-di2-monte-gr-100-2025-copia-copia-copia-copia-2\/\" \/>\n<meta property=\"og:locale\" content=\"pt_PT\" \/>\n<meta property=\"og:type\" content=\"article\" \/>\n<meta property=\"og:title\" content=\"Specialized S-Works Tarmac SL8 Ultegra Di2 Monte GR-100 2025\" \/>\n<meta property=\"og:description\" content=\"Nada \u00e9 mais r\u00e1pido do que o Tarmac SL8 gra\u00e7as a uma combina\u00e7\u00e3o de aerodin\u00e2mica, leveza e qualidade de condu\u00e7\u00e3o que anteriormente se pensava ser imposs\u00edvel.\" \/>\n<meta property=\"og:url\" content=\"https:\/\/gr-100.com\/pt-pt\/producto\/specialized-s-works-tarmac-sl8-ultegra-di2-monte-gr-100-2025-copia-copia-copia-copia-2\/\" \/>\n<meta property=\"og:site_name\" content=\"Gr-100 Tienda de ciclismo Specialized\" \/>\n<meta property=\"article:publisher\" content=\"https:\/\/www.facebook.com\/Gr100Bikes\" \/>\n<meta property=\"article:modified_time\" content=\"2025-11-27T13:27:08+00:00\" \/>\n<meta property=\"og:image\" content=\"https:\/\/gr-100.com\/wp-content\/uploads\/2025\/09\/S-Works-Tarmac-SL8_FDJ-SUEZ.jpg\" \/>\n\t<meta property=\"og:image:width\" content=\"1000\" \/>\n\t<meta property=\"og:image:height\" content=\"1000\" \/>\n\t<meta property=\"og:image:type\" content=\"image\/jpeg\" \/>\n<meta name=\"twitter:card\" content=\"summary_large_image\" \/>\n<meta name=\"twitter:label1\" content=\"Tempo estimado de leitura\" \/>\n\t<meta name=\"twitter:data1\" content=\"2 minutos\" \/>\n<script type=\"application\/ld+json\" class=\"yoast-schema-graph\">{\"@context\":\"https:\/\/schema.org\",\"@graph\":[{\"@type\":\"WebPage\",\"@id\":\"https:\/\/gr-100.com\/pt-pt\/producto\/specialized-s-works-tarmac-sl8-ultegra-di2-monte-gr-100-2025-copia-copia-copia-copia-2\/\",\"url\":\"https:\/\/gr-100.com\/pt-pt\/producto\/specialized-s-works-tarmac-sl8-ultegra-di2-monte-gr-100-2025-copia-copia-copia-copia-2\/\",\"name\":\"Specialized S-Works Tarmac SL8 Ultegra Di2 Monte GR-100 2025 GR-100\",\"isPartOf\":{\"@id\":\"https:\/\/gr-100.com\/#website\"},\"primaryImageOfPage\":{\"@id\":\"https:\/\/gr-100.com\/pt-pt\/producto\/specialized-s-works-tarmac-sl8-ultegra-di2-monte-gr-100-2025-copia-copia-copia-copia-2\/#primaryimage\"},\"image\":{\"@id\":\"https:\/\/gr-100.com\/pt-pt\/producto\/specialized-s-works-tarmac-sl8-ultegra-di2-monte-gr-100-2025-copia-copia-copia-copia-2\/#primaryimage\"},\"thumbnailUrl\":\"https:\/\/gr-100.com\/wp-content\/uploads\/2025\/09\/S-Works-Tarmac-SL8_FDJ-SUEZ.jpg\",\"datePublished\":\"2025-09-04T16:36:18+00:00\",\"dateModified\":\"2025-11-27T13:27:08+00:00\",\"description\":\"Nada \u00e9 mais r\u00e1pido do que o Tarmac SL8 gra\u00e7as a uma combina\u00e7\u00e3o de aerodin\u00e2mica, leveza e qualidade de condu\u00e7\u00e3o que anteriormente se pensava ser imposs\u00edvel.\",\"breadcrumb\":{\"@id\":\"https:\/\/gr-100.com\/pt-pt\/producto\/specialized-s-works-tarmac-sl8-ultegra-di2-monte-gr-100-2025-copia-copia-copia-copia-2\/#breadcrumb\"},\"inLanguage\":\"pt-PT\",\"potentialAction\":[{\"@type\":\"ReadAction\",\"target\":[\"https:\/\/gr-100.com\/pt-pt\/producto\/specialized-s-works-tarmac-sl8-ultegra-di2-monte-gr-100-2025-copia-copia-copia-copia-2\/\"]}]},{\"@type\":\"ImageObject\",\"inLanguage\":\"pt-PT\",\"@id\":\"https:\/\/gr-100.com\/pt-pt\/producto\/specialized-s-works-tarmac-sl8-ultegra-di2-monte-gr-100-2025-copia-copia-copia-copia-2\/#primaryimage\",\"url\":\"https:\/\/gr-100.com\/wp-content\/uploads\/2025\/09\/S-Works-Tarmac-SL8_FDJ-SUEZ.jpg\",\"contentUrl\":\"https:\/\/gr-100.com\/wp-content\/uploads\/2025\/09\/S-Works-Tarmac-SL8_FDJ-SUEZ.jpg\",\"width\":1000,\"height\":1000},{\"@type\":\"BreadcrumbList\",\"@id\":\"https:\/\/gr-100.com\/pt-pt\/producto\/specialized-s-works-tarmac-sl8-ultegra-di2-monte-gr-100-2025-copia-copia-copia-copia-2\/#breadcrumb\",\"itemListElement\":[{\"@type\":\"ListItem\",\"position\":1,\"name\":\"Portada\",\"item\":\"https:\/\/gr-100.com\/en\/\"},{\"@type\":\"ListItem\",\"position\":2,\"name\":\"Productos\",\"item\":\"https:\/\/gr-100.com\/?post_type=product\"},{\"@type\":\"ListItem\",\"position\":3,\"name\":\"Specialized S-Works Tarmac SL8 Ultegra Di2 Monte GR-100 2025\"}]},{\"@type\":\"WebSite\",\"@id\":\"https:\/\/gr-100.com\/#website\",\"url\":\"https:\/\/gr-100.com\/\",\"name\":\"Gr-100 Tienda de ciclismo Specialized\",\"description\":\"GR-100 tenemos todas las gamas de bicicletas Specialized al mejor precio.\",\"publisher\":{\"@id\":\"https:\/\/gr-100.com\/#organization\"},\"alternateName\":\"Gr-100 Bikes\",\"potentialAction\":[{\"@type\":\"SearchAction\",\"target\":{\"@type\":\"EntryPoint\",\"urlTemplate\":\"https:\/\/gr-100.com\/?s={search_term_string}\"},\"query-input\":{\"@type\":\"PropertyValueSpecification\",\"valueRequired\":true,\"valueName\":\"search_term_string\"}}],\"inLanguage\":\"pt-PT\"},{\"@type\":\"Organization\",\"@id\":\"https:\/\/gr-100.com\/#organization\",\"name\":\"Gr-100\",\"url\":\"https:\/\/gr-100.com\/\",\"logo\":{\"@type\":\"ImageObject\",\"inLanguage\":\"pt-PT\",\"@id\":\"https:\/\/gr-100.com\/#\/schema\/logo\/image\/\",\"url\":\"https:\/\/gr-100.com\/wp-content\/uploads\/2023\/08\/logo-gr-100-bikes.png\",\"contentUrl\":\"https:\/\/gr-100.com\/wp-content\/uploads\/2023\/08\/logo-gr-100-bikes.png\",\"width\":707,\"height\":284,\"caption\":\"Gr-100\"},\"image\":{\"@id\":\"https:\/\/gr-100.com\/#\/schema\/logo\/image\/\"},\"sameAs\":[\"https:\/\/www.facebook.com\/Gr100Bikes\",\"https:\/\/www.instagram.com\/gr100bikes\/\",\"https:\/\/www.tiktok.com\/@gr100bikes\",\"https:\/\/twitter.com\/gr100mtbteam\",\"https:\/\/www.youtube.com\/c\/GR100Specialized\"]}]}<\/script>\n<!-- \/ Yoast SEO Premium plugin. -->","yoast_head_json":{"title":"Specialized S-Works Tarmac SL8 Ultegra Di2 Monte GR-100 2025 GR-100","description":"Nada \u00e9 mais r\u00e1pido do que o Tarmac SL8 gra\u00e7as a uma combina\u00e7\u00e3o de aerodin\u00e2mica, leveza e qualidade de condu\u00e7\u00e3o que anteriormente se pensava ser imposs\u00edvel.","robots":{"index":"index","follow":"follow","max-snippet":"max-snippet:-1","max-image-preview":"max-image-preview:large","max-video-preview":"max-video-preview:-1"},"canonical":"https:\/\/gr-100.com\/pt-pt\/producto\/specialized-s-works-tarmac-sl8-ultegra-di2-monte-gr-100-2025-copia-copia-copia-copia-2\/","og_locale":"pt_PT","og_type":"article","og_title":"Specialized S-Works Tarmac SL8 Ultegra Di2 Monte GR-100 2025","og_description":"Nada \u00e9 mais r\u00e1pido do que o Tarmac SL8 gra\u00e7as a uma combina\u00e7\u00e3o de aerodin\u00e2mica, leveza e qualidade de condu\u00e7\u00e3o que anteriormente se pensava ser imposs\u00edvel.","og_url":"https:\/\/gr-100.com\/pt-pt\/producto\/specialized-s-works-tarmac-sl8-ultegra-di2-monte-gr-100-2025-copia-copia-copia-copia-2\/","og_site_name":"Gr-100 Tienda de ciclismo Specialized","article_publisher":"https:\/\/www.facebook.com\/Gr100Bikes","article_modified_time":"2025-11-27T13:27:08+00:00","og_image":[{"width":1000,"height":1000,"url":"https:\/\/gr-100.com\/wp-content\/uploads\/2025\/09\/S-Works-Tarmac-SL8_FDJ-SUEZ.jpg","type":"image\/jpeg"}],"twitter_card":"summary_large_image","twitter_misc":{"Tempo estimado de leitura":"2 minutos"},"schema":{"@context":"https:\/\/schema.org","@graph":[{"@type":"WebPage","@id":"https:\/\/gr-100.com\/pt-pt\/producto\/specialized-s-works-tarmac-sl8-ultegra-di2-monte-gr-100-2025-copia-copia-copia-copia-2\/","url":"https:\/\/gr-100.com\/pt-pt\/producto\/specialized-s-works-tarmac-sl8-ultegra-di2-monte-gr-100-2025-copia-copia-copia-copia-2\/","name":"Specialized S-Works Tarmac SL8 Ultegra Di2 Monte GR-100 2025 GR-100","isPartOf":{"@id":"https:\/\/gr-100.com\/#website"},"primaryImageOfPage":{"@id":"https:\/\/gr-100.com\/pt-pt\/producto\/specialized-s-works-tarmac-sl8-ultegra-di2-monte-gr-100-2025-copia-copia-copia-copia-2\/#primaryimage"},"image":{"@id":"https:\/\/gr-100.com\/pt-pt\/producto\/specialized-s-works-tarmac-sl8-ultegra-di2-monte-gr-100-2025-copia-copia-copia-copia-2\/#primaryimage"},"thumbnailUrl":"https:\/\/gr-100.com\/wp-content\/uploads\/2025\/09\/S-Works-Tarmac-SL8_FDJ-SUEZ.jpg","datePublished":"2025-09-04T16:36:18+00:00","dateModified":"2025-11-27T13:27:08+00:00","description":"Nada \u00e9 mais r\u00e1pido do que o Tarmac SL8 gra\u00e7as a uma combina\u00e7\u00e3o de aerodin\u00e2mica, leveza e qualidade de condu\u00e7\u00e3o que anteriormente se pensava ser imposs\u00edvel.","breadcrumb":{"@id":"https:\/\/gr-100.com\/pt-pt\/producto\/specialized-s-works-tarmac-sl8-ultegra-di2-monte-gr-100-2025-copia-copia-copia-copia-2\/#breadcrumb"},"inLanguage":"pt-PT","potentialAction":[{"@type":"ReadAction","target":["https:\/\/gr-100.com\/pt-pt\/producto\/specialized-s-works-tarmac-sl8-ultegra-di2-monte-gr-100-2025-copia-copia-copia-copia-2\/"]}]},{"@type":"ImageObject","inLanguage":"pt-PT","@id":"https:\/\/gr-100.com\/pt-pt\/producto\/specialized-s-works-tarmac-sl8-ultegra-di2-monte-gr-100-2025-copia-copia-copia-copia-2\/#primaryimage","url":"https:\/\/gr-100.com\/wp-content\/uploads\/2025\/09\/S-Works-Tarmac-SL8_FDJ-SUEZ.jpg","contentUrl":"https:\/\/gr-100.com\/wp-content\/uploads\/2025\/09\/S-Works-Tarmac-SL8_FDJ-SUEZ.jpg","width":1000,"height":1000},{"@type":"BreadcrumbList","@id":"https:\/\/gr-100.com\/pt-pt\/producto\/specialized-s-works-tarmac-sl8-ultegra-di2-monte-gr-100-2025-copia-copia-copia-copia-2\/#breadcrumb","itemListElement":[{"@type":"ListItem","position":1,"name":"Portada","item":"https:\/\/gr-100.com\/en\/"},{"@type":"ListItem","position":2,"name":"Productos","item":"https:\/\/gr-100.com\/?post_type=product"},{"@type":"ListItem","position":3,"name":"Specialized S-Works Tarmac SL8 Ultegra Di2 Monte GR-100 2025"}]},{"@type":"WebSite","@id":"https:\/\/gr-100.com\/#website","url":"https:\/\/gr-100.com\/","name":"Gr-100 Tienda de ciclismo Specialized","description":"GR-100 tenemos todas las gamas de bicicletas Specialized al mejor precio.","publisher":{"@id":"https:\/\/gr-100.com\/#organization"},"alternateName":"Gr-100 Bikes","potentialAction":[{"@type":"SearchAction","target":{"@type":"EntryPoint","urlTemplate":"https:\/\/gr-100.com\/?s={search_term_string}"},"query-input":{"@type":"PropertyValueSpecification","valueRequired":true,"valueName":"search_term_string"}}],"inLanguage":"pt-PT"},{"@type":"Organization","@id":"https:\/\/gr-100.com\/#organization","name":"Gr-100","url":"https:\/\/gr-100.com\/","logo":{"@type":"ImageObject","inLanguage":"pt-PT","@id":"https:\/\/gr-100.com\/#\/schema\/logo\/image\/","url":"https:\/\/gr-100.com\/wp-content\/uploads\/2023\/08\/logo-gr-100-bikes.png","contentUrl":"https:\/\/gr-100.com\/wp-content\/uploads\/2023\/08\/logo-gr-100-bikes.png","width":707,"height":284,"caption":"Gr-100"},"image":{"@id":"https:\/\/gr-100.com\/#\/schema\/logo\/image\/"},"sameAs":["https:\/\/www.facebook.com\/Gr100Bikes","https:\/\/www.instagram.com\/gr100bikes\/","https:\/\/www.tiktok.com\/@gr100bikes","https:\/\/twitter.com\/gr100mtbteam","https:\/\/www.youtube.com\/c\/GR100Specialized"]}]}},"_links":{"self":[{"href":"https:\/\/gr-100.com\/pt-pt\/wp-json\/wp\/v2\/product\/414393","targetHints":{"allow":["GET"]}}],"collection":[{"href":"https:\/\/gr-100.com\/pt-pt\/wp-json\/wp\/v2\/product"}],"about":[{"href":"https:\/\/gr-100.com\/pt-pt\/wp-json\/wp\/v2\/types\/product"}],"replies":[{"embeddable":true,"href":"https:\/\/gr-100.com\/pt-pt\/wp-json\/wp\/v2\/comments?post=414393"}],"wp:featuredmedia":[{"embeddable":true,"href":"https:\/\/gr-100.com\/pt-pt\/wp-json\/wp\/v2\/media\/414405"}],"wp:attachment":[{"href":"https:\/\/gr-100.com\/pt-pt\/wp-json\/wp\/v2\/media?parent=414393"}],"wp:term":[{"taxonomy":"product_brand","embeddable":true,"href":"https:\/\/gr-100.com\/pt-pt\/wp-json\/wp\/v2\/product_brand?post=414393"},{"taxonomy":"product_cat","embeddable":true,"href":"https:\/\/gr-100.com\/pt-pt\/wp-json\/wp\/v2\/product_cat?post=414393"},{"taxonomy":"product_tag","embeddable":true,"href":"https:\/\/gr-100.com\/pt-pt\/wp-json\/wp\/v2\/product_tag?post=414393"}],"curies":[{"name":"wp","href":"https:\/\/api.w.org\/{rel}","templated":true}]}}