{"id":416277,"date":"2025-09-17T13:47:10","date_gmt":"2025-09-17T11:47:10","guid":{"rendered":"https:\/\/gr-100.com\/?post_type=product&#038;p=416277"},"modified":"2026-04-08T10:49:21","modified_gmt":"2026-04-08T09:49:21","slug":"specialized-turbo-como-4-0-2026","status":"publish","type":"product","link":"https:\/\/gr-100.com\/pt-pt\/producto\/specialized-turbo-como-4-0-2026\/","title":{"rendered":"Specialized Turbo Como 4.0 2026"},"content":{"rendered":"<ul>\n<li>C\u00d3MODA<br \/>\nUna posici\u00f3n de conducci\u00f3n erguida y un manejo suave est\u00e1n optimizados para ofrecer comodidad, confianza y control durante todo el d\u00eda.<\/li>\n<li>F\u00c1CIL DE USAR<br \/>\nEl dise\u00f1o estilizado de la Como y su cuadro de acceso bajo hacen que esta bicicleta el\u00e9ctrica sea funcional, accesible y perfecta para el uso diario.<\/li>\n<li>POTENTE<br \/>\nEres t\u00fa, pero m\u00e1s r\u00e1pido\u2026 hasta 4 veces m\u00e1s.<br \/>\nEl sistema Turbo Full Power detecta la fuerza que aplicas al pedalear y amplifica tu esfuerzo de manera natural hasta cuatro veces, permiti\u00e9ndote subir cualquier cuesta o llegar a cualquier destino sin esfuerzo. Literalmente.<\/li>\n<li>SUAVE<br \/>\nMantente c\u00f3modo en el sill\u00edn gracias a la horquilla delantera con suspensi\u00f3n de 80 mm, los neum\u00e1ticos de gran volumen y una tija de sill\u00edn con suspensi\u00f3n que suaviza los baches m\u00e1s duros.<\/li>\n<li>TECNOLOG\u00cdA TURBO<br \/>\nEl coraz\u00f3n de la Como es su tecnolog\u00eda Turbo: un sistema el\u00e9ctrico avanzado e integrado que combina de forma \u00fanica potencia, sensaci\u00f3n de pedaleo natural, funciones antirrobo, consejos de entrenamiento y una completa computadora de a bordo.<\/li>\n<li>SEGURA<br \/>\nLa Como cuenta con funciones antirrobo integradas. Puedes desactivar el motor con solo presionar un bot\u00f3n, y nadie podr\u00e1 volver a activarlo sin tu PIN personalizado.<br \/>\nPara mayor seguridad, la bater\u00eda se bloquea dentro del cuadro o puede retirarse f\u00e1cilmente para llevarla contigo.<br \/>\n\u00a1Ni lo intentes, ladr\u00f3n!<\/li>\n<li>SILENCIOSA<br \/>\nEl motor Turbo Full Power proporciona una asistencia fluida, silenciosa y continua, para una experiencia silenciosa en cualquier terreno.<br \/>\nNota sobre velocidad:<br \/>\nEl l\u00edmite de velocidad a partir del cual el motor deja de asistir puede variar considerablemente seg\u00fan la regi\u00f3n, conforme a la normativa local. Esto tambi\u00e9n puede afectar la autonom\u00eda: a mayor velocidad, menor puede ser el alcance.<\/li>\n<li>MOTOR Y BATER\u00cdA DE ALTO RENDIMIENTO<br \/>\nEl motor Turbo Full Power 2.0 y la bater\u00eda de 710Wh ofrecen una experiencia de conducci\u00f3n sin precedentes, amplificando tu esfuerzo de forma fluida, continua y sorprendentemente silenciosa, hasta una velocidad m\u00e1xima de 45 km\/h (28 mph).<br \/>\nEl controlador integrado responde a cada pedalada, brindando una asistencia intuitiva y una sensaci\u00f3n de pedaleo incre\u00edblemente natural.<\/li>\n<li>PANTALLA MASTERMIND Y APP SPECIALIZED<br \/>\nLa pantalla MasterMind muestra toda la informaci\u00f3n relevante de tu ruta y permite ajustar los niveles de asistencia en tiempo real.<br \/>\nSe integra perfectamente con la app Specialized para herramientas de optimizaci\u00f3n de autonom\u00eda, ajustes avanzados, diagn\u00f3sticos en ruta y m\u00e1s.<\/li>\n<li>EFICIENCIA SUAVE PROBADA<br \/>\nDesarrollamos un sistema de pruebas personalizado para analizar vibraciones incluso a frecuencias m\u00ednimas, mejorando la comodidad y visibilidad.<br \/>\nEsta precisi\u00f3n, combinada con la tija de suspensi\u00f3n, los neum\u00e1ticos de alto volumen y la horquilla de 80 mm, suaviza la carretera ante tus ojos.<\/li>\n<li>SEGURIDAD INTELIGENTE CON TURBO SYSTEM LOCK<br \/>\nUsa la app Specialized para desactivar el motor de la bici y activar la alarma con sensor de movimiento. Una vez bloqueado, solo el propietario puede reactivarlo.<\/li>\n<li>BATER\u00cdA INTEGRADA Y BLOQUEABLE<br \/>\nF\u00e1cil de cargar, f\u00e1cil de asegurar. La bater\u00eda se encuentra totalmente integrada en el tubo diagonal, es extra\u00edble y se puede bloquear.<\/li>\n<li>EQUIPAMIENTO COMPLETO<br \/>\nEquipada con guardabarros DRYTECH, luces LED delantera y trasera, y portaequipajes trasero HD con capacidad de 27 kg.<br \/>\nEl portaequipajes es compatible con asientos para ni\u00f1os y la bicicleta est\u00e1 certificada para remolcar un tr\u00e1iler con eje pasante.<\/li>\n<li>AUTONOM\u00cdA EXTENDIDA<br \/>\nCon una verdadera autonom\u00eda &#8220;para ir a cualquier parte&#8221;, llega hasta 145 km (90 millas) o 6.5 horas de uso en modo Eco.<\/li>\n<li>ESPECIFICACIONES T\u00c9CNICAS<\/li>\n<li>E-BIKE<br \/>\nCargador:<br \/>\nCargador personalizado, 42V4A con conector Rosenberger, compatible con 100\u2013240V.<br \/>\nSistema de cableado:<br \/>\nArn\u00e9s de cables personalizado.<br \/>\nPantalla \/ Control remoto:<br \/>\nPantalla MasterMind TCD con control remoto en el manillar, funci\u00f3n antirrobo integrada, conectividad Bluetooth\u00ae y p\u00e1ginas de visualizaci\u00f3n personalizables.<br \/>\nMotor:<br \/>\nSpecialized 2.0, 70 Nm de torque, motor ajustado a medida, 250W nominales.<br \/>\nBater\u00eda:<br \/>\nSpecialized U2-710, bater\u00eda integrada con indicador de carga, 710 Wh, certificaci\u00f3n UL.<\/li>\n<li>CUADRO<br \/>\nCuadro:<br \/>\nAluminio E5, montaje del motor en la caja del pedalier, bater\u00eda integrada y bloqueable en el tubo diagonal, guiado interno de cables, soporte para candado y portabultos delantero.<br \/>\nAbrazadera de sill\u00edn:<br \/>\nTipo tornillo de aleaci\u00f3n Specialized, 42.9 mm.<br \/>\nSUSPENSI\u00d3N<br \/>\nHorquilla delantera:<br \/>\nSR Suntour MobieA32, recorrido de 80 mm, con bloqueo (lockout), soportes para guardabarros y soporte integrado para luz delantera.<\/li>\n<li>FRENOS<br \/>\nFreno delantero:<br \/>\nShimano BR-MT200, freno de disco hidr\u00e1ulico, rotor de 180 mm.<br \/>\nFreno trasero:<br \/>\nShimano BR-MT200, freno de disco hidr\u00e1ulico, rotor de 160 mm.<\/li>\n<li>TRANSMISI\u00d3N<br \/>\nPlato:<br \/>\nPlato de 40 dientes con tecnolog\u00eda de retenci\u00f3n de cadena (Chain Retention Technology).<br \/>\nBielas:<br \/>\nPraxis, Brose ISIS, 165 mm, BCD 104 mm, modelo S48T.<br \/>\nCadena:<br \/>\nShimano LG500.<br \/>\nCassette:<br \/>\nShimano CS-LG300-9 CUES, 9 velocidades, 11-41T.<br \/>\nCambio trasero:<br \/>\nShimano RD-U4000, CUES, 9 velocidades, Shadow Design, montaje directo (Top Normal).<br \/>\nManeta de cambio:<br \/>\nShimano SL-U4000-9R, CUES, Rapidfire de 9 velocidades con visor \u00f3ptico.<br \/>\nCubrecadena:<br \/>\nSpecialized Chain Cover para plato de 48 dientes.<\/li>\n<li>RUEDAS Y NEUM\u00c1TICOS<br \/>\nLlantas:<br \/>\n650b para frenos de disco, doble pared de aleaci\u00f3n, engarzadas, 32 orificios.<br \/>\nRadios:<br \/>\nDT Swiss Elemental.<br \/>\nNeum\u00e1ticos:<br \/>\nDelantero: Hemisphere Flat Protection Reflect, 650b x 2.3<br \/>\nTrasero: Hemisphere Flat Protection Reflect, 650b x 2.3<br \/>\nC\u00e1maras:<br \/>\nV\u00e1lvula Schrader 40 mm, para neum\u00e1ticos 650Bx1.75-2.4.<br \/>\nBuje delantero:<br \/>\nShimano para freno Center Lock, 32 orificios, eje pasante de 15 mm, ancho 100 mm.<br \/>\nBuje trasero:<br \/>\nShimano Freehub para Center Lock, compatible con 8\u201311 velocidades, eje pasante de 12 mm, ancho 148 mm, 32 orificios.<\/li>\n<li>COMPONENTES (COCKPIT)<br \/>\nSill\u00edn:<br \/>\nBody Geometry Comfort Gel, 200 mm de ancho, con asa integrada.<br \/>\nPu\u00f1os:<br \/>\nSpecialized Body Geometry Contour con fijaci\u00f3n tipo lock-on.<br \/>\nManillar:<br \/>\nCombo de manillar y potencia Specialized Como.<br \/>\nPotencia:<br \/>\nPotencia integrada Specialized.<br \/>\nTija de sill\u00edn:<br \/>\nTija de suspensi\u00f3n con resorte, de aleaci\u00f3n, recorrido de 40 mm, di\u00e1metro de 30.9 mm, abrazadera de 2 tornillos, con casquillo de 34.9 mm.<\/li>\n<li>ACCESORIOS<br \/>\nLuz delantera:<br \/>\nLezyne Ebike Mini StVZO E300+, 300 l\u00famenes, cable de 160 cm, con reflector.<br \/>\nTimbre:<br \/>\nTimbre simple.<br \/>\nLuz trasera:<br \/>\nSpanninga StVZO Commuter Glow con luz de freno XEr.<br \/>\nPedales:<br \/>\nSpecialized Commuter con cinta antideslizante y reflectores.<br \/>\nGuardabarros:<br \/>\nSpecialized DRYTECH, 65 mm de ancho, con varillas de aluminio.<br \/>\nPata de cabra:<br \/>\nSpecialized, montaje de 40 mm.<br \/>\nPortabultos trasero:<br \/>\nSpecialized con interfaz MIK HD, soportes integrados para alforjas, carga m\u00e1xima de 27 kg.<br \/>\nCandado de seguridad:<br \/>\nSistema Turbo System Lock (bloqueo del motor v\u00eda app).<\/li>\n<li>PESO<br \/>\n27.92 kg (61 lb, 8.8 oz)<br \/>\nTama\u00f1o de referencia del peso:<br \/>\nTalla M (MD)<\/li>\n<\/ul>\n","protected":false},"excerpt":{"rendered":"<p>La Como es una bicicleta el\u00e9ctrica relajada, con un dise\u00f1o elegante y una posici\u00f3n de conducci\u00f3n erguida que brinda comodidad y estilo de manera pr\u00e1ctica. Esta e-bike de potencia completa ha sido dise\u00f1ada para las calles de la ciudad y viene equipada con guardabarros, luces y un cuadro de acceso bajo, lo que la convierte en la opci\u00f3n perfecta para los desplazamientos diarios o para recorrer la ciudad con total libertad.<\/p>\n","protected":false},"featured_media":416284,"comment_status":"open","ping_status":"closed","template":"","meta":{"_acf_changed":false,"_et_pb_use_builder":"","_et_pb_old_content":"","_et_gb_content_width":"","inline_featured_image":false},"product_brand":[],"product_cat":[420,5254,23,5212,5218,5219,5208,5220,5215],"product_tag":[],"class_list":{"0":"post-416277","1":"product","2":"type-product","3":"status-publish","4":"has-post-thumbnail","6":"product_cat-bicicletas","7":"product_cat-bicicletas-urbanas","8":"product_cat-bicicletas-electricas","9":"product_cat-bicicletas-electricas-aluminio","10":"product_cat-bicicletas-electricas-montana","11":"product_cat-bicicletas-electricas-paseo","12":"product_cat-bicicletas-electricas-specialized","13":"product_cat-bicicletas-electricas-trekking","14":"product_cat-bicicletas-electricas-urbanas","15":"product_shipping_class-bicicletas","17":"first","18":"instock","19":"taxable","20":"shipping-taxable","21":"purchasable","22":"product-type-variable","23":"wvs-archive-product-wrapper"},"acf":[],"yoast_head":"<!-- This site is optimized with the Yoast SEO Premium plugin v26.7 (Yoast SEO v26.7) - https:\/\/yoast.com\/wordpress\/plugins\/seo\/ -->\n<title>Specialized Turbo Como 4.0 2026 GR-100<\/title>\n<meta name=\"description\" content=\"La Como es una bicicleta el\u00e9ctrica relajada, con un dise\u00f1o elegante y una posici\u00f3n de conducci\u00f3n erguida que brinda comodidad y estilo de manera pr\u00e1ctica. Esta e-bike de potencia completa ha sido dise\u00f1ada para las calles de la ciudad y viene equipada con guardabarros, luces y un cuadro de acceso bajo, lo que la convierte en la opci\u00f3n perfecta para los desplazamientos diarios o para recorrer la ciudad con total libertad.\" \/>\n<meta name=\"robots\" content=\"index, follow, max-snippet:-1, max-image-preview:large, max-video-preview:-1\" \/>\n<link rel=\"canonical\" href=\"https:\/\/gr-100.com\/producto\/specialized-turbo-como-4-0-2026\/\" \/>\n<meta property=\"og:locale\" content=\"pt_PT\" \/>\n<meta property=\"og:type\" content=\"article\" \/>\n<meta property=\"og:title\" content=\"Specialized Turbo Como 4.0 2026\" \/>\n<meta property=\"og:description\" content=\"La Como es una bicicleta el\u00e9ctrica relajada, con un dise\u00f1o elegante y una posici\u00f3n de conducci\u00f3n erguida que brinda comodidad y estilo de manera pr\u00e1ctica. Esta e-bike de potencia completa ha sido dise\u00f1ada para las calles de la ciudad y viene equipada con guardabarros, luces y un cuadro de acceso bajo, lo que la convierte en la opci\u00f3n perfecta para los desplazamientos diarios o para recorrer la ciudad con total libertad.\" \/>\n<meta property=\"og:url\" content=\"https:\/\/gr-100.com\/producto\/specialized-turbo-como-4-0-2026\/\" \/>\n<meta property=\"og:site_name\" content=\"Gr-100 Tienda de ciclismo Specialized\" \/>\n<meta property=\"article:publisher\" content=\"https:\/\/www.facebook.com\/Gr100Bikes\" \/>\n<meta property=\"article:modified_time\" content=\"2026-04-08T09:49:21+00:00\" \/>\n<meta property=\"og:image\" content=\"https:\/\/gr-100.com\/wp-content\/uploads\/2025\/09\/Diseno-sin-titulo-2025-09-17T132250.364.jpg\" \/>\n\t<meta property=\"og:image:width\" content=\"1000\" \/>\n\t<meta property=\"og:image:height\" content=\"1000\" \/>\n\t<meta property=\"og:image:type\" content=\"image\/jpeg\" \/>\n<meta name=\"twitter:card\" content=\"summary_large_image\" \/>\n<meta name=\"twitter:label1\" content=\"Tempo estimado de leitura\" \/>\n\t<meta name=\"twitter:data1\" content=\"5 minutos\" \/>\n<script type=\"application\/ld+json\" class=\"yoast-schema-graph\">{\"@context\":\"https:\/\/schema.org\",\"@graph\":[{\"@type\":\"WebPage\",\"@id\":\"https:\/\/gr-100.com\/producto\/specialized-turbo-como-4-0-2026\/\",\"url\":\"https:\/\/gr-100.com\/producto\/specialized-turbo-como-4-0-2026\/\",\"name\":\"Specialized Turbo Como 4.0 2026 GR-100\",\"isPartOf\":{\"@id\":\"https:\/\/gr-100.com\/#website\"},\"primaryImageOfPage\":{\"@id\":\"https:\/\/gr-100.com\/producto\/specialized-turbo-como-4-0-2026\/#primaryimage\"},\"image\":{\"@id\":\"https:\/\/gr-100.com\/producto\/specialized-turbo-como-4-0-2026\/#primaryimage\"},\"thumbnailUrl\":\"https:\/\/gr-100.com\/wp-content\/uploads\/2025\/09\/Diseno-sin-titulo-2025-09-17T132250.364.jpg\",\"datePublished\":\"2025-09-17T11:47:10+00:00\",\"dateModified\":\"2026-04-08T09:49:21+00:00\",\"description\":\"La Como es una bicicleta el\u00e9ctrica relajada, con un dise\u00f1o elegante y una posici\u00f3n de conducci\u00f3n erguida que brinda comodidad y estilo de manera pr\u00e1ctica. Esta e-bike de potencia completa ha sido dise\u00f1ada para las calles de la ciudad y viene equipada con guardabarros, luces y un cuadro de acceso bajo, lo que la convierte en la opci\u00f3n perfecta para los desplazamientos diarios o para recorrer la ciudad con total libertad.\",\"breadcrumb\":{\"@id\":\"https:\/\/gr-100.com\/producto\/specialized-turbo-como-4-0-2026\/#breadcrumb\"},\"inLanguage\":\"pt-PT\",\"potentialAction\":[{\"@type\":\"ReadAction\",\"target\":[\"https:\/\/gr-100.com\/producto\/specialized-turbo-como-4-0-2026\/\"]}]},{\"@type\":\"ImageObject\",\"inLanguage\":\"pt-PT\",\"@id\":\"https:\/\/gr-100.com\/producto\/specialized-turbo-como-4-0-2026\/#primaryimage\",\"url\":\"https:\/\/gr-100.com\/wp-content\/uploads\/2025\/09\/Diseno-sin-titulo-2025-09-17T132250.364.jpg\",\"contentUrl\":\"https:\/\/gr-100.com\/wp-content\/uploads\/2025\/09\/Diseno-sin-titulo-2025-09-17T132250.364.jpg\",\"width\":1000,\"height\":1000},{\"@type\":\"BreadcrumbList\",\"@id\":\"https:\/\/gr-100.com\/producto\/specialized-turbo-como-4-0-2026\/#breadcrumb\",\"itemListElement\":[{\"@type\":\"ListItem\",\"position\":1,\"name\":\"Portada\",\"item\":\"https:\/\/gr-100.com\/en\/\"},{\"@type\":\"ListItem\",\"position\":2,\"name\":\"Productos\",\"item\":\"https:\/\/gr-100.com\/?post_type=product\"},{\"@type\":\"ListItem\",\"position\":3,\"name\":\"Specialized Turbo Como 4.0 2026\"}]},{\"@type\":\"WebSite\",\"@id\":\"https:\/\/gr-100.com\/#website\",\"url\":\"https:\/\/gr-100.com\/\",\"name\":\"Gr-100 Tienda de ciclismo Specialized\",\"description\":\"GR-100 tenemos todas las gamas de bicicletas Specialized al mejor precio.\",\"publisher\":{\"@id\":\"https:\/\/gr-100.com\/#organization\"},\"alternateName\":\"Gr-100 Bikes\",\"potentialAction\":[{\"@type\":\"SearchAction\",\"target\":{\"@type\":\"EntryPoint\",\"urlTemplate\":\"https:\/\/gr-100.com\/?s={search_term_string}\"},\"query-input\":{\"@type\":\"PropertyValueSpecification\",\"valueRequired\":true,\"valueName\":\"search_term_string\"}}],\"inLanguage\":\"pt-PT\"},{\"@type\":\"Organization\",\"@id\":\"https:\/\/gr-100.com\/#organization\",\"name\":\"Gr-100\",\"url\":\"https:\/\/gr-100.com\/\",\"logo\":{\"@type\":\"ImageObject\",\"inLanguage\":\"pt-PT\",\"@id\":\"https:\/\/gr-100.com\/#\/schema\/logo\/image\/\",\"url\":\"https:\/\/gr-100.com\/wp-content\/uploads\/2023\/08\/logo-gr-100-bikes.png\",\"contentUrl\":\"https:\/\/gr-100.com\/wp-content\/uploads\/2023\/08\/logo-gr-100-bikes.png\",\"width\":707,\"height\":284,\"caption\":\"Gr-100\"},\"image\":{\"@id\":\"https:\/\/gr-100.com\/#\/schema\/logo\/image\/\"},\"sameAs\":[\"https:\/\/www.facebook.com\/Gr100Bikes\",\"https:\/\/www.instagram.com\/gr100bikes\/\",\"https:\/\/www.tiktok.com\/@gr100bikes\",\"https:\/\/twitter.com\/gr100mtbteam\",\"https:\/\/www.youtube.com\/c\/GR100Specialized\"]}]}<\/script>\n<!-- \/ Yoast SEO Premium plugin. -->","yoast_head_json":{"title":"Specialized Turbo Como 4.0 2026 GR-100","description":"La Como es una bicicleta el\u00e9ctrica relajada, con un dise\u00f1o elegante y una posici\u00f3n de conducci\u00f3n erguida que brinda comodidad y estilo de manera pr\u00e1ctica. Esta e-bike de potencia completa ha sido dise\u00f1ada para las calles de la ciudad y viene equipada con guardabarros, luces y un cuadro de acceso bajo, lo que la convierte en la opci\u00f3n perfecta para los desplazamientos diarios o para recorrer la ciudad con total libertad.","robots":{"index":"index","follow":"follow","max-snippet":"max-snippet:-1","max-image-preview":"max-image-preview:large","max-video-preview":"max-video-preview:-1"},"canonical":"https:\/\/gr-100.com\/producto\/specialized-turbo-como-4-0-2026\/","og_locale":"pt_PT","og_type":"article","og_title":"Specialized Turbo Como 4.0 2026","og_description":"La Como es una bicicleta el\u00e9ctrica relajada, con un dise\u00f1o elegante y una posici\u00f3n de conducci\u00f3n erguida que brinda comodidad y estilo de manera pr\u00e1ctica. Esta e-bike de potencia completa ha sido dise\u00f1ada para las calles de la ciudad y viene equipada con guardabarros, luces y un cuadro de acceso bajo, lo que la convierte en la opci\u00f3n perfecta para los desplazamientos diarios o para recorrer la ciudad con total libertad.","og_url":"https:\/\/gr-100.com\/producto\/specialized-turbo-como-4-0-2026\/","og_site_name":"Gr-100 Tienda de ciclismo Specialized","article_publisher":"https:\/\/www.facebook.com\/Gr100Bikes","article_modified_time":"2026-04-08T09:49:21+00:00","og_image":[{"width":1000,"height":1000,"url":"https:\/\/gr-100.com\/wp-content\/uploads\/2025\/09\/Diseno-sin-titulo-2025-09-17T132250.364.jpg","type":"image\/jpeg"}],"twitter_card":"summary_large_image","twitter_misc":{"Tempo estimado de leitura":"5 minutos"},"schema":{"@context":"https:\/\/schema.org","@graph":[{"@type":"WebPage","@id":"https:\/\/gr-100.com\/producto\/specialized-turbo-como-4-0-2026\/","url":"https:\/\/gr-100.com\/producto\/specialized-turbo-como-4-0-2026\/","name":"Specialized Turbo Como 4.0 2026 GR-100","isPartOf":{"@id":"https:\/\/gr-100.com\/#website"},"primaryImageOfPage":{"@id":"https:\/\/gr-100.com\/producto\/specialized-turbo-como-4-0-2026\/#primaryimage"},"image":{"@id":"https:\/\/gr-100.com\/producto\/specialized-turbo-como-4-0-2026\/#primaryimage"},"thumbnailUrl":"https:\/\/gr-100.com\/wp-content\/uploads\/2025\/09\/Diseno-sin-titulo-2025-09-17T132250.364.jpg","datePublished":"2025-09-17T11:47:10+00:00","dateModified":"2026-04-08T09:49:21+00:00","description":"La Como es una bicicleta el\u00e9ctrica relajada, con un dise\u00f1o elegante y una posici\u00f3n de conducci\u00f3n erguida que brinda comodidad y estilo de manera pr\u00e1ctica. Esta e-bike de potencia completa ha sido dise\u00f1ada para las calles de la ciudad y viene equipada con guardabarros, luces y un cuadro de acceso bajo, lo que la convierte en la opci\u00f3n perfecta para los desplazamientos diarios o para recorrer la ciudad con total libertad.","breadcrumb":{"@id":"https:\/\/gr-100.com\/producto\/specialized-turbo-como-4-0-2026\/#breadcrumb"},"inLanguage":"pt-PT","potentialAction":[{"@type":"ReadAction","target":["https:\/\/gr-100.com\/producto\/specialized-turbo-como-4-0-2026\/"]}]},{"@type":"ImageObject","inLanguage":"pt-PT","@id":"https:\/\/gr-100.com\/producto\/specialized-turbo-como-4-0-2026\/#primaryimage","url":"https:\/\/gr-100.com\/wp-content\/uploads\/2025\/09\/Diseno-sin-titulo-2025-09-17T132250.364.jpg","contentUrl":"https:\/\/gr-100.com\/wp-content\/uploads\/2025\/09\/Diseno-sin-titulo-2025-09-17T132250.364.jpg","width":1000,"height":1000},{"@type":"BreadcrumbList","@id":"https:\/\/gr-100.com\/producto\/specialized-turbo-como-4-0-2026\/#breadcrumb","itemListElement":[{"@type":"ListItem","position":1,"name":"Portada","item":"https:\/\/gr-100.com\/en\/"},{"@type":"ListItem","position":2,"name":"Productos","item":"https:\/\/gr-100.com\/?post_type=product"},{"@type":"ListItem","position":3,"name":"Specialized Turbo Como 4.0 2026"}]},{"@type":"WebSite","@id":"https:\/\/gr-100.com\/#website","url":"https:\/\/gr-100.com\/","name":"Gr-100 Tienda de ciclismo Specialized","description":"GR-100 tenemos todas las gamas de bicicletas Specialized al mejor precio.","publisher":{"@id":"https:\/\/gr-100.com\/#organization"},"alternateName":"Gr-100 Bikes","potentialAction":[{"@type":"SearchAction","target":{"@type":"EntryPoint","urlTemplate":"https:\/\/gr-100.com\/?s={search_term_string}"},"query-input":{"@type":"PropertyValueSpecification","valueRequired":true,"valueName":"search_term_string"}}],"inLanguage":"pt-PT"},{"@type":"Organization","@id":"https:\/\/gr-100.com\/#organization","name":"Gr-100","url":"https:\/\/gr-100.com\/","logo":{"@type":"ImageObject","inLanguage":"pt-PT","@id":"https:\/\/gr-100.com\/#\/schema\/logo\/image\/","url":"https:\/\/gr-100.com\/wp-content\/uploads\/2023\/08\/logo-gr-100-bikes.png","contentUrl":"https:\/\/gr-100.com\/wp-content\/uploads\/2023\/08\/logo-gr-100-bikes.png","width":707,"height":284,"caption":"Gr-100"},"image":{"@id":"https:\/\/gr-100.com\/#\/schema\/logo\/image\/"},"sameAs":["https:\/\/www.facebook.com\/Gr100Bikes","https:\/\/www.instagram.com\/gr100bikes\/","https:\/\/www.tiktok.com\/@gr100bikes","https:\/\/twitter.com\/gr100mtbteam","https:\/\/www.youtube.com\/c\/GR100Specialized"]}]}},"_links":{"self":[{"href":"https:\/\/gr-100.com\/pt-pt\/wp-json\/wp\/v2\/product\/416277","targetHints":{"allow":["GET"]}}],"collection":[{"href":"https:\/\/gr-100.com\/pt-pt\/wp-json\/wp\/v2\/product"}],"about":[{"href":"https:\/\/gr-100.com\/pt-pt\/wp-json\/wp\/v2\/types\/product"}],"replies":[{"embeddable":true,"href":"https:\/\/gr-100.com\/pt-pt\/wp-json\/wp\/v2\/comments?post=416277"}],"wp:featuredmedia":[{"embeddable":true,"href":"https:\/\/gr-100.com\/pt-pt\/wp-json\/wp\/v2\/media\/416284"}],"wp:attachment":[{"href":"https:\/\/gr-100.com\/pt-pt\/wp-json\/wp\/v2\/media?parent=416277"}],"wp:term":[{"taxonomy":"product_brand","embeddable":true,"href":"https:\/\/gr-100.com\/pt-pt\/wp-json\/wp\/v2\/product_brand?post=416277"},{"taxonomy":"product_cat","embeddable":true,"href":"https:\/\/gr-100.com\/pt-pt\/wp-json\/wp\/v2\/product_cat?post=416277"},{"taxonomy":"product_tag","embeddable":true,"href":"https:\/\/gr-100.com\/pt-pt\/wp-json\/wp\/v2\/product_tag?post=416277"}],"curies":[{"name":"wp","href":"https:\/\/api.w.org\/{rel}","templated":true}]}}