{"id":416511,"date":"2025-09-18T14:05:57","date_gmt":"2025-09-18T12:05:57","guid":{"rendered":"https:\/\/gr-100.com\/?post_type=product&#038;p=416511"},"modified":"2026-04-07T12:48:16","modified_gmt":"2026-04-07T11:48:16","slug":"specialized-turbo-tero-x-5-0-2026","status":"publish","type":"product","link":"https:\/\/gr-100.com\/pt-pt\/producto\/specialized-turbo-tero-x-5-0-2026\/","title":{"rendered":"Specialized Turbo Tero X 5.0 2026"},"content":{"rendered":"<ul>\n<li>POTENTE: Pedalea m\u00e1s all\u00e1 del mapa con el rendimiento inigualable del motor Specialized Full Power 2.0 y el Sistema Operativo Turbo. El motor Specialized Full Power 2.0 es el mismo motor que llevan nuestras Turbo Levo &#8211; probado en los terrenos m\u00e1s abruptos, en las condiciones m\u00e1s duras, para asegurar la experiencia de la m\u00e1s alta calidad. Un sistema operativo inteligente para e-bikes que integra a la perfecci\u00f3n nuestro software y hardware totalmente personalizados y creados espec\u00edficamente para que puedas llegar m\u00e1s lejos y explorar m\u00e1s que nunca. Y lo que es m\u00e1s, la pantalla MasterMind proporciona una capacidad de ajuste instant\u00e1nea al alcance de la mano, adem\u00e1s de poder ver en todo momento el estimador de autonom\u00eda integrado para asegurarte de est\u00e1s sacando el m\u00e1ximo provecho la bicicleta. Adem\u00e1s, la pantalla MasterMind se sincroniza a la perfecci\u00f3n con la aplicaci\u00f3n Mission Control para permitir actualizaciones con herramientas integradas de optimizaci\u00f3n de la autonom\u00eda, ajustes avanzados, diagn\u00f3sticos sobre la marcha y mucho m\u00e1s.<\/li>\n<li>SUAVE: La confianza, el confort y el control de la Tero X, que devora los baches y aplana las rocas, doman los terrenos m\u00e1s rugosos. Gracias a una amplia suspensi\u00f3n delantera y trasera, una posici\u00f3n de conducci\u00f3n erguida, nuestros mundialmente conocidos neum\u00e1ticos Ground Control y la confianza de una tija telesc\u00f3pica, hemos hecho que sea m\u00e1s f\u00e1cil que nunca explorar rutas dif\u00edciles con confianza.<\/li>\n<li>VERS\u00c1TIL: Pedalea m\u00e1s all\u00e1 del horizonte con todo lo que necesitas. La Tero X est\u00e1 equipada con hasta 1.000 l\u00famenes de potencia de luz delantera, hasta 22 l\u00famenes de iluminaci\u00f3n de luz trasera y un portabultos trasero integrado que transporta con seguridad hasta 20 kg de equipaje para la aventura. Ah, \u00bfy nos olvidamos de mencionar el portabultos delantero adicional para 10 kg de almacenamiento adicional sobre la bicicleta? Parece que cualquier paseo es una buena idea.<\/li>\n<li>Motor Specialized Full Power 2.0 con 70Nm de torque y bater\u00eda de 710Wh proporcionan una asistencia de pedalada suave y natural y bater\u00eda de larga duraci\u00f3n.<\/li>\n<li>Nuestra aplicaci\u00f3n Mission Control y el MasterMind permiten personalizar la potencia de la Tero X seg\u00fan tus preferencias.<\/li>\n<li>La aplicaci\u00f3n Mission Control te da mayor seguridad al poder deshabilitar el motor y activar una alarma con el Turbo System Lock al igual que te permite actualizar la bicicleta de forma simple para que la bicicleta mejore con el tiempo.<\/li>\n<li>130\/120mm de doble suspensi\u00f3n. Horquilla RockShox Recon Silver y amortiguador RockShox Deluxe Select R para la mejor confianza control.<\/li>\n<li>La tija telesc\u00f3pica te permite trazar de forma m\u00e1s segura por las zonas m\u00e1s bacheadas a la vez que te facilita desmontarte de la bici cuando lo necesites.<\/li>\n<li>Los guardabarros DRYTECH te mantendr\u00e1n seco hasta tu destino.<\/li>\n<li>Los ic\u00f3nicos neum\u00e1ticos Ground Control Grid T7 te dar\u00e1n el agarre perfecto al terreno.<\/li>\n<li>El portabultos trasero con ra\u00edles laterales para alforja ofrece una capacidad de carga de 20 kg. Tambi\u00e9n compatible con el portabultos delantero y la placa Adventure para 10 kg adicionales de capacidad.<\/li>\n<li>Luz delantera Lezyne Classic integrada con 500 l\u00famenes y luz trasera Lezyne Fender.<\/li>\n<li>Para un control \u00f3ptimo de la conducci\u00f3n, la Tero X incorpora una combinaci\u00f3n de ruedas delanteras y traseras de 29&#8243;\/27,5&#8243;, tambi\u00e9n conocida como configuraci\u00f3n mullet, en todas las tallas excepto en la S.<\/li>\n<li>La S incorpora combinaciones de ruedas delanteras y traseras de 27,5&#8243;\/27,5&#8243;.<\/li>\n<li>ESPECIFICACIONES T\u00c9CNICAS<\/li>\n<li>E-bike<br \/>\nMotor<br \/>\nSpecialized 2.0, 70Nm torque, custom tuned motor, 250W nominal<br \/>\nPantalla de control\/Remoto<br \/>\nMasterMind TCD, w\/handlebar remote, built-in anti-theft feature, Bluetooth\u00ae connectivity, customizable display pages<br \/>\nBater\u00eda<br \/>\nSpecialized U2-710, integrated battery, state of charge display, 710Wh, UL<br \/>\nCargador<br \/>\nCustom charger, 42V4A w\/ Rosenberger plug, 100-240V<br \/>\nCableado el\u00e9ctrico<br \/>\nCustom wire harness<\/li>\n<li>Cuadro<br \/>\nCuadro<br \/>\nE5 Aluminum, full suspension, mullet style for M-XL, bottom bracket motor mount, fully integrated &amp; lockable downtube battery, internal cable routing, lock and front rack mount<br \/>\nAbrazadera del sill\u00edn<br \/>\nAlloy, 38.6mm<\/li>\n<li>Suspensi\u00f3n<br \/>\nAmortiguador trasero<br \/>\nRockShox Deluxe Select R, rebound adjust, 45x190mm<br \/>\nHorquilla<br \/>\nSram Pyslo Silver, Rebound-Compression, 29&#8243;, 130mm, 44mm offset<\/li>\n<li>Frenos<br \/>\nFreno delantero<br \/>\nSRAM DB6 4 Pistons<br \/>\nFreno trasero<br \/>\nSRAM DB6 4 Pistons<\/li>\n<li>Transmisi\u00f3n<br \/>\nDesviador trasero<br \/>\nSRAM Eagle 70 T-Type<br \/>\nManetas de cambio<br \/>\nSRAM Eagle 70 T-Type, single click with MMX<br \/>\nCassette<br \/>\nSRAM 1270 Transmission Cassette, 12 Spd,10-52t<br \/>\nCadena<br \/>\nSRAM 70 Transmission Chain<br \/>\nPlatos y bielas<br \/>\nPraxis forged M30, custom offset<br \/>\nPlatos<br \/>\nSRAM CR T-Type, 104BCD, 38T with Hexnut<\/li>\n<li>Ruedas y neum\u00e1ticos<br \/>\nLlantas<br \/>\nSpecialized 29, hookless alloy, 30mm inner width, tubeless ready<br \/>\nBuje delantero<br \/>\nSpecialized alloy front hub disc, sealed cartridge bearings, 6-bolt, 15x110mm thru-axle, 32h<br \/>\nBuje trasero<br \/>\nSpecialized alloy rear hub disc, sealed cartridge bearings, 6-Bolt, 12X148mm thru-axle, 28h, HD Steel Fhb<br \/>\nRadios<br \/>\nDT Swiss Elemental<br \/>\nNeum\u00e1tico delantero<br \/>\nSpecialized Ground Control, GRID Casing, T7 Compound, 29&#215;2.35<br \/>\nNeum\u00e1tico trasero<br \/>\nGround Control Grid T7, 2Bliss Ready, S: 27.5&#215;2.35, M-XL: 29&#215;2.35<br \/>\nC\u00e1maras<br \/>\nStandard, Presta Valve<\/li>\n<li>Cockpit<br \/>\nPotencia<br \/>\nSpecialized Stealth Stem, alloy, 14 deg, 31.8mm, integrated TCD mount<br \/>\nManillar<br \/>\nSpecialized Trail, 6061 alloy, 8-degree backsweep, 6-degree upsweep, 27mm rise, 31.8mm clamp, S 720mm, M-XL 750mm<br \/>\nPu\u00f1os<br \/>\nSpecialized Body Geometry<br \/>\nSill\u00edn<br \/>\nBridge Sport, Steel rails, 155mm<br \/>\nTija del sill\u00edn<br \/>\nTranzX dropper, 34.9mm, S1: 100mm, S2: 125mm, S3: 150mm. S4-S5: 170mm, S6- 200mm<\/li>\n<li>Accesorios<br \/>\nPedales<br \/>\nSpecialized Platform Pedal<br \/>\nLuz delantera<br \/>\nLezyne, Ebike Classic Stvzo E500, 500 Lumen, 160Cm Wire, With Reflector<br \/>\nLuz trasera<br \/>\nLezyne EBIKE FENDER REAR STVZO, wide light spread, 12V<br \/>\nPata de cabra<br \/>\nSpecialized kickstand, 40mm mount<br \/>\nPorta equipaje<br \/>\nSpecialized Pannier-rack, alloy tubing, max. 20kg load<br \/>\nGuardabarros<br \/>\nDrytech 65C Alloy Fender<br \/>\nCandado<br \/>\nTurbo System Lock<br \/>\nTimbre<br \/>\nSimple bell<\/li>\n<li>Peso<br \/>\nPeso<br \/>\n27.15 kg (59 lb, 13.7 oz)<br \/>\nTalla<br \/>\nMD<\/li>\n<\/ul>\n","protected":false},"excerpt":{"rendered":"<p>La nueva Turbo Tero X har\u00e1 que necesites un mapa m\u00e1s grande. Esta bicicleta el\u00e9ctrica de doble suspensi\u00f3n, con autonom\u00eda para ir a cualquier parte, es nuestro veh\u00edculo para explorar el m\u00e1s all\u00e1 por cualquier terreno. Adem\u00e1s, con capacidad de almacenamiento para guardar lo que necesites para tu nueva aventura. La \u00fanica pregunta que queda por hacer es \u00bfhacia d\u00f3nde?<\/p>\n","protected":false},"featured_media":416512,"comment_status":"open","ping_status":"closed","template":"","meta":{"_acf_changed":false,"_et_pb_use_builder":"","_et_pb_old_content":"","_et_gb_content_width":"","inline_featured_image":false},"product_brand":[],"product_cat":[420,5254,23,5212,5218,5219,5208,5220,5215],"product_tag":[],"class_list":{"0":"post-416511","1":"product","2":"type-product","3":"status-publish","4":"has-post-thumbnail","6":"product_cat-bicicletas","7":"product_cat-bicicletas-urbanas","8":"product_cat-bicicletas-electricas","9":"product_cat-bicicletas-electricas-aluminio","10":"product_cat-bicicletas-electricas-montana","11":"product_cat-bicicletas-electricas-paseo","12":"product_cat-bicicletas-electricas-specialized","13":"product_cat-bicicletas-electricas-trekking","14":"product_cat-bicicletas-electricas-urbanas","15":"product_shipping_class-bicicletas","17":"first","18":"instock","19":"taxable","20":"shipping-taxable","21":"purchasable","22":"product-type-variable","23":"wvs-archive-product-wrapper"},"acf":[],"yoast_head":"<!-- This site is optimized with the Yoast SEO Premium plugin v26.7 (Yoast SEO v26.7) - https:\/\/yoast.com\/wordpress\/plugins\/seo\/ -->\n<title>Specialized Turbo Tero X 5.0 2026 GR-100<\/title>\n<meta name=\"description\" content=\"La nueva Turbo Tero X har\u00e1 que necesites un mapa m\u00e1s grande. Esta bicicleta el\u00e9ctrica de doble suspensi\u00f3n, con autonom\u00eda para ir a cualquier parte, es nuestro veh\u00edculo para explorar el m\u00e1s all\u00e1 por cualquier terreno. Adem\u00e1s, con capacidad de almacenamiento para guardar lo que necesites para tu nueva aventura. La \u00fanica pregunta que queda por hacer es \u00bfhacia d\u00f3nde?\" \/>\n<meta name=\"robots\" content=\"index, follow, max-snippet:-1, max-image-preview:large, max-video-preview:-1\" \/>\n<link rel=\"canonical\" href=\"https:\/\/gr-100.com\/producto\/specialized-turbo-tero-x-5-0-2026\/\" \/>\n<meta property=\"og:locale\" content=\"pt_PT\" \/>\n<meta property=\"og:type\" content=\"article\" \/>\n<meta property=\"og:title\" content=\"Specialized Turbo Tero X 5.0 2026\" \/>\n<meta property=\"og:description\" content=\"La nueva Turbo Tero X har\u00e1 que necesites un mapa m\u00e1s grande. Esta bicicleta el\u00e9ctrica de doble suspensi\u00f3n, con autonom\u00eda para ir a cualquier parte, es nuestro veh\u00edculo para explorar el m\u00e1s all\u00e1 por cualquier terreno. Adem\u00e1s, con capacidad de almacenamiento para guardar lo que necesites para tu nueva aventura. La \u00fanica pregunta que queda por hacer es \u00bfhacia d\u00f3nde?\" \/>\n<meta property=\"og:url\" content=\"https:\/\/gr-100.com\/producto\/specialized-turbo-tero-x-5-0-2026\/\" \/>\n<meta property=\"og:site_name\" content=\"Gr-100 Tienda de ciclismo Specialized\" \/>\n<meta property=\"article:publisher\" content=\"https:\/\/www.facebook.com\/Gr100Bikes\" \/>\n<meta property=\"article:modified_time\" content=\"2026-04-07T11:48:16+00:00\" \/>\n<meta property=\"og:image\" content=\"https:\/\/gr-100.com\/wp-content\/uploads\/2025\/09\/Diseno-sin-titulo-2025-09-18T132143.520.jpg\" \/>\n\t<meta property=\"og:image:width\" content=\"1000\" \/>\n\t<meta property=\"og:image:height\" content=\"1000\" \/>\n\t<meta property=\"og:image:type\" content=\"image\/jpeg\" \/>\n<meta name=\"twitter:card\" content=\"summary_large_image\" \/>\n<meta name=\"twitter:label1\" content=\"Tempo estimado de leitura\" \/>\n\t<meta name=\"twitter:data1\" content=\"5 minutos\" \/>\n<script type=\"application\/ld+json\" class=\"yoast-schema-graph\">{\"@context\":\"https:\/\/schema.org\",\"@graph\":[{\"@type\":\"WebPage\",\"@id\":\"https:\/\/gr-100.com\/producto\/specialized-turbo-tero-x-5-0-2026\/\",\"url\":\"https:\/\/gr-100.com\/producto\/specialized-turbo-tero-x-5-0-2026\/\",\"name\":\"Specialized Turbo Tero X 5.0 2026 GR-100\",\"isPartOf\":{\"@id\":\"https:\/\/gr-100.com\/#website\"},\"primaryImageOfPage\":{\"@id\":\"https:\/\/gr-100.com\/producto\/specialized-turbo-tero-x-5-0-2026\/#primaryimage\"},\"image\":{\"@id\":\"https:\/\/gr-100.com\/producto\/specialized-turbo-tero-x-5-0-2026\/#primaryimage\"},\"thumbnailUrl\":\"https:\/\/gr-100.com\/wp-content\/uploads\/2025\/09\/Diseno-sin-titulo-2025-09-18T132143.520.jpg\",\"datePublished\":\"2025-09-18T12:05:57+00:00\",\"dateModified\":\"2026-04-07T11:48:16+00:00\",\"description\":\"La nueva Turbo Tero X har\u00e1 que necesites un mapa m\u00e1s grande. Esta bicicleta el\u00e9ctrica de doble suspensi\u00f3n, con autonom\u00eda para ir a cualquier parte, es nuestro veh\u00edculo para explorar el m\u00e1s all\u00e1 por cualquier terreno. Adem\u00e1s, con capacidad de almacenamiento para guardar lo que necesites para tu nueva aventura. La \u00fanica pregunta que queda por hacer es \u00bfhacia d\u00f3nde?\",\"breadcrumb\":{\"@id\":\"https:\/\/gr-100.com\/producto\/specialized-turbo-tero-x-5-0-2026\/#breadcrumb\"},\"inLanguage\":\"pt-PT\",\"potentialAction\":[{\"@type\":\"ReadAction\",\"target\":[\"https:\/\/gr-100.com\/producto\/specialized-turbo-tero-x-5-0-2026\/\"]}]},{\"@type\":\"ImageObject\",\"inLanguage\":\"pt-PT\",\"@id\":\"https:\/\/gr-100.com\/producto\/specialized-turbo-tero-x-5-0-2026\/#primaryimage\",\"url\":\"https:\/\/gr-100.com\/wp-content\/uploads\/2025\/09\/Diseno-sin-titulo-2025-09-18T132143.520.jpg\",\"contentUrl\":\"https:\/\/gr-100.com\/wp-content\/uploads\/2025\/09\/Diseno-sin-titulo-2025-09-18T132143.520.jpg\",\"width\":1000,\"height\":1000},{\"@type\":\"BreadcrumbList\",\"@id\":\"https:\/\/gr-100.com\/producto\/specialized-turbo-tero-x-5-0-2026\/#breadcrumb\",\"itemListElement\":[{\"@type\":\"ListItem\",\"position\":1,\"name\":\"Portada\",\"item\":\"https:\/\/gr-100.com\/en\/\"},{\"@type\":\"ListItem\",\"position\":2,\"name\":\"Productos\",\"item\":\"https:\/\/gr-100.com\/?post_type=product\"},{\"@type\":\"ListItem\",\"position\":3,\"name\":\"Specialized Turbo Tero X 5.0 2026\"}]},{\"@type\":\"WebSite\",\"@id\":\"https:\/\/gr-100.com\/#website\",\"url\":\"https:\/\/gr-100.com\/\",\"name\":\"Gr-100 Tienda de ciclismo Specialized\",\"description\":\"GR-100 tenemos todas las gamas de bicicletas Specialized al mejor precio.\",\"publisher\":{\"@id\":\"https:\/\/gr-100.com\/#organization\"},\"alternateName\":\"Gr-100 Bikes\",\"potentialAction\":[{\"@type\":\"SearchAction\",\"target\":{\"@type\":\"EntryPoint\",\"urlTemplate\":\"https:\/\/gr-100.com\/?s={search_term_string}\"},\"query-input\":{\"@type\":\"PropertyValueSpecification\",\"valueRequired\":true,\"valueName\":\"search_term_string\"}}],\"inLanguage\":\"pt-PT\"},{\"@type\":\"Organization\",\"@id\":\"https:\/\/gr-100.com\/#organization\",\"name\":\"Gr-100\",\"url\":\"https:\/\/gr-100.com\/\",\"logo\":{\"@type\":\"ImageObject\",\"inLanguage\":\"pt-PT\",\"@id\":\"https:\/\/gr-100.com\/#\/schema\/logo\/image\/\",\"url\":\"https:\/\/gr-100.com\/wp-content\/uploads\/2023\/08\/logo-gr-100-bikes.png\",\"contentUrl\":\"https:\/\/gr-100.com\/wp-content\/uploads\/2023\/08\/logo-gr-100-bikes.png\",\"width\":707,\"height\":284,\"caption\":\"Gr-100\"},\"image\":{\"@id\":\"https:\/\/gr-100.com\/#\/schema\/logo\/image\/\"},\"sameAs\":[\"https:\/\/www.facebook.com\/Gr100Bikes\",\"https:\/\/www.instagram.com\/gr100bikes\/\",\"https:\/\/www.tiktok.com\/@gr100bikes\",\"https:\/\/twitter.com\/gr100mtbteam\",\"https:\/\/www.youtube.com\/c\/GR100Specialized\"]}]}<\/script>\n<!-- \/ Yoast SEO Premium plugin. -->","yoast_head_json":{"title":"Specialized Turbo Tero X 5.0 2026 GR-100","description":"La nueva Turbo Tero X har\u00e1 que necesites un mapa m\u00e1s grande. Esta bicicleta el\u00e9ctrica de doble suspensi\u00f3n, con autonom\u00eda para ir a cualquier parte, es nuestro veh\u00edculo para explorar el m\u00e1s all\u00e1 por cualquier terreno. Adem\u00e1s, con capacidad de almacenamiento para guardar lo que necesites para tu nueva aventura. La \u00fanica pregunta que queda por hacer es \u00bfhacia d\u00f3nde?","robots":{"index":"index","follow":"follow","max-snippet":"max-snippet:-1","max-image-preview":"max-image-preview:large","max-video-preview":"max-video-preview:-1"},"canonical":"https:\/\/gr-100.com\/producto\/specialized-turbo-tero-x-5-0-2026\/","og_locale":"pt_PT","og_type":"article","og_title":"Specialized Turbo Tero X 5.0 2026","og_description":"La nueva Turbo Tero X har\u00e1 que necesites un mapa m\u00e1s grande. Esta bicicleta el\u00e9ctrica de doble suspensi\u00f3n, con autonom\u00eda para ir a cualquier parte, es nuestro veh\u00edculo para explorar el m\u00e1s all\u00e1 por cualquier terreno. Adem\u00e1s, con capacidad de almacenamiento para guardar lo que necesites para tu nueva aventura. La \u00fanica pregunta que queda por hacer es \u00bfhacia d\u00f3nde?","og_url":"https:\/\/gr-100.com\/producto\/specialized-turbo-tero-x-5-0-2026\/","og_site_name":"Gr-100 Tienda de ciclismo Specialized","article_publisher":"https:\/\/www.facebook.com\/Gr100Bikes","article_modified_time":"2026-04-07T11:48:16+00:00","og_image":[{"width":1000,"height":1000,"url":"https:\/\/gr-100.com\/wp-content\/uploads\/2025\/09\/Diseno-sin-titulo-2025-09-18T132143.520.jpg","type":"image\/jpeg"}],"twitter_card":"summary_large_image","twitter_misc":{"Tempo estimado de leitura":"5 minutos"},"schema":{"@context":"https:\/\/schema.org","@graph":[{"@type":"WebPage","@id":"https:\/\/gr-100.com\/producto\/specialized-turbo-tero-x-5-0-2026\/","url":"https:\/\/gr-100.com\/producto\/specialized-turbo-tero-x-5-0-2026\/","name":"Specialized Turbo Tero X 5.0 2026 GR-100","isPartOf":{"@id":"https:\/\/gr-100.com\/#website"},"primaryImageOfPage":{"@id":"https:\/\/gr-100.com\/producto\/specialized-turbo-tero-x-5-0-2026\/#primaryimage"},"image":{"@id":"https:\/\/gr-100.com\/producto\/specialized-turbo-tero-x-5-0-2026\/#primaryimage"},"thumbnailUrl":"https:\/\/gr-100.com\/wp-content\/uploads\/2025\/09\/Diseno-sin-titulo-2025-09-18T132143.520.jpg","datePublished":"2025-09-18T12:05:57+00:00","dateModified":"2026-04-07T11:48:16+00:00","description":"La nueva Turbo Tero X har\u00e1 que necesites un mapa m\u00e1s grande. Esta bicicleta el\u00e9ctrica de doble suspensi\u00f3n, con autonom\u00eda para ir a cualquier parte, es nuestro veh\u00edculo para explorar el m\u00e1s all\u00e1 por cualquier terreno. Adem\u00e1s, con capacidad de almacenamiento para guardar lo que necesites para tu nueva aventura. La \u00fanica pregunta que queda por hacer es \u00bfhacia d\u00f3nde?","breadcrumb":{"@id":"https:\/\/gr-100.com\/producto\/specialized-turbo-tero-x-5-0-2026\/#breadcrumb"},"inLanguage":"pt-PT","potentialAction":[{"@type":"ReadAction","target":["https:\/\/gr-100.com\/producto\/specialized-turbo-tero-x-5-0-2026\/"]}]},{"@type":"ImageObject","inLanguage":"pt-PT","@id":"https:\/\/gr-100.com\/producto\/specialized-turbo-tero-x-5-0-2026\/#primaryimage","url":"https:\/\/gr-100.com\/wp-content\/uploads\/2025\/09\/Diseno-sin-titulo-2025-09-18T132143.520.jpg","contentUrl":"https:\/\/gr-100.com\/wp-content\/uploads\/2025\/09\/Diseno-sin-titulo-2025-09-18T132143.520.jpg","width":1000,"height":1000},{"@type":"BreadcrumbList","@id":"https:\/\/gr-100.com\/producto\/specialized-turbo-tero-x-5-0-2026\/#breadcrumb","itemListElement":[{"@type":"ListItem","position":1,"name":"Portada","item":"https:\/\/gr-100.com\/en\/"},{"@type":"ListItem","position":2,"name":"Productos","item":"https:\/\/gr-100.com\/?post_type=product"},{"@type":"ListItem","position":3,"name":"Specialized Turbo Tero X 5.0 2026"}]},{"@type":"WebSite","@id":"https:\/\/gr-100.com\/#website","url":"https:\/\/gr-100.com\/","name":"Gr-100 Tienda de ciclismo Specialized","description":"GR-100 tenemos todas las gamas de bicicletas Specialized al mejor precio.","publisher":{"@id":"https:\/\/gr-100.com\/#organization"},"alternateName":"Gr-100 Bikes","potentialAction":[{"@type":"SearchAction","target":{"@type":"EntryPoint","urlTemplate":"https:\/\/gr-100.com\/?s={search_term_string}"},"query-input":{"@type":"PropertyValueSpecification","valueRequired":true,"valueName":"search_term_string"}}],"inLanguage":"pt-PT"},{"@type":"Organization","@id":"https:\/\/gr-100.com\/#organization","name":"Gr-100","url":"https:\/\/gr-100.com\/","logo":{"@type":"ImageObject","inLanguage":"pt-PT","@id":"https:\/\/gr-100.com\/#\/schema\/logo\/image\/","url":"https:\/\/gr-100.com\/wp-content\/uploads\/2023\/08\/logo-gr-100-bikes.png","contentUrl":"https:\/\/gr-100.com\/wp-content\/uploads\/2023\/08\/logo-gr-100-bikes.png","width":707,"height":284,"caption":"Gr-100"},"image":{"@id":"https:\/\/gr-100.com\/#\/schema\/logo\/image\/"},"sameAs":["https:\/\/www.facebook.com\/Gr100Bikes","https:\/\/www.instagram.com\/gr100bikes\/","https:\/\/www.tiktok.com\/@gr100bikes","https:\/\/twitter.com\/gr100mtbteam","https:\/\/www.youtube.com\/c\/GR100Specialized"]}]}},"_links":{"self":[{"href":"https:\/\/gr-100.com\/pt-pt\/wp-json\/wp\/v2\/product\/416511","targetHints":{"allow":["GET"]}}],"collection":[{"href":"https:\/\/gr-100.com\/pt-pt\/wp-json\/wp\/v2\/product"}],"about":[{"href":"https:\/\/gr-100.com\/pt-pt\/wp-json\/wp\/v2\/types\/product"}],"replies":[{"embeddable":true,"href":"https:\/\/gr-100.com\/pt-pt\/wp-json\/wp\/v2\/comments?post=416511"}],"wp:featuredmedia":[{"embeddable":true,"href":"https:\/\/gr-100.com\/pt-pt\/wp-json\/wp\/v2\/media\/416512"}],"wp:attachment":[{"href":"https:\/\/gr-100.com\/pt-pt\/wp-json\/wp\/v2\/media?parent=416511"}],"wp:term":[{"taxonomy":"product_brand","embeddable":true,"href":"https:\/\/gr-100.com\/pt-pt\/wp-json\/wp\/v2\/product_brand?post=416511"},{"taxonomy":"product_cat","embeddable":true,"href":"https:\/\/gr-100.com\/pt-pt\/wp-json\/wp\/v2\/product_cat?post=416511"},{"taxonomy":"product_tag","embeddable":true,"href":"https:\/\/gr-100.com\/pt-pt\/wp-json\/wp\/v2\/product_tag?post=416511"}],"curies":[{"name":"wp","href":"https:\/\/api.w.org\/{rel}","templated":true}]}}