{"id":416601,"date":"2025-09-01T15:57:29","date_gmt":"2025-09-01T13:57:29","guid":{"rendered":"https:\/\/gr-100.com\/?post_type=product&p=416601"},"modified":"2025-12-18T16:44:31","modified_gmt":"2025-12-18T14:44:31","slug":"specialized-turbo-levo-comp-carbon-1","status":"publish","type":"product","link":"https:\/\/gr-100.com\/pt-pt\/producto\/specialized-turbo-levo-comp-carbon-1\/","title":{"rendered":"Specialized Turbo Levo Comp Carbon 1"},"content":{"rendered":"<ul>\n<li>A Unidade de Controlo MasterMind Turbo \u00e9 o seu centro de informa\u00e7\u00e3o com campos de visualiza\u00e7\u00e3o personaliz\u00e1veis, incluindo a percentagem exata do n\u00edvel da bateria, apresenta a nova funcionalidade MicroTune para ajustar a entrega de energia em incrementos de 10%, para que obtenha exatamente a assist\u00eancia de que precisa quando quiser.<\/li>\n<li>Um design exclusivo &#8220;Mullet&#8221; com roda de 27,5&#8243; na traseira e 29&#8243; na dianteira oferece uma condu\u00e7\u00e3o \u00e1gil contra outros e-MTBs. O espa\u00e7oso cockpit foca-o na moto, otimizando a tra\u00e7\u00e3o e o controlo em curva. O suporte inferior baixo, o \u00e2ngulo relaxado do tubo principal e o corte reduzido do garfo mant\u00eam a estabilidade em terrenos dif\u00edceis.  <\/li>\n<li>O Levo oferece seis configura\u00e7\u00f5es de geometria diferentes, permitindo-lhe melhorar facilmente o seu desempenho para qualquer estilo e tipo de terreno. . O \u00e2ngulo da cabe\u00e7a pode ser ajustado entre 63 e 65,5 graus. A altura do suporte inferior tamb\u00e9m pode ser ajustada para cima ou para baixo em 7 mm. <\/li>\n<li>O curso inspirado no enduro de 150 mm do Levo \u00e9 flex\u00edvel em pequenos solavancos, devorando impactos em grandes cortes sem solavancos, comendo sa\u00eddas de canto no caf\u00e9 da manh\u00e3, mas ao mesmo tempo oferecendo uma resposta incr\u00edvel do pedal e entregando sua pot\u00eancia ao solo com total efici\u00eancia.<\/li>\n<li>O S-Sizing do Levo baseia-se no que importa: o tamanho e estilo do piloto, n\u00e3o a virilha. Seis tamanhos, todos com comprimentos de tubo de cabe\u00e7a semelhantes, permitem-lhe escolher o tamanho que melhor se adapta ao seu estilo individual. Os pequenos n\u00fameros S ser\u00e3o \u00e1geis e responsivos, enquanto os grandes n\u00fameros S oferecem mais estabilidade e uma condu\u00e7\u00e3o mais orientada para o espa\u00e7o  <\/li>\n<\/ul>\n<p>O Levo oferece seis configura\u00e7\u00f5es de geometria diferentes, permitindo-lhe melhorar facilmente o seu desempenho para qualquer estilo e tipo de terreno. O \u00e2ngulo da cabe\u00e7a pode ser ajustado entre 63 e 65,5 graus. A altura do suporte inferior tamb\u00e9m pode ser ajustada para cima ou para baixo em 7 mm. <\/p>\n<p><strong>CARATER\u00cdSTICAS:<\/strong><\/p>\n<ul>\n<li><strong>E-bicicleta<\/strong><br \/>\nWIRED<br \/>\nCustom Specialized chicote<br \/>\nde fia\u00e7\u00e3o CHARGER Carregador<br \/>\npersonalizado, 42V4A w \/ Rosenberger plug, 100-240V<br \/>\nMOTOR<br \/>\nSpecialized 2.2 Custom Rx Trail Tuned Motor<br \/>\nBATERIA<br \/>\nSpecialized M3-700, bateria integrada, 700Wh<br \/>\nUI\/REMOTE<br \/>\nTCU MasterMind especializado, porcentagem da carga restante, 120 configura\u00e7\u00f5es de exibi\u00e7\u00e3o poss\u00edveis, ajuste de assist\u00eancia MicroTune, ANT + \/ Bluetooth\u00ae, w \/ Handlebar remoto<\/li>\n<li><strong>Cabine de pilotagem<\/strong><br \/>\nSTEM<br \/>\nAlloy Trail Stem, 35mm bar furo<br \/>\nSADDLE<br \/>\nBridge Comp, trilhos ocos Cr-mo, 155\/143mm<br \/>\nPunhos<br \/>\nde trilha especializados<br \/>\nGUID\u00c3O<br \/>\nEspecializado, liga 6061, upsweep de 6 graus, backsweep de 8 graus, eleva\u00e7\u00e3o de 30mm, largura de 780mm<br \/>\nSEATPOST<br \/>\nX-Fusion Manic, infinitamente ajust\u00e1vel, cabe\u00e7a de dois parafusos, roteamento de cabo de montagem inferior, alavanca SLR LE remota, 34.9, S1: 100mm, S2: 125mm, S3: 150mm,  S4\/S5: 170mm, S6: 190mm<\/li>\n<li><strong>Imagem<\/strong><br \/>\nABRA\u00c7O. Liga de selim<br \/>\n, 38,6 mm<br \/>\nFACT FRAME<br \/>\n11m full carbon, 29&#8243; roda dianteira, 27,5&#8243; roda traseira, roteamento de cabo interno completo, espa\u00e7amento de 148mm, rolamentos de cartucho totalmente selados, 150mm de curso, geo ajustar tubo de cabe\u00e7a, geo ajustar piv\u00f4 horst <\/li>\n<li><strong>Suspens\u00e3o<\/strong><br \/>\nFOX FLOAT X Performance shock<br \/>\n, LSR, alavanca de 2 posi\u00e7\u00f5es, 55x210mm<br \/>\nFox 36 Rhythm FORK<br \/>\n, 29&#8243;, 44mm offset, amortecedor de ader\u00eancia, S1: 150mm, S2-S6: curso de 160mm<\/li>\n<li><strong>Trav\u00f5es<\/strong><br \/>\nCARRINHO DE FREIO TRASEIRO<br \/>\nC\u00f3digo RS, pin\u00e7a de 4 pist\u00f5es, disco hidr\u00e1ulico, 200mm<br \/>\nFREIO DIANTEIRO<br \/>\nSRAM C\u00f3digo RS, pin\u00e7a de 4 pist\u00f5es, disco hidr\u00e1ulico, S\/M: 200mm, L\/XL: 220mm<\/li>\n<li><strong>Transmiss\u00e3o<\/strong><br \/>\nSUPORTE<br \/>\nINFERIOR Praxis Forged\/Custom Offset\/ISIS Spindle Interface, 160mm<br \/>\nSRAM GX Eagle GEAR<br \/>\n, 12 velocidades<br \/>\nSRAM GX SHIFTERS<br \/>\n, gatilho, 12 velocidades<br \/>\nSRAM NX Eagle CHAINRING<br \/>\n, 12 velocidades<br \/>\nSRAM X-Sync Eagle CHAINRINGS, 104 BCD, 34t, a\u00e7o<br \/>\nSRAM XG-1275 CASSETTE,<br \/>\n 12 velocidades<br \/>\n, 10-52t<\/li>\n<li><strong>Rodas<\/strong><br \/>\nLiga do CUBO TRASEIRO<br \/>\n, rolamentos de cartucho selados, eixo thru 148mmx12mm, liga FRONT HUB<br \/>\n28h<br \/>\n, rolamentos de cartucho selado, eixo thru 15x110mm, pneu DIANTEIRO 28h<br \/>\n.<br \/>\nTalho, carca\u00e7a GRID TRAIL, composto GRIPTON\u00ae T9, 2Bliss Ready, 29&#215;2.6&#8243;<br \/>\nSPOKES DT Swiss Industry<br \/>\nREAR TIRE<br \/>\nEliminator, GRID TRAIL inv\u00f3lucro, GRIPTON\u00ae T7 composto, 2Bliss Ready, 27.5&#215;2.6&#8243;<br \/>\n RIMS<br \/>\nSpecialized 29, liga sem gancho, 30mm de largura interna, tubeless ready<br \/>\nTUBES<\/p>\n<p>Standard, Presta Valve<\/li>\n<li><strong>Acess\u00f3rios<\/strong><br \/>\nPEDAIS<br \/>\nPEDAIS, PEDAIS TEST RIDE FORNECIDOS PELA SWAT<br \/>\nSWAT ESPECIALIZADA<br \/>\nTubo de dire\u00e7\u00e3o CC ferramenta integrada com ferramenta de corrente e elo<\/li>\n<li><strong>Peso<\/strong><br \/>\n22,8 kg (50 lb, 4,2 oz)<\/li>\n<\/ul>\n","protected":false},"excerpt":{"rendered":"<p>O motor Full Power 2.2 Turbo totalmente integrado da Levo, a bateria de 700 Wh e a avan\u00e7ada unidade de controlo MasterMind Turbo fornecem 90 Nm de bin\u00e1rio e 565 watts de pot\u00eancia l\u00edder da classe para at\u00e9 cinco horas de condu\u00e7\u00e3o, permitindo-lhe conduzir mais longe e mais r\u00e1pido do que nunca.<\/p>\n","protected":false},"featured_media":297895,"comment_status":"open","ping_status":"closed","template":"","meta":{"_acf_changed":false,"_et_pb_use_builder":"","_et_pb_old_content":"","_et_gb_content_width":"","inline_featured_image":false},"product_brand":[],"product_cat":[20,378],"product_tag":[],"class_list":{"0":"post-416601","1":"product","2":"type-product","3":"status-publish","4":"has-post-thumbnail","6":"product_cat-bicicletas-de-carretera","7":"product_cat-estrada","9":"first","10":"instock","11":"sale","12":"taxable","13":"shipping-taxable","14":"purchasable","15":"product-type-variable","16":"wvs-archive-product-wrapper"},"acf":[],"yoast_head":"<!-- This site is optimized with the Yoast SEO Premium plugin v26.7 (Yoast SEO v26.7) - https:\/\/yoast.com\/wordpress\/plugins\/seo\/ -->\n<title>Specialized Turbo Levo Comp Carbon 1 Oferta GR-100<\/title>\n<meta name=\"description\" content=\"O motor 2.2 Turbo de pot\u00eancia total, a bateria de 700 Wh e a avan\u00e7ada unidade de controlo MasterMind Turbo fornecem 90 Nm de bin\u00e1rio e 565 watts de pot\u00eancia\" \/>\n<meta name=\"robots\" content=\"index, follow, max-snippet:-1, max-image-preview:large, max-video-preview:-1\" \/>\n<link rel=\"canonical\" href=\"https:\/\/gr-100.com\/pt-pt\/producto\/specialized-turbo-levo-comp-carbon-1\/\" \/>\n<meta property=\"og:locale\" content=\"pt_PT\" \/>\n<meta property=\"og:type\" content=\"article\" \/>\n<meta property=\"og:title\" content=\"Specialized Turbo Levo Comp Carbon 1\" \/>\n<meta property=\"og:description\" content=\"O motor 2.2 Turbo de pot\u00eancia total, a bateria de 700 Wh e a avan\u00e7ada unidade de controlo MasterMind Turbo fornecem 90 Nm de bin\u00e1rio e 565 watts de pot\u00eancia\" \/>\n<meta property=\"og:url\" content=\"https:\/\/gr-100.com\/pt-pt\/producto\/specialized-turbo-levo-comp-carbon-1\/\" \/>\n<meta property=\"og:site_name\" content=\"Gr-100 Tienda de ciclismo Specialized\" \/>\n<meta property=\"article:publisher\" content=\"https:\/\/www.facebook.com\/Gr100Bikes\" \/>\n<meta property=\"article:modified_time\" content=\"2025-12-18T14:44:31+00:00\" \/>\n<meta property=\"og:image\" content=\"https:\/\/gr-100.com\/wp-content\/uploads\/2024\/07\/95223-52_LEVO-COMP-CARBON-WHTSGE-DPLAKE_FDSQ-1-scaled.webp\" \/>\n\t<meta property=\"og:image:width\" content=\"2560\" \/>\n\t<meta property=\"og:image:height\" content=\"2018\" \/>\n\t<meta property=\"og:image:type\" content=\"image\/webp\" \/>\n<meta name=\"twitter:card\" content=\"summary_large_image\" \/>\n<meta name=\"twitter:label1\" content=\"Tempo estimado de leitura\" \/>\n\t<meta name=\"twitter:data1\" content=\"4 minutos\" \/>\n<script type=\"application\/ld+json\" class=\"yoast-schema-graph\">{\"@context\":\"https:\/\/schema.org\",\"@graph\":[{\"@type\":\"WebPage\",\"@id\":\"https:\/\/gr-100.com\/pt-pt\/producto\/specialized-turbo-levo-comp-carbon-1\/\",\"url\":\"https:\/\/gr-100.com\/pt-pt\/producto\/specialized-turbo-levo-comp-carbon-1\/\",\"name\":\"Specialized Turbo Levo Comp Carbon 1 Oferta GR-100\",\"isPartOf\":{\"@id\":\"https:\/\/gr-100.com\/#website\"},\"primaryImageOfPage\":{\"@id\":\"https:\/\/gr-100.com\/pt-pt\/producto\/specialized-turbo-levo-comp-carbon-1\/#primaryimage\"},\"image\":{\"@id\":\"https:\/\/gr-100.com\/pt-pt\/producto\/specialized-turbo-levo-comp-carbon-1\/#primaryimage\"},\"thumbnailUrl\":\"https:\/\/gr-100.com\/wp-content\/uploads\/2024\/05\/95223-52_LEVO-COMP-CARBON-W.jpg\",\"datePublished\":\"2025-09-01T13:57:29+00:00\",\"dateModified\":\"2025-12-18T14:44:31+00:00\",\"description\":\"O motor 2.2 Turbo de pot\u00eancia total, a bateria de 700 Wh e a avan\u00e7ada unidade de controlo MasterMind Turbo fornecem 90 Nm de bin\u00e1rio e 565 watts de pot\u00eancia\",\"breadcrumb\":{\"@id\":\"https:\/\/gr-100.com\/pt-pt\/producto\/specialized-turbo-levo-comp-carbon-1\/#breadcrumb\"},\"inLanguage\":\"pt-PT\",\"potentialAction\":[{\"@type\":\"ReadAction\",\"target\":[\"https:\/\/gr-100.com\/pt-pt\/producto\/specialized-turbo-levo-comp-carbon-1\/\"]}]},{\"@type\":\"ImageObject\",\"inLanguage\":\"pt-PT\",\"@id\":\"https:\/\/gr-100.com\/pt-pt\/producto\/specialized-turbo-levo-comp-carbon-1\/#primaryimage\",\"url\":\"https:\/\/gr-100.com\/wp-content\/uploads\/2024\/05\/95223-52_LEVO-COMP-CARBON-W.jpg\",\"contentUrl\":\"https:\/\/gr-100.com\/wp-content\/uploads\/2024\/05\/95223-52_LEVO-COMP-CARBON-W.jpg\",\"width\":1000,\"height\":1000},{\"@type\":\"BreadcrumbList\",\"@id\":\"https:\/\/gr-100.com\/pt-pt\/producto\/specialized-turbo-levo-comp-carbon-1\/#breadcrumb\",\"itemListElement\":[{\"@type\":\"ListItem\",\"position\":1,\"name\":\"Portada\",\"item\":\"https:\/\/gr-100.com\/en\/\"},{\"@type\":\"ListItem\",\"position\":2,\"name\":\"Productos\",\"item\":\"https:\/\/gr-100.com\/?post_type=product\"},{\"@type\":\"ListItem\",\"position\":3,\"name\":\"Privado: Specialized Turbo Levo Comp Carbon 1\"}]},{\"@type\":\"WebSite\",\"@id\":\"https:\/\/gr-100.com\/#website\",\"url\":\"https:\/\/gr-100.com\/\",\"name\":\"Gr-100 Tienda de ciclismo Specialized\",\"description\":\"GR-100 tenemos todas las gamas de bicicletas Specialized al mejor precio.\",\"publisher\":{\"@id\":\"https:\/\/gr-100.com\/#organization\"},\"alternateName\":\"Gr-100 Bikes\",\"potentialAction\":[{\"@type\":\"SearchAction\",\"target\":{\"@type\":\"EntryPoint\",\"urlTemplate\":\"https:\/\/gr-100.com\/?s={search_term_string}\"},\"query-input\":{\"@type\":\"PropertyValueSpecification\",\"valueRequired\":true,\"valueName\":\"search_term_string\"}}],\"inLanguage\":\"pt-PT\"},{\"@type\":\"Organization\",\"@id\":\"https:\/\/gr-100.com\/#organization\",\"name\":\"Gr-100\",\"url\":\"https:\/\/gr-100.com\/\",\"logo\":{\"@type\":\"ImageObject\",\"inLanguage\":\"pt-PT\",\"@id\":\"https:\/\/gr-100.com\/#\/schema\/logo\/image\/\",\"url\":\"https:\/\/gr-100.com\/wp-content\/uploads\/2023\/08\/logo-gr-100-bikes.png\",\"contentUrl\":\"https:\/\/gr-100.com\/wp-content\/uploads\/2023\/08\/logo-gr-100-bikes.png\",\"width\":707,\"height\":284,\"caption\":\"Gr-100\"},\"image\":{\"@id\":\"https:\/\/gr-100.com\/#\/schema\/logo\/image\/\"},\"sameAs\":[\"https:\/\/www.facebook.com\/Gr100Bikes\",\"https:\/\/www.instagram.com\/gr100bikes\/\",\"https:\/\/www.tiktok.com\/@gr100bikes\",\"https:\/\/twitter.com\/gr100mtbteam\",\"https:\/\/www.youtube.com\/c\/GR100Specialized\"]}]}<\/script>\n<!-- \/ Yoast SEO Premium plugin. -->","yoast_head_json":{"title":"Specialized Turbo Levo Comp Carbon 1 Oferta GR-100","description":"O motor 2.2 Turbo de pot\u00eancia total, a bateria de 700 Wh e a avan\u00e7ada unidade de controlo MasterMind Turbo fornecem 90 Nm de bin\u00e1rio e 565 watts de pot\u00eancia","robots":{"index":"index","follow":"follow","max-snippet":"max-snippet:-1","max-image-preview":"max-image-preview:large","max-video-preview":"max-video-preview:-1"},"canonical":"https:\/\/gr-100.com\/pt-pt\/producto\/specialized-turbo-levo-comp-carbon-1\/","og_locale":"pt_PT","og_type":"article","og_title":"Specialized Turbo Levo Comp Carbon 1","og_description":"O motor 2.2 Turbo de pot\u00eancia total, a bateria de 700 Wh e a avan\u00e7ada unidade de controlo MasterMind Turbo fornecem 90 Nm de bin\u00e1rio e 565 watts de pot\u00eancia","og_url":"https:\/\/gr-100.com\/pt-pt\/producto\/specialized-turbo-levo-comp-carbon-1\/","og_site_name":"Gr-100 Tienda de ciclismo Specialized","article_publisher":"https:\/\/www.facebook.com\/Gr100Bikes","article_modified_time":"2025-12-18T14:44:31+00:00","og_image":[{"width":2560,"height":2018,"url":"https:\/\/gr-100.com\/wp-content\/uploads\/2024\/07\/95223-52_LEVO-COMP-CARBON-WHTSGE-DPLAKE_FDSQ-1-scaled.webp","type":"image\/webp"}],"twitter_card":"summary_large_image","twitter_misc":{"Tempo estimado de leitura":"4 minutos"},"schema":{"@context":"https:\/\/schema.org","@graph":[{"@type":"WebPage","@id":"https:\/\/gr-100.com\/pt-pt\/producto\/specialized-turbo-levo-comp-carbon-1\/","url":"https:\/\/gr-100.com\/pt-pt\/producto\/specialized-turbo-levo-comp-carbon-1\/","name":"Specialized Turbo Levo Comp Carbon 1 Oferta GR-100","isPartOf":{"@id":"https:\/\/gr-100.com\/#website"},"primaryImageOfPage":{"@id":"https:\/\/gr-100.com\/pt-pt\/producto\/specialized-turbo-levo-comp-carbon-1\/#primaryimage"},"image":{"@id":"https:\/\/gr-100.com\/pt-pt\/producto\/specialized-turbo-levo-comp-carbon-1\/#primaryimage"},"thumbnailUrl":"https:\/\/gr-100.com\/wp-content\/uploads\/2024\/05\/95223-52_LEVO-COMP-CARBON-W.jpg","datePublished":"2025-09-01T13:57:29+00:00","dateModified":"2025-12-18T14:44:31+00:00","description":"O motor 2.2 Turbo de pot\u00eancia total, a bateria de 700 Wh e a avan\u00e7ada unidade de controlo MasterMind Turbo fornecem 90 Nm de bin\u00e1rio e 565 watts de pot\u00eancia","breadcrumb":{"@id":"https:\/\/gr-100.com\/pt-pt\/producto\/specialized-turbo-levo-comp-carbon-1\/#breadcrumb"},"inLanguage":"pt-PT","potentialAction":[{"@type":"ReadAction","target":["https:\/\/gr-100.com\/pt-pt\/producto\/specialized-turbo-levo-comp-carbon-1\/"]}]},{"@type":"ImageObject","inLanguage":"pt-PT","@id":"https:\/\/gr-100.com\/pt-pt\/producto\/specialized-turbo-levo-comp-carbon-1\/#primaryimage","url":"https:\/\/gr-100.com\/wp-content\/uploads\/2024\/05\/95223-52_LEVO-COMP-CARBON-W.jpg","contentUrl":"https:\/\/gr-100.com\/wp-content\/uploads\/2024\/05\/95223-52_LEVO-COMP-CARBON-W.jpg","width":1000,"height":1000},{"@type":"BreadcrumbList","@id":"https:\/\/gr-100.com\/pt-pt\/producto\/specialized-turbo-levo-comp-carbon-1\/#breadcrumb","itemListElement":[{"@type":"ListItem","position":1,"name":"Portada","item":"https:\/\/gr-100.com\/en\/"},{"@type":"ListItem","position":2,"name":"Productos","item":"https:\/\/gr-100.com\/?post_type=product"},{"@type":"ListItem","position":3,"name":"Privado: Specialized Turbo Levo Comp Carbon 1"}]},{"@type":"WebSite","@id":"https:\/\/gr-100.com\/#website","url":"https:\/\/gr-100.com\/","name":"Gr-100 Tienda de ciclismo Specialized","description":"GR-100 tenemos todas las gamas de bicicletas Specialized al mejor precio.","publisher":{"@id":"https:\/\/gr-100.com\/#organization"},"alternateName":"Gr-100 Bikes","potentialAction":[{"@type":"SearchAction","target":{"@type":"EntryPoint","urlTemplate":"https:\/\/gr-100.com\/?s={search_term_string}"},"query-input":{"@type":"PropertyValueSpecification","valueRequired":true,"valueName":"search_term_string"}}],"inLanguage":"pt-PT"},{"@type":"Organization","@id":"https:\/\/gr-100.com\/#organization","name":"Gr-100","url":"https:\/\/gr-100.com\/","logo":{"@type":"ImageObject","inLanguage":"pt-PT","@id":"https:\/\/gr-100.com\/#\/schema\/logo\/image\/","url":"https:\/\/gr-100.com\/wp-content\/uploads\/2023\/08\/logo-gr-100-bikes.png","contentUrl":"https:\/\/gr-100.com\/wp-content\/uploads\/2023\/08\/logo-gr-100-bikes.png","width":707,"height":284,"caption":"Gr-100"},"image":{"@id":"https:\/\/gr-100.com\/#\/schema\/logo\/image\/"},"sameAs":["https:\/\/www.facebook.com\/Gr100Bikes","https:\/\/www.instagram.com\/gr100bikes\/","https:\/\/www.tiktok.com\/@gr100bikes","https:\/\/twitter.com\/gr100mtbteam","https:\/\/www.youtube.com\/c\/GR100Specialized"]}]}},"_links":{"self":[{"href":"https:\/\/gr-100.com\/pt-pt\/wp-json\/wp\/v2\/product\/416601","targetHints":{"allow":["GET"]}}],"collection":[{"href":"https:\/\/gr-100.com\/pt-pt\/wp-json\/wp\/v2\/product"}],"about":[{"href":"https:\/\/gr-100.com\/pt-pt\/wp-json\/wp\/v2\/types\/product"}],"replies":[{"embeddable":true,"href":"https:\/\/gr-100.com\/pt-pt\/wp-json\/wp\/v2\/comments?post=416601"}],"wp:featuredmedia":[{"embeddable":true,"href":"https:\/\/gr-100.com\/pt-pt\/wp-json\/wp\/v2\/media\/297895"}],"wp:attachment":[{"href":"https:\/\/gr-100.com\/pt-pt\/wp-json\/wp\/v2\/media?parent=416601"}],"wp:term":[{"taxonomy":"product_brand","embeddable":true,"href":"https:\/\/gr-100.com\/pt-pt\/wp-json\/wp\/v2\/product_brand?post=416601"},{"taxonomy":"product_cat","embeddable":true,"href":"https:\/\/gr-100.com\/pt-pt\/wp-json\/wp\/v2\/product_cat?post=416601"},{"taxonomy":"product_tag","embeddable":true,"href":"https:\/\/gr-100.com\/pt-pt\/wp-json\/wp\/v2\/product_tag?post=416601"}],"curies":[{"name":"wp","href":"https:\/\/api.w.org\/{rel}","templated":true}]}}