{"id":417254,"date":"2025-09-23T13:16:33","date_gmt":"2025-09-23T11:16:33","guid":{"rendered":"https:\/\/gr-100.com\/?post_type=product&#038;p=417254"},"modified":"2026-02-16T15:22:23","modified_gmt":"2026-02-16T13:22:23","slug":"specialized-vado-sl-2-ltd-s-racing-2026","status":"publish","type":"product","link":"https:\/\/gr-100.com\/pt-pt\/producto\/specialized-vado-sl-2-ltd-s-racing-2026\/","title":{"rendered":"Specialized Vado SL 2 LTD S-Racing 2026"},"content":{"rendered":"<ul>\n<li>ESPECIFICACIONES T\u00c9CNICAS<\/li>\n<li>E-bike<br \/>\nArn\u00e9s de cableado<br \/>\nArn\u00e9s de cables personalizado Specialized con puerto de carga<br \/>\nCargador<br \/>\nCargador personalizado, sistema de 48V con conector de carga del sistema SL<br \/>\nInterfaz de usuario \/ Remoto<br \/>\nMasterMind H3, con control remoto en el manillar, Ant+ \/ Bluetooth\u00ae, funci\u00f3n de bloqueo del sistema integrada, compatibilidad con Apple Find My, pantallas personalizables, pantalla de 2.1&#8243;<br \/>\nMotor<br \/>\nSpecialized SL 1.2, motor personalizado Rx Trail Tuned<br \/>\nBater\u00eda<br \/>\nSpecialized SL2-520, totalmente integrada, 520Wh<\/li>\n<li>Cuadro<br \/>\nCuadro<br \/>\nVado SL 2024<br \/>\nAbrazadera del sill\u00edn<br \/>\nIntegrada Specialized<\/li>\n<li>Suspensi\u00f3n<br \/>\nHorquilla<br \/>\nVado SL 2024<\/li>\n<li>Frenos<br \/>\nFreno delantero<br \/>\nSRAM DB RED<br \/>\nFreno trasero<br \/>\nSRAM DB RED<\/li>\n<li>Transmisi\u00f3n<br \/>\nPlato<br \/>\nPraxis, CL 49.8 mm, Narrow-Wide, 44 dientes, BCD 104 mm<br \/>\nManetas de cambio<br \/>\nControlador SRAM AXS POD<br \/>\nBielas<br \/>\nBielas SRAM Carbon DUB<br \/>\nCadena<br \/>\nSRAM RED, 12 velocidades<br \/>\nCambio trasero<br \/>\nSRAM RD RED AXS E1<br \/>\nCassette<br \/>\nSRAM RED XG-1290, 12 velocidades, 10-36T<\/li>\n<li>Ruedas y Neum\u00e1ticos<br \/>\nC\u00e1maras<br \/>\n700&#215;28\/38 mm, v\u00e1lvula Presta de 48 mm<br \/>\nNeum\u00e1tico delantero<br \/>\nMondo Endurance Plegable, 700x35c, GRIPTON T5<br \/>\nNeum\u00e1tico trasero<br \/>\nMondo Endurance Plegable, 700x35c, GRIPTON T5<br \/>\nRueda delantera<br \/>\nRoval Rapide CL III, llanta de carbono con ancho interno de 21 mm, preparada para tubeless, perfil de 51 mm, dise\u00f1ada en t\u00fanel de viento, buje DT para Roval 350, 18 radios, radios DT Swiss Comp Race<br \/>\nRueda trasera<br \/>\nRoval Rapide CL III, llanta de carbono con ancho interno de 21 mm, preparada para tubeless, perfil de 48 mm, dise\u00f1ada en t\u00fanel de viento, buje DT para Roval 350, 24 radios, radios DT Swiss Comp Race<\/li>\n<li>Cockpit (Componentes de control)<br \/>\nTija del sill\u00edn<br \/>\nFibra de carbono, 30.9 mm, retroceso de 21 mm<br \/>\nPu\u00f1os<br \/>\nERGON GA30-S personalizados, 134.8 mm de largo<br \/>\nManillar<br \/>\nCockpit Roval SL de carbono, 780 mm de ancho, 5\u00b0 de elevaci\u00f3n, 9\u00b0 de retroceso<br \/>\nSill\u00edn<br \/>\nSpecialized Power Pro Mirror, ra\u00edles de titanio, 155 mm<\/li>\n<li>Accesorios<br \/>\nTimbre<br \/>\nTimbre de lat\u00f3n Specialized<br \/>\nPedales<br \/>\nPedales plateados personalizados Specialized con superficie antideslizante de lija<br \/>\nSWAT<br \/>\nHerramienta STARWINN con llave hexagonal abierta de 3 mm<\/li>\n<li>Detalles del Producto<br \/>\nID del producto<br \/>\n293307<\/li>\n<li>Peso<br \/>\n13.7 kg (30 lb, 3.3 oz)<br \/>\nTalla del peso<br \/>\nMD (Mediana)<\/li>\n<\/ul>\n","protected":false},"excerpt":{"rendered":"<p>Nada ofrece m\u00e1s potencia, velocidad y autonom\u00eda con un peso tan ligero como la Turbo Vado SL 2. Por eso tomamos el modelo de especificaciones m\u00e1s altas, lo equipamos con componentes de nivel World Tour y lo pintamos en S-Racing Red, igual que los profesionales.<br \/>\nAs\u00ed nace la Turbo Vado SL 2 S-Racing LTD.<\/p>\n","protected":false},"featured_media":417255,"comment_status":"open","ping_status":"closed","template":"","meta":{"_acf_changed":false,"_et_pb_use_builder":"","_et_pb_old_content":"","_et_gb_content_width":"","inline_featured_image":false},"product_brand":[],"product_cat":[420,5254,23,5211,5216,5219,5208,5215],"product_tag":[],"class_list":{"0":"post-417254","1":"product","2":"type-product","3":"status-publish","4":"has-post-thumbnail","6":"product_cat-bicicletas","7":"product_cat-bicicletas-urbanas","8":"product_cat-bicicletas-electricas","9":"product_cat-bicicletas-electricas-carbono","10":"product_cat-bicicletas-electricas-carretera","11":"product_cat-bicicletas-electricas-paseo","12":"product_cat-bicicletas-electricas-specialized","13":"product_cat-bicicletas-electricas-urbanas","14":"product_shipping_class-bicicletas","16":"first","17":"outofstock","18":"taxable","19":"shipping-taxable","20":"product-type-variable","21":"wvs-archive-product-wrapper"},"acf":[],"yoast_head":"<!-- This site is optimized with the Yoast SEO Premium plugin v26.7 (Yoast SEO v26.7) - https:\/\/yoast.com\/wordpress\/plugins\/seo\/ -->\n<title>Specialized Vado SL 2 LTD S-Racing 2026 GR-100<\/title>\n<meta name=\"description\" content=\"Nada ofrece m\u00e1s potencia, velocidad y autonom\u00eda con un peso tan ligero como la Turbo Vado SL 2. Por eso tomamos el modelo de especificaciones m\u00e1s altas, lo equipamos con componentes de nivel World Tour y lo pintamos en S-Racing Red, igual que los profesionales.As\u00ed nace la Turbo Vado SL 2 S-Racing LTD.\" \/>\n<meta name=\"robots\" content=\"index, follow, max-snippet:-1, max-image-preview:large, max-video-preview:-1\" \/>\n<link rel=\"canonical\" href=\"https:\/\/gr-100.com\/producto\/specialized-vado-sl-2-ltd-s-racing-2026\/\" \/>\n<meta property=\"og:locale\" content=\"pt_PT\" \/>\n<meta property=\"og:type\" content=\"article\" \/>\n<meta property=\"og:title\" content=\"Specialized Vado SL 2 LTD S-Racing 2026\" \/>\n<meta property=\"og:description\" content=\"Nada ofrece m\u00e1s potencia, velocidad y autonom\u00eda con un peso tan ligero como la Turbo Vado SL 2. Por eso tomamos el modelo de especificaciones m\u00e1s altas, lo equipamos con componentes de nivel World Tour y lo pintamos en S-Racing Red, igual que los profesionales.As\u00ed nace la Turbo Vado SL 2 S-Racing LTD.\" \/>\n<meta property=\"og:url\" content=\"https:\/\/gr-100.com\/producto\/specialized-vado-sl-2-ltd-s-racing-2026\/\" \/>\n<meta property=\"og:site_name\" content=\"Gr-100 Tienda de ciclismo Specialized\" \/>\n<meta property=\"article:publisher\" content=\"https:\/\/www.facebook.com\/Gr100Bikes\" \/>\n<meta property=\"article:modified_time\" content=\"2026-02-16T13:22:23+00:00\" \/>\n<meta property=\"og:image\" content=\"https:\/\/gr-100.com\/wp-content\/uploads\/2025\/09\/Diseno-sin-titulo-2025-09-23T130249.362.jpg\" \/>\n\t<meta property=\"og:image:width\" content=\"1000\" \/>\n\t<meta property=\"og:image:height\" content=\"1000\" \/>\n\t<meta property=\"og:image:type\" content=\"image\/jpeg\" \/>\n<meta name=\"twitter:card\" content=\"summary_large_image\" \/>\n<meta name=\"twitter:label1\" content=\"Tempo estimado de leitura\" \/>\n\t<meta name=\"twitter:data1\" content=\"2 minutos\" \/>\n<script type=\"application\/ld+json\" class=\"yoast-schema-graph\">{\"@context\":\"https:\/\/schema.org\",\"@graph\":[{\"@type\":\"WebPage\",\"@id\":\"https:\/\/gr-100.com\/producto\/specialized-vado-sl-2-ltd-s-racing-2026\/\",\"url\":\"https:\/\/gr-100.com\/producto\/specialized-vado-sl-2-ltd-s-racing-2026\/\",\"name\":\"Specialized Vado SL 2 LTD S-Racing 2026 GR-100\",\"isPartOf\":{\"@id\":\"https:\/\/gr-100.com\/#website\"},\"primaryImageOfPage\":{\"@id\":\"https:\/\/gr-100.com\/producto\/specialized-vado-sl-2-ltd-s-racing-2026\/#primaryimage\"},\"image\":{\"@id\":\"https:\/\/gr-100.com\/producto\/specialized-vado-sl-2-ltd-s-racing-2026\/#primaryimage\"},\"thumbnailUrl\":\"https:\/\/gr-100.com\/wp-content\/uploads\/2025\/09\/Diseno-sin-titulo-2025-09-23T130249.362.jpg\",\"datePublished\":\"2025-09-23T11:16:33+00:00\",\"dateModified\":\"2026-02-16T13:22:23+00:00\",\"description\":\"Nada ofrece m\u00e1s potencia, velocidad y autonom\u00eda con un peso tan ligero como la Turbo Vado SL 2. Por eso tomamos el modelo de especificaciones m\u00e1s altas, lo equipamos con componentes de nivel World Tour y lo pintamos en S-Racing Red, igual que los profesionales.As\u00ed nace la Turbo Vado SL 2 S-Racing LTD.\",\"breadcrumb\":{\"@id\":\"https:\/\/gr-100.com\/producto\/specialized-vado-sl-2-ltd-s-racing-2026\/#breadcrumb\"},\"inLanguage\":\"pt-PT\",\"potentialAction\":[{\"@type\":\"ReadAction\",\"target\":[\"https:\/\/gr-100.com\/producto\/specialized-vado-sl-2-ltd-s-racing-2026\/\"]}]},{\"@type\":\"ImageObject\",\"inLanguage\":\"pt-PT\",\"@id\":\"https:\/\/gr-100.com\/producto\/specialized-vado-sl-2-ltd-s-racing-2026\/#primaryimage\",\"url\":\"https:\/\/gr-100.com\/wp-content\/uploads\/2025\/09\/Diseno-sin-titulo-2025-09-23T130249.362.jpg\",\"contentUrl\":\"https:\/\/gr-100.com\/wp-content\/uploads\/2025\/09\/Diseno-sin-titulo-2025-09-23T130249.362.jpg\",\"width\":1000,\"height\":1000},{\"@type\":\"BreadcrumbList\",\"@id\":\"https:\/\/gr-100.com\/producto\/specialized-vado-sl-2-ltd-s-racing-2026\/#breadcrumb\",\"itemListElement\":[{\"@type\":\"ListItem\",\"position\":1,\"name\":\"Portada\",\"item\":\"https:\/\/gr-100.com\/en\/\"},{\"@type\":\"ListItem\",\"position\":2,\"name\":\"Productos\",\"item\":\"https:\/\/gr-100.com\/?post_type=product\"},{\"@type\":\"ListItem\",\"position\":3,\"name\":\"Specialized Vado SL 2 LTD S-Racing 2026\"}]},{\"@type\":\"WebSite\",\"@id\":\"https:\/\/gr-100.com\/#website\",\"url\":\"https:\/\/gr-100.com\/\",\"name\":\"Gr-100 Tienda de ciclismo Specialized\",\"description\":\"GR-100 tenemos todas las gamas de bicicletas Specialized al mejor precio.\",\"publisher\":{\"@id\":\"https:\/\/gr-100.com\/#organization\"},\"alternateName\":\"Gr-100 Bikes\",\"potentialAction\":[{\"@type\":\"SearchAction\",\"target\":{\"@type\":\"EntryPoint\",\"urlTemplate\":\"https:\/\/gr-100.com\/?s={search_term_string}\"},\"query-input\":{\"@type\":\"PropertyValueSpecification\",\"valueRequired\":true,\"valueName\":\"search_term_string\"}}],\"inLanguage\":\"pt-PT\"},{\"@type\":\"Organization\",\"@id\":\"https:\/\/gr-100.com\/#organization\",\"name\":\"Gr-100\",\"url\":\"https:\/\/gr-100.com\/\",\"logo\":{\"@type\":\"ImageObject\",\"inLanguage\":\"pt-PT\",\"@id\":\"https:\/\/gr-100.com\/#\/schema\/logo\/image\/\",\"url\":\"https:\/\/gr-100.com\/wp-content\/uploads\/2023\/08\/logo-gr-100-bikes.png\",\"contentUrl\":\"https:\/\/gr-100.com\/wp-content\/uploads\/2023\/08\/logo-gr-100-bikes.png\",\"width\":707,\"height\":284,\"caption\":\"Gr-100\"},\"image\":{\"@id\":\"https:\/\/gr-100.com\/#\/schema\/logo\/image\/\"},\"sameAs\":[\"https:\/\/www.facebook.com\/Gr100Bikes\",\"https:\/\/www.instagram.com\/gr100bikes\/\",\"https:\/\/www.tiktok.com\/@gr100bikes\",\"https:\/\/twitter.com\/gr100mtbteam\",\"https:\/\/www.youtube.com\/c\/GR100Specialized\"]}]}<\/script>\n<!-- \/ Yoast SEO Premium plugin. -->","yoast_head_json":{"title":"Specialized Vado SL 2 LTD S-Racing 2026 GR-100","description":"Nada ofrece m\u00e1s potencia, velocidad y autonom\u00eda con un peso tan ligero como la Turbo Vado SL 2. Por eso tomamos el modelo de especificaciones m\u00e1s altas, lo equipamos con componentes de nivel World Tour y lo pintamos en S-Racing Red, igual que los profesionales.As\u00ed nace la Turbo Vado SL 2 S-Racing LTD.","robots":{"index":"index","follow":"follow","max-snippet":"max-snippet:-1","max-image-preview":"max-image-preview:large","max-video-preview":"max-video-preview:-1"},"canonical":"https:\/\/gr-100.com\/producto\/specialized-vado-sl-2-ltd-s-racing-2026\/","og_locale":"pt_PT","og_type":"article","og_title":"Specialized Vado SL 2 LTD S-Racing 2026","og_description":"Nada ofrece m\u00e1s potencia, velocidad y autonom\u00eda con un peso tan ligero como la Turbo Vado SL 2. Por eso tomamos el modelo de especificaciones m\u00e1s altas, lo equipamos con componentes de nivel World Tour y lo pintamos en S-Racing Red, igual que los profesionales.As\u00ed nace la Turbo Vado SL 2 S-Racing LTD.","og_url":"https:\/\/gr-100.com\/producto\/specialized-vado-sl-2-ltd-s-racing-2026\/","og_site_name":"Gr-100 Tienda de ciclismo Specialized","article_publisher":"https:\/\/www.facebook.com\/Gr100Bikes","article_modified_time":"2026-02-16T13:22:23+00:00","og_image":[{"width":1000,"height":1000,"url":"https:\/\/gr-100.com\/wp-content\/uploads\/2025\/09\/Diseno-sin-titulo-2025-09-23T130249.362.jpg","type":"image\/jpeg"}],"twitter_card":"summary_large_image","twitter_misc":{"Tempo estimado de leitura":"2 minutos"},"schema":{"@context":"https:\/\/schema.org","@graph":[{"@type":"WebPage","@id":"https:\/\/gr-100.com\/producto\/specialized-vado-sl-2-ltd-s-racing-2026\/","url":"https:\/\/gr-100.com\/producto\/specialized-vado-sl-2-ltd-s-racing-2026\/","name":"Specialized Vado SL 2 LTD S-Racing 2026 GR-100","isPartOf":{"@id":"https:\/\/gr-100.com\/#website"},"primaryImageOfPage":{"@id":"https:\/\/gr-100.com\/producto\/specialized-vado-sl-2-ltd-s-racing-2026\/#primaryimage"},"image":{"@id":"https:\/\/gr-100.com\/producto\/specialized-vado-sl-2-ltd-s-racing-2026\/#primaryimage"},"thumbnailUrl":"https:\/\/gr-100.com\/wp-content\/uploads\/2025\/09\/Diseno-sin-titulo-2025-09-23T130249.362.jpg","datePublished":"2025-09-23T11:16:33+00:00","dateModified":"2026-02-16T13:22:23+00:00","description":"Nada ofrece m\u00e1s potencia, velocidad y autonom\u00eda con un peso tan ligero como la Turbo Vado SL 2. Por eso tomamos el modelo de especificaciones m\u00e1s altas, lo equipamos con componentes de nivel World Tour y lo pintamos en S-Racing Red, igual que los profesionales.As\u00ed nace la Turbo Vado SL 2 S-Racing LTD.","breadcrumb":{"@id":"https:\/\/gr-100.com\/producto\/specialized-vado-sl-2-ltd-s-racing-2026\/#breadcrumb"},"inLanguage":"pt-PT","potentialAction":[{"@type":"ReadAction","target":["https:\/\/gr-100.com\/producto\/specialized-vado-sl-2-ltd-s-racing-2026\/"]}]},{"@type":"ImageObject","inLanguage":"pt-PT","@id":"https:\/\/gr-100.com\/producto\/specialized-vado-sl-2-ltd-s-racing-2026\/#primaryimage","url":"https:\/\/gr-100.com\/wp-content\/uploads\/2025\/09\/Diseno-sin-titulo-2025-09-23T130249.362.jpg","contentUrl":"https:\/\/gr-100.com\/wp-content\/uploads\/2025\/09\/Diseno-sin-titulo-2025-09-23T130249.362.jpg","width":1000,"height":1000},{"@type":"BreadcrumbList","@id":"https:\/\/gr-100.com\/producto\/specialized-vado-sl-2-ltd-s-racing-2026\/#breadcrumb","itemListElement":[{"@type":"ListItem","position":1,"name":"Portada","item":"https:\/\/gr-100.com\/en\/"},{"@type":"ListItem","position":2,"name":"Productos","item":"https:\/\/gr-100.com\/?post_type=product"},{"@type":"ListItem","position":3,"name":"Specialized Vado SL 2 LTD S-Racing 2026"}]},{"@type":"WebSite","@id":"https:\/\/gr-100.com\/#website","url":"https:\/\/gr-100.com\/","name":"Gr-100 Tienda de ciclismo Specialized","description":"GR-100 tenemos todas las gamas de bicicletas Specialized al mejor precio.","publisher":{"@id":"https:\/\/gr-100.com\/#organization"},"alternateName":"Gr-100 Bikes","potentialAction":[{"@type":"SearchAction","target":{"@type":"EntryPoint","urlTemplate":"https:\/\/gr-100.com\/?s={search_term_string}"},"query-input":{"@type":"PropertyValueSpecification","valueRequired":true,"valueName":"search_term_string"}}],"inLanguage":"pt-PT"},{"@type":"Organization","@id":"https:\/\/gr-100.com\/#organization","name":"Gr-100","url":"https:\/\/gr-100.com\/","logo":{"@type":"ImageObject","inLanguage":"pt-PT","@id":"https:\/\/gr-100.com\/#\/schema\/logo\/image\/","url":"https:\/\/gr-100.com\/wp-content\/uploads\/2023\/08\/logo-gr-100-bikes.png","contentUrl":"https:\/\/gr-100.com\/wp-content\/uploads\/2023\/08\/logo-gr-100-bikes.png","width":707,"height":284,"caption":"Gr-100"},"image":{"@id":"https:\/\/gr-100.com\/#\/schema\/logo\/image\/"},"sameAs":["https:\/\/www.facebook.com\/Gr100Bikes","https:\/\/www.instagram.com\/gr100bikes\/","https:\/\/www.tiktok.com\/@gr100bikes","https:\/\/twitter.com\/gr100mtbteam","https:\/\/www.youtube.com\/c\/GR100Specialized"]}]}},"_links":{"self":[{"href":"https:\/\/gr-100.com\/pt-pt\/wp-json\/wp\/v2\/product\/417254","targetHints":{"allow":["GET"]}}],"collection":[{"href":"https:\/\/gr-100.com\/pt-pt\/wp-json\/wp\/v2\/product"}],"about":[{"href":"https:\/\/gr-100.com\/pt-pt\/wp-json\/wp\/v2\/types\/product"}],"replies":[{"embeddable":true,"href":"https:\/\/gr-100.com\/pt-pt\/wp-json\/wp\/v2\/comments?post=417254"}],"wp:featuredmedia":[{"embeddable":true,"href":"https:\/\/gr-100.com\/pt-pt\/wp-json\/wp\/v2\/media\/417255"}],"wp:attachment":[{"href":"https:\/\/gr-100.com\/pt-pt\/wp-json\/wp\/v2\/media?parent=417254"}],"wp:term":[{"taxonomy":"product_brand","embeddable":true,"href":"https:\/\/gr-100.com\/pt-pt\/wp-json\/wp\/v2\/product_brand?post=417254"},{"taxonomy":"product_cat","embeddable":true,"href":"https:\/\/gr-100.com\/pt-pt\/wp-json\/wp\/v2\/product_cat?post=417254"},{"taxonomy":"product_tag","embeddable":true,"href":"https:\/\/gr-100.com\/pt-pt\/wp-json\/wp\/v2\/product_tag?post=417254"}],"curies":[{"name":"wp","href":"https:\/\/api.w.org\/{rel}","templated":true}]}}