{"id":418703,"date":"2025-10-06T12:01:01","date_gmt":"2025-10-06T10:01:01","guid":{"rendered":"https:\/\/gr-100.com\/?post_type=product&#038;p=418703"},"modified":"2026-04-14T13:01:36","modified_gmt":"2026-04-14T12:01:36","slug":"specialized-sirrus-x-3-0-eq-2026","status":"publish","type":"product","link":"https:\/\/gr-100.com\/pt-pt\/producto\/specialized-sirrus-x-3-0-eq-2026\/","title":{"rendered":"Specialized Sirrus X 3.0 EQ 2026"},"content":{"rendered":"<ul>\n<li>SUAVE, C\u00d3MODA Y EFICIENTE<br \/>\nLa Sirrus X ofrece el viaje m\u00e1s suave en su categor\u00eda. Gracias a neum\u00e1ticos m\u00e1s anchos que inspiran confianza, una postura de conducci\u00f3n ligeramente m\u00e1s erguida y una transmisi\u00f3n monoplato s\u00faper intuitiva, proporciona una experiencia c\u00f3moda, eficiente y fluida.<\/li>\n<li>DISE\u00d1O CENTRADO EN EL CICLISTA (RIDER-FIRST ENGINEERED)<br \/>\nComo todas las bicicletas de alto rendimiento de Specialized, la geometr\u00eda de cada cuadro est\u00e1 dise\u00f1ada de manera \u00fanica. Esto significa que, para cada talla, se selecciona cuidadosamente el tama\u00f1o de los tubos para lograr el equilibrio perfecto entre rigidez, peso y respuesta, asegurando que sin importar la talla que uses, disfrutar\u00e1s del mejor manejo del mundo.<\/li>\n<li>\u00c1GIL Y PRECISA<br \/>\nCon un peso l\u00edder en su clase, una eficiencia de pedaleo excepcional y una direcci\u00f3n precisa, la Sirrus X combina caracter\u00edsticas que brindan un control \u00e1gil y casi telep\u00e1tico.<\/li>\n<li>CARACTER\u00cdSTICAS DESTACADAS<\/li>\n<li>M\u00e1s ligera que la Sirrus X 2.0 y m\u00e1s r\u00e1pida gracias a la incorporaci\u00f3n de una horquilla de aleaci\u00f3n A1.<\/li>\n<li>Transmisi\u00f3n Shimano Cues 1&#215;11 de amplio rango con cassette 11-50T, ideal para cualquier tipo de terreno.<\/li>\n<li>Frenos hidr\u00e1ulicos m\u00e1s potentes para mayor capacidad de frenado y durabilidad en condiciones exigentes.<\/li>\n<li>Portabultos Racktime, compatible con tus bolsas y alforjas favoritas, y guardabarros DRYTECH integrados para mantenerte seco.<\/li>\n<li>Iluminaci\u00f3n delantera y trasera de alta intensidad, alimentada por un buje dinamo Shimano, para ver y ser visto en todo momento.<\/li>\n<li>ESPECIFICACIONES T\u00c9CNICAS<\/li>\n<li>Cuadro<br \/>\nMaterial: Specialized A1 Premium Aluminum<br \/>\nGeometr\u00eda: Fitness Geometry<br \/>\nTubos: Conificados (butted tubing)<br \/>\nCableado: Guiado interno<br \/>\nFrenos: Flat-mount disc<br \/>\nEjes: Cierre r\u00e1pido (quick-release)<br \/>\nMontajes: Soportes Plug + Play para portabultos y guardabarros<\/li>\n<li>Suspensi\u00f3n<br \/>\nHorquilla: A1 Premium Aluminum<br \/>\nFlat-mount disc<br \/>\nSoportes Plug + Play para guardabarros<br \/>\nSoportes para portabultos tipo low rider<br \/>\nCierre r\u00e1pido<\/li>\n<li>Frenos<br \/>\nFreno delantero: Tektro HD-R280, disco hidr\u00e1ulico, pastillas de resina, flat-mount, rotor de 160 mm<br \/>\nFreno trasero: Tektro HD-R280, disco hidr\u00e1ulico, pastillas de resina, flat-mount, rotor de 140 mm<\/li>\n<li>Transmisi\u00f3n<br \/>\nManetas de cambio: Shimano Cues SL-U6000, 11 velocidades<br \/>\nCambio trasero: Shimano Cues 11 velocidades con Shadow Plus<br \/>\nCassette: Shimano CS-LG400-11, 11-50T<br \/>\nPlatos y bielas: Shimano Cues FC-U6000, aleaci\u00f3n, 170 mm<br \/>\nCaja de pedalier: Shimano BSA roscada<br \/>\nCadena: KMC eGlide para Shimano Cues de 11 velocidades<\/li>\n<li>Ruedas y Neum\u00e1ticos<br \/>\nLlantas: Aleaci\u00f3n de doble pared, 700C, freno de disco, 22 mm profundidad, 21 mm ancho interno<br \/>\nBuje delantero: Shimano Dynamo, 6 tornillos, 100 mm, cierre r\u00e1pido, 32 radios<br \/>\nBuje trasero: Aleaci\u00f3n, n\u00facleo Shimano 11 velocidades, 6 tornillos, eje de 10 mm, 135 mm, 32 radios<br \/>\nRadios: Acero inoxidable, calibre 14<br \/>\nNeum\u00e1ticos: Pathfinder Wirebead Fast Gravel 700x40C (delantero y trasero)<br \/>\nC\u00e1maras: Est\u00e1ndar 40 mm SV para 700&#215;32\u201350<\/li>\n<li>Cockpit<br \/>\nManillar: Aleaci\u00f3n Mini Rise, retroceso de 9\u00b0, elevaci\u00f3n de 15 mm, 31.8 mm<br \/>\nPotencia: Aleaci\u00f3n forjada en 3D, 31.8 mm, elevaci\u00f3n de 7\u00b0<br \/>\nPu\u00f1os: Specialized Neutralizer, Body Geometry, con bloqueo<br \/>\nSill\u00edn: Bridge Sport con rieles de acero, 155\/143 mm<br \/>\nTija del sill\u00edn: Aleaci\u00f3n, retroceso de 12 mm, abrazadera de 2 tornillos, di\u00e1metro 27.2 mm<br \/>\nAbrazadera del sill\u00edn: Tipo tornillo, 31.8 mm<\/li>\n<li>Accesorios<br \/>\nPedales: Specialized, tipo plataforma<br \/>\nIluminaci\u00f3n: Delantera y trasera de alta luminosidad alimentadas por buje dinamo Shimano<br \/>\nGuardabarros: DRYTECH integrados<br \/>\nPortabultos: Racktime compatible con alforjas y bolsas<\/li>\n<li>Detalles del Producto<br \/>\nIdentificador del producto: 222056<br \/>\nPeso: (No especificado)<br \/>\nTalla: LG (Grande)<\/li>\n<\/ul>\n","protected":false},"excerpt":{"rendered":"<h6 class=\"sr-only\"><span style=\"color: #666666\">Ofreciendo una combinaci\u00f3n sin precedentes de comodidad, eficiencia y manejo \u00e1gil, la <\/span><strong style=\"color: #666666\" data-start=\"86\" data-end=\"98\">Sirrus X<\/strong><span style=\"color: #666666\"> se destaca sobre el asfalto, caminos de tierra y cualquier terreno intermedio.<\/span><\/h6>\n","protected":false},"featured_media":418704,"comment_status":"open","ping_status":"closed","template":"","meta":{"_acf_changed":false,"_et_pb_use_builder":"","_et_pb_old_content":"","_et_gb_content_width":"","inline_featured_image":false},"product_brand":[],"product_cat":[420,5254,20],"product_tag":[],"class_list":{"0":"post-418703","1":"product","2":"type-product","3":"status-publish","4":"has-post-thumbnail","6":"product_cat-bicicletas","7":"product_cat-bicicletas-urbanas","8":"product_cat-bicicletas-de-carretera","9":"product_shipping_class-bicicletas","11":"first","12":"instock","13":"taxable","14":"shipping-taxable","15":"purchasable","16":"product-type-variable","17":"wvs-archive-product-wrapper"},"acf":[],"yoast_head":"<!-- This site is optimized with the Yoast SEO Premium plugin v26.7 (Yoast SEO v26.7) - https:\/\/yoast.com\/wordpress\/plugins\/seo\/ -->\n<title>Specialized Sirrus X 3.0 EQ 2026 GR-100<\/title>\n<meta name=\"description\" content=\"Ofreciendo una combinaci\u00f3n sin precedentes de comodidad, eficiencia y manejo \u00e1gil, la Sirrus X se destaca sobre el asfalto, caminos de tierra y cualquier terreno intermedio\" \/>\n<meta name=\"robots\" content=\"index, follow, max-snippet:-1, max-image-preview:large, max-video-preview:-1\" \/>\n<link rel=\"canonical\" href=\"https:\/\/gr-100.com\/producto\/specialized-sirrus-x-3-0-eq-2026\/\" \/>\n<meta property=\"og:locale\" content=\"pt_PT\" \/>\n<meta property=\"og:type\" content=\"article\" \/>\n<meta property=\"og:title\" content=\"Specialized Sirrus X 3.0 EQ 2026\" \/>\n<meta property=\"og:description\" content=\"Ofreciendo una combinaci\u00f3n sin precedentes de comodidad, eficiencia y manejo \u00e1gil, la Sirrus X se destaca sobre el asfalto, caminos de tierra y cualquier terreno intermedio\" \/>\n<meta property=\"og:url\" content=\"https:\/\/gr-100.com\/producto\/specialized-sirrus-x-3-0-eq-2026\/\" \/>\n<meta property=\"og:site_name\" content=\"Gr-100 Tienda de ciclismo Specialized\" \/>\n<meta property=\"article:publisher\" content=\"https:\/\/www.facebook.com\/Gr100Bikes\" \/>\n<meta property=\"article:modified_time\" content=\"2026-04-14T12:01:36+00:00\" \/>\n<meta property=\"og:image\" content=\"https:\/\/gr-100.com\/wp-content\/uploads\/2025\/10\/Diseno-sin-titulo-2025-10-06T113909.119.jpg\" \/>\n\t<meta property=\"og:image:width\" content=\"1000\" \/>\n\t<meta property=\"og:image:height\" content=\"1000\" \/>\n\t<meta property=\"og:image:type\" content=\"image\/jpeg\" \/>\n<meta name=\"twitter:card\" content=\"summary_large_image\" \/>\n<meta name=\"twitter:label1\" content=\"Tempo estimado de leitura\" \/>\n\t<meta name=\"twitter:data1\" content=\"3 minutos\" \/>\n<script type=\"application\/ld+json\" class=\"yoast-schema-graph\">{\"@context\":\"https:\/\/schema.org\",\"@graph\":[{\"@type\":\"WebPage\",\"@id\":\"https:\/\/gr-100.com\/producto\/specialized-sirrus-x-3-0-eq-2026\/\",\"url\":\"https:\/\/gr-100.com\/producto\/specialized-sirrus-x-3-0-eq-2026\/\",\"name\":\"Specialized Sirrus X 3.0 EQ 2026 GR-100\",\"isPartOf\":{\"@id\":\"https:\/\/gr-100.com\/#website\"},\"primaryImageOfPage\":{\"@id\":\"https:\/\/gr-100.com\/producto\/specialized-sirrus-x-3-0-eq-2026\/#primaryimage\"},\"image\":{\"@id\":\"https:\/\/gr-100.com\/producto\/specialized-sirrus-x-3-0-eq-2026\/#primaryimage\"},\"thumbnailUrl\":\"https:\/\/gr-100.com\/wp-content\/uploads\/2025\/10\/Diseno-sin-titulo-2025-10-06T113909.119.jpg\",\"datePublished\":\"2025-10-06T10:01:01+00:00\",\"dateModified\":\"2026-04-14T12:01:36+00:00\",\"description\":\"Ofreciendo una combinaci\u00f3n sin precedentes de comodidad, eficiencia y manejo \u00e1gil, la Sirrus X se destaca sobre el asfalto, caminos de tierra y cualquier terreno intermedio\",\"breadcrumb\":{\"@id\":\"https:\/\/gr-100.com\/producto\/specialized-sirrus-x-3-0-eq-2026\/#breadcrumb\"},\"inLanguage\":\"pt-PT\",\"potentialAction\":[{\"@type\":\"ReadAction\",\"target\":[\"https:\/\/gr-100.com\/producto\/specialized-sirrus-x-3-0-eq-2026\/\"]}]},{\"@type\":\"ImageObject\",\"inLanguage\":\"pt-PT\",\"@id\":\"https:\/\/gr-100.com\/producto\/specialized-sirrus-x-3-0-eq-2026\/#primaryimage\",\"url\":\"https:\/\/gr-100.com\/wp-content\/uploads\/2025\/10\/Diseno-sin-titulo-2025-10-06T113909.119.jpg\",\"contentUrl\":\"https:\/\/gr-100.com\/wp-content\/uploads\/2025\/10\/Diseno-sin-titulo-2025-10-06T113909.119.jpg\",\"width\":1000,\"height\":1000},{\"@type\":\"BreadcrumbList\",\"@id\":\"https:\/\/gr-100.com\/producto\/specialized-sirrus-x-3-0-eq-2026\/#breadcrumb\",\"itemListElement\":[{\"@type\":\"ListItem\",\"position\":1,\"name\":\"Portada\",\"item\":\"https:\/\/gr-100.com\/en\/\"},{\"@type\":\"ListItem\",\"position\":2,\"name\":\"Productos\",\"item\":\"https:\/\/gr-100.com\/?post_type=product\"},{\"@type\":\"ListItem\",\"position\":3,\"name\":\"Specialized Sirrus X 3.0 EQ 2026\"}]},{\"@type\":\"WebSite\",\"@id\":\"https:\/\/gr-100.com\/#website\",\"url\":\"https:\/\/gr-100.com\/\",\"name\":\"Gr-100 Tienda de ciclismo Specialized\",\"description\":\"GR-100 tenemos todas las gamas de bicicletas Specialized al mejor precio.\",\"publisher\":{\"@id\":\"https:\/\/gr-100.com\/#organization\"},\"alternateName\":\"Gr-100 Bikes\",\"potentialAction\":[{\"@type\":\"SearchAction\",\"target\":{\"@type\":\"EntryPoint\",\"urlTemplate\":\"https:\/\/gr-100.com\/?s={search_term_string}\"},\"query-input\":{\"@type\":\"PropertyValueSpecification\",\"valueRequired\":true,\"valueName\":\"search_term_string\"}}],\"inLanguage\":\"pt-PT\"},{\"@type\":\"Organization\",\"@id\":\"https:\/\/gr-100.com\/#organization\",\"name\":\"Gr-100\",\"url\":\"https:\/\/gr-100.com\/\",\"logo\":{\"@type\":\"ImageObject\",\"inLanguage\":\"pt-PT\",\"@id\":\"https:\/\/gr-100.com\/#\/schema\/logo\/image\/\",\"url\":\"https:\/\/gr-100.com\/wp-content\/uploads\/2023\/08\/logo-gr-100-bikes.png\",\"contentUrl\":\"https:\/\/gr-100.com\/wp-content\/uploads\/2023\/08\/logo-gr-100-bikes.png\",\"width\":707,\"height\":284,\"caption\":\"Gr-100\"},\"image\":{\"@id\":\"https:\/\/gr-100.com\/#\/schema\/logo\/image\/\"},\"sameAs\":[\"https:\/\/www.facebook.com\/Gr100Bikes\",\"https:\/\/www.instagram.com\/gr100bikes\/\",\"https:\/\/www.tiktok.com\/@gr100bikes\",\"https:\/\/twitter.com\/gr100mtbteam\",\"https:\/\/www.youtube.com\/c\/GR100Specialized\"]}]}<\/script>\n<!-- \/ Yoast SEO Premium plugin. -->","yoast_head_json":{"title":"Specialized Sirrus X 3.0 EQ 2026 GR-100","description":"Ofreciendo una combinaci\u00f3n sin precedentes de comodidad, eficiencia y manejo \u00e1gil, la Sirrus X se destaca sobre el asfalto, caminos de tierra y cualquier terreno intermedio","robots":{"index":"index","follow":"follow","max-snippet":"max-snippet:-1","max-image-preview":"max-image-preview:large","max-video-preview":"max-video-preview:-1"},"canonical":"https:\/\/gr-100.com\/producto\/specialized-sirrus-x-3-0-eq-2026\/","og_locale":"pt_PT","og_type":"article","og_title":"Specialized Sirrus X 3.0 EQ 2026","og_description":"Ofreciendo una combinaci\u00f3n sin precedentes de comodidad, eficiencia y manejo \u00e1gil, la Sirrus X se destaca sobre el asfalto, caminos de tierra y cualquier terreno intermedio","og_url":"https:\/\/gr-100.com\/producto\/specialized-sirrus-x-3-0-eq-2026\/","og_site_name":"Gr-100 Tienda de ciclismo Specialized","article_publisher":"https:\/\/www.facebook.com\/Gr100Bikes","article_modified_time":"2026-04-14T12:01:36+00:00","og_image":[{"width":1000,"height":1000,"url":"https:\/\/gr-100.com\/wp-content\/uploads\/2025\/10\/Diseno-sin-titulo-2025-10-06T113909.119.jpg","type":"image\/jpeg"}],"twitter_card":"summary_large_image","twitter_misc":{"Tempo estimado de leitura":"3 minutos"},"schema":{"@context":"https:\/\/schema.org","@graph":[{"@type":"WebPage","@id":"https:\/\/gr-100.com\/producto\/specialized-sirrus-x-3-0-eq-2026\/","url":"https:\/\/gr-100.com\/producto\/specialized-sirrus-x-3-0-eq-2026\/","name":"Specialized Sirrus X 3.0 EQ 2026 GR-100","isPartOf":{"@id":"https:\/\/gr-100.com\/#website"},"primaryImageOfPage":{"@id":"https:\/\/gr-100.com\/producto\/specialized-sirrus-x-3-0-eq-2026\/#primaryimage"},"image":{"@id":"https:\/\/gr-100.com\/producto\/specialized-sirrus-x-3-0-eq-2026\/#primaryimage"},"thumbnailUrl":"https:\/\/gr-100.com\/wp-content\/uploads\/2025\/10\/Diseno-sin-titulo-2025-10-06T113909.119.jpg","datePublished":"2025-10-06T10:01:01+00:00","dateModified":"2026-04-14T12:01:36+00:00","description":"Ofreciendo una combinaci\u00f3n sin precedentes de comodidad, eficiencia y manejo \u00e1gil, la Sirrus X se destaca sobre el asfalto, caminos de tierra y cualquier terreno intermedio","breadcrumb":{"@id":"https:\/\/gr-100.com\/producto\/specialized-sirrus-x-3-0-eq-2026\/#breadcrumb"},"inLanguage":"pt-PT","potentialAction":[{"@type":"ReadAction","target":["https:\/\/gr-100.com\/producto\/specialized-sirrus-x-3-0-eq-2026\/"]}]},{"@type":"ImageObject","inLanguage":"pt-PT","@id":"https:\/\/gr-100.com\/producto\/specialized-sirrus-x-3-0-eq-2026\/#primaryimage","url":"https:\/\/gr-100.com\/wp-content\/uploads\/2025\/10\/Diseno-sin-titulo-2025-10-06T113909.119.jpg","contentUrl":"https:\/\/gr-100.com\/wp-content\/uploads\/2025\/10\/Diseno-sin-titulo-2025-10-06T113909.119.jpg","width":1000,"height":1000},{"@type":"BreadcrumbList","@id":"https:\/\/gr-100.com\/producto\/specialized-sirrus-x-3-0-eq-2026\/#breadcrumb","itemListElement":[{"@type":"ListItem","position":1,"name":"Portada","item":"https:\/\/gr-100.com\/en\/"},{"@type":"ListItem","position":2,"name":"Productos","item":"https:\/\/gr-100.com\/?post_type=product"},{"@type":"ListItem","position":3,"name":"Specialized Sirrus X 3.0 EQ 2026"}]},{"@type":"WebSite","@id":"https:\/\/gr-100.com\/#website","url":"https:\/\/gr-100.com\/","name":"Gr-100 Tienda de ciclismo Specialized","description":"GR-100 tenemos todas las gamas de bicicletas Specialized al mejor precio.","publisher":{"@id":"https:\/\/gr-100.com\/#organization"},"alternateName":"Gr-100 Bikes","potentialAction":[{"@type":"SearchAction","target":{"@type":"EntryPoint","urlTemplate":"https:\/\/gr-100.com\/?s={search_term_string}"},"query-input":{"@type":"PropertyValueSpecification","valueRequired":true,"valueName":"search_term_string"}}],"inLanguage":"pt-PT"},{"@type":"Organization","@id":"https:\/\/gr-100.com\/#organization","name":"Gr-100","url":"https:\/\/gr-100.com\/","logo":{"@type":"ImageObject","inLanguage":"pt-PT","@id":"https:\/\/gr-100.com\/#\/schema\/logo\/image\/","url":"https:\/\/gr-100.com\/wp-content\/uploads\/2023\/08\/logo-gr-100-bikes.png","contentUrl":"https:\/\/gr-100.com\/wp-content\/uploads\/2023\/08\/logo-gr-100-bikes.png","width":707,"height":284,"caption":"Gr-100"},"image":{"@id":"https:\/\/gr-100.com\/#\/schema\/logo\/image\/"},"sameAs":["https:\/\/www.facebook.com\/Gr100Bikes","https:\/\/www.instagram.com\/gr100bikes\/","https:\/\/www.tiktok.com\/@gr100bikes","https:\/\/twitter.com\/gr100mtbteam","https:\/\/www.youtube.com\/c\/GR100Specialized"]}]}},"_links":{"self":[{"href":"https:\/\/gr-100.com\/pt-pt\/wp-json\/wp\/v2\/product\/418703","targetHints":{"allow":["GET"]}}],"collection":[{"href":"https:\/\/gr-100.com\/pt-pt\/wp-json\/wp\/v2\/product"}],"about":[{"href":"https:\/\/gr-100.com\/pt-pt\/wp-json\/wp\/v2\/types\/product"}],"replies":[{"embeddable":true,"href":"https:\/\/gr-100.com\/pt-pt\/wp-json\/wp\/v2\/comments?post=418703"}],"wp:featuredmedia":[{"embeddable":true,"href":"https:\/\/gr-100.com\/pt-pt\/wp-json\/wp\/v2\/media\/418704"}],"wp:attachment":[{"href":"https:\/\/gr-100.com\/pt-pt\/wp-json\/wp\/v2\/media?parent=418703"}],"wp:term":[{"taxonomy":"product_brand","embeddable":true,"href":"https:\/\/gr-100.com\/pt-pt\/wp-json\/wp\/v2\/product_brand?post=418703"},{"taxonomy":"product_cat","embeddable":true,"href":"https:\/\/gr-100.com\/pt-pt\/wp-json\/wp\/v2\/product_cat?post=418703"},{"taxonomy":"product_tag","embeddable":true,"href":"https:\/\/gr-100.com\/pt-pt\/wp-json\/wp\/v2\/product_tag?post=418703"}],"curies":[{"name":"wp","href":"https:\/\/api.w.org\/{rel}","templated":true}]}}