{"id":419444,"date":"2025-10-20T13:16:39","date_gmt":"2025-10-20T12:16:39","guid":{"rendered":"https:\/\/gr-100.com\/?post_type=product&#038;p=419444"},"modified":"2026-01-02T14:22:27","modified_gmt":"2026-01-02T12:22:27","slug":"specialized-s-works-tarmac-sl8-ultegra-di2-monte-gr-100-2025-copia-copia-copia-copia-3","status":"publish","type":"product","link":"https:\/\/gr-100.com\/pt-pt\/producto\/specialized-s-works-tarmac-sl8-ultegra-di2-monte-gr-100-2025-copia-copia-copia-copia-3\/","title":{"rendered":"Specialized S-Works Tarmac SL8 RTP Ultegra Di2 Montaje GR-100 2026"},"content":{"rendered":"<div>\n<p><strong>Especifica\u00e7\u00f5es t\u00e9cnicas<\/strong><\/p>\n<\/div>\n<ul>\n<li>SELIM<br \/>\nBody Geometry Power Comp<\/li>\n<li>S-WORKS TARMAC SL8 Poste de assento em carbono<br \/>\n, FACT Carbon, 15mm offset<\/li>\n<li>GUID\u00c3O<br \/>\nCockpit Roval Rapide<\/li>\n<li>FITA DE GUID\u00c3O<br \/>\nSupacaz<\/li>\n<li>POWER<br \/>\nRoval Rapide Cockpit, barra \/ haste integrada<\/li>\n<li>ABRA\u00c7O. Cunha integrada na pista SADDLE\n <\/li>\n<li>Garfo<br \/>\n S-Works FACT 12r, eixo thru de 12x100mm, disco de montagem plana<\/li>\n<li>S-Works Tarmac SL8 FACT 12r Carbon FRAME<br \/>\n, Rider First Engineered\u2122, Win Tunnel Engineered, Clean Routing, Threaded BB, 12x142mm thru-axle, flat-mount disc. 685g frame. <\/li>\n<li>RUEDA DELANTERA<br \/>\nZipp 303 Carbono<\/li>\n<li>RUEDA TRASERA<br \/>\nZipp 303 Carbono<\/li>\n<li>PNEU DIANTEIRO<br \/>\nTurbo Pro 700&#215;28<\/li>\n<li>PNEU TRASEIRO<br \/>\nTurbo Pro 700&#215;28<\/li>\n<li>Shimano Ultegra CHAIN<br \/>\n, 12 velocidades<\/li>\n<li>CASSETE<br \/>\nShimano Ultegra, 12 velocidades, 11\u201334t<\/li>\n<li>Shimano Roscado BSA SUPORTE<br \/>\n INFERIOR<\/li>\n<li>Shimano Ultegra Di2 R8170 SHIFTERS DE MUDAN\u00c7A<br \/>\n, DISCO HIDR\u00c1ULICO<\/li>\n<li>Shimano Ultegra Di2 R8150, DERAILLEUR<br \/>\n TRASEIRO de 12 velocidades<\/li>\n<li>PEDIVELA<br \/>\nShimano Ultegra R8100<\/li>\n<li>Shimano Ultegra Di2 R8150 DERAILLEUR<br \/>\n DIANTEIRO, brasagem<\/li>\n<li>COROAS<br \/>\n52\/36T<\/li>\n<li>FREIO DIANTEIRO<br \/>\nShimano Ultegra Di2 R8170, disco hidr\u00e1ulico<\/li>\n<li>FREIO TRASEIRO<br \/>\nShimano Ultegra Di2 R8170, disco hidr\u00e1ulico<\/li>\n<\/ul>\n","protected":false},"excerpt":{"rendered":"<p><strong>Cuadro SL8 Rtp Raw Carbon \/ Gloss Premium Fjord 2026. Manillar Roval Rapide Cockpit, cambio Shimano Shimano Ultegra Di2, 12-speed, ruedas Zipp 303 Carbono <\/strong><\/p>\n","protected":false},"featured_media":419465,"comment_status":"closed","ping_status":"closed","template":"","meta":{"_acf_changed":false,"_et_pb_use_builder":"","_et_pb_old_content":"","_et_gb_content_width":"","inline_featured_image":false},"product_brand":[],"product_cat":[4353,2459,378,4352,2483,2696],"product_tag":[],"class_list":{"0":"post-419444","1":"product","2":"type-product","3":"status-publish","4":"has-post-thumbnail","6":"product_cat-liquidacion-specialized","7":"product_cat-bicicletas-pt-pt-2","8":"product_cat-estrada","9":"product_cat-montajes-a-la-carta-pt-pt","10":"product_cat-bicicletas-especializadas","11":"product_cat-ofertas-especializadas","12":"product_shipping_class-bicicletas-pt-pt","14":"first","15":"instock","16":"sale","17":"taxable","18":"shipping-taxable","19":"purchasable","20":"product-type-variable","21":"wvs-archive-product-wrapper"},"acf":[],"yoast_head":"<!-- This site is optimized with the Yoast SEO Premium plugin v26.7 (Yoast SEO v26.7) - https:\/\/yoast.com\/wordpress\/plugins\/seo\/ -->\n<title>Specialized S-Works Tarmac SL8 RTP Ultegra Di2 Montaje GR-100 2026 GR-100<\/title>\n<meta name=\"description\" content=\"Nada es m\u00e1s r\u00e1pido que la Tarmac SL8. Manillar Roval Rapide Cockpit, cambio Shimano Shimano Ultegra Di2, 12-speed, ruedas Zipp 303 Carbono\" \/>\n<meta name=\"robots\" content=\"index, follow, max-snippet:-1, max-image-preview:large, max-video-preview:-1\" \/>\n<link rel=\"canonical\" href=\"https:\/\/gr-100.com\/pt-pt\/producto\/specialized-s-works-tarmac-sl8-ultegra-di2-monte-gr-100-2025-copia-copia-copia-copia-3\/\" \/>\n<meta property=\"og:locale\" content=\"pt_PT\" \/>\n<meta property=\"og:type\" content=\"article\" \/>\n<meta property=\"og:title\" content=\"Specialized S-Works Tarmac SL8 RTP Ultegra Di2 Montaje GR-100 2026\" \/>\n<meta property=\"og:description\" content=\"Nada es m\u00e1s r\u00e1pido que la Tarmac SL8. Manillar Roval Rapide Cockpit, cambio Shimano Shimano Ultegra Di2, 12-speed, ruedas Zipp 303 Carbono\" \/>\n<meta property=\"og:url\" content=\"https:\/\/gr-100.com\/pt-pt\/producto\/specialized-s-works-tarmac-sl8-ultegra-di2-monte-gr-100-2025-copia-copia-copia-copia-3\/\" \/>\n<meta property=\"og:site_name\" content=\"Gr-100 Tienda de ciclismo Specialized\" \/>\n<meta property=\"article:publisher\" content=\"https:\/\/www.facebook.com\/Gr100Bikes\" \/>\n<meta property=\"article:modified_time\" content=\"2026-01-02T12:22:27+00:00\" \/>\n<meta property=\"og:image\" content=\"https:\/\/gr-100.com\/wp-content\/uploads\/2025\/10\/sl8_rtp_montaje_gr-100.jpg\" \/>\n\t<meta property=\"og:image:width\" content=\"1000\" \/>\n\t<meta property=\"og:image:height\" content=\"1000\" \/>\n\t<meta property=\"og:image:type\" content=\"image\/jpeg\" \/>\n<meta name=\"twitter:card\" content=\"summary_large_image\" \/>\n<meta name=\"twitter:label1\" content=\"Tempo estimado de leitura\" \/>\n\t<meta name=\"twitter:data1\" content=\"2 minutos\" \/>\n<script type=\"application\/ld+json\" class=\"yoast-schema-graph\">{\"@context\":\"https:\/\/schema.org\",\"@graph\":[{\"@type\":\"WebPage\",\"@id\":\"https:\/\/gr-100.com\/pt-pt\/producto\/specialized-s-works-tarmac-sl8-ultegra-di2-monte-gr-100-2025-copia-copia-copia-copia-3\/\",\"url\":\"https:\/\/gr-100.com\/pt-pt\/producto\/specialized-s-works-tarmac-sl8-ultegra-di2-monte-gr-100-2025-copia-copia-copia-copia-3\/\",\"name\":\"Specialized S-Works Tarmac SL8 RTP Ultegra Di2 Montaje GR-100 2026 GR-100\",\"isPartOf\":{\"@id\":\"https:\/\/gr-100.com\/#website\"},\"primaryImageOfPage\":{\"@id\":\"https:\/\/gr-100.com\/pt-pt\/producto\/specialized-s-works-tarmac-sl8-ultegra-di2-monte-gr-100-2025-copia-copia-copia-copia-3\/#primaryimage\"},\"image\":{\"@id\":\"https:\/\/gr-100.com\/pt-pt\/producto\/specialized-s-works-tarmac-sl8-ultegra-di2-monte-gr-100-2025-copia-copia-copia-copia-3\/#primaryimage\"},\"thumbnailUrl\":\"https:\/\/gr-100.com\/wp-content\/uploads\/2025\/10\/sl8_rtp_montaje_gr-100.jpg\",\"datePublished\":\"2025-10-20T12:16:39+00:00\",\"dateModified\":\"2026-01-02T12:22:27+00:00\",\"description\":\"Nada es m\u00e1s r\u00e1pido que la Tarmac SL8. Manillar Roval Rapide Cockpit, cambio Shimano Shimano Ultegra Di2, 12-speed, ruedas Zipp 303 Carbono\",\"breadcrumb\":{\"@id\":\"https:\/\/gr-100.com\/pt-pt\/producto\/specialized-s-works-tarmac-sl8-ultegra-di2-monte-gr-100-2025-copia-copia-copia-copia-3\/#breadcrumb\"},\"inLanguage\":\"pt-PT\",\"potentialAction\":[{\"@type\":\"ReadAction\",\"target\":[\"https:\/\/gr-100.com\/pt-pt\/producto\/specialized-s-works-tarmac-sl8-ultegra-di2-monte-gr-100-2025-copia-copia-copia-copia-3\/\"]}]},{\"@type\":\"ImageObject\",\"inLanguage\":\"pt-PT\",\"@id\":\"https:\/\/gr-100.com\/pt-pt\/producto\/specialized-s-works-tarmac-sl8-ultegra-di2-monte-gr-100-2025-copia-copia-copia-copia-3\/#primaryimage\",\"url\":\"https:\/\/gr-100.com\/wp-content\/uploads\/2025\/10\/sl8_rtp_montaje_gr-100.jpg\",\"contentUrl\":\"https:\/\/gr-100.com\/wp-content\/uploads\/2025\/10\/sl8_rtp_montaje_gr-100.jpg\",\"width\":1000,\"height\":1000},{\"@type\":\"BreadcrumbList\",\"@id\":\"https:\/\/gr-100.com\/pt-pt\/producto\/specialized-s-works-tarmac-sl8-ultegra-di2-monte-gr-100-2025-copia-copia-copia-copia-3\/#breadcrumb\",\"itemListElement\":[{\"@type\":\"ListItem\",\"position\":1,\"name\":\"Portada\",\"item\":\"https:\/\/gr-100.com\/en\/\"},{\"@type\":\"ListItem\",\"position\":2,\"name\":\"Productos\",\"item\":\"https:\/\/gr-100.com\/?post_type=product\"},{\"@type\":\"ListItem\",\"position\":3,\"name\":\"Specialized S-Works Tarmac SL8 RTP Ultegra Di2 Montaje GR-100 2026\"}]},{\"@type\":\"WebSite\",\"@id\":\"https:\/\/gr-100.com\/#website\",\"url\":\"https:\/\/gr-100.com\/\",\"name\":\"Gr-100 Tienda de ciclismo Specialized\",\"description\":\"GR-100 tenemos todas las gamas de bicicletas Specialized al mejor precio.\",\"publisher\":{\"@id\":\"https:\/\/gr-100.com\/#organization\"},\"alternateName\":\"Gr-100 Bikes\",\"potentialAction\":[{\"@type\":\"SearchAction\",\"target\":{\"@type\":\"EntryPoint\",\"urlTemplate\":\"https:\/\/gr-100.com\/?s={search_term_string}\"},\"query-input\":{\"@type\":\"PropertyValueSpecification\",\"valueRequired\":true,\"valueName\":\"search_term_string\"}}],\"inLanguage\":\"pt-PT\"},{\"@type\":\"Organization\",\"@id\":\"https:\/\/gr-100.com\/#organization\",\"name\":\"Gr-100\",\"url\":\"https:\/\/gr-100.com\/\",\"logo\":{\"@type\":\"ImageObject\",\"inLanguage\":\"pt-PT\",\"@id\":\"https:\/\/gr-100.com\/#\/schema\/logo\/image\/\",\"url\":\"https:\/\/gr-100.com\/wp-content\/uploads\/2023\/08\/logo-gr-100-bikes.png\",\"contentUrl\":\"https:\/\/gr-100.com\/wp-content\/uploads\/2023\/08\/logo-gr-100-bikes.png\",\"width\":707,\"height\":284,\"caption\":\"Gr-100\"},\"image\":{\"@id\":\"https:\/\/gr-100.com\/#\/schema\/logo\/image\/\"},\"sameAs\":[\"https:\/\/www.facebook.com\/Gr100Bikes\",\"https:\/\/www.instagram.com\/gr100bikes\/\",\"https:\/\/www.tiktok.com\/@gr100bikes\",\"https:\/\/twitter.com\/gr100mtbteam\",\"https:\/\/www.youtube.com\/c\/GR100Specialized\"]}]}<\/script>\n<!-- \/ Yoast SEO Premium plugin. -->","yoast_head_json":{"title":"Specialized S-Works Tarmac SL8 RTP Ultegra Di2 Montaje GR-100 2026 GR-100","description":"Nada es m\u00e1s r\u00e1pido que la Tarmac SL8. Manillar Roval Rapide Cockpit, cambio Shimano Shimano Ultegra Di2, 12-speed, ruedas Zipp 303 Carbono","robots":{"index":"index","follow":"follow","max-snippet":"max-snippet:-1","max-image-preview":"max-image-preview:large","max-video-preview":"max-video-preview:-1"},"canonical":"https:\/\/gr-100.com\/pt-pt\/producto\/specialized-s-works-tarmac-sl8-ultegra-di2-monte-gr-100-2025-copia-copia-copia-copia-3\/","og_locale":"pt_PT","og_type":"article","og_title":"Specialized S-Works Tarmac SL8 RTP Ultegra Di2 Montaje GR-100 2026","og_description":"Nada es m\u00e1s r\u00e1pido que la Tarmac SL8. Manillar Roval Rapide Cockpit, cambio Shimano Shimano Ultegra Di2, 12-speed, ruedas Zipp 303 Carbono","og_url":"https:\/\/gr-100.com\/pt-pt\/producto\/specialized-s-works-tarmac-sl8-ultegra-di2-monte-gr-100-2025-copia-copia-copia-copia-3\/","og_site_name":"Gr-100 Tienda de ciclismo Specialized","article_publisher":"https:\/\/www.facebook.com\/Gr100Bikes","article_modified_time":"2026-01-02T12:22:27+00:00","og_image":[{"width":1000,"height":1000,"url":"https:\/\/gr-100.com\/wp-content\/uploads\/2025\/10\/sl8_rtp_montaje_gr-100.jpg","type":"image\/jpeg"}],"twitter_card":"summary_large_image","twitter_misc":{"Tempo estimado de leitura":"2 minutos"},"schema":{"@context":"https:\/\/schema.org","@graph":[{"@type":"WebPage","@id":"https:\/\/gr-100.com\/pt-pt\/producto\/specialized-s-works-tarmac-sl8-ultegra-di2-monte-gr-100-2025-copia-copia-copia-copia-3\/","url":"https:\/\/gr-100.com\/pt-pt\/producto\/specialized-s-works-tarmac-sl8-ultegra-di2-monte-gr-100-2025-copia-copia-copia-copia-3\/","name":"Specialized S-Works Tarmac SL8 RTP Ultegra Di2 Montaje GR-100 2026 GR-100","isPartOf":{"@id":"https:\/\/gr-100.com\/#website"},"primaryImageOfPage":{"@id":"https:\/\/gr-100.com\/pt-pt\/producto\/specialized-s-works-tarmac-sl8-ultegra-di2-monte-gr-100-2025-copia-copia-copia-copia-3\/#primaryimage"},"image":{"@id":"https:\/\/gr-100.com\/pt-pt\/producto\/specialized-s-works-tarmac-sl8-ultegra-di2-monte-gr-100-2025-copia-copia-copia-copia-3\/#primaryimage"},"thumbnailUrl":"https:\/\/gr-100.com\/wp-content\/uploads\/2025\/10\/sl8_rtp_montaje_gr-100.jpg","datePublished":"2025-10-20T12:16:39+00:00","dateModified":"2026-01-02T12:22:27+00:00","description":"Nada es m\u00e1s r\u00e1pido que la Tarmac SL8. Manillar Roval Rapide Cockpit, cambio Shimano Shimano Ultegra Di2, 12-speed, ruedas Zipp 303 Carbono","breadcrumb":{"@id":"https:\/\/gr-100.com\/pt-pt\/producto\/specialized-s-works-tarmac-sl8-ultegra-di2-monte-gr-100-2025-copia-copia-copia-copia-3\/#breadcrumb"},"inLanguage":"pt-PT","potentialAction":[{"@type":"ReadAction","target":["https:\/\/gr-100.com\/pt-pt\/producto\/specialized-s-works-tarmac-sl8-ultegra-di2-monte-gr-100-2025-copia-copia-copia-copia-3\/"]}]},{"@type":"ImageObject","inLanguage":"pt-PT","@id":"https:\/\/gr-100.com\/pt-pt\/producto\/specialized-s-works-tarmac-sl8-ultegra-di2-monte-gr-100-2025-copia-copia-copia-copia-3\/#primaryimage","url":"https:\/\/gr-100.com\/wp-content\/uploads\/2025\/10\/sl8_rtp_montaje_gr-100.jpg","contentUrl":"https:\/\/gr-100.com\/wp-content\/uploads\/2025\/10\/sl8_rtp_montaje_gr-100.jpg","width":1000,"height":1000},{"@type":"BreadcrumbList","@id":"https:\/\/gr-100.com\/pt-pt\/producto\/specialized-s-works-tarmac-sl8-ultegra-di2-monte-gr-100-2025-copia-copia-copia-copia-3\/#breadcrumb","itemListElement":[{"@type":"ListItem","position":1,"name":"Portada","item":"https:\/\/gr-100.com\/en\/"},{"@type":"ListItem","position":2,"name":"Productos","item":"https:\/\/gr-100.com\/?post_type=product"},{"@type":"ListItem","position":3,"name":"Specialized S-Works Tarmac SL8 RTP Ultegra Di2 Montaje GR-100 2026"}]},{"@type":"WebSite","@id":"https:\/\/gr-100.com\/#website","url":"https:\/\/gr-100.com\/","name":"Gr-100 Tienda de ciclismo Specialized","description":"GR-100 tenemos todas las gamas de bicicletas Specialized al mejor precio.","publisher":{"@id":"https:\/\/gr-100.com\/#organization"},"alternateName":"Gr-100 Bikes","potentialAction":[{"@type":"SearchAction","target":{"@type":"EntryPoint","urlTemplate":"https:\/\/gr-100.com\/?s={search_term_string}"},"query-input":{"@type":"PropertyValueSpecification","valueRequired":true,"valueName":"search_term_string"}}],"inLanguage":"pt-PT"},{"@type":"Organization","@id":"https:\/\/gr-100.com\/#organization","name":"Gr-100","url":"https:\/\/gr-100.com\/","logo":{"@type":"ImageObject","inLanguage":"pt-PT","@id":"https:\/\/gr-100.com\/#\/schema\/logo\/image\/","url":"https:\/\/gr-100.com\/wp-content\/uploads\/2023\/08\/logo-gr-100-bikes.png","contentUrl":"https:\/\/gr-100.com\/wp-content\/uploads\/2023\/08\/logo-gr-100-bikes.png","width":707,"height":284,"caption":"Gr-100"},"image":{"@id":"https:\/\/gr-100.com\/#\/schema\/logo\/image\/"},"sameAs":["https:\/\/www.facebook.com\/Gr100Bikes","https:\/\/www.instagram.com\/gr100bikes\/","https:\/\/www.tiktok.com\/@gr100bikes","https:\/\/twitter.com\/gr100mtbteam","https:\/\/www.youtube.com\/c\/GR100Specialized"]}]}},"_links":{"self":[{"href":"https:\/\/gr-100.com\/pt-pt\/wp-json\/wp\/v2\/product\/419444","targetHints":{"allow":["GET"]}}],"collection":[{"href":"https:\/\/gr-100.com\/pt-pt\/wp-json\/wp\/v2\/product"}],"about":[{"href":"https:\/\/gr-100.com\/pt-pt\/wp-json\/wp\/v2\/types\/product"}],"replies":[{"embeddable":true,"href":"https:\/\/gr-100.com\/pt-pt\/wp-json\/wp\/v2\/comments?post=419444"}],"wp:featuredmedia":[{"embeddable":true,"href":"https:\/\/gr-100.com\/pt-pt\/wp-json\/wp\/v2\/media\/419465"}],"wp:attachment":[{"href":"https:\/\/gr-100.com\/pt-pt\/wp-json\/wp\/v2\/media?parent=419444"}],"wp:term":[{"taxonomy":"product_brand","embeddable":true,"href":"https:\/\/gr-100.com\/pt-pt\/wp-json\/wp\/v2\/product_brand?post=419444"},{"taxonomy":"product_cat","embeddable":true,"href":"https:\/\/gr-100.com\/pt-pt\/wp-json\/wp\/v2\/product_cat?post=419444"},{"taxonomy":"product_tag","embeddable":true,"href":"https:\/\/gr-100.com\/pt-pt\/wp-json\/wp\/v2\/product_tag?post=419444"}],"curies":[{"name":"wp","href":"https:\/\/api.w.org\/{rel}","templated":true}]}}