{"id":421200,"date":"2025-11-14T14:15:24","date_gmt":"2025-11-14T12:15:24","guid":{"rendered":"https:\/\/gr-100.com\/?post_type=product&#038;p=421200"},"modified":"2026-03-10T13:43:28","modified_gmt":"2026-03-10T12:43:28","slug":"roval-control-sl-v-370-trasera","status":"publish","type":"product","link":"https:\/\/gr-100.com\/pt-pt\/producto\/roval-control-sl-v-370-trasera\/","title":{"rendered":"Roval Control SL V 370 Trasera"},"content":{"rendered":"<ul>\n<li>Las nuevas Control SL V 370 combinan la velocidad propia del XC con una relaci\u00f3n calidad\u2011precio incre\u00edble. Con solo 1590 g, estas ruedas suben como un cohete. Su laminado de carbono est\u00e1 optimizado para ofrecer m\u00e1s tracci\u00f3n y la llanta trasera est\u00e1 reforzada para resistir mejor los impactos. Los radios Sapim D\u2011Light trabajan con el buje DT Swiss Ratchet LN de 20\u00ba para ofrecer una respuesta r\u00e1pida. Adem\u00e1s, el gancho FlatStop de 4 mm reduce los pinchazos por pellizcos y el perfil asim\u00e9trico de la llanta alarga su vida \u00fatil. Pura velocidad, control y resistencia para darlo todo.<\/li>\n<li>Especificaciones t\u00e9cnicas<\/li>\n<li>Rines<br \/>\nTama\u00f1o de rueda \/ ETRTO: 29&#8243; \/ 622 mm<br \/>\nCompatibilidad Tubeless: S\u00ed<br \/>\nCompatibilidad con mousse: S\u00ed<br \/>\nCompatibilidad con frenos: Disco (6 tornillos)<br \/>\nConstrucci\u00f3n del aro: Carbono, tipo clincher sin gancho (hookless)<br \/>\nLongitud de v\u00e1lvula: Presta 40 mm<br \/>\nN\u00famero de radios:<br \/>\nTrasera: 28<\/li>\n<li>Dimensiones del aro trasero<br \/>\nProfundidad: 25 mm<br \/>\nAncho externo: 37 mm<br \/>\nAncho interno: 29 mm<br \/>\nAncho del bead hook: 4 mm<br \/>\nModelo: Control SL V Asymmetric Carbon 29&#8243; (WC033-1)<\/li>\n<li>Bujes<br \/>\nBuje trasero<br \/>\nModelo: DT Swiss 370 Straight Pull, 6 tornillos, 12&#215;148 mm<br \/>\nCuerpo de cassette: DT Swiss Ratchet LN (18T): SRAM XD<br \/>\nRodamientos:<br \/>\nLado de transmisi\u00f3n (DS): 6902 (15 \u00d7 28 \u00d7 7 mm), acero inoxidable<br \/>\nLado contrario (NDS): 6902 (15 \u00d7 28 \u00d7 7 mm), acero inoxidable<\/li>\n<li>Radios y niples<br \/>\nNiples: Sapim Secure Lock Double Square, aluminio<br \/>\nRadios traseros: Sapim D-Light Straight Pull, 28 unidades<br \/>\nPatr\u00f3n de radiado trasero: Dos cruces \/ dos cruces (1:1), sin radios cruzados por detr\u00e1s (not tucked)<\/li>\n<li>Informaci\u00f3n sobre la llanta<\/li>\n<li>Cinta tubeless \u2013 ancho: 30 mm<br \/>\nTipo de llanta: Tubeless o clincher con c\u00e1mara<br \/>\nLlanta recomendada: Fast Trak Grid Lite T5\/T7 TLR XC<br \/>\nPresi\u00f3n m\u00e1xima:<br \/>\nTubeless: 40 psi<br \/>\nCon c\u00e1mara: 40 psi<br \/>\nAnchura de llanta aprobada: 1.9&#8243; \u2013 2.6&#8243;<\/li>\n<li>Peso<br \/>\nPeso del juego de ruedas: 1,590 g (con cinta y v\u00e1lvulas)<br \/>\nPeso trasera: 850 g (con cinta y v\u00e1lvulas)<\/li>\n<li>General<br \/>\nGarant\u00eda: Garant\u00eda limitada de por vida<br \/>\nM\u00e9todo de ensamblaje: Hechas a mano<br \/>\nL\u00edmite de peso: 275 lb \/ 125 kg<br \/>\nAprobadas para e-bike: S\u00ed, sistemas estilo SL o m\u00e1ximo 350W<\/li>\n<li>Extras<br \/>\n4 radios y niples adicionales<br \/>\nTapas terminales de 31 mm OD<\/li>\n<\/ul>\n","protected":false},"excerpt":{"rendered":"<p>La velocidad de la Copa del Mundo con la resistencia que exige el trail<br \/>\nPura velocidad. Pura resistencia.<\/p>\n","protected":false},"featured_media":421201,"comment_status":"open","ping_status":"closed","template":"","meta":{"_acf_changed":false,"_et_pb_use_builder":"","_et_pb_old_content":"","_et_gb_content_width":"","inline_featured_image":false},"product_brand":[],"product_cat":[25,55],"product_tag":[],"class_list":{"0":"post-421200","1":"product","2":"type-product","3":"status-publish","4":"has-post-thumbnail","6":"product_cat-componentes","7":"product_cat-ruedas","9":"first","10":"instock","11":"taxable","12":"shipping-taxable","13":"purchasable","14":"product-type-simple"},"acf":[],"yoast_head":"<!-- This site is optimized with the Yoast SEO Premium plugin v26.7 (Yoast SEO v26.7) - https:\/\/yoast.com\/wordpress\/plugins\/seo\/ -->\n<title>Roval Control SL V 370 Trasera GR-100<\/title>\n<meta name=\"description\" content=\"La velocidad de la Copa del Mundo con la resistencia que exige el trailPura velocidad. Pura resistencia.\" \/>\n<meta name=\"robots\" content=\"index, follow, max-snippet:-1, max-image-preview:large, max-video-preview:-1\" \/>\n<link rel=\"canonical\" href=\"https:\/\/gr-100.com\/producto\/roval-control-sl-v-370-trasera\/\" \/>\n<meta property=\"og:locale\" content=\"pt_PT\" \/>\n<meta property=\"og:type\" content=\"article\" \/>\n<meta property=\"og:title\" content=\"Roval Control SL V 370 Trasera\" \/>\n<meta property=\"og:description\" content=\"La velocidad de la Copa del Mundo con la resistencia que exige el trailPura velocidad. Pura resistencia.\" \/>\n<meta property=\"og:url\" content=\"https:\/\/gr-100.com\/producto\/roval-control-sl-v-370-trasera\/\" \/>\n<meta property=\"og:site_name\" content=\"Gr-100 Tienda de ciclismo Specialized\" \/>\n<meta property=\"article:publisher\" content=\"https:\/\/www.facebook.com\/Gr100Bikes\" \/>\n<meta property=\"article:modified_time\" content=\"2026-03-10T12:43:28+00:00\" \/>\n<meta property=\"og:image\" content=\"https:\/\/gr-100.com\/wp-content\/uploads\/2025\/11\/Diseno-sin-titulo-2025-11-14T131421.611.jpg\" \/>\n\t<meta property=\"og:image:width\" content=\"1000\" \/>\n\t<meta property=\"og:image:height\" content=\"1000\" \/>\n\t<meta property=\"og:image:type\" content=\"image\/jpeg\" \/>\n<meta name=\"twitter:card\" content=\"summary_large_image\" \/>\n<meta name=\"twitter:label1\" content=\"Tempo estimado de leitura\" \/>\n\t<meta name=\"twitter:data1\" content=\"2 minutos\" \/>\n<script type=\"application\/ld+json\" class=\"yoast-schema-graph\">{\"@context\":\"https:\/\/schema.org\",\"@graph\":[{\"@type\":\"WebPage\",\"@id\":\"https:\/\/gr-100.com\/producto\/roval-control-sl-v-370-trasera\/\",\"url\":\"https:\/\/gr-100.com\/producto\/roval-control-sl-v-370-trasera\/\",\"name\":\"Roval Control SL V 370 Trasera GR-100\",\"isPartOf\":{\"@id\":\"https:\/\/gr-100.com\/#website\"},\"primaryImageOfPage\":{\"@id\":\"https:\/\/gr-100.com\/producto\/roval-control-sl-v-370-trasera\/#primaryimage\"},\"image\":{\"@id\":\"https:\/\/gr-100.com\/producto\/roval-control-sl-v-370-trasera\/#primaryimage\"},\"thumbnailUrl\":\"https:\/\/gr-100.com\/wp-content\/uploads\/2025\/11\/Diseno-sin-titulo-2025-11-14T131421.611.jpg\",\"datePublished\":\"2025-11-14T12:15:24+00:00\",\"dateModified\":\"2026-03-10T12:43:28+00:00\",\"description\":\"La velocidad de la Copa del Mundo con la resistencia que exige el trailPura velocidad. Pura resistencia.\",\"breadcrumb\":{\"@id\":\"https:\/\/gr-100.com\/producto\/roval-control-sl-v-370-trasera\/#breadcrumb\"},\"inLanguage\":\"pt-PT\",\"potentialAction\":[{\"@type\":\"ReadAction\",\"target\":[\"https:\/\/gr-100.com\/producto\/roval-control-sl-v-370-trasera\/\"]}]},{\"@type\":\"ImageObject\",\"inLanguage\":\"pt-PT\",\"@id\":\"https:\/\/gr-100.com\/producto\/roval-control-sl-v-370-trasera\/#primaryimage\",\"url\":\"https:\/\/gr-100.com\/wp-content\/uploads\/2025\/11\/Diseno-sin-titulo-2025-11-14T131421.611.jpg\",\"contentUrl\":\"https:\/\/gr-100.com\/wp-content\/uploads\/2025\/11\/Diseno-sin-titulo-2025-11-14T131421.611.jpg\",\"width\":1000,\"height\":1000},{\"@type\":\"BreadcrumbList\",\"@id\":\"https:\/\/gr-100.com\/producto\/roval-control-sl-v-370-trasera\/#breadcrumb\",\"itemListElement\":[{\"@type\":\"ListItem\",\"position\":1,\"name\":\"Portada\",\"item\":\"https:\/\/gr-100.com\/en\/\"},{\"@type\":\"ListItem\",\"position\":2,\"name\":\"Productos\",\"item\":\"https:\/\/gr-100.com\/?post_type=product\"},{\"@type\":\"ListItem\",\"position\":3,\"name\":\"Roval Control SL V 370 Trasera\"}]},{\"@type\":\"WebSite\",\"@id\":\"https:\/\/gr-100.com\/#website\",\"url\":\"https:\/\/gr-100.com\/\",\"name\":\"Gr-100 Tienda de ciclismo Specialized\",\"description\":\"GR-100 tenemos todas las gamas de bicicletas Specialized al mejor precio.\",\"publisher\":{\"@id\":\"https:\/\/gr-100.com\/#organization\"},\"alternateName\":\"Gr-100 Bikes\",\"potentialAction\":[{\"@type\":\"SearchAction\",\"target\":{\"@type\":\"EntryPoint\",\"urlTemplate\":\"https:\/\/gr-100.com\/?s={search_term_string}\"},\"query-input\":{\"@type\":\"PropertyValueSpecification\",\"valueRequired\":true,\"valueName\":\"search_term_string\"}}],\"inLanguage\":\"pt-PT\"},{\"@type\":\"Organization\",\"@id\":\"https:\/\/gr-100.com\/#organization\",\"name\":\"Gr-100\",\"url\":\"https:\/\/gr-100.com\/\",\"logo\":{\"@type\":\"ImageObject\",\"inLanguage\":\"pt-PT\",\"@id\":\"https:\/\/gr-100.com\/#\/schema\/logo\/image\/\",\"url\":\"https:\/\/gr-100.com\/wp-content\/uploads\/2023\/08\/logo-gr-100-bikes.png\",\"contentUrl\":\"https:\/\/gr-100.com\/wp-content\/uploads\/2023\/08\/logo-gr-100-bikes.png\",\"width\":707,\"height\":284,\"caption\":\"Gr-100\"},\"image\":{\"@id\":\"https:\/\/gr-100.com\/#\/schema\/logo\/image\/\"},\"sameAs\":[\"https:\/\/www.facebook.com\/Gr100Bikes\",\"https:\/\/www.instagram.com\/gr100bikes\/\",\"https:\/\/www.tiktok.com\/@gr100bikes\",\"https:\/\/twitter.com\/gr100mtbteam\",\"https:\/\/www.youtube.com\/c\/GR100Specialized\"]}]}<\/script>\n<!-- \/ Yoast SEO Premium plugin. -->","yoast_head_json":{"title":"Roval Control SL V 370 Trasera GR-100","description":"La velocidad de la Copa del Mundo con la resistencia que exige el trailPura velocidad. Pura resistencia.","robots":{"index":"index","follow":"follow","max-snippet":"max-snippet:-1","max-image-preview":"max-image-preview:large","max-video-preview":"max-video-preview:-1"},"canonical":"https:\/\/gr-100.com\/producto\/roval-control-sl-v-370-trasera\/","og_locale":"pt_PT","og_type":"article","og_title":"Roval Control SL V 370 Trasera","og_description":"La velocidad de la Copa del Mundo con la resistencia que exige el trailPura velocidad. Pura resistencia.","og_url":"https:\/\/gr-100.com\/producto\/roval-control-sl-v-370-trasera\/","og_site_name":"Gr-100 Tienda de ciclismo Specialized","article_publisher":"https:\/\/www.facebook.com\/Gr100Bikes","article_modified_time":"2026-03-10T12:43:28+00:00","og_image":[{"width":1000,"height":1000,"url":"https:\/\/gr-100.com\/wp-content\/uploads\/2025\/11\/Diseno-sin-titulo-2025-11-14T131421.611.jpg","type":"image\/jpeg"}],"twitter_card":"summary_large_image","twitter_misc":{"Tempo estimado de leitura":"2 minutos"},"schema":{"@context":"https:\/\/schema.org","@graph":[{"@type":"WebPage","@id":"https:\/\/gr-100.com\/producto\/roval-control-sl-v-370-trasera\/","url":"https:\/\/gr-100.com\/producto\/roval-control-sl-v-370-trasera\/","name":"Roval Control SL V 370 Trasera GR-100","isPartOf":{"@id":"https:\/\/gr-100.com\/#website"},"primaryImageOfPage":{"@id":"https:\/\/gr-100.com\/producto\/roval-control-sl-v-370-trasera\/#primaryimage"},"image":{"@id":"https:\/\/gr-100.com\/producto\/roval-control-sl-v-370-trasera\/#primaryimage"},"thumbnailUrl":"https:\/\/gr-100.com\/wp-content\/uploads\/2025\/11\/Diseno-sin-titulo-2025-11-14T131421.611.jpg","datePublished":"2025-11-14T12:15:24+00:00","dateModified":"2026-03-10T12:43:28+00:00","description":"La velocidad de la Copa del Mundo con la resistencia que exige el trailPura velocidad. Pura resistencia.","breadcrumb":{"@id":"https:\/\/gr-100.com\/producto\/roval-control-sl-v-370-trasera\/#breadcrumb"},"inLanguage":"pt-PT","potentialAction":[{"@type":"ReadAction","target":["https:\/\/gr-100.com\/producto\/roval-control-sl-v-370-trasera\/"]}]},{"@type":"ImageObject","inLanguage":"pt-PT","@id":"https:\/\/gr-100.com\/producto\/roval-control-sl-v-370-trasera\/#primaryimage","url":"https:\/\/gr-100.com\/wp-content\/uploads\/2025\/11\/Diseno-sin-titulo-2025-11-14T131421.611.jpg","contentUrl":"https:\/\/gr-100.com\/wp-content\/uploads\/2025\/11\/Diseno-sin-titulo-2025-11-14T131421.611.jpg","width":1000,"height":1000},{"@type":"BreadcrumbList","@id":"https:\/\/gr-100.com\/producto\/roval-control-sl-v-370-trasera\/#breadcrumb","itemListElement":[{"@type":"ListItem","position":1,"name":"Portada","item":"https:\/\/gr-100.com\/en\/"},{"@type":"ListItem","position":2,"name":"Productos","item":"https:\/\/gr-100.com\/?post_type=product"},{"@type":"ListItem","position":3,"name":"Roval Control SL V 370 Trasera"}]},{"@type":"WebSite","@id":"https:\/\/gr-100.com\/#website","url":"https:\/\/gr-100.com\/","name":"Gr-100 Tienda de ciclismo Specialized","description":"GR-100 tenemos todas las gamas de bicicletas Specialized al mejor precio.","publisher":{"@id":"https:\/\/gr-100.com\/#organization"},"alternateName":"Gr-100 Bikes","potentialAction":[{"@type":"SearchAction","target":{"@type":"EntryPoint","urlTemplate":"https:\/\/gr-100.com\/?s={search_term_string}"},"query-input":{"@type":"PropertyValueSpecification","valueRequired":true,"valueName":"search_term_string"}}],"inLanguage":"pt-PT"},{"@type":"Organization","@id":"https:\/\/gr-100.com\/#organization","name":"Gr-100","url":"https:\/\/gr-100.com\/","logo":{"@type":"ImageObject","inLanguage":"pt-PT","@id":"https:\/\/gr-100.com\/#\/schema\/logo\/image\/","url":"https:\/\/gr-100.com\/wp-content\/uploads\/2023\/08\/logo-gr-100-bikes.png","contentUrl":"https:\/\/gr-100.com\/wp-content\/uploads\/2023\/08\/logo-gr-100-bikes.png","width":707,"height":284,"caption":"Gr-100"},"image":{"@id":"https:\/\/gr-100.com\/#\/schema\/logo\/image\/"},"sameAs":["https:\/\/www.facebook.com\/Gr100Bikes","https:\/\/www.instagram.com\/gr100bikes\/","https:\/\/www.tiktok.com\/@gr100bikes","https:\/\/twitter.com\/gr100mtbteam","https:\/\/www.youtube.com\/c\/GR100Specialized"]}]}},"_links":{"self":[{"href":"https:\/\/gr-100.com\/pt-pt\/wp-json\/wp\/v2\/product\/421200","targetHints":{"allow":["GET"]}}],"collection":[{"href":"https:\/\/gr-100.com\/pt-pt\/wp-json\/wp\/v2\/product"}],"about":[{"href":"https:\/\/gr-100.com\/pt-pt\/wp-json\/wp\/v2\/types\/product"}],"replies":[{"embeddable":true,"href":"https:\/\/gr-100.com\/pt-pt\/wp-json\/wp\/v2\/comments?post=421200"}],"wp:featuredmedia":[{"embeddable":true,"href":"https:\/\/gr-100.com\/pt-pt\/wp-json\/wp\/v2\/media\/421201"}],"wp:attachment":[{"href":"https:\/\/gr-100.com\/pt-pt\/wp-json\/wp\/v2\/media?parent=421200"}],"wp:term":[{"taxonomy":"product_brand","embeddable":true,"href":"https:\/\/gr-100.com\/pt-pt\/wp-json\/wp\/v2\/product_brand?post=421200"},{"taxonomy":"product_cat","embeddable":true,"href":"https:\/\/gr-100.com\/pt-pt\/wp-json\/wp\/v2\/product_cat?post=421200"},{"taxonomy":"product_tag","embeddable":true,"href":"https:\/\/gr-100.com\/pt-pt\/wp-json\/wp\/v2\/product_tag?post=421200"}],"curies":[{"name":"wp","href":"https:\/\/api.w.org\/{rel}","templated":true}]}}