{"id":421586,"date":"2025-11-21T16:46:52","date_gmt":"2025-11-21T15:46:52","guid":{"rendered":"https:\/\/gr-100.com\/?post_type=product&#038;p=421586"},"modified":"2025-12-19T20:06:45","modified_gmt":"2025-12-19T18:06:45","slug":"specialized-s-works-tarmac-sl8-ultegra-di2-monte-gr-100-2025-copia-copia-copia-copia-4","status":"publish","type":"product","link":"https:\/\/gr-100.com\/pt-pt\/producto\/specialized-s-works-tarmac-sl8-ultegra-di2-monte-gr-100-2025-copia-copia-copia-copia-4\/","title":{"rendered":"Specialized S-Works Tarmac SL8 RTP 2026 Dura-Ace Di2 Montaje GR-100"},"content":{"rendered":"<div>\n<p><strong>Especifica\u00e7\u00f5es t\u00e9cnicas<\/strong><\/p>\n<\/div>\n<ul>\n<li>SILL\u00cdN<br \/>\nS-Works Power Mirror<\/li>\n<li>S-WORKS TARMAC SL8 Poste de assento em carbono<br \/>\n, FACT Carbon, 15mm offset<\/li>\n<li>GUID\u00c3O<br \/>\nCockpit Roval Rapide<\/li>\n<li>FITA DE GUID\u00c3O<br \/>\nSupacaz<\/li>\n<li>Haste integrada STEM<br \/>\nTarmac, 6 graus<\/li>\n<li>ABRA\u00c7O. Cunha integrada na pista SADDLE\n <\/li>\n<li>Garfo<br \/>\n S-Works FACT 12r, eixo thru de 12x100mm, disco de montagem plana<\/li>\n<li>CUADRO<br \/>\nS-Works Tarmac SL8 RTP FACT 12r Carbon, Rider First Engineered\u2122, Win Tunnel Engineered, Clean Routing, Threaded BB, 12x142mm thru-axle, flat-mount disc. 685g frame. <\/li>\n<li>RUEDA DELANTERA<br \/>\nRoval Rapide CL III<\/li>\n<li>RUEDA TRASERA<br \/>\nRoval Rapide CL III<\/li>\n<li>PNEU.<br \/>\nS-Works Turbo<\/li>\n<li>S-WORKS TURBO PNEU TRASEIRO\n<\/li>\n<li>Shimano Dura-Ace CHAIN<br \/>\n, 12 velocidades<\/li>\n<li>CASETE<br \/>\nShimano Dura-Ace, 12-speed<\/li>\n<li>Shimano Dura-Ace SUPORTE INFERIOR,<br \/>\n BB-R9200<\/li>\n<li>Shimano Dura-Ace R9270 SHIFTERS DE MUDAN\u00c7A<br \/>\n, DISCO HIDR\u00c1ULICO<\/li>\n<li>Shimano Dura-Ace R9250, DERAILLEUR<br \/>\n TRASEIRO de 12 velocidades<\/li>\n<li>PEDALIER<br \/>\nShimano Dura-Ace R9200, HollowTech II, 12-speed<\/li>\n<li>DESVIADOR<br \/>\nShimano Dura-Ace R9200, HollowTech II, 12-speed<\/li>\n<li>PLATOS<br \/>\nShimano Dura-Ace<\/li>\n<li>FREIO DIANTEIRO<br \/>\nShimano Dura-Ace R9270, disco hidr\u00e1ulico<\/li>\n<li>FREIO TRASEIRO<br \/>\nShimano Dura-Ace R9270, disco hidr\u00e1ulico<\/li>\n<\/ul>\n","protected":false},"excerpt":{"rendered":"<p><strong>Specialized S-Works Tarmac SL8 RTP Dura-Ace Montaje GR-100, manillar Roval Rapide Cockpit, cambio Shimano Shimano Dura-Ace R9250, 12-speed, ruedas Roval Rapide CL III.<\/strong><\/p>\n<h4><span style=\"color: #ff0000;\"><strong>Opci\u00f3n montaje con potenciometro +500\u20ac<\/strong><\/span><\/h4>\n","protected":false},"featured_media":421598,"comment_status":"closed","ping_status":"closed","template":"","meta":{"_acf_changed":false,"_et_pb_use_builder":"","_et_pb_old_content":"","_et_gb_content_width":"","inline_featured_image":false},"product_brand":[],"product_cat":[2459,378,5315,5314,5312,5313,4352,2483,2696],"product_tag":[],"class_list":{"0":"post-421586","1":"product","2":"type-product","3":"status-publish","4":"has-post-thumbnail","6":"product_cat-bicicletas-pt-pt-2","7":"product_cat-estrada","8":"product_cat-bicicletas-carretera-aero-pt-pt","9":"product_cat-bicicletas-carretera-carbono-pt-pt","10":"product_cat-bicicletas-carretera-s-works-pt-pt","11":"product_cat-bicicletas-carretera-specialized-pt-pt","12":"product_cat-montajes-a-la-carta-pt-pt","13":"product_cat-bicicletas-especializadas","14":"product_cat-ofertas-especializadas","15":"product_shipping_class-bicicletas-pt-pt","17":"first","18":"instock","19":"sale","20":"taxable","21":"shipping-taxable","22":"purchasable","23":"product-type-variable","24":"wvs-archive-product-wrapper"},"acf":[],"yoast_head":"<!-- This site is optimized with the Yoast SEO Premium plugin v26.7 (Yoast SEO v26.7) - https:\/\/yoast.com\/wordpress\/plugins\/seo\/ -->\n<title>Specialized S-Works Tarmac SL8 RTP 2026 Dura-Ace Di2 Montaje GR-100 GR-100<\/title>\n<meta name=\"description\" content=\"Nada es m\u00e1s r\u00e1pido que la Tarmac SL8 .Manillar Roval Rapide, cambio Shimano Shimano Dura-Ace R9250, 12-speed, ruedas Roval CL III.\" \/>\n<meta name=\"robots\" content=\"index, follow, max-snippet:-1, max-image-preview:large, max-video-preview:-1\" \/>\n<link rel=\"canonical\" href=\"https:\/\/gr-100.com\/pt-pt\/producto\/specialized-s-works-tarmac-sl8-ultegra-di2-monte-gr-100-2025-copia-copia-copia-copia-4\/\" \/>\n<meta property=\"og:locale\" content=\"pt_PT\" \/>\n<meta property=\"og:type\" content=\"article\" \/>\n<meta property=\"og:title\" content=\"Specialized S-Works Tarmac SL8 RTP 2026 Dura-Ace Di2 Montaje GR-100\" \/>\n<meta property=\"og:description\" content=\"Nada es m\u00e1s r\u00e1pido que la Tarmac SL8 .Manillar Roval Rapide, cambio Shimano Shimano Dura-Ace R9250, 12-speed, ruedas Roval CL III.\" \/>\n<meta property=\"og:url\" content=\"https:\/\/gr-100.com\/pt-pt\/producto\/specialized-s-works-tarmac-sl8-ultegra-di2-monte-gr-100-2025-copia-copia-copia-copia-4\/\" \/>\n<meta property=\"og:site_name\" content=\"Gr-100 Tienda de ciclismo Specialized\" \/>\n<meta property=\"article:publisher\" content=\"https:\/\/www.facebook.com\/Gr100Bikes\" \/>\n<meta property=\"article:modified_time\" content=\"2025-12-19T18:06:45+00:00\" \/>\n<meta property=\"og:image\" content=\"https:\/\/gr-100.com\/wp-content\/uploads\/2025\/11\/Montaje-SL8-S-Works-RTP.jpg\" \/>\n\t<meta property=\"og:image:width\" content=\"1000\" \/>\n\t<meta property=\"og:image:height\" content=\"1000\" \/>\n\t<meta property=\"og:image:type\" content=\"image\/jpeg\" \/>\n<meta name=\"twitter:card\" content=\"summary_large_image\" \/>\n<meta name=\"twitter:label1\" content=\"Tempo estimado de leitura\" \/>\n\t<meta name=\"twitter:data1\" content=\"2 minutos\" \/>\n<script type=\"application\/ld+json\" class=\"yoast-schema-graph\">{\"@context\":\"https:\/\/schema.org\",\"@graph\":[{\"@type\":\"WebPage\",\"@id\":\"https:\/\/gr-100.com\/pt-pt\/producto\/specialized-s-works-tarmac-sl8-ultegra-di2-monte-gr-100-2025-copia-copia-copia-copia-4\/\",\"url\":\"https:\/\/gr-100.com\/pt-pt\/producto\/specialized-s-works-tarmac-sl8-ultegra-di2-monte-gr-100-2025-copia-copia-copia-copia-4\/\",\"name\":\"Specialized S-Works Tarmac SL8 RTP 2026 Dura-Ace Di2 Montaje GR-100 GR-100\",\"isPartOf\":{\"@id\":\"https:\/\/gr-100.com\/#website\"},\"primaryImageOfPage\":{\"@id\":\"https:\/\/gr-100.com\/pt-pt\/producto\/specialized-s-works-tarmac-sl8-ultegra-di2-monte-gr-100-2025-copia-copia-copia-copia-4\/#primaryimage\"},\"image\":{\"@id\":\"https:\/\/gr-100.com\/pt-pt\/producto\/specialized-s-works-tarmac-sl8-ultegra-di2-monte-gr-100-2025-copia-copia-copia-copia-4\/#primaryimage\"},\"thumbnailUrl\":\"https:\/\/gr-100.com\/wp-content\/uploads\/2025\/11\/Montaje-SL8-S-Works-RTP.jpg\",\"datePublished\":\"2025-11-21T15:46:52+00:00\",\"dateModified\":\"2025-12-19T18:06:45+00:00\",\"description\":\"Nada es m\u00e1s r\u00e1pido que la Tarmac SL8 .Manillar Roval Rapide, cambio Shimano Shimano Dura-Ace R9250, 12-speed, ruedas Roval CL III.\",\"breadcrumb\":{\"@id\":\"https:\/\/gr-100.com\/pt-pt\/producto\/specialized-s-works-tarmac-sl8-ultegra-di2-monte-gr-100-2025-copia-copia-copia-copia-4\/#breadcrumb\"},\"inLanguage\":\"pt-PT\",\"potentialAction\":[{\"@type\":\"ReadAction\",\"target\":[\"https:\/\/gr-100.com\/pt-pt\/producto\/specialized-s-works-tarmac-sl8-ultegra-di2-monte-gr-100-2025-copia-copia-copia-copia-4\/\"]}]},{\"@type\":\"ImageObject\",\"inLanguage\":\"pt-PT\",\"@id\":\"https:\/\/gr-100.com\/pt-pt\/producto\/specialized-s-works-tarmac-sl8-ultegra-di2-monte-gr-100-2025-copia-copia-copia-copia-4\/#primaryimage\",\"url\":\"https:\/\/gr-100.com\/wp-content\/uploads\/2025\/11\/Montaje-SL8-S-Works-RTP.jpg\",\"contentUrl\":\"https:\/\/gr-100.com\/wp-content\/uploads\/2025\/11\/Montaje-SL8-S-Works-RTP.jpg\",\"width\":1000,\"height\":1000},{\"@type\":\"BreadcrumbList\",\"@id\":\"https:\/\/gr-100.com\/pt-pt\/producto\/specialized-s-works-tarmac-sl8-ultegra-di2-monte-gr-100-2025-copia-copia-copia-copia-4\/#breadcrumb\",\"itemListElement\":[{\"@type\":\"ListItem\",\"position\":1,\"name\":\"Portada\",\"item\":\"https:\/\/gr-100.com\/en\/\"},{\"@type\":\"ListItem\",\"position\":2,\"name\":\"Productos\",\"item\":\"https:\/\/gr-100.com\/?post_type=product\"},{\"@type\":\"ListItem\",\"position\":3,\"name\":\"Specialized S-Works Tarmac SL8 RTP 2026 Dura-Ace Di2 Montaje GR-100\"}]},{\"@type\":\"WebSite\",\"@id\":\"https:\/\/gr-100.com\/#website\",\"url\":\"https:\/\/gr-100.com\/\",\"name\":\"Gr-100 Tienda de ciclismo Specialized\",\"description\":\"GR-100 tenemos todas las gamas de bicicletas Specialized al mejor precio.\",\"publisher\":{\"@id\":\"https:\/\/gr-100.com\/#organization\"},\"alternateName\":\"Gr-100 Bikes\",\"potentialAction\":[{\"@type\":\"SearchAction\",\"target\":{\"@type\":\"EntryPoint\",\"urlTemplate\":\"https:\/\/gr-100.com\/?s={search_term_string}\"},\"query-input\":{\"@type\":\"PropertyValueSpecification\",\"valueRequired\":true,\"valueName\":\"search_term_string\"}}],\"inLanguage\":\"pt-PT\"},{\"@type\":\"Organization\",\"@id\":\"https:\/\/gr-100.com\/#organization\",\"name\":\"Gr-100\",\"url\":\"https:\/\/gr-100.com\/\",\"logo\":{\"@type\":\"ImageObject\",\"inLanguage\":\"pt-PT\",\"@id\":\"https:\/\/gr-100.com\/#\/schema\/logo\/image\/\",\"url\":\"https:\/\/gr-100.com\/wp-content\/uploads\/2023\/08\/logo-gr-100-bikes.png\",\"contentUrl\":\"https:\/\/gr-100.com\/wp-content\/uploads\/2023\/08\/logo-gr-100-bikes.png\",\"width\":707,\"height\":284,\"caption\":\"Gr-100\"},\"image\":{\"@id\":\"https:\/\/gr-100.com\/#\/schema\/logo\/image\/\"},\"sameAs\":[\"https:\/\/www.facebook.com\/Gr100Bikes\",\"https:\/\/www.instagram.com\/gr100bikes\/\",\"https:\/\/www.tiktok.com\/@gr100bikes\",\"https:\/\/twitter.com\/gr100mtbteam\",\"https:\/\/www.youtube.com\/c\/GR100Specialized\"]}]}<\/script>\n<!-- \/ Yoast SEO Premium plugin. -->","yoast_head_json":{"title":"Specialized S-Works Tarmac SL8 RTP 2026 Dura-Ace Di2 Montaje GR-100 GR-100","description":"Nada es m\u00e1s r\u00e1pido que la Tarmac SL8 .Manillar Roval Rapide, cambio Shimano Shimano Dura-Ace R9250, 12-speed, ruedas Roval CL III.","robots":{"index":"index","follow":"follow","max-snippet":"max-snippet:-1","max-image-preview":"max-image-preview:large","max-video-preview":"max-video-preview:-1"},"canonical":"https:\/\/gr-100.com\/pt-pt\/producto\/specialized-s-works-tarmac-sl8-ultegra-di2-monte-gr-100-2025-copia-copia-copia-copia-4\/","og_locale":"pt_PT","og_type":"article","og_title":"Specialized S-Works Tarmac SL8 RTP 2026 Dura-Ace Di2 Montaje GR-100","og_description":"Nada es m\u00e1s r\u00e1pido que la Tarmac SL8 .Manillar Roval Rapide, cambio Shimano Shimano Dura-Ace R9250, 12-speed, ruedas Roval CL III.","og_url":"https:\/\/gr-100.com\/pt-pt\/producto\/specialized-s-works-tarmac-sl8-ultegra-di2-monte-gr-100-2025-copia-copia-copia-copia-4\/","og_site_name":"Gr-100 Tienda de ciclismo Specialized","article_publisher":"https:\/\/www.facebook.com\/Gr100Bikes","article_modified_time":"2025-12-19T18:06:45+00:00","og_image":[{"width":1000,"height":1000,"url":"https:\/\/gr-100.com\/wp-content\/uploads\/2025\/11\/Montaje-SL8-S-Works-RTP.jpg","type":"image\/jpeg"}],"twitter_card":"summary_large_image","twitter_misc":{"Tempo estimado de leitura":"2 minutos"},"schema":{"@context":"https:\/\/schema.org","@graph":[{"@type":"WebPage","@id":"https:\/\/gr-100.com\/pt-pt\/producto\/specialized-s-works-tarmac-sl8-ultegra-di2-monte-gr-100-2025-copia-copia-copia-copia-4\/","url":"https:\/\/gr-100.com\/pt-pt\/producto\/specialized-s-works-tarmac-sl8-ultegra-di2-monte-gr-100-2025-copia-copia-copia-copia-4\/","name":"Specialized S-Works Tarmac SL8 RTP 2026 Dura-Ace Di2 Montaje GR-100 GR-100","isPartOf":{"@id":"https:\/\/gr-100.com\/#website"},"primaryImageOfPage":{"@id":"https:\/\/gr-100.com\/pt-pt\/producto\/specialized-s-works-tarmac-sl8-ultegra-di2-monte-gr-100-2025-copia-copia-copia-copia-4\/#primaryimage"},"image":{"@id":"https:\/\/gr-100.com\/pt-pt\/producto\/specialized-s-works-tarmac-sl8-ultegra-di2-monte-gr-100-2025-copia-copia-copia-copia-4\/#primaryimage"},"thumbnailUrl":"https:\/\/gr-100.com\/wp-content\/uploads\/2025\/11\/Montaje-SL8-S-Works-RTP.jpg","datePublished":"2025-11-21T15:46:52+00:00","dateModified":"2025-12-19T18:06:45+00:00","description":"Nada es m\u00e1s r\u00e1pido que la Tarmac SL8 .Manillar Roval Rapide, cambio Shimano Shimano Dura-Ace R9250, 12-speed, ruedas Roval CL III.","breadcrumb":{"@id":"https:\/\/gr-100.com\/pt-pt\/producto\/specialized-s-works-tarmac-sl8-ultegra-di2-monte-gr-100-2025-copia-copia-copia-copia-4\/#breadcrumb"},"inLanguage":"pt-PT","potentialAction":[{"@type":"ReadAction","target":["https:\/\/gr-100.com\/pt-pt\/producto\/specialized-s-works-tarmac-sl8-ultegra-di2-monte-gr-100-2025-copia-copia-copia-copia-4\/"]}]},{"@type":"ImageObject","inLanguage":"pt-PT","@id":"https:\/\/gr-100.com\/pt-pt\/producto\/specialized-s-works-tarmac-sl8-ultegra-di2-monte-gr-100-2025-copia-copia-copia-copia-4\/#primaryimage","url":"https:\/\/gr-100.com\/wp-content\/uploads\/2025\/11\/Montaje-SL8-S-Works-RTP.jpg","contentUrl":"https:\/\/gr-100.com\/wp-content\/uploads\/2025\/11\/Montaje-SL8-S-Works-RTP.jpg","width":1000,"height":1000},{"@type":"BreadcrumbList","@id":"https:\/\/gr-100.com\/pt-pt\/producto\/specialized-s-works-tarmac-sl8-ultegra-di2-monte-gr-100-2025-copia-copia-copia-copia-4\/#breadcrumb","itemListElement":[{"@type":"ListItem","position":1,"name":"Portada","item":"https:\/\/gr-100.com\/en\/"},{"@type":"ListItem","position":2,"name":"Productos","item":"https:\/\/gr-100.com\/?post_type=product"},{"@type":"ListItem","position":3,"name":"Specialized S-Works Tarmac SL8 RTP 2026 Dura-Ace Di2 Montaje GR-100"}]},{"@type":"WebSite","@id":"https:\/\/gr-100.com\/#website","url":"https:\/\/gr-100.com\/","name":"Gr-100 Tienda de ciclismo Specialized","description":"GR-100 tenemos todas las gamas de bicicletas Specialized al mejor precio.","publisher":{"@id":"https:\/\/gr-100.com\/#organization"},"alternateName":"Gr-100 Bikes","potentialAction":[{"@type":"SearchAction","target":{"@type":"EntryPoint","urlTemplate":"https:\/\/gr-100.com\/?s={search_term_string}"},"query-input":{"@type":"PropertyValueSpecification","valueRequired":true,"valueName":"search_term_string"}}],"inLanguage":"pt-PT"},{"@type":"Organization","@id":"https:\/\/gr-100.com\/#organization","name":"Gr-100","url":"https:\/\/gr-100.com\/","logo":{"@type":"ImageObject","inLanguage":"pt-PT","@id":"https:\/\/gr-100.com\/#\/schema\/logo\/image\/","url":"https:\/\/gr-100.com\/wp-content\/uploads\/2023\/08\/logo-gr-100-bikes.png","contentUrl":"https:\/\/gr-100.com\/wp-content\/uploads\/2023\/08\/logo-gr-100-bikes.png","width":707,"height":284,"caption":"Gr-100"},"image":{"@id":"https:\/\/gr-100.com\/#\/schema\/logo\/image\/"},"sameAs":["https:\/\/www.facebook.com\/Gr100Bikes","https:\/\/www.instagram.com\/gr100bikes\/","https:\/\/www.tiktok.com\/@gr100bikes","https:\/\/twitter.com\/gr100mtbteam","https:\/\/www.youtube.com\/c\/GR100Specialized"]}]}},"_links":{"self":[{"href":"https:\/\/gr-100.com\/pt-pt\/wp-json\/wp\/v2\/product\/421586","targetHints":{"allow":["GET"]}}],"collection":[{"href":"https:\/\/gr-100.com\/pt-pt\/wp-json\/wp\/v2\/product"}],"about":[{"href":"https:\/\/gr-100.com\/pt-pt\/wp-json\/wp\/v2\/types\/product"}],"replies":[{"embeddable":true,"href":"https:\/\/gr-100.com\/pt-pt\/wp-json\/wp\/v2\/comments?post=421586"}],"wp:featuredmedia":[{"embeddable":true,"href":"https:\/\/gr-100.com\/pt-pt\/wp-json\/wp\/v2\/media\/421598"}],"wp:attachment":[{"href":"https:\/\/gr-100.com\/pt-pt\/wp-json\/wp\/v2\/media?parent=421586"}],"wp:term":[{"taxonomy":"product_brand","embeddable":true,"href":"https:\/\/gr-100.com\/pt-pt\/wp-json\/wp\/v2\/product_brand?post=421586"},{"taxonomy":"product_cat","embeddable":true,"href":"https:\/\/gr-100.com\/pt-pt\/wp-json\/wp\/v2\/product_cat?post=421586"},{"taxonomy":"product_tag","embeddable":true,"href":"https:\/\/gr-100.com\/pt-pt\/wp-json\/wp\/v2\/product_tag?post=421586"}],"curies":[{"name":"wp","href":"https:\/\/api.w.org\/{rel}","templated":true}]}}