{"id":421847,"date":"2025-11-20T21:02:35","date_gmt":"2025-11-20T19:02:35","guid":{"rendered":"https:\/\/gr-100.com\/producto\/maillot-gr-100-gsport-aero-salmon-largo-2026-unisex\/"},"modified":"2025-12-18T16:00:17","modified_gmt":"2025-12-18T14:00:17","slug":"maillot-gr-100-gsport-aero-salmon-largo-2026-unisex","status":"publish","type":"product","link":"https:\/\/gr-100.com\/pt-pt\/producto\/maillot-gr-100-gsport-aero-salmon-largo-2026-unisex\/","title":{"rendered":"Maillot GR-100 GSPORT Aero Salmon Largo 2026 Unisex"},"content":{"rendered":"<ul>\n<li>Presenta un corte ajustado ideal para ciclistas que buscan una prenda que se adapte perfectamente a su cuerpo.<\/li>\n<li>Compuesto principalmente por licra afelpada para conseguir un ajuste \u00f3ptimo. Tejido liso en la parte delantera, laterales y bolsillo y un tejido microperforado en la espalda para favorecer la transpiraci\u00f3n. <\/li>\n<li>Manga sentada acabada con pu\u00f1o en corte vivo de licra indesmallable.<\/li>\n<li>Bolsillos reforzados con elasticidad unidireccional y acabado en el\u00e1stico de 2 cm.<\/li>\n<li>Reflectante trasero para dotar al ciclista de visibilidad en las horas de menos luz.<\/li>\n<li>Terminaci\u00f3n con goma de silicona.<\/li>\n<li>Cremallera YKK invertida con bloqueo.<\/li>\n<li>Rango de temperatura de 5\u00ba a 18\u00ba.<\/li>\n<\/ul>\n<p><img decoding=\"async\" class=\"aligncenter wp-image-263930 size-full\" src=\"https:\/\/gr-100.com\/wp-content\/uploads\/2024\/05\/Tallas_Hombre-1.webp\" alt=\"\" width=\"1250\" height=\"668\"> <img decoding=\"async\" class=\"aligncenter wp-image-263931 size-full\" src=\"https:\/\/gr-100.com\/wp-content\/uploads\/2024\/05\/Tallas_Mujer-1.webp\" alt=\"\" width=\"1250\" height=\"668\"><\/p>\n","protected":false},"excerpt":{"rendered":"<p>Maillot gama GSPORT Aero con los \u00faltimos materiales y m\u00e1xima calidad, para la colecci\u00f3n oto\u00f1o\/invierno de GR-100 Bikes. Compuesto principalmente por licra afelpada para conseguir un ajuste \u00f3ptimo. Tejido liso en la parte delantera, laterales y bolsillo y un tejido microperforado en la espalda para favorecer la transpiraci\u00f3n.  <\/p>\n","protected":false},"featured_media":421545,"comment_status":"closed","ping_status":"closed","template":"","meta":{"_acf_changed":false,"_et_pb_use_builder":"","_et_pb_old_content":"","_et_gb_content_width":"","inline_featured_image":false},"product_brand":[],"product_cat":[392,395,398],"product_tag":[],"class_list":{"0":"post-421847","1":"product","2":"type-product","3":"status-publish","4":"has-post-thumbnail","6":"product_cat-equipamento","7":"product_cat-equipamentos-gr-100","8":"product_cat-roupas","9":"product_shipping_class-equipacion-pt-pt","11":"first","12":"instock","13":"sale","14":"taxable","15":"shipping-taxable","16":"purchasable","17":"product-type-variable","18":"wvs-archive-product-wrapper"},"acf":[],"yoast_head":"<!-- This site is optimized with the Yoast SEO Premium plugin v26.7 (Yoast SEO v26.7) - https:\/\/yoast.com\/wordpress\/plugins\/seo\/ -->\n<title>Maillot GR-100 GSPORT Aero Salmon Largo 2026 Unisex GR-100<\/title>\n<meta name=\"description\" content=\"Maillot gama GSPORT Aero con los \u00faltimos materiales y m\u00e1xima calidad, para la colecci\u00f3n oto\u00f1o\/invierno de GR-100 Bikes. Disponible online y tiendas.\" \/>\n<meta name=\"robots\" content=\"index, follow, max-snippet:-1, max-image-preview:large, max-video-preview:-1\" \/>\n<link rel=\"canonical\" href=\"https:\/\/gr-100.com\/pt-pt\/producto\/maillot-gr-100-gsport-aero-salmon-largo-2026-unisex\/\" \/>\n<meta property=\"og:locale\" content=\"pt_PT\" \/>\n<meta property=\"og:type\" content=\"article\" \/>\n<meta property=\"og:title\" content=\"Maillot GR-100 GSPORT Aero Salmon Largo 2026 Unisex\" \/>\n<meta property=\"og:description\" content=\"Maillot gama GSPORT Aero con los \u00faltimos materiales y m\u00e1xima calidad, para la colecci\u00f3n oto\u00f1o\/invierno de GR-100 Bikes. Disponible online y tiendas.\" \/>\n<meta property=\"og:url\" content=\"https:\/\/gr-100.com\/pt-pt\/producto\/maillot-gr-100-gsport-aero-salmon-largo-2026-unisex\/\" \/>\n<meta property=\"og:site_name\" content=\"Gr-100 Tienda de ciclismo Specialized\" \/>\n<meta property=\"article:publisher\" content=\"https:\/\/www.facebook.com\/Gr100Bikes\" \/>\n<meta property=\"article:modified_time\" content=\"2025-12-18T14:00:17+00:00\" \/>\n<meta property=\"og:image\" content=\"https:\/\/gr-100.com\/wp-content\/uploads\/2025\/11\/maillot-Salmon-26.jpg\" \/>\n\t<meta property=\"og:image:width\" content=\"1000\" \/>\n\t<meta property=\"og:image:height\" content=\"1000\" \/>\n\t<meta property=\"og:image:type\" content=\"image\/jpeg\" \/>\n<meta name=\"twitter:card\" content=\"summary_large_image\" \/>\n<meta name=\"twitter:label1\" content=\"Tempo estimado de leitura\" \/>\n\t<meta name=\"twitter:data1\" content=\"1 minuto\" \/>\n<script type=\"application\/ld+json\" class=\"yoast-schema-graph\">{\"@context\":\"https:\/\/schema.org\",\"@graph\":[{\"@type\":\"WebPage\",\"@id\":\"https:\/\/gr-100.com\/pt-pt\/producto\/maillot-gr-100-gsport-aero-salmon-largo-2026-unisex\/\",\"url\":\"https:\/\/gr-100.com\/pt-pt\/producto\/maillot-gr-100-gsport-aero-salmon-largo-2026-unisex\/\",\"name\":\"Maillot GR-100 GSPORT Aero Salmon Largo 2026 Unisex GR-100\",\"isPartOf\":{\"@id\":\"https:\/\/gr-100.com\/#website\"},\"primaryImageOfPage\":{\"@id\":\"https:\/\/gr-100.com\/pt-pt\/producto\/maillot-gr-100-gsport-aero-salmon-largo-2026-unisex\/#primaryimage\"},\"image\":{\"@id\":\"https:\/\/gr-100.com\/pt-pt\/producto\/maillot-gr-100-gsport-aero-salmon-largo-2026-unisex\/#primaryimage\"},\"thumbnailUrl\":\"https:\/\/gr-100.com\/wp-content\/uploads\/2025\/11\/maillot-Salmon-26.jpg\",\"datePublished\":\"2025-11-20T19:02:35+00:00\",\"dateModified\":\"2025-12-18T14:00:17+00:00\",\"description\":\"Maillot gama GSPORT Aero con los \u00faltimos materiales y m\u00e1xima calidad, para la colecci\u00f3n oto\u00f1o\/invierno de GR-100 Bikes. Disponible online y tiendas.\",\"breadcrumb\":{\"@id\":\"https:\/\/gr-100.com\/pt-pt\/producto\/maillot-gr-100-gsport-aero-salmon-largo-2026-unisex\/#breadcrumb\"},\"inLanguage\":\"pt-PT\",\"potentialAction\":[{\"@type\":\"ReadAction\",\"target\":[\"https:\/\/gr-100.com\/pt-pt\/producto\/maillot-gr-100-gsport-aero-salmon-largo-2026-unisex\/\"]}]},{\"@type\":\"ImageObject\",\"inLanguage\":\"pt-PT\",\"@id\":\"https:\/\/gr-100.com\/pt-pt\/producto\/maillot-gr-100-gsport-aero-salmon-largo-2026-unisex\/#primaryimage\",\"url\":\"https:\/\/gr-100.com\/wp-content\/uploads\/2025\/11\/maillot-Salmon-26.jpg\",\"contentUrl\":\"https:\/\/gr-100.com\/wp-content\/uploads\/2025\/11\/maillot-Salmon-26.jpg\",\"width\":1000,\"height\":1000},{\"@type\":\"BreadcrumbList\",\"@id\":\"https:\/\/gr-100.com\/pt-pt\/producto\/maillot-gr-100-gsport-aero-salmon-largo-2026-unisex\/#breadcrumb\",\"itemListElement\":[{\"@type\":\"ListItem\",\"position\":1,\"name\":\"Portada\",\"item\":\"https:\/\/gr-100.com\/en\/\"},{\"@type\":\"ListItem\",\"position\":2,\"name\":\"Productos\",\"item\":\"https:\/\/gr-100.com\/?post_type=product\"},{\"@type\":\"ListItem\",\"position\":3,\"name\":\"Maillot GR-100 GSPORT Aero Salmon Largo 2026 Unisex\"}]},{\"@type\":\"WebSite\",\"@id\":\"https:\/\/gr-100.com\/#website\",\"url\":\"https:\/\/gr-100.com\/\",\"name\":\"Gr-100 Tienda de ciclismo Specialized\",\"description\":\"GR-100 tenemos todas las gamas de bicicletas Specialized al mejor precio.\",\"publisher\":{\"@id\":\"https:\/\/gr-100.com\/#organization\"},\"alternateName\":\"Gr-100 Bikes\",\"potentialAction\":[{\"@type\":\"SearchAction\",\"target\":{\"@type\":\"EntryPoint\",\"urlTemplate\":\"https:\/\/gr-100.com\/?s={search_term_string}\"},\"query-input\":{\"@type\":\"PropertyValueSpecification\",\"valueRequired\":true,\"valueName\":\"search_term_string\"}}],\"inLanguage\":\"pt-PT\"},{\"@type\":\"Organization\",\"@id\":\"https:\/\/gr-100.com\/#organization\",\"name\":\"Gr-100\",\"url\":\"https:\/\/gr-100.com\/\",\"logo\":{\"@type\":\"ImageObject\",\"inLanguage\":\"pt-PT\",\"@id\":\"https:\/\/gr-100.com\/#\/schema\/logo\/image\/\",\"url\":\"https:\/\/gr-100.com\/wp-content\/uploads\/2023\/08\/logo-gr-100-bikes.png\",\"contentUrl\":\"https:\/\/gr-100.com\/wp-content\/uploads\/2023\/08\/logo-gr-100-bikes.png\",\"width\":707,\"height\":284,\"caption\":\"Gr-100\"},\"image\":{\"@id\":\"https:\/\/gr-100.com\/#\/schema\/logo\/image\/\"},\"sameAs\":[\"https:\/\/www.facebook.com\/Gr100Bikes\",\"https:\/\/www.instagram.com\/gr100bikes\/\",\"https:\/\/www.tiktok.com\/@gr100bikes\",\"https:\/\/twitter.com\/gr100mtbteam\",\"https:\/\/www.youtube.com\/c\/GR100Specialized\"]}]}<\/script>\n<!-- \/ Yoast SEO Premium plugin. -->","yoast_head_json":{"title":"Maillot GR-100 GSPORT Aero Salmon Largo 2026 Unisex GR-100","description":"Maillot gama GSPORT Aero con los \u00faltimos materiales y m\u00e1xima calidad, para la colecci\u00f3n oto\u00f1o\/invierno de GR-100 Bikes. Disponible online y tiendas.","robots":{"index":"index","follow":"follow","max-snippet":"max-snippet:-1","max-image-preview":"max-image-preview:large","max-video-preview":"max-video-preview:-1"},"canonical":"https:\/\/gr-100.com\/pt-pt\/producto\/maillot-gr-100-gsport-aero-salmon-largo-2026-unisex\/","og_locale":"pt_PT","og_type":"article","og_title":"Maillot GR-100 GSPORT Aero Salmon Largo 2026 Unisex","og_description":"Maillot gama GSPORT Aero con los \u00faltimos materiales y m\u00e1xima calidad, para la colecci\u00f3n oto\u00f1o\/invierno de GR-100 Bikes. Disponible online y tiendas.","og_url":"https:\/\/gr-100.com\/pt-pt\/producto\/maillot-gr-100-gsport-aero-salmon-largo-2026-unisex\/","og_site_name":"Gr-100 Tienda de ciclismo Specialized","article_publisher":"https:\/\/www.facebook.com\/Gr100Bikes","article_modified_time":"2025-12-18T14:00:17+00:00","og_image":[{"width":1000,"height":1000,"url":"https:\/\/gr-100.com\/wp-content\/uploads\/2025\/11\/maillot-Salmon-26.jpg","type":"image\/jpeg"}],"twitter_card":"summary_large_image","twitter_misc":{"Tempo estimado de leitura":"1 minuto"},"schema":{"@context":"https:\/\/schema.org","@graph":[{"@type":"WebPage","@id":"https:\/\/gr-100.com\/pt-pt\/producto\/maillot-gr-100-gsport-aero-salmon-largo-2026-unisex\/","url":"https:\/\/gr-100.com\/pt-pt\/producto\/maillot-gr-100-gsport-aero-salmon-largo-2026-unisex\/","name":"Maillot GR-100 GSPORT Aero Salmon Largo 2026 Unisex GR-100","isPartOf":{"@id":"https:\/\/gr-100.com\/#website"},"primaryImageOfPage":{"@id":"https:\/\/gr-100.com\/pt-pt\/producto\/maillot-gr-100-gsport-aero-salmon-largo-2026-unisex\/#primaryimage"},"image":{"@id":"https:\/\/gr-100.com\/pt-pt\/producto\/maillot-gr-100-gsport-aero-salmon-largo-2026-unisex\/#primaryimage"},"thumbnailUrl":"https:\/\/gr-100.com\/wp-content\/uploads\/2025\/11\/maillot-Salmon-26.jpg","datePublished":"2025-11-20T19:02:35+00:00","dateModified":"2025-12-18T14:00:17+00:00","description":"Maillot gama GSPORT Aero con los \u00faltimos materiales y m\u00e1xima calidad, para la colecci\u00f3n oto\u00f1o\/invierno de GR-100 Bikes. Disponible online y tiendas.","breadcrumb":{"@id":"https:\/\/gr-100.com\/pt-pt\/producto\/maillot-gr-100-gsport-aero-salmon-largo-2026-unisex\/#breadcrumb"},"inLanguage":"pt-PT","potentialAction":[{"@type":"ReadAction","target":["https:\/\/gr-100.com\/pt-pt\/producto\/maillot-gr-100-gsport-aero-salmon-largo-2026-unisex\/"]}]},{"@type":"ImageObject","inLanguage":"pt-PT","@id":"https:\/\/gr-100.com\/pt-pt\/producto\/maillot-gr-100-gsport-aero-salmon-largo-2026-unisex\/#primaryimage","url":"https:\/\/gr-100.com\/wp-content\/uploads\/2025\/11\/maillot-Salmon-26.jpg","contentUrl":"https:\/\/gr-100.com\/wp-content\/uploads\/2025\/11\/maillot-Salmon-26.jpg","width":1000,"height":1000},{"@type":"BreadcrumbList","@id":"https:\/\/gr-100.com\/pt-pt\/producto\/maillot-gr-100-gsport-aero-salmon-largo-2026-unisex\/#breadcrumb","itemListElement":[{"@type":"ListItem","position":1,"name":"Portada","item":"https:\/\/gr-100.com\/en\/"},{"@type":"ListItem","position":2,"name":"Productos","item":"https:\/\/gr-100.com\/?post_type=product"},{"@type":"ListItem","position":3,"name":"Maillot GR-100 GSPORT Aero Salmon Largo 2026 Unisex"}]},{"@type":"WebSite","@id":"https:\/\/gr-100.com\/#website","url":"https:\/\/gr-100.com\/","name":"Gr-100 Tienda de ciclismo Specialized","description":"GR-100 tenemos todas las gamas de bicicletas Specialized al mejor precio.","publisher":{"@id":"https:\/\/gr-100.com\/#organization"},"alternateName":"Gr-100 Bikes","potentialAction":[{"@type":"SearchAction","target":{"@type":"EntryPoint","urlTemplate":"https:\/\/gr-100.com\/?s={search_term_string}"},"query-input":{"@type":"PropertyValueSpecification","valueRequired":true,"valueName":"search_term_string"}}],"inLanguage":"pt-PT"},{"@type":"Organization","@id":"https:\/\/gr-100.com\/#organization","name":"Gr-100","url":"https:\/\/gr-100.com\/","logo":{"@type":"ImageObject","inLanguage":"pt-PT","@id":"https:\/\/gr-100.com\/#\/schema\/logo\/image\/","url":"https:\/\/gr-100.com\/wp-content\/uploads\/2023\/08\/logo-gr-100-bikes.png","contentUrl":"https:\/\/gr-100.com\/wp-content\/uploads\/2023\/08\/logo-gr-100-bikes.png","width":707,"height":284,"caption":"Gr-100"},"image":{"@id":"https:\/\/gr-100.com\/#\/schema\/logo\/image\/"},"sameAs":["https:\/\/www.facebook.com\/Gr100Bikes","https:\/\/www.instagram.com\/gr100bikes\/","https:\/\/www.tiktok.com\/@gr100bikes","https:\/\/twitter.com\/gr100mtbteam","https:\/\/www.youtube.com\/c\/GR100Specialized"]}]}},"_links":{"self":[{"href":"https:\/\/gr-100.com\/pt-pt\/wp-json\/wp\/v2\/product\/421847","targetHints":{"allow":["GET"]}}],"collection":[{"href":"https:\/\/gr-100.com\/pt-pt\/wp-json\/wp\/v2\/product"}],"about":[{"href":"https:\/\/gr-100.com\/pt-pt\/wp-json\/wp\/v2\/types\/product"}],"replies":[{"embeddable":true,"href":"https:\/\/gr-100.com\/pt-pt\/wp-json\/wp\/v2\/comments?post=421847"}],"wp:featuredmedia":[{"embeddable":true,"href":"https:\/\/gr-100.com\/pt-pt\/wp-json\/wp\/v2\/media\/421545"}],"wp:attachment":[{"href":"https:\/\/gr-100.com\/pt-pt\/wp-json\/wp\/v2\/media?parent=421847"}],"wp:term":[{"taxonomy":"product_brand","embeddable":true,"href":"https:\/\/gr-100.com\/pt-pt\/wp-json\/wp\/v2\/product_brand?post=421847"},{"taxonomy":"product_cat","embeddable":true,"href":"https:\/\/gr-100.com\/pt-pt\/wp-json\/wp\/v2\/product_cat?post=421847"},{"taxonomy":"product_tag","embeddable":true,"href":"https:\/\/gr-100.com\/pt-pt\/wp-json\/wp\/v2\/product_tag?post=421847"}],"curies":[{"name":"wp","href":"https:\/\/api.w.org\/{rel}","templated":true}]}}