{"id":422723,"date":"2025-12-15T11:56:21","date_gmt":"2025-12-15T10:56:21","guid":{"rendered":"https:\/\/gr-100.com\/?post_type=product&#038;p=422723"},"modified":"2026-01-02T13:20:13","modified_gmt":"2026-01-02T11:20:13","slug":"specialized-s-works-tarmac-sl8-ultegra-di2-monte-gr-100-2025-copia-6","status":"publish","type":"product","link":"https:\/\/gr-100.com\/pt-pt\/producto\/specialized-s-works-tarmac-sl8-ultegra-di2-monte-gr-100-2025-copia-6\/","title":{"rendered":"Specialized S-Works Tarmac SL8 Ultegra Di2 Montagem GR-100 2026"},"content":{"rendered":"<div>\n<p>A aerodin\u00e2mica ou a leveza por si s\u00f3 n\u00e3o ganham competi\u00e7\u00f5es: a velocidade \u00e9 o que importa. Para atingir essa velocidade, precisa de criar uma combina\u00e7\u00e3o intransigente de aerodin\u00e2mica, leveza, rigidez e conformidade. Atrav\u00e9s de simula\u00e7\u00f5es de corrida do mundo real, a nossa equipa Ride Science sabe que a Tarmac SL8 \u00e9 a moto de corrida mais r\u00e1pida alguma vez feita nas rotas que importam: 16,6 segundos mais r\u00e1pido em 40km, 128 segundos mais r\u00e1pido em Mil\u00e3o San Remo, 20 segundos mais r\u00e1pido na lend\u00e1ria subida Tourmalet.  <\/p>\n<\/div>\n<p><strong>Especifica\u00e7\u00f5es t\u00e9cnicas<\/strong><\/p>\n<ul>\n<li>SELIM<br \/>\nS-Works POWER ARC<\/li>\n<li>S-WORKS TARMAC SL8 Poste de assento em carbono<br \/>\n, FACT Carbon, 15mm offset<\/li>\n<li>GUID\u00c3O<br \/>\nCockpit Roval Rapide<\/li>\n<li>FITA DE GUID\u00c3O<br \/>\nSupacaz<\/li>\n<li>Haste integrada STEM<br \/>\nTarmac, 6 graus<\/li>\n<li>ABRA\u00c7O. Cunha integrada na pista SADDLE\n <\/li>\n<li>Garfo<br \/>\n S-Works FACT 12r, eixo thru de 12x100mm, disco de montagem plana<\/li>\n<li>S-Works Tarmac SL8 FACT 12r Carbon FRAME<br \/>\n, Rider First Engineered\u2122, Win Tunnel Engineered, Clean Routing, Threaded BB, 12x142mm thru-axle, flat-mount disc. 685g frame. <\/li>\n<li>RODA DIANTEIRA<br \/>\nRoval Rapide CLX III<\/li>\n<li>RODA TRASEIRA<br \/>\nRoval Rapide CLX III<\/li>\n<li>PNEU DIANTEIRO<br \/>\nTurbo S-Works, 700&#215;26 mm<\/li>\n<li>PNEU TRASEIRO<br \/>\nTurbo S-Works, 700&#215;26 mm<\/li>\n<li>Shimano Ultegra CHAIN<br \/>\n, 12 velocidades<\/li>\n<li>CASSETE<br \/>\nShimano Ultegra, 12 velocidades, 11\u201334t<\/li>\n<li>Shimano Roscado BSA SUPORTE<br \/>\n INFERIOR<\/li>\n<li>Shimano Ultegra Di2 R8170 SHIFTERS DE MUDAN\u00c7A<br \/>\n, DISCO HIDR\u00c1ULICO<\/li>\n<li>Shimano Ultegra Di2 R8150, DERAILLEUR<br \/>\n TRASEIRO de 12 velocidades<\/li>\n<li>PEDIVELA<br \/>\nShimano Ultegra R8100<\/li>\n<li>Shimano Ultegra Di2 R8150 DERAILLEUR<br \/>\n DIANTEIRO, brasagem<\/li>\n<li>MEDIDOR DE POT\u00caNCIA<br \/>\n4iiii Precision 3+ Power Meter<\/li>\n<li>COROAS<br \/>\n52\/36T<\/li>\n<li>FREIO DIANTEIRO<br \/>\nShimano Ultegra Di2 R8170, disco hidr\u00e1ulico<\/li>\n<li>FREIO TRASEIRO<br \/>\nShimano Ultegra Di2 R8170, disco hidr\u00e1ulico<\/li>\n<\/ul>\n","protected":false},"excerpt":{"rendered":"<p><strong>Specialized S-Works Tarmac SL8 Ultegra Montagem GR-100 2026, guid\u00e3o Cockpit Roval Rapide, c\u00e2mbio Shimano Ultegra Di2 R8150, medidor de pot\u00eancia 4iiii Precision 3+ Power Meter, 12 velocidades, rodas Roval Rapide CLX III<\/strong><\/p>\n","protected":false},"featured_media":422741,"comment_status":"closed","ping_status":"closed","template":"","meta":{"_acf_changed":false,"_et_pb_use_builder":"","_et_pb_old_content":"","_et_gb_content_width":"","inline_featured_image":false},"product_brand":[],"product_cat":[4353,2459,378,5315,5314,5312,5313,4352,2483],"product_tag":[],"class_list":{"0":"post-422723","1":"product","2":"type-product","3":"status-publish","4":"has-post-thumbnail","6":"product_cat-liquidacion-specialized","7":"product_cat-bicicletas-pt-pt-2","8":"product_cat-estrada","9":"product_cat-bicicletas-carretera-aero-pt-pt","10":"product_cat-bicicletas-carretera-carbono-pt-pt","11":"product_cat-bicicletas-carretera-s-works-pt-pt","12":"product_cat-bicicletas-carretera-specialized-pt-pt","13":"product_cat-montajes-a-la-carta-pt-pt","14":"product_cat-bicicletas-especializadas","15":"product_shipping_class-bicicletas-pt-pt","17":"first","18":"instock","19":"sale","20":"taxable","21":"shipping-taxable","22":"purchasable","23":"product-type-variable","24":"wvs-archive-product-wrapper"},"acf":[],"yoast_head":"<!-- This site is optimized with the Yoast SEO Premium plugin v26.7 (Yoast SEO v26.7) - https:\/\/yoast.com\/wordpress\/plugins\/seo\/ -->\n<title>Specialized S-Works Tarmac SL8 Ultegra Di2 Montagem GR-100 2026 GR-100<\/title>\n<meta name=\"description\" content=\"Specialized S-Works Tarmac SL8 Ultegra Montagem GR-100 2026, guid\u00e3o Cockpit Roval Rapide, c\u00e2mbio Shimano Ultegra Di2 R8150, medidor de pot\u00eancia 4iiii Precision 3+ Power Meter, 12 velocidades, rodas Roval Rapide CLX III\" \/>\n<meta name=\"robots\" content=\"index, follow, max-snippet:-1, max-image-preview:large, max-video-preview:-1\" \/>\n<link rel=\"canonical\" href=\"https:\/\/gr-100.com\/pt-pt\/producto\/specialized-s-works-tarmac-sl8-ultegra-di2-monte-gr-100-2025-copia-6\/\" \/>\n<meta property=\"og:locale\" content=\"pt_PT\" \/>\n<meta property=\"og:type\" content=\"article\" \/>\n<meta property=\"og:title\" content=\"Specialized S-Works Tarmac SL8 Ultegra Di2 Montagem GR-100 2026\" \/>\n<meta property=\"og:description\" content=\"Specialized S-Works Tarmac SL8 Ultegra Montagem GR-100 2026, guid\u00e3o Cockpit Roval Rapide, c\u00e2mbio Shimano Ultegra Di2 R8150, medidor de pot\u00eancia 4iiii Precision 3+ Power Meter, 12 velocidades, rodas Roval Rapide CLX III\" \/>\n<meta property=\"og:url\" content=\"https:\/\/gr-100.com\/pt-pt\/producto\/specialized-s-works-tarmac-sl8-ultegra-di2-monte-gr-100-2025-copia-6\/\" \/>\n<meta property=\"og:site_name\" content=\"Gr-100 Tienda de ciclismo Specialized\" \/>\n<meta property=\"article:publisher\" content=\"https:\/\/www.facebook.com\/Gr100Bikes\" \/>\n<meta property=\"article:modified_time\" content=\"2026-01-02T11:20:13+00:00\" \/>\n<meta property=\"og:image\" content=\"https:\/\/gr-100.com\/wp-content\/uploads\/2025\/12\/Tarmac-SL8-Montaje-CR-scaled.jpg\" \/>\n\t<meta property=\"og:image:width\" content=\"2560\" \/>\n\t<meta property=\"og:image:height\" content=\"2560\" \/>\n\t<meta property=\"og:image:type\" content=\"image\/jpeg\" \/>\n<meta name=\"twitter:card\" content=\"summary_large_image\" \/>\n<meta name=\"twitter:label1\" content=\"Tempo estimado de leitura\" \/>\n\t<meta name=\"twitter:data1\" content=\"2 minutos\" \/>\n<script type=\"application\/ld+json\" class=\"yoast-schema-graph\">{\"@context\":\"https:\/\/schema.org\",\"@graph\":[{\"@type\":\"WebPage\",\"@id\":\"https:\/\/gr-100.com\/pt-pt\/producto\/specialized-s-works-tarmac-sl8-ultegra-di2-monte-gr-100-2025-copia-6\/\",\"url\":\"https:\/\/gr-100.com\/pt-pt\/producto\/specialized-s-works-tarmac-sl8-ultegra-di2-monte-gr-100-2025-copia-6\/\",\"name\":\"Specialized S-Works Tarmac SL8 Ultegra Di2 Montagem GR-100 2026 GR-100\",\"isPartOf\":{\"@id\":\"https:\/\/gr-100.com\/#website\"},\"primaryImageOfPage\":{\"@id\":\"https:\/\/gr-100.com\/pt-pt\/producto\/specialized-s-works-tarmac-sl8-ultegra-di2-monte-gr-100-2025-copia-6\/#primaryimage\"},\"image\":{\"@id\":\"https:\/\/gr-100.com\/pt-pt\/producto\/specialized-s-works-tarmac-sl8-ultegra-di2-monte-gr-100-2025-copia-6\/#primaryimage\"},\"thumbnailUrl\":\"https:\/\/gr-100.com\/wp-content\/uploads\/2025\/12\/Tarmac-SL8-Montaje-CR-scaled.jpg\",\"datePublished\":\"2025-12-15T10:56:21+00:00\",\"dateModified\":\"2026-01-02T11:20:13+00:00\",\"description\":\"Specialized S-Works Tarmac SL8 Ultegra Montagem GR-100 2026, guid\u00e3o Cockpit Roval Rapide, c\u00e2mbio Shimano Ultegra Di2 R8150, medidor de pot\u00eancia 4iiii Precision 3+ Power Meter, 12 velocidades, rodas Roval Rapide CLX III\",\"breadcrumb\":{\"@id\":\"https:\/\/gr-100.com\/pt-pt\/producto\/specialized-s-works-tarmac-sl8-ultegra-di2-monte-gr-100-2025-copia-6\/#breadcrumb\"},\"inLanguage\":\"pt-PT\",\"potentialAction\":[{\"@type\":\"ReadAction\",\"target\":[\"https:\/\/gr-100.com\/pt-pt\/producto\/specialized-s-works-tarmac-sl8-ultegra-di2-monte-gr-100-2025-copia-6\/\"]}]},{\"@type\":\"ImageObject\",\"inLanguage\":\"pt-PT\",\"@id\":\"https:\/\/gr-100.com\/pt-pt\/producto\/specialized-s-works-tarmac-sl8-ultegra-di2-monte-gr-100-2025-copia-6\/#primaryimage\",\"url\":\"https:\/\/gr-100.com\/wp-content\/uploads\/2025\/12\/Tarmac-SL8-Montaje-CR-scaled.jpg\",\"contentUrl\":\"https:\/\/gr-100.com\/wp-content\/uploads\/2025\/12\/Tarmac-SL8-Montaje-CR-scaled.jpg\",\"width\":2560,\"height\":2560},{\"@type\":\"BreadcrumbList\",\"@id\":\"https:\/\/gr-100.com\/pt-pt\/producto\/specialized-s-works-tarmac-sl8-ultegra-di2-monte-gr-100-2025-copia-6\/#breadcrumb\",\"itemListElement\":[{\"@type\":\"ListItem\",\"position\":1,\"name\":\"Portada\",\"item\":\"https:\/\/gr-100.com\/en\/\"},{\"@type\":\"ListItem\",\"position\":2,\"name\":\"Productos\",\"item\":\"https:\/\/gr-100.com\/?post_type=product\"},{\"@type\":\"ListItem\",\"position\":3,\"name\":\"Specialized S-Works Tarmac SL8 Ultegra Di2 Montagem GR-100 2026\"}]},{\"@type\":\"WebSite\",\"@id\":\"https:\/\/gr-100.com\/#website\",\"url\":\"https:\/\/gr-100.com\/\",\"name\":\"Gr-100 Tienda de ciclismo Specialized\",\"description\":\"GR-100 tenemos todas las gamas de bicicletas Specialized al mejor precio.\",\"publisher\":{\"@id\":\"https:\/\/gr-100.com\/#organization\"},\"alternateName\":\"Gr-100 Bikes\",\"potentialAction\":[{\"@type\":\"SearchAction\",\"target\":{\"@type\":\"EntryPoint\",\"urlTemplate\":\"https:\/\/gr-100.com\/?s={search_term_string}\"},\"query-input\":{\"@type\":\"PropertyValueSpecification\",\"valueRequired\":true,\"valueName\":\"search_term_string\"}}],\"inLanguage\":\"pt-PT\"},{\"@type\":\"Organization\",\"@id\":\"https:\/\/gr-100.com\/#organization\",\"name\":\"Gr-100\",\"url\":\"https:\/\/gr-100.com\/\",\"logo\":{\"@type\":\"ImageObject\",\"inLanguage\":\"pt-PT\",\"@id\":\"https:\/\/gr-100.com\/#\/schema\/logo\/image\/\",\"url\":\"https:\/\/gr-100.com\/wp-content\/uploads\/2023\/08\/logo-gr-100-bikes.png\",\"contentUrl\":\"https:\/\/gr-100.com\/wp-content\/uploads\/2023\/08\/logo-gr-100-bikes.png\",\"width\":707,\"height\":284,\"caption\":\"Gr-100\"},\"image\":{\"@id\":\"https:\/\/gr-100.com\/#\/schema\/logo\/image\/\"},\"sameAs\":[\"https:\/\/www.facebook.com\/Gr100Bikes\",\"https:\/\/www.instagram.com\/gr100bikes\/\",\"https:\/\/www.tiktok.com\/@gr100bikes\",\"https:\/\/twitter.com\/gr100mtbteam\",\"https:\/\/www.youtube.com\/c\/GR100Specialized\"]}]}<\/script>\n<!-- \/ Yoast SEO Premium plugin. -->","yoast_head_json":{"title":"Specialized S-Works Tarmac SL8 Ultegra Di2 Montagem GR-100 2026 GR-100","description":"Specialized S-Works Tarmac SL8 Ultegra Montagem GR-100 2026, guid\u00e3o Cockpit Roval Rapide, c\u00e2mbio Shimano Ultegra Di2 R8150, medidor de pot\u00eancia 4iiii Precision 3+ Power Meter, 12 velocidades, rodas Roval Rapide CLX III","robots":{"index":"index","follow":"follow","max-snippet":"max-snippet:-1","max-image-preview":"max-image-preview:large","max-video-preview":"max-video-preview:-1"},"canonical":"https:\/\/gr-100.com\/pt-pt\/producto\/specialized-s-works-tarmac-sl8-ultegra-di2-monte-gr-100-2025-copia-6\/","og_locale":"pt_PT","og_type":"article","og_title":"Specialized S-Works Tarmac SL8 Ultegra Di2 Montagem GR-100 2026","og_description":"Specialized S-Works Tarmac SL8 Ultegra Montagem GR-100 2026, guid\u00e3o Cockpit Roval Rapide, c\u00e2mbio Shimano Ultegra Di2 R8150, medidor de pot\u00eancia 4iiii Precision 3+ Power Meter, 12 velocidades, rodas Roval Rapide CLX III","og_url":"https:\/\/gr-100.com\/pt-pt\/producto\/specialized-s-works-tarmac-sl8-ultegra-di2-monte-gr-100-2025-copia-6\/","og_site_name":"Gr-100 Tienda de ciclismo Specialized","article_publisher":"https:\/\/www.facebook.com\/Gr100Bikes","article_modified_time":"2026-01-02T11:20:13+00:00","og_image":[{"width":2560,"height":2560,"url":"https:\/\/gr-100.com\/wp-content\/uploads\/2025\/12\/Tarmac-SL8-Montaje-CR-scaled.jpg","type":"image\/jpeg"}],"twitter_card":"summary_large_image","twitter_misc":{"Tempo estimado de leitura":"2 minutos"},"schema":{"@context":"https:\/\/schema.org","@graph":[{"@type":"WebPage","@id":"https:\/\/gr-100.com\/pt-pt\/producto\/specialized-s-works-tarmac-sl8-ultegra-di2-monte-gr-100-2025-copia-6\/","url":"https:\/\/gr-100.com\/pt-pt\/producto\/specialized-s-works-tarmac-sl8-ultegra-di2-monte-gr-100-2025-copia-6\/","name":"Specialized S-Works Tarmac SL8 Ultegra Di2 Montagem GR-100 2026 GR-100","isPartOf":{"@id":"https:\/\/gr-100.com\/#website"},"primaryImageOfPage":{"@id":"https:\/\/gr-100.com\/pt-pt\/producto\/specialized-s-works-tarmac-sl8-ultegra-di2-monte-gr-100-2025-copia-6\/#primaryimage"},"image":{"@id":"https:\/\/gr-100.com\/pt-pt\/producto\/specialized-s-works-tarmac-sl8-ultegra-di2-monte-gr-100-2025-copia-6\/#primaryimage"},"thumbnailUrl":"https:\/\/gr-100.com\/wp-content\/uploads\/2025\/12\/Tarmac-SL8-Montaje-CR-scaled.jpg","datePublished":"2025-12-15T10:56:21+00:00","dateModified":"2026-01-02T11:20:13+00:00","description":"Specialized S-Works Tarmac SL8 Ultegra Montagem GR-100 2026, guid\u00e3o Cockpit Roval Rapide, c\u00e2mbio Shimano Ultegra Di2 R8150, medidor de pot\u00eancia 4iiii Precision 3+ Power Meter, 12 velocidades, rodas Roval Rapide CLX III","breadcrumb":{"@id":"https:\/\/gr-100.com\/pt-pt\/producto\/specialized-s-works-tarmac-sl8-ultegra-di2-monte-gr-100-2025-copia-6\/#breadcrumb"},"inLanguage":"pt-PT","potentialAction":[{"@type":"ReadAction","target":["https:\/\/gr-100.com\/pt-pt\/producto\/specialized-s-works-tarmac-sl8-ultegra-di2-monte-gr-100-2025-copia-6\/"]}]},{"@type":"ImageObject","inLanguage":"pt-PT","@id":"https:\/\/gr-100.com\/pt-pt\/producto\/specialized-s-works-tarmac-sl8-ultegra-di2-monte-gr-100-2025-copia-6\/#primaryimage","url":"https:\/\/gr-100.com\/wp-content\/uploads\/2025\/12\/Tarmac-SL8-Montaje-CR-scaled.jpg","contentUrl":"https:\/\/gr-100.com\/wp-content\/uploads\/2025\/12\/Tarmac-SL8-Montaje-CR-scaled.jpg","width":2560,"height":2560},{"@type":"BreadcrumbList","@id":"https:\/\/gr-100.com\/pt-pt\/producto\/specialized-s-works-tarmac-sl8-ultegra-di2-monte-gr-100-2025-copia-6\/#breadcrumb","itemListElement":[{"@type":"ListItem","position":1,"name":"Portada","item":"https:\/\/gr-100.com\/en\/"},{"@type":"ListItem","position":2,"name":"Productos","item":"https:\/\/gr-100.com\/?post_type=product"},{"@type":"ListItem","position":3,"name":"Specialized S-Works Tarmac SL8 Ultegra Di2 Montagem GR-100 2026"}]},{"@type":"WebSite","@id":"https:\/\/gr-100.com\/#website","url":"https:\/\/gr-100.com\/","name":"Gr-100 Tienda de ciclismo Specialized","description":"GR-100 tenemos todas las gamas de bicicletas Specialized al mejor precio.","publisher":{"@id":"https:\/\/gr-100.com\/#organization"},"alternateName":"Gr-100 Bikes","potentialAction":[{"@type":"SearchAction","target":{"@type":"EntryPoint","urlTemplate":"https:\/\/gr-100.com\/?s={search_term_string}"},"query-input":{"@type":"PropertyValueSpecification","valueRequired":true,"valueName":"search_term_string"}}],"inLanguage":"pt-PT"},{"@type":"Organization","@id":"https:\/\/gr-100.com\/#organization","name":"Gr-100","url":"https:\/\/gr-100.com\/","logo":{"@type":"ImageObject","inLanguage":"pt-PT","@id":"https:\/\/gr-100.com\/#\/schema\/logo\/image\/","url":"https:\/\/gr-100.com\/wp-content\/uploads\/2023\/08\/logo-gr-100-bikes.png","contentUrl":"https:\/\/gr-100.com\/wp-content\/uploads\/2023\/08\/logo-gr-100-bikes.png","width":707,"height":284,"caption":"Gr-100"},"image":{"@id":"https:\/\/gr-100.com\/#\/schema\/logo\/image\/"},"sameAs":["https:\/\/www.facebook.com\/Gr100Bikes","https:\/\/www.instagram.com\/gr100bikes\/","https:\/\/www.tiktok.com\/@gr100bikes","https:\/\/twitter.com\/gr100mtbteam","https:\/\/www.youtube.com\/c\/GR100Specialized"]}]}},"_links":{"self":[{"href":"https:\/\/gr-100.com\/pt-pt\/wp-json\/wp\/v2\/product\/422723","targetHints":{"allow":["GET"]}}],"collection":[{"href":"https:\/\/gr-100.com\/pt-pt\/wp-json\/wp\/v2\/product"}],"about":[{"href":"https:\/\/gr-100.com\/pt-pt\/wp-json\/wp\/v2\/types\/product"}],"replies":[{"embeddable":true,"href":"https:\/\/gr-100.com\/pt-pt\/wp-json\/wp\/v2\/comments?post=422723"}],"wp:featuredmedia":[{"embeddable":true,"href":"https:\/\/gr-100.com\/pt-pt\/wp-json\/wp\/v2\/media\/422741"}],"wp:attachment":[{"href":"https:\/\/gr-100.com\/pt-pt\/wp-json\/wp\/v2\/media?parent=422723"}],"wp:term":[{"taxonomy":"product_brand","embeddable":true,"href":"https:\/\/gr-100.com\/pt-pt\/wp-json\/wp\/v2\/product_brand?post=422723"},{"taxonomy":"product_cat","embeddable":true,"href":"https:\/\/gr-100.com\/pt-pt\/wp-json\/wp\/v2\/product_cat?post=422723"},{"taxonomy":"product_tag","embeddable":true,"href":"https:\/\/gr-100.com\/pt-pt\/wp-json\/wp\/v2\/product_tag?post=422723"}],"curies":[{"name":"wp","href":"https:\/\/api.w.org\/{rel}","templated":true}]}}