{"id":423186,"date":"2025-12-18T13:01:03","date_gmt":"2025-12-18T12:01:03","guid":{"rendered":"https:\/\/gr-100.com\/producto\/pneu-specialized-para-enduro-butcher-grid-gravity-t9-tlr\/"},"modified":"2025-12-18T16:00:26","modified_gmt":"2025-12-18T14:00:26","slug":"pneu-specialized-para-enduro-butcher-grid-gravity-t9-tlr","status":"publish","type":"product","link":"https:\/\/gr-100.com\/pt-pt\/producto\/pneu-specialized-para-enduro-butcher-grid-gravity-t9-tlr\/","title":{"rendered":"Pneu Specialized para Enduro Butcher Grid Gravity T9 TLR"},"content":{"rendered":"<ul>\n<li>Utiliza<\/li>\n<li>Enduro, bike park, downhill e E-bike<\/li>\n<li>Terreno<\/li>\n<li>Montanha &#8211; Condi\u00e7\u00f5es muito variadas<\/li>\n<li>Composto<\/li>\n<li>GRIPTON T9 para m\u00e1xima ader\u00eancia<\/li>\n<li>Habita\u00e7\u00e3o<\/li>\n<li>Caixa 60TPI de 2 camadas para condi\u00e7\u00f5es extremas<\/li>\n<li>Tipo<\/li>\n<li>Sem c\u00e2mara de ar<\/li>\n<li>Peso aproximado<\/li>\n<li>27.5&#215;2.4, 1260g&lt;br&gt;29&#215;2.4, 1350g&lt;br&gt;29&#215;2.6, 1370g<\/li>\n<\/ul>\n","protected":false},"excerpt":{"rendered":"<p>O Butcher oferece-te total confian\u00e7a e controlo em todos os tipos de trilhos. Com mais 12% de composto de ader\u00eancia no piso quando em contacto com o solo, vais comer as curvas e voar sobre terrenos dif\u00edceis. <\/p>\n","protected":false},"featured_media":423173,"comment_status":"open","ping_status":"closed","template":"","meta":{"_acf_changed":false,"_et_pb_use_builder":"","_et_pb_old_content":"","_et_gb_content_width":"","inline_featured_image":false},"product_brand":[],"product_cat":[379,381],"product_tag":[],"class_list":{"0":"post-423186","1":"product","2":"type-product","3":"status-publish","4":"has-post-thumbnail","6":"product_cat-componentes-pt-pt","7":"product_cat-pneus-e-camaras-de-ar","8":"pa_tamanos-275-650b-x-24","9":"pa_tamanos-29-x-2-4-pt-pt","10":"pa_tamanos-29-x-2-6-pt-pt","12":"first","13":"instock","14":"taxable","15":"shipping-taxable","16":"purchasable","17":"product-type-variable","18":"wvs-archive-product-wrapper"},"acf":[],"yoast_head":"<!-- This site is optimized with the Yoast SEO Premium plugin v26.7 (Yoast SEO v26.7) - https:\/\/yoast.com\/wordpress\/plugins\/seo\/ -->\n<title>Pneu Specialized para Enduro Butcher Grid Gravity T9 TLR<\/title>\n<meta name=\"description\" content=\"O Butcher oferece-te total confian\u00e7a e controlo em todos os tipos de trilhos. Com mais 12% de composto de ader\u00eancia no piso quando em contacto com o solo, vais comer as curvas e voar sobre terrenos dif\u00edceis.\" \/>\n<meta name=\"robots\" content=\"index, follow, max-snippet:-1, max-image-preview:large, max-video-preview:-1\" \/>\n<link rel=\"canonical\" href=\"https:\/\/gr-100.com\/pt-pt\/producto\/pneu-specialized-para-enduro-butcher-grid-gravity-t9-tlr\/\" \/>\n<meta property=\"og:locale\" content=\"pt_PT\" \/>\n<meta property=\"og:type\" content=\"article\" \/>\n<meta property=\"og:title\" content=\"Pneu Specialized para Enduro Butcher Grid Gravity T9 TLR\" \/>\n<meta property=\"og:description\" content=\"O Butcher oferece-te total confian\u00e7a e controlo em todos os tipos de trilhos. Com mais 12% de composto de ader\u00eancia no piso quando em contacto com o solo, vais comer as curvas e voar sobre terrenos dif\u00edceis.\" \/>\n<meta property=\"og:url\" content=\"https:\/\/gr-100.com\/pt-pt\/producto\/pneu-specialized-para-enduro-butcher-grid-gravity-t9-tlr\/\" \/>\n<meta property=\"og:site_name\" content=\"Gr-100 Tienda de ciclismo Specialized\" \/>\n<meta property=\"article:publisher\" content=\"https:\/\/www.facebook.com\/Gr100Bikes\" \/>\n<meta property=\"article:modified_time\" content=\"2025-12-18T14:00:26+00:00\" \/>\n<meta property=\"og:image\" content=\"https:\/\/gr-100.com\/wp-content\/uploads\/2025\/12\/Diseno-sin-titulo-2025-12-18T115219.957.jpg\" \/>\n\t<meta property=\"og:image:width\" content=\"1000\" \/>\n\t<meta property=\"og:image:height\" content=\"1000\" \/>\n\t<meta property=\"og:image:type\" content=\"image\/jpeg\" \/>\n<meta name=\"twitter:card\" content=\"summary_large_image\" \/>\n<script type=\"application\/ld+json\" class=\"yoast-schema-graph\">{\"@context\":\"https:\/\/schema.org\",\"@graph\":[{\"@type\":\"WebPage\",\"@id\":\"https:\/\/gr-100.com\/pt-pt\/producto\/pneu-specialized-para-enduro-butcher-grid-gravity-t9-tlr\/\",\"url\":\"https:\/\/gr-100.com\/pt-pt\/producto\/pneu-specialized-para-enduro-butcher-grid-gravity-t9-tlr\/\",\"name\":\"Pneu Specialized para Enduro Butcher Grid Gravity T9 TLR\",\"isPartOf\":{\"@id\":\"https:\/\/gr-100.com\/#website\"},\"primaryImageOfPage\":{\"@id\":\"https:\/\/gr-100.com\/pt-pt\/producto\/pneu-specialized-para-enduro-butcher-grid-gravity-t9-tlr\/#primaryimage\"},\"image\":{\"@id\":\"https:\/\/gr-100.com\/pt-pt\/producto\/pneu-specialized-para-enduro-butcher-grid-gravity-t9-tlr\/#primaryimage\"},\"thumbnailUrl\":\"https:\/\/gr-100.com\/wp-content\/uploads\/2025\/12\/Diseno-sin-titulo-2025-12-18T115219.957.jpg\",\"datePublished\":\"2025-12-18T12:01:03+00:00\",\"dateModified\":\"2025-12-18T14:00:26+00:00\",\"description\":\"O Butcher oferece-te total confian\u00e7a e controlo em todos os tipos de trilhos. Com mais 12% de composto de ader\u00eancia no piso quando em contacto com o solo, vais comer as curvas e voar sobre terrenos dif\u00edceis.\",\"breadcrumb\":{\"@id\":\"https:\/\/gr-100.com\/pt-pt\/producto\/pneu-specialized-para-enduro-butcher-grid-gravity-t9-tlr\/#breadcrumb\"},\"inLanguage\":\"pt-PT\",\"potentialAction\":[{\"@type\":\"ReadAction\",\"target\":[\"https:\/\/gr-100.com\/pt-pt\/producto\/pneu-specialized-para-enduro-butcher-grid-gravity-t9-tlr\/\"]}]},{\"@type\":\"ImageObject\",\"inLanguage\":\"pt-PT\",\"@id\":\"https:\/\/gr-100.com\/pt-pt\/producto\/pneu-specialized-para-enduro-butcher-grid-gravity-t9-tlr\/#primaryimage\",\"url\":\"https:\/\/gr-100.com\/wp-content\/uploads\/2025\/12\/Diseno-sin-titulo-2025-12-18T115219.957.jpg\",\"contentUrl\":\"https:\/\/gr-100.com\/wp-content\/uploads\/2025\/12\/Diseno-sin-titulo-2025-12-18T115219.957.jpg\",\"width\":1000,\"height\":1000},{\"@type\":\"BreadcrumbList\",\"@id\":\"https:\/\/gr-100.com\/pt-pt\/producto\/pneu-specialized-para-enduro-butcher-grid-gravity-t9-tlr\/#breadcrumb\",\"itemListElement\":[{\"@type\":\"ListItem\",\"position\":1,\"name\":\"Portada\",\"item\":\"https:\/\/gr-100.com\/en\/\"},{\"@type\":\"ListItem\",\"position\":2,\"name\":\"Productos\",\"item\":\"https:\/\/gr-100.com\/?post_type=product\"},{\"@type\":\"ListItem\",\"position\":3,\"name\":\"Pneu Specialized para Enduro Butcher Grid Gravity T9 TLR\"}]},{\"@type\":\"WebSite\",\"@id\":\"https:\/\/gr-100.com\/#website\",\"url\":\"https:\/\/gr-100.com\/\",\"name\":\"Gr-100 Tienda de ciclismo Specialized\",\"description\":\"GR-100 tenemos todas las gamas de bicicletas Specialized al mejor precio.\",\"publisher\":{\"@id\":\"https:\/\/gr-100.com\/#organization\"},\"alternateName\":\"Gr-100 Bikes\",\"potentialAction\":[{\"@type\":\"SearchAction\",\"target\":{\"@type\":\"EntryPoint\",\"urlTemplate\":\"https:\/\/gr-100.com\/?s={search_term_string}\"},\"query-input\":{\"@type\":\"PropertyValueSpecification\",\"valueRequired\":true,\"valueName\":\"search_term_string\"}}],\"inLanguage\":\"pt-PT\"},{\"@type\":\"Organization\",\"@id\":\"https:\/\/gr-100.com\/#organization\",\"name\":\"Gr-100\",\"url\":\"https:\/\/gr-100.com\/\",\"logo\":{\"@type\":\"ImageObject\",\"inLanguage\":\"pt-PT\",\"@id\":\"https:\/\/gr-100.com\/#\/schema\/logo\/image\/\",\"url\":\"https:\/\/gr-100.com\/wp-content\/uploads\/2023\/08\/logo-gr-100-bikes.png\",\"contentUrl\":\"https:\/\/gr-100.com\/wp-content\/uploads\/2023\/08\/logo-gr-100-bikes.png\",\"width\":707,\"height\":284,\"caption\":\"Gr-100\"},\"image\":{\"@id\":\"https:\/\/gr-100.com\/#\/schema\/logo\/image\/\"},\"sameAs\":[\"https:\/\/www.facebook.com\/Gr100Bikes\",\"https:\/\/www.instagram.com\/gr100bikes\/\",\"https:\/\/www.tiktok.com\/@gr100bikes\",\"https:\/\/twitter.com\/gr100mtbteam\",\"https:\/\/www.youtube.com\/c\/GR100Specialized\"]}]}<\/script>\n<!-- \/ Yoast SEO Premium plugin. -->","yoast_head_json":{"title":"Pneu Specialized para Enduro Butcher Grid Gravity T9 TLR","description":"O Butcher oferece-te total confian\u00e7a e controlo em todos os tipos de trilhos. Com mais 12% de composto de ader\u00eancia no piso quando em contacto com o solo, vais comer as curvas e voar sobre terrenos dif\u00edceis.","robots":{"index":"index","follow":"follow","max-snippet":"max-snippet:-1","max-image-preview":"max-image-preview:large","max-video-preview":"max-video-preview:-1"},"canonical":"https:\/\/gr-100.com\/pt-pt\/producto\/pneu-specialized-para-enduro-butcher-grid-gravity-t9-tlr\/","og_locale":"pt_PT","og_type":"article","og_title":"Pneu Specialized para Enduro Butcher Grid Gravity T9 TLR","og_description":"O Butcher oferece-te total confian\u00e7a e controlo em todos os tipos de trilhos. Com mais 12% de composto de ader\u00eancia no piso quando em contacto com o solo, vais comer as curvas e voar sobre terrenos dif\u00edceis.","og_url":"https:\/\/gr-100.com\/pt-pt\/producto\/pneu-specialized-para-enduro-butcher-grid-gravity-t9-tlr\/","og_site_name":"Gr-100 Tienda de ciclismo Specialized","article_publisher":"https:\/\/www.facebook.com\/Gr100Bikes","article_modified_time":"2025-12-18T14:00:26+00:00","og_image":[{"width":1000,"height":1000,"url":"https:\/\/gr-100.com\/wp-content\/uploads\/2025\/12\/Diseno-sin-titulo-2025-12-18T115219.957.jpg","type":"image\/jpeg"}],"twitter_card":"summary_large_image","schema":{"@context":"https:\/\/schema.org","@graph":[{"@type":"WebPage","@id":"https:\/\/gr-100.com\/pt-pt\/producto\/pneu-specialized-para-enduro-butcher-grid-gravity-t9-tlr\/","url":"https:\/\/gr-100.com\/pt-pt\/producto\/pneu-specialized-para-enduro-butcher-grid-gravity-t9-tlr\/","name":"Pneu Specialized para Enduro Butcher Grid Gravity T9 TLR","isPartOf":{"@id":"https:\/\/gr-100.com\/#website"},"primaryImageOfPage":{"@id":"https:\/\/gr-100.com\/pt-pt\/producto\/pneu-specialized-para-enduro-butcher-grid-gravity-t9-tlr\/#primaryimage"},"image":{"@id":"https:\/\/gr-100.com\/pt-pt\/producto\/pneu-specialized-para-enduro-butcher-grid-gravity-t9-tlr\/#primaryimage"},"thumbnailUrl":"https:\/\/gr-100.com\/wp-content\/uploads\/2025\/12\/Diseno-sin-titulo-2025-12-18T115219.957.jpg","datePublished":"2025-12-18T12:01:03+00:00","dateModified":"2025-12-18T14:00:26+00:00","description":"O Butcher oferece-te total confian\u00e7a e controlo em todos os tipos de trilhos. Com mais 12% de composto de ader\u00eancia no piso quando em contacto com o solo, vais comer as curvas e voar sobre terrenos dif\u00edceis.","breadcrumb":{"@id":"https:\/\/gr-100.com\/pt-pt\/producto\/pneu-specialized-para-enduro-butcher-grid-gravity-t9-tlr\/#breadcrumb"},"inLanguage":"pt-PT","potentialAction":[{"@type":"ReadAction","target":["https:\/\/gr-100.com\/pt-pt\/producto\/pneu-specialized-para-enduro-butcher-grid-gravity-t9-tlr\/"]}]},{"@type":"ImageObject","inLanguage":"pt-PT","@id":"https:\/\/gr-100.com\/pt-pt\/producto\/pneu-specialized-para-enduro-butcher-grid-gravity-t9-tlr\/#primaryimage","url":"https:\/\/gr-100.com\/wp-content\/uploads\/2025\/12\/Diseno-sin-titulo-2025-12-18T115219.957.jpg","contentUrl":"https:\/\/gr-100.com\/wp-content\/uploads\/2025\/12\/Diseno-sin-titulo-2025-12-18T115219.957.jpg","width":1000,"height":1000},{"@type":"BreadcrumbList","@id":"https:\/\/gr-100.com\/pt-pt\/producto\/pneu-specialized-para-enduro-butcher-grid-gravity-t9-tlr\/#breadcrumb","itemListElement":[{"@type":"ListItem","position":1,"name":"Portada","item":"https:\/\/gr-100.com\/en\/"},{"@type":"ListItem","position":2,"name":"Productos","item":"https:\/\/gr-100.com\/?post_type=product"},{"@type":"ListItem","position":3,"name":"Pneu Specialized para Enduro Butcher Grid Gravity T9 TLR"}]},{"@type":"WebSite","@id":"https:\/\/gr-100.com\/#website","url":"https:\/\/gr-100.com\/","name":"Gr-100 Tienda de ciclismo Specialized","description":"GR-100 tenemos todas las gamas de bicicletas Specialized al mejor precio.","publisher":{"@id":"https:\/\/gr-100.com\/#organization"},"alternateName":"Gr-100 Bikes","potentialAction":[{"@type":"SearchAction","target":{"@type":"EntryPoint","urlTemplate":"https:\/\/gr-100.com\/?s={search_term_string}"},"query-input":{"@type":"PropertyValueSpecification","valueRequired":true,"valueName":"search_term_string"}}],"inLanguage":"pt-PT"},{"@type":"Organization","@id":"https:\/\/gr-100.com\/#organization","name":"Gr-100","url":"https:\/\/gr-100.com\/","logo":{"@type":"ImageObject","inLanguage":"pt-PT","@id":"https:\/\/gr-100.com\/#\/schema\/logo\/image\/","url":"https:\/\/gr-100.com\/wp-content\/uploads\/2023\/08\/logo-gr-100-bikes.png","contentUrl":"https:\/\/gr-100.com\/wp-content\/uploads\/2023\/08\/logo-gr-100-bikes.png","width":707,"height":284,"caption":"Gr-100"},"image":{"@id":"https:\/\/gr-100.com\/#\/schema\/logo\/image\/"},"sameAs":["https:\/\/www.facebook.com\/Gr100Bikes","https:\/\/www.instagram.com\/gr100bikes\/","https:\/\/www.tiktok.com\/@gr100bikes","https:\/\/twitter.com\/gr100mtbteam","https:\/\/www.youtube.com\/c\/GR100Specialized"]}]}},"_links":{"self":[{"href":"https:\/\/gr-100.com\/pt-pt\/wp-json\/wp\/v2\/product\/423186","targetHints":{"allow":["GET"]}}],"collection":[{"href":"https:\/\/gr-100.com\/pt-pt\/wp-json\/wp\/v2\/product"}],"about":[{"href":"https:\/\/gr-100.com\/pt-pt\/wp-json\/wp\/v2\/types\/product"}],"replies":[{"embeddable":true,"href":"https:\/\/gr-100.com\/pt-pt\/wp-json\/wp\/v2\/comments?post=423186"}],"wp:featuredmedia":[{"embeddable":true,"href":"https:\/\/gr-100.com\/pt-pt\/wp-json\/wp\/v2\/media\/423173"}],"wp:attachment":[{"href":"https:\/\/gr-100.com\/pt-pt\/wp-json\/wp\/v2\/media?parent=423186"}],"wp:term":[{"taxonomy":"product_brand","embeddable":true,"href":"https:\/\/gr-100.com\/pt-pt\/wp-json\/wp\/v2\/product_brand?post=423186"},{"taxonomy":"product_cat","embeddable":true,"href":"https:\/\/gr-100.com\/pt-pt\/wp-json\/wp\/v2\/product_cat?post=423186"},{"taxonomy":"product_tag","embeddable":true,"href":"https:\/\/gr-100.com\/pt-pt\/wp-json\/wp\/v2\/product_tag?post=423186"}],"curies":[{"name":"wp","href":"https:\/\/api.w.org\/{rel}","templated":true}]}}