{"id":423375,"date":"2025-12-22T13:13:03","date_gmt":"2025-12-22T11:13:03","guid":{"rendered":"https:\/\/gr-100.com\/?post_type=product&#038;p=423375"},"modified":"2025-12-22T13:13:04","modified_gmt":"2025-12-22T11:13:04","slug":"megamo-reason-air-crb-10-2026","status":"publish","type":"product","link":"https:\/\/gr-100.com\/pt-pt\/producto\/megamo-reason-air-crb-10-2026\/","title":{"rendered":"Megamo Reason Air CRB 10 2026"},"content":{"rendered":"<ul>\n<li>Carater\u00edsticas principais<\/li>\n<li>Quadro Reason Full Carbon, extens\u00e3o do amortecedor em liga leve, bateria totalmente integrada, 12 x 148 Boost, Megamo ASP, curso da roda: 140 mm<\/li>\n<li>FOX 34 Float AWL, 140 mm de curso, carril 2.0, ajuste de varrimento, eixo Kabolt 110, 1,5 c\u00f3nico, desvio de 44 mm<\/li>\n<li>Amortecedor Fox Float Rhythm, Evol LV, 210&#215;47,5mm, 2 posi\u00e7\u00f5es<\/li>\n<li>Acros AZX-589 ZS56 blocklock 150\u00ba headset<\/li>\n<li>Componentes El\u00e9tricos<\/li>\n<li>Motor DJI Avinox M1, 120Nm 1000W (modo Boost) \/ 105Nm 1000W, 5 modos de assist\u00eancia, 150rpm<\/li>\n<li>Bateria DJI Avinox 800 Wh, 35,9V, IP56<br \/>\nEcr\u00e3 DJI Avinox DP100, ecr\u00e3 t\u00e1til OLED a cores de 2 polegadas, 800nits, 326ppi<\/li>\n<li>Transmiss\u00e3o<\/li>\n<li>Desviador traseiro Shimano XT M8100, Shadow Plus 12 velocidades<\/li>\n<li>Shimano Deore 6100 Speed Rapidfire Plus 12-Speed shifters<\/li>\n<li>Corrente 34T BCD 104mm com parafuso da corrente \/ Forjada AL6061\/T6 165mm anodizada a preto<\/li>\n<li>Cassete Shimano Deore 6100 10-51T<\/li>\n<li>Trav\u00f5es<\/li>\n<li>Conjunto de trav\u00f5es Shimano XT BR-M8220, disco hidr\u00e1ulico de 4 pist\u00f5es, 203\/203 mm<\/li>\n<li>Rodas<\/li>\n<li>Pneus Dianteiros: Pirelli Scorpion 29&#215;2.4 MTB scM Trail ProWALL SmartGRIP \/ Traseiros: Pirelli Scorpion 29&#215;2.4 MTB scR Trail ProWALL SmartGRIP<\/li>\n<li>Rodas Megamo 29 SL 30 ASY &#8211; Micro, 30 mm Tubeless ready Jante de alum\u00ednio<\/li>\n<li>Componentes<\/li>\n<li>Guiador de carbono totalmente integrado \/ S, M tamanho 60 x 760 mm \/ L, XL tamanho 80 x 760 mm<\/li>\n<li>Espig\u00e3o do selim Megamo \u00d8 31,6mm espig\u00e3o do selim telesc\u00f3pico, ajuste remoto Tamanho S 125 mm Queda \/ Tamanho M 150 mm Queda \/ Tamanho L 170 mm Queda<\/li>\n<li>Selim Fizik Ridon X5<\/li>\n<\/ul>\n","protected":false},"excerpt":{"rendered":"<p>CARACTER\u00cdSTICAS PRINCIPAIS<br \/>\n&#8211; Motor DJI Avinox M1 -120Nm 1000W (modo Boost) \/ 105Nm 1000W<br \/>\n&#8211; Bateria LI-ION de 800Wh integrada<br \/>\n&#8211; Quadro Reason Full Carbon, Boost, 140mm de curso de roda<br \/>\n&#8211; Forqueta Fox 34 AWL com 140mm de curso<br \/>\n&#8211; Amortecedor Fox Rhythm<br \/>\n&#8211; Transmiss\u00e3o Simano XT \/ Deore de 12 velocidades Combo<br \/>\n&#8211; Trav\u00f5es de disco hidr\u00e1ulicos Shimano XT de 4 pist\u00f5es<\/p>\n","protected":false},"featured_media":421108,"comment_status":"open","ping_status":"closed","template":"","meta":{"_acf_changed":false,"_et_pb_use_builder":"","_et_pb_old_content":"","_et_gb_content_width":"","inline_featured_image":false},"product_brand":[],"product_cat":[2459,391,5261,5262],"product_tag":[],"class_list":{"0":"post-423375","1":"product","2":"type-product","3":"status-publish","4":"has-post-thumbnail","6":"product_cat-bicicletas-pt-pt-2","7":"product_cat-eletricas","8":"product_cat-bicicletas-electricas-de-carbono","9":"product_cat-bicicletas-electricas-de-enduro-trail","10":"product_shipping_class-bicicletas-pt-pt","12":"first","13":"outofstock","14":"taxable","15":"shipping-taxable","16":"product-type-variable","17":"wvs-archive-product-wrapper"},"acf":[],"yoast_head":"<!-- This site is optimized with the Yoast SEO Premium plugin v26.7 (Yoast SEO v26.7) - https:\/\/yoast.com\/wordpress\/plugins\/seo\/ -->\n<title>Megamo Reason Air CRB 10 2026 GR-100<\/title>\n<meta name=\"description\" content=\"Motor DJI Avinox M1 -120Nm 1000W (modo Boost) \/ 105Nm 1000W- Bateria LI-ION integrada de 800W- Quadro Reason Full Carbon, Boost, curso da roda de 140mm- Forquilha Fox 34 AWL com curso de 140mm- Amortecedor Fox Rhythm- Transmiss\u00e3o Simano XT \/ Deore 12 velocidades Combo- Trav\u00f5es de disco hidr\u00e1ulicos Shimano XT de 4 pist\u00f5es\" \/>\n<meta name=\"robots\" content=\"index, follow, max-snippet:-1, max-image-preview:large, max-video-preview:-1\" \/>\n<link rel=\"canonical\" href=\"https:\/\/gr-100.com\/pt-pt\/producto\/megamo-reason-air-crb-10-2026\/\" \/>\n<meta property=\"og:locale\" content=\"pt_PT\" \/>\n<meta property=\"og:type\" content=\"article\" \/>\n<meta property=\"og:title\" content=\"Megamo Reason Air CRB 10 2026\" \/>\n<meta property=\"og:description\" content=\"Motor DJI Avinox M1 -120Nm 1000W (modo Boost) \/ 105Nm 1000W- Bateria LI-ION integrada de 800W- Quadro Reason Full Carbon, Boost, curso da roda de 140mm- Forquilha Fox 34 AWL com curso de 140mm- Amortecedor Fox Rhythm- Transmiss\u00e3o Simano XT \/ Deore 12 velocidades Combo- Trav\u00f5es de disco hidr\u00e1ulicos Shimano XT de 4 pist\u00f5es\" \/>\n<meta property=\"og:url\" content=\"https:\/\/gr-100.com\/pt-pt\/producto\/megamo-reason-air-crb-10-2026\/\" \/>\n<meta property=\"og:site_name\" content=\"Gr-100 Tienda de ciclismo Specialized\" \/>\n<meta property=\"article:publisher\" content=\"https:\/\/www.facebook.com\/Gr100Bikes\" \/>\n<meta property=\"article:modified_time\" content=\"2025-12-22T11:13:04+00:00\" \/>\n<meta property=\"og:image\" content=\"https:\/\/gr-100.com\/wp-content\/uploads\/2025\/11\/Diseno-sin-titulo-2025-11-14T111316.842.jpg\" \/>\n\t<meta property=\"og:image:width\" content=\"1000\" \/>\n\t<meta property=\"og:image:height\" content=\"1000\" \/>\n\t<meta property=\"og:image:type\" content=\"image\/jpeg\" \/>\n<meta name=\"twitter:card\" content=\"summary_large_image\" \/>\n<meta name=\"twitter:label1\" content=\"Tempo estimado de leitura\" \/>\n\t<meta name=\"twitter:data1\" content=\"1 minuto\" \/>\n<script type=\"application\/ld+json\" class=\"yoast-schema-graph\">{\"@context\":\"https:\/\/schema.org\",\"@graph\":[{\"@type\":\"WebPage\",\"@id\":\"https:\/\/gr-100.com\/pt-pt\/producto\/megamo-reason-air-crb-10-2026\/\",\"url\":\"https:\/\/gr-100.com\/pt-pt\/producto\/megamo-reason-air-crb-10-2026\/\",\"name\":\"Megamo Reason Air CRB 10 2026 GR-100\",\"isPartOf\":{\"@id\":\"https:\/\/gr-100.com\/#website\"},\"primaryImageOfPage\":{\"@id\":\"https:\/\/gr-100.com\/pt-pt\/producto\/megamo-reason-air-crb-10-2026\/#primaryimage\"},\"image\":{\"@id\":\"https:\/\/gr-100.com\/pt-pt\/producto\/megamo-reason-air-crb-10-2026\/#primaryimage\"},\"thumbnailUrl\":\"https:\/\/gr-100.com\/wp-content\/uploads\/2025\/11\/Diseno-sin-titulo-2025-11-14T111316.842.jpg\",\"datePublished\":\"2025-12-22T11:13:03+00:00\",\"dateModified\":\"2025-12-22T11:13:04+00:00\",\"description\":\"Motor DJI Avinox M1 -120Nm 1000W (modo Boost) \/ 105Nm 1000W- Bateria LI-ION integrada de 800W- Quadro Reason Full Carbon, Boost, curso da roda de 140mm- Forquilha Fox 34 AWL com curso de 140mm- Amortecedor Fox Rhythm- Transmiss\u00e3o Simano XT \/ Deore 12 velocidades Combo- Trav\u00f5es de disco hidr\u00e1ulicos Shimano XT de 4 pist\u00f5es\",\"breadcrumb\":{\"@id\":\"https:\/\/gr-100.com\/pt-pt\/producto\/megamo-reason-air-crb-10-2026\/#breadcrumb\"},\"inLanguage\":\"pt-PT\",\"potentialAction\":[{\"@type\":\"ReadAction\",\"target\":[\"https:\/\/gr-100.com\/pt-pt\/producto\/megamo-reason-air-crb-10-2026\/\"]}]},{\"@type\":\"ImageObject\",\"inLanguage\":\"pt-PT\",\"@id\":\"https:\/\/gr-100.com\/pt-pt\/producto\/megamo-reason-air-crb-10-2026\/#primaryimage\",\"url\":\"https:\/\/gr-100.com\/wp-content\/uploads\/2025\/11\/Diseno-sin-titulo-2025-11-14T111316.842.jpg\",\"contentUrl\":\"https:\/\/gr-100.com\/wp-content\/uploads\/2025\/11\/Diseno-sin-titulo-2025-11-14T111316.842.jpg\",\"width\":1000,\"height\":1000},{\"@type\":\"BreadcrumbList\",\"@id\":\"https:\/\/gr-100.com\/pt-pt\/producto\/megamo-reason-air-crb-10-2026\/#breadcrumb\",\"itemListElement\":[{\"@type\":\"ListItem\",\"position\":1,\"name\":\"Portada\",\"item\":\"https:\/\/gr-100.com\/en\/\"},{\"@type\":\"ListItem\",\"position\":2,\"name\":\"Productos\",\"item\":\"https:\/\/gr-100.com\/?post_type=product\"},{\"@type\":\"ListItem\",\"position\":3,\"name\":\"Megamo Reason Air CRB 10 2026\"}]},{\"@type\":\"WebSite\",\"@id\":\"https:\/\/gr-100.com\/#website\",\"url\":\"https:\/\/gr-100.com\/\",\"name\":\"Gr-100 Tienda de ciclismo Specialized\",\"description\":\"GR-100 tenemos todas las gamas de bicicletas Specialized al mejor precio.\",\"publisher\":{\"@id\":\"https:\/\/gr-100.com\/#organization\"},\"alternateName\":\"Gr-100 Bikes\",\"potentialAction\":[{\"@type\":\"SearchAction\",\"target\":{\"@type\":\"EntryPoint\",\"urlTemplate\":\"https:\/\/gr-100.com\/?s={search_term_string}\"},\"query-input\":{\"@type\":\"PropertyValueSpecification\",\"valueRequired\":true,\"valueName\":\"search_term_string\"}}],\"inLanguage\":\"pt-PT\"},{\"@type\":\"Organization\",\"@id\":\"https:\/\/gr-100.com\/#organization\",\"name\":\"Gr-100\",\"url\":\"https:\/\/gr-100.com\/\",\"logo\":{\"@type\":\"ImageObject\",\"inLanguage\":\"pt-PT\",\"@id\":\"https:\/\/gr-100.com\/#\/schema\/logo\/image\/\",\"url\":\"https:\/\/gr-100.com\/wp-content\/uploads\/2023\/08\/logo-gr-100-bikes.png\",\"contentUrl\":\"https:\/\/gr-100.com\/wp-content\/uploads\/2023\/08\/logo-gr-100-bikes.png\",\"width\":707,\"height\":284,\"caption\":\"Gr-100\"},\"image\":{\"@id\":\"https:\/\/gr-100.com\/#\/schema\/logo\/image\/\"},\"sameAs\":[\"https:\/\/www.facebook.com\/Gr100Bikes\",\"https:\/\/www.instagram.com\/gr100bikes\/\",\"https:\/\/www.tiktok.com\/@gr100bikes\",\"https:\/\/twitter.com\/gr100mtbteam\",\"https:\/\/www.youtube.com\/c\/GR100Specialized\"]}]}<\/script>\n<!-- \/ Yoast SEO Premium plugin. -->","yoast_head_json":{"title":"Megamo Reason Air CRB 10 2026 GR-100","description":"Motor DJI Avinox M1 -120Nm 1000W (modo Boost) \/ 105Nm 1000W- Bateria LI-ION integrada de 800W- Quadro Reason Full Carbon, Boost, curso da roda de 140mm- Forquilha Fox 34 AWL com curso de 140mm- Amortecedor Fox Rhythm- Transmiss\u00e3o Simano XT \/ Deore 12 velocidades Combo- Trav\u00f5es de disco hidr\u00e1ulicos Shimano XT de 4 pist\u00f5es","robots":{"index":"index","follow":"follow","max-snippet":"max-snippet:-1","max-image-preview":"max-image-preview:large","max-video-preview":"max-video-preview:-1"},"canonical":"https:\/\/gr-100.com\/pt-pt\/producto\/megamo-reason-air-crb-10-2026\/","og_locale":"pt_PT","og_type":"article","og_title":"Megamo Reason Air CRB 10 2026","og_description":"Motor DJI Avinox M1 -120Nm 1000W (modo Boost) \/ 105Nm 1000W- Bateria LI-ION integrada de 800W- Quadro Reason Full Carbon, Boost, curso da roda de 140mm- Forquilha Fox 34 AWL com curso de 140mm- Amortecedor Fox Rhythm- Transmiss\u00e3o Simano XT \/ Deore 12 velocidades Combo- Trav\u00f5es de disco hidr\u00e1ulicos Shimano XT de 4 pist\u00f5es","og_url":"https:\/\/gr-100.com\/pt-pt\/producto\/megamo-reason-air-crb-10-2026\/","og_site_name":"Gr-100 Tienda de ciclismo Specialized","article_publisher":"https:\/\/www.facebook.com\/Gr100Bikes","article_modified_time":"2025-12-22T11:13:04+00:00","og_image":[{"width":1000,"height":1000,"url":"https:\/\/gr-100.com\/wp-content\/uploads\/2025\/11\/Diseno-sin-titulo-2025-11-14T111316.842.jpg","type":"image\/jpeg"}],"twitter_card":"summary_large_image","twitter_misc":{"Tempo estimado de leitura":"1 minuto"},"schema":{"@context":"https:\/\/schema.org","@graph":[{"@type":"WebPage","@id":"https:\/\/gr-100.com\/pt-pt\/producto\/megamo-reason-air-crb-10-2026\/","url":"https:\/\/gr-100.com\/pt-pt\/producto\/megamo-reason-air-crb-10-2026\/","name":"Megamo Reason Air CRB 10 2026 GR-100","isPartOf":{"@id":"https:\/\/gr-100.com\/#website"},"primaryImageOfPage":{"@id":"https:\/\/gr-100.com\/pt-pt\/producto\/megamo-reason-air-crb-10-2026\/#primaryimage"},"image":{"@id":"https:\/\/gr-100.com\/pt-pt\/producto\/megamo-reason-air-crb-10-2026\/#primaryimage"},"thumbnailUrl":"https:\/\/gr-100.com\/wp-content\/uploads\/2025\/11\/Diseno-sin-titulo-2025-11-14T111316.842.jpg","datePublished":"2025-12-22T11:13:03+00:00","dateModified":"2025-12-22T11:13:04+00:00","description":"Motor DJI Avinox M1 -120Nm 1000W (modo Boost) \/ 105Nm 1000W- Bateria LI-ION integrada de 800W- Quadro Reason Full Carbon, Boost, curso da roda de 140mm- Forquilha Fox 34 AWL com curso de 140mm- Amortecedor Fox Rhythm- Transmiss\u00e3o Simano XT \/ Deore 12 velocidades Combo- Trav\u00f5es de disco hidr\u00e1ulicos Shimano XT de 4 pist\u00f5es","breadcrumb":{"@id":"https:\/\/gr-100.com\/pt-pt\/producto\/megamo-reason-air-crb-10-2026\/#breadcrumb"},"inLanguage":"pt-PT","potentialAction":[{"@type":"ReadAction","target":["https:\/\/gr-100.com\/pt-pt\/producto\/megamo-reason-air-crb-10-2026\/"]}]},{"@type":"ImageObject","inLanguage":"pt-PT","@id":"https:\/\/gr-100.com\/pt-pt\/producto\/megamo-reason-air-crb-10-2026\/#primaryimage","url":"https:\/\/gr-100.com\/wp-content\/uploads\/2025\/11\/Diseno-sin-titulo-2025-11-14T111316.842.jpg","contentUrl":"https:\/\/gr-100.com\/wp-content\/uploads\/2025\/11\/Diseno-sin-titulo-2025-11-14T111316.842.jpg","width":1000,"height":1000},{"@type":"BreadcrumbList","@id":"https:\/\/gr-100.com\/pt-pt\/producto\/megamo-reason-air-crb-10-2026\/#breadcrumb","itemListElement":[{"@type":"ListItem","position":1,"name":"Portada","item":"https:\/\/gr-100.com\/en\/"},{"@type":"ListItem","position":2,"name":"Productos","item":"https:\/\/gr-100.com\/?post_type=product"},{"@type":"ListItem","position":3,"name":"Megamo Reason Air CRB 10 2026"}]},{"@type":"WebSite","@id":"https:\/\/gr-100.com\/#website","url":"https:\/\/gr-100.com\/","name":"Gr-100 Tienda de ciclismo Specialized","description":"GR-100 tenemos todas las gamas de bicicletas Specialized al mejor precio.","publisher":{"@id":"https:\/\/gr-100.com\/#organization"},"alternateName":"Gr-100 Bikes","potentialAction":[{"@type":"SearchAction","target":{"@type":"EntryPoint","urlTemplate":"https:\/\/gr-100.com\/?s={search_term_string}"},"query-input":{"@type":"PropertyValueSpecification","valueRequired":true,"valueName":"search_term_string"}}],"inLanguage":"pt-PT"},{"@type":"Organization","@id":"https:\/\/gr-100.com\/#organization","name":"Gr-100","url":"https:\/\/gr-100.com\/","logo":{"@type":"ImageObject","inLanguage":"pt-PT","@id":"https:\/\/gr-100.com\/#\/schema\/logo\/image\/","url":"https:\/\/gr-100.com\/wp-content\/uploads\/2023\/08\/logo-gr-100-bikes.png","contentUrl":"https:\/\/gr-100.com\/wp-content\/uploads\/2023\/08\/logo-gr-100-bikes.png","width":707,"height":284,"caption":"Gr-100"},"image":{"@id":"https:\/\/gr-100.com\/#\/schema\/logo\/image\/"},"sameAs":["https:\/\/www.facebook.com\/Gr100Bikes","https:\/\/www.instagram.com\/gr100bikes\/","https:\/\/www.tiktok.com\/@gr100bikes","https:\/\/twitter.com\/gr100mtbteam","https:\/\/www.youtube.com\/c\/GR100Specialized"]}]}},"_links":{"self":[{"href":"https:\/\/gr-100.com\/pt-pt\/wp-json\/wp\/v2\/product\/423375","targetHints":{"allow":["GET"]}}],"collection":[{"href":"https:\/\/gr-100.com\/pt-pt\/wp-json\/wp\/v2\/product"}],"about":[{"href":"https:\/\/gr-100.com\/pt-pt\/wp-json\/wp\/v2\/types\/product"}],"replies":[{"embeddable":true,"href":"https:\/\/gr-100.com\/pt-pt\/wp-json\/wp\/v2\/comments?post=423375"}],"wp:featuredmedia":[{"embeddable":true,"href":"https:\/\/gr-100.com\/pt-pt\/wp-json\/wp\/v2\/media\/421108"}],"wp:attachment":[{"href":"https:\/\/gr-100.com\/pt-pt\/wp-json\/wp\/v2\/media?parent=423375"}],"wp:term":[{"taxonomy":"product_brand","embeddable":true,"href":"https:\/\/gr-100.com\/pt-pt\/wp-json\/wp\/v2\/product_brand?post=423375"},{"taxonomy":"product_cat","embeddable":true,"href":"https:\/\/gr-100.com\/pt-pt\/wp-json\/wp\/v2\/product_cat?post=423375"},{"taxonomy":"product_tag","embeddable":true,"href":"https:\/\/gr-100.com\/pt-pt\/wp-json\/wp\/v2\/product_tag?post=423375"}],"curies":[{"name":"wp","href":"https:\/\/api.w.org\/{rel}","templated":true}]}}