{"id":423575,"date":"2025-12-23T13:33:29","date_gmt":"2025-12-23T12:33:29","guid":{"rendered":"https:\/\/gr-100.com\/?post_type=product&#038;p=423575"},"modified":"2026-01-02T13:16:25","modified_gmt":"2026-01-02T11:16:25","slug":"specialized-aethos-2-pro-shimano-ultegra-di2-2026","status":"publish","type":"product","link":"https:\/\/gr-100.com\/pt-pt\/producto\/specialized-aethos-2-pro-shimano-ultegra-di2-2026\/","title":{"rendered":"Specialized Aethos 2 Pro Shimano Ultegra Di2 2026"},"content":{"rendered":"<ul>\n<li>Especifica\u00e7\u00f5es t\u00e9cnicas<\/li>\n<li>Quadro<br \/>\nQuadro<br \/>\nAethos 2 FACT 10r Carbono, Rider First Engineered\u2122, BB roscado, passagem de cabos oculta, eixo passante 12x142mm, disco de montagem plana<\/li>\n<li>Suspens\u00e3o<br \/>\nForquilha<br \/>\nAethos 2 FACT 10r Carbono, eixo passante 12x100mm, disco de montagem plana<\/li>\n<li>Trav\u00f5es<br \/>\nTrav\u00e3o dianteiro<br \/>\nShimano Ultegra BR-R8170, disco hidr\u00e1ulico<br \/>\nTrav\u00e3o traseiro<br \/>\nShimano Ultegra BR-R8170, disco hidr\u00e1ulico<\/li>\n<li>Drivetrain<br \/>\nSuporte inferior<br \/>\nShimano Threaded BSA BB<br \/>\nDesviador traseiro<br \/>\nShimano Ultegra Di2 R8150, 12 velocidades<br \/>\nDesviador dianteiro<br \/>\nShimano Ultegra Di2 R8150, braze-on<br \/>\nShimano Ultegra Di2 R8170 shifters<br \/>\nShimano Ultegra Di2 R8170, disco hidr\u00e1ulico<br \/>\nPedaleira<br \/>\nShimano Ultegra R8100 com medidor de pot\u00eancia unilateral 4iiii Precision 3+, 52\/36t<br \/>\nCassete<br \/>\nShimano Ultegra, 12 velocidades, 11-30t<br \/>\nCorrente<br \/>\nShimano XT M8100, 12 velocidades c\/ engate r\u00e1pido<\/li>\n<li>Rodas e pneus<br \/>\nTubos<br \/>\n700&#215;25-35, V\u00e1lvula Presta de 50mm, TPU<br \/>\nPneu dianteiro<br \/>\nPneu de corrida S-Works Turbo TLR, 700x28c<br \/>\nPneu traseiro<br \/>\nPneu de corrida S-Works Turbo TLR, 700x28c<br \/>\nRoda dianteira<br \/>\nRoval Alpinist CL II, aro de carbono com 21mm de largura interna, 33mm de profundidade, Win Tunnel Engineered, DT para cubo Roval 350, raios Dt Swiss Aerolite, Tubeless Ready<br \/>\nRoda traseira<br \/>\nRoval Alpinist CL II, aro de carbono com 21 mm de largura interna, 33 mm de profundidade, Win Tunnel Engineered, DT para cubo Roval 350, raios Dt Swiss Aerolite, Tubeless Ready<\/li>\n<li>Cockpit<br \/>\nGuiador<br \/>\nRoval Alpinist Cockpit II, Bar\/Steam integrado<br \/>\nSelim<br \/>\nEspelho Power Pro, carris de Ti ocos<br \/>\nEspig\u00e3o de selim<br \/>\nEspig\u00e3o de selim Roval Alpinist Carbono<br \/>\nBra\u00e7adeira de selim<br \/>\nSpecialized Alloy, 30mm<br \/>\nFita de guiador<br \/>\nSupacaz Super Sticky Kush<\/li>\n<li>Detalhes do produto<br \/>\nIdentificador do produto<br \/>\n279155<\/li>\n<li>Peso<br \/>\nTamanho<br \/>\n56<br \/>\nPeso<br \/>\n6,73 kg (14 lb, 13,4 oz), sem c\u00e2mara de ar<\/li>\n<\/ul>\n","protected":false},"excerpt":{"rendered":"<p>A Aethos \u00e9 reactiva, flex\u00edvel e, em \u00faltima an\u00e1lise, sublime. Agora, com uma dist\u00e2ncia entre eixos maior, componentes melhorados e uma geometria baseada em dados que melhora o ajuste, a Aethos 2 quebra as regras por amor \u00e0 estrada. <\/p>\n","protected":false},"featured_media":423545,"comment_status":"open","ping_status":"closed","template":"","meta":{"_acf_changed":false,"_et_pb_use_builder":"","_et_pb_old_content":"","_et_gb_content_width":"","inline_featured_image":false},"product_brand":[],"product_cat":[378,5314,5313],"product_tag":[],"class_list":{"0":"post-423575","1":"product","2":"type-product","3":"status-publish","4":"has-post-thumbnail","6":"product_cat-estrada","7":"product_cat-bicicletas-carretera-carbono-pt-pt","8":"product_cat-bicicletas-carretera-specialized-pt-pt","10":"first","11":"instock","12":"taxable","13":"shipping-taxable","14":"purchasable","15":"product-type-variable","16":"wvs-archive-product-wrapper"},"acf":[],"yoast_head":"<!-- This site is optimized with the Yoast SEO Premium plugin v26.7 (Yoast SEO v26.7) - https:\/\/yoast.com\/wordpress\/plugins\/seo\/ -->\n<title>Specialized Aethos 2 Pro Shimano Ultegra Di2 2026 GR-100<\/title>\n<meta name=\"description\" content=\"A Aethos \u00e9 reactiva, flex\u00edvel e, em \u00faltima an\u00e1lise, sublime. Agora com uma dist\u00e2ncia entre eixos maior, componentes melhorados e geometria baseada em dados que melhora o ajuste, a Aethos 2 quebra as regras por amor \u00e0 estrada.\" \/>\n<meta name=\"robots\" content=\"index, follow, max-snippet:-1, max-image-preview:large, max-video-preview:-1\" \/>\n<link rel=\"canonical\" href=\"https:\/\/gr-100.com\/pt-pt\/producto\/specialized-aethos-2-pro-shimano-ultegra-di2-2026\/\" \/>\n<meta property=\"og:locale\" content=\"pt_PT\" \/>\n<meta property=\"og:type\" content=\"article\" \/>\n<meta property=\"og:title\" content=\"Specialized Aethos 2 Pro Shimano Ultegra Di2 2026\" \/>\n<meta property=\"og:description\" content=\"A Aethos \u00e9 reactiva, flex\u00edvel e, em \u00faltima an\u00e1lise, sublime. Agora com uma dist\u00e2ncia entre eixos maior, componentes melhorados e geometria baseada em dados que melhora o ajuste, a Aethos 2 quebra as regras por amor \u00e0 estrada.\" \/>\n<meta property=\"og:url\" content=\"https:\/\/gr-100.com\/pt-pt\/producto\/specialized-aethos-2-pro-shimano-ultegra-di2-2026\/\" \/>\n<meta property=\"og:site_name\" content=\"Gr-100 Tienda de ciclismo Specialized\" \/>\n<meta property=\"article:publisher\" content=\"https:\/\/www.facebook.com\/Gr100Bikes\" \/>\n<meta property=\"article:modified_time\" content=\"2026-01-02T11:16:25+00:00\" \/>\n<meta property=\"og:image\" content=\"https:\/\/gr-100.com\/wp-content\/uploads\/2025\/12\/Diseno-sin-titulo-2025-12-23T115452.386.jpg\" \/>\n\t<meta property=\"og:image:width\" content=\"1000\" \/>\n\t<meta property=\"og:image:height\" content=\"1000\" \/>\n\t<meta property=\"og:image:type\" content=\"image\/jpeg\" \/>\n<meta name=\"twitter:card\" content=\"summary_large_image\" \/>\n<meta name=\"twitter:label1\" content=\"Tempo estimado de leitura\" \/>\n\t<meta name=\"twitter:data1\" content=\"1 minuto\" \/>\n<script type=\"application\/ld+json\" class=\"yoast-schema-graph\">{\"@context\":\"https:\/\/schema.org\",\"@graph\":[{\"@type\":\"WebPage\",\"@id\":\"https:\/\/gr-100.com\/pt-pt\/producto\/specialized-aethos-2-pro-shimano-ultegra-di2-2026\/\",\"url\":\"https:\/\/gr-100.com\/pt-pt\/producto\/specialized-aethos-2-pro-shimano-ultegra-di2-2026\/\",\"name\":\"Specialized Aethos 2 Pro Shimano Ultegra Di2 2026 GR-100\",\"isPartOf\":{\"@id\":\"https:\/\/gr-100.com\/#website\"},\"primaryImageOfPage\":{\"@id\":\"https:\/\/gr-100.com\/pt-pt\/producto\/specialized-aethos-2-pro-shimano-ultegra-di2-2026\/#primaryimage\"},\"image\":{\"@id\":\"https:\/\/gr-100.com\/pt-pt\/producto\/specialized-aethos-2-pro-shimano-ultegra-di2-2026\/#primaryimage\"},\"thumbnailUrl\":\"https:\/\/gr-100.com\/wp-content\/uploads\/2025\/12\/Diseno-sin-titulo-2025-12-23T115452.386.jpg\",\"datePublished\":\"2025-12-23T12:33:29+00:00\",\"dateModified\":\"2026-01-02T11:16:25+00:00\",\"description\":\"A Aethos \u00e9 reactiva, flex\u00edvel e, em \u00faltima an\u00e1lise, sublime. Agora com uma dist\u00e2ncia entre eixos maior, componentes melhorados e geometria baseada em dados que melhora o ajuste, a Aethos 2 quebra as regras por amor \u00e0 estrada.\",\"breadcrumb\":{\"@id\":\"https:\/\/gr-100.com\/pt-pt\/producto\/specialized-aethos-2-pro-shimano-ultegra-di2-2026\/#breadcrumb\"},\"inLanguage\":\"pt-PT\",\"potentialAction\":[{\"@type\":\"ReadAction\",\"target\":[\"https:\/\/gr-100.com\/pt-pt\/producto\/specialized-aethos-2-pro-shimano-ultegra-di2-2026\/\"]}]},{\"@type\":\"ImageObject\",\"inLanguage\":\"pt-PT\",\"@id\":\"https:\/\/gr-100.com\/pt-pt\/producto\/specialized-aethos-2-pro-shimano-ultegra-di2-2026\/#primaryimage\",\"url\":\"https:\/\/gr-100.com\/wp-content\/uploads\/2025\/12\/Diseno-sin-titulo-2025-12-23T115452.386.jpg\",\"contentUrl\":\"https:\/\/gr-100.com\/wp-content\/uploads\/2025\/12\/Diseno-sin-titulo-2025-12-23T115452.386.jpg\",\"width\":1000,\"height\":1000},{\"@type\":\"BreadcrumbList\",\"@id\":\"https:\/\/gr-100.com\/pt-pt\/producto\/specialized-aethos-2-pro-shimano-ultegra-di2-2026\/#breadcrumb\",\"itemListElement\":[{\"@type\":\"ListItem\",\"position\":1,\"name\":\"Portada\",\"item\":\"https:\/\/gr-100.com\/en\/\"},{\"@type\":\"ListItem\",\"position\":2,\"name\":\"Productos\",\"item\":\"https:\/\/gr-100.com\/?post_type=product\"},{\"@type\":\"ListItem\",\"position\":3,\"name\":\"Specialized Aethos 2 Pro Shimano Ultegra Di2 2026\"}]},{\"@type\":\"WebSite\",\"@id\":\"https:\/\/gr-100.com\/#website\",\"url\":\"https:\/\/gr-100.com\/\",\"name\":\"Gr-100 Tienda de ciclismo Specialized\",\"description\":\"GR-100 tenemos todas las gamas de bicicletas Specialized al mejor precio.\",\"publisher\":{\"@id\":\"https:\/\/gr-100.com\/#organization\"},\"alternateName\":\"Gr-100 Bikes\",\"potentialAction\":[{\"@type\":\"SearchAction\",\"target\":{\"@type\":\"EntryPoint\",\"urlTemplate\":\"https:\/\/gr-100.com\/?s={search_term_string}\"},\"query-input\":{\"@type\":\"PropertyValueSpecification\",\"valueRequired\":true,\"valueName\":\"search_term_string\"}}],\"inLanguage\":\"pt-PT\"},{\"@type\":\"Organization\",\"@id\":\"https:\/\/gr-100.com\/#organization\",\"name\":\"Gr-100\",\"url\":\"https:\/\/gr-100.com\/\",\"logo\":{\"@type\":\"ImageObject\",\"inLanguage\":\"pt-PT\",\"@id\":\"https:\/\/gr-100.com\/#\/schema\/logo\/image\/\",\"url\":\"https:\/\/gr-100.com\/wp-content\/uploads\/2023\/08\/logo-gr-100-bikes.png\",\"contentUrl\":\"https:\/\/gr-100.com\/wp-content\/uploads\/2023\/08\/logo-gr-100-bikes.png\",\"width\":707,\"height\":284,\"caption\":\"Gr-100\"},\"image\":{\"@id\":\"https:\/\/gr-100.com\/#\/schema\/logo\/image\/\"},\"sameAs\":[\"https:\/\/www.facebook.com\/Gr100Bikes\",\"https:\/\/www.instagram.com\/gr100bikes\/\",\"https:\/\/www.tiktok.com\/@gr100bikes\",\"https:\/\/twitter.com\/gr100mtbteam\",\"https:\/\/www.youtube.com\/c\/GR100Specialized\"]}]}<\/script>\n<!-- \/ Yoast SEO Premium plugin. -->","yoast_head_json":{"title":"Specialized Aethos 2 Pro Shimano Ultegra Di2 2026 GR-100","description":"A Aethos \u00e9 reactiva, flex\u00edvel e, em \u00faltima an\u00e1lise, sublime. Agora com uma dist\u00e2ncia entre eixos maior, componentes melhorados e geometria baseada em dados que melhora o ajuste, a Aethos 2 quebra as regras por amor \u00e0 estrada.","robots":{"index":"index","follow":"follow","max-snippet":"max-snippet:-1","max-image-preview":"max-image-preview:large","max-video-preview":"max-video-preview:-1"},"canonical":"https:\/\/gr-100.com\/pt-pt\/producto\/specialized-aethos-2-pro-shimano-ultegra-di2-2026\/","og_locale":"pt_PT","og_type":"article","og_title":"Specialized Aethos 2 Pro Shimano Ultegra Di2 2026","og_description":"A Aethos \u00e9 reactiva, flex\u00edvel e, em \u00faltima an\u00e1lise, sublime. Agora com uma dist\u00e2ncia entre eixos maior, componentes melhorados e geometria baseada em dados que melhora o ajuste, a Aethos 2 quebra as regras por amor \u00e0 estrada.","og_url":"https:\/\/gr-100.com\/pt-pt\/producto\/specialized-aethos-2-pro-shimano-ultegra-di2-2026\/","og_site_name":"Gr-100 Tienda de ciclismo Specialized","article_publisher":"https:\/\/www.facebook.com\/Gr100Bikes","article_modified_time":"2026-01-02T11:16:25+00:00","og_image":[{"width":1000,"height":1000,"url":"https:\/\/gr-100.com\/wp-content\/uploads\/2025\/12\/Diseno-sin-titulo-2025-12-23T115452.386.jpg","type":"image\/jpeg"}],"twitter_card":"summary_large_image","twitter_misc":{"Tempo estimado de leitura":"1 minuto"},"schema":{"@context":"https:\/\/schema.org","@graph":[{"@type":"WebPage","@id":"https:\/\/gr-100.com\/pt-pt\/producto\/specialized-aethos-2-pro-shimano-ultegra-di2-2026\/","url":"https:\/\/gr-100.com\/pt-pt\/producto\/specialized-aethos-2-pro-shimano-ultegra-di2-2026\/","name":"Specialized Aethos 2 Pro Shimano Ultegra Di2 2026 GR-100","isPartOf":{"@id":"https:\/\/gr-100.com\/#website"},"primaryImageOfPage":{"@id":"https:\/\/gr-100.com\/pt-pt\/producto\/specialized-aethos-2-pro-shimano-ultegra-di2-2026\/#primaryimage"},"image":{"@id":"https:\/\/gr-100.com\/pt-pt\/producto\/specialized-aethos-2-pro-shimano-ultegra-di2-2026\/#primaryimage"},"thumbnailUrl":"https:\/\/gr-100.com\/wp-content\/uploads\/2025\/12\/Diseno-sin-titulo-2025-12-23T115452.386.jpg","datePublished":"2025-12-23T12:33:29+00:00","dateModified":"2026-01-02T11:16:25+00:00","description":"A Aethos \u00e9 reactiva, flex\u00edvel e, em \u00faltima an\u00e1lise, sublime. Agora com uma dist\u00e2ncia entre eixos maior, componentes melhorados e geometria baseada em dados que melhora o ajuste, a Aethos 2 quebra as regras por amor \u00e0 estrada.","breadcrumb":{"@id":"https:\/\/gr-100.com\/pt-pt\/producto\/specialized-aethos-2-pro-shimano-ultegra-di2-2026\/#breadcrumb"},"inLanguage":"pt-PT","potentialAction":[{"@type":"ReadAction","target":["https:\/\/gr-100.com\/pt-pt\/producto\/specialized-aethos-2-pro-shimano-ultegra-di2-2026\/"]}]},{"@type":"ImageObject","inLanguage":"pt-PT","@id":"https:\/\/gr-100.com\/pt-pt\/producto\/specialized-aethos-2-pro-shimano-ultegra-di2-2026\/#primaryimage","url":"https:\/\/gr-100.com\/wp-content\/uploads\/2025\/12\/Diseno-sin-titulo-2025-12-23T115452.386.jpg","contentUrl":"https:\/\/gr-100.com\/wp-content\/uploads\/2025\/12\/Diseno-sin-titulo-2025-12-23T115452.386.jpg","width":1000,"height":1000},{"@type":"BreadcrumbList","@id":"https:\/\/gr-100.com\/pt-pt\/producto\/specialized-aethos-2-pro-shimano-ultegra-di2-2026\/#breadcrumb","itemListElement":[{"@type":"ListItem","position":1,"name":"Portada","item":"https:\/\/gr-100.com\/en\/"},{"@type":"ListItem","position":2,"name":"Productos","item":"https:\/\/gr-100.com\/?post_type=product"},{"@type":"ListItem","position":3,"name":"Specialized Aethos 2 Pro Shimano Ultegra Di2 2026"}]},{"@type":"WebSite","@id":"https:\/\/gr-100.com\/#website","url":"https:\/\/gr-100.com\/","name":"Gr-100 Tienda de ciclismo Specialized","description":"GR-100 tenemos todas las gamas de bicicletas Specialized al mejor precio.","publisher":{"@id":"https:\/\/gr-100.com\/#organization"},"alternateName":"Gr-100 Bikes","potentialAction":[{"@type":"SearchAction","target":{"@type":"EntryPoint","urlTemplate":"https:\/\/gr-100.com\/?s={search_term_string}"},"query-input":{"@type":"PropertyValueSpecification","valueRequired":true,"valueName":"search_term_string"}}],"inLanguage":"pt-PT"},{"@type":"Organization","@id":"https:\/\/gr-100.com\/#organization","name":"Gr-100","url":"https:\/\/gr-100.com\/","logo":{"@type":"ImageObject","inLanguage":"pt-PT","@id":"https:\/\/gr-100.com\/#\/schema\/logo\/image\/","url":"https:\/\/gr-100.com\/wp-content\/uploads\/2023\/08\/logo-gr-100-bikes.png","contentUrl":"https:\/\/gr-100.com\/wp-content\/uploads\/2023\/08\/logo-gr-100-bikes.png","width":707,"height":284,"caption":"Gr-100"},"image":{"@id":"https:\/\/gr-100.com\/#\/schema\/logo\/image\/"},"sameAs":["https:\/\/www.facebook.com\/Gr100Bikes","https:\/\/www.instagram.com\/gr100bikes\/","https:\/\/www.tiktok.com\/@gr100bikes","https:\/\/twitter.com\/gr100mtbteam","https:\/\/www.youtube.com\/c\/GR100Specialized"]}]}},"_links":{"self":[{"href":"https:\/\/gr-100.com\/pt-pt\/wp-json\/wp\/v2\/product\/423575","targetHints":{"allow":["GET"]}}],"collection":[{"href":"https:\/\/gr-100.com\/pt-pt\/wp-json\/wp\/v2\/product"}],"about":[{"href":"https:\/\/gr-100.com\/pt-pt\/wp-json\/wp\/v2\/types\/product"}],"replies":[{"embeddable":true,"href":"https:\/\/gr-100.com\/pt-pt\/wp-json\/wp\/v2\/comments?post=423575"}],"wp:featuredmedia":[{"embeddable":true,"href":"https:\/\/gr-100.com\/pt-pt\/wp-json\/wp\/v2\/media\/423545"}],"wp:attachment":[{"href":"https:\/\/gr-100.com\/pt-pt\/wp-json\/wp\/v2\/media?parent=423575"}],"wp:term":[{"taxonomy":"product_brand","embeddable":true,"href":"https:\/\/gr-100.com\/pt-pt\/wp-json\/wp\/v2\/product_brand?post=423575"},{"taxonomy":"product_cat","embeddable":true,"href":"https:\/\/gr-100.com\/pt-pt\/wp-json\/wp\/v2\/product_cat?post=423575"},{"taxonomy":"product_tag","embeddable":true,"href":"https:\/\/gr-100.com\/pt-pt\/wp-json\/wp\/v2\/product_tag?post=423575"}],"curies":[{"name":"wp","href":"https:\/\/api.w.org\/{rel}","templated":true}]}}